{"id":73828,"date":"2023-09-22T13:59:36","date_gmt":"2023-09-22T14:10:22","guid":{"rendered":"https:\/\/grontkontor.dk\/produkt\/eco-friendly-mobile-speaker-bamboo\/"},"modified":"2023-09-22T16:10:31","modified_gmt":"2023-09-22T14:10:31","slug":"eco-friendly-mobile-speaker-bamboo","status":"publish","type":"product","link":"https:\/\/grontkontor.dk\/en\/shop\/eco-friendly-mobile-speaker-bamboo\/","title":{"rendered":"Eco-friendly mobile speaker bamboo"},"content":{"rendered":"<div class=\"flex flex-grow flex-col gap-3\">\n<div class=\"min-h-[20px] flex flex-col items-start gap-4 whitespace-pre-wrap break-words\">\n<div class=\"markdown prose w-full break-words dark:prose-invert light\">\n<p>Environmentally friendly and practical mobile speaker made of bamboo that amplifies the sound directly from the phone. A simple and well-designed mobile holder, suitable for employee or corporate gifts.<\/p>\n<p>The mobile holder comes in an individual cardboard box.<\/p>\n<\/div>\n<\/div>\n<\/div>\nBamboo is an extremely sustainable material, and one of the fastest growing plants in the world, which means rapid regeneration when harvested. Bamboo is grown without pesticides or artificial fertilizers and, like other natural products, functions as a CO2 depot throughout the products lifetime. \n","protected":false},"excerpt":{"rendered":"<p>Environmentally friendly and practical mobile speaker made of bamboo that amplifies the sound directly from the phone. A simple and well-designed mobile holder, suitable for employee or corporate gifts. The mobile holder comes in an individual cardboard box.<\/p>\n","protected":false},"featured_media":42240,"comment_status":"closed","ping_status":"closed","template":"","meta":{"_acf_changed":false},"product_cat":[2174,1262,2106,2070,1307,2390,1853,2645],"product_tag":[2928,3045],"class_list":{"0":"post-73828","1":"product","2":"type-product","3":"status-publish","4":"has-post-thumbnail","6":"product_cat-bamboo-products","7":"product_cat-sustainable-presents","8":"product_cat-dummy-moq-1-en","9":"product_cat-electronics-and-gadgets","10":"product_cat-diverse-desktop-utensils","11":"product_cat-news","12":"product_cat-product-series","13":"product_cat-urniture-and-inventory","14":"product_tag-loudspeaker","15":"product_tag-mobile-phone-holder","16":"tm-has-options","18":"first","19":"instock","20":"sale","21":"taxable","22":"shipping-taxable","23":"purchasable","24":"product-type-simple"},"acf":[],"yoast_head":"<!-- This site is optimized with the Yoast SEO Premium plugin v21.2 (Yoast SEO v21.2) - https:\/\/yoast.com\/wordpress\/plugins\/seo\/ -->\n<title>Eco-friendly mobile speaker bamboo - Gr\u00f8nt Kontor<\/title>\n<meta name=\"robots\" content=\"index, follow, max-snippet:-1, max-image-preview:large, max-video-preview:-1\" \/>\n<link rel=\"canonical\" href=\"https:\/\/grontkontor.dk\/en\/shop\/eco-friendly-mobile-speaker-bamboo\/\" \/>\n<meta property=\"og:locale\" content=\"en_US\" \/>\n<meta property=\"og:type\" content=\"article\" \/>\n<meta property=\"og:title\" content=\"Eco-friendly mobile speaker bamboo\" \/>\n<meta property=\"og:description\" content=\"Environmentally friendly and practical mobile speaker made of bamboo that amplifies the sound directly from the phone. A simple and well-designed mobile holder, suitable for employee or corporate gifts. The mobile holder comes in an individual cardboard box.\" \/>\n<meta property=\"og:url\" content=\"https:\/\/grontkontor.dk\/en\/shop\/eco-friendly-mobile-speaker-bamboo\/\" \/>\n<meta property=\"og:site_name\" content=\"Gr\u00f8nt Kontor\" \/>\n<meta property=\"article:publisher\" content=\"https:\/\/www.facebook.com\/grontkontor.dk\/\" \/>\n<meta property=\"article:modified_time\" content=\"2023-09-22T14:10:31+00:00\" \/>\n<meta property=\"og:image\" content=\"https:\/\/grontkontor.dk\/wp-content\/uploads\/2023\/03\/Klimavenlig-mobil-hoejtaler-i-bambus.jpg\" \/>\n\t<meta property=\"og:image:width\" content=\"900\" \/>\n\t<meta property=\"og:image:height\" content=\"639\" \/>\n\t<meta property=\"og:image:type\" content=\"image\/jpeg\" \/>\n<meta name=\"twitter:card\" content=\"summary_large_image\" \/>\n<script type=\"application\/ld+json\" class=\"yoast-schema-graph\">{\"@context\":\"https:\/\/schema.org\",\"@graph\":[{\"@type\":\"WebPage\",\"@id\":\"https:\/\/grontkontor.dk\/en\/shop\/eco-friendly-mobile-speaker-bamboo\/\",\"url\":\"https:\/\/grontkontor.dk\/en\/shop\/eco-friendly-mobile-speaker-bamboo\/\",\"name\":\"Eco-friendly mobile speaker bamboo - Gr\u00f8nt Kontor\",\"isPartOf\":{\"@id\":\"https:\/\/grontkontor.dk\/#website\"},\"datePublished\":\"2023-09-22T14:10:22+00:00\",\"dateModified\":\"2023-09-22T14:10:31+00:00\",\"breadcrumb\":{\"@id\":\"https:\/\/grontkontor.dk\/en\/shop\/eco-friendly-mobile-speaker-bamboo\/#breadcrumb\"},\"inLanguage\":\"en-US\",\"potentialAction\":[{\"@type\":\"ReadAction\",\"target\":[\"https:\/\/grontkontor.dk\/en\/shop\/eco-friendly-mobile-speaker-bamboo\/\"]}]},{\"@type\":\"BreadcrumbList\",\"@id\":\"https:\/\/grontkontor.dk\/en\/shop\/eco-friendly-mobile-speaker-bamboo\/#breadcrumb\",\"itemListElement\":[{\"@type\":\"ListItem\",\"position\":1,\"name\":\"Forside\",\"item\":\"https:\/\/grontkontor.dk\/\"},{\"@type\":\"ListItem\",\"position\":2,\"name\":\"Shop\",\"item\":\"https:\/\/grontkontor.dk\/en\/shop-2\/\"},{\"@type\":\"ListItem\",\"position\":3,\"name\":\"Skrivebordsudstyr\",\"item\":\"https:\/\/grontkontor.dk\/produkt-kategori\/skrivebordsudstyr\/\"},{\"@type\":\"ListItem\",\"position\":4,\"name\":\"Diverse til skrivebordet\",\"item\":\"https:\/\/grontkontor.dk\/produkt-kategori\/skrivebordsudstyr\/diverse-til-skrivebordet\/\"},{\"@type\":\"ListItem\",\"position\":5,\"name\":\"Eco-friendly mobile speaker bamboo\"}]},{\"@type\":\"WebSite\",\"@id\":\"https:\/\/grontkontor.dk\/#website\",\"url\":\"https:\/\/grontkontor.dk\/\",\"name\":\"Gr\u00f8nt Kontor\",\"description\":\"Milj\u00f8venlige produkter til kontor og erhverv med fokus p\u00e5 b\u00e6redygtighed, design og fair trade.\",\"publisher\":{\"@id\":\"https:\/\/grontkontor.dk\/#organization\"},\"potentialAction\":[{\"@type\":\"SearchAction\",\"target\":{\"@type\":\"EntryPoint\",\"urlTemplate\":\"https:\/\/grontkontor.dk\/?s={search_term_string}\"},\"query-input\":\"required name=search_term_string\"}],\"inLanguage\":\"en-US\"},{\"@type\":\"Organization\",\"@id\":\"https:\/\/grontkontor.dk\/#organization\",\"name\":\"Gr\u00f8nt Kontor\",\"url\":\"https:\/\/grontkontor.dk\/\",\"logo\":{\"@type\":\"ImageObject\",\"inLanguage\":\"en-US\",\"@id\":\"https:\/\/grontkontor.dk\/#\/schema\/logo\/image\/\",\"url\":\"https:\/\/grontkontor.dk\/wp-content\/uploads\/2014\/02\/Logo_groent_kontor_300x80.png\",\"contentUrl\":\"https:\/\/grontkontor.dk\/wp-content\/uploads\/2014\/02\/Logo_groent_kontor_300x80.png\",\"width\":300,\"height\":80,\"caption\":\"Gr\u00f8nt Kontor\"},\"image\":{\"@id\":\"https:\/\/grontkontor.dk\/#\/schema\/logo\/image\/\"},\"sameAs\":[\"https:\/\/www.facebook.com\/grontkontor.dk\/\"]}]}<\/script>\n<!-- \/ Yoast SEO Premium plugin. -->","yoast_head_json":{"title":"Eco-friendly mobile speaker bamboo - Gr\u00f8nt Kontor","robots":{"index":"index","follow":"follow","max-snippet":"max-snippet:-1","max-image-preview":"max-image-preview:large","max-video-preview":"max-video-preview:-1"},"canonical":"https:\/\/grontkontor.dk\/en\/shop\/eco-friendly-mobile-speaker-bamboo\/","og_locale":"en_US","og_type":"article","og_title":"Eco-friendly mobile speaker bamboo","og_description":"Environmentally friendly and practical mobile speaker made of bamboo that amplifies the sound directly from the phone. A simple and well-designed mobile holder, suitable for employee or corporate gifts. The mobile holder comes in an individual cardboard box.","og_url":"https:\/\/grontkontor.dk\/en\/shop\/eco-friendly-mobile-speaker-bamboo\/","og_site_name":"Gr\u00f8nt Kontor","article_publisher":"https:\/\/www.facebook.com\/grontkontor.dk\/","article_modified_time":"2023-09-22T14:10:31+00:00","og_image":[{"width":900,"height":639,"url":"https:\/\/grontkontor.dk\/wp-content\/uploads\/2023\/03\/Klimavenlig-mobil-hoejtaler-i-bambus.jpg","type":"image\/jpeg"}],"twitter_card":"summary_large_image","schema":{"@context":"https:\/\/schema.org","@graph":[{"@type":"WebPage","@id":"https:\/\/grontkontor.dk\/en\/shop\/eco-friendly-mobile-speaker-bamboo\/","url":"https:\/\/grontkontor.dk\/en\/shop\/eco-friendly-mobile-speaker-bamboo\/","name":"Eco-friendly mobile speaker bamboo - Gr\u00f8nt Kontor","isPartOf":{"@id":"https:\/\/grontkontor.dk\/#website"},"datePublished":"2023-09-22T14:10:22+00:00","dateModified":"2023-09-22T14:10:31+00:00","breadcrumb":{"@id":"https:\/\/grontkontor.dk\/en\/shop\/eco-friendly-mobile-speaker-bamboo\/#breadcrumb"},"inLanguage":"en-US","potentialAction":[{"@type":"ReadAction","target":["https:\/\/grontkontor.dk\/en\/shop\/eco-friendly-mobile-speaker-bamboo\/"]}]},{"@type":"BreadcrumbList","@id":"https:\/\/grontkontor.dk\/en\/shop\/eco-friendly-mobile-speaker-bamboo\/#breadcrumb","itemListElement":[{"@type":"ListItem","position":1,"name":"Forside","item":"https:\/\/grontkontor.dk\/"},{"@type":"ListItem","position":2,"name":"Shop","item":"https:\/\/grontkontor.dk\/en\/shop-2\/"},{"@type":"ListItem","position":3,"name":"Skrivebordsudstyr","item":"https:\/\/grontkontor.dk\/produkt-kategori\/skrivebordsudstyr\/"},{"@type":"ListItem","position":4,"name":"Diverse til skrivebordet","item":"https:\/\/grontkontor.dk\/produkt-kategori\/skrivebordsudstyr\/diverse-til-skrivebordet\/"},{"@type":"ListItem","position":5,"name":"Eco-friendly mobile speaker bamboo"}]},{"@type":"WebSite","@id":"https:\/\/grontkontor.dk\/#website","url":"https:\/\/grontkontor.dk\/","name":"Gr\u00f8nt Kontor","description":"Milj\u00f8venlige produkter til kontor og erhverv med fokus p\u00e5 b\u00e6redygtighed, design og fair trade.","publisher":{"@id":"https:\/\/grontkontor.dk\/#organization"},"potentialAction":[{"@type":"SearchAction","target":{"@type":"EntryPoint","urlTemplate":"https:\/\/grontkontor.dk\/?s={search_term_string}"},"query-input":"required name=search_term_string"}],"inLanguage":"en-US"},{"@type":"Organization","@id":"https:\/\/grontkontor.dk\/#organization","name":"Gr\u00f8nt Kontor","url":"https:\/\/grontkontor.dk\/","logo":{"@type":"ImageObject","inLanguage":"en-US","@id":"https:\/\/grontkontor.dk\/#\/schema\/logo\/image\/","url":"https:\/\/grontkontor.dk\/wp-content\/uploads\/2014\/02\/Logo_groent_kontor_300x80.png","contentUrl":"https:\/\/grontkontor.dk\/wp-content\/uploads\/2014\/02\/Logo_groent_kontor_300x80.png","width":300,"height":80,"caption":"Gr\u00f8nt Kontor"},"image":{"@id":"https:\/\/grontkontor.dk\/#\/schema\/logo\/image\/"},"sameAs":["https:\/\/www.facebook.com\/grontkontor.dk\/"]}]}},"_links":{"self":[{"href":"https:\/\/grontkontor.dk\/en\/wp-json\/wp\/v2\/product\/73828"}],"collection":[{"href":"https:\/\/grontkontor.dk\/en\/wp-json\/wp\/v2\/product"}],"about":[{"href":"https:\/\/grontkontor.dk\/en\/wp-json\/wp\/v2\/types\/product"}],"replies":[{"embeddable":true,"href":"https:\/\/grontkontor.dk\/en\/wp-json\/wp\/v2\/comments?post=73828"}],"wp:featuredmedia":[{"embeddable":true,"href":"https:\/\/grontkontor.dk\/en\/wp-json\/wp\/v2\/media\/42240"}],"wp:attachment":[{"href":"https:\/\/grontkontor.dk\/en\/wp-json\/wp\/v2\/media?parent=73828"}],"wp:term":[{"taxonomy":"product_cat","embeddable":true,"href":"https:\/\/grontkontor.dk\/en\/wp-json\/wp\/v2\/product_cat?post=73828"},{"taxonomy":"product_tag","embeddable":true,"href":"https:\/\/grontkontor.dk\/en\/wp-json\/wp\/v2\/product_tag?post=73828"}],"curies":[{"name":"wp","href":"https:\/\/api.w.org\/{rel}","templated":true}]}}