{"id":73838,"date":"2023-09-22T14:00:03","date_gmt":"2023-09-22T14:10:22","guid":{"rendered":"https:\/\/grontkontor.dk\/produkt\/bioplastic-bowls\/"},"modified":"2024-02-22T15:21:35","modified_gmt":"2024-02-22T14:21:35","slug":"bioplastic-bowls","status":"publish","type":"product","link":"https:\/\/grontkontor.dk\/en\/shop\/bioplastic-bowls\/","title":{"rendered":"Bowl in bioplastic w\/wo print"},"content":{"rendered":"<p>Climate-friendly, shatter-free and recyclable bowls made from sugarcane-based bioplastic. With more than 80% reduced CO2 footprint compared to similar products in conventional plastics.<\/p>\n<p>The bowls are both light and robust, suitable for outdoor use, camping, hiking or as a reusable bowl for events or fairs. Products are stackable.<\/p>\n<p>Unlike ordinary bioplastic, the plate is both recyclable and suitable for dishwasher, freezer and microwave and can withstand temperatures from -40\u00b0C to +100\u00b0C. Very good for use in commercial kitchens or canteens.<\/p>\n<p>Available in variants \u00d8 13 contents: 0,4L, \u00d8 15 contents: 0,75L, \u00d8 25 contents: 3,5L and \u00d8 32 contents: 7L<\/p>\n<p>The dishes are Approved for food contact and 100% BPA free. <\/p>\n<p>The bowls are made in the EU and can be delivered with logo printing or engraving.<\/p>\n<p>&nbsp;<\/p>\n<img loading=\"lazy\" decoding=\"async\" class=\"size-medium wp-image-21008\" src=\"https:\/\/grontkontor.dk\/wp-content\/uploads\/2020\/11\/eu-flag_1-300x199.jpg\" alt=\"Fremstillet i EU\" width=\"76\" height=\"50\" srcset=\"https:\/\/grontkontor.dk\/wp-content\/uploads\/2020\/11\/eu-flag_1-300x199.jpg 300w, https:\/\/grontkontor.dk\/wp-content\/uploads\/2020\/11\/eu-flag_1.jpg 530w\" sizes=\"(max-width: 76px) 100vw, 76px\" \/>\n","protected":false},"excerpt":{"rendered":"<p>Climate-friendly, shatter-free and recyclable bowls made from sugarcane-based bioplastic. With more than 80% reduced CO2 footprint compared to similar products in conventional plastics. The bowls are both light and robust, suitable for outdoor use, camping, hiking or as a reusable bowl for events or fairs. Products are stackable. Unlike ordinary bioplastic, the plate is both [&hellip;]<\/p>\n","protected":false},"featured_media":42383,"comment_status":"closed","ping_status":"closed","template":"","meta":{"_acf_changed":false},"product_cat":[2106,2389,2627,2390,1953],"product_tag":[1692,2914],"class_list":{"0":"post-73838","1":"product","2":"type-product","3":"status-publish","4":"has-post-thumbnail","6":"product_cat-dummy-moq-1-en","7":"product_cat-hotel-restauration-cafe-en","8":"product_cat-krus-og-kopper-til-messen-en","9":"product_cat-news","10":"product_cat-to-go-cups-and-mugs","11":"product_tag-koekken-en","12":"product_tag-plate","13":"tm-no-options","15":"first","16":"instock","17":"sale","18":"taxable","19":"shipping-taxable","20":"purchasable","21":"product-type-variable","22":"has-default-attributes"},"acf":[],"yoast_head":"<!-- This site is optimized with the Yoast SEO Premium plugin v21.2 (Yoast SEO v21.2) - https:\/\/yoast.com\/wordpress\/plugins\/seo\/ -->\n<title>Bowl in bioplastic w\/wo print - Gr\u00f8nt Kontor<\/title>\n<meta name=\"robots\" content=\"index, follow, max-snippet:-1, max-image-preview:large, max-video-preview:-1\" \/>\n<link rel=\"canonical\" href=\"https:\/\/grontkontor.dk\/shop\/skaale-bioplast-oe-13-32-m-u-tryk\/\" \/>\n<meta property=\"og:locale\" content=\"en_US\" \/>\n<meta property=\"og:type\" content=\"article\" \/>\n<meta property=\"og:title\" content=\"Bowl in bioplastic w\/wo print\" \/>\n<meta property=\"og:description\" content=\"Climate-friendly, shatter-free and recyclable bowls made from sugarcane-based bioplastic. With more than 80% reduced CO2 footprint compared to similar products in conventional plastics. The bowls are both light and robust, suitable for outdoor use, camping, hiking or as a reusable bowl for events or fairs. Products are stackable. Unlike ordinary bioplastic, the plate is both [&hellip;]\" \/>\n<meta property=\"og:url\" content=\"https:\/\/grontkontor.dk\/shop\/skaale-bioplast-oe-13-32-m-u-tryk\/\" \/>\n<meta property=\"og:site_name\" content=\"Gr\u00f8nt Kontor\" \/>\n<meta property=\"article:publisher\" content=\"https:\/\/www.facebook.com\/grontkontor.dk\/\" \/>\n<meta property=\"article:modified_time\" content=\"2024-02-22T14:21:35+00:00\" \/>\n<meta property=\"og:image\" content=\"https:\/\/grontkontor.dk\/wp-content\/uploads\/2023\/03\/53237-1.jpg\" \/>\n\t<meta property=\"og:image:width\" content=\"900\" \/>\n\t<meta property=\"og:image:height\" content=\"639\" \/>\n\t<meta property=\"og:image:type\" content=\"image\/jpeg\" \/>\n<meta name=\"twitter:card\" content=\"summary_large_image\" \/>\n<meta name=\"twitter:label1\" content=\"Est. reading time\" \/>\n\t<meta name=\"twitter:data1\" content=\"1 minute\" \/>\n<script type=\"application\/ld+json\" class=\"yoast-schema-graph\">{\"@context\":\"https:\/\/schema.org\",\"@graph\":[{\"@type\":\"WebPage\",\"@id\":\"https:\/\/grontkontor.dk\/shop\/skaale-bioplast-oe-13-32-m-u-tryk\/\",\"url\":\"https:\/\/grontkontor.dk\/shop\/skaale-bioplast-oe-13-32-m-u-tryk\/\",\"name\":\"Bowl in bioplastic w\/wo print - Gr\u00f8nt Kontor\",\"isPartOf\":{\"@id\":\"https:\/\/grontkontor.dk\/#website\"},\"datePublished\":\"2023-09-22T14:10:22+00:00\",\"dateModified\":\"2024-02-22T14:21:35+00:00\",\"breadcrumb\":{\"@id\":\"https:\/\/grontkontor.dk\/shop\/skaale-bioplast-oe-13-32-m-u-tryk\/#breadcrumb\"},\"inLanguage\":\"en-US\",\"potentialAction\":[{\"@type\":\"ReadAction\",\"target\":[\"https:\/\/grontkontor.dk\/shop\/skaale-bioplast-oe-13-32-m-u-tryk\/\"]}]},{\"@type\":\"BreadcrumbList\",\"@id\":\"https:\/\/grontkontor.dk\/shop\/skaale-bioplast-oe-13-32-m-u-tryk\/#breadcrumb\",\"itemListElement\":[{\"@type\":\"ListItem\",\"position\":1,\"name\":\"Forside\",\"item\":\"https:\/\/grontkontor.dk\/\"},{\"@type\":\"ListItem\",\"position\":2,\"name\":\"Shop\",\"item\":\"https:\/\/grontkontor.dk\/en\/shop-2\/\"},{\"@type\":\"ListItem\",\"position\":3,\"name\":\"Trade fair equipment\",\"item\":\"https:\/\/grontkontor.dk\/en\/produkt-kategori\/trade-fair-equipment\/\"},{\"@type\":\"ListItem\",\"position\":4,\"name\":\"Mugs and cups for the fair\",\"item\":\"https:\/\/grontkontor.dk\/en\/produkt-kategori\/trade-fair-equipment\/krus-og-kopper-til-messen-en\/\"},{\"@type\":\"ListItem\",\"position\":5,\"name\":\"Bowl in bioplastic w\/wo print\"}]},{\"@type\":\"WebSite\",\"@id\":\"https:\/\/grontkontor.dk\/#website\",\"url\":\"https:\/\/grontkontor.dk\/\",\"name\":\"Gr\u00f8nt Kontor\",\"description\":\"Milj\u00f8venlige produkter til kontor og erhverv med fokus p\u00e5 b\u00e6redygtighed, design og fair trade.\",\"publisher\":{\"@id\":\"https:\/\/grontkontor.dk\/#organization\"},\"potentialAction\":[{\"@type\":\"SearchAction\",\"target\":{\"@type\":\"EntryPoint\",\"urlTemplate\":\"https:\/\/grontkontor.dk\/?s={search_term_string}\"},\"query-input\":\"required name=search_term_string\"}],\"inLanguage\":\"en-US\"},{\"@type\":\"Organization\",\"@id\":\"https:\/\/grontkontor.dk\/#organization\",\"name\":\"Gr\u00f8nt Kontor\",\"url\":\"https:\/\/grontkontor.dk\/\",\"logo\":{\"@type\":\"ImageObject\",\"inLanguage\":\"en-US\",\"@id\":\"https:\/\/grontkontor.dk\/#\/schema\/logo\/image\/\",\"url\":\"https:\/\/grontkontor.dk\/wp-content\/uploads\/2014\/02\/Logo_groent_kontor_300x80.png\",\"contentUrl\":\"https:\/\/grontkontor.dk\/wp-content\/uploads\/2014\/02\/Logo_groent_kontor_300x80.png\",\"width\":300,\"height\":80,\"caption\":\"Gr\u00f8nt Kontor\"},\"image\":{\"@id\":\"https:\/\/grontkontor.dk\/#\/schema\/logo\/image\/\"},\"sameAs\":[\"https:\/\/www.facebook.com\/grontkontor.dk\/\"]}]}<\/script>\n<!-- \/ Yoast SEO Premium plugin. -->","yoast_head_json":{"title":"Bowl in bioplastic w\/wo print - Gr\u00f8nt Kontor","robots":{"index":"index","follow":"follow","max-snippet":"max-snippet:-1","max-image-preview":"max-image-preview:large","max-video-preview":"max-video-preview:-1"},"canonical":"https:\/\/grontkontor.dk\/shop\/skaale-bioplast-oe-13-32-m-u-tryk\/","og_locale":"en_US","og_type":"article","og_title":"Bowl in bioplastic w\/wo print","og_description":"Climate-friendly, shatter-free and recyclable bowls made from sugarcane-based bioplastic. With more than 80% reduced CO2 footprint compared to similar products in conventional plastics. The bowls are both light and robust, suitable for outdoor use, camping, hiking or as a reusable bowl for events or fairs. Products are stackable. Unlike ordinary bioplastic, the plate is both [&hellip;]","og_url":"https:\/\/grontkontor.dk\/shop\/skaale-bioplast-oe-13-32-m-u-tryk\/","og_site_name":"Gr\u00f8nt Kontor","article_publisher":"https:\/\/www.facebook.com\/grontkontor.dk\/","article_modified_time":"2024-02-22T14:21:35+00:00","og_image":[{"width":900,"height":639,"url":"https:\/\/grontkontor.dk\/wp-content\/uploads\/2023\/03\/53237-1.jpg","type":"image\/jpeg"}],"twitter_card":"summary_large_image","twitter_misc":{"Est. reading time":"1 minute"},"schema":{"@context":"https:\/\/schema.org","@graph":[{"@type":"WebPage","@id":"https:\/\/grontkontor.dk\/shop\/skaale-bioplast-oe-13-32-m-u-tryk\/","url":"https:\/\/grontkontor.dk\/shop\/skaale-bioplast-oe-13-32-m-u-tryk\/","name":"Bowl in bioplastic w\/wo print - Gr\u00f8nt Kontor","isPartOf":{"@id":"https:\/\/grontkontor.dk\/#website"},"datePublished":"2023-09-22T14:10:22+00:00","dateModified":"2024-02-22T14:21:35+00:00","breadcrumb":{"@id":"https:\/\/grontkontor.dk\/shop\/skaale-bioplast-oe-13-32-m-u-tryk\/#breadcrumb"},"inLanguage":"en-US","potentialAction":[{"@type":"ReadAction","target":["https:\/\/grontkontor.dk\/shop\/skaale-bioplast-oe-13-32-m-u-tryk\/"]}]},{"@type":"BreadcrumbList","@id":"https:\/\/grontkontor.dk\/shop\/skaale-bioplast-oe-13-32-m-u-tryk\/#breadcrumb","itemListElement":[{"@type":"ListItem","position":1,"name":"Forside","item":"https:\/\/grontkontor.dk\/"},{"@type":"ListItem","position":2,"name":"Shop","item":"https:\/\/grontkontor.dk\/en\/shop-2\/"},{"@type":"ListItem","position":3,"name":"Trade fair equipment","item":"https:\/\/grontkontor.dk\/en\/produkt-kategori\/trade-fair-equipment\/"},{"@type":"ListItem","position":4,"name":"Mugs and cups for the fair","item":"https:\/\/grontkontor.dk\/en\/produkt-kategori\/trade-fair-equipment\/krus-og-kopper-til-messen-en\/"},{"@type":"ListItem","position":5,"name":"Bowl in bioplastic w\/wo print"}]},{"@type":"WebSite","@id":"https:\/\/grontkontor.dk\/#website","url":"https:\/\/grontkontor.dk\/","name":"Gr\u00f8nt Kontor","description":"Milj\u00f8venlige produkter til kontor og erhverv med fokus p\u00e5 b\u00e6redygtighed, design og fair trade.","publisher":{"@id":"https:\/\/grontkontor.dk\/#organization"},"potentialAction":[{"@type":"SearchAction","target":{"@type":"EntryPoint","urlTemplate":"https:\/\/grontkontor.dk\/?s={search_term_string}"},"query-input":"required name=search_term_string"}],"inLanguage":"en-US"},{"@type":"Organization","@id":"https:\/\/grontkontor.dk\/#organization","name":"Gr\u00f8nt Kontor","url":"https:\/\/grontkontor.dk\/","logo":{"@type":"ImageObject","inLanguage":"en-US","@id":"https:\/\/grontkontor.dk\/#\/schema\/logo\/image\/","url":"https:\/\/grontkontor.dk\/wp-content\/uploads\/2014\/02\/Logo_groent_kontor_300x80.png","contentUrl":"https:\/\/grontkontor.dk\/wp-content\/uploads\/2014\/02\/Logo_groent_kontor_300x80.png","width":300,"height":80,"caption":"Gr\u00f8nt Kontor"},"image":{"@id":"https:\/\/grontkontor.dk\/#\/schema\/logo\/image\/"},"sameAs":["https:\/\/www.facebook.com\/grontkontor.dk\/"]}]}},"_links":{"self":[{"href":"https:\/\/grontkontor.dk\/en\/wp-json\/wp\/v2\/product\/73838"}],"collection":[{"href":"https:\/\/grontkontor.dk\/en\/wp-json\/wp\/v2\/product"}],"about":[{"href":"https:\/\/grontkontor.dk\/en\/wp-json\/wp\/v2\/types\/product"}],"replies":[{"embeddable":true,"href":"https:\/\/grontkontor.dk\/en\/wp-json\/wp\/v2\/comments?post=73838"}],"wp:featuredmedia":[{"embeddable":true,"href":"https:\/\/grontkontor.dk\/en\/wp-json\/wp\/v2\/media\/42383"}],"wp:attachment":[{"href":"https:\/\/grontkontor.dk\/en\/wp-json\/wp\/v2\/media?parent=73838"}],"wp:term":[{"taxonomy":"product_cat","embeddable":true,"href":"https:\/\/grontkontor.dk\/en\/wp-json\/wp\/v2\/product_cat?post=73838"},{"taxonomy":"product_tag","embeddable":true,"href":"https:\/\/grontkontor.dk\/en\/wp-json\/wp\/v2\/product_tag?post=73838"}],"curies":[{"name":"wp","href":"https:\/\/api.w.org\/{rel}","templated":true}]}}