{"id":73848,"date":"2023-09-22T14:00:03","date_gmt":"2023-09-22T14:10:43","guid":{"rendered":"https:\/\/grontkontor.dk\/produkt\/waste-bin-recycled-white\/"},"modified":"2024-02-22T15:15:59","modified_gmt":"2024-02-22T14:15:59","slug":"waste-bin-recycled-white","status":"publish","type":"product","link":"https:\/\/grontkontor.dk\/en\/shop\/waste-bin-recycled-white\/","title":{"rendered":"Waste sorting recycled 76l white"},"content":{"rendered":"<p>The waste bin is a climate-friendly product for waste sorting, designed and produced in Finland from durable recycled plastic. The 76 L box is available in both white and black. A sturdy bamboo lid can be purchased, which completes the design and allows for use as a stool, as well as inserts in gray environmentally friendly recycled plastic for waste sorting.<\/p>\n<p>For the product, lids, inserts for <a class=\"light\" href=\"https:\/\/grontkontor.dk\/produkt\/indsats-til-affaldssortering\/\">waste sorting<\/a>, as well as <a class=\"light\" href=\"https:\/\/grontkontor.dk\/produkt\/laag-til-indsats-til-affaldssortering\/\">lids for the inserts can be purchased. <\/a> <a class=\"light\" href=\"https:\/\/grontkontor.dk\/produkt\/bambuslaag-affaldssortering-genbrug\/\"><\/a> <\/p>\n<p>The product has received numerous awards for its design, among others the Red Dot Design Award in 2020.<\/p>\n<p>Dimensions: 57 x 38 x 42 cm<br \/>\nInternal dimensions: 50.6 x 31.6 x 40.1 cm<\/p>\n<p>&nbsp;<\/p>\n<p><img loading=\"lazy\" decoding=\"async\" class=\"size-medium wp-image-21008\" src=\"https:\/\/grontkontor.dk\/wp-content\/uploads\/2020\/11\/eu-flag_1-300x199.jpg\" alt=\"Fremstillet i EU\" width=\"76\" height=\"50\" srcset=\"https:\/\/grontkontor.dk\/wp-content\/uploads\/2020\/11\/eu-flag_1-300x199.jpg 300w, https:\/\/grontkontor.dk\/wp-content\/uploads\/2020\/11\/eu-flag_1.jpg 530w\" sizes=\"(max-width: 76px) 100vw, 76px\" \/> <img loading=\"lazy\" decoding=\"async\" src=\"https:\/\/grontkontor.dk\/wp-content\/uploads\/2021\/02\/genbrug.jpg\" alt=\"Fremstillet af genbrugsmaterialer\" width=\"50\" height=\"50\" class=\"size-full wp-image-23031\" srcset=\"https:\/\/grontkontor.dk\/wp-content\/uploads\/2021\/02\/genbrug.jpg 199w, https:\/\/grontkontor.dk\/wp-content\/uploads\/2021\/02\/genbrug-100x100.jpg 100w\" sizes=\"(max-width: 50px) 100vw, 50px\" \/><\/p>\n","protected":false},"excerpt":{"rendered":"<p>The waste bin is a climate-friendly product for waste sorting, designed and produced in Finland from durable recycled plastic. The 76 L box is available in both white and black. A sturdy bamboo lid can be purchased, which completes the design and allows for use as a stool, as well as inserts in gray environmentally [&hellip;]<\/p>\n","protected":false},"featured_media":42494,"comment_status":"closed","ping_status":"closed","template":"","meta":{"_acf_changed":false},"product_cat":[2415,2106,2390,2608],"product_tag":[2676,2893],"class_list":{"0":"post-73848","1":"product","2":"type-product","3":"status-publish","4":"has-post-thumbnail","6":"product_cat-cleaning-supplies","7":"product_cat-dummy-moq-1-en","8":"product_cat-news","9":"product_cat-waste-sorting-systems","10":"product_tag-waste-management","11":"product_tag-waste-sorting","12":"tm-has-options","14":"first","15":"instock","16":"taxable","17":"shipping-taxable","18":"purchasable","19":"product-type-simple"},"acf":[],"yoast_head":"<!-- This site is optimized with the Yoast SEO Premium plugin v21.2 (Yoast SEO v21.2) - https:\/\/yoast.com\/wordpress\/plugins\/seo\/ -->\n<title>Waste sorting recycled 76l white - Gr\u00f8nt Kontor<\/title>\n<meta name=\"robots\" content=\"index, follow, max-snippet:-1, max-image-preview:large, max-video-preview:-1\" \/>\n<link rel=\"canonical\" href=\"https:\/\/grontkontor.dk\/en\/shop\/waste-bin-recycled-white\/\" \/>\n<meta property=\"og:locale\" content=\"en_US\" \/>\n<meta property=\"og:type\" content=\"article\" \/>\n<meta property=\"og:title\" content=\"Waste sorting recycled 76l white\" \/>\n<meta property=\"og:description\" content=\"The waste bin is a climate-friendly product for waste sorting, designed and produced in Finland from durable recycled plastic. The 76 L box is available in both white and black. A sturdy bamboo lid can be purchased, which completes the design and allows for use as a stool, as well as inserts in gray environmentally [&hellip;]\" \/>\n<meta property=\"og:url\" content=\"https:\/\/grontkontor.dk\/en\/shop\/waste-bin-recycled-white\/\" \/>\n<meta property=\"og:site_name\" content=\"Gr\u00f8nt Kontor\" \/>\n<meta property=\"article:publisher\" content=\"https:\/\/www.facebook.com\/grontkontor.dk\/\" \/>\n<meta property=\"article:modified_time\" content=\"2024-02-22T14:15:59+00:00\" \/>\n<meta property=\"og:image\" content=\"https:\/\/grontkontor.dk\/wp-content\/uploads\/2023\/03\/Affaldssorteringsboks-76L-genbrug-hvid.jpg\" \/>\n\t<meta property=\"og:image:width\" content=\"900\" \/>\n\t<meta property=\"og:image:height\" content=\"639\" \/>\n\t<meta property=\"og:image:type\" content=\"image\/jpeg\" \/>\n<meta name=\"twitter:card\" content=\"summary_large_image\" \/>\n<meta name=\"twitter:label1\" content=\"Est. reading time\" \/>\n\t<meta name=\"twitter:data1\" content=\"1 minute\" \/>\n<script type=\"application\/ld+json\" class=\"yoast-schema-graph\">{\"@context\":\"https:\/\/schema.org\",\"@graph\":[{\"@type\":\"WebPage\",\"@id\":\"https:\/\/grontkontor.dk\/en\/shop\/waste-bin-recycled-white\/\",\"url\":\"https:\/\/grontkontor.dk\/en\/shop\/waste-bin-recycled-white\/\",\"name\":\"Waste sorting recycled 76l white - Gr\u00f8nt Kontor\",\"isPartOf\":{\"@id\":\"https:\/\/grontkontor.dk\/#website\"},\"datePublished\":\"2023-09-22T14:10:43+00:00\",\"dateModified\":\"2024-02-22T14:15:59+00:00\",\"breadcrumb\":{\"@id\":\"https:\/\/grontkontor.dk\/en\/shop\/waste-bin-recycled-white\/#breadcrumb\"},\"inLanguage\":\"en-US\",\"potentialAction\":[{\"@type\":\"ReadAction\",\"target\":[\"https:\/\/grontkontor.dk\/en\/shop\/waste-bin-recycled-white\/\"]}]},{\"@type\":\"BreadcrumbList\",\"@id\":\"https:\/\/grontkontor.dk\/en\/shop\/waste-bin-recycled-white\/#breadcrumb\",\"itemListElement\":[{\"@type\":\"ListItem\",\"position\":1,\"name\":\"Forside\",\"item\":\"https:\/\/grontkontor.dk\/\"},{\"@type\":\"ListItem\",\"position\":2,\"name\":\"Shop\",\"item\":\"https:\/\/grontkontor.dk\/en\/shop-2\/\"},{\"@type\":\"ListItem\",\"position\":3,\"name\":\"Furniture and inventory\",\"item\":\"https:\/\/grontkontor.dk\/en\/produkt-kategori\/furniture-and-inventory\/\"},{\"@type\":\"ListItem\",\"position\":4,\"name\":\"Waste sorting systems\",\"item\":\"https:\/\/grontkontor.dk\/en\/produkt-kategori\/furniture-and-inventory\/waste-sorting-systems\/\"},{\"@type\":\"ListItem\",\"position\":5,\"name\":\"Waste sorting recycled 76l white\"}]},{\"@type\":\"WebSite\",\"@id\":\"https:\/\/grontkontor.dk\/#website\",\"url\":\"https:\/\/grontkontor.dk\/\",\"name\":\"Gr\u00f8nt Kontor\",\"description\":\"Milj\u00f8venlige produkter til kontor og erhverv med fokus p\u00e5 b\u00e6redygtighed, design og fair trade.\",\"publisher\":{\"@id\":\"https:\/\/grontkontor.dk\/#organization\"},\"potentialAction\":[{\"@type\":\"SearchAction\",\"target\":{\"@type\":\"EntryPoint\",\"urlTemplate\":\"https:\/\/grontkontor.dk\/?s={search_term_string}\"},\"query-input\":\"required name=search_term_string\"}],\"inLanguage\":\"en-US\"},{\"@type\":\"Organization\",\"@id\":\"https:\/\/grontkontor.dk\/#organization\",\"name\":\"Gr\u00f8nt Kontor\",\"url\":\"https:\/\/grontkontor.dk\/\",\"logo\":{\"@type\":\"ImageObject\",\"inLanguage\":\"en-US\",\"@id\":\"https:\/\/grontkontor.dk\/#\/schema\/logo\/image\/\",\"url\":\"https:\/\/grontkontor.dk\/wp-content\/uploads\/2014\/02\/Logo_groent_kontor_300x80.png\",\"contentUrl\":\"https:\/\/grontkontor.dk\/wp-content\/uploads\/2014\/02\/Logo_groent_kontor_300x80.png\",\"width\":300,\"height\":80,\"caption\":\"Gr\u00f8nt Kontor\"},\"image\":{\"@id\":\"https:\/\/grontkontor.dk\/#\/schema\/logo\/image\/\"},\"sameAs\":[\"https:\/\/www.facebook.com\/grontkontor.dk\/\"]}]}<\/script>\n<!-- \/ Yoast SEO Premium plugin. -->","yoast_head_json":{"title":"Waste sorting recycled 76l white - Gr\u00f8nt Kontor","robots":{"index":"index","follow":"follow","max-snippet":"max-snippet:-1","max-image-preview":"max-image-preview:large","max-video-preview":"max-video-preview:-1"},"canonical":"https:\/\/grontkontor.dk\/en\/shop\/waste-bin-recycled-white\/","og_locale":"en_US","og_type":"article","og_title":"Waste sorting recycled 76l white","og_description":"The waste bin is a climate-friendly product for waste sorting, designed and produced in Finland from durable recycled plastic. The 76 L box is available in both white and black. A sturdy bamboo lid can be purchased, which completes the design and allows for use as a stool, as well as inserts in gray environmentally [&hellip;]","og_url":"https:\/\/grontkontor.dk\/en\/shop\/waste-bin-recycled-white\/","og_site_name":"Gr\u00f8nt Kontor","article_publisher":"https:\/\/www.facebook.com\/grontkontor.dk\/","article_modified_time":"2024-02-22T14:15:59+00:00","og_image":[{"width":900,"height":639,"url":"https:\/\/grontkontor.dk\/wp-content\/uploads\/2023\/03\/Affaldssorteringsboks-76L-genbrug-hvid.jpg","type":"image\/jpeg"}],"twitter_card":"summary_large_image","twitter_misc":{"Est. reading time":"1 minute"},"schema":{"@context":"https:\/\/schema.org","@graph":[{"@type":"WebPage","@id":"https:\/\/grontkontor.dk\/en\/shop\/waste-bin-recycled-white\/","url":"https:\/\/grontkontor.dk\/en\/shop\/waste-bin-recycled-white\/","name":"Waste sorting recycled 76l white - Gr\u00f8nt Kontor","isPartOf":{"@id":"https:\/\/grontkontor.dk\/#website"},"datePublished":"2023-09-22T14:10:43+00:00","dateModified":"2024-02-22T14:15:59+00:00","breadcrumb":{"@id":"https:\/\/grontkontor.dk\/en\/shop\/waste-bin-recycled-white\/#breadcrumb"},"inLanguage":"en-US","potentialAction":[{"@type":"ReadAction","target":["https:\/\/grontkontor.dk\/en\/shop\/waste-bin-recycled-white\/"]}]},{"@type":"BreadcrumbList","@id":"https:\/\/grontkontor.dk\/en\/shop\/waste-bin-recycled-white\/#breadcrumb","itemListElement":[{"@type":"ListItem","position":1,"name":"Forside","item":"https:\/\/grontkontor.dk\/"},{"@type":"ListItem","position":2,"name":"Shop","item":"https:\/\/grontkontor.dk\/en\/shop-2\/"},{"@type":"ListItem","position":3,"name":"Furniture and inventory","item":"https:\/\/grontkontor.dk\/en\/produkt-kategori\/furniture-and-inventory\/"},{"@type":"ListItem","position":4,"name":"Waste sorting systems","item":"https:\/\/grontkontor.dk\/en\/produkt-kategori\/furniture-and-inventory\/waste-sorting-systems\/"},{"@type":"ListItem","position":5,"name":"Waste sorting recycled 76l white"}]},{"@type":"WebSite","@id":"https:\/\/grontkontor.dk\/#website","url":"https:\/\/grontkontor.dk\/","name":"Gr\u00f8nt Kontor","description":"Milj\u00f8venlige produkter til kontor og erhverv med fokus p\u00e5 b\u00e6redygtighed, design og fair trade.","publisher":{"@id":"https:\/\/grontkontor.dk\/#organization"},"potentialAction":[{"@type":"SearchAction","target":{"@type":"EntryPoint","urlTemplate":"https:\/\/grontkontor.dk\/?s={search_term_string}"},"query-input":"required name=search_term_string"}],"inLanguage":"en-US"},{"@type":"Organization","@id":"https:\/\/grontkontor.dk\/#organization","name":"Gr\u00f8nt Kontor","url":"https:\/\/grontkontor.dk\/","logo":{"@type":"ImageObject","inLanguage":"en-US","@id":"https:\/\/grontkontor.dk\/#\/schema\/logo\/image\/","url":"https:\/\/grontkontor.dk\/wp-content\/uploads\/2014\/02\/Logo_groent_kontor_300x80.png","contentUrl":"https:\/\/grontkontor.dk\/wp-content\/uploads\/2014\/02\/Logo_groent_kontor_300x80.png","width":300,"height":80,"caption":"Gr\u00f8nt Kontor"},"image":{"@id":"https:\/\/grontkontor.dk\/#\/schema\/logo\/image\/"},"sameAs":["https:\/\/www.facebook.com\/grontkontor.dk\/"]}]}},"_links":{"self":[{"href":"https:\/\/grontkontor.dk\/en\/wp-json\/wp\/v2\/product\/73848"}],"collection":[{"href":"https:\/\/grontkontor.dk\/en\/wp-json\/wp\/v2\/product"}],"about":[{"href":"https:\/\/grontkontor.dk\/en\/wp-json\/wp\/v2\/types\/product"}],"replies":[{"embeddable":true,"href":"https:\/\/grontkontor.dk\/en\/wp-json\/wp\/v2\/comments?post=73848"}],"wp:featuredmedia":[{"embeddable":true,"href":"https:\/\/grontkontor.dk\/en\/wp-json\/wp\/v2\/media\/42494"}],"wp:attachment":[{"href":"https:\/\/grontkontor.dk\/en\/wp-json\/wp\/v2\/media?parent=73848"}],"wp:term":[{"taxonomy":"product_cat","embeddable":true,"href":"https:\/\/grontkontor.dk\/en\/wp-json\/wp\/v2\/product_cat?post=73848"},{"taxonomy":"product_tag","embeddable":true,"href":"https:\/\/grontkontor.dk\/en\/wp-json\/wp\/v2\/product_tag?post=73848"}],"curies":[{"name":"wp","href":"https:\/\/api.w.org\/{rel}","templated":true}]}}