{"id":73904,"date":"2023-09-22T14:01:06","date_gmt":"2023-09-22T14:11:47","guid":{"rendered":"https:\/\/grontkontor.dk\/produkt\/sunshade-in-environmentally-friendly-cork\/"},"modified":"2025-11-06T11:27:51","modified_gmt":"2025-11-06T10:27:51","slug":"klimavenlig-solskaerm-i-miljoevenlig-kork","status":"publish","type":"product","link":"https:\/\/grontkontor.dk\/en\/shop\/klimavenlig-solskaerm-i-miljoevenlig-kork\/","title":{"rendered":"Sun visor in climate-friendly cork"},"content":{"rendered":"<p>A climate-friendly sun visor is the perfect choice when you want to combine function, style and consideration for the environment. This unique cap is made of eco-friendly cork \u2013 a natural material that is both robust, flexible and water-repellent. The result is an accessory that stands out from traditional caps and at the same time sends a green signal.  <\/p>\n<p>The sun visor is handmade in the EU, which ensures high quality and a beautiful finish. The lightweight construction makes it comfortable to wear, while the wide brim effectively protects the face from the sun. The natural structure of the cap gives each cap its own special expression, making it a product with both personality and practical value.  <\/p>\n<p>As a promotional item, this climate-friendly sun visor is the obvious choice. It can be delivered with logo print, so your brand gets maximum visibility every time it is used for sports, events or everyday life. The combination of natural material and modern design makes it ideal as a corporate gift, promotional item or as a stylish complement to profile clothing.  <\/p>\n<p>When you choose a cap in eco-friendly cork, you get more than just sun protection. You get a product that unites functionality, comfort and climate-friendly values \u2013 a simple but eye-catching way to show consideration for both the climate and the recipient. <\/p>\nCork is a highly sustainable, biodegradable and compostable natural material that originates from the cork oak that grows throughout the Mediterranean region. Cork is a rapidly regenerating resource that can be harvested every year from the same tree. Additionally, cork forests support one of the highest levels of biodiversity compared to other forest types. \n<p>&nbsp;<\/p>\n<img loading=\"lazy\" decoding=\"async\" class=\"size-medium wp-image-21008\" src=\"https:\/\/grontkontor.dk\/wp-content\/uploads\/2020\/11\/eu-flag_1-300x199.jpg\" alt=\"Fremstillet i EU\" width=\"76\" height=\"50\" srcset=\"https:\/\/grontkontor.dk\/wp-content\/uploads\/2020\/11\/eu-flag_1-300x199.jpg 300w, https:\/\/grontkontor.dk\/wp-content\/uploads\/2020\/11\/eu-flag_1.jpg 530w\" sizes=\"(max-width: 76px) 100vw, 76px\" \/>\n","protected":false},"excerpt":{"rendered":"<p>A climate-friendly sun visor is the perfect choice when you want to combine function, style and consideration for the environment. This unique cap is made of eco-friendly cork \u2013 a natural material that is both robust, flexible and water-repellent. The result is an accessory that stands out from traditional caps and at the same time [&hellip;]<\/p>\n","protected":false},"featured_media":13329,"comment_status":"closed","ping_status":"closed","template":"","meta":{"_acf_changed":false},"product_cat":[4837,1262,1867,2106,1853,3144],"product_tag":[1748,1749],"class_list":{"0":"post-73904","1":"product","2":"type-product","3":"status-publish","4":"has-post-thumbnail","6":"product_cat-headdress","7":"product_cat-sustainable-presents","8":"product_cat-cork-products-uk","9":"product_cat-dummy-moq-1-en","10":"product_cat-product-series","11":"product_cat-sports-and-leisure","12":"product_tag-kasket-en","13":"product_tag-hovedbeklaedning-en","14":"pa_farve-brun-en","15":"pa_farve-roedbrun-en","16":"pa_farve-mix-en","17":"pa_farve-natur-en","18":"tm-has-options","20":"first","21":"instock","22":"taxable","23":"shipping-taxable","24":"purchasable","25":"product-type-simple"},"acf":[],"yoast_head":"<!-- This site is optimized with the Yoast SEO Premium plugin v21.2 (Yoast SEO v21.2) - https:\/\/yoast.com\/wordpress\/plugins\/seo\/ -->\n<title>Climate-friendly sun visor in eco-friendly cork<\/title>\n<meta name=\"description\" content=\"Climate-friendly sun visor in eco-friendly cork. Sturdy, water-resistant and handmade in the EU. Unique cap that can be delivered with logo print.\" \/>\n<meta name=\"robots\" content=\"index, follow, max-snippet:-1, max-image-preview:large, max-video-preview:-1\" \/>\n<link rel=\"canonical\" href=\"https:\/\/grontkontor.dk\/en\/shop\/klimavenlig-solskaerm-i-miljoevenlig-kork\/\" \/>\n<meta property=\"og:locale\" content=\"en_US\" \/>\n<meta property=\"og:type\" content=\"article\" \/>\n<meta property=\"og:title\" content=\"Sun visor in climate-friendly cork\" \/>\n<meta property=\"og:description\" content=\"Climate-friendly sun visor in eco-friendly cork. Sturdy, water-resistant and handmade in the EU. Unique cap that can be delivered with logo print.\" \/>\n<meta property=\"og:url\" content=\"https:\/\/grontkontor.dk\/en\/shop\/klimavenlig-solskaerm-i-miljoevenlig-kork\/\" \/>\n<meta property=\"og:site_name\" content=\"Gr\u00f8nt Kontor\" \/>\n<meta property=\"article:publisher\" content=\"https:\/\/www.facebook.com\/grontkontor.dk\/\" \/>\n<meta property=\"article:modified_time\" content=\"2025-11-06T10:27:51+00:00\" \/>\n<meta property=\"og:image\" content=\"https:\/\/grontkontor.dk\/wp-content\/uploads\/2017\/03\/8831-kork-solskaerm.jpg\" \/>\n\t<meta property=\"og:image:width\" content=\"800\" \/>\n\t<meta property=\"og:image:height\" content=\"568\" \/>\n\t<meta property=\"og:image:type\" content=\"image\/jpeg\" \/>\n<meta name=\"twitter:card\" content=\"summary_large_image\" \/>\n<meta name=\"twitter:label1\" content=\"Est. reading time\" \/>\n\t<meta name=\"twitter:data1\" content=\"1 minute\" \/>\n<script type=\"application\/ld+json\" class=\"yoast-schema-graph\">{\"@context\":\"https:\/\/schema.org\",\"@graph\":[{\"@type\":\"WebPage\",\"@id\":\"https:\/\/grontkontor.dk\/en\/shop\/klimavenlig-solskaerm-i-miljoevenlig-kork\/\",\"url\":\"https:\/\/grontkontor.dk\/en\/shop\/klimavenlig-solskaerm-i-miljoevenlig-kork\/\",\"name\":\"Climate-friendly sun visor in eco-friendly cork\",\"isPartOf\":{\"@id\":\"https:\/\/grontkontor.dk\/#website\"},\"datePublished\":\"2023-09-22T14:11:47+00:00\",\"dateModified\":\"2025-11-06T10:27:51+00:00\",\"description\":\"Climate-friendly sun visor in eco-friendly cork. Sturdy, water-resistant and handmade in the EU. Unique cap that can be delivered with logo print.\",\"breadcrumb\":{\"@id\":\"https:\/\/grontkontor.dk\/en\/shop\/klimavenlig-solskaerm-i-miljoevenlig-kork\/#breadcrumb\"},\"inLanguage\":\"en-US\",\"potentialAction\":[{\"@type\":\"ReadAction\",\"target\":[\"https:\/\/grontkontor.dk\/en\/shop\/klimavenlig-solskaerm-i-miljoevenlig-kork\/\"]}]},{\"@type\":\"BreadcrumbList\",\"@id\":\"https:\/\/grontkontor.dk\/en\/shop\/klimavenlig-solskaerm-i-miljoevenlig-kork\/#breadcrumb\",\"itemListElement\":[{\"@type\":\"ListItem\",\"position\":1,\"name\":\"Forside\",\"item\":\"https:\/\/grontkontor.dk\/\"},{\"@type\":\"ListItem\",\"position\":2,\"name\":\"Shop\",\"item\":\"https:\/\/grontkontor.dk\/en\/shop-2\/\"},{\"@type\":\"ListItem\",\"position\":3,\"name\":\"Apparel\",\"item\":\"https:\/\/grontkontor.dk\/en\/produkt-kategori\/beklaedning-en\/\"},{\"@type\":\"ListItem\",\"position\":4,\"name\":\"Headdress\",\"item\":\"https:\/\/grontkontor.dk\/en\/produkt-kategori\/beklaedning-en\/headdress\/\"},{\"@type\":\"ListItem\",\"position\":5,\"name\":\"Sun visor in climate-friendly cork\"}]},{\"@type\":\"WebSite\",\"@id\":\"https:\/\/grontkontor.dk\/#website\",\"url\":\"https:\/\/grontkontor.dk\/\",\"name\":\"Gr\u00f8nt Kontor\",\"description\":\"Milj\u00f8venlige produkter til kontor og erhverv med fokus p\u00e5 b\u00e6redygtighed, design og fair trade.\",\"publisher\":{\"@id\":\"https:\/\/grontkontor.dk\/#organization\"},\"potentialAction\":[{\"@type\":\"SearchAction\",\"target\":{\"@type\":\"EntryPoint\",\"urlTemplate\":\"https:\/\/grontkontor.dk\/?s={search_term_string}\"},\"query-input\":\"required name=search_term_string\"}],\"inLanguage\":\"en-US\"},{\"@type\":\"Organization\",\"@id\":\"https:\/\/grontkontor.dk\/#organization\",\"name\":\"Gr\u00f8nt Kontor\",\"url\":\"https:\/\/grontkontor.dk\/\",\"logo\":{\"@type\":\"ImageObject\",\"inLanguage\":\"en-US\",\"@id\":\"https:\/\/grontkontor.dk\/#\/schema\/logo\/image\/\",\"url\":\"https:\/\/grontkontor.dk\/wp-content\/uploads\/2014\/02\/Logo_groent_kontor_300x80.png\",\"contentUrl\":\"https:\/\/grontkontor.dk\/wp-content\/uploads\/2014\/02\/Logo_groent_kontor_300x80.png\",\"width\":300,\"height\":80,\"caption\":\"Gr\u00f8nt Kontor\"},\"image\":{\"@id\":\"https:\/\/grontkontor.dk\/#\/schema\/logo\/image\/\"},\"sameAs\":[\"https:\/\/www.facebook.com\/grontkontor.dk\/\"]}]}<\/script>\n<!-- \/ Yoast SEO Premium plugin. -->","yoast_head_json":{"title":"Climate-friendly sun visor in eco-friendly cork","description":"Climate-friendly sun visor in eco-friendly cork. Sturdy, water-resistant and handmade in the EU. Unique cap that can be delivered with logo print.","robots":{"index":"index","follow":"follow","max-snippet":"max-snippet:-1","max-image-preview":"max-image-preview:large","max-video-preview":"max-video-preview:-1"},"canonical":"https:\/\/grontkontor.dk\/en\/shop\/klimavenlig-solskaerm-i-miljoevenlig-kork\/","og_locale":"en_US","og_type":"article","og_title":"Sun visor in climate-friendly cork","og_description":"Climate-friendly sun visor in eco-friendly cork. Sturdy, water-resistant and handmade in the EU. Unique cap that can be delivered with logo print.","og_url":"https:\/\/grontkontor.dk\/en\/shop\/klimavenlig-solskaerm-i-miljoevenlig-kork\/","og_site_name":"Gr\u00f8nt Kontor","article_publisher":"https:\/\/www.facebook.com\/grontkontor.dk\/","article_modified_time":"2025-11-06T10:27:51+00:00","og_image":[{"width":800,"height":568,"url":"https:\/\/grontkontor.dk\/wp-content\/uploads\/2017\/03\/8831-kork-solskaerm.jpg","type":"image\/jpeg"}],"twitter_card":"summary_large_image","twitter_misc":{"Est. reading time":"1 minute"},"schema":{"@context":"https:\/\/schema.org","@graph":[{"@type":"WebPage","@id":"https:\/\/grontkontor.dk\/en\/shop\/klimavenlig-solskaerm-i-miljoevenlig-kork\/","url":"https:\/\/grontkontor.dk\/en\/shop\/klimavenlig-solskaerm-i-miljoevenlig-kork\/","name":"Climate-friendly sun visor in eco-friendly cork","isPartOf":{"@id":"https:\/\/grontkontor.dk\/#website"},"datePublished":"2023-09-22T14:11:47+00:00","dateModified":"2025-11-06T10:27:51+00:00","description":"Climate-friendly sun visor in eco-friendly cork. Sturdy, water-resistant and handmade in the EU. Unique cap that can be delivered with logo print.","breadcrumb":{"@id":"https:\/\/grontkontor.dk\/en\/shop\/klimavenlig-solskaerm-i-miljoevenlig-kork\/#breadcrumb"},"inLanguage":"en-US","potentialAction":[{"@type":"ReadAction","target":["https:\/\/grontkontor.dk\/en\/shop\/klimavenlig-solskaerm-i-miljoevenlig-kork\/"]}]},{"@type":"BreadcrumbList","@id":"https:\/\/grontkontor.dk\/en\/shop\/klimavenlig-solskaerm-i-miljoevenlig-kork\/#breadcrumb","itemListElement":[{"@type":"ListItem","position":1,"name":"Forside","item":"https:\/\/grontkontor.dk\/"},{"@type":"ListItem","position":2,"name":"Shop","item":"https:\/\/grontkontor.dk\/en\/shop-2\/"},{"@type":"ListItem","position":3,"name":"Apparel","item":"https:\/\/grontkontor.dk\/en\/produkt-kategori\/beklaedning-en\/"},{"@type":"ListItem","position":4,"name":"Headdress","item":"https:\/\/grontkontor.dk\/en\/produkt-kategori\/beklaedning-en\/headdress\/"},{"@type":"ListItem","position":5,"name":"Sun visor in climate-friendly cork"}]},{"@type":"WebSite","@id":"https:\/\/grontkontor.dk\/#website","url":"https:\/\/grontkontor.dk\/","name":"Gr\u00f8nt Kontor","description":"Milj\u00f8venlige produkter til kontor og erhverv med fokus p\u00e5 b\u00e6redygtighed, design og fair trade.","publisher":{"@id":"https:\/\/grontkontor.dk\/#organization"},"potentialAction":[{"@type":"SearchAction","target":{"@type":"EntryPoint","urlTemplate":"https:\/\/grontkontor.dk\/?s={search_term_string}"},"query-input":"required name=search_term_string"}],"inLanguage":"en-US"},{"@type":"Organization","@id":"https:\/\/grontkontor.dk\/#organization","name":"Gr\u00f8nt Kontor","url":"https:\/\/grontkontor.dk\/","logo":{"@type":"ImageObject","inLanguage":"en-US","@id":"https:\/\/grontkontor.dk\/#\/schema\/logo\/image\/","url":"https:\/\/grontkontor.dk\/wp-content\/uploads\/2014\/02\/Logo_groent_kontor_300x80.png","contentUrl":"https:\/\/grontkontor.dk\/wp-content\/uploads\/2014\/02\/Logo_groent_kontor_300x80.png","width":300,"height":80,"caption":"Gr\u00f8nt Kontor"},"image":{"@id":"https:\/\/grontkontor.dk\/#\/schema\/logo\/image\/"},"sameAs":["https:\/\/www.facebook.com\/grontkontor.dk\/"]}]}},"_links":{"self":[{"href":"https:\/\/grontkontor.dk\/en\/wp-json\/wp\/v2\/product\/73904"}],"collection":[{"href":"https:\/\/grontkontor.dk\/en\/wp-json\/wp\/v2\/product"}],"about":[{"href":"https:\/\/grontkontor.dk\/en\/wp-json\/wp\/v2\/types\/product"}],"replies":[{"embeddable":true,"href":"https:\/\/grontkontor.dk\/en\/wp-json\/wp\/v2\/comments?post=73904"}],"wp:featuredmedia":[{"embeddable":true,"href":"https:\/\/grontkontor.dk\/en\/wp-json\/wp\/v2\/media\/13329"}],"wp:attachment":[{"href":"https:\/\/grontkontor.dk\/en\/wp-json\/wp\/v2\/media?parent=73904"}],"wp:term":[{"taxonomy":"product_cat","embeddable":true,"href":"https:\/\/grontkontor.dk\/en\/wp-json\/wp\/v2\/product_cat?post=73904"},{"taxonomy":"product_tag","embeddable":true,"href":"https:\/\/grontkontor.dk\/en\/wp-json\/wp\/v2\/product_tag?post=73904"}],"curies":[{"name":"wp","href":"https:\/\/api.w.org\/{rel}","templated":true}]}}