{"id":74098,"date":"2023-09-22T14:05:13","date_gmt":"2023-09-22T14:15:54","guid":{"rendered":"https:\/\/grontkontor.dk\/?post_type=product&#038;p=74098"},"modified":"2024-05-21T10:09:20","modified_gmt":"2024-05-21T08:09:20","slug":"steel-and-bamboo-drinking-bottle-8000ml","status":"publish","type":"product","link":"https:\/\/grontkontor.dk\/en\/shop\/steel-and-bamboo-drinking-bottle-8000ml\/","title":{"rendered":"Steel and bamboo drinking bottle 800ml"},"content":{"rendered":"<p>Exclusive climate-friendly stainless steel water bottle with bamboo lid and bamboo detailing. A climate and environmentally friendly water bottle perfect for corporate gifts or giveaways at trade shows and events.<br \/>\nCapacity: 800 ml. Comes in a gift box.<\/p>\n<p>Not suitable for microwave or dishwasher.<\/p>\n<p>The water bottle is Made from high quality steel, approved for food contact and 100% BPA free. <\/p>\n<p>Steel\/iron is a reusable and practically unlimited resource that does not pollute when disposed of. The production of steel in itself is not sustainable, as large amounts of CO2 are produced from fossil materials in the process. On the other hand, steel products have an extremely long lifespan and offer the possibility of endless repeated reuse, which means that the vast majority of steel on the market consists predominantly of recycled steel.  Bamboo is an extremely sustainable biodegradable material, with extremely fast regeneration when harvested. Bamboo, like other natural products, functions as a CO2 depot throughout the products lifetime. <\/p>\n<p>&nbsp;<\/p>\n","protected":false},"excerpt":{"rendered":"<p>Exclusive climate-friendly stainless steel water bottle with bamboo lid and bamboo detailing. A climate and environmentally friendly water bottle perfect for corporate gifts or giveaways at trade shows and events. Capacity: 800 ml. Comes in a gift box. Not suitable for microwave or dishwasher. The water bottle is &nbsp;<\/p>\n","protected":false},"featured_media":69907,"comment_status":"closed","ping_status":"closed","template":"","meta":{"_acf_changed":false},"product_cat":[4404,2106,2232,1999],"product_tag":[2958,1894,1893,2959],"class_list":{"0":"post-74098","1":"product","2":"type-product","3":"status-publish","4":"has-post-thumbnail","6":"product_cat-thermos-and-water-bottles","7":"product_cat-dummy-moq-1-en","8":"product_cat-food-and-drinkware","9":"product_cat-drikkedunke-og-termoflasker-en","10":"product_tag-drinking-bottles","11":"product_tag-vandflaske-en","12":"product_tag-drikkedunk-en","13":"product_tag-water-bottles","14":"pa_farve-assorted","15":"pa_farve-azure","16":"pa_farve-beige","17":"pa_farve-black-min-100-pcs","18":"pa_farve-black-gold-silver-en","19":"pa_farve-blue-min-100-pcs","20":"pa_farve-blue-min-15","21":"pa_farve-blue-min-15-pcs","22":"pa_farve-blue-yellow","23":"pa_farve-blue-green-yellow","24":"pa_farve-brown-en","25":"pa_farve-browne-en","26":"pa_farve-cream-en","27":"pa_farve-crimson-en","28":"pa_farve-dark-gray","29":"pa_farve-deep-green-en","30":"pa_farve-fuchsia-min-100-pcs","31":"pa_farve-gold","32":"pa_farve-green-en-2","33":"pa_farve-grey-min-100-pcs","34":"pa_farve-khaki","35":"pa_farve-light-gray","36":"pa_farve-lime-en","37":"pa_farve-many-en","38":"pa_farve-mint","39":"pa_farve-natural-min-100-pcs","40":"pa_farve-ocean-blue-en","41":"pa_farve-purple","42":"pa_farve-red-en-2","43":"pa_farve-red-min-100-pcs","44":"pa_farve-red-min-15","45":"pa_farve-red-min-15-pcs","46":"pa_farve-royal-blue","47":"pa_farve-silver-en","48":"pa_farve-silver-colored","49":"pa_farve-structure","50":"pa_farve-turquoise-en","51":"pa_farve-turquoise","52":"pa_farve-violate-en","53":"pa_farve-white-en-2","54":"pa_farve-yellow-en-2","55":"pa_farve-black-en","56":"pa_farve-black","57":"pa_farve-blue","58":"pa_farve-blue-en","59":"pa_farve-brun-en","60":"pa_farve-creme-en","61":"pa_farve-moerkeblaa-en","62":"pa_farve-moerkegroen-en","63":"pa_farve-grafit-en","64":"pa_farve-green-en","65":"pa_farve-grey-en-2","66":"pa_farve-grey-en","67":"pa_farve-lyseblaa-en","68":"pa_farve-lysegroen-en","69":"pa_farve-roedbrun-en","70":"pa_farve-mix-en","71":"pa_farve-sennep-en","72":"pa_farve-natur-en","73":"pa_farve-marineblaa-en","74":"pa_farve-oliven-en","75":"pa_farve-orange","76":"pa_farve-pink","77":"pa_farve-lilla-en","78":"pa_farve-red-en","79":"pa_farve-soelv-en","80":"pa_farve-white-en","81":"pa_farve-vinroed-en","82":"pa_farve-yellow-en","83":"tm-has-options","85":"first","86":"instock","87":"sale","88":"taxable","89":"shipping-taxable","90":"purchasable","91":"product-type-simple"},"acf":[],"yoast_head":"<!-- This site is optimized with the Yoast SEO Premium plugin v21.2 (Yoast SEO v21.2) - https:\/\/yoast.com\/wordpress\/plugins\/seo\/ -->\n<title>Steel and bamboo drinking bottle 800ml - Gr\u00f8nt Kontor<\/title>\n<meta name=\"robots\" content=\"index, follow, max-snippet:-1, max-image-preview:large, max-video-preview:-1\" \/>\n<link rel=\"canonical\" href=\"https:\/\/grontkontor.dk\/shop\/drikkedunk-staal-bambus-800ml\/\" \/>\n<meta property=\"og:locale\" content=\"en_US\" \/>\n<meta property=\"og:type\" content=\"article\" \/>\n<meta property=\"og:title\" content=\"Steel and bamboo drinking bottle 800ml\" \/>\n<meta property=\"og:description\" content=\"Exclusive climate-friendly stainless steel water bottle with bamboo lid and bamboo detailing. A climate and environmentally friendly water bottle perfect for corporate gifts or giveaways at trade shows and events. Capacity: 800 ml. Comes in a gift box. Not suitable for microwave or dishwasher. The water bottle is &nbsp;\" \/>\n<meta property=\"og:url\" content=\"https:\/\/grontkontor.dk\/shop\/drikkedunk-staal-bambus-800ml\/\" \/>\n<meta property=\"og:site_name\" content=\"Gr\u00f8nt Kontor\" \/>\n<meta property=\"article:publisher\" content=\"https:\/\/www.facebook.com\/grontkontor.dk\/\" \/>\n<meta property=\"article:modified_time\" content=\"2024-05-21T08:09:20+00:00\" \/>\n<meta property=\"og:image\" content=\"https:\/\/grontkontor.dk\/wp-content\/uploads\/2023\/09\/klimavenlig-flaske-i-staal-og-bambus-800-ml.jpg\" \/>\n\t<meta property=\"og:image:width\" content=\"900\" \/>\n\t<meta property=\"og:image:height\" content=\"639\" \/>\n\t<meta property=\"og:image:type\" content=\"image\/jpeg\" \/>\n<meta name=\"twitter:card\" content=\"summary_large_image\" \/>\n<meta name=\"twitter:label1\" content=\"Est. reading time\" \/>\n\t<meta name=\"twitter:data1\" content=\"1 minute\" \/>\n<script type=\"application\/ld+json\" class=\"yoast-schema-graph\">{\"@context\":\"https:\/\/schema.org\",\"@graph\":[{\"@type\":\"WebPage\",\"@id\":\"https:\/\/grontkontor.dk\/shop\/drikkedunk-staal-bambus-800ml\/\",\"url\":\"https:\/\/grontkontor.dk\/shop\/drikkedunk-staal-bambus-800ml\/\",\"name\":\"Steel and bamboo drinking bottle 800ml - Gr\u00f8nt Kontor\",\"isPartOf\":{\"@id\":\"https:\/\/grontkontor.dk\/#website\"},\"datePublished\":\"2023-09-22T14:15:54+00:00\",\"dateModified\":\"2024-05-21T08:09:20+00:00\",\"breadcrumb\":{\"@id\":\"https:\/\/grontkontor.dk\/shop\/drikkedunk-staal-bambus-800ml\/#breadcrumb\"},\"inLanguage\":\"en-US\",\"potentialAction\":[{\"@type\":\"ReadAction\",\"target\":[\"https:\/\/grontkontor.dk\/shop\/drikkedunk-staal-bambus-800ml\/\"]}]},{\"@type\":\"BreadcrumbList\",\"@id\":\"https:\/\/grontkontor.dk\/shop\/drikkedunk-staal-bambus-800ml\/#breadcrumb\",\"itemListElement\":[{\"@type\":\"ListItem\",\"position\":1,\"name\":\"Forside\",\"item\":\"https:\/\/grontkontor.dk\/\"},{\"@type\":\"ListItem\",\"position\":2,\"name\":\"Shop\",\"item\":\"https:\/\/grontkontor.dk\/en\/shop-2\/\"},{\"@type\":\"ListItem\",\"position\":3,\"name\":\"Climate-friendly corporate gifts\",\"item\":\"https:\/\/grontkontor.dk\/en\/produkt-kategori\/sustainable-presents\/\"},{\"@type\":\"ListItem\",\"position\":4,\"name\":\"Thermos and water bottles\",\"item\":\"https:\/\/grontkontor.dk\/en\/produkt-kategori\/sustainable-presents\/thermos-and-water-bottles\/\"},{\"@type\":\"ListItem\",\"position\":5,\"name\":\"Steel and bamboo drinking bottle 800ml\"}]},{\"@type\":\"WebSite\",\"@id\":\"https:\/\/grontkontor.dk\/#website\",\"url\":\"https:\/\/grontkontor.dk\/\",\"name\":\"Gr\u00f8nt Kontor\",\"description\":\"Milj\u00f8venlige produkter til kontor og erhverv med fokus p\u00e5 b\u00e6redygtighed, design og fair trade.\",\"publisher\":{\"@id\":\"https:\/\/grontkontor.dk\/#organization\"},\"potentialAction\":[{\"@type\":\"SearchAction\",\"target\":{\"@type\":\"EntryPoint\",\"urlTemplate\":\"https:\/\/grontkontor.dk\/?s={search_term_string}\"},\"query-input\":\"required name=search_term_string\"}],\"inLanguage\":\"en-US\"},{\"@type\":\"Organization\",\"@id\":\"https:\/\/grontkontor.dk\/#organization\",\"name\":\"Gr\u00f8nt Kontor\",\"url\":\"https:\/\/grontkontor.dk\/\",\"logo\":{\"@type\":\"ImageObject\",\"inLanguage\":\"en-US\",\"@id\":\"https:\/\/grontkontor.dk\/#\/schema\/logo\/image\/\",\"url\":\"https:\/\/grontkontor.dk\/wp-content\/uploads\/2014\/02\/Logo_groent_kontor_300x80.png\",\"contentUrl\":\"https:\/\/grontkontor.dk\/wp-content\/uploads\/2014\/02\/Logo_groent_kontor_300x80.png\",\"width\":300,\"height\":80,\"caption\":\"Gr\u00f8nt Kontor\"},\"image\":{\"@id\":\"https:\/\/grontkontor.dk\/#\/schema\/logo\/image\/\"},\"sameAs\":[\"https:\/\/www.facebook.com\/grontkontor.dk\/\"]}]}<\/script>\n<!-- \/ Yoast SEO Premium plugin. -->","yoast_head_json":{"title":"Steel and bamboo drinking bottle 800ml - Gr\u00f8nt Kontor","robots":{"index":"index","follow":"follow","max-snippet":"max-snippet:-1","max-image-preview":"max-image-preview:large","max-video-preview":"max-video-preview:-1"},"canonical":"https:\/\/grontkontor.dk\/shop\/drikkedunk-staal-bambus-800ml\/","og_locale":"en_US","og_type":"article","og_title":"Steel and bamboo drinking bottle 800ml","og_description":"Exclusive climate-friendly stainless steel water bottle with bamboo lid and bamboo detailing. A climate and environmentally friendly water bottle perfect for corporate gifts or giveaways at trade shows and events. Capacity: 800 ml. Comes in a gift box. Not suitable for microwave or dishwasher. The water bottle is &nbsp;","og_url":"https:\/\/grontkontor.dk\/shop\/drikkedunk-staal-bambus-800ml\/","og_site_name":"Gr\u00f8nt Kontor","article_publisher":"https:\/\/www.facebook.com\/grontkontor.dk\/","article_modified_time":"2024-05-21T08:09:20+00:00","og_image":[{"width":900,"height":639,"url":"https:\/\/grontkontor.dk\/wp-content\/uploads\/2023\/09\/klimavenlig-flaske-i-staal-og-bambus-800-ml.jpg","type":"image\/jpeg"}],"twitter_card":"summary_large_image","twitter_misc":{"Est. reading time":"1 minute"},"schema":{"@context":"https:\/\/schema.org","@graph":[{"@type":"WebPage","@id":"https:\/\/grontkontor.dk\/shop\/drikkedunk-staal-bambus-800ml\/","url":"https:\/\/grontkontor.dk\/shop\/drikkedunk-staal-bambus-800ml\/","name":"Steel and bamboo drinking bottle 800ml - Gr\u00f8nt Kontor","isPartOf":{"@id":"https:\/\/grontkontor.dk\/#website"},"datePublished":"2023-09-22T14:15:54+00:00","dateModified":"2024-05-21T08:09:20+00:00","breadcrumb":{"@id":"https:\/\/grontkontor.dk\/shop\/drikkedunk-staal-bambus-800ml\/#breadcrumb"},"inLanguage":"en-US","potentialAction":[{"@type":"ReadAction","target":["https:\/\/grontkontor.dk\/shop\/drikkedunk-staal-bambus-800ml\/"]}]},{"@type":"BreadcrumbList","@id":"https:\/\/grontkontor.dk\/shop\/drikkedunk-staal-bambus-800ml\/#breadcrumb","itemListElement":[{"@type":"ListItem","position":1,"name":"Forside","item":"https:\/\/grontkontor.dk\/"},{"@type":"ListItem","position":2,"name":"Shop","item":"https:\/\/grontkontor.dk\/en\/shop-2\/"},{"@type":"ListItem","position":3,"name":"Climate-friendly corporate gifts","item":"https:\/\/grontkontor.dk\/en\/produkt-kategori\/sustainable-presents\/"},{"@type":"ListItem","position":4,"name":"Thermos and water bottles","item":"https:\/\/grontkontor.dk\/en\/produkt-kategori\/sustainable-presents\/thermos-and-water-bottles\/"},{"@type":"ListItem","position":5,"name":"Steel and bamboo drinking bottle 800ml"}]},{"@type":"WebSite","@id":"https:\/\/grontkontor.dk\/#website","url":"https:\/\/grontkontor.dk\/","name":"Gr\u00f8nt Kontor","description":"Milj\u00f8venlige produkter til kontor og erhverv med fokus p\u00e5 b\u00e6redygtighed, design og fair trade.","publisher":{"@id":"https:\/\/grontkontor.dk\/#organization"},"potentialAction":[{"@type":"SearchAction","target":{"@type":"EntryPoint","urlTemplate":"https:\/\/grontkontor.dk\/?s={search_term_string}"},"query-input":"required name=search_term_string"}],"inLanguage":"en-US"},{"@type":"Organization","@id":"https:\/\/grontkontor.dk\/#organization","name":"Gr\u00f8nt Kontor","url":"https:\/\/grontkontor.dk\/","logo":{"@type":"ImageObject","inLanguage":"en-US","@id":"https:\/\/grontkontor.dk\/#\/schema\/logo\/image\/","url":"https:\/\/grontkontor.dk\/wp-content\/uploads\/2014\/02\/Logo_groent_kontor_300x80.png","contentUrl":"https:\/\/grontkontor.dk\/wp-content\/uploads\/2014\/02\/Logo_groent_kontor_300x80.png","width":300,"height":80,"caption":"Gr\u00f8nt Kontor"},"image":{"@id":"https:\/\/grontkontor.dk\/#\/schema\/logo\/image\/"},"sameAs":["https:\/\/www.facebook.com\/grontkontor.dk\/"]}]}},"_links":{"self":[{"href":"https:\/\/grontkontor.dk\/en\/wp-json\/wp\/v2\/product\/74098"}],"collection":[{"href":"https:\/\/grontkontor.dk\/en\/wp-json\/wp\/v2\/product"}],"about":[{"href":"https:\/\/grontkontor.dk\/en\/wp-json\/wp\/v2\/types\/product"}],"replies":[{"embeddable":true,"href":"https:\/\/grontkontor.dk\/en\/wp-json\/wp\/v2\/comments?post=74098"}],"wp:featuredmedia":[{"embeddable":true,"href":"https:\/\/grontkontor.dk\/en\/wp-json\/wp\/v2\/media\/69907"}],"wp:attachment":[{"href":"https:\/\/grontkontor.dk\/en\/wp-json\/wp\/v2\/media?parent=74098"}],"wp:term":[{"taxonomy":"product_cat","embeddable":true,"href":"https:\/\/grontkontor.dk\/en\/wp-json\/wp\/v2\/product_cat?post=74098"},{"taxonomy":"product_tag","embeddable":true,"href":"https:\/\/grontkontor.dk\/en\/wp-json\/wp\/v2\/product_tag?post=74098"}],"curies":[{"name":"wp","href":"https:\/\/api.w.org\/{rel}","templated":true}]}}