{"id":74175,"date":"2023-09-22T14:07:35","date_gmt":"2023-09-22T14:17:34","guid":{"rendered":"https:\/\/grontkontor.dk\/produkt\/cutting-board-in-bamboo-and-slate-kopier-kopier-kopier-kopier-kopier-kopier\/"},"modified":"2023-09-22T16:17:47","modified_gmt":"2023-09-22T14:17:47","slug":"cutting-board-in-bamboo-and-slate-kopier-kopier-kopier-kopier-kopier-kopier","status":"publish","type":"product","link":"https:\/\/grontkontor.dk\/en\/shop\/cutting-board-in-bamboo-and-slate-kopier-kopier-kopier-kopier-kopier-kopier\/","title":{"rendered":"Cutting board in bamboo and slate (Kopier) (Kopier) (Kopier) (Kopier) (Kopier) (Kopier)"},"content":{"rendered":"<p>This climate-friendly cutting board is made of a combination of bamboo and slate, and has a smooth and durable polished finish. Ideal for cutting and presentation. It features a handle for easy operation and a string for hanging. The slate board is detachable, ensuring easy cleaning. Comes in an individual box.<\/p>\n<p>&nbsp;<\/p>\nBamboo is an extremely sustainable material, and one of the fastest growing plants in the world, which means rapid regeneration when harvested. Bamboo is grown without pesticides or artificial fertilizers and, like other natural products, functions as a CO2 depot throughout the products lifetime. \n","protected":false},"excerpt":{"rendered":"<p>This climate-friendly cutting board is made of a combination of bamboo and slate, and has a smooth and durable polished finish. Ideal for cutting and presentation. It features a handle for easy operation and a string for hanging. The slate board is detachable, ensuring easy cleaning. Comes in an individual box. &nbsp;<\/p>\n","protected":false},"featured_media":70737,"comment_status":"closed","ping_status":"open","template":"","meta":{"_acf_changed":false},"product_cat":[1262,2106,2389,2390],"product_tag":[1692],"class_list":{"0":"post-74175","1":"product","2":"type-product","3":"status-publish","4":"has-post-thumbnail","6":"product_cat-sustainable-presents","7":"product_cat-dummy-moq-1-en","8":"product_cat-hotel-restauration-cafe-en","9":"product_cat-news","10":"product_tag-koekken-en","11":"tm-has-options","13":"first","14":"instock","15":"taxable","16":"shipping-taxable","17":"purchasable","18":"product-type-simple"},"acf":[],"yoast_head":"<!-- This site is optimized with the Yoast SEO Premium plugin v21.2 (Yoast SEO v21.2) - https:\/\/yoast.com\/wordpress\/plugins\/seo\/ -->\n<title>Cutting board in bamboo and slate (Kopier) (Kopier) (Kopier) (Kopier) (Kopier) (Kopier) - Gr\u00f8nt Kontor<\/title>\n<meta name=\"robots\" content=\"index, follow, max-snippet:-1, max-image-preview:large, max-video-preview:-1\" \/>\n<link rel=\"canonical\" href=\"https:\/\/grontkontor.dk\/en\/shop\/cutting-board-in-bamboo-and-slate-kopier-kopier-kopier-kopier-kopier-kopier\/\" \/>\n<meta property=\"og:locale\" content=\"en_US\" \/>\n<meta property=\"og:type\" content=\"article\" \/>\n<meta property=\"og:title\" content=\"Cutting board in bamboo and slate (Kopier) (Kopier) (Kopier) (Kopier) (Kopier) (Kopier)\" \/>\n<meta property=\"og:description\" content=\"This climate-friendly cutting board is made of a combination of bamboo and slate, and has a smooth and durable polished finish. Ideal for cutting and presentation. It features a handle for easy operation and a string for hanging. The slate board is detachable, ensuring easy cleaning. Comes in an individual box. &nbsp;\" \/>\n<meta property=\"og:url\" content=\"https:\/\/grontkontor.dk\/en\/shop\/cutting-board-in-bamboo-and-slate-kopier-kopier-kopier-kopier-kopier-kopier\/\" \/>\n<meta property=\"og:site_name\" content=\"Gr\u00f8nt Kontor\" \/>\n<meta property=\"article:publisher\" content=\"https:\/\/www.facebook.com\/grontkontor.dk\/\" \/>\n<meta property=\"article:modified_time\" content=\"2023-09-22T14:17:47+00:00\" \/>\n<meta property=\"og:image\" content=\"https:\/\/grontkontor.dk\/wp-content\/uploads\/2023\/09\/Miljoevenlig-kagerulle-i-trae.jpg\" \/>\n\t<meta property=\"og:image:width\" content=\"900\" \/>\n\t<meta property=\"og:image:height\" content=\"639\" \/>\n\t<meta property=\"og:image:type\" content=\"image\/jpeg\" \/>\n<meta name=\"twitter:card\" content=\"summary_large_image\" \/>\n<script type=\"application\/ld+json\" class=\"yoast-schema-graph\">{\"@context\":\"https:\/\/schema.org\",\"@graph\":[{\"@type\":\"WebPage\",\"@id\":\"https:\/\/grontkontor.dk\/en\/shop\/cutting-board-in-bamboo-and-slate-kopier-kopier-kopier-kopier-kopier-kopier\/\",\"url\":\"https:\/\/grontkontor.dk\/en\/shop\/cutting-board-in-bamboo-and-slate-kopier-kopier-kopier-kopier-kopier-kopier\/\",\"name\":\"Cutting board in bamboo and slate (Kopier) (Kopier) (Kopier) (Kopier) (Kopier) (Kopier) - Gr\u00f8nt Kontor\",\"isPartOf\":{\"@id\":\"https:\/\/grontkontor.dk\/#website\"},\"datePublished\":\"2023-09-22T14:17:34+00:00\",\"dateModified\":\"2023-09-22T14:17:47+00:00\",\"breadcrumb\":{\"@id\":\"https:\/\/grontkontor.dk\/en\/shop\/cutting-board-in-bamboo-and-slate-kopier-kopier-kopier-kopier-kopier-kopier\/#breadcrumb\"},\"inLanguage\":\"en-US\",\"potentialAction\":[{\"@type\":\"ReadAction\",\"target\":[\"https:\/\/grontkontor.dk\/en\/shop\/cutting-board-in-bamboo-and-slate-kopier-kopier-kopier-kopier-kopier-kopier\/\"]}]},{\"@type\":\"BreadcrumbList\",\"@id\":\"https:\/\/grontkontor.dk\/en\/shop\/cutting-board-in-bamboo-and-slate-kopier-kopier-kopier-kopier-kopier-kopier\/#breadcrumb\",\"itemListElement\":[{\"@type\":\"ListItem\",\"position\":1,\"name\":\"Forside\",\"item\":\"https:\/\/grontkontor.dk\/\"},{\"@type\":\"ListItem\",\"position\":2,\"name\":\"Shop\",\"item\":\"https:\/\/grontkontor.dk\/en\/shop-2\/\"},{\"@type\":\"ListItem\",\"position\":3,\"name\":\"Dummy MOQ 1\",\"item\":\"https:\/\/grontkontor.dk\/en\/produkt-kategori\/dummy-moq-1-en\/\"},{\"@type\":\"ListItem\",\"position\":4,\"name\":\"Cutting board in bamboo and slate (Kopier) (Kopier) (Kopier) (Kopier) (Kopier) (Kopier)\"}]},{\"@type\":\"WebSite\",\"@id\":\"https:\/\/grontkontor.dk\/#website\",\"url\":\"https:\/\/grontkontor.dk\/\",\"name\":\"Gr\u00f8nt Kontor\",\"description\":\"Milj\u00f8venlige produkter til kontor og erhverv med fokus p\u00e5 b\u00e6redygtighed, design og fair trade.\",\"publisher\":{\"@id\":\"https:\/\/grontkontor.dk\/#organization\"},\"potentialAction\":[{\"@type\":\"SearchAction\",\"target\":{\"@type\":\"EntryPoint\",\"urlTemplate\":\"https:\/\/grontkontor.dk\/?s={search_term_string}\"},\"query-input\":\"required name=search_term_string\"}],\"inLanguage\":\"en-US\"},{\"@type\":\"Organization\",\"@id\":\"https:\/\/grontkontor.dk\/#organization\",\"name\":\"Gr\u00f8nt Kontor\",\"url\":\"https:\/\/grontkontor.dk\/\",\"logo\":{\"@type\":\"ImageObject\",\"inLanguage\":\"en-US\",\"@id\":\"https:\/\/grontkontor.dk\/#\/schema\/logo\/image\/\",\"url\":\"https:\/\/grontkontor.dk\/wp-content\/uploads\/2014\/02\/Logo_groent_kontor_300x80.png\",\"contentUrl\":\"https:\/\/grontkontor.dk\/wp-content\/uploads\/2014\/02\/Logo_groent_kontor_300x80.png\",\"width\":300,\"height\":80,\"caption\":\"Gr\u00f8nt Kontor\"},\"image\":{\"@id\":\"https:\/\/grontkontor.dk\/#\/schema\/logo\/image\/\"},\"sameAs\":[\"https:\/\/www.facebook.com\/grontkontor.dk\/\"]}]}<\/script>\n<!-- \/ Yoast SEO Premium plugin. -->","yoast_head_json":{"title":"Cutting board in bamboo and slate (Kopier) (Kopier) (Kopier) (Kopier) (Kopier) (Kopier) - Gr\u00f8nt Kontor","robots":{"index":"index","follow":"follow","max-snippet":"max-snippet:-1","max-image-preview":"max-image-preview:large","max-video-preview":"max-video-preview:-1"},"canonical":"https:\/\/grontkontor.dk\/en\/shop\/cutting-board-in-bamboo-and-slate-kopier-kopier-kopier-kopier-kopier-kopier\/","og_locale":"en_US","og_type":"article","og_title":"Cutting board in bamboo and slate (Kopier) (Kopier) (Kopier) (Kopier) (Kopier) (Kopier)","og_description":"This climate-friendly cutting board is made of a combination of bamboo and slate, and has a smooth and durable polished finish. Ideal for cutting and presentation. It features a handle for easy operation and a string for hanging. The slate board is detachable, ensuring easy cleaning. Comes in an individual box. &nbsp;","og_url":"https:\/\/grontkontor.dk\/en\/shop\/cutting-board-in-bamboo-and-slate-kopier-kopier-kopier-kopier-kopier-kopier\/","og_site_name":"Gr\u00f8nt Kontor","article_publisher":"https:\/\/www.facebook.com\/grontkontor.dk\/","article_modified_time":"2023-09-22T14:17:47+00:00","og_image":[{"width":900,"height":639,"url":"https:\/\/grontkontor.dk\/wp-content\/uploads\/2023\/09\/Miljoevenlig-kagerulle-i-trae.jpg","type":"image\/jpeg"}],"twitter_card":"summary_large_image","schema":{"@context":"https:\/\/schema.org","@graph":[{"@type":"WebPage","@id":"https:\/\/grontkontor.dk\/en\/shop\/cutting-board-in-bamboo-and-slate-kopier-kopier-kopier-kopier-kopier-kopier\/","url":"https:\/\/grontkontor.dk\/en\/shop\/cutting-board-in-bamboo-and-slate-kopier-kopier-kopier-kopier-kopier-kopier\/","name":"Cutting board in bamboo and slate (Kopier) (Kopier) (Kopier) (Kopier) (Kopier) (Kopier) - Gr\u00f8nt Kontor","isPartOf":{"@id":"https:\/\/grontkontor.dk\/#website"},"datePublished":"2023-09-22T14:17:34+00:00","dateModified":"2023-09-22T14:17:47+00:00","breadcrumb":{"@id":"https:\/\/grontkontor.dk\/en\/shop\/cutting-board-in-bamboo-and-slate-kopier-kopier-kopier-kopier-kopier-kopier\/#breadcrumb"},"inLanguage":"en-US","potentialAction":[{"@type":"ReadAction","target":["https:\/\/grontkontor.dk\/en\/shop\/cutting-board-in-bamboo-and-slate-kopier-kopier-kopier-kopier-kopier-kopier\/"]}]},{"@type":"BreadcrumbList","@id":"https:\/\/grontkontor.dk\/en\/shop\/cutting-board-in-bamboo-and-slate-kopier-kopier-kopier-kopier-kopier-kopier\/#breadcrumb","itemListElement":[{"@type":"ListItem","position":1,"name":"Forside","item":"https:\/\/grontkontor.dk\/"},{"@type":"ListItem","position":2,"name":"Shop","item":"https:\/\/grontkontor.dk\/en\/shop-2\/"},{"@type":"ListItem","position":3,"name":"Dummy MOQ 1","item":"https:\/\/grontkontor.dk\/en\/produkt-kategori\/dummy-moq-1-en\/"},{"@type":"ListItem","position":4,"name":"Cutting board in bamboo and slate (Kopier) (Kopier) (Kopier) (Kopier) (Kopier) (Kopier)"}]},{"@type":"WebSite","@id":"https:\/\/grontkontor.dk\/#website","url":"https:\/\/grontkontor.dk\/","name":"Gr\u00f8nt Kontor","description":"Milj\u00f8venlige produkter til kontor og erhverv med fokus p\u00e5 b\u00e6redygtighed, design og fair trade.","publisher":{"@id":"https:\/\/grontkontor.dk\/#organization"},"potentialAction":[{"@type":"SearchAction","target":{"@type":"EntryPoint","urlTemplate":"https:\/\/grontkontor.dk\/?s={search_term_string}"},"query-input":"required name=search_term_string"}],"inLanguage":"en-US"},{"@type":"Organization","@id":"https:\/\/grontkontor.dk\/#organization","name":"Gr\u00f8nt Kontor","url":"https:\/\/grontkontor.dk\/","logo":{"@type":"ImageObject","inLanguage":"en-US","@id":"https:\/\/grontkontor.dk\/#\/schema\/logo\/image\/","url":"https:\/\/grontkontor.dk\/wp-content\/uploads\/2014\/02\/Logo_groent_kontor_300x80.png","contentUrl":"https:\/\/grontkontor.dk\/wp-content\/uploads\/2014\/02\/Logo_groent_kontor_300x80.png","width":300,"height":80,"caption":"Gr\u00f8nt Kontor"},"image":{"@id":"https:\/\/grontkontor.dk\/#\/schema\/logo\/image\/"},"sameAs":["https:\/\/www.facebook.com\/grontkontor.dk\/"]}]}},"_links":{"self":[{"href":"https:\/\/grontkontor.dk\/en\/wp-json\/wp\/v2\/product\/74175"}],"collection":[{"href":"https:\/\/grontkontor.dk\/en\/wp-json\/wp\/v2\/product"}],"about":[{"href":"https:\/\/grontkontor.dk\/en\/wp-json\/wp\/v2\/types\/product"}],"replies":[{"embeddable":true,"href":"https:\/\/grontkontor.dk\/en\/wp-json\/wp\/v2\/comments?post=74175"}],"wp:featuredmedia":[{"embeddable":true,"href":"https:\/\/grontkontor.dk\/en\/wp-json\/wp\/v2\/media\/70737"}],"wp:attachment":[{"href":"https:\/\/grontkontor.dk\/en\/wp-json\/wp\/v2\/media?parent=74175"}],"wp:term":[{"taxonomy":"product_cat","embeddable":true,"href":"https:\/\/grontkontor.dk\/en\/wp-json\/wp\/v2\/product_cat?post=74175"},{"taxonomy":"product_tag","embeddable":true,"href":"https:\/\/grontkontor.dk\/en\/wp-json\/wp\/v2\/product_tag?post=74175"}],"curies":[{"name":"wp","href":"https:\/\/api.w.org\/{rel}","templated":true}]}}