{"id":74176,"date":"2023-09-22T14:07:35","date_gmt":"2023-09-22T14:17:34","guid":{"rendered":"https:\/\/grontkontor.dk\/produkt\/credit-card-holder-in-cork-kopier-kopier\/"},"modified":"2024-05-15T12:12:04","modified_gmt":"2024-05-15T10:12:04","slug":"cork-card-holder-w-wo-print","status":"publish","type":"product","link":"https:\/\/grontkontor.dk\/en\/shop\/cork-card-holder-w-wo-print\/","title":{"rendered":"Cork card holder w\/wo print"},"content":{"rendered":"<p>Climate-friendly card holder in cork. Holds up to 6 cards or can be used for business cards. A great eco-friendly choice as a handout for trade fairs, events or corporate gifts. Available with print or engraving.<\/p>\n<p>The card holder has RFID protection in aluminum that protects your cards from skimming or involuntary scanning.<\/p>\n<p>&nbsp;<\/p>\nCork is a highly sustainable, biodegradable and compostable natural material that originates from the cork oak that grows throughout the Mediterranean region. Cork is a rapidly regenerating resource that can be harvested every year from the same tree. Additionally, cork forests support one of the highest levels of biodiversity compared to other forest types. \n<p>&nbsp;<\/p>\n","protected":false},"excerpt":{"rendered":"<p>Climate-friendly card holder in cork. Holds up to 6 cards or can be used for business cards. A great eco-friendly choice as a handout for trade fairs, events or corporate gifts. Available with print or engraving. The card holder has RFID protection in aluminum that protects your cards from skimming or involuntary scanning. &nbsp; &nbsp;<\/p>\n","protected":false},"featured_media":70750,"comment_status":"closed","ping_status":"closed","template":"","meta":{"_acf_changed":false},"product_cat":[1310,1262,1867,1313,2106,2390,1853],"product_tag":[1430,1594,1429],"class_list":{"0":"post-74176","1":"product","2":"type-product","3":"status-publish","4":"has-post-thumbnail","6":"product_cat-bags-and-covers","7":"product_cat-sustainable-presents","8":"product_cat-cork-products-uk","9":"product_cat-credit-card-holders-and-purses","10":"product_cat-dummy-moq-1-en","11":"product_cat-news","12":"product_cat-product-series","13":"product_tag-card-holder","14":"product_tag-visitkortholder-en","15":"product_tag-wallet-en","16":"pa_farve-brun-en","17":"pa_farve-natur-en","18":"tm-has-options","20":"first","21":"instock","22":"taxable","23":"shipping-taxable","24":"purchasable","25":"product-type-simple"},"acf":[],"yoast_head":"<!-- This site is optimized with the Yoast SEO Premium plugin v21.2 (Yoast SEO v21.2) - https:\/\/yoast.com\/wordpress\/plugins\/seo\/ -->\n<title>Cork card holder w\/wo print - Gr\u00f8nt Kontor<\/title>\n<meta name=\"robots\" content=\"index, follow, max-snippet:-1, max-image-preview:large, max-video-preview:-1\" \/>\n<link rel=\"canonical\" href=\"https:\/\/grontkontor.dk\/en\/shop\/cork-card-holder-w-wo-print\/\" \/>\n<meta property=\"og:locale\" content=\"en_US\" \/>\n<meta property=\"og:type\" content=\"article\" \/>\n<meta property=\"og:title\" content=\"Cork card holder w\/wo print\" \/>\n<meta property=\"og:description\" content=\"Climate-friendly card holder in cork. Holds up to 6 cards or can be used for business cards. A great eco-friendly choice as a handout for trade fairs, events or corporate gifts. Available with print or engraving. The card holder has RFID protection in aluminum that protects your cards from skimming or involuntary scanning. &nbsp; &nbsp;\" \/>\n<meta property=\"og:url\" content=\"https:\/\/grontkontor.dk\/en\/shop\/cork-card-holder-w-wo-print\/\" \/>\n<meta property=\"og:site_name\" content=\"Gr\u00f8nt Kontor\" \/>\n<meta property=\"article:publisher\" content=\"https:\/\/www.facebook.com\/grontkontor.dk\/\" \/>\n<meta property=\"article:modified_time\" content=\"2024-05-15T10:12:04+00:00\" \/>\n<meta property=\"og:image\" content=\"https:\/\/grontkontor.dk\/wp-content\/uploads\/2023\/09\/Miljvenlig-rfid-kreditkortholder-i-kork.jpg\" \/>\n\t<meta property=\"og:image:width\" content=\"900\" \/>\n\t<meta property=\"og:image:height\" content=\"639\" \/>\n\t<meta property=\"og:image:type\" content=\"image\/jpeg\" \/>\n<meta name=\"twitter:card\" content=\"summary_large_image\" \/>\n<meta name=\"twitter:label1\" content=\"Est. reading time\" \/>\n\t<meta name=\"twitter:data1\" content=\"1 minute\" \/>\n<script type=\"application\/ld+json\" class=\"yoast-schema-graph\">{\"@context\":\"https:\/\/schema.org\",\"@graph\":[{\"@type\":\"WebPage\",\"@id\":\"https:\/\/grontkontor.dk\/en\/shop\/cork-card-holder-w-wo-print\/\",\"url\":\"https:\/\/grontkontor.dk\/en\/shop\/cork-card-holder-w-wo-print\/\",\"name\":\"Cork card holder w\/wo print - Gr\u00f8nt Kontor\",\"isPartOf\":{\"@id\":\"https:\/\/grontkontor.dk\/#website\"},\"datePublished\":\"2023-09-22T14:17:34+00:00\",\"dateModified\":\"2024-05-15T10:12:04+00:00\",\"breadcrumb\":{\"@id\":\"https:\/\/grontkontor.dk\/en\/shop\/cork-card-holder-w-wo-print\/#breadcrumb\"},\"inLanguage\":\"en-US\",\"potentialAction\":[{\"@type\":\"ReadAction\",\"target\":[\"https:\/\/grontkontor.dk\/en\/shop\/cork-card-holder-w-wo-print\/\"]}]},{\"@type\":\"BreadcrumbList\",\"@id\":\"https:\/\/grontkontor.dk\/en\/shop\/cork-card-holder-w-wo-print\/#breadcrumb\",\"itemListElement\":[{\"@type\":\"ListItem\",\"position\":1,\"name\":\"Forside\",\"item\":\"https:\/\/grontkontor.dk\/\"},{\"@type\":\"ListItem\",\"position\":2,\"name\":\"Shop\",\"item\":\"https:\/\/grontkontor.dk\/en\/shop-2\/\"},{\"@type\":\"ListItem\",\"position\":3,\"name\":\"Poser, tasker og covers\",\"item\":\"https:\/\/grontkontor.dk\/produkt-kategori\/poser-tasker-covers\/\"},{\"@type\":\"ListItem\",\"position\":4,\"name\":\"Kreditkortholdere og punge\",\"item\":\"https:\/\/grontkontor.dk\/produkt-kategori\/poser-tasker-covers\/punge\/\"},{\"@type\":\"ListItem\",\"position\":5,\"name\":\"Cork card holder w\/wo print\"}]},{\"@type\":\"WebSite\",\"@id\":\"https:\/\/grontkontor.dk\/#website\",\"url\":\"https:\/\/grontkontor.dk\/\",\"name\":\"Gr\u00f8nt Kontor\",\"description\":\"Milj\u00f8venlige produkter til kontor og erhverv med fokus p\u00e5 b\u00e6redygtighed, design og fair trade.\",\"publisher\":{\"@id\":\"https:\/\/grontkontor.dk\/#organization\"},\"potentialAction\":[{\"@type\":\"SearchAction\",\"target\":{\"@type\":\"EntryPoint\",\"urlTemplate\":\"https:\/\/grontkontor.dk\/?s={search_term_string}\"},\"query-input\":\"required name=search_term_string\"}],\"inLanguage\":\"en-US\"},{\"@type\":\"Organization\",\"@id\":\"https:\/\/grontkontor.dk\/#organization\",\"name\":\"Gr\u00f8nt Kontor\",\"url\":\"https:\/\/grontkontor.dk\/\",\"logo\":{\"@type\":\"ImageObject\",\"inLanguage\":\"en-US\",\"@id\":\"https:\/\/grontkontor.dk\/#\/schema\/logo\/image\/\",\"url\":\"https:\/\/grontkontor.dk\/wp-content\/uploads\/2014\/02\/Logo_groent_kontor_300x80.png\",\"contentUrl\":\"https:\/\/grontkontor.dk\/wp-content\/uploads\/2014\/02\/Logo_groent_kontor_300x80.png\",\"width\":300,\"height\":80,\"caption\":\"Gr\u00f8nt Kontor\"},\"image\":{\"@id\":\"https:\/\/grontkontor.dk\/#\/schema\/logo\/image\/\"},\"sameAs\":[\"https:\/\/www.facebook.com\/grontkontor.dk\/\"]}]}<\/script>\n<!-- \/ Yoast SEO Premium plugin. -->","yoast_head_json":{"title":"Cork card holder w\/wo print - Gr\u00f8nt Kontor","robots":{"index":"index","follow":"follow","max-snippet":"max-snippet:-1","max-image-preview":"max-image-preview:large","max-video-preview":"max-video-preview:-1"},"canonical":"https:\/\/grontkontor.dk\/en\/shop\/cork-card-holder-w-wo-print\/","og_locale":"en_US","og_type":"article","og_title":"Cork card holder w\/wo print","og_description":"Climate-friendly card holder in cork. Holds up to 6 cards or can be used for business cards. A great eco-friendly choice as a handout for trade fairs, events or corporate gifts. Available with print or engraving. The card holder has RFID protection in aluminum that protects your cards from skimming or involuntary scanning. &nbsp; &nbsp;","og_url":"https:\/\/grontkontor.dk\/en\/shop\/cork-card-holder-w-wo-print\/","og_site_name":"Gr\u00f8nt Kontor","article_publisher":"https:\/\/www.facebook.com\/grontkontor.dk\/","article_modified_time":"2024-05-15T10:12:04+00:00","og_image":[{"width":900,"height":639,"url":"https:\/\/grontkontor.dk\/wp-content\/uploads\/2023\/09\/Miljvenlig-rfid-kreditkortholder-i-kork.jpg","type":"image\/jpeg"}],"twitter_card":"summary_large_image","twitter_misc":{"Est. reading time":"1 minute"},"schema":{"@context":"https:\/\/schema.org","@graph":[{"@type":"WebPage","@id":"https:\/\/grontkontor.dk\/en\/shop\/cork-card-holder-w-wo-print\/","url":"https:\/\/grontkontor.dk\/en\/shop\/cork-card-holder-w-wo-print\/","name":"Cork card holder w\/wo print - Gr\u00f8nt Kontor","isPartOf":{"@id":"https:\/\/grontkontor.dk\/#website"},"datePublished":"2023-09-22T14:17:34+00:00","dateModified":"2024-05-15T10:12:04+00:00","breadcrumb":{"@id":"https:\/\/grontkontor.dk\/en\/shop\/cork-card-holder-w-wo-print\/#breadcrumb"},"inLanguage":"en-US","potentialAction":[{"@type":"ReadAction","target":["https:\/\/grontkontor.dk\/en\/shop\/cork-card-holder-w-wo-print\/"]}]},{"@type":"BreadcrumbList","@id":"https:\/\/grontkontor.dk\/en\/shop\/cork-card-holder-w-wo-print\/#breadcrumb","itemListElement":[{"@type":"ListItem","position":1,"name":"Forside","item":"https:\/\/grontkontor.dk\/"},{"@type":"ListItem","position":2,"name":"Shop","item":"https:\/\/grontkontor.dk\/en\/shop-2\/"},{"@type":"ListItem","position":3,"name":"Poser, tasker og covers","item":"https:\/\/grontkontor.dk\/produkt-kategori\/poser-tasker-covers\/"},{"@type":"ListItem","position":4,"name":"Kreditkortholdere og punge","item":"https:\/\/grontkontor.dk\/produkt-kategori\/poser-tasker-covers\/punge\/"},{"@type":"ListItem","position":5,"name":"Cork card holder w\/wo print"}]},{"@type":"WebSite","@id":"https:\/\/grontkontor.dk\/#website","url":"https:\/\/grontkontor.dk\/","name":"Gr\u00f8nt Kontor","description":"Milj\u00f8venlige produkter til kontor og erhverv med fokus p\u00e5 b\u00e6redygtighed, design og fair trade.","publisher":{"@id":"https:\/\/grontkontor.dk\/#organization"},"potentialAction":[{"@type":"SearchAction","target":{"@type":"EntryPoint","urlTemplate":"https:\/\/grontkontor.dk\/?s={search_term_string}"},"query-input":"required name=search_term_string"}],"inLanguage":"en-US"},{"@type":"Organization","@id":"https:\/\/grontkontor.dk\/#organization","name":"Gr\u00f8nt Kontor","url":"https:\/\/grontkontor.dk\/","logo":{"@type":"ImageObject","inLanguage":"en-US","@id":"https:\/\/grontkontor.dk\/#\/schema\/logo\/image\/","url":"https:\/\/grontkontor.dk\/wp-content\/uploads\/2014\/02\/Logo_groent_kontor_300x80.png","contentUrl":"https:\/\/grontkontor.dk\/wp-content\/uploads\/2014\/02\/Logo_groent_kontor_300x80.png","width":300,"height":80,"caption":"Gr\u00f8nt Kontor"},"image":{"@id":"https:\/\/grontkontor.dk\/#\/schema\/logo\/image\/"},"sameAs":["https:\/\/www.facebook.com\/grontkontor.dk\/"]}]}},"_links":{"self":[{"href":"https:\/\/grontkontor.dk\/en\/wp-json\/wp\/v2\/product\/74176"}],"collection":[{"href":"https:\/\/grontkontor.dk\/en\/wp-json\/wp\/v2\/product"}],"about":[{"href":"https:\/\/grontkontor.dk\/en\/wp-json\/wp\/v2\/types\/product"}],"replies":[{"embeddable":true,"href":"https:\/\/grontkontor.dk\/en\/wp-json\/wp\/v2\/comments?post=74176"}],"wp:featuredmedia":[{"embeddable":true,"href":"https:\/\/grontkontor.dk\/en\/wp-json\/wp\/v2\/media\/70750"}],"wp:attachment":[{"href":"https:\/\/grontkontor.dk\/en\/wp-json\/wp\/v2\/media?parent=74176"}],"wp:term":[{"taxonomy":"product_cat","embeddable":true,"href":"https:\/\/grontkontor.dk\/en\/wp-json\/wp\/v2\/product_cat?post=74176"},{"taxonomy":"product_tag","embeddable":true,"href":"https:\/\/grontkontor.dk\/en\/wp-json\/wp\/v2\/product_tag?post=74176"}],"curies":[{"name":"wp","href":"https:\/\/api.w.org\/{rel}","templated":true}]}}