{"id":74191,"date":"2023-09-30T10:04:12","date_gmt":"2023-09-22T14:17:56","guid":{"rendered":"https:\/\/grontkontor.dk\/produkt\/id-card-holder-for-key-hanger-with-print-2\/"},"modified":"2024-05-15T11:50:54","modified_gmt":"2024-05-15T09:50:54","slug":"name-tag-for-keyhanger-with-print","status":"publish","type":"product","link":"https:\/\/grontkontor.dk\/en\/shop\/name-tag-for-keyhanger-with-print\/","title":{"rendered":"Name tag for keyhanger with print"},"content":{"rendered":"<p>Eco-friendly nameplate in recycled cardboard. Can be used as an ID card for keyhanger \/ lanyard at trade fairs &#8211; fits perfectly with our other keyhangers, e.g. this <a class=\"light\" href=\"https:\/\/grontkontor.dk\/produkt\/keyhanger-i-kork-og-sukkerroerfibre\/\">keyhanger in cork.<\/a><\/p>\n<p>Comes with static full color printing or variable name printing with up to 3 variables such as name, position and company. Made in Denmark &#8211; Europe<br \/>\nEdge printing option.<\/p>\n<p>&nbsp;<\/p>\nPaper \/ cardboard is usually produced from recycled paper or wood, which is a renewable resource. Paper is biodegradable and recyclable up to approx. 7 times. Recycled paper, PEFC or FSC certified paper is clearly preferable from an environmental point of view.\n<p>&nbsp;<\/p>\n<p>&nbsp;<\/p>\n<p><img loading=\"lazy\" decoding=\"async\" src=\"https:\/\/grontkontor.dk\/wp-content\/uploads\/2021\/02\/genbrug.jpg\" alt=\"Fremstillet af genbrugsmaterialer\" width=\"50\" height=\"50\" class=\"size-full wp-image-23031\" srcset=\"https:\/\/grontkontor.dk\/wp-content\/uploads\/2021\/02\/genbrug.jpg 199w, https:\/\/grontkontor.dk\/wp-content\/uploads\/2021\/02\/genbrug-100x100.jpg 100w\" sizes=\"(max-width: 50px) 100vw, 50px\" \/><img loading=\"lazy\" decoding=\"async\" class=\"size-medium wp-image-21008\" src=\"https:\/\/grontkontor.dk\/wp-content\/uploads\/2020\/11\/eu-flag_1-300x199.jpg\" alt=\"Fremstillet i EU\" width=\"76\" height=\"50\" srcset=\"https:\/\/grontkontor.dk\/wp-content\/uploads\/2020\/11\/eu-flag_1-300x199.jpg 300w, https:\/\/grontkontor.dk\/wp-content\/uploads\/2020\/11\/eu-flag_1.jpg 530w\" sizes=\"(max-width: 76px) 100vw, 76px\" \/><img loading=\"lazy\" decoding=\"async\" src=\"https:\/\/grontkontor.dk\/wp-content\/uploads\/2022\/04\/fremstillet-i-danmark.jpg\" alt=\"Fremstillet i dk danmark\" width=\"66\" height=\"50\" class=\"size-full wp-image-35747\" \/><\/p>\n<p>&nbsp;<\/p>\n","protected":false},"excerpt":{"rendered":"<p>Eco-friendly nameplate in recycled cardboard. Can be used as an ID card for keyhanger \/ lanyard at trade fairs &#8211; fits perfectly with our other keyhangers, e.g. this keyhanger in cork. Comes with static full color printing or variable name printing with up to 3 variables such as name, position and company. Made in Denmark [&hellip;]<\/p>\n","protected":false},"featured_media":70853,"comment_status":"closed","ping_status":"closed","template":"","meta":{"_acf_changed":false},"product_cat":[2734,2122,2390],"product_tag":[2736,2735],"class_list":{"0":"post-74191","1":"product","2":"type-product","3":"status-publish","4":"has-post-thumbnail","6":"product_cat-keyhangers-and-name-badges","7":"product_cat-dummy-moq-50-100-en","8":"product_cat-news","9":"product_tag-id-card","10":"product_tag-nameplate","11":"tm-has-options","13":"first","14":"instock","15":"taxable","16":"shipping-taxable","17":"purchasable","18":"product-type-simple"},"acf":[],"yoast_head":"<!-- This site is optimized with the Yoast SEO Premium plugin v21.2 (Yoast SEO v21.2) - https:\/\/yoast.com\/wordpress\/plugins\/seo\/ -->\n<title>Name tag for keyhanger with print - Gr\u00f8nt Kontor<\/title>\n<meta name=\"robots\" content=\"index, follow, max-snippet:-1, max-image-preview:large, max-video-preview:-1\" \/>\n<link rel=\"canonical\" href=\"https:\/\/grontkontor.dk\/en\/shop\/name-tag-for-keyhanger-with-print\/\" \/>\n<meta property=\"og:locale\" content=\"en_US\" \/>\n<meta property=\"og:type\" content=\"article\" \/>\n<meta property=\"og:title\" content=\"Name tag for keyhanger with print\" \/>\n<meta property=\"og:description\" content=\"Eco-friendly nameplate in recycled cardboard. Can be used as an ID card for keyhanger \/ lanyard at trade fairs &#8211; fits perfectly with our other keyhangers, e.g. this keyhanger in cork. Comes with static full color printing or variable name printing with up to 3 variables such as name, position and company. Made in Denmark [&hellip;]\" \/>\n<meta property=\"og:url\" content=\"https:\/\/grontkontor.dk\/en\/shop\/name-tag-for-keyhanger-with-print\/\" \/>\n<meta property=\"og:site_name\" content=\"Gr\u00f8nt Kontor\" \/>\n<meta property=\"article:publisher\" content=\"https:\/\/www.facebook.com\/grontkontor.dk\/\" \/>\n<meta property=\"article:modified_time\" content=\"2024-05-15T09:50:54+00:00\" \/>\n<meta property=\"og:image\" content=\"https:\/\/grontkontor.dk\/wp-content\/uploads\/2023\/09\/Miljoevenligt-navneskilt-i-genbrugspapir.jpg\" \/>\n\t<meta property=\"og:image:width\" content=\"900\" \/>\n\t<meta property=\"og:image:height\" content=\"639\" \/>\n\t<meta property=\"og:image:type\" content=\"image\/jpeg\" \/>\n<meta name=\"twitter:card\" content=\"summary_large_image\" \/>\n<meta name=\"twitter:label1\" content=\"Est. reading time\" \/>\n\t<meta name=\"twitter:data1\" content=\"1 minute\" \/>\n<script type=\"application\/ld+json\" class=\"yoast-schema-graph\">{\"@context\":\"https:\/\/schema.org\",\"@graph\":[{\"@type\":\"WebPage\",\"@id\":\"https:\/\/grontkontor.dk\/en\/shop\/name-tag-for-keyhanger-with-print\/\",\"url\":\"https:\/\/grontkontor.dk\/en\/shop\/name-tag-for-keyhanger-with-print\/\",\"name\":\"Name tag for keyhanger with print - Gr\u00f8nt Kontor\",\"isPartOf\":{\"@id\":\"https:\/\/grontkontor.dk\/#website\"},\"datePublished\":\"2023-09-22T14:17:56+00:00\",\"dateModified\":\"2024-05-15T09:50:54+00:00\",\"breadcrumb\":{\"@id\":\"https:\/\/grontkontor.dk\/en\/shop\/name-tag-for-keyhanger-with-print\/#breadcrumb\"},\"inLanguage\":\"en-US\",\"potentialAction\":[{\"@type\":\"ReadAction\",\"target\":[\"https:\/\/grontkontor.dk\/en\/shop\/name-tag-for-keyhanger-with-print\/\"]}]},{\"@type\":\"BreadcrumbList\",\"@id\":\"https:\/\/grontkontor.dk\/en\/shop\/name-tag-for-keyhanger-with-print\/#breadcrumb\",\"itemListElement\":[{\"@type\":\"ListItem\",\"position\":1,\"name\":\"Forside\",\"item\":\"https:\/\/grontkontor.dk\/\"},{\"@type\":\"ListItem\",\"position\":2,\"name\":\"Shop\",\"item\":\"https:\/\/grontkontor.dk\/en\/shop-2\/\"},{\"@type\":\"ListItem\",\"position\":3,\"name\":\"Messe og event\",\"item\":\"https:\/\/grontkontor.dk\/produkt-kategori\/messe-og-event\/\"},{\"@type\":\"ListItem\",\"position\":4,\"name\":\"Keyhangers og navneskilte\",\"item\":\"https:\/\/grontkontor.dk\/produkt-kategori\/messe-og-event\/keyhangers-og-navneskilte\/\"},{\"@type\":\"ListItem\",\"position\":5,\"name\":\"Name tag for keyhanger with print\"}]},{\"@type\":\"WebSite\",\"@id\":\"https:\/\/grontkontor.dk\/#website\",\"url\":\"https:\/\/grontkontor.dk\/\",\"name\":\"Gr\u00f8nt Kontor\",\"description\":\"Milj\u00f8venlige produkter til kontor og erhverv med fokus p\u00e5 b\u00e6redygtighed, design og fair trade.\",\"publisher\":{\"@id\":\"https:\/\/grontkontor.dk\/#organization\"},\"potentialAction\":[{\"@type\":\"SearchAction\",\"target\":{\"@type\":\"EntryPoint\",\"urlTemplate\":\"https:\/\/grontkontor.dk\/?s={search_term_string}\"},\"query-input\":\"required name=search_term_string\"}],\"inLanguage\":\"en-US\"},{\"@type\":\"Organization\",\"@id\":\"https:\/\/grontkontor.dk\/#organization\",\"name\":\"Gr\u00f8nt Kontor\",\"url\":\"https:\/\/grontkontor.dk\/\",\"logo\":{\"@type\":\"ImageObject\",\"inLanguage\":\"en-US\",\"@id\":\"https:\/\/grontkontor.dk\/#\/schema\/logo\/image\/\",\"url\":\"https:\/\/grontkontor.dk\/wp-content\/uploads\/2014\/02\/Logo_groent_kontor_300x80.png\",\"contentUrl\":\"https:\/\/grontkontor.dk\/wp-content\/uploads\/2014\/02\/Logo_groent_kontor_300x80.png\",\"width\":300,\"height\":80,\"caption\":\"Gr\u00f8nt Kontor\"},\"image\":{\"@id\":\"https:\/\/grontkontor.dk\/#\/schema\/logo\/image\/\"},\"sameAs\":[\"https:\/\/www.facebook.com\/grontkontor.dk\/\"]}]}<\/script>\n<!-- \/ Yoast SEO Premium plugin. -->","yoast_head_json":{"title":"Name tag for keyhanger with print - Gr\u00f8nt Kontor","robots":{"index":"index","follow":"follow","max-snippet":"max-snippet:-1","max-image-preview":"max-image-preview:large","max-video-preview":"max-video-preview:-1"},"canonical":"https:\/\/grontkontor.dk\/en\/shop\/name-tag-for-keyhanger-with-print\/","og_locale":"en_US","og_type":"article","og_title":"Name tag for keyhanger with print","og_description":"Eco-friendly nameplate in recycled cardboard. Can be used as an ID card for keyhanger \/ lanyard at trade fairs &#8211; fits perfectly with our other keyhangers, e.g. this keyhanger in cork. Comes with static full color printing or variable name printing with up to 3 variables such as name, position and company. Made in Denmark [&hellip;]","og_url":"https:\/\/grontkontor.dk\/en\/shop\/name-tag-for-keyhanger-with-print\/","og_site_name":"Gr\u00f8nt Kontor","article_publisher":"https:\/\/www.facebook.com\/grontkontor.dk\/","article_modified_time":"2024-05-15T09:50:54+00:00","og_image":[{"width":900,"height":639,"url":"https:\/\/grontkontor.dk\/wp-content\/uploads\/2023\/09\/Miljoevenligt-navneskilt-i-genbrugspapir.jpg","type":"image\/jpeg"}],"twitter_card":"summary_large_image","twitter_misc":{"Est. reading time":"1 minute"},"schema":{"@context":"https:\/\/schema.org","@graph":[{"@type":"WebPage","@id":"https:\/\/grontkontor.dk\/en\/shop\/name-tag-for-keyhanger-with-print\/","url":"https:\/\/grontkontor.dk\/en\/shop\/name-tag-for-keyhanger-with-print\/","name":"Name tag for keyhanger with print - Gr\u00f8nt Kontor","isPartOf":{"@id":"https:\/\/grontkontor.dk\/#website"},"datePublished":"2023-09-22T14:17:56+00:00","dateModified":"2024-05-15T09:50:54+00:00","breadcrumb":{"@id":"https:\/\/grontkontor.dk\/en\/shop\/name-tag-for-keyhanger-with-print\/#breadcrumb"},"inLanguage":"en-US","potentialAction":[{"@type":"ReadAction","target":["https:\/\/grontkontor.dk\/en\/shop\/name-tag-for-keyhanger-with-print\/"]}]},{"@type":"BreadcrumbList","@id":"https:\/\/grontkontor.dk\/en\/shop\/name-tag-for-keyhanger-with-print\/#breadcrumb","itemListElement":[{"@type":"ListItem","position":1,"name":"Forside","item":"https:\/\/grontkontor.dk\/"},{"@type":"ListItem","position":2,"name":"Shop","item":"https:\/\/grontkontor.dk\/en\/shop-2\/"},{"@type":"ListItem","position":3,"name":"Messe og event","item":"https:\/\/grontkontor.dk\/produkt-kategori\/messe-og-event\/"},{"@type":"ListItem","position":4,"name":"Keyhangers og navneskilte","item":"https:\/\/grontkontor.dk\/produkt-kategori\/messe-og-event\/keyhangers-og-navneskilte\/"},{"@type":"ListItem","position":5,"name":"Name tag for keyhanger with print"}]},{"@type":"WebSite","@id":"https:\/\/grontkontor.dk\/#website","url":"https:\/\/grontkontor.dk\/","name":"Gr\u00f8nt Kontor","description":"Milj\u00f8venlige produkter til kontor og erhverv med fokus p\u00e5 b\u00e6redygtighed, design og fair trade.","publisher":{"@id":"https:\/\/grontkontor.dk\/#organization"},"potentialAction":[{"@type":"SearchAction","target":{"@type":"EntryPoint","urlTemplate":"https:\/\/grontkontor.dk\/?s={search_term_string}"},"query-input":"required name=search_term_string"}],"inLanguage":"en-US"},{"@type":"Organization","@id":"https:\/\/grontkontor.dk\/#organization","name":"Gr\u00f8nt Kontor","url":"https:\/\/grontkontor.dk\/","logo":{"@type":"ImageObject","inLanguage":"en-US","@id":"https:\/\/grontkontor.dk\/#\/schema\/logo\/image\/","url":"https:\/\/grontkontor.dk\/wp-content\/uploads\/2014\/02\/Logo_groent_kontor_300x80.png","contentUrl":"https:\/\/grontkontor.dk\/wp-content\/uploads\/2014\/02\/Logo_groent_kontor_300x80.png","width":300,"height":80,"caption":"Gr\u00f8nt Kontor"},"image":{"@id":"https:\/\/grontkontor.dk\/#\/schema\/logo\/image\/"},"sameAs":["https:\/\/www.facebook.com\/grontkontor.dk\/"]}]}},"_links":{"self":[{"href":"https:\/\/grontkontor.dk\/en\/wp-json\/wp\/v2\/product\/74191"}],"collection":[{"href":"https:\/\/grontkontor.dk\/en\/wp-json\/wp\/v2\/product"}],"about":[{"href":"https:\/\/grontkontor.dk\/en\/wp-json\/wp\/v2\/types\/product"}],"replies":[{"embeddable":true,"href":"https:\/\/grontkontor.dk\/en\/wp-json\/wp\/v2\/comments?post=74191"}],"wp:featuredmedia":[{"embeddable":true,"href":"https:\/\/grontkontor.dk\/en\/wp-json\/wp\/v2\/media\/70853"}],"wp:attachment":[{"href":"https:\/\/grontkontor.dk\/en\/wp-json\/wp\/v2\/media?parent=74191"}],"wp:term":[{"taxonomy":"product_cat","embeddable":true,"href":"https:\/\/grontkontor.dk\/en\/wp-json\/wp\/v2\/product_cat?post=74191"},{"taxonomy":"product_tag","embeddable":true,"href":"https:\/\/grontkontor.dk\/en\/wp-json\/wp\/v2\/product_tag?post=74191"}],"curies":[{"name":"wp","href":"https:\/\/api.w.org\/{rel}","templated":true}]}}