{"id":78469,"date":"2023-10-11T11:25:36","date_gmt":"2023-10-11T09:25:36","guid":{"rendered":"https:\/\/grontkontor.dk\/?post_type=product&#038;p=78469"},"modified":"2024-05-15T11:15:19","modified_gmt":"2024-05-15T09:15:19","slug":"exclusive-ballpoint-pen-recycled-aluminium","status":"publish","type":"product","link":"https:\/\/grontkontor.dk\/en\/shop\/exclusive-ballpoint-pen-recycled-aluminium\/","title":{"rendered":"Exclusive ballpoint pen in recycled aluminium"},"content":{"rendered":"<p>Luxury ballpoint pen in climate-friendly recycled aluminium. An executive pen that can be used again and again. Comes with parks jumbo refill. Available in 3 different colors w\/wo printing or laser engraving.<\/p>\n<p>&nbsp;<\/p>\n<img loading=\"lazy\" decoding=\"async\" src=\"https:\/\/grontkontor.dk\/wp-content\/uploads\/2021\/02\/genbrug.jpg\" alt=\"Fremstillet af genbrugsmaterialer\" width=\"50\" height=\"50\" class=\"size-full wp-image-23031\" srcset=\"https:\/\/grontkontor.dk\/wp-content\/uploads\/2021\/02\/genbrug.jpg 199w, https:\/\/grontkontor.dk\/wp-content\/uploads\/2021\/02\/genbrug-100x100.jpg 100w\" sizes=\"(max-width: 50px) 100vw, 50px\" \/>\n","protected":false},"excerpt":{"rendered":"<p>Luxury ballpoint pen in climate-friendly recycled aluminium. An executive pen that can be used again and again. Comes with parks jumbo refill. Available in 3 different colors w\/wo printing or laser engraving. &nbsp;<\/p>\n","protected":false},"featured_media":78472,"comment_status":"closed","ping_status":"closed","template":"","meta":{"_acf_changed":false},"product_cat":[2106,2390,1252,1272,1286],"product_tag":[1253,1256],"class_list":{"0":"post-78469","1":"product","2":"type-product","3":"status-publish","4":"has-post-thumbnail","6":"product_cat-dummy-moq-1-en","7":"product_cat-news","8":"product_cat-ballpens","9":"product_cat-ball-pens-customized","10":"product_cat-writing-utensils","11":"product_tag-kuglepen-en","12":"product_tag-pen-en","13":"pa_farve-black","14":"pa_farve-marineblaa-en","15":"pa_farve-white-en","16":"tm-has-options","18":"first","19":"instock","20":"featured","21":"taxable","22":"shipping-taxable","23":"purchasable","24":"product-type-variable","25":"has-default-attributes"},"acf":[],"yoast_head":"<!-- This site is optimized with the Yoast SEO Premium plugin v21.2 (Yoast SEO v21.2) - https:\/\/yoast.com\/wordpress\/plugins\/seo\/ -->\n<title>Exclusive ballpoint pen in recycled aluminium - Gr\u00f8nt Kontor<\/title>\n<meta name=\"robots\" content=\"index, follow, max-snippet:-1, max-image-preview:large, max-video-preview:-1\" \/>\n<link rel=\"canonical\" href=\"https:\/\/grontkontor.dk\/en\/shop\/exclusive-ballpoint-pen-recycled-aluminium\/\" \/>\n<meta property=\"og:locale\" content=\"en_US\" \/>\n<meta property=\"og:type\" content=\"article\" \/>\n<meta property=\"og:title\" content=\"Exclusive ballpoint pen in recycled aluminium\" \/>\n<meta property=\"og:description\" content=\"Luxury ballpoint pen in climate-friendly recycled aluminium. An executive pen that can be used again and again. Comes with parks jumbo refill. Available in 3 different colors w\/wo printing or laser engraving. &nbsp;\" \/>\n<meta property=\"og:url\" content=\"https:\/\/grontkontor.dk\/en\/shop\/exclusive-ballpoint-pen-recycled-aluminium\/\" \/>\n<meta property=\"og:site_name\" content=\"Gr\u00f8nt Kontor\" \/>\n<meta property=\"article:publisher\" content=\"https:\/\/www.facebook.com\/grontkontor.dk\/\" \/>\n<meta property=\"article:modified_time\" content=\"2024-05-15T09:15:19+00:00\" \/>\n<meta property=\"og:image\" content=\"https:\/\/grontkontor.dk\/wp-content\/uploads\/2023\/10\/Miljoevenlig-kuglepen-i-recycled-aluminium-blaa.jpg\" \/>\n\t<meta property=\"og:image:width\" content=\"900\" \/>\n\t<meta property=\"og:image:height\" content=\"639\" \/>\n\t<meta property=\"og:image:type\" content=\"image\/jpeg\" \/>\n<meta name=\"twitter:card\" content=\"summary_large_image\" \/>\n<meta name=\"twitter:label1\" content=\"Est. reading time\" \/>\n\t<meta name=\"twitter:data1\" content=\"1 minute\" \/>\n<script type=\"application\/ld+json\" class=\"yoast-schema-graph\">{\"@context\":\"https:\/\/schema.org\",\"@graph\":[{\"@type\":\"WebPage\",\"@id\":\"https:\/\/grontkontor.dk\/en\/shop\/exclusive-ballpoint-pen-recycled-aluminium\/\",\"url\":\"https:\/\/grontkontor.dk\/en\/shop\/exclusive-ballpoint-pen-recycled-aluminium\/\",\"name\":\"Exclusive ballpoint pen in recycled aluminium - Gr\u00f8nt Kontor\",\"isPartOf\":{\"@id\":\"https:\/\/grontkontor.dk\/#website\"},\"datePublished\":\"2023-10-11T09:25:36+00:00\",\"dateModified\":\"2024-05-15T09:15:19+00:00\",\"breadcrumb\":{\"@id\":\"https:\/\/grontkontor.dk\/en\/shop\/exclusive-ballpoint-pen-recycled-aluminium\/#breadcrumb\"},\"inLanguage\":\"en-US\",\"potentialAction\":[{\"@type\":\"ReadAction\",\"target\":[\"https:\/\/grontkontor.dk\/en\/shop\/exclusive-ballpoint-pen-recycled-aluminium\/\"]}]},{\"@type\":\"BreadcrumbList\",\"@id\":\"https:\/\/grontkontor.dk\/en\/shop\/exclusive-ballpoint-pen-recycled-aluminium\/#breadcrumb\",\"itemListElement\":[{\"@type\":\"ListItem\",\"position\":1,\"name\":\"Forside\",\"item\":\"https:\/\/grontkontor.dk\/\"},{\"@type\":\"ListItem\",\"position\":2,\"name\":\"Shop\",\"item\":\"https:\/\/grontkontor.dk\/en\/shop-2\/\"},{\"@type\":\"ListItem\",\"position\":3,\"name\":\"Skrive- og pegeudstyr\",\"item\":\"https:\/\/grontkontor.dk\/produkt-kategori\/skrive-og-pegeudstyr\/\"},{\"@type\":\"ListItem\",\"position\":4,\"name\":\"Kuglepenne\",\"item\":\"https:\/\/grontkontor.dk\/produkt-kategori\/skrive-og-pegeudstyr\/kuglepenne\/\"},{\"@type\":\"ListItem\",\"position\":5,\"name\":\"Exclusive ballpoint pen in recycled aluminium\"}]},{\"@type\":\"WebSite\",\"@id\":\"https:\/\/grontkontor.dk\/#website\",\"url\":\"https:\/\/grontkontor.dk\/\",\"name\":\"Gr\u00f8nt Kontor\",\"description\":\"Milj\u00f8venlige produkter til kontor og erhverv med fokus p\u00e5 b\u00e6redygtighed, design og fair trade.\",\"publisher\":{\"@id\":\"https:\/\/grontkontor.dk\/#organization\"},\"potentialAction\":[{\"@type\":\"SearchAction\",\"target\":{\"@type\":\"EntryPoint\",\"urlTemplate\":\"https:\/\/grontkontor.dk\/?s={search_term_string}\"},\"query-input\":\"required name=search_term_string\"}],\"inLanguage\":\"en-US\"},{\"@type\":\"Organization\",\"@id\":\"https:\/\/grontkontor.dk\/#organization\",\"name\":\"Gr\u00f8nt Kontor\",\"url\":\"https:\/\/grontkontor.dk\/\",\"logo\":{\"@type\":\"ImageObject\",\"inLanguage\":\"en-US\",\"@id\":\"https:\/\/grontkontor.dk\/#\/schema\/logo\/image\/\",\"url\":\"https:\/\/grontkontor.dk\/wp-content\/uploads\/2014\/02\/Logo_groent_kontor_300x80.png\",\"contentUrl\":\"https:\/\/grontkontor.dk\/wp-content\/uploads\/2014\/02\/Logo_groent_kontor_300x80.png\",\"width\":300,\"height\":80,\"caption\":\"Gr\u00f8nt Kontor\"},\"image\":{\"@id\":\"https:\/\/grontkontor.dk\/#\/schema\/logo\/image\/\"},\"sameAs\":[\"https:\/\/www.facebook.com\/grontkontor.dk\/\"]}]}<\/script>\n<!-- \/ Yoast SEO Premium plugin. -->","yoast_head_json":{"title":"Exclusive ballpoint pen in recycled aluminium - Gr\u00f8nt Kontor","robots":{"index":"index","follow":"follow","max-snippet":"max-snippet:-1","max-image-preview":"max-image-preview:large","max-video-preview":"max-video-preview:-1"},"canonical":"https:\/\/grontkontor.dk\/en\/shop\/exclusive-ballpoint-pen-recycled-aluminium\/","og_locale":"en_US","og_type":"article","og_title":"Exclusive ballpoint pen in recycled aluminium","og_description":"Luxury ballpoint pen in climate-friendly recycled aluminium. An executive pen that can be used again and again. Comes with parks jumbo refill. Available in 3 different colors w\/wo printing or laser engraving. &nbsp;","og_url":"https:\/\/grontkontor.dk\/en\/shop\/exclusive-ballpoint-pen-recycled-aluminium\/","og_site_name":"Gr\u00f8nt Kontor","article_publisher":"https:\/\/www.facebook.com\/grontkontor.dk\/","article_modified_time":"2024-05-15T09:15:19+00:00","og_image":[{"width":900,"height":639,"url":"https:\/\/grontkontor.dk\/wp-content\/uploads\/2023\/10\/Miljoevenlig-kuglepen-i-recycled-aluminium-blaa.jpg","type":"image\/jpeg"}],"twitter_card":"summary_large_image","twitter_misc":{"Est. reading time":"1 minute"},"schema":{"@context":"https:\/\/schema.org","@graph":[{"@type":"WebPage","@id":"https:\/\/grontkontor.dk\/en\/shop\/exclusive-ballpoint-pen-recycled-aluminium\/","url":"https:\/\/grontkontor.dk\/en\/shop\/exclusive-ballpoint-pen-recycled-aluminium\/","name":"Exclusive ballpoint pen in recycled aluminium - Gr\u00f8nt Kontor","isPartOf":{"@id":"https:\/\/grontkontor.dk\/#website"},"datePublished":"2023-10-11T09:25:36+00:00","dateModified":"2024-05-15T09:15:19+00:00","breadcrumb":{"@id":"https:\/\/grontkontor.dk\/en\/shop\/exclusive-ballpoint-pen-recycled-aluminium\/#breadcrumb"},"inLanguage":"en-US","potentialAction":[{"@type":"ReadAction","target":["https:\/\/grontkontor.dk\/en\/shop\/exclusive-ballpoint-pen-recycled-aluminium\/"]}]},{"@type":"BreadcrumbList","@id":"https:\/\/grontkontor.dk\/en\/shop\/exclusive-ballpoint-pen-recycled-aluminium\/#breadcrumb","itemListElement":[{"@type":"ListItem","position":1,"name":"Forside","item":"https:\/\/grontkontor.dk\/"},{"@type":"ListItem","position":2,"name":"Shop","item":"https:\/\/grontkontor.dk\/en\/shop-2\/"},{"@type":"ListItem","position":3,"name":"Skrive- og pegeudstyr","item":"https:\/\/grontkontor.dk\/produkt-kategori\/skrive-og-pegeudstyr\/"},{"@type":"ListItem","position":4,"name":"Kuglepenne","item":"https:\/\/grontkontor.dk\/produkt-kategori\/skrive-og-pegeudstyr\/kuglepenne\/"},{"@type":"ListItem","position":5,"name":"Exclusive ballpoint pen in recycled aluminium"}]},{"@type":"WebSite","@id":"https:\/\/grontkontor.dk\/#website","url":"https:\/\/grontkontor.dk\/","name":"Gr\u00f8nt Kontor","description":"Milj\u00f8venlige produkter til kontor og erhverv med fokus p\u00e5 b\u00e6redygtighed, design og fair trade.","publisher":{"@id":"https:\/\/grontkontor.dk\/#organization"},"potentialAction":[{"@type":"SearchAction","target":{"@type":"EntryPoint","urlTemplate":"https:\/\/grontkontor.dk\/?s={search_term_string}"},"query-input":"required name=search_term_string"}],"inLanguage":"en-US"},{"@type":"Organization","@id":"https:\/\/grontkontor.dk\/#organization","name":"Gr\u00f8nt Kontor","url":"https:\/\/grontkontor.dk\/","logo":{"@type":"ImageObject","inLanguage":"en-US","@id":"https:\/\/grontkontor.dk\/#\/schema\/logo\/image\/","url":"https:\/\/grontkontor.dk\/wp-content\/uploads\/2014\/02\/Logo_groent_kontor_300x80.png","contentUrl":"https:\/\/grontkontor.dk\/wp-content\/uploads\/2014\/02\/Logo_groent_kontor_300x80.png","width":300,"height":80,"caption":"Gr\u00f8nt Kontor"},"image":{"@id":"https:\/\/grontkontor.dk\/#\/schema\/logo\/image\/"},"sameAs":["https:\/\/www.facebook.com\/grontkontor.dk\/"]}]}},"_links":{"self":[{"href":"https:\/\/grontkontor.dk\/en\/wp-json\/wp\/v2\/product\/78469"}],"collection":[{"href":"https:\/\/grontkontor.dk\/en\/wp-json\/wp\/v2\/product"}],"about":[{"href":"https:\/\/grontkontor.dk\/en\/wp-json\/wp\/v2\/types\/product"}],"replies":[{"embeddable":true,"href":"https:\/\/grontkontor.dk\/en\/wp-json\/wp\/v2\/comments?post=78469"}],"wp:featuredmedia":[{"embeddable":true,"href":"https:\/\/grontkontor.dk\/en\/wp-json\/wp\/v2\/media\/78472"}],"wp:attachment":[{"href":"https:\/\/grontkontor.dk\/en\/wp-json\/wp\/v2\/media?parent=78469"}],"wp:term":[{"taxonomy":"product_cat","embeddable":true,"href":"https:\/\/grontkontor.dk\/en\/wp-json\/wp\/v2\/product_cat?post=78469"},{"taxonomy":"product_tag","embeddable":true,"href":"https:\/\/grontkontor.dk\/en\/wp-json\/wp\/v2\/product_tag?post=78469"}],"curies":[{"name":"wp","href":"https:\/\/api.w.org\/{rel}","templated":true}]}}