{"id":78616,"date":"2023-10-17T10:41:58","date_gmt":"2023-10-17T08:41:58","guid":{"rendered":"https:\/\/grontkontor.dk\/?post_type=product&#038;p=78616"},"modified":"2024-05-15T11:04:15","modified_gmt":"2024-05-15T09:04:15","slug":"bamboo-ballpoint-pen-with-holder","status":"publish","type":"product","link":"https:\/\/grontkontor.dk\/en\/shop\/bamboo-ballpoint-pen-with-holder\/","title":{"rendered":"Bamboo ballpoint pen with holder"},"content":{"rendered":"<p>Eco-friendly pen with holder &#8211; both in bamboo. Perfect for the climate-friendly office or reception. Delivered w\/wo logo printing or engraving in individually packed gift box. Bamboo is an extremely sustainable material, and one of the fastest growing plants in the world, which means rapid regeneration when harvested. Bamboo is grown without pesticides or artificial fertilizers and, like other natural products, functions as a CO2 depot throughout the products lifetime. <\/p>\n","protected":false},"excerpt":{"rendered":"<p>Eco-friendly pen with holder &#8211; both in bamboo. Perfect for the climate-friendly office or reception. Delivered w\/wo logo printing or engraving in individually packed gift box.<\/p>\n","protected":false},"featured_media":78627,"comment_status":"closed","ping_status":"closed","template":"","meta":{"_acf_changed":false},"product_cat":[2106,2390,1252,1286],"product_tag":[1253],"class_list":{"0":"post-78616","1":"product","2":"type-product","3":"status-publish","4":"has-post-thumbnail","6":"product_cat-dummy-moq-1-en","7":"product_cat-news","8":"product_cat-ballpens","9":"product_cat-writing-utensils","10":"product_tag-kuglepen-en","11":"tm-has-options","13":"first","14":"instock","15":"taxable","16":"shipping-taxable","17":"purchasable","18":"product-type-simple"},"acf":[],"yoast_head":"<!-- This site is optimized with the Yoast SEO Premium plugin v21.2 (Yoast SEO v21.2) - https:\/\/yoast.com\/wordpress\/plugins\/seo\/ -->\n<title>Bamboo ballpoint pen with holder - Gr\u00f8nt Kontor<\/title>\n<meta name=\"robots\" content=\"index, follow, max-snippet:-1, max-image-preview:large, max-video-preview:-1\" \/>\n<link rel=\"canonical\" href=\"https:\/\/grontkontor.dk\/shop\/bambus-kuglepen-med-holder\/\" \/>\n<meta property=\"og:locale\" content=\"en_US\" \/>\n<meta property=\"og:type\" content=\"article\" \/>\n<meta property=\"og:title\" content=\"Bamboo ballpoint pen with holder\" \/>\n<meta property=\"og:description\" content=\"Eco-friendly pen with holder &#8211; both in bamboo. Perfect for the climate-friendly office or reception. Delivered w\/wo logo printing or engraving in individually packed gift box.\" \/>\n<meta property=\"og:url\" content=\"https:\/\/grontkontor.dk\/shop\/bambus-kuglepen-med-holder\/\" \/>\n<meta property=\"og:site_name\" content=\"Gr\u00f8nt Kontor\" \/>\n<meta property=\"article:publisher\" content=\"https:\/\/www.facebook.com\/grontkontor.dk\/\" \/>\n<meta property=\"article:modified_time\" content=\"2024-05-15T09:04:15+00:00\" \/>\n<meta property=\"og:image\" content=\"https:\/\/grontkontor.dk\/wp-content\/uploads\/2023\/10\/Klimavenlig-kuglepen-i-bambus-med-holder.jpg\" \/>\n\t<meta property=\"og:image:width\" content=\"900\" \/>\n\t<meta property=\"og:image:height\" content=\"639\" \/>\n\t<meta property=\"og:image:type\" content=\"image\/jpeg\" \/>\n<meta name=\"twitter:card\" content=\"summary_large_image\" \/>\n<meta name=\"twitter:label1\" content=\"Est. reading time\" \/>\n\t<meta name=\"twitter:data1\" content=\"1 minute\" \/>\n<script type=\"application\/ld+json\" class=\"yoast-schema-graph\">{\"@context\":\"https:\/\/schema.org\",\"@graph\":[{\"@type\":\"WebPage\",\"@id\":\"https:\/\/grontkontor.dk\/shop\/bambus-kuglepen-med-holder\/\",\"url\":\"https:\/\/grontkontor.dk\/shop\/bambus-kuglepen-med-holder\/\",\"name\":\"Bamboo ballpoint pen with holder - Gr\u00f8nt Kontor\",\"isPartOf\":{\"@id\":\"https:\/\/grontkontor.dk\/#website\"},\"datePublished\":\"2023-10-17T08:41:58+00:00\",\"dateModified\":\"2024-05-15T09:04:15+00:00\",\"breadcrumb\":{\"@id\":\"https:\/\/grontkontor.dk\/shop\/bambus-kuglepen-med-holder\/#breadcrumb\"},\"inLanguage\":\"en-US\",\"potentialAction\":[{\"@type\":\"ReadAction\",\"target\":[\"https:\/\/grontkontor.dk\/shop\/bambus-kuglepen-med-holder\/\"]}]},{\"@type\":\"BreadcrumbList\",\"@id\":\"https:\/\/grontkontor.dk\/shop\/bambus-kuglepen-med-holder\/#breadcrumb\",\"itemListElement\":[{\"@type\":\"ListItem\",\"position\":1,\"name\":\"Forside\",\"item\":\"https:\/\/grontkontor.dk\/\"},{\"@type\":\"ListItem\",\"position\":2,\"name\":\"Shop\",\"item\":\"https:\/\/grontkontor.dk\/en\/shop-2\/\"},{\"@type\":\"ListItem\",\"position\":3,\"name\":\"Writing and pointing equipment\",\"item\":\"https:\/\/grontkontor.dk\/en\/produkt-kategori\/writing-utensils\/\"},{\"@type\":\"ListItem\",\"position\":4,\"name\":\"Pens\",\"item\":\"https:\/\/grontkontor.dk\/en\/produkt-kategori\/writing-utensils\/ballpens\/\"},{\"@type\":\"ListItem\",\"position\":5,\"name\":\"Bamboo ballpoint pen with holder\"}]},{\"@type\":\"WebSite\",\"@id\":\"https:\/\/grontkontor.dk\/#website\",\"url\":\"https:\/\/grontkontor.dk\/\",\"name\":\"Gr\u00f8nt Kontor\",\"description\":\"Milj\u00f8venlige produkter til kontor og erhverv med fokus p\u00e5 b\u00e6redygtighed, design og fair trade.\",\"publisher\":{\"@id\":\"https:\/\/grontkontor.dk\/#organization\"},\"potentialAction\":[{\"@type\":\"SearchAction\",\"target\":{\"@type\":\"EntryPoint\",\"urlTemplate\":\"https:\/\/grontkontor.dk\/?s={search_term_string}\"},\"query-input\":\"required name=search_term_string\"}],\"inLanguage\":\"en-US\"},{\"@type\":\"Organization\",\"@id\":\"https:\/\/grontkontor.dk\/#organization\",\"name\":\"Gr\u00f8nt Kontor\",\"url\":\"https:\/\/grontkontor.dk\/\",\"logo\":{\"@type\":\"ImageObject\",\"inLanguage\":\"en-US\",\"@id\":\"https:\/\/grontkontor.dk\/#\/schema\/logo\/image\/\",\"url\":\"https:\/\/grontkontor.dk\/wp-content\/uploads\/2014\/02\/Logo_groent_kontor_300x80.png\",\"contentUrl\":\"https:\/\/grontkontor.dk\/wp-content\/uploads\/2014\/02\/Logo_groent_kontor_300x80.png\",\"width\":300,\"height\":80,\"caption\":\"Gr\u00f8nt Kontor\"},\"image\":{\"@id\":\"https:\/\/grontkontor.dk\/#\/schema\/logo\/image\/\"},\"sameAs\":[\"https:\/\/www.facebook.com\/grontkontor.dk\/\"]}]}<\/script>\n<!-- \/ Yoast SEO Premium plugin. -->","yoast_head_json":{"title":"Bamboo ballpoint pen with holder - Gr\u00f8nt Kontor","robots":{"index":"index","follow":"follow","max-snippet":"max-snippet:-1","max-image-preview":"max-image-preview:large","max-video-preview":"max-video-preview:-1"},"canonical":"https:\/\/grontkontor.dk\/shop\/bambus-kuglepen-med-holder\/","og_locale":"en_US","og_type":"article","og_title":"Bamboo ballpoint pen with holder","og_description":"Eco-friendly pen with holder &#8211; both in bamboo. Perfect for the climate-friendly office or reception. Delivered w\/wo logo printing or engraving in individually packed gift box.","og_url":"https:\/\/grontkontor.dk\/shop\/bambus-kuglepen-med-holder\/","og_site_name":"Gr\u00f8nt Kontor","article_publisher":"https:\/\/www.facebook.com\/grontkontor.dk\/","article_modified_time":"2024-05-15T09:04:15+00:00","og_image":[{"width":900,"height":639,"url":"https:\/\/grontkontor.dk\/wp-content\/uploads\/2023\/10\/Klimavenlig-kuglepen-i-bambus-med-holder.jpg","type":"image\/jpeg"}],"twitter_card":"summary_large_image","twitter_misc":{"Est. reading time":"1 minute"},"schema":{"@context":"https:\/\/schema.org","@graph":[{"@type":"WebPage","@id":"https:\/\/grontkontor.dk\/shop\/bambus-kuglepen-med-holder\/","url":"https:\/\/grontkontor.dk\/shop\/bambus-kuglepen-med-holder\/","name":"Bamboo ballpoint pen with holder - Gr\u00f8nt Kontor","isPartOf":{"@id":"https:\/\/grontkontor.dk\/#website"},"datePublished":"2023-10-17T08:41:58+00:00","dateModified":"2024-05-15T09:04:15+00:00","breadcrumb":{"@id":"https:\/\/grontkontor.dk\/shop\/bambus-kuglepen-med-holder\/#breadcrumb"},"inLanguage":"en-US","potentialAction":[{"@type":"ReadAction","target":["https:\/\/grontkontor.dk\/shop\/bambus-kuglepen-med-holder\/"]}]},{"@type":"BreadcrumbList","@id":"https:\/\/grontkontor.dk\/shop\/bambus-kuglepen-med-holder\/#breadcrumb","itemListElement":[{"@type":"ListItem","position":1,"name":"Forside","item":"https:\/\/grontkontor.dk\/"},{"@type":"ListItem","position":2,"name":"Shop","item":"https:\/\/grontkontor.dk\/en\/shop-2\/"},{"@type":"ListItem","position":3,"name":"Writing and pointing equipment","item":"https:\/\/grontkontor.dk\/en\/produkt-kategori\/writing-utensils\/"},{"@type":"ListItem","position":4,"name":"Pens","item":"https:\/\/grontkontor.dk\/en\/produkt-kategori\/writing-utensils\/ballpens\/"},{"@type":"ListItem","position":5,"name":"Bamboo ballpoint pen with holder"}]},{"@type":"WebSite","@id":"https:\/\/grontkontor.dk\/#website","url":"https:\/\/grontkontor.dk\/","name":"Gr\u00f8nt Kontor","description":"Milj\u00f8venlige produkter til kontor og erhverv med fokus p\u00e5 b\u00e6redygtighed, design og fair trade.","publisher":{"@id":"https:\/\/grontkontor.dk\/#organization"},"potentialAction":[{"@type":"SearchAction","target":{"@type":"EntryPoint","urlTemplate":"https:\/\/grontkontor.dk\/?s={search_term_string}"},"query-input":"required name=search_term_string"}],"inLanguage":"en-US"},{"@type":"Organization","@id":"https:\/\/grontkontor.dk\/#organization","name":"Gr\u00f8nt Kontor","url":"https:\/\/grontkontor.dk\/","logo":{"@type":"ImageObject","inLanguage":"en-US","@id":"https:\/\/grontkontor.dk\/#\/schema\/logo\/image\/","url":"https:\/\/grontkontor.dk\/wp-content\/uploads\/2014\/02\/Logo_groent_kontor_300x80.png","contentUrl":"https:\/\/grontkontor.dk\/wp-content\/uploads\/2014\/02\/Logo_groent_kontor_300x80.png","width":300,"height":80,"caption":"Gr\u00f8nt Kontor"},"image":{"@id":"https:\/\/grontkontor.dk\/#\/schema\/logo\/image\/"},"sameAs":["https:\/\/www.facebook.com\/grontkontor.dk\/"]}]}},"_links":{"self":[{"href":"https:\/\/grontkontor.dk\/en\/wp-json\/wp\/v2\/product\/78616"}],"collection":[{"href":"https:\/\/grontkontor.dk\/en\/wp-json\/wp\/v2\/product"}],"about":[{"href":"https:\/\/grontkontor.dk\/en\/wp-json\/wp\/v2\/types\/product"}],"replies":[{"embeddable":true,"href":"https:\/\/grontkontor.dk\/en\/wp-json\/wp\/v2\/comments?post=78616"}],"wp:featuredmedia":[{"embeddable":true,"href":"https:\/\/grontkontor.dk\/en\/wp-json\/wp\/v2\/media\/78627"}],"wp:attachment":[{"href":"https:\/\/grontkontor.dk\/en\/wp-json\/wp\/v2\/media?parent=78616"}],"wp:term":[{"taxonomy":"product_cat","embeddable":true,"href":"https:\/\/grontkontor.dk\/en\/wp-json\/wp\/v2\/product_cat?post=78616"},{"taxonomy":"product_tag","embeddable":true,"href":"https:\/\/grontkontor.dk\/en\/wp-json\/wp\/v2\/product_tag?post=78616"}],"curies":[{"name":"wp","href":"https:\/\/api.w.org\/{rel}","templated":true}]}}