{"id":78645,"date":"2023-10-17T13:08:10","date_gmt":"2023-10-17T11:08:10","guid":{"rendered":"https:\/\/grontkontor.dk\/?post_type=product&#038;p=78645"},"modified":"2024-05-15T10:56:30","modified_gmt":"2024-05-15T08:56:30","slug":"ballpoint-pen-with-perpetual-pencil-and-touch-pen","status":"publish","type":"product","link":"https:\/\/grontkontor.dk\/en\/shop\/ballpoint-pen-with-perpetual-pencil-and-touch-pen\/","title":{"rendered":"Ballpoint pen with perpetual pencil and touch pen"},"content":{"rendered":"<p>Eco-friendly and multifunctional pen with touch pen, perpetual pen and eraser. The perpetual pen has a virtually infinite lifespan, so you don&#8217;t have to change the pen over and over again, and the pen can be replaced with parker type refill. A climate-friendly choice for the office, as a handout for trade shows, events or conferences. Comes in individually packed in cotton bag. Available w\/wo logo printing or engraving.<\/p>\n<p>&nbsp;<\/p>\nBamboo is an extremely sustainable material, and one of the fastest growing plants in the world, which means rapid regeneration when harvested. Bamboo is grown without pesticides or artificial fertilizers and, like other natural products, functions as a CO2 depot throughout the products lifetime. \n","protected":false},"excerpt":{"rendered":"<p>Eco-friendly and multifunctional pen with touch pen, perpetual pen and eraser. The perpetual pen has a virtually infinite lifespan, so you don&#8217;t have to change the pen over and over again, and the pen can be replaced with parker type refill. A climate-friendly choice for the office, as a handout for trade shows, events or [&hellip;]<\/p>\n","protected":false},"featured_media":78650,"comment_status":"closed","ping_status":"closed","template":"","meta":{"_acf_changed":false},"product_cat":[4398,2106,2390,1252,1286],"product_tag":[1253,1536],"class_list":{"0":"post-78645","1":"product","2":"type-product","3":"status-publish","4":"has-post-thumbnail","6":"product_cat-pens-and-pencils","7":"product_cat-dummy-moq-1-en","8":"product_cat-news","9":"product_cat-ballpens","10":"product_cat-writing-utensils","11":"product_tag-kuglepen-en","12":"product_tag-touchpen-en","13":"tm-has-options","15":"first","16":"instock","17":"taxable","18":"shipping-taxable","19":"purchasable","20":"product-type-simple"},"acf":[],"yoast_head":"<!-- This site is optimized with the Yoast SEO Premium plugin v21.2 (Yoast SEO v21.2) - https:\/\/yoast.com\/wordpress\/plugins\/seo\/ -->\n<title>Ballpoint pen with perpetual pencil and touch pen - Gr\u00f8nt Kontor<\/title>\n<meta name=\"robots\" content=\"index, follow, max-snippet:-1, max-image-preview:large, max-video-preview:-1\" \/>\n<link rel=\"canonical\" href=\"https:\/\/grontkontor.dk\/shop\/kuglepen-med-evighedsblyant-og-touchpen\/\" \/>\n<meta property=\"og:locale\" content=\"en_US\" \/>\n<meta property=\"og:type\" content=\"article\" \/>\n<meta property=\"og:title\" content=\"Ballpoint pen with perpetual pencil and touch pen\" \/>\n<meta property=\"og:description\" content=\"Eco-friendly and multifunctional pen with touch pen, perpetual pen and eraser. The perpetual pen has a virtually infinite lifespan, so you don&#8217;t have to change the pen over and over again, and the pen can be replaced with parker type refill. A climate-friendly choice for the office, as a handout for trade shows, events or [&hellip;]\" \/>\n<meta property=\"og:url\" content=\"https:\/\/grontkontor.dk\/shop\/kuglepen-med-evighedsblyant-og-touchpen\/\" \/>\n<meta property=\"og:site_name\" content=\"Gr\u00f8nt Kontor\" \/>\n<meta property=\"article:publisher\" content=\"https:\/\/www.facebook.com\/grontkontor.dk\/\" \/>\n<meta property=\"article:modified_time\" content=\"2024-05-15T08:56:30+00:00\" \/>\n<meta property=\"og:image\" content=\"https:\/\/grontkontor.dk\/wp-content\/uploads\/2023\/10\/Miljoevenlig-bambus-kuglepen-med-evighedspen-og-touchpen.jpg\" \/>\n\t<meta property=\"og:image:width\" content=\"900\" \/>\n\t<meta property=\"og:image:height\" content=\"639\" \/>\n\t<meta property=\"og:image:type\" content=\"image\/jpeg\" \/>\n<meta name=\"twitter:card\" content=\"summary_large_image\" \/>\n<meta name=\"twitter:label1\" content=\"Est. reading time\" \/>\n\t<meta name=\"twitter:data1\" content=\"1 minute\" \/>\n<script type=\"application\/ld+json\" class=\"yoast-schema-graph\">{\"@context\":\"https:\/\/schema.org\",\"@graph\":[{\"@type\":\"WebPage\",\"@id\":\"https:\/\/grontkontor.dk\/shop\/kuglepen-med-evighedsblyant-og-touchpen\/\",\"url\":\"https:\/\/grontkontor.dk\/shop\/kuglepen-med-evighedsblyant-og-touchpen\/\",\"name\":\"Ballpoint pen with perpetual pencil and touch pen - Gr\u00f8nt Kontor\",\"isPartOf\":{\"@id\":\"https:\/\/grontkontor.dk\/#website\"},\"datePublished\":\"2023-10-17T11:08:10+00:00\",\"dateModified\":\"2024-05-15T08:56:30+00:00\",\"breadcrumb\":{\"@id\":\"https:\/\/grontkontor.dk\/shop\/kuglepen-med-evighedsblyant-og-touchpen\/#breadcrumb\"},\"inLanguage\":\"en-US\",\"potentialAction\":[{\"@type\":\"ReadAction\",\"target\":[\"https:\/\/grontkontor.dk\/shop\/kuglepen-med-evighedsblyant-og-touchpen\/\"]}]},{\"@type\":\"BreadcrumbList\",\"@id\":\"https:\/\/grontkontor.dk\/shop\/kuglepen-med-evighedsblyant-og-touchpen\/#breadcrumb\",\"itemListElement\":[{\"@type\":\"ListItem\",\"position\":1,\"name\":\"Forside\",\"item\":\"https:\/\/grontkontor.dk\/\"},{\"@type\":\"ListItem\",\"position\":2,\"name\":\"Shop\",\"item\":\"https:\/\/grontkontor.dk\/en\/shop-2\/\"},{\"@type\":\"ListItem\",\"position\":3,\"name\":\"Climate-friendly corporate gifts\",\"item\":\"https:\/\/grontkontor.dk\/en\/produkt-kategori\/sustainable-presents\/\"},{\"@type\":\"ListItem\",\"position\":4,\"name\":\"Pens and pencils\",\"item\":\"https:\/\/grontkontor.dk\/en\/produkt-kategori\/sustainable-presents\/pens-and-pencils\/\"},{\"@type\":\"ListItem\",\"position\":5,\"name\":\"Ballpoint pen with perpetual pencil and touch pen\"}]},{\"@type\":\"WebSite\",\"@id\":\"https:\/\/grontkontor.dk\/#website\",\"url\":\"https:\/\/grontkontor.dk\/\",\"name\":\"Gr\u00f8nt Kontor\",\"description\":\"Milj\u00f8venlige produkter til kontor og erhverv med fokus p\u00e5 b\u00e6redygtighed, design og fair trade.\",\"publisher\":{\"@id\":\"https:\/\/grontkontor.dk\/#organization\"},\"potentialAction\":[{\"@type\":\"SearchAction\",\"target\":{\"@type\":\"EntryPoint\",\"urlTemplate\":\"https:\/\/grontkontor.dk\/?s={search_term_string}\"},\"query-input\":\"required name=search_term_string\"}],\"inLanguage\":\"en-US\"},{\"@type\":\"Organization\",\"@id\":\"https:\/\/grontkontor.dk\/#organization\",\"name\":\"Gr\u00f8nt Kontor\",\"url\":\"https:\/\/grontkontor.dk\/\",\"logo\":{\"@type\":\"ImageObject\",\"inLanguage\":\"en-US\",\"@id\":\"https:\/\/grontkontor.dk\/#\/schema\/logo\/image\/\",\"url\":\"https:\/\/grontkontor.dk\/wp-content\/uploads\/2014\/02\/Logo_groent_kontor_300x80.png\",\"contentUrl\":\"https:\/\/grontkontor.dk\/wp-content\/uploads\/2014\/02\/Logo_groent_kontor_300x80.png\",\"width\":300,\"height\":80,\"caption\":\"Gr\u00f8nt Kontor\"},\"image\":{\"@id\":\"https:\/\/grontkontor.dk\/#\/schema\/logo\/image\/\"},\"sameAs\":[\"https:\/\/www.facebook.com\/grontkontor.dk\/\"]}]}<\/script>\n<!-- \/ Yoast SEO Premium plugin. -->","yoast_head_json":{"title":"Ballpoint pen with perpetual pencil and touch pen - Gr\u00f8nt Kontor","robots":{"index":"index","follow":"follow","max-snippet":"max-snippet:-1","max-image-preview":"max-image-preview:large","max-video-preview":"max-video-preview:-1"},"canonical":"https:\/\/grontkontor.dk\/shop\/kuglepen-med-evighedsblyant-og-touchpen\/","og_locale":"en_US","og_type":"article","og_title":"Ballpoint pen with perpetual pencil and touch pen","og_description":"Eco-friendly and multifunctional pen with touch pen, perpetual pen and eraser. The perpetual pen has a virtually infinite lifespan, so you don&#8217;t have to change the pen over and over again, and the pen can be replaced with parker type refill. A climate-friendly choice for the office, as a handout for trade shows, events or [&hellip;]","og_url":"https:\/\/grontkontor.dk\/shop\/kuglepen-med-evighedsblyant-og-touchpen\/","og_site_name":"Gr\u00f8nt Kontor","article_publisher":"https:\/\/www.facebook.com\/grontkontor.dk\/","article_modified_time":"2024-05-15T08:56:30+00:00","og_image":[{"width":900,"height":639,"url":"https:\/\/grontkontor.dk\/wp-content\/uploads\/2023\/10\/Miljoevenlig-bambus-kuglepen-med-evighedspen-og-touchpen.jpg","type":"image\/jpeg"}],"twitter_card":"summary_large_image","twitter_misc":{"Est. reading time":"1 minute"},"schema":{"@context":"https:\/\/schema.org","@graph":[{"@type":"WebPage","@id":"https:\/\/grontkontor.dk\/shop\/kuglepen-med-evighedsblyant-og-touchpen\/","url":"https:\/\/grontkontor.dk\/shop\/kuglepen-med-evighedsblyant-og-touchpen\/","name":"Ballpoint pen with perpetual pencil and touch pen - Gr\u00f8nt Kontor","isPartOf":{"@id":"https:\/\/grontkontor.dk\/#website"},"datePublished":"2023-10-17T11:08:10+00:00","dateModified":"2024-05-15T08:56:30+00:00","breadcrumb":{"@id":"https:\/\/grontkontor.dk\/shop\/kuglepen-med-evighedsblyant-og-touchpen\/#breadcrumb"},"inLanguage":"en-US","potentialAction":[{"@type":"ReadAction","target":["https:\/\/grontkontor.dk\/shop\/kuglepen-med-evighedsblyant-og-touchpen\/"]}]},{"@type":"BreadcrumbList","@id":"https:\/\/grontkontor.dk\/shop\/kuglepen-med-evighedsblyant-og-touchpen\/#breadcrumb","itemListElement":[{"@type":"ListItem","position":1,"name":"Forside","item":"https:\/\/grontkontor.dk\/"},{"@type":"ListItem","position":2,"name":"Shop","item":"https:\/\/grontkontor.dk\/en\/shop-2\/"},{"@type":"ListItem","position":3,"name":"Climate-friendly corporate gifts","item":"https:\/\/grontkontor.dk\/en\/produkt-kategori\/sustainable-presents\/"},{"@type":"ListItem","position":4,"name":"Pens and pencils","item":"https:\/\/grontkontor.dk\/en\/produkt-kategori\/sustainable-presents\/pens-and-pencils\/"},{"@type":"ListItem","position":5,"name":"Ballpoint pen with perpetual pencil and touch pen"}]},{"@type":"WebSite","@id":"https:\/\/grontkontor.dk\/#website","url":"https:\/\/grontkontor.dk\/","name":"Gr\u00f8nt Kontor","description":"Milj\u00f8venlige produkter til kontor og erhverv med fokus p\u00e5 b\u00e6redygtighed, design og fair trade.","publisher":{"@id":"https:\/\/grontkontor.dk\/#organization"},"potentialAction":[{"@type":"SearchAction","target":{"@type":"EntryPoint","urlTemplate":"https:\/\/grontkontor.dk\/?s={search_term_string}"},"query-input":"required name=search_term_string"}],"inLanguage":"en-US"},{"@type":"Organization","@id":"https:\/\/grontkontor.dk\/#organization","name":"Gr\u00f8nt Kontor","url":"https:\/\/grontkontor.dk\/","logo":{"@type":"ImageObject","inLanguage":"en-US","@id":"https:\/\/grontkontor.dk\/#\/schema\/logo\/image\/","url":"https:\/\/grontkontor.dk\/wp-content\/uploads\/2014\/02\/Logo_groent_kontor_300x80.png","contentUrl":"https:\/\/grontkontor.dk\/wp-content\/uploads\/2014\/02\/Logo_groent_kontor_300x80.png","width":300,"height":80,"caption":"Gr\u00f8nt Kontor"},"image":{"@id":"https:\/\/grontkontor.dk\/#\/schema\/logo\/image\/"},"sameAs":["https:\/\/www.facebook.com\/grontkontor.dk\/"]}]}},"_links":{"self":[{"href":"https:\/\/grontkontor.dk\/en\/wp-json\/wp\/v2\/product\/78645"}],"collection":[{"href":"https:\/\/grontkontor.dk\/en\/wp-json\/wp\/v2\/product"}],"about":[{"href":"https:\/\/grontkontor.dk\/en\/wp-json\/wp\/v2\/types\/product"}],"replies":[{"embeddable":true,"href":"https:\/\/grontkontor.dk\/en\/wp-json\/wp\/v2\/comments?post=78645"}],"wp:featuredmedia":[{"embeddable":true,"href":"https:\/\/grontkontor.dk\/en\/wp-json\/wp\/v2\/media\/78650"}],"wp:attachment":[{"href":"https:\/\/grontkontor.dk\/en\/wp-json\/wp\/v2\/media?parent=78645"}],"wp:term":[{"taxonomy":"product_cat","embeddable":true,"href":"https:\/\/grontkontor.dk\/en\/wp-json\/wp\/v2\/product_cat?post=78645"},{"taxonomy":"product_tag","embeddable":true,"href":"https:\/\/grontkontor.dk\/en\/wp-json\/wp\/v2\/product_tag?post=78645"}],"curies":[{"name":"wp","href":"https:\/\/api.w.org\/{rel}","templated":true}]}}