{"id":79932,"date":"2024-01-16T14:17:56","date_gmt":"2024-01-16T13:17:56","guid":{"rendered":"https:\/\/grontkontor.dk\/?post_type=product&#038;p=79932"},"modified":"2024-05-14T11:05:07","modified_gmt":"2024-05-14T09:05:07","slug":"wine-gift-bag-organic-cotton","status":"publish","type":"product","link":"https:\/\/grontkontor.dk\/en\/shop\/wine-gift-bag-organic-cotton\/","title":{"rendered":"Wine gift bag in organic cotton"},"content":{"rendered":"<p>Gift bag for bottle gifts or wine, made of climate-friendly cotton and cork. Suitable for ordinary burgundy-type wine bottles (750 ml).<\/p>\n<p>A cheap and environmentally conscious corporate gift or giveaway.<\/p>\n<p>Suitable for caf\u00e9, restaurant and private use.<\/p>\n<p>Cork is a highly sustainable, biodegradable and compostable natural material that originates from the cork oak that grows throughout the Mediterranean region. Cork is a rapidly regenerating resource that can be harvested every year from the same tree. Additionally, cork forests support one of the highest levels of biodiversity compared to other forest types.  Cotton is a biodegradable, compostable natural product and one of the worlds oldest commercial and agricultural commodities. Organic cotton is grown from non-genetically modified seeds, and without the use of pesticides or other harmful chemicals.  The GOTS certification is a guarantee that your clothes are produced organically and environmentally correctly under proper wage and working conditions. <\/p>\n<a href=\"https:\/\/www.eco-branding.dk\/miljoemaerkning\/gots.aspx\" rel=\"noopener\" target=\"_blank\"><img loading=\"lazy\" decoding=\"async\" class=\"size-full wp-image-12808\" src=\"https:\/\/grontkontor.dk\/wp-content\/uploads\/2019\/04\/gots-certificeret.jpg\" \n   alt=\"Gots certificeret - din garanti for, at produktet indeholder mindst 70% ?kologisk bomuld\"  description=\"Gots certificeret - din garanti for, at produktet indeholder mindst 70% ?kologisk bomuld\" width=\"50\" height=\"50\" \n\t border=0 \/><\/a>\n","protected":false},"excerpt":{"rendered":"<p>Gift bag for bottle gifts or wine, made of climate-friendly cotton and cork. Suitable for ordinary burgundy-type wine bottles (750 ml). A cheap and environmentally conscious corporate gift or giveaway. Suitable for caf\u00e9, restaurant and private use.<\/p>\n","protected":false},"featured_media":80015,"comment_status":"closed","ping_status":"closed","template":"","meta":{"_acf_changed":false},"product_cat":[4445,4446,1310,2106,2389,2390],"product_tag":[2553,2432],"class_list":{"0":"post-79932","1":"product","2":"type-product","3":"status-publish","4":"has-post-thumbnail","6":"product_cat-gift-bags-and-gift-boxes","7":"product_cat-paper-bags-en","8":"product_cat-bags-and-covers","9":"product_cat-dummy-moq-1-en","10":"product_cat-hotel-restauration-cafe-en","11":"product_cat-news","12":"product_tag-gavepose-en","13":"product_tag-vin-en","14":"tm-has-options","16":"first","17":"instock","18":"sale","19":"taxable","20":"shipping-taxable","21":"purchasable","22":"product-type-simple"},"acf":[],"yoast_head":"<!-- This site is optimized with the Yoast SEO Premium plugin v21.2 (Yoast SEO v21.2) - https:\/\/yoast.com\/wordpress\/plugins\/seo\/ -->\n<title>Wine gift bag in organic cotton - Gr\u00f8nt Kontor<\/title>\n<meta name=\"robots\" content=\"index, follow, max-snippet:-1, max-image-preview:large, max-video-preview:-1\" \/>\n<link rel=\"canonical\" href=\"https:\/\/grontkontor.dk\/en\/shop\/wine-gift-bag-organic-cotton\/\" \/>\n<meta property=\"og:locale\" content=\"en_US\" \/>\n<meta property=\"og:type\" content=\"article\" \/>\n<meta property=\"og:title\" content=\"Wine gift bag in organic cotton\" \/>\n<meta property=\"og:description\" content=\"Gift bag for bottle gifts or wine, made of climate-friendly cotton and cork. Suitable for ordinary burgundy-type wine bottles (750 ml). A cheap and environmentally conscious corporate gift or giveaway. Suitable for caf\u00e9, restaurant and private use.\" \/>\n<meta property=\"og:url\" content=\"https:\/\/grontkontor.dk\/en\/shop\/wine-gift-bag-organic-cotton\/\" \/>\n<meta property=\"og:site_name\" content=\"Gr\u00f8nt Kontor\" \/>\n<meta property=\"article:publisher\" content=\"https:\/\/www.facebook.com\/grontkontor.dk\/\" \/>\n<meta property=\"article:modified_time\" content=\"2024-05-14T09:05:07+00:00\" \/>\n<meta property=\"og:image\" content=\"https:\/\/grontkontor.dk\/wp-content\/uploads\/2024\/01\/Miljoevenlig-vinpose-i-oekologisk-bomuld-og-kork-1.jpg\" \/>\n\t<meta property=\"og:image:width\" content=\"900\" \/>\n\t<meta property=\"og:image:height\" content=\"639\" \/>\n\t<meta property=\"og:image:type\" content=\"image\/jpeg\" \/>\n<meta name=\"twitter:card\" content=\"summary_large_image\" \/>\n<meta name=\"twitter:label1\" content=\"Est. reading time\" \/>\n\t<meta name=\"twitter:data1\" content=\"1 minute\" \/>\n<script type=\"application\/ld+json\" class=\"yoast-schema-graph\">{\"@context\":\"https:\/\/schema.org\",\"@graph\":[{\"@type\":\"WebPage\",\"@id\":\"https:\/\/grontkontor.dk\/en\/shop\/wine-gift-bag-organic-cotton\/\",\"url\":\"https:\/\/grontkontor.dk\/en\/shop\/wine-gift-bag-organic-cotton\/\",\"name\":\"Wine gift bag in organic cotton - Gr\u00f8nt Kontor\",\"isPartOf\":{\"@id\":\"https:\/\/grontkontor.dk\/#website\"},\"datePublished\":\"2024-01-16T13:17:56+00:00\",\"dateModified\":\"2024-05-14T09:05:07+00:00\",\"breadcrumb\":{\"@id\":\"https:\/\/grontkontor.dk\/en\/shop\/wine-gift-bag-organic-cotton\/#breadcrumb\"},\"inLanguage\":\"en-US\",\"potentialAction\":[{\"@type\":\"ReadAction\",\"target\":[\"https:\/\/grontkontor.dk\/en\/shop\/wine-gift-bag-organic-cotton\/\"]}]},{\"@type\":\"BreadcrumbList\",\"@id\":\"https:\/\/grontkontor.dk\/en\/shop\/wine-gift-bag-organic-cotton\/#breadcrumb\",\"itemListElement\":[{\"@type\":\"ListItem\",\"position\":1,\"name\":\"Forside\",\"item\":\"https:\/\/grontkontor.dk\/\"},{\"@type\":\"ListItem\",\"position\":2,\"name\":\"Shop\",\"item\":\"https:\/\/grontkontor.dk\/en\/shop-2\/\"},{\"@type\":\"ListItem\",\"position\":3,\"name\":\"Poser, tasker og covers\",\"item\":\"https:\/\/grontkontor.dk\/produkt-kategori\/poser-tasker-covers\/\"},{\"@type\":\"ListItem\",\"position\":4,\"name\":\"Gaveposer\",\"item\":\"https:\/\/grontkontor.dk\/produkt-kategori\/poser-tasker-covers\/gaveposer\/\"},{\"@type\":\"ListItem\",\"position\":5,\"name\":\"Wine gift bag in organic cotton\"}]},{\"@type\":\"WebSite\",\"@id\":\"https:\/\/grontkontor.dk\/#website\",\"url\":\"https:\/\/grontkontor.dk\/\",\"name\":\"Gr\u00f8nt Kontor\",\"description\":\"Milj\u00f8venlige produkter til kontor og erhverv med fokus p\u00e5 b\u00e6redygtighed, design og fair trade.\",\"publisher\":{\"@id\":\"https:\/\/grontkontor.dk\/#organization\"},\"potentialAction\":[{\"@type\":\"SearchAction\",\"target\":{\"@type\":\"EntryPoint\",\"urlTemplate\":\"https:\/\/grontkontor.dk\/?s={search_term_string}\"},\"query-input\":\"required name=search_term_string\"}],\"inLanguage\":\"en-US\"},{\"@type\":\"Organization\",\"@id\":\"https:\/\/grontkontor.dk\/#organization\",\"name\":\"Gr\u00f8nt Kontor\",\"url\":\"https:\/\/grontkontor.dk\/\",\"logo\":{\"@type\":\"ImageObject\",\"inLanguage\":\"en-US\",\"@id\":\"https:\/\/grontkontor.dk\/#\/schema\/logo\/image\/\",\"url\":\"https:\/\/grontkontor.dk\/wp-content\/uploads\/2014\/02\/Logo_groent_kontor_300x80.png\",\"contentUrl\":\"https:\/\/grontkontor.dk\/wp-content\/uploads\/2014\/02\/Logo_groent_kontor_300x80.png\",\"width\":300,\"height\":80,\"caption\":\"Gr\u00f8nt Kontor\"},\"image\":{\"@id\":\"https:\/\/grontkontor.dk\/#\/schema\/logo\/image\/\"},\"sameAs\":[\"https:\/\/www.facebook.com\/grontkontor.dk\/\"]}]}<\/script>\n<!-- \/ Yoast SEO Premium plugin. -->","yoast_head_json":{"title":"Wine gift bag in organic cotton - Gr\u00f8nt Kontor","robots":{"index":"index","follow":"follow","max-snippet":"max-snippet:-1","max-image-preview":"max-image-preview:large","max-video-preview":"max-video-preview:-1"},"canonical":"https:\/\/grontkontor.dk\/en\/shop\/wine-gift-bag-organic-cotton\/","og_locale":"en_US","og_type":"article","og_title":"Wine gift bag in organic cotton","og_description":"Gift bag for bottle gifts or wine, made of climate-friendly cotton and cork. Suitable for ordinary burgundy-type wine bottles (750 ml). A cheap and environmentally conscious corporate gift or giveaway. Suitable for caf\u00e9, restaurant and private use.","og_url":"https:\/\/grontkontor.dk\/en\/shop\/wine-gift-bag-organic-cotton\/","og_site_name":"Gr\u00f8nt Kontor","article_publisher":"https:\/\/www.facebook.com\/grontkontor.dk\/","article_modified_time":"2024-05-14T09:05:07+00:00","og_image":[{"width":900,"height":639,"url":"https:\/\/grontkontor.dk\/wp-content\/uploads\/2024\/01\/Miljoevenlig-vinpose-i-oekologisk-bomuld-og-kork-1.jpg","type":"image\/jpeg"}],"twitter_card":"summary_large_image","twitter_misc":{"Est. reading time":"1 minute"},"schema":{"@context":"https:\/\/schema.org","@graph":[{"@type":"WebPage","@id":"https:\/\/grontkontor.dk\/en\/shop\/wine-gift-bag-organic-cotton\/","url":"https:\/\/grontkontor.dk\/en\/shop\/wine-gift-bag-organic-cotton\/","name":"Wine gift bag in organic cotton - Gr\u00f8nt Kontor","isPartOf":{"@id":"https:\/\/grontkontor.dk\/#website"},"datePublished":"2024-01-16T13:17:56+00:00","dateModified":"2024-05-14T09:05:07+00:00","breadcrumb":{"@id":"https:\/\/grontkontor.dk\/en\/shop\/wine-gift-bag-organic-cotton\/#breadcrumb"},"inLanguage":"en-US","potentialAction":[{"@type":"ReadAction","target":["https:\/\/grontkontor.dk\/en\/shop\/wine-gift-bag-organic-cotton\/"]}]},{"@type":"BreadcrumbList","@id":"https:\/\/grontkontor.dk\/en\/shop\/wine-gift-bag-organic-cotton\/#breadcrumb","itemListElement":[{"@type":"ListItem","position":1,"name":"Forside","item":"https:\/\/grontkontor.dk\/"},{"@type":"ListItem","position":2,"name":"Shop","item":"https:\/\/grontkontor.dk\/en\/shop-2\/"},{"@type":"ListItem","position":3,"name":"Poser, tasker og covers","item":"https:\/\/grontkontor.dk\/produkt-kategori\/poser-tasker-covers\/"},{"@type":"ListItem","position":4,"name":"Gaveposer","item":"https:\/\/grontkontor.dk\/produkt-kategori\/poser-tasker-covers\/gaveposer\/"},{"@type":"ListItem","position":5,"name":"Wine gift bag in organic cotton"}]},{"@type":"WebSite","@id":"https:\/\/grontkontor.dk\/#website","url":"https:\/\/grontkontor.dk\/","name":"Gr\u00f8nt Kontor","description":"Milj\u00f8venlige produkter til kontor og erhverv med fokus p\u00e5 b\u00e6redygtighed, design og fair trade.","publisher":{"@id":"https:\/\/grontkontor.dk\/#organization"},"potentialAction":[{"@type":"SearchAction","target":{"@type":"EntryPoint","urlTemplate":"https:\/\/grontkontor.dk\/?s={search_term_string}"},"query-input":"required name=search_term_string"}],"inLanguage":"en-US"},{"@type":"Organization","@id":"https:\/\/grontkontor.dk\/#organization","name":"Gr\u00f8nt Kontor","url":"https:\/\/grontkontor.dk\/","logo":{"@type":"ImageObject","inLanguage":"en-US","@id":"https:\/\/grontkontor.dk\/#\/schema\/logo\/image\/","url":"https:\/\/grontkontor.dk\/wp-content\/uploads\/2014\/02\/Logo_groent_kontor_300x80.png","contentUrl":"https:\/\/grontkontor.dk\/wp-content\/uploads\/2014\/02\/Logo_groent_kontor_300x80.png","width":300,"height":80,"caption":"Gr\u00f8nt Kontor"},"image":{"@id":"https:\/\/grontkontor.dk\/#\/schema\/logo\/image\/"},"sameAs":["https:\/\/www.facebook.com\/grontkontor.dk\/"]}]}},"_links":{"self":[{"href":"https:\/\/grontkontor.dk\/en\/wp-json\/wp\/v2\/product\/79932"}],"collection":[{"href":"https:\/\/grontkontor.dk\/en\/wp-json\/wp\/v2\/product"}],"about":[{"href":"https:\/\/grontkontor.dk\/en\/wp-json\/wp\/v2\/types\/product"}],"replies":[{"embeddable":true,"href":"https:\/\/grontkontor.dk\/en\/wp-json\/wp\/v2\/comments?post=79932"}],"wp:featuredmedia":[{"embeddable":true,"href":"https:\/\/grontkontor.dk\/en\/wp-json\/wp\/v2\/media\/80015"}],"wp:attachment":[{"href":"https:\/\/grontkontor.dk\/en\/wp-json\/wp\/v2\/media?parent=79932"}],"wp:term":[{"taxonomy":"product_cat","embeddable":true,"href":"https:\/\/grontkontor.dk\/en\/wp-json\/wp\/v2\/product_cat?post=79932"},{"taxonomy":"product_tag","embeddable":true,"href":"https:\/\/grontkontor.dk\/en\/wp-json\/wp\/v2\/product_tag?post=79932"}],"curies":[{"name":"wp","href":"https:\/\/api.w.org\/{rel}","templated":true}]}}