{"id":81377,"date":"2023-09-22T23:11:27","date_gmt":"2024-02-22T08:39:14","guid":{"rendered":"https:\/\/grontkontor.dk\/shop\/ballpoint-pen-in-recycled-plastic-rpet\/"},"modified":"2024-02-22T09:39:14","modified_gmt":"2024-02-22T08:39:14","slug":"ballpoint-pen-in-recycled-plastic-rpet","status":"publish","type":"product","link":"https:\/\/grontkontor.dk\/en\/shop\/ballpoint-pen-in-recycled-plastic-rpet\/","title":{"rendered":"Ballpoint pen in recycled plastic rPET"},"content":{"rendered":"<p>Eco-friendly ink pen, made of rPET (recycled PET plastic water bottles).<\/p>\n<p>The rPET material is a super durable material made from recycled polyester. Recycled plastic acts as a carbon depot for already manufactured plastics, preventing the release of carbon dioxide into the atmosphere as long as the product is in circulation. The body can be recycled as used water bottles or as regular plastic, the cartridge as ordinary waste.<br \/>\nComes standard with blue ink and plastic cartridge.<br \/>\n[Recycling]<\/p>\n","protected":false},"excerpt":{"rendered":"<p>Eco-friendly ink pen, made of rPET (recycled PET plastic water bottles). The rPET material is a super durable material made from recycled polyester. Recycled plastic acts as a carbon depot for already manufactured plastics, preventing the release of carbon dioxide into the atmosphere as long as the product is in circulation. The body can be [&hellip;]<\/p>\n","protected":false},"featured_media":22747,"comment_status":"closed","ping_status":"open","template":"","meta":{"_acf_changed":false},"product_cat":[1262,2106,1252,1286],"product_tag":[1253,2043,1256,1255,1238,1237],"class_list":{"0":"post-81377","1":"product","2":"type-product","3":"status-publish","4":"has-post-thumbnail","6":"product_cat-sustainable-presents","7":"product_cat-dummy-moq-1-en","8":"product_cat-ballpens","9":"product_cat-writing-utensils","10":"product_tag-kuglepen-en","11":"product_tag-genbrugsplast-en","12":"product_tag-pen-en","13":"product_tag-kuglepenne-en","14":"product_tag-skriveudstyr-en","15":"product_tag-skriveredskab-en","16":"tm-has-options","18":"first","19":"instock","20":"product-type-variable"},"acf":[],"yoast_head":"<!-- This site is optimized with the Yoast SEO Premium plugin v21.2 (Yoast SEO v21.2) - https:\/\/yoast.com\/wordpress\/plugins\/seo\/ -->\n<title>Ballpoint pen in recycled plastic rPET - Gr\u00f8nt Kontor<\/title>\n<meta name=\"robots\" content=\"index, follow, max-snippet:-1, max-image-preview:large, max-video-preview:-1\" \/>\n<link rel=\"canonical\" href=\"https:\/\/grontkontor.dk\/en\/shop\/ballpoint-pen-in-recycled-plastic-rpet\/\" \/>\n<meta property=\"og:locale\" content=\"en_US\" \/>\n<meta property=\"og:type\" content=\"article\" \/>\n<meta property=\"og:title\" content=\"Ballpoint pen in recycled plastic rPET\" \/>\n<meta property=\"og:description\" content=\"Eco-friendly ink pen, made of rPET (recycled PET plastic water bottles). The rPET material is a super durable material made from recycled polyester. Recycled plastic acts as a carbon depot for already manufactured plastics, preventing the release of carbon dioxide into the atmosphere as long as the product is in circulation. The body can be [&hellip;]\" \/>\n<meta property=\"og:url\" content=\"https:\/\/grontkontor.dk\/en\/shop\/ballpoint-pen-in-recycled-plastic-rpet\/\" \/>\n<meta property=\"og:site_name\" content=\"Gr\u00f8nt Kontor\" \/>\n<meta property=\"article:publisher\" content=\"https:\/\/www.facebook.com\/grontkontor.dk\/\" \/>\n<meta name=\"twitter:card\" content=\"summary_large_image\" \/>\n<script type=\"application\/ld+json\" class=\"yoast-schema-graph\">{\"@context\":\"https:\/\/schema.org\",\"@graph\":[{\"@type\":\"WebPage\",\"@id\":\"https:\/\/grontkontor.dk\/en\/shop\/ballpoint-pen-in-recycled-plastic-rpet\/\",\"url\":\"https:\/\/grontkontor.dk\/en\/shop\/ballpoint-pen-in-recycled-plastic-rpet\/\",\"name\":\"Ballpoint pen in recycled plastic rPET - Gr\u00f8nt Kontor\",\"isPartOf\":{\"@id\":\"https:\/\/grontkontor.dk\/#website\"},\"datePublished\":\"2024-02-22T08:39:14+00:00\",\"dateModified\":\"2024-02-22T08:39:14+00:00\",\"breadcrumb\":{\"@id\":\"https:\/\/grontkontor.dk\/en\/shop\/ballpoint-pen-in-recycled-plastic-rpet\/#breadcrumb\"},\"inLanguage\":\"en-US\",\"potentialAction\":[{\"@type\":\"ReadAction\",\"target\":[\"https:\/\/grontkontor.dk\/en\/shop\/ballpoint-pen-in-recycled-plastic-rpet\/\"]}]},{\"@type\":\"BreadcrumbList\",\"@id\":\"https:\/\/grontkontor.dk\/en\/shop\/ballpoint-pen-in-recycled-plastic-rpet\/#breadcrumb\",\"itemListElement\":[{\"@type\":\"ListItem\",\"position\":1,\"name\":\"Forside\",\"item\":\"https:\/\/grontkontor.dk\/\"},{\"@type\":\"ListItem\",\"position\":2,\"name\":\"Shop\",\"item\":\"https:\/\/grontkontor.dk\/en\/shop-2\/\"},{\"@type\":\"ListItem\",\"position\":3,\"name\":\"Writing and pointing equipment\",\"item\":\"https:\/\/grontkontor.dk\/en\/produkt-kategori\/writing-utensils\/\"},{\"@type\":\"ListItem\",\"position\":4,\"name\":\"Pens\",\"item\":\"https:\/\/grontkontor.dk\/en\/produkt-kategori\/writing-utensils\/ballpens\/\"},{\"@type\":\"ListItem\",\"position\":5,\"name\":\"Ballpoint pen in recycled plastic rPET\"}]},{\"@type\":\"WebSite\",\"@id\":\"https:\/\/grontkontor.dk\/#website\",\"url\":\"https:\/\/grontkontor.dk\/\",\"name\":\"Gr\u00f8nt Kontor\",\"description\":\"Milj\u00f8venlige produkter til kontor og erhverv med fokus p\u00e5 b\u00e6redygtighed, design og fair trade.\",\"publisher\":{\"@id\":\"https:\/\/grontkontor.dk\/#organization\"},\"potentialAction\":[{\"@type\":\"SearchAction\",\"target\":{\"@type\":\"EntryPoint\",\"urlTemplate\":\"https:\/\/grontkontor.dk\/?s={search_term_string}\"},\"query-input\":\"required name=search_term_string\"}],\"inLanguage\":\"en-US\"},{\"@type\":\"Organization\",\"@id\":\"https:\/\/grontkontor.dk\/#organization\",\"name\":\"Gr\u00f8nt Kontor\",\"url\":\"https:\/\/grontkontor.dk\/\",\"logo\":{\"@type\":\"ImageObject\",\"inLanguage\":\"en-US\",\"@id\":\"https:\/\/grontkontor.dk\/#\/schema\/logo\/image\/\",\"url\":\"https:\/\/grontkontor.dk\/wp-content\/uploads\/2014\/02\/Logo_groent_kontor_300x80.png\",\"contentUrl\":\"https:\/\/grontkontor.dk\/wp-content\/uploads\/2014\/02\/Logo_groent_kontor_300x80.png\",\"width\":300,\"height\":80,\"caption\":\"Gr\u00f8nt Kontor\"},\"image\":{\"@id\":\"https:\/\/grontkontor.dk\/#\/schema\/logo\/image\/\"},\"sameAs\":[\"https:\/\/www.facebook.com\/grontkontor.dk\/\"]}]}<\/script>\n<!-- \/ Yoast SEO Premium plugin. -->","yoast_head_json":{"title":"Ballpoint pen in recycled plastic rPET - Gr\u00f8nt Kontor","robots":{"index":"index","follow":"follow","max-snippet":"max-snippet:-1","max-image-preview":"max-image-preview:large","max-video-preview":"max-video-preview:-1"},"canonical":"https:\/\/grontkontor.dk\/en\/shop\/ballpoint-pen-in-recycled-plastic-rpet\/","og_locale":"en_US","og_type":"article","og_title":"Ballpoint pen in recycled plastic rPET","og_description":"Eco-friendly ink pen, made of rPET (recycled PET plastic water bottles). The rPET material is a super durable material made from recycled polyester. Recycled plastic acts as a carbon depot for already manufactured plastics, preventing the release of carbon dioxide into the atmosphere as long as the product is in circulation. The body can be [&hellip;]","og_url":"https:\/\/grontkontor.dk\/en\/shop\/ballpoint-pen-in-recycled-plastic-rpet\/","og_site_name":"Gr\u00f8nt Kontor","article_publisher":"https:\/\/www.facebook.com\/grontkontor.dk\/","twitter_card":"summary_large_image","schema":{"@context":"https:\/\/schema.org","@graph":[{"@type":"WebPage","@id":"https:\/\/grontkontor.dk\/en\/shop\/ballpoint-pen-in-recycled-plastic-rpet\/","url":"https:\/\/grontkontor.dk\/en\/shop\/ballpoint-pen-in-recycled-plastic-rpet\/","name":"Ballpoint pen in recycled plastic rPET - Gr\u00f8nt Kontor","isPartOf":{"@id":"https:\/\/grontkontor.dk\/#website"},"datePublished":"2024-02-22T08:39:14+00:00","dateModified":"2024-02-22T08:39:14+00:00","breadcrumb":{"@id":"https:\/\/grontkontor.dk\/en\/shop\/ballpoint-pen-in-recycled-plastic-rpet\/#breadcrumb"},"inLanguage":"en-US","potentialAction":[{"@type":"ReadAction","target":["https:\/\/grontkontor.dk\/en\/shop\/ballpoint-pen-in-recycled-plastic-rpet\/"]}]},{"@type":"BreadcrumbList","@id":"https:\/\/grontkontor.dk\/en\/shop\/ballpoint-pen-in-recycled-plastic-rpet\/#breadcrumb","itemListElement":[{"@type":"ListItem","position":1,"name":"Forside","item":"https:\/\/grontkontor.dk\/"},{"@type":"ListItem","position":2,"name":"Shop","item":"https:\/\/grontkontor.dk\/en\/shop-2\/"},{"@type":"ListItem","position":3,"name":"Writing and pointing equipment","item":"https:\/\/grontkontor.dk\/en\/produkt-kategori\/writing-utensils\/"},{"@type":"ListItem","position":4,"name":"Pens","item":"https:\/\/grontkontor.dk\/en\/produkt-kategori\/writing-utensils\/ballpens\/"},{"@type":"ListItem","position":5,"name":"Ballpoint pen in recycled plastic rPET"}]},{"@type":"WebSite","@id":"https:\/\/grontkontor.dk\/#website","url":"https:\/\/grontkontor.dk\/","name":"Gr\u00f8nt Kontor","description":"Milj\u00f8venlige produkter til kontor og erhverv med fokus p\u00e5 b\u00e6redygtighed, design og fair trade.","publisher":{"@id":"https:\/\/grontkontor.dk\/#organization"},"potentialAction":[{"@type":"SearchAction","target":{"@type":"EntryPoint","urlTemplate":"https:\/\/grontkontor.dk\/?s={search_term_string}"},"query-input":"required name=search_term_string"}],"inLanguage":"en-US"},{"@type":"Organization","@id":"https:\/\/grontkontor.dk\/#organization","name":"Gr\u00f8nt Kontor","url":"https:\/\/grontkontor.dk\/","logo":{"@type":"ImageObject","inLanguage":"en-US","@id":"https:\/\/grontkontor.dk\/#\/schema\/logo\/image\/","url":"https:\/\/grontkontor.dk\/wp-content\/uploads\/2014\/02\/Logo_groent_kontor_300x80.png","contentUrl":"https:\/\/grontkontor.dk\/wp-content\/uploads\/2014\/02\/Logo_groent_kontor_300x80.png","width":300,"height":80,"caption":"Gr\u00f8nt Kontor"},"image":{"@id":"https:\/\/grontkontor.dk\/#\/schema\/logo\/image\/"},"sameAs":["https:\/\/www.facebook.com\/grontkontor.dk\/"]}]}},"_links":{"self":[{"href":"https:\/\/grontkontor.dk\/en\/wp-json\/wp\/v2\/product\/81377"}],"collection":[{"href":"https:\/\/grontkontor.dk\/en\/wp-json\/wp\/v2\/product"}],"about":[{"href":"https:\/\/grontkontor.dk\/en\/wp-json\/wp\/v2\/types\/product"}],"replies":[{"embeddable":true,"href":"https:\/\/grontkontor.dk\/en\/wp-json\/wp\/v2\/comments?post=81377"}],"wp:featuredmedia":[{"embeddable":true,"href":"https:\/\/grontkontor.dk\/en\/wp-json\/wp\/v2\/media\/22747"}],"wp:attachment":[{"href":"https:\/\/grontkontor.dk\/en\/wp-json\/wp\/v2\/media?parent=81377"}],"wp:term":[{"taxonomy":"product_cat","embeddable":true,"href":"https:\/\/grontkontor.dk\/en\/wp-json\/wp\/v2\/product_cat?post=81377"},{"taxonomy":"product_tag","embeddable":true,"href":"https:\/\/grontkontor.dk\/en\/wp-json\/wp\/v2\/product_tag?post=81377"}],"curies":[{"name":"wp","href":"https:\/\/api.w.org\/{rel}","templated":true}]}}