{"id":81622,"date":"2023-09-22T13:55:29","date_gmt":"2024-02-27T08:48:09","guid":{"rendered":"https:\/\/grontkontor.dk\/shop\/gift-bag-a5-recycled-cotton-120-gsm\/"},"modified":"2024-08-14T09:45:51","modified_gmt":"2024-08-14T07:45:51","slug":"gift-bag-a5-recycled-cotton-120-gsm","status":"publish","type":"product","link":"https:\/\/grontkontor.dk\/en\/shop\/gift-bag-a5-recycled-cotton-120-gsm\/","title":{"rendered":"Gift bag A5 recycled cotton 120 GSM"},"content":{"rendered":"<p>Lovely climate-friendly lace-up bag made of 100% recycled oekotex certified cotton. Quality: 120 gsm.\u00a0 Available in several colors. A really nice eco-friendly corporate gift, suitable as a gift bag for wrapping your employee gifts \/ corporate gifts Possibility of printing on one or both sides. <a class=\"light\" href=\"..\/produkt\/gavepose-a6-recycled-bomuld-120-gsm\/\">Also available in A6 size<\/a> Cotton is a biodegradable, compostable natural product and one of the worlds oldest commercial and agricultural commodities. Recycled cotton is less harmful to the climate than conventional \/ organic cotton, and excels in particular by extending the life of cotton products and thereby acts as an extended CO2 storage.  The Global Recycled Standard certification ensures that at least 50% of material is recycled in a final product. GRS also guarantees good working conditions and minimal content of harmful chemicals.  \u00a0 <a href=\"https:\/\/textileexchange.org\/standards\/recycled-claim-standard-global-recycled-standard\/\"><img loading=\"lazy\" decoding=\"async\" src=\"https:\/\/grontkontor.dk\/wp-content\/uploads\/2021\/06\/global-recycled-standard-1.jpg\" alt=\"Global recycled standard\" width=\"50\" height=\"50\" class=\"size-full wp-image-25504\" \/> <\/a><img loading=\"lazy\" decoding=\"async\" src=\"https:\/\/grontkontor.dk\/wp-content\/uploads\/2021\/02\/genbrug.jpg\" alt=\"Fremstillet af genbrugsmaterialer\" width=\"50\" height=\"50\" class=\"size-full wp-image-23031\" srcset=\"https:\/\/grontkontor.dk\/wp-content\/uploads\/2021\/02\/genbrug.jpg 199w, https:\/\/grontkontor.dk\/wp-content\/uploads\/2021\/02\/genbrug-100x100.jpg 100w\" sizes=\"(max-width: 50px) 100vw, 50px\" \/><\/p>\n","protected":false},"excerpt":{"rendered":"<p>Lovely climate-friendly lace-up bag made of 100% recycled oekotex certified cotton. Quality: 120 gsm.\u00a0 Available in several colors. A really nice eco-friendly corporate gift, suitable as a gift bag for wrapping your employee gifts \/ corporate gifts Possibility of printing on one or both sides. Also available in A6 size \u00a0<\/p>\n","protected":false},"featured_media":38739,"comment_status":"closed","ping_status":"closed","template":"","meta":{"_acf_changed":false},"product_cat":[4445,4446,1310,2106,2390,1285],"product_tag":[1372,2940,2941,2553],"class_list":{"0":"post-81622","1":"product","2":"type-product","3":"status-publish","4":"has-post-thumbnail","6":"product_cat-gift-bags-and-gift-boxes","7":"product_cat-paper-bags-en","8":"product_cat-bags-and-covers","9":"product_cat-dummy-moq-1-en","10":"product_cat-news","11":"product_cat-trade-fair-equipment","12":"product_tag-bomuldspose-en","13":"product_tag-drawstring-bag","14":"product_tag-drawstring-closure-bag","15":"product_tag-gavepose-en","16":"tm-has-options","18":"first","19":"instock","20":"taxable","21":"shipping-taxable","22":"purchasable","23":"product-type-variable","24":"has-default-attributes"},"acf":[],"yoast_head":"<!-- This site is optimized with the Yoast SEO Premium plugin v21.2 (Yoast SEO v21.2) - https:\/\/yoast.com\/wordpress\/plugins\/seo\/ -->\n<title>Gift bag A5 recycled cotton 120 GSM - Gr\u00f8nt Kontor<\/title>\n<meta name=\"robots\" content=\"index, follow, max-snippet:-1, max-image-preview:large, max-video-preview:-1\" \/>\n<link rel=\"canonical\" href=\"https:\/\/grontkontor.dk\/en\/shop\/gift-bag-a5-recycled-cotton-120-gsm\/\" \/>\n<meta property=\"og:locale\" content=\"en_US\" \/>\n<meta property=\"og:type\" content=\"article\" \/>\n<meta property=\"og:title\" content=\"Gift bag A5 recycled cotton 120 GSM\" \/>\n<meta property=\"og:description\" content=\"Lovely climate-friendly lace-up bag made of 100% recycled oekotex certified cotton. Quality: 120 gsm.\u00a0 Available in several colors. A really nice eco-friendly corporate gift, suitable as a gift bag for wrapping your employee gifts \/ corporate gifts Possibility of printing on one or both sides. Also available in A6 size \u00a0\" \/>\n<meta property=\"og:url\" content=\"https:\/\/grontkontor.dk\/en\/shop\/gift-bag-a5-recycled-cotton-120-gsm\/\" \/>\n<meta property=\"og:site_name\" content=\"Gr\u00f8nt Kontor\" \/>\n<meta property=\"article:publisher\" content=\"https:\/\/www.facebook.com\/grontkontor.dk\/\" \/>\n<meta property=\"article:modified_time\" content=\"2024-08-14T07:45:51+00:00\" \/>\n<meta property=\"og:image\" content=\"https:\/\/grontkontor.dk\/wp-content\/uploads\/2022\/10\/genbrugs-snoerelukpose-recycled-bomuld-groen.jpg\" \/>\n\t<meta property=\"og:image:width\" content=\"1256\" \/>\n\t<meta property=\"og:image:height\" content=\"892\" \/>\n\t<meta property=\"og:image:type\" content=\"image\/jpeg\" \/>\n<meta name=\"twitter:card\" content=\"summary_large_image\" \/>\n<meta name=\"twitter:label1\" content=\"Est. reading time\" \/>\n\t<meta name=\"twitter:data1\" content=\"1 minute\" \/>\n<script type=\"application\/ld+json\" class=\"yoast-schema-graph\">{\"@context\":\"https:\/\/schema.org\",\"@graph\":[{\"@type\":\"WebPage\",\"@id\":\"https:\/\/grontkontor.dk\/en\/shop\/gift-bag-a5-recycled-cotton-120-gsm\/\",\"url\":\"https:\/\/grontkontor.dk\/en\/shop\/gift-bag-a5-recycled-cotton-120-gsm\/\",\"name\":\"Gift bag A5 recycled cotton 120 GSM - Gr\u00f8nt Kontor\",\"isPartOf\":{\"@id\":\"https:\/\/grontkontor.dk\/#website\"},\"datePublished\":\"2024-02-27T08:48:09+00:00\",\"dateModified\":\"2024-08-14T07:45:51+00:00\",\"breadcrumb\":{\"@id\":\"https:\/\/grontkontor.dk\/en\/shop\/gift-bag-a5-recycled-cotton-120-gsm\/#breadcrumb\"},\"inLanguage\":\"en-US\",\"potentialAction\":[{\"@type\":\"ReadAction\",\"target\":[\"https:\/\/grontkontor.dk\/en\/shop\/gift-bag-a5-recycled-cotton-120-gsm\/\"]}]},{\"@type\":\"BreadcrumbList\",\"@id\":\"https:\/\/grontkontor.dk\/en\/shop\/gift-bag-a5-recycled-cotton-120-gsm\/#breadcrumb\",\"itemListElement\":[{\"@type\":\"ListItem\",\"position\":1,\"name\":\"Forside\",\"item\":\"https:\/\/grontkontor.dk\/\"},{\"@type\":\"ListItem\",\"position\":2,\"name\":\"Shop\",\"item\":\"https:\/\/grontkontor.dk\/en\/shop-2\/\"},{\"@type\":\"ListItem\",\"position\":3,\"name\":\"Poser, tasker og covers\",\"item\":\"https:\/\/grontkontor.dk\/produkt-kategori\/poser-tasker-covers\/\"},{\"@type\":\"ListItem\",\"position\":4,\"name\":\"Gaveposer\",\"item\":\"https:\/\/grontkontor.dk\/produkt-kategori\/poser-tasker-covers\/gaveposer\/\"},{\"@type\":\"ListItem\",\"position\":5,\"name\":\"Gift bag A5 recycled cotton 120 GSM\"}]},{\"@type\":\"WebSite\",\"@id\":\"https:\/\/grontkontor.dk\/#website\",\"url\":\"https:\/\/grontkontor.dk\/\",\"name\":\"Gr\u00f8nt Kontor\",\"description\":\"Milj\u00f8venlige produkter til kontor og erhverv med fokus p\u00e5 b\u00e6redygtighed, design og fair trade.\",\"publisher\":{\"@id\":\"https:\/\/grontkontor.dk\/#organization\"},\"potentialAction\":[{\"@type\":\"SearchAction\",\"target\":{\"@type\":\"EntryPoint\",\"urlTemplate\":\"https:\/\/grontkontor.dk\/?s={search_term_string}\"},\"query-input\":\"required name=search_term_string\"}],\"inLanguage\":\"en-US\"},{\"@type\":\"Organization\",\"@id\":\"https:\/\/grontkontor.dk\/#organization\",\"name\":\"Gr\u00f8nt Kontor\",\"url\":\"https:\/\/grontkontor.dk\/\",\"logo\":{\"@type\":\"ImageObject\",\"inLanguage\":\"en-US\",\"@id\":\"https:\/\/grontkontor.dk\/#\/schema\/logo\/image\/\",\"url\":\"https:\/\/grontkontor.dk\/wp-content\/uploads\/2014\/02\/Logo_groent_kontor_300x80.png\",\"contentUrl\":\"https:\/\/grontkontor.dk\/wp-content\/uploads\/2014\/02\/Logo_groent_kontor_300x80.png\",\"width\":300,\"height\":80,\"caption\":\"Gr\u00f8nt Kontor\"},\"image\":{\"@id\":\"https:\/\/grontkontor.dk\/#\/schema\/logo\/image\/\"},\"sameAs\":[\"https:\/\/www.facebook.com\/grontkontor.dk\/\"]}]}<\/script>\n<!-- \/ Yoast SEO Premium plugin. -->","yoast_head_json":{"title":"Gift bag A5 recycled cotton 120 GSM - Gr\u00f8nt Kontor","robots":{"index":"index","follow":"follow","max-snippet":"max-snippet:-1","max-image-preview":"max-image-preview:large","max-video-preview":"max-video-preview:-1"},"canonical":"https:\/\/grontkontor.dk\/en\/shop\/gift-bag-a5-recycled-cotton-120-gsm\/","og_locale":"en_US","og_type":"article","og_title":"Gift bag A5 recycled cotton 120 GSM","og_description":"Lovely climate-friendly lace-up bag made of 100% recycled oekotex certified cotton. Quality: 120 gsm.\u00a0 Available in several colors. A really nice eco-friendly corporate gift, suitable as a gift bag for wrapping your employee gifts \/ corporate gifts Possibility of printing on one or both sides. Also available in A6 size \u00a0","og_url":"https:\/\/grontkontor.dk\/en\/shop\/gift-bag-a5-recycled-cotton-120-gsm\/","og_site_name":"Gr\u00f8nt Kontor","article_publisher":"https:\/\/www.facebook.com\/grontkontor.dk\/","article_modified_time":"2024-08-14T07:45:51+00:00","og_image":[{"width":1256,"height":892,"url":"https:\/\/grontkontor.dk\/wp-content\/uploads\/2022\/10\/genbrugs-snoerelukpose-recycled-bomuld-groen.jpg","type":"image\/jpeg"}],"twitter_card":"summary_large_image","twitter_misc":{"Est. reading time":"1 minute"},"schema":{"@context":"https:\/\/schema.org","@graph":[{"@type":"WebPage","@id":"https:\/\/grontkontor.dk\/en\/shop\/gift-bag-a5-recycled-cotton-120-gsm\/","url":"https:\/\/grontkontor.dk\/en\/shop\/gift-bag-a5-recycled-cotton-120-gsm\/","name":"Gift bag A5 recycled cotton 120 GSM - Gr\u00f8nt Kontor","isPartOf":{"@id":"https:\/\/grontkontor.dk\/#website"},"datePublished":"2024-02-27T08:48:09+00:00","dateModified":"2024-08-14T07:45:51+00:00","breadcrumb":{"@id":"https:\/\/grontkontor.dk\/en\/shop\/gift-bag-a5-recycled-cotton-120-gsm\/#breadcrumb"},"inLanguage":"en-US","potentialAction":[{"@type":"ReadAction","target":["https:\/\/grontkontor.dk\/en\/shop\/gift-bag-a5-recycled-cotton-120-gsm\/"]}]},{"@type":"BreadcrumbList","@id":"https:\/\/grontkontor.dk\/en\/shop\/gift-bag-a5-recycled-cotton-120-gsm\/#breadcrumb","itemListElement":[{"@type":"ListItem","position":1,"name":"Forside","item":"https:\/\/grontkontor.dk\/"},{"@type":"ListItem","position":2,"name":"Shop","item":"https:\/\/grontkontor.dk\/en\/shop-2\/"},{"@type":"ListItem","position":3,"name":"Poser, tasker og covers","item":"https:\/\/grontkontor.dk\/produkt-kategori\/poser-tasker-covers\/"},{"@type":"ListItem","position":4,"name":"Gaveposer","item":"https:\/\/grontkontor.dk\/produkt-kategori\/poser-tasker-covers\/gaveposer\/"},{"@type":"ListItem","position":5,"name":"Gift bag A5 recycled cotton 120 GSM"}]},{"@type":"WebSite","@id":"https:\/\/grontkontor.dk\/#website","url":"https:\/\/grontkontor.dk\/","name":"Gr\u00f8nt Kontor","description":"Milj\u00f8venlige produkter til kontor og erhverv med fokus p\u00e5 b\u00e6redygtighed, design og fair trade.","publisher":{"@id":"https:\/\/grontkontor.dk\/#organization"},"potentialAction":[{"@type":"SearchAction","target":{"@type":"EntryPoint","urlTemplate":"https:\/\/grontkontor.dk\/?s={search_term_string}"},"query-input":"required name=search_term_string"}],"inLanguage":"en-US"},{"@type":"Organization","@id":"https:\/\/grontkontor.dk\/#organization","name":"Gr\u00f8nt Kontor","url":"https:\/\/grontkontor.dk\/","logo":{"@type":"ImageObject","inLanguage":"en-US","@id":"https:\/\/grontkontor.dk\/#\/schema\/logo\/image\/","url":"https:\/\/grontkontor.dk\/wp-content\/uploads\/2014\/02\/Logo_groent_kontor_300x80.png","contentUrl":"https:\/\/grontkontor.dk\/wp-content\/uploads\/2014\/02\/Logo_groent_kontor_300x80.png","width":300,"height":80,"caption":"Gr\u00f8nt Kontor"},"image":{"@id":"https:\/\/grontkontor.dk\/#\/schema\/logo\/image\/"},"sameAs":["https:\/\/www.facebook.com\/grontkontor.dk\/"]}]}},"_links":{"self":[{"href":"https:\/\/grontkontor.dk\/en\/wp-json\/wp\/v2\/product\/81622"}],"collection":[{"href":"https:\/\/grontkontor.dk\/en\/wp-json\/wp\/v2\/product"}],"about":[{"href":"https:\/\/grontkontor.dk\/en\/wp-json\/wp\/v2\/types\/product"}],"replies":[{"embeddable":true,"href":"https:\/\/grontkontor.dk\/en\/wp-json\/wp\/v2\/comments?post=81622"}],"wp:featuredmedia":[{"embeddable":true,"href":"https:\/\/grontkontor.dk\/en\/wp-json\/wp\/v2\/media\/38739"}],"wp:attachment":[{"href":"https:\/\/grontkontor.dk\/en\/wp-json\/wp\/v2\/media?parent=81622"}],"wp:term":[{"taxonomy":"product_cat","embeddable":true,"href":"https:\/\/grontkontor.dk\/en\/wp-json\/wp\/v2\/product_cat?post=81622"},{"taxonomy":"product_tag","embeddable":true,"href":"https:\/\/grontkontor.dk\/en\/wp-json\/wp\/v2\/product_tag?post=81622"}],"curies":[{"name":"wp","href":"https:\/\/api.w.org\/{rel}","templated":true}]}}