{"id":82596,"date":"2024-03-14T13:21:52","date_gmt":"2024-03-14T12:21:52","guid":{"rendered":"https:\/\/grontkontor.dk\/?post_type=product&#038;p=82596"},"modified":"2024-05-08T10:08:21","modified_gmt":"2024-05-08T08:08:21","slug":"bookends-in-steel-black-20-cm-set-of-2-pieces-kopier","status":"publish","type":"product","link":"https:\/\/grontkontor.dk\/en\/shop\/bookends-in-steel-black-20-cm-set-of-2-pieces-kopier\/","title":{"rendered":"Paperclip 32 mm"},"content":{"rendered":"<p>Organise your loose papers with these strong and durable paper clips made of galvanised steel wire with sharp ends (32 mm). A large package of standard clips to keep your documents in place. The box contains approximately 985 clips with a total weight of 500 grams.<\/p>\nSteel\/iron is a reusable and practically unlimited resource that does not pollute when disposed of. The production of steel in itself is not sustainable, as large amounts of CO2 are produced from fossil materials in the process. On the other hand, steel products have an extremely long lifespan and offer the possibility of endless repeated reuse, which means that the vast majority of steel on the market consists predominantly of recycled steel. \n","protected":false},"excerpt":{"rendered":"<p>Organise your loose papers with these strong and durable paper clips made of galvanised steel wire with sharp ends (32 mm). A large package of standard clips to keep your documents in place. The box contains approximately 985 clips with a total weight of 500 grams.<\/p>\n","protected":false},"featured_media":82608,"comment_status":"closed","ping_status":"closed","template":"","meta":{"_acf_changed":false},"product_cat":[2106,1307,2390],"product_tag":[1600],"class_list":{"0":"post-82596","1":"product","2":"type-product","3":"status-publish","4":"has-post-thumbnail","6":"product_cat-dummy-moq-1-en","7":"product_cat-diverse-desktop-utensils","8":"product_cat-news","9":"product_tag-papirclips-en","10":"pa_farve-black","11":"pa_farve-blue","12":"pa_farve-grey-en-2","13":"tm-has-options","15":"first","16":"instock","17":"taxable","18":"shipping-taxable","19":"purchasable","20":"product-type-simple"},"acf":[],"yoast_head":"<!-- This site is optimized with the Yoast SEO Premium plugin v21.2 (Yoast SEO v21.2) - https:\/\/yoast.com\/wordpress\/plugins\/seo\/ -->\n<title>Paperclip 32 mm - Gr\u00f8nt Kontor<\/title>\n<meta name=\"robots\" content=\"index, follow, max-snippet:-1, max-image-preview:large, max-video-preview:-1\" \/>\n<link rel=\"canonical\" href=\"https:\/\/grontkontor.dk\/en\/shop\/bookends-in-steel-black-20-cm-set-of-2-pieces-kopier\/\" \/>\n<meta property=\"og:locale\" content=\"en_US\" \/>\n<meta property=\"og:type\" content=\"article\" \/>\n<meta property=\"og:title\" content=\"Paperclip 32 mm\" \/>\n<meta property=\"og:description\" content=\"Organise your loose papers with these strong and durable paper clips made of galvanised steel wire with sharp ends (32 mm). A large package of standard clips to keep your documents in place. The box contains approximately 985 clips with a total weight of 500 grams.\" \/>\n<meta property=\"og:url\" content=\"https:\/\/grontkontor.dk\/en\/shop\/bookends-in-steel-black-20-cm-set-of-2-pieces-kopier\/\" \/>\n<meta property=\"og:site_name\" content=\"Gr\u00f8nt Kontor\" \/>\n<meta property=\"article:publisher\" content=\"https:\/\/www.facebook.com\/grontkontor.dk\/\" \/>\n<meta property=\"article:modified_time\" content=\"2024-05-08T08:08:21+00:00\" \/>\n<meta property=\"og:image\" content=\"https:\/\/grontkontor.dk\/wp-content\/uploads\/2024\/03\/Clips-i-staal-i-aeske.jpg\" \/>\n\t<meta property=\"og:image:width\" content=\"900\" \/>\n\t<meta property=\"og:image:height\" content=\"639\" \/>\n\t<meta property=\"og:image:type\" content=\"image\/jpeg\" \/>\n<meta name=\"twitter:card\" content=\"summary_large_image\" \/>\n<script type=\"application\/ld+json\" class=\"yoast-schema-graph\">{\"@context\":\"https:\/\/schema.org\",\"@graph\":[{\"@type\":\"WebPage\",\"@id\":\"https:\/\/grontkontor.dk\/en\/shop\/bookends-in-steel-black-20-cm-set-of-2-pieces-kopier\/\",\"url\":\"https:\/\/grontkontor.dk\/en\/shop\/bookends-in-steel-black-20-cm-set-of-2-pieces-kopier\/\",\"name\":\"Paperclip 32 mm - Gr\u00f8nt Kontor\",\"isPartOf\":{\"@id\":\"https:\/\/grontkontor.dk\/#website\"},\"datePublished\":\"2024-03-14T12:21:52+00:00\",\"dateModified\":\"2024-05-08T08:08:21+00:00\",\"breadcrumb\":{\"@id\":\"https:\/\/grontkontor.dk\/en\/shop\/bookends-in-steel-black-20-cm-set-of-2-pieces-kopier\/#breadcrumb\"},\"inLanguage\":\"en-US\",\"potentialAction\":[{\"@type\":\"ReadAction\",\"target\":[\"https:\/\/grontkontor.dk\/en\/shop\/bookends-in-steel-black-20-cm-set-of-2-pieces-kopier\/\"]}]},{\"@type\":\"BreadcrumbList\",\"@id\":\"https:\/\/grontkontor.dk\/en\/shop\/bookends-in-steel-black-20-cm-set-of-2-pieces-kopier\/#breadcrumb\",\"itemListElement\":[{\"@type\":\"ListItem\",\"position\":1,\"name\":\"Forside\",\"item\":\"https:\/\/grontkontor.dk\/\"},{\"@type\":\"ListItem\",\"position\":2,\"name\":\"Shop\",\"item\":\"https:\/\/grontkontor.dk\/en\/shop-2\/\"},{\"@type\":\"ListItem\",\"position\":3,\"name\":\"Skrivebordsudstyr\",\"item\":\"https:\/\/grontkontor.dk\/en\/produkt-kategori\/desktop-utensils\/\"},{\"@type\":\"ListItem\",\"position\":4,\"name\":\"Miscellaneous desktop utensils\",\"item\":\"https:\/\/grontkontor.dk\/en\/produkt-kategori\/desktop-utensils\/diverse-desktop-utensils\/\"},{\"@type\":\"ListItem\",\"position\":5,\"name\":\"Paperclip 32 mm\"}]},{\"@type\":\"WebSite\",\"@id\":\"https:\/\/grontkontor.dk\/#website\",\"url\":\"https:\/\/grontkontor.dk\/\",\"name\":\"Gr\u00f8nt Kontor\",\"description\":\"Milj\u00f8venlige produkter til kontor og erhverv med fokus p\u00e5 b\u00e6redygtighed, design og fair trade.\",\"publisher\":{\"@id\":\"https:\/\/grontkontor.dk\/#organization\"},\"potentialAction\":[{\"@type\":\"SearchAction\",\"target\":{\"@type\":\"EntryPoint\",\"urlTemplate\":\"https:\/\/grontkontor.dk\/?s={search_term_string}\"},\"query-input\":\"required name=search_term_string\"}],\"inLanguage\":\"en-US\"},{\"@type\":\"Organization\",\"@id\":\"https:\/\/grontkontor.dk\/#organization\",\"name\":\"Gr\u00f8nt Kontor\",\"url\":\"https:\/\/grontkontor.dk\/\",\"logo\":{\"@type\":\"ImageObject\",\"inLanguage\":\"en-US\",\"@id\":\"https:\/\/grontkontor.dk\/#\/schema\/logo\/image\/\",\"url\":\"https:\/\/grontkontor.dk\/wp-content\/uploads\/2014\/02\/Logo_groent_kontor_300x80.png\",\"contentUrl\":\"https:\/\/grontkontor.dk\/wp-content\/uploads\/2014\/02\/Logo_groent_kontor_300x80.png\",\"width\":300,\"height\":80,\"caption\":\"Gr\u00f8nt Kontor\"},\"image\":{\"@id\":\"https:\/\/grontkontor.dk\/#\/schema\/logo\/image\/\"},\"sameAs\":[\"https:\/\/www.facebook.com\/grontkontor.dk\/\"]}]}<\/script>\n<!-- \/ Yoast SEO Premium plugin. -->","yoast_head_json":{"title":"Paperclip 32 mm - Gr\u00f8nt Kontor","robots":{"index":"index","follow":"follow","max-snippet":"max-snippet:-1","max-image-preview":"max-image-preview:large","max-video-preview":"max-video-preview:-1"},"canonical":"https:\/\/grontkontor.dk\/en\/shop\/bookends-in-steel-black-20-cm-set-of-2-pieces-kopier\/","og_locale":"en_US","og_type":"article","og_title":"Paperclip 32 mm","og_description":"Organise your loose papers with these strong and durable paper clips made of galvanised steel wire with sharp ends (32 mm). A large package of standard clips to keep your documents in place. The box contains approximately 985 clips with a total weight of 500 grams.","og_url":"https:\/\/grontkontor.dk\/en\/shop\/bookends-in-steel-black-20-cm-set-of-2-pieces-kopier\/","og_site_name":"Gr\u00f8nt Kontor","article_publisher":"https:\/\/www.facebook.com\/grontkontor.dk\/","article_modified_time":"2024-05-08T08:08:21+00:00","og_image":[{"width":900,"height":639,"url":"https:\/\/grontkontor.dk\/wp-content\/uploads\/2024\/03\/Clips-i-staal-i-aeske.jpg","type":"image\/jpeg"}],"twitter_card":"summary_large_image","schema":{"@context":"https:\/\/schema.org","@graph":[{"@type":"WebPage","@id":"https:\/\/grontkontor.dk\/en\/shop\/bookends-in-steel-black-20-cm-set-of-2-pieces-kopier\/","url":"https:\/\/grontkontor.dk\/en\/shop\/bookends-in-steel-black-20-cm-set-of-2-pieces-kopier\/","name":"Paperclip 32 mm - Gr\u00f8nt Kontor","isPartOf":{"@id":"https:\/\/grontkontor.dk\/#website"},"datePublished":"2024-03-14T12:21:52+00:00","dateModified":"2024-05-08T08:08:21+00:00","breadcrumb":{"@id":"https:\/\/grontkontor.dk\/en\/shop\/bookends-in-steel-black-20-cm-set-of-2-pieces-kopier\/#breadcrumb"},"inLanguage":"en-US","potentialAction":[{"@type":"ReadAction","target":["https:\/\/grontkontor.dk\/en\/shop\/bookends-in-steel-black-20-cm-set-of-2-pieces-kopier\/"]}]},{"@type":"BreadcrumbList","@id":"https:\/\/grontkontor.dk\/en\/shop\/bookends-in-steel-black-20-cm-set-of-2-pieces-kopier\/#breadcrumb","itemListElement":[{"@type":"ListItem","position":1,"name":"Forside","item":"https:\/\/grontkontor.dk\/"},{"@type":"ListItem","position":2,"name":"Shop","item":"https:\/\/grontkontor.dk\/en\/shop-2\/"},{"@type":"ListItem","position":3,"name":"Skrivebordsudstyr","item":"https:\/\/grontkontor.dk\/en\/produkt-kategori\/desktop-utensils\/"},{"@type":"ListItem","position":4,"name":"Miscellaneous desktop utensils","item":"https:\/\/grontkontor.dk\/en\/produkt-kategori\/desktop-utensils\/diverse-desktop-utensils\/"},{"@type":"ListItem","position":5,"name":"Paperclip 32 mm"}]},{"@type":"WebSite","@id":"https:\/\/grontkontor.dk\/#website","url":"https:\/\/grontkontor.dk\/","name":"Gr\u00f8nt Kontor","description":"Milj\u00f8venlige produkter til kontor og erhverv med fokus p\u00e5 b\u00e6redygtighed, design og fair trade.","publisher":{"@id":"https:\/\/grontkontor.dk\/#organization"},"potentialAction":[{"@type":"SearchAction","target":{"@type":"EntryPoint","urlTemplate":"https:\/\/grontkontor.dk\/?s={search_term_string}"},"query-input":"required name=search_term_string"}],"inLanguage":"en-US"},{"@type":"Organization","@id":"https:\/\/grontkontor.dk\/#organization","name":"Gr\u00f8nt Kontor","url":"https:\/\/grontkontor.dk\/","logo":{"@type":"ImageObject","inLanguage":"en-US","@id":"https:\/\/grontkontor.dk\/#\/schema\/logo\/image\/","url":"https:\/\/grontkontor.dk\/wp-content\/uploads\/2014\/02\/Logo_groent_kontor_300x80.png","contentUrl":"https:\/\/grontkontor.dk\/wp-content\/uploads\/2014\/02\/Logo_groent_kontor_300x80.png","width":300,"height":80,"caption":"Gr\u00f8nt Kontor"},"image":{"@id":"https:\/\/grontkontor.dk\/#\/schema\/logo\/image\/"},"sameAs":["https:\/\/www.facebook.com\/grontkontor.dk\/"]}]}},"_links":{"self":[{"href":"https:\/\/grontkontor.dk\/en\/wp-json\/wp\/v2\/product\/82596"}],"collection":[{"href":"https:\/\/grontkontor.dk\/en\/wp-json\/wp\/v2\/product"}],"about":[{"href":"https:\/\/grontkontor.dk\/en\/wp-json\/wp\/v2\/types\/product"}],"replies":[{"embeddable":true,"href":"https:\/\/grontkontor.dk\/en\/wp-json\/wp\/v2\/comments?post=82596"}],"wp:featuredmedia":[{"embeddable":true,"href":"https:\/\/grontkontor.dk\/en\/wp-json\/wp\/v2\/media\/82608"}],"wp:attachment":[{"href":"https:\/\/grontkontor.dk\/en\/wp-json\/wp\/v2\/media?parent=82596"}],"wp:term":[{"taxonomy":"product_cat","embeddable":true,"href":"https:\/\/grontkontor.dk\/en\/wp-json\/wp\/v2\/product_cat?post=82596"},{"taxonomy":"product_tag","embeddable":true,"href":"https:\/\/grontkontor.dk\/en\/wp-json\/wp\/v2\/product_tag?post=82596"}],"curies":[{"name":"wp","href":"https:\/\/api.w.org\/{rel}","templated":true}]}}