{"id":82748,"date":"2025-04-03T12:57:41","date_gmt":"2024-03-19T11:57:42","guid":{"rendered":"https:\/\/grontkontor.dk\/?post_type=product&#038;p=82748"},"modified":"2025-11-06T10:08:15","modified_gmt":"2025-11-06T09:08:15","slug":"klimavenlig-t-shirt-oekologisk-bomuld-unisex","status":"publish","type":"product","link":"https:\/\/grontkontor.dk\/en\/shop\/klimavenlig-t-shirt-oekologisk-bomuld-unisex\/","title":{"rendered":"Climate-friendly t-shirt organic cotton unisex"},"content":{"rendered":"<p>A climate-friendly unisex t-shirt in 100% organic cotton is the perfect choice for profile clothing that combines comfort, style and responsibility. This shirt has a classic cut that fits both men and women, and it is available in sizes XS to XXL so everyone can find a good fit.<br \/>\nThe T-shirt has a weight of 150 gsm, which makes it lightweight, breathable and suitable for both work and leisure. It can be ordered in multiple colors, providing flexibility for businesses that want to match their visual identity. As standard, it can be delivered with logo printing in up to four colors depending on the printing method, and there is also the option of embroidery if you want a more exclusive look.<br \/>\nWith a minimum order of 50 pieces, the unisex t-shirt is ideal as a corporate gift, employee clothing or as a promotional item for fairs and events. The combination of organic cotton and classic design makes it an eco-friendly solution that can be used again and again.<x id=\"gid_2\"><\/x>When you choose climate-friendly t-shirts in organic materials, you signal consideration for both people and the environment. This unisex shirt is a safe choice that unites function, quality and green values.<br \/>\nCotton is a biodegradable, compostable natural product and one of the worlds oldest commercial and agricultural commodities. Organic cotton is grown from non-genetically modified seeds, and without the use of pesticides or other harmful chemicals.  The GOTS certification is a guarantee that your clothes are produced organically and environmentally correctly under proper wage and working conditions. <\/p>\n<a href=\"https:\/\/www.eco-branding.dk\/miljoemaerkning\/gots.aspx\" rel=\"noopener\" target=\"_blank\"><img loading=\"lazy\" decoding=\"async\" class=\"size-full wp-image-12808\" src=\"https:\/\/grontkontor.dk\/wp-content\/uploads\/2019\/04\/gots-certificeret.jpg\" \n   alt=\"Gots certificeret - din garanti for, at produktet indeholder mindst 70% ?kologisk bomuld\"  description=\"Gots certificeret - din garanti for, at produktet indeholder mindst 70% ?kologisk bomuld\" width=\"50\" height=\"50\" \n\t border=0 \/><\/a>\n","protected":false},"excerpt":{"rendered":"<p>A climate-friendly unisex t-shirt in 100% organic cotton is the perfect choice for profile clothing that combines comfort, style and responsibility. This shirt has a classic cut that fits both men and women, and it is available in sizes XS to XXL so everyone can find a good fit. The T-shirt has a weight of [&hellip;]<\/p>\n","protected":false},"featured_media":82776,"comment_status":"closed","ping_status":"closed","template":"","meta":{"_acf_changed":false},"product_cat":[4839,1262,2449,2390],"product_tag":[4823,3052,4825,4824,4826],"class_list":{"0":"post-82748","1":"product","2":"type-product","3":"status-publish","4":"has-post-thumbnail","6":"product_cat-t-shirts-sweat-shirts-and-polo-shirts","7":"product_cat-sustainable-presents","8":"product_cat-dummy-moq-10-50-en","9":"product_cat-news","10":"product_tag-shirt","11":"product_tag-t-shirt-en","12":"product_tag-t-shirts-en","13":"product_tag-tshirt-en","14":"product_tag-tshirts-en","15":"pa_farve-blue","16":"pa_farve-green-en","17":"pa_farve-natur-en","18":"pa_farve-lilla-en","19":"pa_farve-yellow-en","20":"tm-has-options","22":"first","23":"instock","24":"sale","25":"taxable","26":"shipping-taxable","27":"purchasable","28":"product-type-simple"},"acf":[],"yoast_head":"<!-- This site is optimized with the Yoast SEO Premium plugin v21.2 (Yoast SEO v21.2) - https:\/\/yoast.com\/wordpress\/plugins\/seo\/ -->\n<title>Climate-friendly t-shirt organic cotton unisex - Gr\u00f8nt Kontor<\/title>\n<meta name=\"description\" content=\"Climate-friendly unisex t-shirt in 100% organic cotton. Eco-friendly shirt in many sizes and colors. Perfect for logo printing or embroidery.\" \/>\n<meta name=\"robots\" content=\"index, follow, max-snippet:-1, max-image-preview:large, max-video-preview:-1\" \/>\n<link rel=\"canonical\" href=\"https:\/\/grontkontor.dk\/en\/shop\/klimavenlig-t-shirt-oekologisk-bomuld-unisex\/\" \/>\n<meta property=\"og:locale\" content=\"en_US\" \/>\n<meta property=\"og:type\" content=\"article\" \/>\n<meta property=\"og:title\" content=\"Climate-friendly t-shirt organic cotton unisex\" \/>\n<meta property=\"og:description\" content=\"Climate-friendly unisex t-shirt in 100% organic cotton. Eco-friendly shirt in many sizes and colors. Perfect for logo printing or embroidery.\" \/>\n<meta property=\"og:url\" content=\"https:\/\/grontkontor.dk\/en\/shop\/klimavenlig-t-shirt-oekologisk-bomuld-unisex\/\" \/>\n<meta property=\"og:site_name\" content=\"Gr\u00f8nt Kontor\" \/>\n<meta property=\"article:publisher\" content=\"https:\/\/www.facebook.com\/grontkontor.dk\/\" \/>\n<meta property=\"article:modified_time\" content=\"2025-11-06T09:08:15+00:00\" \/>\n<meta property=\"og:image\" content=\"https:\/\/grontkontor.dk\/wp-content\/uploads\/2024\/03\/Klimavenlig-oekologisk-t-shirt-unisex-pastelfarver.jpg\" \/>\n\t<meta property=\"og:image:width\" content=\"900\" \/>\n\t<meta property=\"og:image:height\" content=\"639\" \/>\n\t<meta property=\"og:image:type\" content=\"image\/jpeg\" \/>\n<meta name=\"twitter:card\" content=\"summary_large_image\" \/>\n<meta name=\"twitter:label1\" content=\"Est. reading time\" \/>\n\t<meta name=\"twitter:data1\" content=\"1 minute\" \/>\n<script type=\"application\/ld+json\" class=\"yoast-schema-graph\">{\"@context\":\"https:\/\/schema.org\",\"@graph\":[{\"@type\":\"WebPage\",\"@id\":\"https:\/\/grontkontor.dk\/en\/shop\/klimavenlig-t-shirt-oekologisk-bomuld-unisex\/\",\"url\":\"https:\/\/grontkontor.dk\/en\/shop\/klimavenlig-t-shirt-oekologisk-bomuld-unisex\/\",\"name\":\"Climate-friendly t-shirt organic cotton unisex - Gr\u00f8nt Kontor\",\"isPartOf\":{\"@id\":\"https:\/\/grontkontor.dk\/#website\"},\"datePublished\":\"2024-03-19T11:57:42+00:00\",\"dateModified\":\"2025-11-06T09:08:15+00:00\",\"description\":\"Climate-friendly unisex t-shirt in 100% organic cotton. Eco-friendly shirt in many sizes and colors. Perfect for logo printing or embroidery.\",\"breadcrumb\":{\"@id\":\"https:\/\/grontkontor.dk\/en\/shop\/klimavenlig-t-shirt-oekologisk-bomuld-unisex\/#breadcrumb\"},\"inLanguage\":\"en-US\",\"potentialAction\":[{\"@type\":\"ReadAction\",\"target\":[\"https:\/\/grontkontor.dk\/en\/shop\/klimavenlig-t-shirt-oekologisk-bomuld-unisex\/\"]}]},{\"@type\":\"BreadcrumbList\",\"@id\":\"https:\/\/grontkontor.dk\/en\/shop\/klimavenlig-t-shirt-oekologisk-bomuld-unisex\/#breadcrumb\",\"itemListElement\":[{\"@type\":\"ListItem\",\"position\":1,\"name\":\"Forside\",\"item\":\"https:\/\/grontkontor.dk\/\"},{\"@type\":\"ListItem\",\"position\":2,\"name\":\"Shop\",\"item\":\"https:\/\/grontkontor.dk\/en\/shop-2\/\"},{\"@type\":\"ListItem\",\"position\":3,\"name\":\"Apparel\",\"item\":\"https:\/\/grontkontor.dk\/en\/produkt-kategori\/beklaedning-en\/\"},{\"@type\":\"ListItem\",\"position\":4,\"name\":\"T-shirts, sweat shirts and polo shirts\",\"item\":\"https:\/\/grontkontor.dk\/en\/produkt-kategori\/beklaedning-en\/t-shirts-sweat-shirts-and-polo-shirts\/\"},{\"@type\":\"ListItem\",\"position\":5,\"name\":\"Climate-friendly t-shirt organic cotton unisex\"}]},{\"@type\":\"WebSite\",\"@id\":\"https:\/\/grontkontor.dk\/#website\",\"url\":\"https:\/\/grontkontor.dk\/\",\"name\":\"Gr\u00f8nt Kontor\",\"description\":\"Milj\u00f8venlige produkter til kontor og erhverv med fokus p\u00e5 b\u00e6redygtighed, design og fair trade.\",\"publisher\":{\"@id\":\"https:\/\/grontkontor.dk\/#organization\"},\"potentialAction\":[{\"@type\":\"SearchAction\",\"target\":{\"@type\":\"EntryPoint\",\"urlTemplate\":\"https:\/\/grontkontor.dk\/?s={search_term_string}\"},\"query-input\":\"required name=search_term_string\"}],\"inLanguage\":\"en-US\"},{\"@type\":\"Organization\",\"@id\":\"https:\/\/grontkontor.dk\/#organization\",\"name\":\"Gr\u00f8nt Kontor\",\"url\":\"https:\/\/grontkontor.dk\/\",\"logo\":{\"@type\":\"ImageObject\",\"inLanguage\":\"en-US\",\"@id\":\"https:\/\/grontkontor.dk\/#\/schema\/logo\/image\/\",\"url\":\"https:\/\/grontkontor.dk\/wp-content\/uploads\/2014\/02\/Logo_groent_kontor_300x80.png\",\"contentUrl\":\"https:\/\/grontkontor.dk\/wp-content\/uploads\/2014\/02\/Logo_groent_kontor_300x80.png\",\"width\":300,\"height\":80,\"caption\":\"Gr\u00f8nt Kontor\"},\"image\":{\"@id\":\"https:\/\/grontkontor.dk\/#\/schema\/logo\/image\/\"},\"sameAs\":[\"https:\/\/www.facebook.com\/grontkontor.dk\/\"]}]}<\/script>\n<!-- \/ Yoast SEO Premium plugin. -->","yoast_head_json":{"title":"Climate-friendly t-shirt organic cotton unisex - Gr\u00f8nt Kontor","description":"Climate-friendly unisex t-shirt in 100% organic cotton. Eco-friendly shirt in many sizes and colors. Perfect for logo printing or embroidery.","robots":{"index":"index","follow":"follow","max-snippet":"max-snippet:-1","max-image-preview":"max-image-preview:large","max-video-preview":"max-video-preview:-1"},"canonical":"https:\/\/grontkontor.dk\/en\/shop\/klimavenlig-t-shirt-oekologisk-bomuld-unisex\/","og_locale":"en_US","og_type":"article","og_title":"Climate-friendly t-shirt organic cotton unisex","og_description":"Climate-friendly unisex t-shirt in 100% organic cotton. Eco-friendly shirt in many sizes and colors. Perfect for logo printing or embroidery.","og_url":"https:\/\/grontkontor.dk\/en\/shop\/klimavenlig-t-shirt-oekologisk-bomuld-unisex\/","og_site_name":"Gr\u00f8nt Kontor","article_publisher":"https:\/\/www.facebook.com\/grontkontor.dk\/","article_modified_time":"2025-11-06T09:08:15+00:00","og_image":[{"width":900,"height":639,"url":"https:\/\/grontkontor.dk\/wp-content\/uploads\/2024\/03\/Klimavenlig-oekologisk-t-shirt-unisex-pastelfarver.jpg","type":"image\/jpeg"}],"twitter_card":"summary_large_image","twitter_misc":{"Est. reading time":"1 minute"},"schema":{"@context":"https:\/\/schema.org","@graph":[{"@type":"WebPage","@id":"https:\/\/grontkontor.dk\/en\/shop\/klimavenlig-t-shirt-oekologisk-bomuld-unisex\/","url":"https:\/\/grontkontor.dk\/en\/shop\/klimavenlig-t-shirt-oekologisk-bomuld-unisex\/","name":"Climate-friendly t-shirt organic cotton unisex - Gr\u00f8nt Kontor","isPartOf":{"@id":"https:\/\/grontkontor.dk\/#website"},"datePublished":"2024-03-19T11:57:42+00:00","dateModified":"2025-11-06T09:08:15+00:00","description":"Climate-friendly unisex t-shirt in 100% organic cotton. Eco-friendly shirt in many sizes and colors. Perfect for logo printing or embroidery.","breadcrumb":{"@id":"https:\/\/grontkontor.dk\/en\/shop\/klimavenlig-t-shirt-oekologisk-bomuld-unisex\/#breadcrumb"},"inLanguage":"en-US","potentialAction":[{"@type":"ReadAction","target":["https:\/\/grontkontor.dk\/en\/shop\/klimavenlig-t-shirt-oekologisk-bomuld-unisex\/"]}]},{"@type":"BreadcrumbList","@id":"https:\/\/grontkontor.dk\/en\/shop\/klimavenlig-t-shirt-oekologisk-bomuld-unisex\/#breadcrumb","itemListElement":[{"@type":"ListItem","position":1,"name":"Forside","item":"https:\/\/grontkontor.dk\/"},{"@type":"ListItem","position":2,"name":"Shop","item":"https:\/\/grontkontor.dk\/en\/shop-2\/"},{"@type":"ListItem","position":3,"name":"Apparel","item":"https:\/\/grontkontor.dk\/en\/produkt-kategori\/beklaedning-en\/"},{"@type":"ListItem","position":4,"name":"T-shirts, sweat shirts and polo shirts","item":"https:\/\/grontkontor.dk\/en\/produkt-kategori\/beklaedning-en\/t-shirts-sweat-shirts-and-polo-shirts\/"},{"@type":"ListItem","position":5,"name":"Climate-friendly t-shirt organic cotton unisex"}]},{"@type":"WebSite","@id":"https:\/\/grontkontor.dk\/#website","url":"https:\/\/grontkontor.dk\/","name":"Gr\u00f8nt Kontor","description":"Milj\u00f8venlige produkter til kontor og erhverv med fokus p\u00e5 b\u00e6redygtighed, design og fair trade.","publisher":{"@id":"https:\/\/grontkontor.dk\/#organization"},"potentialAction":[{"@type":"SearchAction","target":{"@type":"EntryPoint","urlTemplate":"https:\/\/grontkontor.dk\/?s={search_term_string}"},"query-input":"required name=search_term_string"}],"inLanguage":"en-US"},{"@type":"Organization","@id":"https:\/\/grontkontor.dk\/#organization","name":"Gr\u00f8nt Kontor","url":"https:\/\/grontkontor.dk\/","logo":{"@type":"ImageObject","inLanguage":"en-US","@id":"https:\/\/grontkontor.dk\/#\/schema\/logo\/image\/","url":"https:\/\/grontkontor.dk\/wp-content\/uploads\/2014\/02\/Logo_groent_kontor_300x80.png","contentUrl":"https:\/\/grontkontor.dk\/wp-content\/uploads\/2014\/02\/Logo_groent_kontor_300x80.png","width":300,"height":80,"caption":"Gr\u00f8nt Kontor"},"image":{"@id":"https:\/\/grontkontor.dk\/#\/schema\/logo\/image\/"},"sameAs":["https:\/\/www.facebook.com\/grontkontor.dk\/"]}]}},"_links":{"self":[{"href":"https:\/\/grontkontor.dk\/en\/wp-json\/wp\/v2\/product\/82748"}],"collection":[{"href":"https:\/\/grontkontor.dk\/en\/wp-json\/wp\/v2\/product"}],"about":[{"href":"https:\/\/grontkontor.dk\/en\/wp-json\/wp\/v2\/types\/product"}],"replies":[{"embeddable":true,"href":"https:\/\/grontkontor.dk\/en\/wp-json\/wp\/v2\/comments?post=82748"}],"wp:featuredmedia":[{"embeddable":true,"href":"https:\/\/grontkontor.dk\/en\/wp-json\/wp\/v2\/media\/82776"}],"wp:attachment":[{"href":"https:\/\/grontkontor.dk\/en\/wp-json\/wp\/v2\/media?parent=82748"}],"wp:term":[{"taxonomy":"product_cat","embeddable":true,"href":"https:\/\/grontkontor.dk\/en\/wp-json\/wp\/v2\/product_cat?post=82748"},{"taxonomy":"product_tag","embeddable":true,"href":"https:\/\/grontkontor.dk\/en\/wp-json\/wp\/v2\/product_tag?post=82748"}],"curies":[{"name":"wp","href":"https:\/\/api.w.org\/{rel}","templated":true}]}}