{"id":82811,"date":"2025-04-03T12:19:39","date_gmt":"2024-03-19T14:19:40","guid":{"rendered":"https:\/\/grontkontor.dk\/?post_type=product&#038;p=82811"},"modified":"2025-11-06T10:08:08","modified_gmt":"2025-11-06T09:08:08","slug":"polo-t-shirt-oekologisk-bomuld","status":"publish","type":"product","link":"https:\/\/grontkontor.dk\/en\/shop\/polo-t-shirt-oekologisk-bomuld\/","title":{"rendered":"Polo t-shirt heavy organic cotton w\/o print and embroidery"},"content":{"rendered":"<p>A classic polo shirt is always a safe choice when you want to combine style, comfort and thoughtfulness. This climate-friendly unisex polo shirt is made from 100% organic cotton, which provides a soft and comfortable quality while being an eco-friendly alternative to traditional textiles. This makes it ideal as corporate clothing, employee gifts or as a stylish promotional item for fairs and events.<br \/>\nWeighing 180 gsm, the polo shirt has a lightweight yet robust quality that keeps its shape \u2013 even after repeated use and washing. It is available in sizes from XS to XXL and can be ordered in mixed colours and sizes, giving you a flexible solution that fits everyone in your team. The minimum order is 25 pieces, which makes it easy to dress both small and large groups.<x id=\"gid_1\"><\/x>The polo shirt can be delivered with logo print in up to four colours depending on the printing method or with embroidery if you want a more exclusive and durable look. When your logo is placed on a climate-friendly polo shirt, you not only get effective profiling \u2013 you also send a clear signal of responsibility and green values.<x id=\"gid_2\"><\/x>This eco-friendly polo shirt in organic cotton is therefore more than just a classic part of the wardrobe. It is proof that profile clothing can be both climate-friendly, functional and stylish at the same time.<br \/>\nAsk for a quotation for embroidery at <a class=\"light\" href=\"mailto:jens@grontkontor.dk\">jens@grontkontor.dk<\/a> <\/p>\nCotton is a biodegradable, compostable natural product and one of the worlds oldest commercial and agricultural commodities. This product has been selected solely for its unique design and is one of the few we keep in stock which is not made from organic or recycled cotton - for a more sustainable choice we would recommend these products instead. \nThe GOTS certification is a guarantee that your clothes are produced organically and environmentally correctly under proper wage and working conditions. \n<p>&amp;nbsp;<\/p>\n<a href=\"https:\/\/www.eco-branding.dk\/miljoemaerkning\/gots.aspx\" rel=\"noopener\" target=\"_blank\"><img loading=\"lazy\" decoding=\"async\" class=\"size-full wp-image-12808\" src=\"https:\/\/grontkontor.dk\/wp-content\/uploads\/2019\/04\/gots-certificeret.jpg\" \n   alt=\"Gots certificeret - din garanti for, at produktet indeholder mindst 70% ?kologisk bomuld\"  description=\"Gots certificeret - din garanti for, at produktet indeholder mindst 70% ?kologisk bomuld\" width=\"50\" height=\"50\" \n\t border=0 \/><\/a>\n","protected":false},"excerpt":{"rendered":"<p>A classic polo shirt is always a safe choice when you want to combine style, comfort and thoughtfulness. This climate-friendly unisex polo shirt is made from 100% organic cotton, which provides a soft and comfortable quality while being an eco-friendly alternative to traditional textiles. This makes it ideal as corporate clothing, employee gifts or as [&hellip;]<\/p>\n","protected":false},"featured_media":82849,"comment_status":"closed","ping_status":"closed","template":"","meta":{"_acf_changed":false},"product_cat":[4839,1262,2449,2390],"product_tag":[4886],"class_list":{"0":"post-82811","1":"product","2":"type-product","3":"status-publish","4":"has-post-thumbnail","6":"product_cat-t-shirts-sweat-shirts-and-polo-shirts","7":"product_cat-sustainable-presents","8":"product_cat-dummy-moq-10-50-en","9":"product_cat-news","10":"product_tag-polo-shirt-en","11":"pa_farve-blue","12":"pa_farve-green-en","13":"pa_farve-natur-en","14":"pa_farve-lilla-en","15":"pa_farve-yellow-en","16":"tm-has-styled-variations","17":"tm-has-options","19":"first","20":"instock","21":"taxable","22":"shipping-taxable","23":"purchasable","24":"product-type-simple"},"acf":[],"yoast_head":"<!-- This site is optimized with the Yoast SEO Premium plugin v21.2 (Yoast SEO v21.2) - https:\/\/yoast.com\/wordpress\/plugins\/seo\/ -->\n<title>Polo t-shirt heavy organic cotton w\/o print and embroidery - Gr\u00f8nt Kontor<\/title>\n<meta name=\"description\" content=\"Climate-friendly polo shirt in 100% organic cotton. Eco-friendly profile clothing in many sizes. Comes with logo print and embroidery. Min. 25 pcs.\" \/>\n<meta name=\"robots\" content=\"index, follow, max-snippet:-1, max-image-preview:large, max-video-preview:-1\" \/>\n<link rel=\"canonical\" href=\"https:\/\/grontkontor.dk\/en\/shop\/polo-t-shirt-oekologisk-bomuld\/\" \/>\n<meta property=\"og:locale\" content=\"en_US\" \/>\n<meta property=\"og:type\" content=\"article\" \/>\n<meta property=\"og:title\" content=\"Polo t-shirt heavy organic cotton w\/o print and embroidery\" \/>\n<meta property=\"og:description\" content=\"Climate-friendly polo shirt in 100% organic cotton. Eco-friendly profile clothing in many sizes. Comes with logo print and embroidery. Min. 25 pcs.\" \/>\n<meta property=\"og:url\" content=\"https:\/\/grontkontor.dk\/en\/shop\/polo-t-shirt-oekologisk-bomuld\/\" \/>\n<meta property=\"og:site_name\" content=\"Gr\u00f8nt Kontor\" \/>\n<meta property=\"article:publisher\" content=\"https:\/\/www.facebook.com\/grontkontor.dk\/\" \/>\n<meta property=\"article:modified_time\" content=\"2025-11-06T09:08:08+00:00\" \/>\n<meta property=\"og:image\" content=\"https:\/\/grontkontor.dk\/wp-content\/uploads\/2022\/06\/baeredygtrig-polo-shirt-rPET.jpg\" \/>\n\t<meta property=\"og:image:width\" content=\"900\" \/>\n\t<meta property=\"og:image:height\" content=\"639\" \/>\n\t<meta property=\"og:image:type\" content=\"image\/jpeg\" \/>\n<meta name=\"twitter:card\" content=\"summary_large_image\" \/>\n<meta name=\"twitter:label1\" content=\"Est. reading time\" \/>\n\t<meta name=\"twitter:data1\" content=\"1 minute\" \/>\n<script type=\"application\/ld+json\" class=\"yoast-schema-graph\">{\"@context\":\"https:\/\/schema.org\",\"@graph\":[{\"@type\":\"WebPage\",\"@id\":\"https:\/\/grontkontor.dk\/en\/shop\/polo-t-shirt-oekologisk-bomuld\/\",\"url\":\"https:\/\/grontkontor.dk\/en\/shop\/polo-t-shirt-oekologisk-bomuld\/\",\"name\":\"Polo t-shirt heavy organic cotton w\/o print and embroidery - Gr\u00f8nt Kontor\",\"isPartOf\":{\"@id\":\"https:\/\/grontkontor.dk\/#website\"},\"datePublished\":\"2024-03-19T14:19:40+00:00\",\"dateModified\":\"2025-11-06T09:08:08+00:00\",\"description\":\"Climate-friendly polo shirt in 100% organic cotton. Eco-friendly profile clothing in many sizes. Comes with logo print and embroidery. Min. 25 pcs.\",\"breadcrumb\":{\"@id\":\"https:\/\/grontkontor.dk\/en\/shop\/polo-t-shirt-oekologisk-bomuld\/#breadcrumb\"},\"inLanguage\":\"en-US\",\"potentialAction\":[{\"@type\":\"ReadAction\",\"target\":[\"https:\/\/grontkontor.dk\/en\/shop\/polo-t-shirt-oekologisk-bomuld\/\"]}]},{\"@type\":\"BreadcrumbList\",\"@id\":\"https:\/\/grontkontor.dk\/en\/shop\/polo-t-shirt-oekologisk-bomuld\/#breadcrumb\",\"itemListElement\":[{\"@type\":\"ListItem\",\"position\":1,\"name\":\"Forside\",\"item\":\"https:\/\/grontkontor.dk\/\"},{\"@type\":\"ListItem\",\"position\":2,\"name\":\"Shop\",\"item\":\"https:\/\/grontkontor.dk\/en\/shop-2\/\"},{\"@type\":\"ListItem\",\"position\":3,\"name\":\"Climate-friendly corporate gifts\",\"item\":\"https:\/\/grontkontor.dk\/en\/produkt-kategori\/sustainable-presents\/\"},{\"@type\":\"ListItem\",\"position\":4,\"name\":\"Polo t-shirt heavy organic cotton w\/o print and embroidery\"}]},{\"@type\":\"WebSite\",\"@id\":\"https:\/\/grontkontor.dk\/#website\",\"url\":\"https:\/\/grontkontor.dk\/\",\"name\":\"Gr\u00f8nt Kontor\",\"description\":\"Milj\u00f8venlige produkter til kontor og erhverv med fokus p\u00e5 b\u00e6redygtighed, design og fair trade.\",\"publisher\":{\"@id\":\"https:\/\/grontkontor.dk\/#organization\"},\"potentialAction\":[{\"@type\":\"SearchAction\",\"target\":{\"@type\":\"EntryPoint\",\"urlTemplate\":\"https:\/\/grontkontor.dk\/?s={search_term_string}\"},\"query-input\":\"required name=search_term_string\"}],\"inLanguage\":\"en-US\"},{\"@type\":\"Organization\",\"@id\":\"https:\/\/grontkontor.dk\/#organization\",\"name\":\"Gr\u00f8nt Kontor\",\"url\":\"https:\/\/grontkontor.dk\/\",\"logo\":{\"@type\":\"ImageObject\",\"inLanguage\":\"en-US\",\"@id\":\"https:\/\/grontkontor.dk\/#\/schema\/logo\/image\/\",\"url\":\"https:\/\/grontkontor.dk\/wp-content\/uploads\/2014\/02\/Logo_groent_kontor_300x80.png\",\"contentUrl\":\"https:\/\/grontkontor.dk\/wp-content\/uploads\/2014\/02\/Logo_groent_kontor_300x80.png\",\"width\":300,\"height\":80,\"caption\":\"Gr\u00f8nt Kontor\"},\"image\":{\"@id\":\"https:\/\/grontkontor.dk\/#\/schema\/logo\/image\/\"},\"sameAs\":[\"https:\/\/www.facebook.com\/grontkontor.dk\/\"]}]}<\/script>\n<!-- \/ Yoast SEO Premium plugin. -->","yoast_head_json":{"title":"Polo t-shirt heavy organic cotton w\/o print and embroidery - Gr\u00f8nt Kontor","description":"Climate-friendly polo shirt in 100% organic cotton. Eco-friendly profile clothing in many sizes. Comes with logo print and embroidery. Min. 25 pcs.","robots":{"index":"index","follow":"follow","max-snippet":"max-snippet:-1","max-image-preview":"max-image-preview:large","max-video-preview":"max-video-preview:-1"},"canonical":"https:\/\/grontkontor.dk\/en\/shop\/polo-t-shirt-oekologisk-bomuld\/","og_locale":"en_US","og_type":"article","og_title":"Polo t-shirt heavy organic cotton w\/o print and embroidery","og_description":"Climate-friendly polo shirt in 100% organic cotton. Eco-friendly profile clothing in many sizes. Comes with logo print and embroidery. Min. 25 pcs.","og_url":"https:\/\/grontkontor.dk\/en\/shop\/polo-t-shirt-oekologisk-bomuld\/","og_site_name":"Gr\u00f8nt Kontor","article_publisher":"https:\/\/www.facebook.com\/grontkontor.dk\/","article_modified_time":"2025-11-06T09:08:08+00:00","og_image":[{"width":900,"height":639,"url":"https:\/\/grontkontor.dk\/wp-content\/uploads\/2022\/06\/baeredygtrig-polo-shirt-rPET.jpg","type":"image\/jpeg"}],"twitter_card":"summary_large_image","twitter_misc":{"Est. reading time":"1 minute"},"schema":{"@context":"https:\/\/schema.org","@graph":[{"@type":"WebPage","@id":"https:\/\/grontkontor.dk\/en\/shop\/polo-t-shirt-oekologisk-bomuld\/","url":"https:\/\/grontkontor.dk\/en\/shop\/polo-t-shirt-oekologisk-bomuld\/","name":"Polo t-shirt heavy organic cotton w\/o print and embroidery - Gr\u00f8nt Kontor","isPartOf":{"@id":"https:\/\/grontkontor.dk\/#website"},"datePublished":"2024-03-19T14:19:40+00:00","dateModified":"2025-11-06T09:08:08+00:00","description":"Climate-friendly polo shirt in 100% organic cotton. Eco-friendly profile clothing in many sizes. Comes with logo print and embroidery. Min. 25 pcs.","breadcrumb":{"@id":"https:\/\/grontkontor.dk\/en\/shop\/polo-t-shirt-oekologisk-bomuld\/#breadcrumb"},"inLanguage":"en-US","potentialAction":[{"@type":"ReadAction","target":["https:\/\/grontkontor.dk\/en\/shop\/polo-t-shirt-oekologisk-bomuld\/"]}]},{"@type":"BreadcrumbList","@id":"https:\/\/grontkontor.dk\/en\/shop\/polo-t-shirt-oekologisk-bomuld\/#breadcrumb","itemListElement":[{"@type":"ListItem","position":1,"name":"Forside","item":"https:\/\/grontkontor.dk\/"},{"@type":"ListItem","position":2,"name":"Shop","item":"https:\/\/grontkontor.dk\/en\/shop-2\/"},{"@type":"ListItem","position":3,"name":"Climate-friendly corporate gifts","item":"https:\/\/grontkontor.dk\/en\/produkt-kategori\/sustainable-presents\/"},{"@type":"ListItem","position":4,"name":"Polo t-shirt heavy organic cotton w\/o print and embroidery"}]},{"@type":"WebSite","@id":"https:\/\/grontkontor.dk\/#website","url":"https:\/\/grontkontor.dk\/","name":"Gr\u00f8nt Kontor","description":"Milj\u00f8venlige produkter til kontor og erhverv med fokus p\u00e5 b\u00e6redygtighed, design og fair trade.","publisher":{"@id":"https:\/\/grontkontor.dk\/#organization"},"potentialAction":[{"@type":"SearchAction","target":{"@type":"EntryPoint","urlTemplate":"https:\/\/grontkontor.dk\/?s={search_term_string}"},"query-input":"required name=search_term_string"}],"inLanguage":"en-US"},{"@type":"Organization","@id":"https:\/\/grontkontor.dk\/#organization","name":"Gr\u00f8nt Kontor","url":"https:\/\/grontkontor.dk\/","logo":{"@type":"ImageObject","inLanguage":"en-US","@id":"https:\/\/grontkontor.dk\/#\/schema\/logo\/image\/","url":"https:\/\/grontkontor.dk\/wp-content\/uploads\/2014\/02\/Logo_groent_kontor_300x80.png","contentUrl":"https:\/\/grontkontor.dk\/wp-content\/uploads\/2014\/02\/Logo_groent_kontor_300x80.png","width":300,"height":80,"caption":"Gr\u00f8nt Kontor"},"image":{"@id":"https:\/\/grontkontor.dk\/#\/schema\/logo\/image\/"},"sameAs":["https:\/\/www.facebook.com\/grontkontor.dk\/"]}]}},"_links":{"self":[{"href":"https:\/\/grontkontor.dk\/en\/wp-json\/wp\/v2\/product\/82811"}],"collection":[{"href":"https:\/\/grontkontor.dk\/en\/wp-json\/wp\/v2\/product"}],"about":[{"href":"https:\/\/grontkontor.dk\/en\/wp-json\/wp\/v2\/types\/product"}],"replies":[{"embeddable":true,"href":"https:\/\/grontkontor.dk\/en\/wp-json\/wp\/v2\/comments?post=82811"}],"wp:featuredmedia":[{"embeddable":true,"href":"https:\/\/grontkontor.dk\/en\/wp-json\/wp\/v2\/media\/82849"}],"wp:attachment":[{"href":"https:\/\/grontkontor.dk\/en\/wp-json\/wp\/v2\/media?parent=82811"}],"wp:term":[{"taxonomy":"product_cat","embeddable":true,"href":"https:\/\/grontkontor.dk\/en\/wp-json\/wp\/v2\/product_cat?post=82811"},{"taxonomy":"product_tag","embeddable":true,"href":"https:\/\/grontkontor.dk\/en\/wp-json\/wp\/v2\/product_tag?post=82811"}],"curies":[{"name":"wp","href":"https:\/\/api.w.org\/{rel}","templated":true}]}}