{"id":84703,"date":"2024-04-25T13:58:51","date_gmt":"2024-04-25T11:58:52","guid":{"rendered":"https:\/\/grontkontor.dk\/?post_type=product&#038;p=84703"},"modified":"2024-08-13T10:07:41","modified_gmt":"2024-08-13T08:07:41","slug":"thermos-bottle-set-in-steel","status":"publish","type":"product","link":"https:\/\/grontkontor.dk\/en\/shop\/thermos-bottle-set-in-steel\/","title":{"rendered":"Steel thermos bottle set"},"content":{"rendered":"<p>Thermos flask with 2 stainless steel cups and lid in eco-friendly bamboo. The volume of the thermos is 500ml, while the two cups contain up to 300ml. Perfect for the eco-friendly corporate gift or for outdoor events.<\/p>\nSteel\/iron is a reusable and practically unlimited resource that does not pollute when disposed of. The production of steel in itself is not sustainable, as large amounts of CO2 are produced from fossil materials in the process. On the other hand, steel products have an extremely long lifespan and offer the possibility of endless repeated reuse, which means that the vast majority of steel on the market consists predominantly of recycled steel. \nBamboo is an extremely sustainable biodegradable material, with extremely fast regeneration when harvested. Bamboo, like other natural products, functions as a CO2 depot throughout the products lifetime. \n<p>&nbsp;<\/p>\n<p>&nbsp;<\/p>\n","protected":false},"excerpt":{"rendered":"<p>Thermos flask with 2 stainless steel cups and lid in eco-friendly bamboo. The volume of the thermos is 500ml, while the two cups contain up to 300ml. Perfect for the eco-friendly corporate gift or for outdoor events. &nbsp; &nbsp;<\/p>\n","protected":false},"featured_media":84982,"comment_status":"closed","ping_status":"closed","template":"","meta":{"_acf_changed":false},"product_cat":[4404,2106,2232,2390,1999],"product_tag":[3154,1979],"class_list":{"0":"post-84703","1":"product","2":"type-product","3":"status-publish","4":"has-post-thumbnail","6":"product_cat-thermos-and-water-bottles","7":"product_cat-dummy-moq-1-en","8":"product_cat-food-and-drinkware","9":"product_cat-news","10":"product_cat-drikkedunke-og-termoflasker-en","11":"product_tag-thermos","12":"product_tag-termoflaske-en","13":"pa_farve-assorted","14":"pa_farve-azure","15":"pa_farve-beige","16":"pa_farve-black-min-100-pcs","17":"pa_farve-black-gold-silver-en","18":"pa_farve-blue-min-100-pcs","19":"pa_farve-blue-min-15","20":"pa_farve-blue-min-15-pcs","21":"pa_farve-blue-yellow","22":"pa_farve-blue-green-yellow","23":"pa_farve-brown-en-2","24":"pa_farve-brown-en","25":"pa_farve-brown-with-black-top-and-bottom","26":"pa_farve-browne-en","27":"pa_farve-cream-en","28":"pa_farve-crimson-en","29":"pa_farve-dark-gray","30":"pa_farve-dark-grey","31":"pa_farve-deep-green-en","32":"pa_farve-fuchsia-min-100-pcs","33":"pa_farve-gold","34":"pa_farve-green-en-2","35":"pa_farve-grey-min-100-pcs","36":"pa_farve-khaki","37":"pa_farve-light-gray","38":"pa_farve-lime-en","39":"pa_farve-many-en","40":"pa_farve-mint","41":"pa_farve-natural-min-100-pcs","42":"pa_farve-ocean-blue-en","43":"pa_farve-purple","44":"pa_farve-red-en-2","45":"pa_farve-red-min-100-pcs","46":"pa_farve-red-min-15","47":"pa_farve-red-min-15-blue-min-15","48":"pa_farve-red-min-15-pcs","49":"pa_farve-red-min-15-pcs-blue-min-15-pcs","50":"pa_farve-royal-blue","51":"pa_farve-silver-en","52":"pa_farve-silver-colored","53":"pa_farve-structure","54":"pa_farve-turquoise","55":"pa_farve-turquoise-en","56":"pa_farve-violate-en","57":"pa_farve-white-en-2","58":"pa_farve-white-pigmented","59":"pa_farve-white-pigmented-with-black-top-and-bottom","60":"pa_farve-white-pigmented-with-brown-top-and-bottom","61":"pa_farve-yellow-en-2","62":"pa_farve-black","63":"pa_farve-black-en","64":"pa_farve-blue","65":"pa_farve-blue-en","66":"pa_farve-brun-en","67":"pa_farve-creme-en","68":"pa_farve-moerkeblaa-en","69":"pa_farve-moerkegroen-en","70":"pa_farve-grafit-en","71":"pa_farve-green-en","72":"pa_farve-grey-en-2","73":"pa_farve-grey-en","74":"pa_farve-lyseblaa-en","75":"pa_farve-lysegroen-en","76":"pa_farve-roedbrun-en","77":"pa_farve-mix-en","78":"pa_farve-sennep-en","79":"pa_farve-natur-en","80":"pa_farve-marineblaa-en","81":"pa_farve-oliven-en","82":"pa_farve-orange","83":"pa_farve-pink","84":"pa_farve-lilla-en","85":"pa_farve-red-en","86":"pa_farve-soelv-en","87":"pa_farve-gennemsigtig-en","88":"pa_farve-transparent-en","89":"pa_farve-white-en","90":"pa_farve-vinroed-en","91":"pa_farve-yellow-en","92":"tm-has-options","94":"first","95":"instock","96":"taxable","97":"shipping-taxable","98":"purchasable","99":"product-type-simple"},"acf":[],"yoast_head":"<!-- This site is optimized with the Yoast SEO Premium plugin v21.2 (Yoast SEO v21.2) - https:\/\/yoast.com\/wordpress\/plugins\/seo\/ -->\n<title>Steel thermos bottle set - Gr\u00f8nt Kontor<\/title>\n<meta name=\"robots\" content=\"index, follow, max-snippet:-1, max-image-preview:large, max-video-preview:-1\" \/>\n<link rel=\"canonical\" href=\"https:\/\/grontkontor.dk\/shop\/termoflaske-saet-i-staal\/\" \/>\n<meta property=\"og:locale\" content=\"en_US\" \/>\n<meta property=\"og:type\" content=\"article\" \/>\n<meta property=\"og:title\" content=\"Steel thermos bottle set\" \/>\n<meta property=\"og:description\" content=\"Thermos flask with 2 stainless steel cups and lid in eco-friendly bamboo. The volume of the thermos is 500ml, while the two cups contain up to 300ml. Perfect for the eco-friendly corporate gift or for outdoor events. &nbsp; &nbsp;\" \/>\n<meta property=\"og:url\" content=\"https:\/\/grontkontor.dk\/shop\/termoflaske-saet-i-staal\/\" \/>\n<meta property=\"og:site_name\" content=\"Gr\u00f8nt Kontor\" \/>\n<meta property=\"article:publisher\" content=\"https:\/\/www.facebook.com\/grontkontor.dk\/\" \/>\n<meta property=\"article:modified_time\" content=\"2024-08-13T08:07:41+00:00\" \/>\n<meta property=\"og:image\" content=\"https:\/\/grontkontor.dk\/wp-content\/uploads\/2024\/04\/Miljoevenligt-termokande-saet-i-staal-og-bambus.jpg\" \/>\n\t<meta property=\"og:image:width\" content=\"900\" \/>\n\t<meta property=\"og:image:height\" content=\"639\" \/>\n\t<meta property=\"og:image:type\" content=\"image\/jpeg\" \/>\n<meta name=\"twitter:card\" content=\"summary_large_image\" \/>\n<meta name=\"twitter:label1\" content=\"Est. reading time\" \/>\n\t<meta name=\"twitter:data1\" content=\"1 minute\" \/>\n<script type=\"application\/ld+json\" class=\"yoast-schema-graph\">{\"@context\":\"https:\/\/schema.org\",\"@graph\":[{\"@type\":\"WebPage\",\"@id\":\"https:\/\/grontkontor.dk\/shop\/termoflaske-saet-i-staal\/\",\"url\":\"https:\/\/grontkontor.dk\/shop\/termoflaske-saet-i-staal\/\",\"name\":\"Steel thermos bottle set - Gr\u00f8nt Kontor\",\"isPartOf\":{\"@id\":\"https:\/\/grontkontor.dk\/#website\"},\"datePublished\":\"2024-04-25T11:58:52+00:00\",\"dateModified\":\"2024-08-13T08:07:41+00:00\",\"breadcrumb\":{\"@id\":\"https:\/\/grontkontor.dk\/shop\/termoflaske-saet-i-staal\/#breadcrumb\"},\"inLanguage\":\"en-US\",\"potentialAction\":[{\"@type\":\"ReadAction\",\"target\":[\"https:\/\/grontkontor.dk\/shop\/termoflaske-saet-i-staal\/\"]}]},{\"@type\":\"BreadcrumbList\",\"@id\":\"https:\/\/grontkontor.dk\/shop\/termoflaske-saet-i-staal\/#breadcrumb\",\"itemListElement\":[{\"@type\":\"ListItem\",\"position\":1,\"name\":\"Forside\",\"item\":\"https:\/\/grontkontor.dk\/\"},{\"@type\":\"ListItem\",\"position\":2,\"name\":\"Shop\",\"item\":\"https:\/\/grontkontor.dk\/en\/shop-2\/\"},{\"@type\":\"ListItem\",\"position\":3,\"name\":\"Climate-friendly corporate gifts\",\"item\":\"https:\/\/grontkontor.dk\/en\/produkt-kategori\/sustainable-presents\/\"},{\"@type\":\"ListItem\",\"position\":4,\"name\":\"Thermos and water bottles\",\"item\":\"https:\/\/grontkontor.dk\/en\/produkt-kategori\/sustainable-presents\/thermos-and-water-bottles\/\"},{\"@type\":\"ListItem\",\"position\":5,\"name\":\"Steel thermos bottle set\"}]},{\"@type\":\"WebSite\",\"@id\":\"https:\/\/grontkontor.dk\/#website\",\"url\":\"https:\/\/grontkontor.dk\/\",\"name\":\"Gr\u00f8nt Kontor\",\"description\":\"Milj\u00f8venlige produkter til kontor og erhverv med fokus p\u00e5 b\u00e6redygtighed, design og fair trade.\",\"publisher\":{\"@id\":\"https:\/\/grontkontor.dk\/#organization\"},\"potentialAction\":[{\"@type\":\"SearchAction\",\"target\":{\"@type\":\"EntryPoint\",\"urlTemplate\":\"https:\/\/grontkontor.dk\/?s={search_term_string}\"},\"query-input\":\"required name=search_term_string\"}],\"inLanguage\":\"en-US\"},{\"@type\":\"Organization\",\"@id\":\"https:\/\/grontkontor.dk\/#organization\",\"name\":\"Gr\u00f8nt Kontor\",\"url\":\"https:\/\/grontkontor.dk\/\",\"logo\":{\"@type\":\"ImageObject\",\"inLanguage\":\"en-US\",\"@id\":\"https:\/\/grontkontor.dk\/#\/schema\/logo\/image\/\",\"url\":\"https:\/\/grontkontor.dk\/wp-content\/uploads\/2014\/02\/Logo_groent_kontor_300x80.png\",\"contentUrl\":\"https:\/\/grontkontor.dk\/wp-content\/uploads\/2014\/02\/Logo_groent_kontor_300x80.png\",\"width\":300,\"height\":80,\"caption\":\"Gr\u00f8nt Kontor\"},\"image\":{\"@id\":\"https:\/\/grontkontor.dk\/#\/schema\/logo\/image\/\"},\"sameAs\":[\"https:\/\/www.facebook.com\/grontkontor.dk\/\"]}]}<\/script>\n<!-- \/ Yoast SEO Premium plugin. -->","yoast_head_json":{"title":"Steel thermos bottle set - Gr\u00f8nt Kontor","robots":{"index":"index","follow":"follow","max-snippet":"max-snippet:-1","max-image-preview":"max-image-preview:large","max-video-preview":"max-video-preview:-1"},"canonical":"https:\/\/grontkontor.dk\/shop\/termoflaske-saet-i-staal\/","og_locale":"en_US","og_type":"article","og_title":"Steel thermos bottle set","og_description":"Thermos flask with 2 stainless steel cups and lid in eco-friendly bamboo. The volume of the thermos is 500ml, while the two cups contain up to 300ml. Perfect for the eco-friendly corporate gift or for outdoor events. &nbsp; &nbsp;","og_url":"https:\/\/grontkontor.dk\/shop\/termoflaske-saet-i-staal\/","og_site_name":"Gr\u00f8nt Kontor","article_publisher":"https:\/\/www.facebook.com\/grontkontor.dk\/","article_modified_time":"2024-08-13T08:07:41+00:00","og_image":[{"width":900,"height":639,"url":"https:\/\/grontkontor.dk\/wp-content\/uploads\/2024\/04\/Miljoevenligt-termokande-saet-i-staal-og-bambus.jpg","type":"image\/jpeg"}],"twitter_card":"summary_large_image","twitter_misc":{"Est. reading time":"1 minute"},"schema":{"@context":"https:\/\/schema.org","@graph":[{"@type":"WebPage","@id":"https:\/\/grontkontor.dk\/shop\/termoflaske-saet-i-staal\/","url":"https:\/\/grontkontor.dk\/shop\/termoflaske-saet-i-staal\/","name":"Steel thermos bottle set - Gr\u00f8nt Kontor","isPartOf":{"@id":"https:\/\/grontkontor.dk\/#website"},"datePublished":"2024-04-25T11:58:52+00:00","dateModified":"2024-08-13T08:07:41+00:00","breadcrumb":{"@id":"https:\/\/grontkontor.dk\/shop\/termoflaske-saet-i-staal\/#breadcrumb"},"inLanguage":"en-US","potentialAction":[{"@type":"ReadAction","target":["https:\/\/grontkontor.dk\/shop\/termoflaske-saet-i-staal\/"]}]},{"@type":"BreadcrumbList","@id":"https:\/\/grontkontor.dk\/shop\/termoflaske-saet-i-staal\/#breadcrumb","itemListElement":[{"@type":"ListItem","position":1,"name":"Forside","item":"https:\/\/grontkontor.dk\/"},{"@type":"ListItem","position":2,"name":"Shop","item":"https:\/\/grontkontor.dk\/en\/shop-2\/"},{"@type":"ListItem","position":3,"name":"Climate-friendly corporate gifts","item":"https:\/\/grontkontor.dk\/en\/produkt-kategori\/sustainable-presents\/"},{"@type":"ListItem","position":4,"name":"Thermos and water bottles","item":"https:\/\/grontkontor.dk\/en\/produkt-kategori\/sustainable-presents\/thermos-and-water-bottles\/"},{"@type":"ListItem","position":5,"name":"Steel thermos bottle set"}]},{"@type":"WebSite","@id":"https:\/\/grontkontor.dk\/#website","url":"https:\/\/grontkontor.dk\/","name":"Gr\u00f8nt Kontor","description":"Milj\u00f8venlige produkter til kontor og erhverv med fokus p\u00e5 b\u00e6redygtighed, design og fair trade.","publisher":{"@id":"https:\/\/grontkontor.dk\/#organization"},"potentialAction":[{"@type":"SearchAction","target":{"@type":"EntryPoint","urlTemplate":"https:\/\/grontkontor.dk\/?s={search_term_string}"},"query-input":"required name=search_term_string"}],"inLanguage":"en-US"},{"@type":"Organization","@id":"https:\/\/grontkontor.dk\/#organization","name":"Gr\u00f8nt Kontor","url":"https:\/\/grontkontor.dk\/","logo":{"@type":"ImageObject","inLanguage":"en-US","@id":"https:\/\/grontkontor.dk\/#\/schema\/logo\/image\/","url":"https:\/\/grontkontor.dk\/wp-content\/uploads\/2014\/02\/Logo_groent_kontor_300x80.png","contentUrl":"https:\/\/grontkontor.dk\/wp-content\/uploads\/2014\/02\/Logo_groent_kontor_300x80.png","width":300,"height":80,"caption":"Gr\u00f8nt Kontor"},"image":{"@id":"https:\/\/grontkontor.dk\/#\/schema\/logo\/image\/"},"sameAs":["https:\/\/www.facebook.com\/grontkontor.dk\/"]}]}},"_links":{"self":[{"href":"https:\/\/grontkontor.dk\/en\/wp-json\/wp\/v2\/product\/84703"}],"collection":[{"href":"https:\/\/grontkontor.dk\/en\/wp-json\/wp\/v2\/product"}],"about":[{"href":"https:\/\/grontkontor.dk\/en\/wp-json\/wp\/v2\/types\/product"}],"replies":[{"embeddable":true,"href":"https:\/\/grontkontor.dk\/en\/wp-json\/wp\/v2\/comments?post=84703"}],"wp:featuredmedia":[{"embeddable":true,"href":"https:\/\/grontkontor.dk\/en\/wp-json\/wp\/v2\/media\/84982"}],"wp:attachment":[{"href":"https:\/\/grontkontor.dk\/en\/wp-json\/wp\/v2\/media?parent=84703"}],"wp:term":[{"taxonomy":"product_cat","embeddable":true,"href":"https:\/\/grontkontor.dk\/en\/wp-json\/wp\/v2\/product_cat?post=84703"},{"taxonomy":"product_tag","embeddable":true,"href":"https:\/\/grontkontor.dk\/en\/wp-json\/wp\/v2\/product_tag?post=84703"}],"curies":[{"name":"wp","href":"https:\/\/api.w.org\/{rel}","templated":true}]}}