{"id":92344,"date":"2024-05-29T11:59:34","date_gmt":"2024-05-29T09:59:34","guid":{"rendered":"https:\/\/grontkontor.dk\/produkter-glidebryter\/"},"modified":"2024-05-29T11:59:34","modified_gmt":"2024-05-29T09:59:34","slug":"produkter-glidebryter","status":"publish","type":"page","link":"https:\/\/grontkontor.dk\/no\/produkter-glidebryter\/","title":{"rendered":"Produkter Slider"},"content":{"rendered":"<p>[vc_row][vc_column width=&#8221;1\/1&#8243;][vc_column_text]Products \u00a0slider maybe used to show customers recent, best, random or highest rated products. With the 4 settings available inside this shortcode the possibilities are really amazing. Like all of Blaszok&#8217;s shortcodes this one is also available through <a href=\"http:\/\/blaszok.mpcthemes.net\/fashion_simple\/visualcomposer\/ ?\">VisualComposer<\/a>, which offers a simple drag &amp; drop interface to build complex pages with ease.[\/vc_column_text][\/vc_column][\/vc_row][vc_row][vc_column width=&#8221;1\/1&#8243;][mpc_vc_deco_header type=&#8221;h5&#8243; text=&#8221;Check out newcomers&#8221;][mpc_vc_products_slider type=&#8221;recent&#8221; number=&#8221;6&#8243; category=&#8221;all&#8221; tag=&#8221;all&#8221;][\/vc_column][\/vc_row][vc_row el_class=&#8221;mpc-small-bm&#8221;][vc_column width=&#8221;1\/1&#8243;][mpc_vc_deco_header type=&#8221;h5&#8243; text=&#8221;Products Slider Alternative &#8211; Best Sellers&#8221;][\/vc_column][\/vc_row][vc_row][vc_column width=&#8221;1\/4&#8243;][vc_column_text]<strong>View The Best Sellers<\/strong><\/p>\n<p>Lorem ipsum dolor sit amet, consectetur <em>adipiscing elit<\/em>. Etiam quis leo at mauris faucibus suscipit. Sed orci arcu, tincidunt at commodo in.\u00a0Pellentesque pellentesque pharetra lacus.<\/p>\n<p>Vestibulum aliquet justo rutrum magna tincidunt fringilla. In eget nisl in justo mattis <a href=\"#\">accumsan eu <\/a>nec magna.[\/vc_column_text][\/vc_column][vc_column width=&#8221;3\/4&#8243;][mpc_vc_products_slider type=&#8221;sellers&#8221; number=&#8221;4&#8243; category=&#8221;all&#8221; tag=&#8221;all&#8221;][\/vc_column][\/vc_row][vc_row el_class=&#8221;mpc-small-bm&#8221;][vc_column width=&#8221;1\/1&#8243;][mpc_vc_deco_header type=&#8221;h5&#8243; text=&#8221;Shortcode Attributes&#8221;][\/vc_column][\/vc_row][vc_row][vc_column width=&#8221;1\/1&#8243;][vc_column_text]<\/p>\n<ul>\n<li><b>type<\/b> &#8211; choose type of products: recent, best sellers, random or highest rated.<\/li>\n<li><b style=\"line-height: 1.5em;\">number<\/b><span style=\"line-height: 1.5em;\"><span style=\"line-height: 1.5em;\">\u00a0&#8211; number of products loaded.<\/span><\/span><\/li>\n<li><b style=\"line-height: 1.5em;\">category<\/b><span style=\"line-height: 1.5em;\"><span style=\"line-height: 1.5em;\">\u00a0&#8211; filter products by category.<\/span><\/span><\/li>\n<li><b style=\"line-height: 1.5em;\">tags<\/b><span style=\"line-height: 1.5em;\">\u00a0&#8211; filter products by tags.<\/span><\/li>\n<\/ul>\n<p>[\/vc_column_text][\/vc_column][\/vc_row]<\/p>\n","protected":false},"excerpt":{"rendered":"<p>[vc_row][vc_column width=&#8221;1\/1&#8243;][vc_column_text]Products \u00a0slider maybe used to show customers recent, best, random or highest rated products. With the 4 settings available inside this shortcode the possibilities are really amazing. Like all of Blaszok&#8217;s shortcodes this one is also available through VisualComposer, which offers a simple drag &amp; drop interface to build complex pages with ease.[\/vc_column_text][\/vc_column][\/vc_row][vc_row][vc_column width=&#8221;1\/1&#8243;][mpc_vc_deco_header [&hellip;]<\/p>\n","protected":false},"author":88,"featured_media":0,"parent":0,"menu_order":0,"comment_status":"closed","ping_status":"closed","template":"","meta":{"_acf_changed":false,"footnotes":""},"class_list":["post-92344","page","type-page","status-publish","hentry"],"acf":[],"yoast_head":"<!-- This site is optimized with the Yoast SEO Premium plugin v21.2 (Yoast SEO v21.2) - https:\/\/yoast.com\/wordpress\/plugins\/seo\/ -->\n<title>Produkter Slider - Gr\u00f8nt Kontor<\/title>\n<meta name=\"robots\" content=\"index, follow, max-snippet:-1, max-image-preview:large, max-video-preview:-1\" \/>\n<link rel=\"canonical\" href=\"https:\/\/grontkontor.dk\/no\/produkter-glidebryter\/\" \/>\n<meta property=\"og:locale\" content=\"en_US\" \/>\n<meta property=\"og:type\" content=\"article\" \/>\n<meta property=\"og:title\" content=\"Produkter Slider\" \/>\n<meta property=\"og:description\" content=\"[vc_row][vc_column width=&#8221;1\/1&#8243;][vc_column_text]Products \u00a0slider maybe used to show customers recent, best, random or highest rated products. With the 4 settings available inside this shortcode the possibilities are really amazing. Like all of Blaszok&#8217;s shortcodes this one is also available through VisualComposer, which offers a simple drag &amp; drop interface to build complex pages with ease.[\/vc_column_text][\/vc_column][\/vc_row][vc_row][vc_column width=&#8221;1\/1&#8243;][mpc_vc_deco_header [&hellip;]\" \/>\n<meta property=\"og:url\" content=\"https:\/\/grontkontor.dk\/no\/produkter-glidebryter\/\" \/>\n<meta property=\"og:site_name\" content=\"Gr\u00f8nt Kontor\" \/>\n<meta property=\"article:publisher\" content=\"https:\/\/www.facebook.com\/grontkontor.dk\/\" \/>\n<meta name=\"twitter:card\" content=\"summary_large_image\" \/>\n<meta name=\"twitter:label1\" content=\"Est. reading time\" \/>\n\t<meta name=\"twitter:data1\" content=\"1 minute\" \/>\n<script type=\"application\/ld+json\" class=\"yoast-schema-graph\">{\"@context\":\"https:\/\/schema.org\",\"@graph\":[{\"@type\":\"WebPage\",\"@id\":\"https:\/\/grontkontor.dk\/no\/produkter-glidebryter\/\",\"url\":\"https:\/\/grontkontor.dk\/no\/produkter-glidebryter\/\",\"name\":\"Produkter Slider - Gr\u00f8nt Kontor\",\"isPartOf\":{\"@id\":\"https:\/\/grontkontor.dk\/#website\"},\"datePublished\":\"2024-05-29T09:59:34+00:00\",\"dateModified\":\"2024-05-29T09:59:34+00:00\",\"breadcrumb\":{\"@id\":\"https:\/\/grontkontor.dk\/no\/produkter-glidebryter\/#breadcrumb\"},\"inLanguage\":\"no-NO\",\"potentialAction\":[{\"@type\":\"ReadAction\",\"target\":[\"https:\/\/grontkontor.dk\/no\/produkter-glidebryter\/\"]}]},{\"@type\":\"BreadcrumbList\",\"@id\":\"https:\/\/grontkontor.dk\/no\/produkter-glidebryter\/#breadcrumb\",\"itemListElement\":[{\"@type\":\"ListItem\",\"position\":1,\"name\":\"Forside\",\"item\":\"https:\/\/grontkontor.dk\/\"},{\"@type\":\"ListItem\",\"position\":2,\"name\":\"Produkter Slider\"}]},{\"@type\":\"WebSite\",\"@id\":\"https:\/\/grontkontor.dk\/#website\",\"url\":\"https:\/\/grontkontor.dk\/\",\"name\":\"Gr\u00f8nt Kontor\",\"description\":\"Milj\u00f8venlige produkter til kontor og erhverv med fokus p\u00e5 b\u00e6redygtighed, design og fair trade.\",\"publisher\":{\"@id\":\"https:\/\/grontkontor.dk\/#organization\"},\"potentialAction\":[{\"@type\":\"SearchAction\",\"target\":{\"@type\":\"EntryPoint\",\"urlTemplate\":\"https:\/\/grontkontor.dk\/?s={search_term_string}\"},\"query-input\":\"required name=search_term_string\"}],\"inLanguage\":\"no-NO\"},{\"@type\":\"Organization\",\"@id\":\"https:\/\/grontkontor.dk\/#organization\",\"name\":\"Gr\u00f8nt Kontor\",\"url\":\"https:\/\/grontkontor.dk\/\",\"logo\":{\"@type\":\"ImageObject\",\"inLanguage\":\"no-NO\",\"@id\":\"https:\/\/grontkontor.dk\/#\/schema\/logo\/image\/\",\"url\":\"https:\/\/grontkontor.dk\/wp-content\/uploads\/2014\/02\/Logo_groent_kontor_300x80.png\",\"contentUrl\":\"https:\/\/grontkontor.dk\/wp-content\/uploads\/2014\/02\/Logo_groent_kontor_300x80.png\",\"width\":300,\"height\":80,\"caption\":\"Gr\u00f8nt Kontor\"},\"image\":{\"@id\":\"https:\/\/grontkontor.dk\/#\/schema\/logo\/image\/\"},\"sameAs\":[\"https:\/\/www.facebook.com\/grontkontor.dk\/\"]}]}<\/script>\n<!-- \/ Yoast SEO Premium plugin. -->","yoast_head_json":{"title":"Produkter Slider - Gr\u00f8nt Kontor","robots":{"index":"index","follow":"follow","max-snippet":"max-snippet:-1","max-image-preview":"max-image-preview:large","max-video-preview":"max-video-preview:-1"},"canonical":"https:\/\/grontkontor.dk\/no\/produkter-glidebryter\/","og_locale":"en_US","og_type":"article","og_title":"Produkter Slider","og_description":"[vc_row][vc_column width=&#8221;1\/1&#8243;][vc_column_text]Products \u00a0slider maybe used to show customers recent, best, random or highest rated products. With the 4 settings available inside this shortcode the possibilities are really amazing. Like all of Blaszok&#8217;s shortcodes this one is also available through VisualComposer, which offers a simple drag &amp; drop interface to build complex pages with ease.[\/vc_column_text][\/vc_column][\/vc_row][vc_row][vc_column width=&#8221;1\/1&#8243;][mpc_vc_deco_header [&hellip;]","og_url":"https:\/\/grontkontor.dk\/no\/produkter-glidebryter\/","og_site_name":"Gr\u00f8nt Kontor","article_publisher":"https:\/\/www.facebook.com\/grontkontor.dk\/","twitter_card":"summary_large_image","twitter_misc":{"Est. reading time":"1 minute"},"schema":{"@context":"https:\/\/schema.org","@graph":[{"@type":"WebPage","@id":"https:\/\/grontkontor.dk\/no\/produkter-glidebryter\/","url":"https:\/\/grontkontor.dk\/no\/produkter-glidebryter\/","name":"Produkter Slider - Gr\u00f8nt Kontor","isPartOf":{"@id":"https:\/\/grontkontor.dk\/#website"},"datePublished":"2024-05-29T09:59:34+00:00","dateModified":"2024-05-29T09:59:34+00:00","breadcrumb":{"@id":"https:\/\/grontkontor.dk\/no\/produkter-glidebryter\/#breadcrumb"},"inLanguage":"no-NO","potentialAction":[{"@type":"ReadAction","target":["https:\/\/grontkontor.dk\/no\/produkter-glidebryter\/"]}]},{"@type":"BreadcrumbList","@id":"https:\/\/grontkontor.dk\/no\/produkter-glidebryter\/#breadcrumb","itemListElement":[{"@type":"ListItem","position":1,"name":"Forside","item":"https:\/\/grontkontor.dk\/"},{"@type":"ListItem","position":2,"name":"Produkter Slider"}]},{"@type":"WebSite","@id":"https:\/\/grontkontor.dk\/#website","url":"https:\/\/grontkontor.dk\/","name":"Gr\u00f8nt Kontor","description":"Milj\u00f8venlige produkter til kontor og erhverv med fokus p\u00e5 b\u00e6redygtighed, design og fair trade.","publisher":{"@id":"https:\/\/grontkontor.dk\/#organization"},"potentialAction":[{"@type":"SearchAction","target":{"@type":"EntryPoint","urlTemplate":"https:\/\/grontkontor.dk\/?s={search_term_string}"},"query-input":"required name=search_term_string"}],"inLanguage":"no-NO"},{"@type":"Organization","@id":"https:\/\/grontkontor.dk\/#organization","name":"Gr\u00f8nt Kontor","url":"https:\/\/grontkontor.dk\/","logo":{"@type":"ImageObject","inLanguage":"no-NO","@id":"https:\/\/grontkontor.dk\/#\/schema\/logo\/image\/","url":"https:\/\/grontkontor.dk\/wp-content\/uploads\/2014\/02\/Logo_groent_kontor_300x80.png","contentUrl":"https:\/\/grontkontor.dk\/wp-content\/uploads\/2014\/02\/Logo_groent_kontor_300x80.png","width":300,"height":80,"caption":"Gr\u00f8nt Kontor"},"image":{"@id":"https:\/\/grontkontor.dk\/#\/schema\/logo\/image\/"},"sameAs":["https:\/\/www.facebook.com\/grontkontor.dk\/"]}]}},"_links":{"self":[{"href":"https:\/\/grontkontor.dk\/no\/wp-json\/wp\/v2\/pages\/92344"}],"collection":[{"href":"https:\/\/grontkontor.dk\/no\/wp-json\/wp\/v2\/pages"}],"about":[{"href":"https:\/\/grontkontor.dk\/no\/wp-json\/wp\/v2\/types\/page"}],"author":[{"embeddable":true,"href":"https:\/\/grontkontor.dk\/no\/wp-json\/wp\/v2\/users\/88"}],"replies":[{"embeddable":true,"href":"https:\/\/grontkontor.dk\/no\/wp-json\/wp\/v2\/comments?post=92344"}],"version-history":[{"count":1,"href":"https:\/\/grontkontor.dk\/no\/wp-json\/wp\/v2\/pages\/92344\/revisions"}],"predecessor-version":[{"id":92354,"href":"https:\/\/grontkontor.dk\/no\/wp-json\/wp\/v2\/pages\/92344\/revisions\/92354"}],"wp:attachment":[{"href":"https:\/\/grontkontor.dk\/no\/wp-json\/wp\/v2\/media?parent=92344"}],"curies":[{"name":"wp","href":"https:\/\/api.w.org\/{rel}","templated":true}]}}