{"id":102836,"date":"2024-06-27T08:47:31","date_gmt":"2024-06-27T06:47:32","guid":{"rendered":"https:\/\/grontkontor.dk\/?post_type=product&#038;p=102836"},"modified":"2024-08-21T09:58:50","modified_gmt":"2024-08-21T07:58:50","slug":"bokmerke-med-klistre-notater-og-blomsterfroe","status":"publish","type":"product","link":"https:\/\/grontkontor.dk\/no\/shop\/bokmerke-med-klistre-notater-og-blomsterfroe\/","title":{"rendered":"Bokmerke med klistrelapper og blomsterfr\u00f8"},"content":{"rendered":"<p>Smart og milj\u00f8vennlig bokmerke i fr\u00f8papir med klistrelapper. Utstyrt med en smart krok som holder bokmerket fast slik at det forblir p\u00e5 siden. N\u00e5r bokmerket har tjent sin levetid, vil det f\u00e5 nytt liv som petuniablomster i hagen, balkongen eller stuen. Instruksjoner for planting finner du trykt p\u00e5 baksiden.<\/p>\n<p>Et klimavennlig produkt perfekt som utdeling\/gave til studentmesser, konferanser eller andre arrangementer.<\/p>\n<p>Kan leveres med logotrykk.<\/p>\n<p>[papir]<\/p>\n","protected":false},"excerpt":{"rendered":"<p>Smart og milj\u00f8vennlig bokmerke i fr\u00f8papir med klistrelapper. Utstyrt med en smart krok som holder bokmerket fast slik at det forblir p\u00e5 siden. N\u00e5r bokmerket har tjent sin levetid, vil det f\u00e5 nytt liv som petuniablomster i hagen, balkongen eller stuen. Instruksjoner for planting finner du trykt p\u00e5 baksiden. Et klimavennlig produkt perfekt som utdeling\/gave [&hellip;]<\/p>\n","protected":false},"featured_media":102912,"comment_status":"closed","ping_status":"closed","template":"","meta":{"_acf_changed":false},"product_cat":[3199,3735,2657,3610],"product_tag":[3737],"class_list":{"0":"post-102836","1":"product","2":"type-product","3":"status-publish","4":"has-post-thumbnail","6":"product_cat-dummy-moq-1-no","7":"product_cat-memo-pads","8":"product_cat-nyheter","9":"product_cat-papir-og-pads","10":"product_tag-klistrelapper","11":"tm-has-options","13":"first","14":"instock","15":"taxable","16":"shipping-taxable","17":"purchasable","18":"product-type-simple"},"acf":[],"yoast_head":"<!-- This site is optimized with the Yoast SEO Premium plugin v21.2 (Yoast SEO v21.2) - https:\/\/yoast.com\/wordpress\/plugins\/seo\/ -->\n<title>Bokmerke med klistrelapper og blomsterfr\u00f8 - Gr\u00f8nt Kontor<\/title>\n<meta name=\"robots\" content=\"index, follow, max-snippet:-1, max-image-preview:large, max-video-preview:-1\" \/>\n<link rel=\"canonical\" href=\"https:\/\/grontkontor.dk\/no\/shop\/bokmerke-med-klistre-notater-og-blomsterfroe\/\" \/>\n<meta property=\"og:locale\" content=\"en_US\" \/>\n<meta property=\"og:type\" content=\"article\" \/>\n<meta property=\"og:title\" content=\"Bokmerke med klistrelapper og blomsterfr\u00f8\" \/>\n<meta property=\"og:description\" content=\"Smart og milj\u00f8vennlig bokmerke i fr\u00f8papir med klistrelapper. Utstyrt med en smart krok som holder bokmerket fast slik at det forblir p\u00e5 siden. N\u00e5r bokmerket har tjent sin levetid, vil det f\u00e5 nytt liv som petuniablomster i hagen, balkongen eller stuen. Instruksjoner for planting finner du trykt p\u00e5 baksiden. Et klimavennlig produkt perfekt som utdeling\/gave [&hellip;]\" \/>\n<meta property=\"og:url\" content=\"https:\/\/grontkontor.dk\/no\/shop\/bokmerke-med-klistre-notater-og-blomsterfroe\/\" \/>\n<meta property=\"og:site_name\" content=\"Gr\u00f8nt Kontor\" \/>\n<meta property=\"article:publisher\" content=\"https:\/\/www.facebook.com\/grontkontor.dk\/\" \/>\n<meta property=\"article:modified_time\" content=\"2024-08-21T07:58:50+00:00\" \/>\n<meta property=\"og:image\" content=\"https:\/\/grontkontor.dk\/wp-content\/uploads\/2024\/06\/Klimavenligt-bogmaerke-i-froepapir-med-sticky-notes.jpg\" \/>\n\t<meta property=\"og:image:width\" content=\"900\" \/>\n\t<meta property=\"og:image:height\" content=\"639\" \/>\n\t<meta property=\"og:image:type\" content=\"image\/jpeg\" \/>\n<meta name=\"twitter:card\" content=\"summary_large_image\" \/>\n<meta name=\"twitter:label1\" content=\"Est. reading time\" \/>\n\t<meta name=\"twitter:data1\" content=\"1 minute\" \/>\n<script type=\"application\/ld+json\" class=\"yoast-schema-graph\">{\"@context\":\"https:\/\/schema.org\",\"@graph\":[{\"@type\":\"WebPage\",\"@id\":\"https:\/\/grontkontor.dk\/no\/shop\/bokmerke-med-klistre-notater-og-blomsterfroe\/\",\"url\":\"https:\/\/grontkontor.dk\/no\/shop\/bokmerke-med-klistre-notater-og-blomsterfroe\/\",\"name\":\"Bokmerke med klistrelapper og blomsterfr\u00f8 - Gr\u00f8nt Kontor\",\"isPartOf\":{\"@id\":\"https:\/\/grontkontor.dk\/#website\"},\"datePublished\":\"2024-06-27T06:47:32+00:00\",\"dateModified\":\"2024-08-21T07:58:50+00:00\",\"breadcrumb\":{\"@id\":\"https:\/\/grontkontor.dk\/no\/shop\/bokmerke-med-klistre-notater-og-blomsterfroe\/#breadcrumb\"},\"inLanguage\":\"no-NO\",\"potentialAction\":[{\"@type\":\"ReadAction\",\"target\":[\"https:\/\/grontkontor.dk\/no\/shop\/bokmerke-med-klistre-notater-og-blomsterfroe\/\"]}]},{\"@type\":\"BreadcrumbList\",\"@id\":\"https:\/\/grontkontor.dk\/no\/shop\/bokmerke-med-klistre-notater-og-blomsterfroe\/#breadcrumb\",\"itemListElement\":[{\"@type\":\"ListItem\",\"position\":1,\"name\":\"Forside\",\"item\":\"https:\/\/grontkontor.dk\/\"},{\"@type\":\"ListItem\",\"position\":2,\"name\":\"Butikk\",\"item\":\"https:\/\/grontkontor.dk\/no\/butikk-2\/\"},{\"@type\":\"ListItem\",\"position\":3,\"name\":\"Papir og blokke\",\"item\":\"https:\/\/grontkontor.dk\/produkt-kategori\/papir\/\"},{\"@type\":\"ListItem\",\"position\":4,\"name\":\"Memoblokke\",\"item\":\"https:\/\/grontkontor.dk\/produkt-kategori\/papir\/memoblokke\/\"},{\"@type\":\"ListItem\",\"position\":5,\"name\":\"Bokmerke med klistrelapper og blomsterfr\u00f8\"}]},{\"@type\":\"WebSite\",\"@id\":\"https:\/\/grontkontor.dk\/#website\",\"url\":\"https:\/\/grontkontor.dk\/\",\"name\":\"Gr\u00f8nt Kontor\",\"description\":\"Milj\u00f8venlige produkter til kontor og erhverv med fokus p\u00e5 b\u00e6redygtighed, design og fair trade.\",\"publisher\":{\"@id\":\"https:\/\/grontkontor.dk\/#organization\"},\"potentialAction\":[{\"@type\":\"SearchAction\",\"target\":{\"@type\":\"EntryPoint\",\"urlTemplate\":\"https:\/\/grontkontor.dk\/?s={search_term_string}\"},\"query-input\":\"required name=search_term_string\"}],\"inLanguage\":\"no-NO\"},{\"@type\":\"Organization\",\"@id\":\"https:\/\/grontkontor.dk\/#organization\",\"name\":\"Gr\u00f8nt Kontor\",\"url\":\"https:\/\/grontkontor.dk\/\",\"logo\":{\"@type\":\"ImageObject\",\"inLanguage\":\"no-NO\",\"@id\":\"https:\/\/grontkontor.dk\/#\/schema\/logo\/image\/\",\"url\":\"https:\/\/grontkontor.dk\/wp-content\/uploads\/2014\/02\/Logo_groent_kontor_300x80.png\",\"contentUrl\":\"https:\/\/grontkontor.dk\/wp-content\/uploads\/2014\/02\/Logo_groent_kontor_300x80.png\",\"width\":300,\"height\":80,\"caption\":\"Gr\u00f8nt Kontor\"},\"image\":{\"@id\":\"https:\/\/grontkontor.dk\/#\/schema\/logo\/image\/\"},\"sameAs\":[\"https:\/\/www.facebook.com\/grontkontor.dk\/\"]}]}<\/script>\n<!-- \/ Yoast SEO Premium plugin. -->","yoast_head_json":{"title":"Bokmerke med klistrelapper og blomsterfr\u00f8 - Gr\u00f8nt Kontor","robots":{"index":"index","follow":"follow","max-snippet":"max-snippet:-1","max-image-preview":"max-image-preview:large","max-video-preview":"max-video-preview:-1"},"canonical":"https:\/\/grontkontor.dk\/no\/shop\/bokmerke-med-klistre-notater-og-blomsterfroe\/","og_locale":"en_US","og_type":"article","og_title":"Bokmerke med klistrelapper og blomsterfr\u00f8","og_description":"Smart og milj\u00f8vennlig bokmerke i fr\u00f8papir med klistrelapper. Utstyrt med en smart krok som holder bokmerket fast slik at det forblir p\u00e5 siden. N\u00e5r bokmerket har tjent sin levetid, vil det f\u00e5 nytt liv som petuniablomster i hagen, balkongen eller stuen. Instruksjoner for planting finner du trykt p\u00e5 baksiden. Et klimavennlig produkt perfekt som utdeling\/gave [&hellip;]","og_url":"https:\/\/grontkontor.dk\/no\/shop\/bokmerke-med-klistre-notater-og-blomsterfroe\/","og_site_name":"Gr\u00f8nt Kontor","article_publisher":"https:\/\/www.facebook.com\/grontkontor.dk\/","article_modified_time":"2024-08-21T07:58:50+00:00","og_image":[{"width":900,"height":639,"url":"https:\/\/grontkontor.dk\/wp-content\/uploads\/2024\/06\/Klimavenligt-bogmaerke-i-froepapir-med-sticky-notes.jpg","type":"image\/jpeg"}],"twitter_card":"summary_large_image","twitter_misc":{"Est. reading time":"1 minute"},"schema":{"@context":"https:\/\/schema.org","@graph":[{"@type":"WebPage","@id":"https:\/\/grontkontor.dk\/no\/shop\/bokmerke-med-klistre-notater-og-blomsterfroe\/","url":"https:\/\/grontkontor.dk\/no\/shop\/bokmerke-med-klistre-notater-og-blomsterfroe\/","name":"Bokmerke med klistrelapper og blomsterfr\u00f8 - Gr\u00f8nt Kontor","isPartOf":{"@id":"https:\/\/grontkontor.dk\/#website"},"datePublished":"2024-06-27T06:47:32+00:00","dateModified":"2024-08-21T07:58:50+00:00","breadcrumb":{"@id":"https:\/\/grontkontor.dk\/no\/shop\/bokmerke-med-klistre-notater-og-blomsterfroe\/#breadcrumb"},"inLanguage":"no-NO","potentialAction":[{"@type":"ReadAction","target":["https:\/\/grontkontor.dk\/no\/shop\/bokmerke-med-klistre-notater-og-blomsterfroe\/"]}]},{"@type":"BreadcrumbList","@id":"https:\/\/grontkontor.dk\/no\/shop\/bokmerke-med-klistre-notater-og-blomsterfroe\/#breadcrumb","itemListElement":[{"@type":"ListItem","position":1,"name":"Forside","item":"https:\/\/grontkontor.dk\/"},{"@type":"ListItem","position":2,"name":"Butikk","item":"https:\/\/grontkontor.dk\/no\/butikk-2\/"},{"@type":"ListItem","position":3,"name":"Papir og blokke","item":"https:\/\/grontkontor.dk\/produkt-kategori\/papir\/"},{"@type":"ListItem","position":4,"name":"Memoblokke","item":"https:\/\/grontkontor.dk\/produkt-kategori\/papir\/memoblokke\/"},{"@type":"ListItem","position":5,"name":"Bokmerke med klistrelapper og blomsterfr\u00f8"}]},{"@type":"WebSite","@id":"https:\/\/grontkontor.dk\/#website","url":"https:\/\/grontkontor.dk\/","name":"Gr\u00f8nt Kontor","description":"Milj\u00f8venlige produkter til kontor og erhverv med fokus p\u00e5 b\u00e6redygtighed, design og fair trade.","publisher":{"@id":"https:\/\/grontkontor.dk\/#organization"},"potentialAction":[{"@type":"SearchAction","target":{"@type":"EntryPoint","urlTemplate":"https:\/\/grontkontor.dk\/?s={search_term_string}"},"query-input":"required name=search_term_string"}],"inLanguage":"no-NO"},{"@type":"Organization","@id":"https:\/\/grontkontor.dk\/#organization","name":"Gr\u00f8nt Kontor","url":"https:\/\/grontkontor.dk\/","logo":{"@type":"ImageObject","inLanguage":"no-NO","@id":"https:\/\/grontkontor.dk\/#\/schema\/logo\/image\/","url":"https:\/\/grontkontor.dk\/wp-content\/uploads\/2014\/02\/Logo_groent_kontor_300x80.png","contentUrl":"https:\/\/grontkontor.dk\/wp-content\/uploads\/2014\/02\/Logo_groent_kontor_300x80.png","width":300,"height":80,"caption":"Gr\u00f8nt Kontor"},"image":{"@id":"https:\/\/grontkontor.dk\/#\/schema\/logo\/image\/"},"sameAs":["https:\/\/www.facebook.com\/grontkontor.dk\/"]}]}},"_links":{"self":[{"href":"https:\/\/grontkontor.dk\/no\/wp-json\/wp\/v2\/product\/102836"}],"collection":[{"href":"https:\/\/grontkontor.dk\/no\/wp-json\/wp\/v2\/product"}],"about":[{"href":"https:\/\/grontkontor.dk\/no\/wp-json\/wp\/v2\/types\/product"}],"replies":[{"embeddable":true,"href":"https:\/\/grontkontor.dk\/no\/wp-json\/wp\/v2\/comments?post=102836"}],"wp:featuredmedia":[{"embeddable":true,"href":"https:\/\/grontkontor.dk\/no\/wp-json\/wp\/v2\/media\/102912"}],"wp:attachment":[{"href":"https:\/\/grontkontor.dk\/no\/wp-json\/wp\/v2\/media?parent=102836"}],"wp:term":[{"taxonomy":"product_cat","embeddable":true,"href":"https:\/\/grontkontor.dk\/no\/wp-json\/wp\/v2\/product_cat?post=102836"},{"taxonomy":"product_tag","embeddable":true,"href":"https:\/\/grontkontor.dk\/no\/wp-json\/wp\/v2\/product_tag?post=102836"}],"curies":[{"name":"wp","href":"https:\/\/api.w.org\/{rel}","templated":true}]}}