{"id":108581,"date":"2024-08-19T10:38:36","date_gmt":"2024-08-19T08:38:37","guid":{"rendered":"https:\/\/grontkontor.dk\/?post_type=product&#038;p=108581"},"modified":"2024-08-27T09:51:45","modified_gmt":"2024-08-27T07:51:45","slug":"brevskuff-i-fsc-eik","status":"publish","type":"product","link":"https:\/\/grontkontor.dk\/no\/shop\/brevskuff-i-fsc-eik\/","title":{"rendered":"Brevskuff i FSC-eik"},"content":{"rendered":"<p>Selv det mest stilige skrivebordet trenger styling.<br \/>\nDette brevbrettet i FSC-sertifisert eik er perfekt for \u00e5 holde ting ryddig.<br \/>\nDet er flott for \u00e5 lagre arbeidsrelaterte oppgaver til neste dag n\u00e5r du jobber hjemmefra, men det er ogs\u00e5 flott for \u00e5 holde styr p\u00e5 unge menneskers skolepapirer eller ting som ikke trenger \u00e5 gjemmes for langt unna.<br \/>\nUansett hvilket skrivebord brevskuffen havner p\u00e5, er oppbevaring p\u00e5 skrivebordet alltid en god id\u00e9.     [FSC_s]<\/p>\n<p>&nbsp;<\/p>\n<a href=\"https:\/\/ic.fsc.org\/en\/\" target=\"window\"><img loading=\"lazy\" decoding=\"async\" class=\"size-full wp-image-12735\" src=\"https:\/\/grontkontor.dk\/wp-content\/uploads\/2019\/04\/fsc-certificeret.png\" \n\t\t alt=\"FSC-certificeret\" title=\"FSC-certificeret\" width=\"44\" height=\"51\" border=0\/><\/a>\n<p>&nbsp;<\/p>\n<p>&nbsp;<\/p>\n<p>&nbsp;<\/p>\n","protected":false},"excerpt":{"rendered":"<p>Selv det mest stilige skrivebordet trenger styling. Dette brevbrettet i FSC-sertifisert eik er perfekt for \u00e5 holde ting ryddig. Det er flott for \u00e5 lagre arbeidsrelaterte oppgaver til neste dag n\u00e5r du jobber hjemmefra, men det er ogs\u00e5 flott for \u00e5 holde styr p\u00e5 unge menneskers skolepapirer eller ting som ikke trenger \u00e5 gjemmes for [&hellip;]<\/p>\n","protected":false},"featured_media":108591,"comment_status":"closed","ping_status":"closed","template":"","meta":{"_acf_changed":false},"product_cat":[3751,3516,3313,3199,3883,2657,3195,3764],"product_tag":[3535,3564,3522,4018,4017],"class_list":{"0":"post-108581","1":"product","2":"type-product","3":"status-publish","4":"has-post-thumbnail","6":"product_cat-arrangoerene","7":"product_cat-brevskuffer","8":"product_cat-diverse-inventar-no","9":"product_cat-dummy-moq-1-no","10":"product_cat-eik","11":"product_cat-nyheter","12":"product_cat-produktserier","13":"product_cat-tre-fsc-sertifisert","14":"product_tag-bindemiddel-no","15":"product_tag-brevholder-no","16":"product_tag-brevskuff","17":"product_tag-diverse-for-skrivebordet","18":"product_tag-skrivebord-utstyr","19":"tm-has-options","21":"first","22":"onbackorder","23":"taxable","24":"shipping-taxable","25":"purchasable","26":"product-type-simple"},"acf":[],"yoast_head":"<!-- This site is optimized with the Yoast SEO Premium plugin v21.2 (Yoast SEO v21.2) - https:\/\/yoast.com\/wordpress\/plugins\/seo\/ -->\n<title>Brevskuff i FSC-eik - Gr\u00f8nt Kontor<\/title>\n<meta name=\"robots\" content=\"index, follow, max-snippet:-1, max-image-preview:large, max-video-preview:-1\" \/>\n<link rel=\"canonical\" href=\"https:\/\/grontkontor.dk\/shop\/brevbakke-i-fsc-egetrae\/\" \/>\n<meta property=\"og:locale\" content=\"en_US\" \/>\n<meta property=\"og:type\" content=\"article\" \/>\n<meta property=\"og:title\" content=\"Brevskuff i FSC-eik\" \/>\n<meta property=\"og:description\" content=\"Selv det mest stilige skrivebordet trenger styling. Dette brevbrettet i FSC-sertifisert eik er perfekt for \u00e5 holde ting ryddig. Det er flott for \u00e5 lagre arbeidsrelaterte oppgaver til neste dag n\u00e5r du jobber hjemmefra, men det er ogs\u00e5 flott for \u00e5 holde styr p\u00e5 unge menneskers skolepapirer eller ting som ikke trenger \u00e5 gjemmes for [&hellip;]\" \/>\n<meta property=\"og:url\" content=\"https:\/\/grontkontor.dk\/shop\/brevbakke-i-fsc-egetrae\/\" \/>\n<meta property=\"og:site_name\" content=\"Gr\u00f8nt Kontor\" \/>\n<meta property=\"article:publisher\" content=\"https:\/\/www.facebook.com\/grontkontor.dk\/\" \/>\n<meta property=\"article:modified_time\" content=\"2024-08-27T07:51:45+00:00\" \/>\n<meta property=\"og:image\" content=\"https:\/\/grontkontor.dk\/wp-content\/uploads\/2024\/08\/Klimavenlig-bvrevbakke-i-fsc-egetrae.jpg\" \/>\n\t<meta property=\"og:image:width\" content=\"900\" \/>\n\t<meta property=\"og:image:height\" content=\"639\" \/>\n\t<meta property=\"og:image:type\" content=\"image\/jpeg\" \/>\n<meta name=\"twitter:card\" content=\"summary_large_image\" \/>\n<script type=\"application\/ld+json\" class=\"yoast-schema-graph\">{\"@context\":\"https:\/\/schema.org\",\"@graph\":[{\"@type\":\"WebPage\",\"@id\":\"https:\/\/grontkontor.dk\/shop\/brevbakke-i-fsc-egetrae\/\",\"url\":\"https:\/\/grontkontor.dk\/shop\/brevbakke-i-fsc-egetrae\/\",\"name\":\"Brevskuff i FSC-eik - Gr\u00f8nt Kontor\",\"isPartOf\":{\"@id\":\"https:\/\/grontkontor.dk\/#website\"},\"datePublished\":\"2024-08-19T08:38:37+00:00\",\"dateModified\":\"2024-08-27T07:51:45+00:00\",\"breadcrumb\":{\"@id\":\"https:\/\/grontkontor.dk\/shop\/brevbakke-i-fsc-egetrae\/#breadcrumb\"},\"inLanguage\":\"no-NO\",\"potentialAction\":[{\"@type\":\"ReadAction\",\"target\":[\"https:\/\/grontkontor.dk\/shop\/brevbakke-i-fsc-egetrae\/\"]}]},{\"@type\":\"BreadcrumbList\",\"@id\":\"https:\/\/grontkontor.dk\/shop\/brevbakke-i-fsc-egetrae\/#breadcrumb\",\"itemListElement\":[{\"@type\":\"ListItem\",\"position\":1,\"name\":\"Forside\",\"item\":\"https:\/\/grontkontor.dk\/\"},{\"@type\":\"ListItem\",\"position\":2,\"name\":\"Butikk\",\"item\":\"https:\/\/grontkontor.dk\/no\/butikk-2\/\"},{\"@type\":\"ListItem\",\"position\":3,\"name\":\"Skrivebord utstyr\",\"item\":\"https:\/\/grontkontor.dk\/no\/produkt-kategori\/skrivebord-utstyr\/\"},{\"@type\":\"ListItem\",\"position\":4,\"name\":\"Arrang\u00f8rene\",\"item\":\"https:\/\/grontkontor.dk\/no\/produkt-kategori\/skrivebord-utstyr\/arrangoerene\/\"},{\"@type\":\"ListItem\",\"position\":5,\"name\":\"Brevskuff i FSC-eik\"}]},{\"@type\":\"WebSite\",\"@id\":\"https:\/\/grontkontor.dk\/#website\",\"url\":\"https:\/\/grontkontor.dk\/\",\"name\":\"Gr\u00f8nt Kontor\",\"description\":\"Milj\u00f8venlige produkter til kontor og erhverv med fokus p\u00e5 b\u00e6redygtighed, design og fair trade.\",\"publisher\":{\"@id\":\"https:\/\/grontkontor.dk\/#organization\"},\"potentialAction\":[{\"@type\":\"SearchAction\",\"target\":{\"@type\":\"EntryPoint\",\"urlTemplate\":\"https:\/\/grontkontor.dk\/?s={search_term_string}\"},\"query-input\":\"required name=search_term_string\"}],\"inLanguage\":\"no-NO\"},{\"@type\":\"Organization\",\"@id\":\"https:\/\/grontkontor.dk\/#organization\",\"name\":\"Gr\u00f8nt Kontor\",\"url\":\"https:\/\/grontkontor.dk\/\",\"logo\":{\"@type\":\"ImageObject\",\"inLanguage\":\"no-NO\",\"@id\":\"https:\/\/grontkontor.dk\/#\/schema\/logo\/image\/\",\"url\":\"https:\/\/grontkontor.dk\/wp-content\/uploads\/2014\/02\/Logo_groent_kontor_300x80.png\",\"contentUrl\":\"https:\/\/grontkontor.dk\/wp-content\/uploads\/2014\/02\/Logo_groent_kontor_300x80.png\",\"width\":300,\"height\":80,\"caption\":\"Gr\u00f8nt Kontor\"},\"image\":{\"@id\":\"https:\/\/grontkontor.dk\/#\/schema\/logo\/image\/\"},\"sameAs\":[\"https:\/\/www.facebook.com\/grontkontor.dk\/\"]}]}<\/script>\n<!-- \/ Yoast SEO Premium plugin. -->","yoast_head_json":{"title":"Brevskuff i FSC-eik - Gr\u00f8nt Kontor","robots":{"index":"index","follow":"follow","max-snippet":"max-snippet:-1","max-image-preview":"max-image-preview:large","max-video-preview":"max-video-preview:-1"},"canonical":"https:\/\/grontkontor.dk\/shop\/brevbakke-i-fsc-egetrae\/","og_locale":"en_US","og_type":"article","og_title":"Brevskuff i FSC-eik","og_description":"Selv det mest stilige skrivebordet trenger styling. Dette brevbrettet i FSC-sertifisert eik er perfekt for \u00e5 holde ting ryddig. Det er flott for \u00e5 lagre arbeidsrelaterte oppgaver til neste dag n\u00e5r du jobber hjemmefra, men det er ogs\u00e5 flott for \u00e5 holde styr p\u00e5 unge menneskers skolepapirer eller ting som ikke trenger \u00e5 gjemmes for [&hellip;]","og_url":"https:\/\/grontkontor.dk\/shop\/brevbakke-i-fsc-egetrae\/","og_site_name":"Gr\u00f8nt Kontor","article_publisher":"https:\/\/www.facebook.com\/grontkontor.dk\/","article_modified_time":"2024-08-27T07:51:45+00:00","og_image":[{"width":900,"height":639,"url":"https:\/\/grontkontor.dk\/wp-content\/uploads\/2024\/08\/Klimavenlig-bvrevbakke-i-fsc-egetrae.jpg","type":"image\/jpeg"}],"twitter_card":"summary_large_image","schema":{"@context":"https:\/\/schema.org","@graph":[{"@type":"WebPage","@id":"https:\/\/grontkontor.dk\/shop\/brevbakke-i-fsc-egetrae\/","url":"https:\/\/grontkontor.dk\/shop\/brevbakke-i-fsc-egetrae\/","name":"Brevskuff i FSC-eik - Gr\u00f8nt Kontor","isPartOf":{"@id":"https:\/\/grontkontor.dk\/#website"},"datePublished":"2024-08-19T08:38:37+00:00","dateModified":"2024-08-27T07:51:45+00:00","breadcrumb":{"@id":"https:\/\/grontkontor.dk\/shop\/brevbakke-i-fsc-egetrae\/#breadcrumb"},"inLanguage":"no-NO","potentialAction":[{"@type":"ReadAction","target":["https:\/\/grontkontor.dk\/shop\/brevbakke-i-fsc-egetrae\/"]}]},{"@type":"BreadcrumbList","@id":"https:\/\/grontkontor.dk\/shop\/brevbakke-i-fsc-egetrae\/#breadcrumb","itemListElement":[{"@type":"ListItem","position":1,"name":"Forside","item":"https:\/\/grontkontor.dk\/"},{"@type":"ListItem","position":2,"name":"Butikk","item":"https:\/\/grontkontor.dk\/no\/butikk-2\/"},{"@type":"ListItem","position":3,"name":"Skrivebord utstyr","item":"https:\/\/grontkontor.dk\/no\/produkt-kategori\/skrivebord-utstyr\/"},{"@type":"ListItem","position":4,"name":"Arrang\u00f8rene","item":"https:\/\/grontkontor.dk\/no\/produkt-kategori\/skrivebord-utstyr\/arrangoerene\/"},{"@type":"ListItem","position":5,"name":"Brevskuff i FSC-eik"}]},{"@type":"WebSite","@id":"https:\/\/grontkontor.dk\/#website","url":"https:\/\/grontkontor.dk\/","name":"Gr\u00f8nt Kontor","description":"Milj\u00f8venlige produkter til kontor og erhverv med fokus p\u00e5 b\u00e6redygtighed, design og fair trade.","publisher":{"@id":"https:\/\/grontkontor.dk\/#organization"},"potentialAction":[{"@type":"SearchAction","target":{"@type":"EntryPoint","urlTemplate":"https:\/\/grontkontor.dk\/?s={search_term_string}"},"query-input":"required name=search_term_string"}],"inLanguage":"no-NO"},{"@type":"Organization","@id":"https:\/\/grontkontor.dk\/#organization","name":"Gr\u00f8nt Kontor","url":"https:\/\/grontkontor.dk\/","logo":{"@type":"ImageObject","inLanguage":"no-NO","@id":"https:\/\/grontkontor.dk\/#\/schema\/logo\/image\/","url":"https:\/\/grontkontor.dk\/wp-content\/uploads\/2014\/02\/Logo_groent_kontor_300x80.png","contentUrl":"https:\/\/grontkontor.dk\/wp-content\/uploads\/2014\/02\/Logo_groent_kontor_300x80.png","width":300,"height":80,"caption":"Gr\u00f8nt Kontor"},"image":{"@id":"https:\/\/grontkontor.dk\/#\/schema\/logo\/image\/"},"sameAs":["https:\/\/www.facebook.com\/grontkontor.dk\/"]}]}},"_links":{"self":[{"href":"https:\/\/grontkontor.dk\/no\/wp-json\/wp\/v2\/product\/108581"}],"collection":[{"href":"https:\/\/grontkontor.dk\/no\/wp-json\/wp\/v2\/product"}],"about":[{"href":"https:\/\/grontkontor.dk\/no\/wp-json\/wp\/v2\/types\/product"}],"replies":[{"embeddable":true,"href":"https:\/\/grontkontor.dk\/no\/wp-json\/wp\/v2\/comments?post=108581"}],"wp:featuredmedia":[{"embeddable":true,"href":"https:\/\/grontkontor.dk\/no\/wp-json\/wp\/v2\/media\/108591"}],"wp:attachment":[{"href":"https:\/\/grontkontor.dk\/no\/wp-json\/wp\/v2\/media?parent=108581"}],"wp:term":[{"taxonomy":"product_cat","embeddable":true,"href":"https:\/\/grontkontor.dk\/no\/wp-json\/wp\/v2\/product_cat?post=108581"},{"taxonomy":"product_tag","embeddable":true,"href":"https:\/\/grontkontor.dk\/no\/wp-json\/wp\/v2\/product_tag?post=108581"}],"curies":[{"name":"wp","href":"https:\/\/api.w.org\/{rel}","templated":true}]}}