{"id":108640,"date":"2024-08-21T13:43:56","date_gmt":"2024-08-21T11:43:57","guid":{"rendered":"https:\/\/grontkontor.dk\/?post_type=product&#038;p=108640"},"modified":"2024-08-27T11:14:12","modified_gmt":"2024-08-27T09:14:12","slug":"organizer-sett-med-4-deler-resirkulert","status":"publish","type":"product","link":"https:\/\/grontkontor.dk\/no\/shop\/organizer-sett-med-4-deler-resirkulert\/","title":{"rendered":"4-delt resirkulert organiseringssett"},"content":{"rendered":"<p>Fleksibel skrivebordsarrang\u00f8r med 4 separate organiseringsseksjoner.<br \/>\nHold arbeidsomr\u00e5det ryddig ved \u00e5 ha blyanter, linjaler, sakser, binders, viskel\u00e6r og andre sm\u00e5ting p\u00e5 skrivebordet.<br \/>\nBrettet er utstyrt med gummif\u00f8tter for \u00e5 holde det stabilt og fast.<br \/>\nBruk brettene sammen som et sett eller hver for seg der du trenger \u00e5 holde styr p\u00e5 sm\u00e5 fall og prikker.     <a href=\"https:\/\/ic.fsc.org\/en\/\" target=\"window\"><img loading=\"lazy\" decoding=\"async\" class=\"size-full wp-image-12735\" src=\"https:\/\/grontkontor.dk\/wp-content\/uploads\/2019\/04\/fsc-certificeret.png\" \n\t\t alt=\"FSC-certificeret\" title=\"FSC-certificeret\" width=\"44\" height=\"51\" border=0\/><\/a> [bigso_all]<\/p>\n<p>&nbsp;<\/p>\n","protected":false},"excerpt":{"rendered":"<p>Fleksibel skrivebordsarrang\u00f8r med 4 separate organiseringsseksjoner. Hold arbeidsomr\u00e5det ryddig ved \u00e5 ha blyanter, linjaler, sakser, binders, viskel\u00e6r og andre sm\u00e5ting p\u00e5 skrivebordet. Brettet er utstyrt med gummif\u00f8tter for \u00e5 holde det stabilt og fast. Bruk brettene sammen som et sett eller hver for seg der du trenger \u00e5 holde styr p\u00e5 sm\u00e5 fall og prikker. [&hellip;]<\/p>\n","protected":false},"featured_media":108645,"comment_status":"closed","ping_status":"closed","template":"","meta":{"_acf_changed":false},"product_cat":[3457,3199,3194,3508,3195,3514],"product_tag":[3765,4018,4017],"class_list":{"0":"post-108640","1":"product","2":"type-product","3":"status-publish","4":"has-post-thumbnail","6":"product_cat-diverse-for-skrivebordet","7":"product_cat-dummy-moq-1-no","8":"product_cat-klimavennlige-firmagaver","9":"product_cat-naturlig-resirkulert-papir","10":"product_cat-produktserier","11":"product_cat-skrivebord-utstyr","12":"product_tag-arrangoer","13":"product_tag-diverse-for-skrivebordet","14":"product_tag-skrivebord-utstyr","15":"tm-has-options","17":"first","18":"instock","19":"taxable","20":"shipping-taxable","21":"purchasable","22":"product-type-simple"},"acf":[],"yoast_head":"<!-- This site is optimized with the Yoast SEO Premium plugin v21.2 (Yoast SEO v21.2) - https:\/\/yoast.com\/wordpress\/plugins\/seo\/ -->\n<title>4-delt resirkulert organiseringssett - Gr\u00f8nt Kontor<\/title>\n<meta name=\"robots\" content=\"index, follow, max-snippet:-1, max-image-preview:large, max-video-preview:-1\" \/>\n<link rel=\"canonical\" href=\"https:\/\/grontkontor.dk\/shop\/organizersaet-med-4-dele-recycled\/\" \/>\n<meta property=\"og:locale\" content=\"en_US\" \/>\n<meta property=\"og:type\" content=\"article\" \/>\n<meta property=\"og:title\" content=\"4-delt resirkulert organiseringssett\" \/>\n<meta property=\"og:description\" content=\"Fleksibel skrivebordsarrang\u00f8r med 4 separate organiseringsseksjoner. Hold arbeidsomr\u00e5det ryddig ved \u00e5 ha blyanter, linjaler, sakser, binders, viskel\u00e6r og andre sm\u00e5ting p\u00e5 skrivebordet. Brettet er utstyrt med gummif\u00f8tter for \u00e5 holde det stabilt og fast. Bruk brettene sammen som et sett eller hver for seg der du trenger \u00e5 holde styr p\u00e5 sm\u00e5 fall og prikker. [&hellip;]\" \/>\n<meta property=\"og:url\" content=\"https:\/\/grontkontor.dk\/shop\/organizersaet-med-4-dele-recycled\/\" \/>\n<meta property=\"og:site_name\" content=\"Gr\u00f8nt Kontor\" \/>\n<meta property=\"article:publisher\" content=\"https:\/\/www.facebook.com\/grontkontor.dk\/\" \/>\n<meta property=\"article:modified_time\" content=\"2024-08-27T09:14:12+00:00\" \/>\n<meta property=\"og:image\" content=\"https:\/\/grontkontor.dk\/wp-content\/uploads\/2024\/08\/Organizer-saer-skrivebords-organizer-genbrugspap.jpg\" \/>\n\t<meta property=\"og:image:width\" content=\"900\" \/>\n\t<meta property=\"og:image:height\" content=\"639\" \/>\n\t<meta property=\"og:image:type\" content=\"image\/jpeg\" \/>\n<meta name=\"twitter:card\" content=\"summary_large_image\" \/>\n<script type=\"application\/ld+json\" class=\"yoast-schema-graph\">{\"@context\":\"https:\/\/schema.org\",\"@graph\":[{\"@type\":\"WebPage\",\"@id\":\"https:\/\/grontkontor.dk\/shop\/organizersaet-med-4-dele-recycled\/\",\"url\":\"https:\/\/grontkontor.dk\/shop\/organizersaet-med-4-dele-recycled\/\",\"name\":\"4-delt resirkulert organiseringssett - Gr\u00f8nt Kontor\",\"isPartOf\":{\"@id\":\"https:\/\/grontkontor.dk\/#website\"},\"datePublished\":\"2024-08-21T11:43:57+00:00\",\"dateModified\":\"2024-08-27T09:14:12+00:00\",\"breadcrumb\":{\"@id\":\"https:\/\/grontkontor.dk\/shop\/organizersaet-med-4-dele-recycled\/#breadcrumb\"},\"inLanguage\":\"no-NO\",\"potentialAction\":[{\"@type\":\"ReadAction\",\"target\":[\"https:\/\/grontkontor.dk\/shop\/organizersaet-med-4-dele-recycled\/\"]}]},{\"@type\":\"BreadcrumbList\",\"@id\":\"https:\/\/grontkontor.dk\/shop\/organizersaet-med-4-dele-recycled\/#breadcrumb\",\"itemListElement\":[{\"@type\":\"ListItem\",\"position\":1,\"name\":\"Forside\",\"item\":\"https:\/\/grontkontor.dk\/\"},{\"@type\":\"ListItem\",\"position\":2,\"name\":\"Butikk\",\"item\":\"https:\/\/grontkontor.dk\/no\/butikk-2\/\"},{\"@type\":\"ListItem\",\"position\":3,\"name\":\"Skrivebord utstyr\",\"item\":\"https:\/\/grontkontor.dk\/no\/produkt-kategori\/skrivebord-utstyr\/\"},{\"@type\":\"ListItem\",\"position\":4,\"name\":\"Diverse for skrivebordet\",\"item\":\"https:\/\/grontkontor.dk\/no\/produkt-kategori\/skrivebord-utstyr\/diverse-for-skrivebordet\/\"},{\"@type\":\"ListItem\",\"position\":5,\"name\":\"4-delt resirkulert organiseringssett\"}]},{\"@type\":\"WebSite\",\"@id\":\"https:\/\/grontkontor.dk\/#website\",\"url\":\"https:\/\/grontkontor.dk\/\",\"name\":\"Gr\u00f8nt Kontor\",\"description\":\"Milj\u00f8venlige produkter til kontor og erhverv med fokus p\u00e5 b\u00e6redygtighed, design og fair trade.\",\"publisher\":{\"@id\":\"https:\/\/grontkontor.dk\/#organization\"},\"potentialAction\":[{\"@type\":\"SearchAction\",\"target\":{\"@type\":\"EntryPoint\",\"urlTemplate\":\"https:\/\/grontkontor.dk\/?s={search_term_string}\"},\"query-input\":\"required name=search_term_string\"}],\"inLanguage\":\"no-NO\"},{\"@type\":\"Organization\",\"@id\":\"https:\/\/grontkontor.dk\/#organization\",\"name\":\"Gr\u00f8nt Kontor\",\"url\":\"https:\/\/grontkontor.dk\/\",\"logo\":{\"@type\":\"ImageObject\",\"inLanguage\":\"no-NO\",\"@id\":\"https:\/\/grontkontor.dk\/#\/schema\/logo\/image\/\",\"url\":\"https:\/\/grontkontor.dk\/wp-content\/uploads\/2014\/02\/Logo_groent_kontor_300x80.png\",\"contentUrl\":\"https:\/\/grontkontor.dk\/wp-content\/uploads\/2014\/02\/Logo_groent_kontor_300x80.png\",\"width\":300,\"height\":80,\"caption\":\"Gr\u00f8nt Kontor\"},\"image\":{\"@id\":\"https:\/\/grontkontor.dk\/#\/schema\/logo\/image\/\"},\"sameAs\":[\"https:\/\/www.facebook.com\/grontkontor.dk\/\"]}]}<\/script>\n<!-- \/ Yoast SEO Premium plugin. -->","yoast_head_json":{"title":"4-delt resirkulert organiseringssett - Gr\u00f8nt Kontor","robots":{"index":"index","follow":"follow","max-snippet":"max-snippet:-1","max-image-preview":"max-image-preview:large","max-video-preview":"max-video-preview:-1"},"canonical":"https:\/\/grontkontor.dk\/shop\/organizersaet-med-4-dele-recycled\/","og_locale":"en_US","og_type":"article","og_title":"4-delt resirkulert organiseringssett","og_description":"Fleksibel skrivebordsarrang\u00f8r med 4 separate organiseringsseksjoner. Hold arbeidsomr\u00e5det ryddig ved \u00e5 ha blyanter, linjaler, sakser, binders, viskel\u00e6r og andre sm\u00e5ting p\u00e5 skrivebordet. Brettet er utstyrt med gummif\u00f8tter for \u00e5 holde det stabilt og fast. Bruk brettene sammen som et sett eller hver for seg der du trenger \u00e5 holde styr p\u00e5 sm\u00e5 fall og prikker. [&hellip;]","og_url":"https:\/\/grontkontor.dk\/shop\/organizersaet-med-4-dele-recycled\/","og_site_name":"Gr\u00f8nt Kontor","article_publisher":"https:\/\/www.facebook.com\/grontkontor.dk\/","article_modified_time":"2024-08-27T09:14:12+00:00","og_image":[{"width":900,"height":639,"url":"https:\/\/grontkontor.dk\/wp-content\/uploads\/2024\/08\/Organizer-saer-skrivebords-organizer-genbrugspap.jpg","type":"image\/jpeg"}],"twitter_card":"summary_large_image","schema":{"@context":"https:\/\/schema.org","@graph":[{"@type":"WebPage","@id":"https:\/\/grontkontor.dk\/shop\/organizersaet-med-4-dele-recycled\/","url":"https:\/\/grontkontor.dk\/shop\/organizersaet-med-4-dele-recycled\/","name":"4-delt resirkulert organiseringssett - Gr\u00f8nt Kontor","isPartOf":{"@id":"https:\/\/grontkontor.dk\/#website"},"datePublished":"2024-08-21T11:43:57+00:00","dateModified":"2024-08-27T09:14:12+00:00","breadcrumb":{"@id":"https:\/\/grontkontor.dk\/shop\/organizersaet-med-4-dele-recycled\/#breadcrumb"},"inLanguage":"no-NO","potentialAction":[{"@type":"ReadAction","target":["https:\/\/grontkontor.dk\/shop\/organizersaet-med-4-dele-recycled\/"]}]},{"@type":"BreadcrumbList","@id":"https:\/\/grontkontor.dk\/shop\/organizersaet-med-4-dele-recycled\/#breadcrumb","itemListElement":[{"@type":"ListItem","position":1,"name":"Forside","item":"https:\/\/grontkontor.dk\/"},{"@type":"ListItem","position":2,"name":"Butikk","item":"https:\/\/grontkontor.dk\/no\/butikk-2\/"},{"@type":"ListItem","position":3,"name":"Skrivebord utstyr","item":"https:\/\/grontkontor.dk\/no\/produkt-kategori\/skrivebord-utstyr\/"},{"@type":"ListItem","position":4,"name":"Diverse for skrivebordet","item":"https:\/\/grontkontor.dk\/no\/produkt-kategori\/skrivebord-utstyr\/diverse-for-skrivebordet\/"},{"@type":"ListItem","position":5,"name":"4-delt resirkulert organiseringssett"}]},{"@type":"WebSite","@id":"https:\/\/grontkontor.dk\/#website","url":"https:\/\/grontkontor.dk\/","name":"Gr\u00f8nt Kontor","description":"Milj\u00f8venlige produkter til kontor og erhverv med fokus p\u00e5 b\u00e6redygtighed, design og fair trade.","publisher":{"@id":"https:\/\/grontkontor.dk\/#organization"},"potentialAction":[{"@type":"SearchAction","target":{"@type":"EntryPoint","urlTemplate":"https:\/\/grontkontor.dk\/?s={search_term_string}"},"query-input":"required name=search_term_string"}],"inLanguage":"no-NO"},{"@type":"Organization","@id":"https:\/\/grontkontor.dk\/#organization","name":"Gr\u00f8nt Kontor","url":"https:\/\/grontkontor.dk\/","logo":{"@type":"ImageObject","inLanguage":"no-NO","@id":"https:\/\/grontkontor.dk\/#\/schema\/logo\/image\/","url":"https:\/\/grontkontor.dk\/wp-content\/uploads\/2014\/02\/Logo_groent_kontor_300x80.png","contentUrl":"https:\/\/grontkontor.dk\/wp-content\/uploads\/2014\/02\/Logo_groent_kontor_300x80.png","width":300,"height":80,"caption":"Gr\u00f8nt Kontor"},"image":{"@id":"https:\/\/grontkontor.dk\/#\/schema\/logo\/image\/"},"sameAs":["https:\/\/www.facebook.com\/grontkontor.dk\/"]}]}},"_links":{"self":[{"href":"https:\/\/grontkontor.dk\/no\/wp-json\/wp\/v2\/product\/108640"}],"collection":[{"href":"https:\/\/grontkontor.dk\/no\/wp-json\/wp\/v2\/product"}],"about":[{"href":"https:\/\/grontkontor.dk\/no\/wp-json\/wp\/v2\/types\/product"}],"replies":[{"embeddable":true,"href":"https:\/\/grontkontor.dk\/no\/wp-json\/wp\/v2\/comments?post=108640"}],"wp:featuredmedia":[{"embeddable":true,"href":"https:\/\/grontkontor.dk\/no\/wp-json\/wp\/v2\/media\/108645"}],"wp:attachment":[{"href":"https:\/\/grontkontor.dk\/no\/wp-json\/wp\/v2\/media?parent=108640"}],"wp:term":[{"taxonomy":"product_cat","embeddable":true,"href":"https:\/\/grontkontor.dk\/no\/wp-json\/wp\/v2\/product_cat?post=108640"},{"taxonomy":"product_tag","embeddable":true,"href":"https:\/\/grontkontor.dk\/no\/wp-json\/wp\/v2\/product_tag?post=108640"}],"curies":[{"name":"wp","href":"https:\/\/api.w.org\/{rel}","templated":true}]}}