{"id":115702,"date":"2024-10-03T12:47:55","date_gmt":"2024-10-03T10:47:58","guid":{"rendered":"https:\/\/grontkontor.dk\/?post_type=product&#038;p=115702"},"modified":"2024-10-10T11:26:23","modified_gmt":"2024-10-10T09:26:23","slug":"veske-i-hamp-m-u-fullfargetrykk","status":"publish","type":"product","link":"https:\/\/grontkontor.dk\/no\/shop\/veske-i-hamp-m-u-fullfargetrykk\/","title":{"rendered":"Veske i hamp med\/uten fullfargetrykk"},"content":{"rendered":"<p>Super klimavennlige tote bags 38x42cm laget av 100% hamp. Tilgjengelig i brunt, natur, bl\u00e5tt, gr\u00f8nt og svart.<\/p>\n<p>Et klima- og milj\u00f8vennlig produkt, veldig fin utdeling til messer og arrangementer.<\/p>\n<p>Hampplanten har sterke fibre som kan brukes til tekstiler, tr\u00e5der, tepper og lerret som er holdbare og langvarige. I tillegg har hamp, som ull, naturlige antibakterielle egenskaper, og krever betydelig mindre vann enn for eksempel bomull. Derfor er hamp et godt milj\u00f8vennlig materiale.<\/p>\n<p>Amfori-sertifikatet sikrer at produktet er produsert under rettferdige arbeids- og l\u00f8nnsforhold.<\/p>\n<p>Min. Bestill: 25 stk. Hvis du trenger f\u00e6rre, anbefaler vi hampvesken som er lenket til h\u00f8yre p\u00e5 siden.<\/p>\n<p>[bd1]<\/p>\n","protected":false},"excerpt":{"rendered":"<p>Super klimavennlige tote bags 38x42cm laget av 100% hamp. Tilgjengelig i brunt, natur, bl\u00e5tt, gr\u00f8nt og svart. Et klima- og milj\u00f8vennlig produkt, veldig fin utdeling til messer og arrangementer. Hampplanten har sterke fibre som kan brukes til tekstiler, tr\u00e5der, tepper og lerret som er holdbare og langvarige. I tillegg har hamp, som ull, naturlige antibakterielle [&hellip;]<\/p>\n","protected":false},"featured_media":115764,"comment_status":"closed","ping_status":"closed","template":"","meta":{"_acf_changed":false},"product_cat":[3210,3199,4395,2657,3539],"product_tag":[3215,4630,4629,3562,3217],"class_list":{"0":"post-115702","1":"product","2":"type-product","3":"status-publish","4":"has-post-thumbnail","6":"product_cat-stoffposer","7":"product_cat-dummy-moq-1-no","8":"product_cat-gaveposer-og-gaveesker","9":"product_cat-nyheter","10":"product_cat-vesker-poser-og-deksler","11":"product_tag-baerepose-no","12":"product_tag-handlekurv-no","13":"product_tag-handlekurv","14":"product_tag-stoff-pose","15":"product_tag-tote-bag-no","16":"pa_farve-blaa-no","17":"pa_farve-brun-no-2","18":"pa_farve-groenn","19":"pa_farve-natur-no","20":"pa_farve-svart","21":"tm-has-options","23":"first","24":"instock","25":"taxable","26":"shipping-taxable","27":"purchasable","28":"product-type-variable","29":"has-default-attributes"},"acf":[],"yoast_head":"<!-- This site is optimized with the Yoast SEO Premium plugin v21.2 (Yoast SEO v21.2) - https:\/\/yoast.com\/wordpress\/plugins\/seo\/ -->\n<title>Veske i hamp med\/uten fullfargetrykk - Gr\u00f8nt Kontor<\/title>\n<meta name=\"robots\" content=\"index, follow, max-snippet:-1, max-image-preview:large, max-video-preview:-1\" \/>\n<link rel=\"canonical\" href=\"https:\/\/grontkontor.dk\/no\/shop\/veske-i-hamp-m-u-fullfargetrykk\/\" \/>\n<meta property=\"og:locale\" content=\"en_US\" \/>\n<meta property=\"og:type\" content=\"article\" \/>\n<meta property=\"og:title\" content=\"Veske i hamp med\/uten fullfargetrykk\" \/>\n<meta property=\"og:description\" content=\"Super klimavennlige tote bags 38x42cm laget av 100% hamp. Tilgjengelig i brunt, natur, bl\u00e5tt, gr\u00f8nt og svart. Et klima- og milj\u00f8vennlig produkt, veldig fin utdeling til messer og arrangementer. Hampplanten har sterke fibre som kan brukes til tekstiler, tr\u00e5der, tepper og lerret som er holdbare og langvarige. I tillegg har hamp, som ull, naturlige antibakterielle [&hellip;]\" \/>\n<meta property=\"og:url\" content=\"https:\/\/grontkontor.dk\/no\/shop\/veske-i-hamp-m-u-fullfargetrykk\/\" \/>\n<meta property=\"og:site_name\" content=\"Gr\u00f8nt Kontor\" \/>\n<meta property=\"article:publisher\" content=\"https:\/\/www.facebook.com\/grontkontor.dk\/\" \/>\n<meta property=\"article:modified_time\" content=\"2024-10-10T09:26:23+00:00\" \/>\n<meta property=\"og:image\" content=\"https:\/\/grontkontor.dk\/wp-content\/uploads\/2024\/10\/Klimavenlig-mulepose-i-hamp-groen.jpg\" \/>\n\t<meta property=\"og:image:width\" content=\"900\" \/>\n\t<meta property=\"og:image:height\" content=\"639\" \/>\n\t<meta property=\"og:image:type\" content=\"image\/jpeg\" \/>\n<meta name=\"twitter:card\" content=\"summary_large_image\" \/>\n<meta name=\"twitter:label1\" content=\"Est. reading time\" \/>\n\t<meta name=\"twitter:data1\" content=\"1 minute\" \/>\n<script type=\"application\/ld+json\" class=\"yoast-schema-graph\">{\"@context\":\"https:\/\/schema.org\",\"@graph\":[{\"@type\":\"WebPage\",\"@id\":\"https:\/\/grontkontor.dk\/no\/shop\/veske-i-hamp-m-u-fullfargetrykk\/\",\"url\":\"https:\/\/grontkontor.dk\/no\/shop\/veske-i-hamp-m-u-fullfargetrykk\/\",\"name\":\"Veske i hamp med\/uten fullfargetrykk - Gr\u00f8nt Kontor\",\"isPartOf\":{\"@id\":\"https:\/\/grontkontor.dk\/#website\"},\"datePublished\":\"2024-10-03T10:47:58+00:00\",\"dateModified\":\"2024-10-10T09:26:23+00:00\",\"breadcrumb\":{\"@id\":\"https:\/\/grontkontor.dk\/no\/shop\/veske-i-hamp-m-u-fullfargetrykk\/#breadcrumb\"},\"inLanguage\":\"no-NO\",\"potentialAction\":[{\"@type\":\"ReadAction\",\"target\":[\"https:\/\/grontkontor.dk\/no\/shop\/veske-i-hamp-m-u-fullfargetrykk\/\"]}]},{\"@type\":\"BreadcrumbList\",\"@id\":\"https:\/\/grontkontor.dk\/no\/shop\/veske-i-hamp-m-u-fullfargetrykk\/#breadcrumb\",\"itemListElement\":[{\"@type\":\"ListItem\",\"position\":1,\"name\":\"Forside\",\"item\":\"https:\/\/grontkontor.dk\/\"},{\"@type\":\"ListItem\",\"position\":2,\"name\":\"Butikk\",\"item\":\"https:\/\/grontkontor.dk\/no\/butikk-2\/\"},{\"@type\":\"ListItem\",\"position\":3,\"name\":\"Klimavennlige firmagaver\",\"item\":\"https:\/\/grontkontor.dk\/no\/produkt-kategori\/klimavennlige-firmagaver\/\"},{\"@type\":\"ListItem\",\"position\":4,\"name\":\"Gaveposer og gaveesker\",\"item\":\"https:\/\/grontkontor.dk\/no\/produkt-kategori\/klimavennlige-firmagaver\/gaveposer-og-gaveesker\/\"},{\"@type\":\"ListItem\",\"position\":5,\"name\":\"Veske i hamp med\/uten fullfargetrykk\"}]},{\"@type\":\"WebSite\",\"@id\":\"https:\/\/grontkontor.dk\/#website\",\"url\":\"https:\/\/grontkontor.dk\/\",\"name\":\"Gr\u00f8nt Kontor\",\"description\":\"Milj\u00f8venlige produkter til kontor og erhverv med fokus p\u00e5 b\u00e6redygtighed, design og fair trade.\",\"publisher\":{\"@id\":\"https:\/\/grontkontor.dk\/#organization\"},\"potentialAction\":[{\"@type\":\"SearchAction\",\"target\":{\"@type\":\"EntryPoint\",\"urlTemplate\":\"https:\/\/grontkontor.dk\/?s={search_term_string}\"},\"query-input\":\"required name=search_term_string\"}],\"inLanguage\":\"no-NO\"},{\"@type\":\"Organization\",\"@id\":\"https:\/\/grontkontor.dk\/#organization\",\"name\":\"Gr\u00f8nt Kontor\",\"url\":\"https:\/\/grontkontor.dk\/\",\"logo\":{\"@type\":\"ImageObject\",\"inLanguage\":\"no-NO\",\"@id\":\"https:\/\/grontkontor.dk\/#\/schema\/logo\/image\/\",\"url\":\"https:\/\/grontkontor.dk\/wp-content\/uploads\/2014\/02\/Logo_groent_kontor_300x80.png\",\"contentUrl\":\"https:\/\/grontkontor.dk\/wp-content\/uploads\/2014\/02\/Logo_groent_kontor_300x80.png\",\"width\":300,\"height\":80,\"caption\":\"Gr\u00f8nt Kontor\"},\"image\":{\"@id\":\"https:\/\/grontkontor.dk\/#\/schema\/logo\/image\/\"},\"sameAs\":[\"https:\/\/www.facebook.com\/grontkontor.dk\/\"]}]}<\/script>\n<!-- \/ Yoast SEO Premium plugin. -->","yoast_head_json":{"title":"Veske i hamp med\/uten fullfargetrykk - Gr\u00f8nt Kontor","robots":{"index":"index","follow":"follow","max-snippet":"max-snippet:-1","max-image-preview":"max-image-preview:large","max-video-preview":"max-video-preview:-1"},"canonical":"https:\/\/grontkontor.dk\/no\/shop\/veske-i-hamp-m-u-fullfargetrykk\/","og_locale":"en_US","og_type":"article","og_title":"Veske i hamp med\/uten fullfargetrykk","og_description":"Super klimavennlige tote bags 38x42cm laget av 100% hamp. Tilgjengelig i brunt, natur, bl\u00e5tt, gr\u00f8nt og svart. Et klima- og milj\u00f8vennlig produkt, veldig fin utdeling til messer og arrangementer. Hampplanten har sterke fibre som kan brukes til tekstiler, tr\u00e5der, tepper og lerret som er holdbare og langvarige. I tillegg har hamp, som ull, naturlige antibakterielle [&hellip;]","og_url":"https:\/\/grontkontor.dk\/no\/shop\/veske-i-hamp-m-u-fullfargetrykk\/","og_site_name":"Gr\u00f8nt Kontor","article_publisher":"https:\/\/www.facebook.com\/grontkontor.dk\/","article_modified_time":"2024-10-10T09:26:23+00:00","og_image":[{"width":900,"height":639,"url":"https:\/\/grontkontor.dk\/wp-content\/uploads\/2024\/10\/Klimavenlig-mulepose-i-hamp-groen.jpg","type":"image\/jpeg"}],"twitter_card":"summary_large_image","twitter_misc":{"Est. reading time":"1 minute"},"schema":{"@context":"https:\/\/schema.org","@graph":[{"@type":"WebPage","@id":"https:\/\/grontkontor.dk\/no\/shop\/veske-i-hamp-m-u-fullfargetrykk\/","url":"https:\/\/grontkontor.dk\/no\/shop\/veske-i-hamp-m-u-fullfargetrykk\/","name":"Veske i hamp med\/uten fullfargetrykk - Gr\u00f8nt Kontor","isPartOf":{"@id":"https:\/\/grontkontor.dk\/#website"},"datePublished":"2024-10-03T10:47:58+00:00","dateModified":"2024-10-10T09:26:23+00:00","breadcrumb":{"@id":"https:\/\/grontkontor.dk\/no\/shop\/veske-i-hamp-m-u-fullfargetrykk\/#breadcrumb"},"inLanguage":"no-NO","potentialAction":[{"@type":"ReadAction","target":["https:\/\/grontkontor.dk\/no\/shop\/veske-i-hamp-m-u-fullfargetrykk\/"]}]},{"@type":"BreadcrumbList","@id":"https:\/\/grontkontor.dk\/no\/shop\/veske-i-hamp-m-u-fullfargetrykk\/#breadcrumb","itemListElement":[{"@type":"ListItem","position":1,"name":"Forside","item":"https:\/\/grontkontor.dk\/"},{"@type":"ListItem","position":2,"name":"Butikk","item":"https:\/\/grontkontor.dk\/no\/butikk-2\/"},{"@type":"ListItem","position":3,"name":"Klimavennlige firmagaver","item":"https:\/\/grontkontor.dk\/no\/produkt-kategori\/klimavennlige-firmagaver\/"},{"@type":"ListItem","position":4,"name":"Gaveposer og gaveesker","item":"https:\/\/grontkontor.dk\/no\/produkt-kategori\/klimavennlige-firmagaver\/gaveposer-og-gaveesker\/"},{"@type":"ListItem","position":5,"name":"Veske i hamp med\/uten fullfargetrykk"}]},{"@type":"WebSite","@id":"https:\/\/grontkontor.dk\/#website","url":"https:\/\/grontkontor.dk\/","name":"Gr\u00f8nt Kontor","description":"Milj\u00f8venlige produkter til kontor og erhverv med fokus p\u00e5 b\u00e6redygtighed, design og fair trade.","publisher":{"@id":"https:\/\/grontkontor.dk\/#organization"},"potentialAction":[{"@type":"SearchAction","target":{"@type":"EntryPoint","urlTemplate":"https:\/\/grontkontor.dk\/?s={search_term_string}"},"query-input":"required name=search_term_string"}],"inLanguage":"no-NO"},{"@type":"Organization","@id":"https:\/\/grontkontor.dk\/#organization","name":"Gr\u00f8nt Kontor","url":"https:\/\/grontkontor.dk\/","logo":{"@type":"ImageObject","inLanguage":"no-NO","@id":"https:\/\/grontkontor.dk\/#\/schema\/logo\/image\/","url":"https:\/\/grontkontor.dk\/wp-content\/uploads\/2014\/02\/Logo_groent_kontor_300x80.png","contentUrl":"https:\/\/grontkontor.dk\/wp-content\/uploads\/2014\/02\/Logo_groent_kontor_300x80.png","width":300,"height":80,"caption":"Gr\u00f8nt Kontor"},"image":{"@id":"https:\/\/grontkontor.dk\/#\/schema\/logo\/image\/"},"sameAs":["https:\/\/www.facebook.com\/grontkontor.dk\/"]}]}},"_links":{"self":[{"href":"https:\/\/grontkontor.dk\/no\/wp-json\/wp\/v2\/product\/115702"}],"collection":[{"href":"https:\/\/grontkontor.dk\/no\/wp-json\/wp\/v2\/product"}],"about":[{"href":"https:\/\/grontkontor.dk\/no\/wp-json\/wp\/v2\/types\/product"}],"replies":[{"embeddable":true,"href":"https:\/\/grontkontor.dk\/no\/wp-json\/wp\/v2\/comments?post=115702"}],"wp:featuredmedia":[{"embeddable":true,"href":"https:\/\/grontkontor.dk\/no\/wp-json\/wp\/v2\/media\/115764"}],"wp:attachment":[{"href":"https:\/\/grontkontor.dk\/no\/wp-json\/wp\/v2\/media?parent=115702"}],"wp:term":[{"taxonomy":"product_cat","embeddable":true,"href":"https:\/\/grontkontor.dk\/no\/wp-json\/wp\/v2\/product_cat?post=115702"},{"taxonomy":"product_tag","embeddable":true,"href":"https:\/\/grontkontor.dk\/no\/wp-json\/wp\/v2\/product_tag?post=115702"}],"curies":[{"name":"wp","href":"https:\/\/api.w.org\/{rel}","templated":true}]}}