{"id":115938,"date":"2024-10-01T10:39:31","date_gmt":"2024-10-10T07:46:25","guid":{"rendered":"https:\/\/grontkontor.dk\/shop\/termos-kopp-resirkulert-staal-pp-350-ml\/"},"modified":"2024-10-15T09:39:19","modified_gmt":"2024-10-15T07:39:19","slug":"termos-kopp-resirkulert-staal-pp-350-ml","status":"publish","type":"product","link":"https:\/\/grontkontor.dk\/no\/shop\/termos-kopp-resirkulert-staal-pp-350-ml\/","title":{"rendered":"Termokopp resirkulert st\u00e5l og PP 350 ml"},"content":{"rendered":"<p>Milj\u00f8vennlig kaffekrus i resirkulert st\u00e5l, best\u00e5r av 90% resirkulert rustfritt st\u00e5l og 10% vanlig rustfritt st\u00e5l. Ytre lag av resirkulert PP og stropp i RPET. Tilgjengelig i 7 farger: m\u00f8rkebl\u00e5, lysebl\u00e5, svart, gr\u00f8nn, gr\u00e5, m\u00f8rkegr\u00e5 og hvit med\/uten trykk. Kan bestilles ned til 1 stk i svart. Perfekt som en klimavennlig firmagave eller utdeling til messer og arrangementer.  <\/p>\n<p>[staal_s] [rpet_s]<\/p>\n<p>&nbsp;<\/p>\n<img loading=\"lazy\" decoding=\"async\" src=\"https:\/\/grontkontor.dk\/wp-content\/uploads\/2021\/02\/genbrug.jpg\" alt=\"Fremstillet af genbrugsmaterialer\" width=\"50\" height=\"50\" class=\"size-full wp-image-23031\" srcset=\"https:\/\/grontkontor.dk\/wp-content\/uploads\/2021\/02\/genbrug.jpg 199w, https:\/\/grontkontor.dk\/wp-content\/uploads\/2021\/02\/genbrug-100x100.jpg 100w\" sizes=\"(max-width: 50px) 100vw, 50px\" \/>\n","protected":false},"excerpt":{"rendered":"<p>Milj\u00f8vennlig kaffekrus i resirkulert st\u00e5l, best\u00e5r av 90% resirkulert rustfritt st\u00e5l og 10% vanlig rustfritt st\u00e5l. Ytre lag av resirkulert PP og stropp i RPET. Tilgjengelig i 7 farger: m\u00f8rkebl\u00e5, lysebl\u00e5, svart, gr\u00f8nn, gr\u00e5, m\u00f8rkegr\u00e5 og hvit med\/uten trykk. Kan bestilles ned til 1 stk i svart. Perfekt som en klimavennlig firmagave eller utdeling til [&hellip;]<\/p>\n","protected":false},"featured_media":115611,"comment_status":"closed","ping_status":"closed","template":"","meta":{"_acf_changed":false},"product_cat":[3199,3666,3312,3223,2657],"product_tag":[3314,3317],"class_list":{"0":"post-115938","1":"product","2":"type-product","3":"status-publish","4":"has-post-thumbnail","6":"product_cat-dummy-moq-1-no","7":"product_cat-krus-og-kopper-til-messen-no","8":"product_cat-krus-kopper-etc","9":"product_cat-messe-og-arrangement","10":"product_cat-nyheter","11":"product_tag-krus-no","12":"product_tag-termisk-krus","13":"pa_farve-graa-no-2","14":"pa_farve-groenn","15":"pa_farve-hvit","16":"pa_farve-lyseblaa-no","17":"pa_farve-moerkegraa-no","18":"pa_farve-moerkeblaa-no","19":"pa_farve-svart","20":"tm-has-options","22":"first","23":"instock","24":"sale","25":"taxable","26":"shipping-taxable","27":"purchasable","28":"product-type-variable","29":"has-default-attributes"},"acf":[],"yoast_head":"<!-- This site is optimized with the Yoast SEO Premium plugin v21.2 (Yoast SEO v21.2) - https:\/\/yoast.com\/wordpress\/plugins\/seo\/ -->\n<title>Termokopp resirkulert st\u00e5l og PP 350 ml - Gr\u00f8nt Kontor<\/title>\n<meta name=\"robots\" content=\"index, follow, max-snippet:-1, max-image-preview:large, max-video-preview:-1\" \/>\n<link rel=\"canonical\" href=\"https:\/\/grontkontor.dk\/shop\/termokop-genanvendt-staal-pp-350-ml\/\" \/>\n<meta property=\"og:locale\" content=\"en_US\" \/>\n<meta property=\"og:type\" content=\"article\" \/>\n<meta property=\"og:title\" content=\"Termokopp resirkulert st\u00e5l og PP 350 ml\" \/>\n<meta property=\"og:description\" content=\"Milj\u00f8vennlig kaffekrus i resirkulert st\u00e5l, best\u00e5r av 90% resirkulert rustfritt st\u00e5l og 10% vanlig rustfritt st\u00e5l. Ytre lag av resirkulert PP og stropp i RPET. Tilgjengelig i 7 farger: m\u00f8rkebl\u00e5, lysebl\u00e5, svart, gr\u00f8nn, gr\u00e5, m\u00f8rkegr\u00e5 og hvit med\/uten trykk. Kan bestilles ned til 1 stk i svart. Perfekt som en klimavennlig firmagave eller utdeling til [&hellip;]\" \/>\n<meta property=\"og:url\" content=\"https:\/\/grontkontor.dk\/shop\/termokop-genanvendt-staal-pp-350-ml\/\" \/>\n<meta property=\"og:site_name\" content=\"Gr\u00f8nt Kontor\" \/>\n<meta property=\"article:publisher\" content=\"https:\/\/www.facebook.com\/grontkontor.dk\/\" \/>\n<meta property=\"article:modified_time\" content=\"2024-10-15T07:39:19+00:00\" \/>\n<meta property=\"og:image\" content=\"https:\/\/grontkontor.dk\/wp-content\/uploads\/2024\/10\/Klimavenlig-termokop-i-genanvendt-staal-og-plast-sort.jpg\" \/>\n\t<meta property=\"og:image:width\" content=\"900\" \/>\n\t<meta property=\"og:image:height\" content=\"639\" \/>\n\t<meta property=\"og:image:type\" content=\"image\/jpeg\" \/>\n<meta name=\"twitter:card\" content=\"summary_large_image\" \/>\n<script type=\"application\/ld+json\" class=\"yoast-schema-graph\">{\"@context\":\"https:\/\/schema.org\",\"@graph\":[{\"@type\":\"WebPage\",\"@id\":\"https:\/\/grontkontor.dk\/shop\/termokop-genanvendt-staal-pp-350-ml\/\",\"url\":\"https:\/\/grontkontor.dk\/shop\/termokop-genanvendt-staal-pp-350-ml\/\",\"name\":\"Termokopp resirkulert st\u00e5l og PP 350 ml - Gr\u00f8nt Kontor\",\"isPartOf\":{\"@id\":\"https:\/\/grontkontor.dk\/#website\"},\"datePublished\":\"2024-10-10T07:46:25+00:00\",\"dateModified\":\"2024-10-15T07:39:19+00:00\",\"breadcrumb\":{\"@id\":\"https:\/\/grontkontor.dk\/shop\/termokop-genanvendt-staal-pp-350-ml\/#breadcrumb\"},\"inLanguage\":\"no-NO\",\"potentialAction\":[{\"@type\":\"ReadAction\",\"target\":[\"https:\/\/grontkontor.dk\/shop\/termokop-genanvendt-staal-pp-350-ml\/\"]}]},{\"@type\":\"BreadcrumbList\",\"@id\":\"https:\/\/grontkontor.dk\/shop\/termokop-genanvendt-staal-pp-350-ml\/#breadcrumb\",\"itemListElement\":[{\"@type\":\"ListItem\",\"position\":1,\"name\":\"Forside\",\"item\":\"https:\/\/grontkontor.dk\/\"},{\"@type\":\"ListItem\",\"position\":2,\"name\":\"Butikk\",\"item\":\"https:\/\/grontkontor.dk\/no\/butikk-2\/\"},{\"@type\":\"ListItem\",\"position\":3,\"name\":\"Messe og arrangement\",\"item\":\"https:\/\/grontkontor.dk\/no\/produkt-kategori\/messe-og-arrangement\/\"},{\"@type\":\"ListItem\",\"position\":4,\"name\":\"Krus og kopper til messen\",\"item\":\"https:\/\/grontkontor.dk\/no\/produkt-kategori\/messe-og-arrangement\/krus-og-kopper-til-messen-no\/\"},{\"@type\":\"ListItem\",\"position\":5,\"name\":\"Termokopp resirkulert st\u00e5l og PP 350 ml\"}]},{\"@type\":\"WebSite\",\"@id\":\"https:\/\/grontkontor.dk\/#website\",\"url\":\"https:\/\/grontkontor.dk\/\",\"name\":\"Gr\u00f8nt Kontor\",\"description\":\"Milj\u00f8venlige produkter til kontor og erhverv med fokus p\u00e5 b\u00e6redygtighed, design og fair trade.\",\"publisher\":{\"@id\":\"https:\/\/grontkontor.dk\/#organization\"},\"potentialAction\":[{\"@type\":\"SearchAction\",\"target\":{\"@type\":\"EntryPoint\",\"urlTemplate\":\"https:\/\/grontkontor.dk\/?s={search_term_string}\"},\"query-input\":\"required name=search_term_string\"}],\"inLanguage\":\"no-NO\"},{\"@type\":\"Organization\",\"@id\":\"https:\/\/grontkontor.dk\/#organization\",\"name\":\"Gr\u00f8nt Kontor\",\"url\":\"https:\/\/grontkontor.dk\/\",\"logo\":{\"@type\":\"ImageObject\",\"inLanguage\":\"no-NO\",\"@id\":\"https:\/\/grontkontor.dk\/#\/schema\/logo\/image\/\",\"url\":\"https:\/\/grontkontor.dk\/wp-content\/uploads\/2014\/02\/Logo_groent_kontor_300x80.png\",\"contentUrl\":\"https:\/\/grontkontor.dk\/wp-content\/uploads\/2014\/02\/Logo_groent_kontor_300x80.png\",\"width\":300,\"height\":80,\"caption\":\"Gr\u00f8nt Kontor\"},\"image\":{\"@id\":\"https:\/\/grontkontor.dk\/#\/schema\/logo\/image\/\"},\"sameAs\":[\"https:\/\/www.facebook.com\/grontkontor.dk\/\"]}]}<\/script>\n<!-- \/ Yoast SEO Premium plugin. -->","yoast_head_json":{"title":"Termokopp resirkulert st\u00e5l og PP 350 ml - Gr\u00f8nt Kontor","robots":{"index":"index","follow":"follow","max-snippet":"max-snippet:-1","max-image-preview":"max-image-preview:large","max-video-preview":"max-video-preview:-1"},"canonical":"https:\/\/grontkontor.dk\/shop\/termokop-genanvendt-staal-pp-350-ml\/","og_locale":"en_US","og_type":"article","og_title":"Termokopp resirkulert st\u00e5l og PP 350 ml","og_description":"Milj\u00f8vennlig kaffekrus i resirkulert st\u00e5l, best\u00e5r av 90% resirkulert rustfritt st\u00e5l og 10% vanlig rustfritt st\u00e5l. Ytre lag av resirkulert PP og stropp i RPET. Tilgjengelig i 7 farger: m\u00f8rkebl\u00e5, lysebl\u00e5, svart, gr\u00f8nn, gr\u00e5, m\u00f8rkegr\u00e5 og hvit med\/uten trykk. Kan bestilles ned til 1 stk i svart. Perfekt som en klimavennlig firmagave eller utdeling til [&hellip;]","og_url":"https:\/\/grontkontor.dk\/shop\/termokop-genanvendt-staal-pp-350-ml\/","og_site_name":"Gr\u00f8nt Kontor","article_publisher":"https:\/\/www.facebook.com\/grontkontor.dk\/","article_modified_time":"2024-10-15T07:39:19+00:00","og_image":[{"width":900,"height":639,"url":"https:\/\/grontkontor.dk\/wp-content\/uploads\/2024\/10\/Klimavenlig-termokop-i-genanvendt-staal-og-plast-sort.jpg","type":"image\/jpeg"}],"twitter_card":"summary_large_image","schema":{"@context":"https:\/\/schema.org","@graph":[{"@type":"WebPage","@id":"https:\/\/grontkontor.dk\/shop\/termokop-genanvendt-staal-pp-350-ml\/","url":"https:\/\/grontkontor.dk\/shop\/termokop-genanvendt-staal-pp-350-ml\/","name":"Termokopp resirkulert st\u00e5l og PP 350 ml - Gr\u00f8nt Kontor","isPartOf":{"@id":"https:\/\/grontkontor.dk\/#website"},"datePublished":"2024-10-10T07:46:25+00:00","dateModified":"2024-10-15T07:39:19+00:00","breadcrumb":{"@id":"https:\/\/grontkontor.dk\/shop\/termokop-genanvendt-staal-pp-350-ml\/#breadcrumb"},"inLanguage":"no-NO","potentialAction":[{"@type":"ReadAction","target":["https:\/\/grontkontor.dk\/shop\/termokop-genanvendt-staal-pp-350-ml\/"]}]},{"@type":"BreadcrumbList","@id":"https:\/\/grontkontor.dk\/shop\/termokop-genanvendt-staal-pp-350-ml\/#breadcrumb","itemListElement":[{"@type":"ListItem","position":1,"name":"Forside","item":"https:\/\/grontkontor.dk\/"},{"@type":"ListItem","position":2,"name":"Butikk","item":"https:\/\/grontkontor.dk\/no\/butikk-2\/"},{"@type":"ListItem","position":3,"name":"Messe og arrangement","item":"https:\/\/grontkontor.dk\/no\/produkt-kategori\/messe-og-arrangement\/"},{"@type":"ListItem","position":4,"name":"Krus og kopper til messen","item":"https:\/\/grontkontor.dk\/no\/produkt-kategori\/messe-og-arrangement\/krus-og-kopper-til-messen-no\/"},{"@type":"ListItem","position":5,"name":"Termokopp resirkulert st\u00e5l og PP 350 ml"}]},{"@type":"WebSite","@id":"https:\/\/grontkontor.dk\/#website","url":"https:\/\/grontkontor.dk\/","name":"Gr\u00f8nt Kontor","description":"Milj\u00f8venlige produkter til kontor og erhverv med fokus p\u00e5 b\u00e6redygtighed, design og fair trade.","publisher":{"@id":"https:\/\/grontkontor.dk\/#organization"},"potentialAction":[{"@type":"SearchAction","target":{"@type":"EntryPoint","urlTemplate":"https:\/\/grontkontor.dk\/?s={search_term_string}"},"query-input":"required name=search_term_string"}],"inLanguage":"no-NO"},{"@type":"Organization","@id":"https:\/\/grontkontor.dk\/#organization","name":"Gr\u00f8nt Kontor","url":"https:\/\/grontkontor.dk\/","logo":{"@type":"ImageObject","inLanguage":"no-NO","@id":"https:\/\/grontkontor.dk\/#\/schema\/logo\/image\/","url":"https:\/\/grontkontor.dk\/wp-content\/uploads\/2014\/02\/Logo_groent_kontor_300x80.png","contentUrl":"https:\/\/grontkontor.dk\/wp-content\/uploads\/2014\/02\/Logo_groent_kontor_300x80.png","width":300,"height":80,"caption":"Gr\u00f8nt Kontor"},"image":{"@id":"https:\/\/grontkontor.dk\/#\/schema\/logo\/image\/"},"sameAs":["https:\/\/www.facebook.com\/grontkontor.dk\/"]}]}},"_links":{"self":[{"href":"https:\/\/grontkontor.dk\/no\/wp-json\/wp\/v2\/product\/115938"}],"collection":[{"href":"https:\/\/grontkontor.dk\/no\/wp-json\/wp\/v2\/product"}],"about":[{"href":"https:\/\/grontkontor.dk\/no\/wp-json\/wp\/v2\/types\/product"}],"replies":[{"embeddable":true,"href":"https:\/\/grontkontor.dk\/no\/wp-json\/wp\/v2\/comments?post=115938"}],"wp:featuredmedia":[{"embeddable":true,"href":"https:\/\/grontkontor.dk\/no\/wp-json\/wp\/v2\/media\/115611"}],"wp:attachment":[{"href":"https:\/\/grontkontor.dk\/no\/wp-json\/wp\/v2\/media?parent=115938"}],"wp:term":[{"taxonomy":"product_cat","embeddable":true,"href":"https:\/\/grontkontor.dk\/no\/wp-json\/wp\/v2\/product_cat?post=115938"},{"taxonomy":"product_tag","embeddable":true,"href":"https:\/\/grontkontor.dk\/no\/wp-json\/wp\/v2\/product_tag?post=115938"}],"curies":[{"name":"wp","href":"https:\/\/api.w.org\/{rel}","templated":true}]}}