{"id":117295,"date":"2025-04-03T12:57:41","date_gmt":"2024-11-27T08:51:12","guid":{"rendered":"https:\/\/grontkontor.dk\/shop\/klimavenlig-t-shirt-oekologisk-bomuld-unisex\/"},"modified":"2025-11-06T10:08:12","modified_gmt":"2025-11-06T09:08:12","slug":"klimavenlig-t-shirt-oekologisk-bomuld-unisex","status":"publish","type":"product","link":"https:\/\/grontkontor.dk\/no\/shop\/klimavenlig-t-shirt-oekologisk-bomuld-unisex\/","title":{"rendered":"Klimavennlig t-skjorte \u00f8kologisk bomull unisex"},"content":{"rendered":"<p>En klimavennlig unisex t-skjorte i 100 % \u00f8kologisk bomull er det perfekte valget for profilkl\u00e6r som kombinerer komfort, stil og ansvar. Denne skjorten har et klassisk snitt som passer b\u00e5de menn og kvinner, og den er tilgjengelig i st\u00f8rrelsene XS til XXL slik at alle kan finne en god passform.<br \/>\nT-skjorten har en vekt p\u00e5 150 g\/m\u00b2, noe som gj\u00f8r den lett, pustende og egnet for b\u00e5de jobb og fritid. Den kan bestilles i flere farger, noe som gir fleksibilitet for bedrifter som \u00f8nsker \u00e5 matche deres visuelle identitet. Som standard kan den leveres med logotrykk i opptil fire farger avhengig av trykkmetode, og det er ogs\u00e5 mulighet for broderi hvis du \u00f8nsker et mer eksklusivt utseende.<x id=\"gid_1\"><\/x>Med en minimumsbestilling p\u00e5 50 stykker er unisex-t-skjorten ideell som firmagave, ansattes kl\u00e6r eller som reklameartikkel for messer og arrangementer. Kombinasjonen av \u00f8kologisk bomull og klassisk design gj\u00f8r det til en milj\u00f8vennlig l\u00f8sning som kan brukes igjen og igjen.<x id=\"gid_2\"><\/x>N\u00e5r du velger klimavennlige t-skjorter i \u00f8kologiske materialer, signaliserer du omtanke for b\u00e5de mennesker og milj\u00f8. Denne unisex-skjorten er et trygt valg som forener funksjon, kvalitet og gr\u00f8nne verdier.<br \/>\n[oekobomuld] [gots_s]<\/p>\n<a href=\"https:\/\/www.eco-branding.dk\/miljoemaerkning\/gots.aspx\" rel=\"noopener\" target=\"_blank\"><img loading=\"lazy\" decoding=\"async\" class=\"size-full wp-image-12808\" src=\"https:\/\/grontkontor.dk\/wp-content\/uploads\/2019\/04\/gots-certificeret.jpg\" \n   alt=\"Gots certificeret - din garanti for, at produktet indeholder mindst 70% ?kologisk bomuld\"  description=\"Gots certificeret - din garanti for, at produktet indeholder mindst 70% ?kologisk bomuld\" width=\"50\" height=\"50\" \n\t border=0 \/><\/a>\n","protected":false},"excerpt":{"rendered":"<p>En klimavennlig unisex t-skjorte i 100 % \u00f8kologisk bomull er det perfekte valget for profilkl\u00e6r som kombinerer komfort, stil og ansvar. Denne skjorten har et klassisk snitt som passer b\u00e5de menn og kvinner, og den er tilgjengelig i st\u00f8rrelsene XS til XXL slik at alle kan finne en god passform. T-skjorten har en vekt p\u00e5 [&hellip;]<\/p>\n","protected":false},"featured_media":82778,"comment_status":"closed","ping_status":"closed","template":"","meta":{"_acf_changed":false},"product_cat":[3225,3194,2657,4840],"product_tag":[4805,4806,3477,4808,4807],"class_list":{"0":"post-117295","1":"product","2":"type-product","3":"status-publish","4":"has-post-thumbnail","6":"product_cat-dummy-moq-10-50-no","7":"product_cat-klimavennlige-firmagaver","8":"product_cat-nyheter","9":"product_cat-t-skjorter-gensere-og-poloskjorter","10":"product_tag-skjorte","11":"product_tag-t-skjorte-no","12":"product_tag-t-skjorte","13":"product_tag-t-skjorter-no","14":"product_tag-t-skjorter","15":"pa_farve-blaa-no","16":"pa_farve-groenn","17":"pa_farve-gul-no-2","18":"pa_farve-lilla-no","19":"pa_farve-natur-no","20":"tm-has-options","22":"first","23":"instock","24":"sale","25":"taxable","26":"shipping-taxable","27":"purchasable","28":"product-type-simple"},"acf":[],"yoast_head":"<!-- This site is optimized with the Yoast SEO Premium plugin v21.2 (Yoast SEO v21.2) - https:\/\/yoast.com\/wordpress\/plugins\/seo\/ -->\n<title>Klimavennlig t-skjorte \u00f8kologisk bomull unisex - Gr\u00f8nt Kontor<\/title>\n<meta name=\"description\" content=\"Klimavennlig unisex t-skjorte i 100% \u00f8kologisk bomull. Milj\u00f8vennlig skjorte i mange st\u00f8rrelser og farger. Perfekt for logoutskrift eller broderi.\" \/>\n<meta name=\"robots\" content=\"index, follow, max-snippet:-1, max-image-preview:large, max-video-preview:-1\" \/>\n<link rel=\"canonical\" href=\"https:\/\/grontkontor.dk\/no\/shop\/klimavenlig-t-shirt-oekologisk-bomuld-unisex\/\" \/>\n<meta property=\"og:locale\" content=\"en_US\" \/>\n<meta property=\"og:type\" content=\"article\" \/>\n<meta property=\"og:title\" content=\"Klimavennlig t-skjorte \u00f8kologisk bomull unisex\" \/>\n<meta property=\"og:description\" content=\"Klimavennlig unisex t-skjorte i 100% \u00f8kologisk bomull. Milj\u00f8vennlig skjorte i mange st\u00f8rrelser og farger. Perfekt for logoutskrift eller broderi.\" \/>\n<meta property=\"og:url\" content=\"https:\/\/grontkontor.dk\/no\/shop\/klimavenlig-t-shirt-oekologisk-bomuld-unisex\/\" \/>\n<meta property=\"og:site_name\" content=\"Gr\u00f8nt Kontor\" \/>\n<meta property=\"article:publisher\" content=\"https:\/\/www.facebook.com\/grontkontor.dk\/\" \/>\n<meta property=\"article:modified_time\" content=\"2025-11-06T09:08:12+00:00\" \/>\n<meta property=\"og:image\" content=\"https:\/\/grontkontor.dk\/wp-content\/uploads\/2024\/03\/Klimavenlig-oekologisk-t-shirt-unisex-pastelfarver.jpg\" \/>\n\t<meta property=\"og:image:width\" content=\"900\" \/>\n\t<meta property=\"og:image:height\" content=\"639\" \/>\n\t<meta property=\"og:image:type\" content=\"image\/jpeg\" \/>\n<meta name=\"twitter:card\" content=\"summary_large_image\" \/>\n<meta name=\"twitter:label1\" content=\"Est. reading time\" \/>\n\t<meta name=\"twitter:data1\" content=\"1 minute\" \/>\n<script type=\"application\/ld+json\" class=\"yoast-schema-graph\">{\"@context\":\"https:\/\/schema.org\",\"@graph\":[{\"@type\":\"WebPage\",\"@id\":\"https:\/\/grontkontor.dk\/no\/shop\/klimavenlig-t-shirt-oekologisk-bomuld-unisex\/\",\"url\":\"https:\/\/grontkontor.dk\/no\/shop\/klimavenlig-t-shirt-oekologisk-bomuld-unisex\/\",\"name\":\"Klimavennlig t-skjorte \u00f8kologisk bomull unisex - Gr\u00f8nt Kontor\",\"isPartOf\":{\"@id\":\"https:\/\/grontkontor.dk\/#website\"},\"datePublished\":\"2024-11-27T08:51:12+00:00\",\"dateModified\":\"2025-11-06T09:08:12+00:00\",\"description\":\"Klimavennlig unisex t-skjorte i 100% \u00f8kologisk bomull. Milj\u00f8vennlig skjorte i mange st\u00f8rrelser og farger. Perfekt for logoutskrift eller broderi.\",\"breadcrumb\":{\"@id\":\"https:\/\/grontkontor.dk\/no\/shop\/klimavenlig-t-shirt-oekologisk-bomuld-unisex\/#breadcrumb\"},\"inLanguage\":\"no-NO\",\"potentialAction\":[{\"@type\":\"ReadAction\",\"target\":[\"https:\/\/grontkontor.dk\/no\/shop\/klimavenlig-t-shirt-oekologisk-bomuld-unisex\/\"]}]},{\"@type\":\"BreadcrumbList\",\"@id\":\"https:\/\/grontkontor.dk\/no\/shop\/klimavenlig-t-shirt-oekologisk-bomuld-unisex\/#breadcrumb\",\"itemListElement\":[{\"@type\":\"ListItem\",\"position\":1,\"name\":\"Forside\",\"item\":\"https:\/\/grontkontor.dk\/\"},{\"@type\":\"ListItem\",\"position\":2,\"name\":\"Butikk\",\"item\":\"https:\/\/grontkontor.dk\/no\/butikk-2\/\"},{\"@type\":\"ListItem\",\"position\":3,\"name\":\"Kl\u00e6r\",\"item\":\"https:\/\/grontkontor.dk\/no\/produkt-kategori\/klaer\/\"},{\"@type\":\"ListItem\",\"position\":4,\"name\":\"T-skjorter, gensere og poloskjorter\",\"item\":\"https:\/\/grontkontor.dk\/no\/produkt-kategori\/klaer\/t-skjorter-gensere-og-poloskjorter\/\"},{\"@type\":\"ListItem\",\"position\":5,\"name\":\"Klimavennlig t-skjorte \u00f8kologisk bomull unisex\"}]},{\"@type\":\"WebSite\",\"@id\":\"https:\/\/grontkontor.dk\/#website\",\"url\":\"https:\/\/grontkontor.dk\/\",\"name\":\"Gr\u00f8nt Kontor\",\"description\":\"Milj\u00f8venlige produkter til kontor og erhverv med fokus p\u00e5 b\u00e6redygtighed, design og fair trade.\",\"publisher\":{\"@id\":\"https:\/\/grontkontor.dk\/#organization\"},\"potentialAction\":[{\"@type\":\"SearchAction\",\"target\":{\"@type\":\"EntryPoint\",\"urlTemplate\":\"https:\/\/grontkontor.dk\/?s={search_term_string}\"},\"query-input\":\"required name=search_term_string\"}],\"inLanguage\":\"no-NO\"},{\"@type\":\"Organization\",\"@id\":\"https:\/\/grontkontor.dk\/#organization\",\"name\":\"Gr\u00f8nt Kontor\",\"url\":\"https:\/\/grontkontor.dk\/\",\"logo\":{\"@type\":\"ImageObject\",\"inLanguage\":\"no-NO\",\"@id\":\"https:\/\/grontkontor.dk\/#\/schema\/logo\/image\/\",\"url\":\"https:\/\/grontkontor.dk\/wp-content\/uploads\/2014\/02\/Logo_groent_kontor_300x80.png\",\"contentUrl\":\"https:\/\/grontkontor.dk\/wp-content\/uploads\/2014\/02\/Logo_groent_kontor_300x80.png\",\"width\":300,\"height\":80,\"caption\":\"Gr\u00f8nt Kontor\"},\"image\":{\"@id\":\"https:\/\/grontkontor.dk\/#\/schema\/logo\/image\/\"},\"sameAs\":[\"https:\/\/www.facebook.com\/grontkontor.dk\/\"]}]}<\/script>\n<!-- \/ Yoast SEO Premium plugin. -->","yoast_head_json":{"title":"Klimavennlig t-skjorte \u00f8kologisk bomull unisex - Gr\u00f8nt Kontor","description":"Klimavennlig unisex t-skjorte i 100% \u00f8kologisk bomull. Milj\u00f8vennlig skjorte i mange st\u00f8rrelser og farger. Perfekt for logoutskrift eller broderi.","robots":{"index":"index","follow":"follow","max-snippet":"max-snippet:-1","max-image-preview":"max-image-preview:large","max-video-preview":"max-video-preview:-1"},"canonical":"https:\/\/grontkontor.dk\/no\/shop\/klimavenlig-t-shirt-oekologisk-bomuld-unisex\/","og_locale":"en_US","og_type":"article","og_title":"Klimavennlig t-skjorte \u00f8kologisk bomull unisex","og_description":"Klimavennlig unisex t-skjorte i 100% \u00f8kologisk bomull. Milj\u00f8vennlig skjorte i mange st\u00f8rrelser og farger. Perfekt for logoutskrift eller broderi.","og_url":"https:\/\/grontkontor.dk\/no\/shop\/klimavenlig-t-shirt-oekologisk-bomuld-unisex\/","og_site_name":"Gr\u00f8nt Kontor","article_publisher":"https:\/\/www.facebook.com\/grontkontor.dk\/","article_modified_time":"2025-11-06T09:08:12+00:00","og_image":[{"width":900,"height":639,"url":"https:\/\/grontkontor.dk\/wp-content\/uploads\/2024\/03\/Klimavenlig-oekologisk-t-shirt-unisex-pastelfarver.jpg","type":"image\/jpeg"}],"twitter_card":"summary_large_image","twitter_misc":{"Est. reading time":"1 minute"},"schema":{"@context":"https:\/\/schema.org","@graph":[{"@type":"WebPage","@id":"https:\/\/grontkontor.dk\/no\/shop\/klimavenlig-t-shirt-oekologisk-bomuld-unisex\/","url":"https:\/\/grontkontor.dk\/no\/shop\/klimavenlig-t-shirt-oekologisk-bomuld-unisex\/","name":"Klimavennlig t-skjorte \u00f8kologisk bomull unisex - Gr\u00f8nt Kontor","isPartOf":{"@id":"https:\/\/grontkontor.dk\/#website"},"datePublished":"2024-11-27T08:51:12+00:00","dateModified":"2025-11-06T09:08:12+00:00","description":"Klimavennlig unisex t-skjorte i 100% \u00f8kologisk bomull. Milj\u00f8vennlig skjorte i mange st\u00f8rrelser og farger. Perfekt for logoutskrift eller broderi.","breadcrumb":{"@id":"https:\/\/grontkontor.dk\/no\/shop\/klimavenlig-t-shirt-oekologisk-bomuld-unisex\/#breadcrumb"},"inLanguage":"no-NO","potentialAction":[{"@type":"ReadAction","target":["https:\/\/grontkontor.dk\/no\/shop\/klimavenlig-t-shirt-oekologisk-bomuld-unisex\/"]}]},{"@type":"BreadcrumbList","@id":"https:\/\/grontkontor.dk\/no\/shop\/klimavenlig-t-shirt-oekologisk-bomuld-unisex\/#breadcrumb","itemListElement":[{"@type":"ListItem","position":1,"name":"Forside","item":"https:\/\/grontkontor.dk\/"},{"@type":"ListItem","position":2,"name":"Butikk","item":"https:\/\/grontkontor.dk\/no\/butikk-2\/"},{"@type":"ListItem","position":3,"name":"Kl\u00e6r","item":"https:\/\/grontkontor.dk\/no\/produkt-kategori\/klaer\/"},{"@type":"ListItem","position":4,"name":"T-skjorter, gensere og poloskjorter","item":"https:\/\/grontkontor.dk\/no\/produkt-kategori\/klaer\/t-skjorter-gensere-og-poloskjorter\/"},{"@type":"ListItem","position":5,"name":"Klimavennlig t-skjorte \u00f8kologisk bomull unisex"}]},{"@type":"WebSite","@id":"https:\/\/grontkontor.dk\/#website","url":"https:\/\/grontkontor.dk\/","name":"Gr\u00f8nt Kontor","description":"Milj\u00f8venlige produkter til kontor og erhverv med fokus p\u00e5 b\u00e6redygtighed, design og fair trade.","publisher":{"@id":"https:\/\/grontkontor.dk\/#organization"},"potentialAction":[{"@type":"SearchAction","target":{"@type":"EntryPoint","urlTemplate":"https:\/\/grontkontor.dk\/?s={search_term_string}"},"query-input":"required name=search_term_string"}],"inLanguage":"no-NO"},{"@type":"Organization","@id":"https:\/\/grontkontor.dk\/#organization","name":"Gr\u00f8nt Kontor","url":"https:\/\/grontkontor.dk\/","logo":{"@type":"ImageObject","inLanguage":"no-NO","@id":"https:\/\/grontkontor.dk\/#\/schema\/logo\/image\/","url":"https:\/\/grontkontor.dk\/wp-content\/uploads\/2014\/02\/Logo_groent_kontor_300x80.png","contentUrl":"https:\/\/grontkontor.dk\/wp-content\/uploads\/2014\/02\/Logo_groent_kontor_300x80.png","width":300,"height":80,"caption":"Gr\u00f8nt Kontor"},"image":{"@id":"https:\/\/grontkontor.dk\/#\/schema\/logo\/image\/"},"sameAs":["https:\/\/www.facebook.com\/grontkontor.dk\/"]}]}},"_links":{"self":[{"href":"https:\/\/grontkontor.dk\/no\/wp-json\/wp\/v2\/product\/117295"}],"collection":[{"href":"https:\/\/grontkontor.dk\/no\/wp-json\/wp\/v2\/product"}],"about":[{"href":"https:\/\/grontkontor.dk\/no\/wp-json\/wp\/v2\/types\/product"}],"replies":[{"embeddable":true,"href":"https:\/\/grontkontor.dk\/no\/wp-json\/wp\/v2\/comments?post=117295"}],"wp:featuredmedia":[{"embeddable":true,"href":"https:\/\/grontkontor.dk\/no\/wp-json\/wp\/v2\/media\/82778"}],"wp:attachment":[{"href":"https:\/\/grontkontor.dk\/no\/wp-json\/wp\/v2\/media?parent=117295"}],"wp:term":[{"taxonomy":"product_cat","embeddable":true,"href":"https:\/\/grontkontor.dk\/no\/wp-json\/wp\/v2\/product_cat?post=117295"},{"taxonomy":"product_tag","embeddable":true,"href":"https:\/\/grontkontor.dk\/no\/wp-json\/wp\/v2\/product_tag?post=117295"}],"curies":[{"name":"wp","href":"https:\/\/api.w.org\/{rel}","templated":true}]}}