{"id":117610,"date":"2024-12-18T12:57:33","date_gmt":"2024-12-18T11:57:37","guid":{"rendered":"https:\/\/grontkontor.dk\/?post_type=product&#038;p=117610"},"modified":"2025-01-17T13:19:23","modified_gmt":"2025-01-17T12:19:23","slug":"notesbog-i-genanvendt-pap","status":"publish","type":"product","link":"https:\/\/grontkontor.dk\/no\/shop\/notesbog-i-genanvendt-pap\/","title":{"rendered":"Resirkulert pappnotatbok"},"content":{"rendered":"<p data-pm-slice=\"0 0 []\">Klimavennlig A5 innbundet notisblokk laget av 100 % resirkulert papir. Inneholder 120 ulinjerte sider, ogs\u00e5 laget av resirkulert papir. Tilgjengelig i fargene natur, gr\u00f8nn og svart.  <\/p>\n<p data-pm-slice=\"0 0 []\">Et klimavennlig produkt perfekt som utdeling\/gave til studentmesser, konferanser eller andre arrangementer.<\/p>\n<p>Kan leveres med logotrykk.<\/p>\n<p>[papir-recycled]<\/p>\n<p>&nbsp;<\/p>\n<img loading=\"lazy\" decoding=\"async\" src=\"https:\/\/grontkontor.dk\/wp-content\/uploads\/2021\/02\/genbrug.jpg\" alt=\"Fremstillet af genbrugsmaterialer\" width=\"50\" height=\"50\" class=\"size-full wp-image-23031\" srcset=\"https:\/\/grontkontor.dk\/wp-content\/uploads\/2021\/02\/genbrug.jpg 199w, https:\/\/grontkontor.dk\/wp-content\/uploads\/2021\/02\/genbrug-100x100.jpg 100w\" sizes=\"(max-width: 50px) 100vw, 50px\" \/>\n","protected":false},"excerpt":{"rendered":"<p>Klimavennlig A5 innbundet notisblokk laget av 100 % resirkulert papir. Inneholder 120 ulinjerte sider, ogs\u00e5 laget av resirkulert papir. Tilgjengelig i fargene natur, gr\u00f8nn og svart. Et klimavennlig produkt perfekt som utdeling\/gave til studentmesser, konferanser eller andre arrangementer. Kan leveres med logotrykk. [papir-recycled] &nbsp;<\/p>\n","protected":false},"featured_media":117635,"comment_status":"closed","ping_status":"closed","template":"","meta":{"_acf_changed":false},"product_cat":[3199,3735,2657,3610],"product_tag":[3736,3612],"class_list":{"0":"post-117610","1":"product","2":"type-product","3":"status-publish","4":"has-post-thumbnail","6":"product_cat-dummy-moq-1-no","7":"product_cat-memo-pads","8":"product_cat-nyheter","9":"product_cat-papir-og-pads","10":"product_tag-notisblokk","11":"product_tag-notisbok","12":"pa_farve-appelsin","13":"pa_farve-army-groenn","14":"pa_farve-assortert","15":"pa_farve-azure-no","16":"pa_farve-beige-no","17":"pa_farve-blande","18":"pa_farve-blek-rosa","19":"pa_farve-blaa-no-2","20":"pa_farve-blaa-no","21":"pa_farve-blaa-min-100-stk-no","22":"pa_farve-blaa-min-15-no","23":"pa_farve-blaa-min-15-stk-no","24":"pa_farve-blaa-gul-no","25":"pa_farve-blaa-groenn-gul","26":"pa_farve-blaatt-blekk","27":"pa_farve-bordeaux-no","28":"pa_farve-bringebaer-roed","29":"pa_farve-browne-no","30":"pa_farve-brun-no","31":"pa_farve-brun-no-2","32":"pa_farve-brun-no-3","33":"pa_farve-brun-med-svart-topp-og-bunn","34":"pa_farve-crimson-no","35":"pa_farve-dyp-groenn","36":"pa_farve-ed","37":"pa_farve-eik","38":"pa_farve-fersken-no","39":"pa_farve-fiolett","40":"pa_farve-flaske-groenn","41":"pa_farve-floete","42":"pa_farve-floete-no","43":"pa_farve-fuchsia-min-100-stk-no","44":"pa_farve-gjennomsiktig","45":"pa_farve-gjennomsiktig-no","46":"pa_farve-grafitt","47":"pa_farve-graa-no","48":"pa_farve-graa-no-2","49":"pa_farve-graa-min-100-stk-no","50":"pa_farve-groenn-no","51":"pa_farve-groenn","52":"pa_farve-gul-no-2","53":"pa_farve-gul-no","54":"pa_farve-gull","55":"pa_farve-havblaa","56":"pa_farve-hvit","57":"pa_farve-hvit-no","58":"pa_farve-hvit-pigmentert","59":"pa_farve-hvit-pigmentert-med-svart-topp-og-bunn","60":"pa_farve-hvitpigmentert-med-brun-topp-og-bunn","61":"pa_farve-kalk-no","62":"pa_farve-khaki-no","63":"pa_farve-knust-hvit","64":"pa_farve-koksgraa-no","65":"pa_farve-kongeblaa","66":"pa_farve-kongeblaa-no","67":"pa_farve-krenke","68":"pa_farve-lilla-no","69":"pa_farve-lime-groenn","70":"pa_farve-lyseblaa-no","71":"pa_farve-lysegraa","72":"pa_farve-lysegroenn","73":"pa_farve-magenta-no","74":"pa_farve-mange","75":"pa_farve-marine","76":"pa_farve-mynte","77":"pa_farve-moerkegraa-no","78":"pa_farve-moerk-graa-no","79":"pa_farve-moerk-roed","80":"pa_farve-moerkeblaa-no","81":"pa_farve-moerkegroenn","82":"pa_farve-natur-no","83":"pa_farve-natur-min-100-stk-no","84":"pa_farve-oliven-no","85":"pa_farve-parafin-groenn","86":"pa_farve-rosa","87":"pa_farve-roed-no","88":"pa_farve-roed-min-100-stk-no","89":"pa_farve-roed-min-15-no","90":"pa_farve-roed-min-15-blaa-min-15-no","91":"pa_farve-roed-min-15-stk-no","92":"pa_farve-roed-min-15-stk-blaa-min-15-stk-no","93":"pa_farve-roedbrun-no","94":"pa_farve-sennep-no","95":"pa_farve-sennep-gul","96":"pa_farve-struktur-no","97":"pa_farve-svart-no","98":"pa_farve-svart","99":"pa_farve-svart-min-100-stk","100":"pa_farve-svart-blekk","101":"pa_farve-svart-gull-og-soelv","102":"pa_farve-soelv-no","103":"pa_farve-soelv-no-3","104":"pa_farve-soelv-no-2","105":"pa_farve-tre","106":"pa_farve-turkis-no-2","107":"pa_farve-turkis-no","108":"pa_farve-valnoett","109":"pa_farve-vin-roed","110":"tm-has-options","112":"first","113":"instock","114":"taxable","115":"shipping-taxable","116":"purchasable","117":"product-type-variable","118":"has-default-attributes"},"acf":[],"yoast_head":"<!-- This site is optimized with the Yoast SEO Premium plugin v21.2 (Yoast SEO v21.2) - https:\/\/yoast.com\/wordpress\/plugins\/seo\/ -->\n<title>Resirkulert pappnotatbok - Gr\u00f8nt Kontor<\/title>\n<meta name=\"robots\" content=\"index, follow, max-snippet:-1, max-image-preview:large, max-video-preview:-1\" \/>\n<link rel=\"canonical\" href=\"https:\/\/grontkontor.dk\/no\/shop\/notesbog-i-genanvendt-pap\/\" \/>\n<meta property=\"og:locale\" content=\"en_US\" \/>\n<meta property=\"og:type\" content=\"article\" \/>\n<meta property=\"og:title\" content=\"Resirkulert pappnotatbok\" \/>\n<meta property=\"og:description\" content=\"Klimavennlig A5 innbundet notisblokk laget av 100 % resirkulert papir. Inneholder 120 ulinjerte sider, ogs\u00e5 laget av resirkulert papir. Tilgjengelig i fargene natur, gr\u00f8nn og svart. Et klimavennlig produkt perfekt som utdeling\/gave til studentmesser, konferanser eller andre arrangementer. Kan leveres med logotrykk. [papir-recycled] &nbsp;\" \/>\n<meta property=\"og:url\" content=\"https:\/\/grontkontor.dk\/no\/shop\/notesbog-i-genanvendt-pap\/\" \/>\n<meta property=\"og:site_name\" content=\"Gr\u00f8nt Kontor\" \/>\n<meta property=\"article:publisher\" content=\"https:\/\/www.facebook.com\/grontkontor.dk\/\" \/>\n<meta property=\"article:modified_time\" content=\"2025-01-17T12:19:23+00:00\" \/>\n<meta property=\"og:image\" content=\"https:\/\/grontkontor.dk\/wp-content\/uploads\/2024\/08\/Klimavenlig-notesbog-i-frugtpapir-collage.jpg\" \/>\n\t<meta property=\"og:image:width\" content=\"900\" \/>\n\t<meta property=\"og:image:height\" content=\"639\" \/>\n\t<meta property=\"og:image:type\" content=\"image\/jpeg\" \/>\n<meta name=\"twitter:card\" content=\"summary_large_image\" \/>\n<meta name=\"twitter:label1\" content=\"Est. reading time\" \/>\n\t<meta name=\"twitter:data1\" content=\"1 minute\" \/>\n<script type=\"application\/ld+json\" class=\"yoast-schema-graph\">{\"@context\":\"https:\/\/schema.org\",\"@graph\":[{\"@type\":\"WebPage\",\"@id\":\"https:\/\/grontkontor.dk\/no\/shop\/notesbog-i-genanvendt-pap\/\",\"url\":\"https:\/\/grontkontor.dk\/no\/shop\/notesbog-i-genanvendt-pap\/\",\"name\":\"Resirkulert pappnotatbok - Gr\u00f8nt Kontor\",\"isPartOf\":{\"@id\":\"https:\/\/grontkontor.dk\/#website\"},\"datePublished\":\"2024-12-18T11:57:37+00:00\",\"dateModified\":\"2025-01-17T12:19:23+00:00\",\"breadcrumb\":{\"@id\":\"https:\/\/grontkontor.dk\/no\/shop\/notesbog-i-genanvendt-pap\/#breadcrumb\"},\"inLanguage\":\"no-NO\",\"potentialAction\":[{\"@type\":\"ReadAction\",\"target\":[\"https:\/\/grontkontor.dk\/no\/shop\/notesbog-i-genanvendt-pap\/\"]}]},{\"@type\":\"BreadcrumbList\",\"@id\":\"https:\/\/grontkontor.dk\/no\/shop\/notesbog-i-genanvendt-pap\/#breadcrumb\",\"itemListElement\":[{\"@type\":\"ListItem\",\"position\":1,\"name\":\"Forside\",\"item\":\"https:\/\/grontkontor.dk\/\"},{\"@type\":\"ListItem\",\"position\":2,\"name\":\"Butikk\",\"item\":\"https:\/\/grontkontor.dk\/no\/butikk-2\/\"},{\"@type\":\"ListItem\",\"position\":3,\"name\":\"Papir og blokke\",\"item\":\"https:\/\/grontkontor.dk\/produkt-kategori\/papir\/\"},{\"@type\":\"ListItem\",\"position\":4,\"name\":\"Memoblokke\",\"item\":\"https:\/\/grontkontor.dk\/produkt-kategori\/papir\/memoblokke\/\"},{\"@type\":\"ListItem\",\"position\":5,\"name\":\"Resirkulert pappnotatbok\"}]},{\"@type\":\"WebSite\",\"@id\":\"https:\/\/grontkontor.dk\/#website\",\"url\":\"https:\/\/grontkontor.dk\/\",\"name\":\"Gr\u00f8nt Kontor\",\"description\":\"Milj\u00f8venlige produkter til kontor og erhverv med fokus p\u00e5 b\u00e6redygtighed, design og fair trade.\",\"publisher\":{\"@id\":\"https:\/\/grontkontor.dk\/#organization\"},\"potentialAction\":[{\"@type\":\"SearchAction\",\"target\":{\"@type\":\"EntryPoint\",\"urlTemplate\":\"https:\/\/grontkontor.dk\/?s={search_term_string}\"},\"query-input\":\"required name=search_term_string\"}],\"inLanguage\":\"no-NO\"},{\"@type\":\"Organization\",\"@id\":\"https:\/\/grontkontor.dk\/#organization\",\"name\":\"Gr\u00f8nt Kontor\",\"url\":\"https:\/\/grontkontor.dk\/\",\"logo\":{\"@type\":\"ImageObject\",\"inLanguage\":\"no-NO\",\"@id\":\"https:\/\/grontkontor.dk\/#\/schema\/logo\/image\/\",\"url\":\"https:\/\/grontkontor.dk\/wp-content\/uploads\/2014\/02\/Logo_groent_kontor_300x80.png\",\"contentUrl\":\"https:\/\/grontkontor.dk\/wp-content\/uploads\/2014\/02\/Logo_groent_kontor_300x80.png\",\"width\":300,\"height\":80,\"caption\":\"Gr\u00f8nt Kontor\"},\"image\":{\"@id\":\"https:\/\/grontkontor.dk\/#\/schema\/logo\/image\/\"},\"sameAs\":[\"https:\/\/www.facebook.com\/grontkontor.dk\/\"]}]}<\/script>\n<!-- \/ Yoast SEO Premium plugin. -->","yoast_head_json":{"title":"Resirkulert pappnotatbok - Gr\u00f8nt Kontor","robots":{"index":"index","follow":"follow","max-snippet":"max-snippet:-1","max-image-preview":"max-image-preview:large","max-video-preview":"max-video-preview:-1"},"canonical":"https:\/\/grontkontor.dk\/no\/shop\/notesbog-i-genanvendt-pap\/","og_locale":"en_US","og_type":"article","og_title":"Resirkulert pappnotatbok","og_description":"Klimavennlig A5 innbundet notisblokk laget av 100 % resirkulert papir. Inneholder 120 ulinjerte sider, ogs\u00e5 laget av resirkulert papir. Tilgjengelig i fargene natur, gr\u00f8nn og svart. Et klimavennlig produkt perfekt som utdeling\/gave til studentmesser, konferanser eller andre arrangementer. Kan leveres med logotrykk. [papir-recycled] &nbsp;","og_url":"https:\/\/grontkontor.dk\/no\/shop\/notesbog-i-genanvendt-pap\/","og_site_name":"Gr\u00f8nt Kontor","article_publisher":"https:\/\/www.facebook.com\/grontkontor.dk\/","article_modified_time":"2025-01-17T12:19:23+00:00","og_image":[{"width":900,"height":639,"url":"https:\/\/grontkontor.dk\/wp-content\/uploads\/2024\/08\/Klimavenlig-notesbog-i-frugtpapir-collage.jpg","type":"image\/jpeg"}],"twitter_card":"summary_large_image","twitter_misc":{"Est. reading time":"1 minute"},"schema":{"@context":"https:\/\/schema.org","@graph":[{"@type":"WebPage","@id":"https:\/\/grontkontor.dk\/no\/shop\/notesbog-i-genanvendt-pap\/","url":"https:\/\/grontkontor.dk\/no\/shop\/notesbog-i-genanvendt-pap\/","name":"Resirkulert pappnotatbok - Gr\u00f8nt Kontor","isPartOf":{"@id":"https:\/\/grontkontor.dk\/#website"},"datePublished":"2024-12-18T11:57:37+00:00","dateModified":"2025-01-17T12:19:23+00:00","breadcrumb":{"@id":"https:\/\/grontkontor.dk\/no\/shop\/notesbog-i-genanvendt-pap\/#breadcrumb"},"inLanguage":"no-NO","potentialAction":[{"@type":"ReadAction","target":["https:\/\/grontkontor.dk\/no\/shop\/notesbog-i-genanvendt-pap\/"]}]},{"@type":"BreadcrumbList","@id":"https:\/\/grontkontor.dk\/no\/shop\/notesbog-i-genanvendt-pap\/#breadcrumb","itemListElement":[{"@type":"ListItem","position":1,"name":"Forside","item":"https:\/\/grontkontor.dk\/"},{"@type":"ListItem","position":2,"name":"Butikk","item":"https:\/\/grontkontor.dk\/no\/butikk-2\/"},{"@type":"ListItem","position":3,"name":"Papir og blokke","item":"https:\/\/grontkontor.dk\/produkt-kategori\/papir\/"},{"@type":"ListItem","position":4,"name":"Memoblokke","item":"https:\/\/grontkontor.dk\/produkt-kategori\/papir\/memoblokke\/"},{"@type":"ListItem","position":5,"name":"Resirkulert pappnotatbok"}]},{"@type":"WebSite","@id":"https:\/\/grontkontor.dk\/#website","url":"https:\/\/grontkontor.dk\/","name":"Gr\u00f8nt Kontor","description":"Milj\u00f8venlige produkter til kontor og erhverv med fokus p\u00e5 b\u00e6redygtighed, design og fair trade.","publisher":{"@id":"https:\/\/grontkontor.dk\/#organization"},"potentialAction":[{"@type":"SearchAction","target":{"@type":"EntryPoint","urlTemplate":"https:\/\/grontkontor.dk\/?s={search_term_string}"},"query-input":"required name=search_term_string"}],"inLanguage":"no-NO"},{"@type":"Organization","@id":"https:\/\/grontkontor.dk\/#organization","name":"Gr\u00f8nt Kontor","url":"https:\/\/grontkontor.dk\/","logo":{"@type":"ImageObject","inLanguage":"no-NO","@id":"https:\/\/grontkontor.dk\/#\/schema\/logo\/image\/","url":"https:\/\/grontkontor.dk\/wp-content\/uploads\/2014\/02\/Logo_groent_kontor_300x80.png","contentUrl":"https:\/\/grontkontor.dk\/wp-content\/uploads\/2014\/02\/Logo_groent_kontor_300x80.png","width":300,"height":80,"caption":"Gr\u00f8nt Kontor"},"image":{"@id":"https:\/\/grontkontor.dk\/#\/schema\/logo\/image\/"},"sameAs":["https:\/\/www.facebook.com\/grontkontor.dk\/"]}]}},"_links":{"self":[{"href":"https:\/\/grontkontor.dk\/no\/wp-json\/wp\/v2\/product\/117610"}],"collection":[{"href":"https:\/\/grontkontor.dk\/no\/wp-json\/wp\/v2\/product"}],"about":[{"href":"https:\/\/grontkontor.dk\/no\/wp-json\/wp\/v2\/types\/product"}],"replies":[{"embeddable":true,"href":"https:\/\/grontkontor.dk\/no\/wp-json\/wp\/v2\/comments?post=117610"}],"wp:featuredmedia":[{"embeddable":true,"href":"https:\/\/grontkontor.dk\/no\/wp-json\/wp\/v2\/media\/117635"}],"wp:attachment":[{"href":"https:\/\/grontkontor.dk\/no\/wp-json\/wp\/v2\/media?parent=117610"}],"wp:term":[{"taxonomy":"product_cat","embeddable":true,"href":"https:\/\/grontkontor.dk\/no\/wp-json\/wp\/v2\/product_cat?post=117610"},{"taxonomy":"product_tag","embeddable":true,"href":"https:\/\/grontkontor.dk\/no\/wp-json\/wp\/v2\/product_tag?post=117610"}],"curies":[{"name":"wp","href":"https:\/\/api.w.org\/{rel}","templated":true}]}}