{"id":117805,"date":"2025-01-07T10:22:21","date_gmt":"2025-01-07T09:22:29","guid":{"rendered":"https:\/\/grontkontor.dk\/?post_type=product&#038;p=117805"},"modified":"2025-09-19T20:22:14","modified_gmt":"2025-09-19T18:22:14","slug":"mulepose-genanvendt-plast-70-gsm-m-u-tryk","status":"publish","type":"product","link":"https:\/\/grontkontor.dk\/no\/shop\/mulepose-genanvendt-plast-70-gsm-m-u-tryk\/","title":{"rendered":"Mulepose resirkulert plast 70 g\/m\u00b2 uten trykk"},"content":{"rendered":"<p data-start=\"320\" data-end=\"761\">En handlepose skal v\u00e6re praktisk og helst ogs\u00e5 klimavennlig, og denne rimelige handleposen i rPET kombinerer funksjonalitet med omtanke for milj\u00f8et. Posen er b\u00e5de resirkulert og resirkulerbar, da den er laget av resirkulert PET, noe som gj\u00f8r den til et milj\u00f8vennlig alternativ til engangsb\u00e6reposer og plastposer. Den finnes i fargene svart, bl\u00e5, hvit og natur, og kan bestilles med eller uten trykk, slik at den kan tilpasses din bedrift eller ditt arrangement.  <\/p>\n<p data-start=\"763\" data-end=\"1073\">Med lange h\u00e5ndtak p\u00e5 68 cm er vesken enkel \u00e5 b\u00e6re over skulderen og kan holde opptil 5 kg, noe som gj\u00f8r den ideell som handlepose, b\u00e6repose eller som en budsjettvennlig gavepose. Den er perfekt som handlepose, til messer, arrangementer og firmagaver, der praktisk og klimavennlighet m\u00e5 g\u00e5 h\u00e5nd i h\u00e5nd. <\/p>\n<p data-start=\"1075\" data-end=\"1440\">Denne klimavennlige vesken er b\u00e5de slitesterk og funksjonell. Den kan brettes sammen og oppbevares i vesken, slik at den er klar til bruk, enten du trenger \u00e5 handle til hverdagen eller bruke dem som vesker til st\u00f8rre arrangementer. Fordi den er resirkulert og resirkulerbar, kan den brukes igjen og igjen, noe som reduserer avfall og st\u00f8tter milj\u00f8vennlige valg.  <\/p>\n<p data-start=\"1442\" data-end=\"1734\">Vesken kan ogs\u00e5 tilpasses med logotrykk p\u00e5 den ene eller begge sider, noe som gj\u00f8r den til en effektiv reklameartikkel eller firmagave. Den kombinerer et budsjettvennlig alternativ med et sterkt klimavennlig signal som viser omtanke for milj\u00f8et samtidig som det oppfyller praktiske behov. <\/p>\n<p data-start=\"1736\" data-end=\"2020\">Med denne klimavennlige handleposen i rPET f\u00e5r du en b\u00e6repose som er funksjonell, slitesterk og milj\u00f8vennlig. Den fungerer perfekt som handlepose, gavepose, handout eller som en praktisk l\u00f8sning for arrangementer og messer, og den sender et tydelig signal om ansvar og omtanke for milj\u00f8et. <\/p>\n<p>[rpet]<\/p>\n<p>&nbsp;<\/p>\n<img loading=\"lazy\" decoding=\"async\" src=\"https:\/\/grontkontor.dk\/wp-content\/uploads\/2021\/02\/genbrug.jpg\" alt=\"Fremstillet af genbrugsmaterialer\" width=\"50\" height=\"50\" class=\"size-full wp-image-23031\" srcset=\"https:\/\/grontkontor.dk\/wp-content\/uploads\/2021\/02\/genbrug.jpg 199w, https:\/\/grontkontor.dk\/wp-content\/uploads\/2021\/02\/genbrug-100x100.jpg 100w\" sizes=\"(max-width: 50px) 100vw, 50px\" \/>\n","protected":false},"excerpt":{"rendered":"<p>En handlepose skal v\u00e6re praktisk og helst ogs\u00e5 klimavennlig, og denne rimelige handleposen i rPET kombinerer funksjonalitet med omtanke for milj\u00f8et. Posen er b\u00e5de resirkulert og resirkulerbar, da den er laget av resirkulert PET, noe som gj\u00f8r den til et milj\u00f8vennlig alternativ til engangsb\u00e6reposer og plastposer. Den finnes i fargene svart, bl\u00e5, hvit og natur, [&hellip;]<\/p>\n","protected":false},"featured_media":117840,"comment_status":"closed","ping_status":"closed","template":"","meta":{"_acf_changed":false},"product_cat":[3210,3199,4395,3194,2657,3539],"product_tag":[3215,4016,4507,3217],"class_list":{"0":"post-117805","1":"product","2":"type-product","3":"status-publish","4":"has-post-thumbnail","6":"product_cat-stoffposer","7":"product_cat-dummy-moq-1-no","8":"product_cat-gaveposer-og-gaveesker","9":"product_cat-klimavennlige-firmagaver","10":"product_cat-nyheter","11":"product_cat-vesker-poser-og-deksler","12":"product_tag-baerepose-no","13":"product_tag-resirkulert","14":"product_tag-resirkulert-bomull-no","15":"product_tag-tote-bag-no","16":"tm-has-options","18":"first","19":"instock","20":"taxable","21":"shipping-taxable","22":"purchasable","23":"product-type-variable","24":"has-default-attributes"},"acf":[],"yoast_head":"<!-- This site is optimized with the Yoast SEO Premium plugin v21.2 (Yoast SEO v21.2) - https:\/\/yoast.com\/wordpress\/plugins\/seo\/ -->\n<title>Mulepose resirkulert plast 70 g\/m\u00b2 uten trykk - Gr\u00f8nt Kontor<\/title>\n<meta name=\"description\" content=\"Klimavennlig veske i rPET. Milj\u00f8vennlig handlepose med lange h\u00e5ndtak. Perfekt som gavepose, handlepose eller handout med eller uten trykk.\" \/>\n<meta name=\"robots\" content=\"index, follow, max-snippet:-1, max-image-preview:large, max-video-preview:-1\" \/>\n<link rel=\"canonical\" href=\"https:\/\/grontkontor.dk\/no\/shop\/mulepose-genanvendt-plast-70-gsm-m-u-tryk\/\" \/>\n<meta property=\"og:locale\" content=\"en_US\" \/>\n<meta property=\"og:type\" content=\"article\" \/>\n<meta property=\"og:title\" content=\"Mulepose resirkulert plast 70 g\/m\u00b2 uten trykk\" \/>\n<meta property=\"og:description\" content=\"Klimavennlig veske i rPET. Milj\u00f8vennlig handlepose med lange h\u00e5ndtak. Perfekt som gavepose, handlepose eller handout med eller uten trykk.\" \/>\n<meta property=\"og:url\" content=\"https:\/\/grontkontor.dk\/no\/shop\/mulepose-genanvendt-plast-70-gsm-m-u-tryk\/\" \/>\n<meta property=\"og:site_name\" content=\"Gr\u00f8nt Kontor\" \/>\n<meta property=\"article:publisher\" content=\"https:\/\/www.facebook.com\/grontkontor.dk\/\" \/>\n<meta property=\"article:modified_time\" content=\"2025-09-19T18:22:14+00:00\" \/>\n<meta property=\"og:image\" content=\"https:\/\/grontkontor.dk\/wp-content\/uploads\/2023\/09\/recycled-mulepose-bomuld-120-gsm-1.jpg\" \/>\n\t<meta property=\"og:image:width\" content=\"900\" \/>\n\t<meta property=\"og:image:height\" content=\"639\" \/>\n\t<meta property=\"og:image:type\" content=\"image\/jpeg\" \/>\n<meta name=\"twitter:card\" content=\"summary_large_image\" \/>\n<meta name=\"twitter:label1\" content=\"Est. reading time\" \/>\n\t<meta name=\"twitter:data1\" content=\"1 minute\" \/>\n<script type=\"application\/ld+json\" class=\"yoast-schema-graph\">{\"@context\":\"https:\/\/schema.org\",\"@graph\":[{\"@type\":\"WebPage\",\"@id\":\"https:\/\/grontkontor.dk\/no\/shop\/mulepose-genanvendt-plast-70-gsm-m-u-tryk\/\",\"url\":\"https:\/\/grontkontor.dk\/no\/shop\/mulepose-genanvendt-plast-70-gsm-m-u-tryk\/\",\"name\":\"Mulepose resirkulert plast 70 g\/m\u00b2 uten trykk - Gr\u00f8nt Kontor\",\"isPartOf\":{\"@id\":\"https:\/\/grontkontor.dk\/#website\"},\"datePublished\":\"2025-01-07T09:22:29+00:00\",\"dateModified\":\"2025-09-19T18:22:14+00:00\",\"description\":\"Klimavennlig veske i rPET. Milj\u00f8vennlig handlepose med lange h\u00e5ndtak. Perfekt som gavepose, handlepose eller handout med eller uten trykk.\",\"breadcrumb\":{\"@id\":\"https:\/\/grontkontor.dk\/no\/shop\/mulepose-genanvendt-plast-70-gsm-m-u-tryk\/#breadcrumb\"},\"inLanguage\":\"no-NO\",\"potentialAction\":[{\"@type\":\"ReadAction\",\"target\":[\"https:\/\/grontkontor.dk\/no\/shop\/mulepose-genanvendt-plast-70-gsm-m-u-tryk\/\"]}]},{\"@type\":\"BreadcrumbList\",\"@id\":\"https:\/\/grontkontor.dk\/no\/shop\/mulepose-genanvendt-plast-70-gsm-m-u-tryk\/#breadcrumb\",\"itemListElement\":[{\"@type\":\"ListItem\",\"position\":1,\"name\":\"Forside\",\"item\":\"https:\/\/grontkontor.dk\/\"},{\"@type\":\"ListItem\",\"position\":2,\"name\":\"Butikk\",\"item\":\"https:\/\/grontkontor.dk\/no\/butikk-2\/\"},{\"@type\":\"ListItem\",\"position\":3,\"name\":\"Dummy MOQ 1\",\"item\":\"https:\/\/grontkontor.dk\/produkt-kategori\/dummy-moq-1\/\"},{\"@type\":\"ListItem\",\"position\":4,\"name\":\"Mulepose resirkulert plast 70 g\/m\u00b2 uten trykk\"}]},{\"@type\":\"WebSite\",\"@id\":\"https:\/\/grontkontor.dk\/#website\",\"url\":\"https:\/\/grontkontor.dk\/\",\"name\":\"Gr\u00f8nt Kontor\",\"description\":\"Milj\u00f8venlige produkter til kontor og erhverv med fokus p\u00e5 b\u00e6redygtighed, design og fair trade.\",\"publisher\":{\"@id\":\"https:\/\/grontkontor.dk\/#organization\"},\"potentialAction\":[{\"@type\":\"SearchAction\",\"target\":{\"@type\":\"EntryPoint\",\"urlTemplate\":\"https:\/\/grontkontor.dk\/?s={search_term_string}\"},\"query-input\":\"required name=search_term_string\"}],\"inLanguage\":\"no-NO\"},{\"@type\":\"Organization\",\"@id\":\"https:\/\/grontkontor.dk\/#organization\",\"name\":\"Gr\u00f8nt Kontor\",\"url\":\"https:\/\/grontkontor.dk\/\",\"logo\":{\"@type\":\"ImageObject\",\"inLanguage\":\"no-NO\",\"@id\":\"https:\/\/grontkontor.dk\/#\/schema\/logo\/image\/\",\"url\":\"https:\/\/grontkontor.dk\/wp-content\/uploads\/2014\/02\/Logo_groent_kontor_300x80.png\",\"contentUrl\":\"https:\/\/grontkontor.dk\/wp-content\/uploads\/2014\/02\/Logo_groent_kontor_300x80.png\",\"width\":300,\"height\":80,\"caption\":\"Gr\u00f8nt Kontor\"},\"image\":{\"@id\":\"https:\/\/grontkontor.dk\/#\/schema\/logo\/image\/\"},\"sameAs\":[\"https:\/\/www.facebook.com\/grontkontor.dk\/\"]}]}<\/script>\n<!-- \/ Yoast SEO Premium plugin. -->","yoast_head_json":{"title":"Mulepose resirkulert plast 70 g\/m\u00b2 uten trykk - Gr\u00f8nt Kontor","description":"Klimavennlig veske i rPET. Milj\u00f8vennlig handlepose med lange h\u00e5ndtak. Perfekt som gavepose, handlepose eller handout med eller uten trykk.","robots":{"index":"index","follow":"follow","max-snippet":"max-snippet:-1","max-image-preview":"max-image-preview:large","max-video-preview":"max-video-preview:-1"},"canonical":"https:\/\/grontkontor.dk\/no\/shop\/mulepose-genanvendt-plast-70-gsm-m-u-tryk\/","og_locale":"en_US","og_type":"article","og_title":"Mulepose resirkulert plast 70 g\/m\u00b2 uten trykk","og_description":"Klimavennlig veske i rPET. Milj\u00f8vennlig handlepose med lange h\u00e5ndtak. Perfekt som gavepose, handlepose eller handout med eller uten trykk.","og_url":"https:\/\/grontkontor.dk\/no\/shop\/mulepose-genanvendt-plast-70-gsm-m-u-tryk\/","og_site_name":"Gr\u00f8nt Kontor","article_publisher":"https:\/\/www.facebook.com\/grontkontor.dk\/","article_modified_time":"2025-09-19T18:22:14+00:00","og_image":[{"width":900,"height":639,"url":"https:\/\/grontkontor.dk\/wp-content\/uploads\/2023\/09\/recycled-mulepose-bomuld-120-gsm-1.jpg","type":"image\/jpeg"}],"twitter_card":"summary_large_image","twitter_misc":{"Est. reading time":"1 minute"},"schema":{"@context":"https:\/\/schema.org","@graph":[{"@type":"WebPage","@id":"https:\/\/grontkontor.dk\/no\/shop\/mulepose-genanvendt-plast-70-gsm-m-u-tryk\/","url":"https:\/\/grontkontor.dk\/no\/shop\/mulepose-genanvendt-plast-70-gsm-m-u-tryk\/","name":"Mulepose resirkulert plast 70 g\/m\u00b2 uten trykk - Gr\u00f8nt Kontor","isPartOf":{"@id":"https:\/\/grontkontor.dk\/#website"},"datePublished":"2025-01-07T09:22:29+00:00","dateModified":"2025-09-19T18:22:14+00:00","description":"Klimavennlig veske i rPET. Milj\u00f8vennlig handlepose med lange h\u00e5ndtak. Perfekt som gavepose, handlepose eller handout med eller uten trykk.","breadcrumb":{"@id":"https:\/\/grontkontor.dk\/no\/shop\/mulepose-genanvendt-plast-70-gsm-m-u-tryk\/#breadcrumb"},"inLanguage":"no-NO","potentialAction":[{"@type":"ReadAction","target":["https:\/\/grontkontor.dk\/no\/shop\/mulepose-genanvendt-plast-70-gsm-m-u-tryk\/"]}]},{"@type":"BreadcrumbList","@id":"https:\/\/grontkontor.dk\/no\/shop\/mulepose-genanvendt-plast-70-gsm-m-u-tryk\/#breadcrumb","itemListElement":[{"@type":"ListItem","position":1,"name":"Forside","item":"https:\/\/grontkontor.dk\/"},{"@type":"ListItem","position":2,"name":"Butikk","item":"https:\/\/grontkontor.dk\/no\/butikk-2\/"},{"@type":"ListItem","position":3,"name":"Dummy MOQ 1","item":"https:\/\/grontkontor.dk\/produkt-kategori\/dummy-moq-1\/"},{"@type":"ListItem","position":4,"name":"Mulepose resirkulert plast 70 g\/m\u00b2 uten trykk"}]},{"@type":"WebSite","@id":"https:\/\/grontkontor.dk\/#website","url":"https:\/\/grontkontor.dk\/","name":"Gr\u00f8nt Kontor","description":"Milj\u00f8venlige produkter til kontor og erhverv med fokus p\u00e5 b\u00e6redygtighed, design og fair trade.","publisher":{"@id":"https:\/\/grontkontor.dk\/#organization"},"potentialAction":[{"@type":"SearchAction","target":{"@type":"EntryPoint","urlTemplate":"https:\/\/grontkontor.dk\/?s={search_term_string}"},"query-input":"required name=search_term_string"}],"inLanguage":"no-NO"},{"@type":"Organization","@id":"https:\/\/grontkontor.dk\/#organization","name":"Gr\u00f8nt Kontor","url":"https:\/\/grontkontor.dk\/","logo":{"@type":"ImageObject","inLanguage":"no-NO","@id":"https:\/\/grontkontor.dk\/#\/schema\/logo\/image\/","url":"https:\/\/grontkontor.dk\/wp-content\/uploads\/2014\/02\/Logo_groent_kontor_300x80.png","contentUrl":"https:\/\/grontkontor.dk\/wp-content\/uploads\/2014\/02\/Logo_groent_kontor_300x80.png","width":300,"height":80,"caption":"Gr\u00f8nt Kontor"},"image":{"@id":"https:\/\/grontkontor.dk\/#\/schema\/logo\/image\/"},"sameAs":["https:\/\/www.facebook.com\/grontkontor.dk\/"]}]}},"_links":{"self":[{"href":"https:\/\/grontkontor.dk\/no\/wp-json\/wp\/v2\/product\/117805"}],"collection":[{"href":"https:\/\/grontkontor.dk\/no\/wp-json\/wp\/v2\/product"}],"about":[{"href":"https:\/\/grontkontor.dk\/no\/wp-json\/wp\/v2\/types\/product"}],"replies":[{"embeddable":true,"href":"https:\/\/grontkontor.dk\/no\/wp-json\/wp\/v2\/comments?post=117805"}],"wp:featuredmedia":[{"embeddable":true,"href":"https:\/\/grontkontor.dk\/no\/wp-json\/wp\/v2\/media\/117840"}],"wp:attachment":[{"href":"https:\/\/grontkontor.dk\/no\/wp-json\/wp\/v2\/media?parent=117805"}],"wp:term":[{"taxonomy":"product_cat","embeddable":true,"href":"https:\/\/grontkontor.dk\/no\/wp-json\/wp\/v2\/product_cat?post=117805"},{"taxonomy":"product_tag","embeddable":true,"href":"https:\/\/grontkontor.dk\/no\/wp-json\/wp\/v2\/product_tag?post=117805"}],"curies":[{"name":"wp","href":"https:\/\/api.w.org\/{rel}","templated":true}]}}