{"id":117963,"date":"2025-01-09T09:41:42","date_gmt":"2025-01-09T08:41:45","guid":{"rendered":"https:\/\/grontkontor.dk\/?post_type=product&#038;p=117963"},"modified":"2025-01-17T13:19:59","modified_gmt":"2025-01-17T12:19:59","slug":"kuglepen-recycled-aluminium","status":"publish","type":"product","link":"https:\/\/grontkontor.dk\/no\/shop\/kuglepen-recycled-aluminium\/","title":{"rendered":"Kulepenn resirkulert aluminium"},"content":{"rendered":"<p>Milj\u00f8vennlig kulepenn i resirkulert aluminium. Tilgjengelig i bl\u00e5tt, svart, hvitt, r\u00f8dt, oransje, gr\u00f8nt, m\u00f8rkebl\u00e5tt og klassisk st\u00e5l. Et robust og rimelig produkt som fremmer sirkul\u00e6r tenkning. <\/p>\n<p>Resirkulert aluminium er et materiale som kan resirkuleres nesten uendelig uten \u00e5 miste sine opprinnelige egenskaper. Resirkulert aluminium forbruker mindre energi og f\u00e6rre skadelige stoffer i produksjonsprosessen sammenlignet med tradisjonell aluminium.<\/p>\n<p>[grs_s]<\/p>\n<p>&nbsp;<\/p>\n<p><img loading=\"lazy\" decoding=\"async\" src=\"https:\/\/grontkontor.dk\/wp-content\/uploads\/2021\/02\/genbrug.jpg\" alt=\"Fremstillet af genbrugsmaterialer\" width=\"50\" height=\"50\" class=\"size-full wp-image-23031\" srcset=\"https:\/\/grontkontor.dk\/wp-content\/uploads\/2021\/02\/genbrug.jpg 199w, https:\/\/grontkontor.dk\/wp-content\/uploads\/2021\/02\/genbrug-100x100.jpg 100w\" sizes=\"(max-width: 50px) 100vw, 50px\" \/> <span style=\"font-family: Arial, sans-serif;\"><span style=\"font-size: medium;\"><a href=\"https:\/\/textileexchange.org\/standards\/recycled-claim-standard-global-recycled-standard\/\"><img loading=\"lazy\" decoding=\"async\" src=\"https:\/\/grontkontor.dk\/wp-content\/uploads\/2021\/06\/global-recycled-standard-1.jpg\" alt=\"Global recycled standard\" width=\"50\" height=\"50\" class=\"size-full wp-image-25504\" \/> <\/a><\/span><\/span><\/p>\n","protected":false},"excerpt":{"rendered":"<p>Milj\u00f8vennlig kulepenn i resirkulert aluminium. Tilgjengelig i bl\u00e5tt, svart, hvitt, r\u00f8dt, oransje, gr\u00f8nt, m\u00f8rkebl\u00e5tt og klassisk st\u00e5l. Et robust og rimelig produkt som fremmer sirkul\u00e6r tenkning. Resirkulert aluminium er et materiale som kan resirkuleres nesten uendelig uten \u00e5 miste sine opprinnelige egenskaper. Resirkulert aluminium forbruker mindre energi og f\u00e6rre skadelige stoffer i produksjonsprosessen sammenlignet med [&hellip;]<\/p>\n","protected":false},"featured_media":118018,"comment_status":"closed","ping_status":"closed","template":"","meta":{"_acf_changed":false},"product_cat":[3199,2657,3300,4394,3299,3309],"product_tag":[3302,3310],"class_list":{"0":"post-117963","1":"product","2":"type-product","3":"status-publish","4":"has-post-thumbnail","6":"product_cat-dummy-moq-1-no","7":"product_cat-nyheter","8":"product_cat-penner","9":"product_cat-penner-og-blyanter","10":"product_cat-skrive-og-pekeutstyr","11":"product_cat-trykte-penner","12":"product_tag-kulepenn","13":"product_tag-penn","14":"pa_farve-appelsin","15":"pa_farve-blaa-no","16":"pa_farve-groenn","17":"pa_farve-hvit","18":"pa_farve-moerkeblaa-no","19":"pa_farve-roed-no","20":"pa_farve-svart","21":"pa_farve-soelv-no","22":"tm-has-options","24":"first","25":"instock","26":"taxable","27":"shipping-taxable","28":"purchasable","29":"product-type-variable","30":"has-default-attributes"},"acf":[],"yoast_head":"<!-- This site is optimized with the Yoast SEO Premium plugin v21.2 (Yoast SEO v21.2) - https:\/\/yoast.com\/wordpress\/plugins\/seo\/ -->\n<title>Kulepenn resirkulert aluminium - Gr\u00f8nt Kontor<\/title>\n<meta name=\"robots\" content=\"index, follow, max-snippet:-1, max-image-preview:large, max-video-preview:-1\" \/>\n<link rel=\"canonical\" href=\"https:\/\/grontkontor.dk\/no\/shop\/kuglepen-recycled-aluminium\/\" \/>\n<meta property=\"og:locale\" content=\"en_US\" \/>\n<meta property=\"og:type\" content=\"article\" \/>\n<meta property=\"og:title\" content=\"Kulepenn resirkulert aluminium\" \/>\n<meta property=\"og:description\" content=\"Milj\u00f8vennlig kulepenn i resirkulert aluminium. Tilgjengelig i bl\u00e5tt, svart, hvitt, r\u00f8dt, oransje, gr\u00f8nt, m\u00f8rkebl\u00e5tt og klassisk st\u00e5l. Et robust og rimelig produkt som fremmer sirkul\u00e6r tenkning. Resirkulert aluminium er et materiale som kan resirkuleres nesten uendelig uten \u00e5 miste sine opprinnelige egenskaper. Resirkulert aluminium forbruker mindre energi og f\u00e6rre skadelige stoffer i produksjonsprosessen sammenlignet med [&hellip;]\" \/>\n<meta property=\"og:url\" content=\"https:\/\/grontkontor.dk\/no\/shop\/kuglepen-recycled-aluminium\/\" \/>\n<meta property=\"og:site_name\" content=\"Gr\u00f8nt Kontor\" \/>\n<meta property=\"article:publisher\" content=\"https:\/\/www.facebook.com\/grontkontor.dk\/\" \/>\n<meta property=\"article:modified_time\" content=\"2025-01-17T12:19:59+00:00\" \/>\n<meta property=\"og:image\" content=\"https:\/\/grontkontor.dk\/wp-content\/uploads\/2025\/01\/Klimavenlig-kuglepen-i-genanvendt-aluminium-collage-1.jpg\" \/>\n\t<meta property=\"og:image:width\" content=\"900\" \/>\n\t<meta property=\"og:image:height\" content=\"639\" \/>\n\t<meta property=\"og:image:type\" content=\"image\/jpeg\" \/>\n<meta name=\"twitter:card\" content=\"summary_large_image\" \/>\n<script type=\"application\/ld+json\" class=\"yoast-schema-graph\">{\"@context\":\"https:\/\/schema.org\",\"@graph\":[{\"@type\":\"WebPage\",\"@id\":\"https:\/\/grontkontor.dk\/no\/shop\/kuglepen-recycled-aluminium\/\",\"url\":\"https:\/\/grontkontor.dk\/no\/shop\/kuglepen-recycled-aluminium\/\",\"name\":\"Kulepenn resirkulert aluminium - Gr\u00f8nt Kontor\",\"isPartOf\":{\"@id\":\"https:\/\/grontkontor.dk\/#website\"},\"datePublished\":\"2025-01-09T08:41:45+00:00\",\"dateModified\":\"2025-01-17T12:19:59+00:00\",\"breadcrumb\":{\"@id\":\"https:\/\/grontkontor.dk\/no\/shop\/kuglepen-recycled-aluminium\/#breadcrumb\"},\"inLanguage\":\"no-NO\",\"potentialAction\":[{\"@type\":\"ReadAction\",\"target\":[\"https:\/\/grontkontor.dk\/no\/shop\/kuglepen-recycled-aluminium\/\"]}]},{\"@type\":\"BreadcrumbList\",\"@id\":\"https:\/\/grontkontor.dk\/no\/shop\/kuglepen-recycled-aluminium\/#breadcrumb\",\"itemListElement\":[{\"@type\":\"ListItem\",\"position\":1,\"name\":\"Forside\",\"item\":\"https:\/\/grontkontor.dk\/\"},{\"@type\":\"ListItem\",\"position\":2,\"name\":\"Butikk\",\"item\":\"https:\/\/grontkontor.dk\/no\/butikk-2\/\"},{\"@type\":\"ListItem\",\"position\":3,\"name\":\"Skrive- og pegeudstyr\",\"item\":\"https:\/\/grontkontor.dk\/produkt-kategori\/skrive-og-pegeudstyr\/\"},{\"@type\":\"ListItem\",\"position\":4,\"name\":\"Kuglepenne\",\"item\":\"https:\/\/grontkontor.dk\/produkt-kategori\/skrive-og-pegeudstyr\/kuglepenne\/\"},{\"@type\":\"ListItem\",\"position\":5,\"name\":\"Kulepenn resirkulert aluminium\"}]},{\"@type\":\"WebSite\",\"@id\":\"https:\/\/grontkontor.dk\/#website\",\"url\":\"https:\/\/grontkontor.dk\/\",\"name\":\"Gr\u00f8nt Kontor\",\"description\":\"Milj\u00f8venlige produkter til kontor og erhverv med fokus p\u00e5 b\u00e6redygtighed, design og fair trade.\",\"publisher\":{\"@id\":\"https:\/\/grontkontor.dk\/#organization\"},\"potentialAction\":[{\"@type\":\"SearchAction\",\"target\":{\"@type\":\"EntryPoint\",\"urlTemplate\":\"https:\/\/grontkontor.dk\/?s={search_term_string}\"},\"query-input\":\"required name=search_term_string\"}],\"inLanguage\":\"no-NO\"},{\"@type\":\"Organization\",\"@id\":\"https:\/\/grontkontor.dk\/#organization\",\"name\":\"Gr\u00f8nt Kontor\",\"url\":\"https:\/\/grontkontor.dk\/\",\"logo\":{\"@type\":\"ImageObject\",\"inLanguage\":\"no-NO\",\"@id\":\"https:\/\/grontkontor.dk\/#\/schema\/logo\/image\/\",\"url\":\"https:\/\/grontkontor.dk\/wp-content\/uploads\/2014\/02\/Logo_groent_kontor_300x80.png\",\"contentUrl\":\"https:\/\/grontkontor.dk\/wp-content\/uploads\/2014\/02\/Logo_groent_kontor_300x80.png\",\"width\":300,\"height\":80,\"caption\":\"Gr\u00f8nt Kontor\"},\"image\":{\"@id\":\"https:\/\/grontkontor.dk\/#\/schema\/logo\/image\/\"},\"sameAs\":[\"https:\/\/www.facebook.com\/grontkontor.dk\/\"]}]}<\/script>\n<!-- \/ Yoast SEO Premium plugin. -->","yoast_head_json":{"title":"Kulepenn resirkulert aluminium - Gr\u00f8nt Kontor","robots":{"index":"index","follow":"follow","max-snippet":"max-snippet:-1","max-image-preview":"max-image-preview:large","max-video-preview":"max-video-preview:-1"},"canonical":"https:\/\/grontkontor.dk\/no\/shop\/kuglepen-recycled-aluminium\/","og_locale":"en_US","og_type":"article","og_title":"Kulepenn resirkulert aluminium","og_description":"Milj\u00f8vennlig kulepenn i resirkulert aluminium. Tilgjengelig i bl\u00e5tt, svart, hvitt, r\u00f8dt, oransje, gr\u00f8nt, m\u00f8rkebl\u00e5tt og klassisk st\u00e5l. Et robust og rimelig produkt som fremmer sirkul\u00e6r tenkning. Resirkulert aluminium er et materiale som kan resirkuleres nesten uendelig uten \u00e5 miste sine opprinnelige egenskaper. Resirkulert aluminium forbruker mindre energi og f\u00e6rre skadelige stoffer i produksjonsprosessen sammenlignet med [&hellip;]","og_url":"https:\/\/grontkontor.dk\/no\/shop\/kuglepen-recycled-aluminium\/","og_site_name":"Gr\u00f8nt Kontor","article_publisher":"https:\/\/www.facebook.com\/grontkontor.dk\/","article_modified_time":"2025-01-17T12:19:59+00:00","og_image":[{"width":900,"height":639,"url":"https:\/\/grontkontor.dk\/wp-content\/uploads\/2025\/01\/Klimavenlig-kuglepen-i-genanvendt-aluminium-collage-1.jpg","type":"image\/jpeg"}],"twitter_card":"summary_large_image","schema":{"@context":"https:\/\/schema.org","@graph":[{"@type":"WebPage","@id":"https:\/\/grontkontor.dk\/no\/shop\/kuglepen-recycled-aluminium\/","url":"https:\/\/grontkontor.dk\/no\/shop\/kuglepen-recycled-aluminium\/","name":"Kulepenn resirkulert aluminium - Gr\u00f8nt Kontor","isPartOf":{"@id":"https:\/\/grontkontor.dk\/#website"},"datePublished":"2025-01-09T08:41:45+00:00","dateModified":"2025-01-17T12:19:59+00:00","breadcrumb":{"@id":"https:\/\/grontkontor.dk\/no\/shop\/kuglepen-recycled-aluminium\/#breadcrumb"},"inLanguage":"no-NO","potentialAction":[{"@type":"ReadAction","target":["https:\/\/grontkontor.dk\/no\/shop\/kuglepen-recycled-aluminium\/"]}]},{"@type":"BreadcrumbList","@id":"https:\/\/grontkontor.dk\/no\/shop\/kuglepen-recycled-aluminium\/#breadcrumb","itemListElement":[{"@type":"ListItem","position":1,"name":"Forside","item":"https:\/\/grontkontor.dk\/"},{"@type":"ListItem","position":2,"name":"Butikk","item":"https:\/\/grontkontor.dk\/no\/butikk-2\/"},{"@type":"ListItem","position":3,"name":"Skrive- og pegeudstyr","item":"https:\/\/grontkontor.dk\/produkt-kategori\/skrive-og-pegeudstyr\/"},{"@type":"ListItem","position":4,"name":"Kuglepenne","item":"https:\/\/grontkontor.dk\/produkt-kategori\/skrive-og-pegeudstyr\/kuglepenne\/"},{"@type":"ListItem","position":5,"name":"Kulepenn resirkulert aluminium"}]},{"@type":"WebSite","@id":"https:\/\/grontkontor.dk\/#website","url":"https:\/\/grontkontor.dk\/","name":"Gr\u00f8nt Kontor","description":"Milj\u00f8venlige produkter til kontor og erhverv med fokus p\u00e5 b\u00e6redygtighed, design og fair trade.","publisher":{"@id":"https:\/\/grontkontor.dk\/#organization"},"potentialAction":[{"@type":"SearchAction","target":{"@type":"EntryPoint","urlTemplate":"https:\/\/grontkontor.dk\/?s={search_term_string}"},"query-input":"required name=search_term_string"}],"inLanguage":"no-NO"},{"@type":"Organization","@id":"https:\/\/grontkontor.dk\/#organization","name":"Gr\u00f8nt Kontor","url":"https:\/\/grontkontor.dk\/","logo":{"@type":"ImageObject","inLanguage":"no-NO","@id":"https:\/\/grontkontor.dk\/#\/schema\/logo\/image\/","url":"https:\/\/grontkontor.dk\/wp-content\/uploads\/2014\/02\/Logo_groent_kontor_300x80.png","contentUrl":"https:\/\/grontkontor.dk\/wp-content\/uploads\/2014\/02\/Logo_groent_kontor_300x80.png","width":300,"height":80,"caption":"Gr\u00f8nt Kontor"},"image":{"@id":"https:\/\/grontkontor.dk\/#\/schema\/logo\/image\/"},"sameAs":["https:\/\/www.facebook.com\/grontkontor.dk\/"]}]}},"_links":{"self":[{"href":"https:\/\/grontkontor.dk\/no\/wp-json\/wp\/v2\/product\/117963"}],"collection":[{"href":"https:\/\/grontkontor.dk\/no\/wp-json\/wp\/v2\/product"}],"about":[{"href":"https:\/\/grontkontor.dk\/no\/wp-json\/wp\/v2\/types\/product"}],"replies":[{"embeddable":true,"href":"https:\/\/grontkontor.dk\/no\/wp-json\/wp\/v2\/comments?post=117963"}],"wp:featuredmedia":[{"embeddable":true,"href":"https:\/\/grontkontor.dk\/no\/wp-json\/wp\/v2\/media\/118018"}],"wp:attachment":[{"href":"https:\/\/grontkontor.dk\/no\/wp-json\/wp\/v2\/media?parent=117963"}],"wp:term":[{"taxonomy":"product_cat","embeddable":true,"href":"https:\/\/grontkontor.dk\/no\/wp-json\/wp\/v2\/product_cat?post=117963"},{"taxonomy":"product_tag","embeddable":true,"href":"https:\/\/grontkontor.dk\/no\/wp-json\/wp\/v2\/product_tag?post=117963"}],"curies":[{"name":"wp","href":"https:\/\/api.w.org\/{rel}","templated":true}]}}