{"id":118398,"date":"2025-01-15T13:06:29","date_gmt":"2025-01-15T12:06:36","guid":{"rendered":"https:\/\/grontkontor.dk\/?post_type=product&#038;p=118398"},"modified":"2025-01-17T13:20:19","modified_gmt":"2025-01-17T12:20:19","slug":"foldbar-kop-i-genanvendt-plast-220-ml-m-u-tryk","status":"publish","type":"product","link":"https:\/\/grontkontor.dk\/no\/shop\/foldbar-kop-i-genanvendt-plast-220-ml-m-u-tryk\/","title":{"rendered":"Sammenleggbar kopp i resirkulert plast 220 ml uten trykk"},"content":{"rendered":"<p>Klimavennlig sammenleggbar to-go-kopp laget av resirkulert PP med en kapasitet p\u00e5 220 ml. Som alle v\u00e5re andre kopper, BPA-fri og godkjent for matkontakt. En karabinkrok i st\u00e5l er inkludert. Et fint og billig produkt, perfekt for firmagaver eller utdelinger til messer og arrangementer. Tilgjengelig i bl\u00e5tt, svart, gr\u00e5tt og hvitt. <\/p>\n<p>[grs_s][rcs_s_100]<\/p>\n<p>&nbsp;<\/p>\n<p><img loading=\"lazy\" decoding=\"async\" src=\"https:\/\/grontkontor.dk\/wp-content\/uploads\/2021\/02\/genbrug.jpg\" alt=\"Fremstillet af genbrugsmaterialer\" width=\"50\" height=\"50\" class=\"size-full wp-image-23031\" srcset=\"https:\/\/grontkontor.dk\/wp-content\/uploads\/2021\/02\/genbrug.jpg 199w, https:\/\/grontkontor.dk\/wp-content\/uploads\/2021\/02\/genbrug-100x100.jpg 100w\" sizes=\"(max-width: 50px) 100vw, 50px\" \/><a href=\"https:\/\/www.scsglobalservices.com\/services\/recycled-claim-standard\"><img loading=\"lazy\" decoding=\"async\" src=\"https:\/\/grontkontor.dk\/wp-content\/uploads\/2023\/09\/recycled-claim-100-standard.png\" alt=\"\" width=\"50\" height=\"50\" class=\"alignnone size-full wp-image-24839\" \/><\/a> <a href=\"https:\/\/textileexchange.org\/standards\/recycled-claim-standard-global-recycled-standard\/\"><img loading=\"lazy\" decoding=\"async\" src=\"https:\/\/grontkontor.dk\/wp-content\/uploads\/2021\/06\/global-recycled-standard-1.jpg\" alt=\"Global recycled standard\" width=\"50\" height=\"50\" class=\"size-full wp-image-25504\" \/> <\/a><\/p>\n<p>&nbsp;<\/p>\n","protected":false},"excerpt":{"rendered":"<p>Klimavennlig sammenleggbar to-go-kopp laget av resirkulert PP med en kapasitet p\u00e5 220 ml. Som alle v\u00e5re andre kopper, BPA-fri og godkjent for matkontakt. En karabinkrok i st\u00e5l er inkludert. Et fint og billig produkt, perfekt for firmagaver eller utdelinger til messer og arrangementer. Tilgjengelig i bl\u00e5tt, svart, gr\u00e5tt og hvitt. [grs_s][rcs_s_100] &nbsp; &nbsp;<\/p>\n","protected":false},"featured_media":118504,"comment_status":"closed","ping_status":"closed","template":"","meta":{"_acf_changed":false},"product_cat":[3199,3312,3216,2657],"product_tag":[3314,3317],"class_list":{"0":"post-118398","1":"product","2":"type-product","3":"status-publish","4":"has-post-thumbnail","6":"product_cat-dummy-moq-1-no","7":"product_cat-krus-kopper-etc","8":"product_cat-mat-og-drikke","9":"product_cat-nyheter","10":"product_tag-krus-no","11":"product_tag-termisk-krus","12":"pa_farve-appelsin","13":"pa_farve-army-groenn","14":"pa_farve-assortert","15":"pa_farve-azure-no","16":"pa_farve-beige-no","17":"pa_farve-blande","18":"pa_farve-blaa-no","19":"pa_farve-blaa-no-2","20":"pa_farve-blaa-min-100-stk-no","21":"pa_farve-blaa-min-15-no","22":"pa_farve-blaa-min-15-stk-no","23":"pa_farve-blaa-gul-no","24":"pa_farve-blaa-groenn-gul","25":"pa_farve-blaatt-blekk","26":"pa_farve-bringebaer-roed","27":"pa_farve-browne-no","28":"pa_farve-brun-no-2","29":"pa_farve-brun-no-3","30":"pa_farve-brun-no","31":"pa_farve-brun-med-svart-topp-og-bunn","32":"pa_farve-crimson-no","33":"pa_farve-dyp-groenn","34":"pa_farve-ed","35":"pa_farve-eik","36":"pa_farve-fersken-no","37":"pa_farve-fiolett","38":"pa_farve-floete","39":"pa_farve-floete-no","40":"pa_farve-fuchsia-min-100-stk-no","41":"pa_farve-gjennomsiktig","42":"pa_farve-gjennomsiktig-no","43":"pa_farve-grafitt","44":"pa_farve-graa-no-2","45":"pa_farve-graa-no","46":"pa_farve-graa-min-100-stk-no","47":"pa_farve-groenn-no","48":"pa_farve-groenn","49":"pa_farve-gul-no","50":"pa_farve-gul-no-2","51":"pa_farve-gull","52":"pa_farve-havblaa","53":"pa_farve-hvit-no","54":"pa_farve-hvit","55":"pa_farve-hvit-pigmentert","56":"pa_farve-hvit-pigmentert-med-svart-topp-og-bunn","57":"pa_farve-hvitpigmentert-med-brun-topp-og-bunn","58":"pa_farve-kalk-no","59":"pa_farve-khaki-no","60":"pa_farve-kongeblaa-no","61":"pa_farve-kongeblaa","62":"pa_farve-krenke","63":"pa_farve-lilla-no","64":"pa_farve-lime-groenn","65":"pa_farve-lyseblaa-no","66":"pa_farve-lysegraa","67":"pa_farve-lysegroenn","68":"pa_farve-magenta-no","69":"pa_farve-mange","70":"pa_farve-marine","71":"pa_farve-mynte","72":"pa_farve-moerk-graa-no","73":"pa_farve-moerkegraa-no","74":"pa_farve-moerk-roed","75":"pa_farve-moerkeblaa-no","76":"pa_farve-moerkegroenn","77":"pa_farve-natur-no","78":"pa_farve-natur-min-100-stk-no","79":"pa_farve-oliven-no","80":"pa_farve-parafin-groenn","81":"pa_farve-rosa","82":"pa_farve-roed-no","83":"pa_farve-roed-min-100-stk-no","84":"pa_farve-roed-min-15-no","85":"pa_farve-roed-min-15-blaa-min-15-no","86":"pa_farve-roed-min-15-stk-no","87":"pa_farve-roed-min-15-stk-blaa-min-15-stk-no","88":"pa_farve-roedbrun-no","89":"pa_farve-sennep-no","90":"pa_farve-sennep-gul","91":"pa_farve-struktur-no","92":"pa_farve-svart-no","93":"pa_farve-svart","94":"pa_farve-svart-min-100-stk","95":"pa_farve-svart-blekk","96":"pa_farve-svart-gull-og-soelv","97":"pa_farve-soelv-no-2","98":"pa_farve-soelv-no","99":"pa_farve-soelv-no-3","100":"pa_farve-turkis-no","101":"pa_farve-turkis-no-2","102":"pa_farve-valnoett","103":"pa_farve-vin-roed","104":"tm-has-options","106":"first","107":"instock","108":"featured","109":"taxable","110":"shipping-taxable","111":"purchasable","112":"product-type-variable","113":"has-default-attributes"},"acf":[],"yoast_head":"<!-- This site is optimized with the Yoast SEO Premium plugin v21.2 (Yoast SEO v21.2) - https:\/\/yoast.com\/wordpress\/plugins\/seo\/ -->\n<title>Sammenleggbar kopp i resirkulert plast 220 ml uten trykk - Gr\u00f8nt Kontor<\/title>\n<meta name=\"robots\" content=\"index, follow, max-snippet:-1, max-image-preview:large, max-video-preview:-1\" \/>\n<link rel=\"canonical\" href=\"https:\/\/grontkontor.dk\/no\/shop\/foldbar-kop-i-genanvendt-plast-220-ml-m-u-tryk\/\" \/>\n<meta property=\"og:locale\" content=\"en_US\" \/>\n<meta property=\"og:type\" content=\"article\" \/>\n<meta property=\"og:title\" content=\"Sammenleggbar kopp i resirkulert plast 220 ml uten trykk\" \/>\n<meta property=\"og:description\" content=\"Klimavennlig sammenleggbar to-go-kopp laget av resirkulert PP med en kapasitet p\u00e5 220 ml. Som alle v\u00e5re andre kopper, BPA-fri og godkjent for matkontakt. En karabinkrok i st\u00e5l er inkludert. Et fint og billig produkt, perfekt for firmagaver eller utdelinger til messer og arrangementer. Tilgjengelig i bl\u00e5tt, svart, gr\u00e5tt og hvitt. [grs_s][rcs_s_100] &nbsp; &nbsp;\" \/>\n<meta property=\"og:url\" content=\"https:\/\/grontkontor.dk\/no\/shop\/foldbar-kop-i-genanvendt-plast-220-ml-m-u-tryk\/\" \/>\n<meta property=\"og:site_name\" content=\"Gr\u00f8nt Kontor\" \/>\n<meta property=\"article:publisher\" content=\"https:\/\/www.facebook.com\/grontkontor.dk\/\" \/>\n<meta property=\"article:modified_time\" content=\"2025-01-17T12:20:19+00:00\" \/>\n<meta property=\"og:image\" content=\"https:\/\/grontkontor.dk\/wp-content\/uploads\/2025\/01\/Foldbar-kop-i-genanvendt-plast-collage.jpg\" \/>\n\t<meta property=\"og:image:width\" content=\"900\" \/>\n\t<meta property=\"og:image:height\" content=\"639\" \/>\n\t<meta property=\"og:image:type\" content=\"image\/jpeg\" \/>\n<meta name=\"twitter:card\" content=\"summary_large_image\" \/>\n<script type=\"application\/ld+json\" class=\"yoast-schema-graph\">{\"@context\":\"https:\/\/schema.org\",\"@graph\":[{\"@type\":\"WebPage\",\"@id\":\"https:\/\/grontkontor.dk\/no\/shop\/foldbar-kop-i-genanvendt-plast-220-ml-m-u-tryk\/\",\"url\":\"https:\/\/grontkontor.dk\/no\/shop\/foldbar-kop-i-genanvendt-plast-220-ml-m-u-tryk\/\",\"name\":\"Sammenleggbar kopp i resirkulert plast 220 ml uten trykk - Gr\u00f8nt Kontor\",\"isPartOf\":{\"@id\":\"https:\/\/grontkontor.dk\/#website\"},\"datePublished\":\"2025-01-15T12:06:36+00:00\",\"dateModified\":\"2025-01-17T12:20:19+00:00\",\"breadcrumb\":{\"@id\":\"https:\/\/grontkontor.dk\/no\/shop\/foldbar-kop-i-genanvendt-plast-220-ml-m-u-tryk\/#breadcrumb\"},\"inLanguage\":\"no-NO\",\"potentialAction\":[{\"@type\":\"ReadAction\",\"target\":[\"https:\/\/grontkontor.dk\/no\/shop\/foldbar-kop-i-genanvendt-plast-220-ml-m-u-tryk\/\"]}]},{\"@type\":\"BreadcrumbList\",\"@id\":\"https:\/\/grontkontor.dk\/no\/shop\/foldbar-kop-i-genanvendt-plast-220-ml-m-u-tryk\/#breadcrumb\",\"itemListElement\":[{\"@type\":\"ListItem\",\"position\":1,\"name\":\"Forside\",\"item\":\"https:\/\/grontkontor.dk\/\"},{\"@type\":\"ListItem\",\"position\":2,\"name\":\"Butikk\",\"item\":\"https:\/\/grontkontor.dk\/no\/butikk-2\/\"},{\"@type\":\"ListItem\",\"position\":3,\"name\":\"Mad og drikke\",\"item\":\"https:\/\/grontkontor.dk\/produkt-kategori\/mad-og-drikke\/\"},{\"@type\":\"ListItem\",\"position\":4,\"name\":\"Krus, kopper mm.\",\"item\":\"https:\/\/grontkontor.dk\/produkt-kategori\/mad-og-drikke\/to-go-krus-og-kopper\/\"},{\"@type\":\"ListItem\",\"position\":5,\"name\":\"Sammenleggbar kopp i resirkulert plast 220 ml uten trykk\"}]},{\"@type\":\"WebSite\",\"@id\":\"https:\/\/grontkontor.dk\/#website\",\"url\":\"https:\/\/grontkontor.dk\/\",\"name\":\"Gr\u00f8nt Kontor\",\"description\":\"Milj\u00f8venlige produkter til kontor og erhverv med fokus p\u00e5 b\u00e6redygtighed, design og fair trade.\",\"publisher\":{\"@id\":\"https:\/\/grontkontor.dk\/#organization\"},\"potentialAction\":[{\"@type\":\"SearchAction\",\"target\":{\"@type\":\"EntryPoint\",\"urlTemplate\":\"https:\/\/grontkontor.dk\/?s={search_term_string}\"},\"query-input\":\"required name=search_term_string\"}],\"inLanguage\":\"no-NO\"},{\"@type\":\"Organization\",\"@id\":\"https:\/\/grontkontor.dk\/#organization\",\"name\":\"Gr\u00f8nt Kontor\",\"url\":\"https:\/\/grontkontor.dk\/\",\"logo\":{\"@type\":\"ImageObject\",\"inLanguage\":\"no-NO\",\"@id\":\"https:\/\/grontkontor.dk\/#\/schema\/logo\/image\/\",\"url\":\"https:\/\/grontkontor.dk\/wp-content\/uploads\/2014\/02\/Logo_groent_kontor_300x80.png\",\"contentUrl\":\"https:\/\/grontkontor.dk\/wp-content\/uploads\/2014\/02\/Logo_groent_kontor_300x80.png\",\"width\":300,\"height\":80,\"caption\":\"Gr\u00f8nt Kontor\"},\"image\":{\"@id\":\"https:\/\/grontkontor.dk\/#\/schema\/logo\/image\/\"},\"sameAs\":[\"https:\/\/www.facebook.com\/grontkontor.dk\/\"]}]}<\/script>\n<!-- \/ Yoast SEO Premium plugin. -->","yoast_head_json":{"title":"Sammenleggbar kopp i resirkulert plast 220 ml uten trykk - Gr\u00f8nt Kontor","robots":{"index":"index","follow":"follow","max-snippet":"max-snippet:-1","max-image-preview":"max-image-preview:large","max-video-preview":"max-video-preview:-1"},"canonical":"https:\/\/grontkontor.dk\/no\/shop\/foldbar-kop-i-genanvendt-plast-220-ml-m-u-tryk\/","og_locale":"en_US","og_type":"article","og_title":"Sammenleggbar kopp i resirkulert plast 220 ml uten trykk","og_description":"Klimavennlig sammenleggbar to-go-kopp laget av resirkulert PP med en kapasitet p\u00e5 220 ml. Som alle v\u00e5re andre kopper, BPA-fri og godkjent for matkontakt. En karabinkrok i st\u00e5l er inkludert. Et fint og billig produkt, perfekt for firmagaver eller utdelinger til messer og arrangementer. Tilgjengelig i bl\u00e5tt, svart, gr\u00e5tt og hvitt. [grs_s][rcs_s_100] &nbsp; &nbsp;","og_url":"https:\/\/grontkontor.dk\/no\/shop\/foldbar-kop-i-genanvendt-plast-220-ml-m-u-tryk\/","og_site_name":"Gr\u00f8nt Kontor","article_publisher":"https:\/\/www.facebook.com\/grontkontor.dk\/","article_modified_time":"2025-01-17T12:20:19+00:00","og_image":[{"width":900,"height":639,"url":"https:\/\/grontkontor.dk\/wp-content\/uploads\/2025\/01\/Foldbar-kop-i-genanvendt-plast-collage.jpg","type":"image\/jpeg"}],"twitter_card":"summary_large_image","schema":{"@context":"https:\/\/schema.org","@graph":[{"@type":"WebPage","@id":"https:\/\/grontkontor.dk\/no\/shop\/foldbar-kop-i-genanvendt-plast-220-ml-m-u-tryk\/","url":"https:\/\/grontkontor.dk\/no\/shop\/foldbar-kop-i-genanvendt-plast-220-ml-m-u-tryk\/","name":"Sammenleggbar kopp i resirkulert plast 220 ml uten trykk - Gr\u00f8nt Kontor","isPartOf":{"@id":"https:\/\/grontkontor.dk\/#website"},"datePublished":"2025-01-15T12:06:36+00:00","dateModified":"2025-01-17T12:20:19+00:00","breadcrumb":{"@id":"https:\/\/grontkontor.dk\/no\/shop\/foldbar-kop-i-genanvendt-plast-220-ml-m-u-tryk\/#breadcrumb"},"inLanguage":"no-NO","potentialAction":[{"@type":"ReadAction","target":["https:\/\/grontkontor.dk\/no\/shop\/foldbar-kop-i-genanvendt-plast-220-ml-m-u-tryk\/"]}]},{"@type":"BreadcrumbList","@id":"https:\/\/grontkontor.dk\/no\/shop\/foldbar-kop-i-genanvendt-plast-220-ml-m-u-tryk\/#breadcrumb","itemListElement":[{"@type":"ListItem","position":1,"name":"Forside","item":"https:\/\/grontkontor.dk\/"},{"@type":"ListItem","position":2,"name":"Butikk","item":"https:\/\/grontkontor.dk\/no\/butikk-2\/"},{"@type":"ListItem","position":3,"name":"Mad og drikke","item":"https:\/\/grontkontor.dk\/produkt-kategori\/mad-og-drikke\/"},{"@type":"ListItem","position":4,"name":"Krus, kopper mm.","item":"https:\/\/grontkontor.dk\/produkt-kategori\/mad-og-drikke\/to-go-krus-og-kopper\/"},{"@type":"ListItem","position":5,"name":"Sammenleggbar kopp i resirkulert plast 220 ml uten trykk"}]},{"@type":"WebSite","@id":"https:\/\/grontkontor.dk\/#website","url":"https:\/\/grontkontor.dk\/","name":"Gr\u00f8nt Kontor","description":"Milj\u00f8venlige produkter til kontor og erhverv med fokus p\u00e5 b\u00e6redygtighed, design og fair trade.","publisher":{"@id":"https:\/\/grontkontor.dk\/#organization"},"potentialAction":[{"@type":"SearchAction","target":{"@type":"EntryPoint","urlTemplate":"https:\/\/grontkontor.dk\/?s={search_term_string}"},"query-input":"required name=search_term_string"}],"inLanguage":"no-NO"},{"@type":"Organization","@id":"https:\/\/grontkontor.dk\/#organization","name":"Gr\u00f8nt Kontor","url":"https:\/\/grontkontor.dk\/","logo":{"@type":"ImageObject","inLanguage":"no-NO","@id":"https:\/\/grontkontor.dk\/#\/schema\/logo\/image\/","url":"https:\/\/grontkontor.dk\/wp-content\/uploads\/2014\/02\/Logo_groent_kontor_300x80.png","contentUrl":"https:\/\/grontkontor.dk\/wp-content\/uploads\/2014\/02\/Logo_groent_kontor_300x80.png","width":300,"height":80,"caption":"Gr\u00f8nt Kontor"},"image":{"@id":"https:\/\/grontkontor.dk\/#\/schema\/logo\/image\/"},"sameAs":["https:\/\/www.facebook.com\/grontkontor.dk\/"]}]}},"_links":{"self":[{"href":"https:\/\/grontkontor.dk\/no\/wp-json\/wp\/v2\/product\/118398"}],"collection":[{"href":"https:\/\/grontkontor.dk\/no\/wp-json\/wp\/v2\/product"}],"about":[{"href":"https:\/\/grontkontor.dk\/no\/wp-json\/wp\/v2\/types\/product"}],"replies":[{"embeddable":true,"href":"https:\/\/grontkontor.dk\/no\/wp-json\/wp\/v2\/comments?post=118398"}],"wp:featuredmedia":[{"embeddable":true,"href":"https:\/\/grontkontor.dk\/no\/wp-json\/wp\/v2\/media\/118504"}],"wp:attachment":[{"href":"https:\/\/grontkontor.dk\/no\/wp-json\/wp\/v2\/media?parent=118398"}],"wp:term":[{"taxonomy":"product_cat","embeddable":true,"href":"https:\/\/grontkontor.dk\/no\/wp-json\/wp\/v2\/product_cat?post=118398"},{"taxonomy":"product_tag","embeddable":true,"href":"https:\/\/grontkontor.dk\/no\/wp-json\/wp\/v2\/product_tag?post=118398"}],"curies":[{"name":"wp","href":"https:\/\/api.w.org\/{rel}","templated":true}]}}