{"id":118781,"date":"2023-09-22T13:55:07","date_gmt":"2025-01-17T12:18:57","guid":{"rendered":"https:\/\/grontkontor.dk\/shop\/miljoevenlige-espressokopper-i-glas\/"},"modified":"2025-01-17T13:18:57","modified_gmt":"2025-01-17T12:18:57","slug":"miljoevenlige-espressokopper-i-glas","status":"publish","type":"product","link":"https:\/\/grontkontor.dk\/no\/shop\/miljoevenlige-espressokopper-i-glas\/","title":{"rendered":"Milj\u00f8vennlige espressokopper i glass"},"content":{"rendered":"<p>Nydelig sett med to termo-espressokopper laget av h\u00f8ykvalitets glass med bambusbrett. Leveres i sett med 2 stk. En superfin ansattgave. Koppene er egnet for oppvaskmaskin og mikrob\u00f8lgeovn, bambusbrettene anbefaler vi \u00e5 vaske opp for h\u00e5nd.<br \/>\nDen termiske koppen er  <\/p>\n<p> [food-c]<\/p>\n<p>Innhold: 90ml.<\/p>\n<p>&nbsp;<\/p>\n<p>[glas] [bambus_s]<\/p>\n<p>[amfori_s]<\/p>\n<p>&nbsp;<\/p>\n<p>[bd1] <a href=\"https:\/\/en.wikipedia.org\/wiki\/Blue_Angel_(certification)\" rel=\"noopener\" target=\"_blank\"><img loading=\"lazy\" decoding=\"async\" class=\"size-full wp-image-12701\" src=\"https:\/\/grontkontor.dk\/wp-content\/uploads\/2023\/09\/amfori-logo.jpg\" width=\"202\" height=\"62\" border=0 \/><\/a><\/p>\n<p>&nbsp;<\/p>\n","protected":false},"excerpt":{"rendered":"<p>Nydelig sett med to termo-espressokopper laget av h\u00f8ykvalitets glass med bambusbrett. Leveres i sett med 2 stk. En superfin ansattgave. Koppene er egnet for oppvaskmaskin og mikrob\u00f8lgeovn, bambusbrettene anbefaler vi \u00e5 vaske opp for h\u00e5nd. Den termiske koppen er [food-c] Innhold: 90ml. &nbsp; [glas] [bambus_s] [amfori_s] &nbsp; [bd1] &nbsp;<\/p>\n","protected":false},"featured_media":58452,"comment_status":"closed","ping_status":"closed","template":"","meta":{"_acf_changed":false},"product_cat":[3199,3194,3312,3216,2657],"product_tag":[3838,3314,4046,3867,3865],"class_list":{"0":"post-118781","1":"product","2":"type-product","3":"status-publish","4":"has-post-thumbnail","6":"product_cat-dummy-moq-1-no","7":"product_cat-klimavennlige-firmagaver","8":"product_cat-krus-kopper-etc","9":"product_cat-mat-og-drikke","10":"product_cat-nyheter","11":"product_tag-kaffekrus-no","12":"product_tag-krus-no","13":"product_tag-porselen-krus","14":"product_tag-te-krus","15":"product_tag-varm-drikke-no","16":"tm-has-options","18":"first","19":"instock","20":"sale","21":"taxable","22":"shipping-taxable","23":"purchasable","24":"product-type-simple"},"acf":[],"yoast_head":"<!-- This site is optimized with the Yoast SEO Premium plugin v21.2 (Yoast SEO v21.2) - https:\/\/yoast.com\/wordpress\/plugins\/seo\/ -->\n<title>Milj\u00f8vennlige espressokopper i glass - Gr\u00f8nt Kontor<\/title>\n<meta name=\"robots\" content=\"index, follow, max-snippet:-1, max-image-preview:large, max-video-preview:-1\" \/>\n<link rel=\"canonical\" href=\"https:\/\/grontkontor.dk\/no\/shop\/miljoevenlige-espressokopper-i-glas\/\" \/>\n<meta property=\"og:locale\" content=\"en_US\" \/>\n<meta property=\"og:type\" content=\"article\" \/>\n<meta property=\"og:title\" content=\"Milj\u00f8vennlige espressokopper i glass\" \/>\n<meta property=\"og:description\" content=\"Nydelig sett med to termo-espressokopper laget av h\u00f8ykvalitets glass med bambusbrett. Leveres i sett med 2 stk. En superfin ansattgave. Koppene er egnet for oppvaskmaskin og mikrob\u00f8lgeovn, bambusbrettene anbefaler vi \u00e5 vaske opp for h\u00e5nd. Den termiske koppen er [food-c] Innhold: 90ml. &nbsp; [glas] [bambus_s] [amfori_s] &nbsp; [bd1] &nbsp;\" \/>\n<meta property=\"og:url\" content=\"https:\/\/grontkontor.dk\/no\/shop\/miljoevenlige-espressokopper-i-glas\/\" \/>\n<meta property=\"og:site_name\" content=\"Gr\u00f8nt Kontor\" \/>\n<meta property=\"article:publisher\" content=\"https:\/\/www.facebook.com\/grontkontor.dk\/\" \/>\n<meta property=\"og:image\" content=\"https:\/\/grontkontor.dk\/wp-content\/uploads\/2022\/07\/miljoevenlige-espressokopper-paa-bambusbakke.jpg\" \/>\n\t<meta property=\"og:image:width\" content=\"900\" \/>\n\t<meta property=\"og:image:height\" content=\"639\" \/>\n\t<meta property=\"og:image:type\" content=\"image\/jpeg\" \/>\n<meta name=\"twitter:card\" content=\"summary_large_image\" \/>\n<script type=\"application\/ld+json\" class=\"yoast-schema-graph\">{\"@context\":\"https:\/\/schema.org\",\"@graph\":[{\"@type\":\"WebPage\",\"@id\":\"https:\/\/grontkontor.dk\/no\/shop\/miljoevenlige-espressokopper-i-glas\/\",\"url\":\"https:\/\/grontkontor.dk\/no\/shop\/miljoevenlige-espressokopper-i-glas\/\",\"name\":\"Milj\u00f8vennlige espressokopper i glass - Gr\u00f8nt Kontor\",\"isPartOf\":{\"@id\":\"https:\/\/grontkontor.dk\/#website\"},\"datePublished\":\"2025-01-17T12:18:57+00:00\",\"dateModified\":\"2025-01-17T12:18:57+00:00\",\"breadcrumb\":{\"@id\":\"https:\/\/grontkontor.dk\/no\/shop\/miljoevenlige-espressokopper-i-glas\/#breadcrumb\"},\"inLanguage\":\"no-NO\",\"potentialAction\":[{\"@type\":\"ReadAction\",\"target\":[\"https:\/\/grontkontor.dk\/no\/shop\/miljoevenlige-espressokopper-i-glas\/\"]}]},{\"@type\":\"BreadcrumbList\",\"@id\":\"https:\/\/grontkontor.dk\/no\/shop\/miljoevenlige-espressokopper-i-glas\/#breadcrumb\",\"itemListElement\":[{\"@type\":\"ListItem\",\"position\":1,\"name\":\"Forside\",\"item\":\"https:\/\/grontkontor.dk\/\"},{\"@type\":\"ListItem\",\"position\":2,\"name\":\"Butikk\",\"item\":\"https:\/\/grontkontor.dk\/no\/butikk-2\/\"},{\"@type\":\"ListItem\",\"position\":3,\"name\":\"Milj\u00f8vennlige espressokopper i glass\"}]},{\"@type\":\"WebSite\",\"@id\":\"https:\/\/grontkontor.dk\/#website\",\"url\":\"https:\/\/grontkontor.dk\/\",\"name\":\"Gr\u00f8nt Kontor\",\"description\":\"Milj\u00f8venlige produkter til kontor og erhverv med fokus p\u00e5 b\u00e6redygtighed, design og fair trade.\",\"publisher\":{\"@id\":\"https:\/\/grontkontor.dk\/#organization\"},\"potentialAction\":[{\"@type\":\"SearchAction\",\"target\":{\"@type\":\"EntryPoint\",\"urlTemplate\":\"https:\/\/grontkontor.dk\/?s={search_term_string}\"},\"query-input\":\"required name=search_term_string\"}],\"inLanguage\":\"no-NO\"},{\"@type\":\"Organization\",\"@id\":\"https:\/\/grontkontor.dk\/#organization\",\"name\":\"Gr\u00f8nt Kontor\",\"url\":\"https:\/\/grontkontor.dk\/\",\"logo\":{\"@type\":\"ImageObject\",\"inLanguage\":\"no-NO\",\"@id\":\"https:\/\/grontkontor.dk\/#\/schema\/logo\/image\/\",\"url\":\"https:\/\/grontkontor.dk\/wp-content\/uploads\/2014\/02\/Logo_groent_kontor_300x80.png\",\"contentUrl\":\"https:\/\/grontkontor.dk\/wp-content\/uploads\/2014\/02\/Logo_groent_kontor_300x80.png\",\"width\":300,\"height\":80,\"caption\":\"Gr\u00f8nt Kontor\"},\"image\":{\"@id\":\"https:\/\/grontkontor.dk\/#\/schema\/logo\/image\/\"},\"sameAs\":[\"https:\/\/www.facebook.com\/grontkontor.dk\/\"]}]}<\/script>\n<!-- \/ Yoast SEO Premium plugin. -->","yoast_head_json":{"title":"Milj\u00f8vennlige espressokopper i glass - Gr\u00f8nt Kontor","robots":{"index":"index","follow":"follow","max-snippet":"max-snippet:-1","max-image-preview":"max-image-preview:large","max-video-preview":"max-video-preview:-1"},"canonical":"https:\/\/grontkontor.dk\/no\/shop\/miljoevenlige-espressokopper-i-glas\/","og_locale":"en_US","og_type":"article","og_title":"Milj\u00f8vennlige espressokopper i glass","og_description":"Nydelig sett med to termo-espressokopper laget av h\u00f8ykvalitets glass med bambusbrett. Leveres i sett med 2 stk. En superfin ansattgave. Koppene er egnet for oppvaskmaskin og mikrob\u00f8lgeovn, bambusbrettene anbefaler vi \u00e5 vaske opp for h\u00e5nd. Den termiske koppen er [food-c] Innhold: 90ml. &nbsp; [glas] [bambus_s] [amfori_s] &nbsp; [bd1] &nbsp;","og_url":"https:\/\/grontkontor.dk\/no\/shop\/miljoevenlige-espressokopper-i-glas\/","og_site_name":"Gr\u00f8nt Kontor","article_publisher":"https:\/\/www.facebook.com\/grontkontor.dk\/","og_image":[{"width":900,"height":639,"url":"https:\/\/grontkontor.dk\/wp-content\/uploads\/2022\/07\/miljoevenlige-espressokopper-paa-bambusbakke.jpg","type":"image\/jpeg"}],"twitter_card":"summary_large_image","schema":{"@context":"https:\/\/schema.org","@graph":[{"@type":"WebPage","@id":"https:\/\/grontkontor.dk\/no\/shop\/miljoevenlige-espressokopper-i-glas\/","url":"https:\/\/grontkontor.dk\/no\/shop\/miljoevenlige-espressokopper-i-glas\/","name":"Milj\u00f8vennlige espressokopper i glass - Gr\u00f8nt Kontor","isPartOf":{"@id":"https:\/\/grontkontor.dk\/#website"},"datePublished":"2025-01-17T12:18:57+00:00","dateModified":"2025-01-17T12:18:57+00:00","breadcrumb":{"@id":"https:\/\/grontkontor.dk\/no\/shop\/miljoevenlige-espressokopper-i-glas\/#breadcrumb"},"inLanguage":"no-NO","potentialAction":[{"@type":"ReadAction","target":["https:\/\/grontkontor.dk\/no\/shop\/miljoevenlige-espressokopper-i-glas\/"]}]},{"@type":"BreadcrumbList","@id":"https:\/\/grontkontor.dk\/no\/shop\/miljoevenlige-espressokopper-i-glas\/#breadcrumb","itemListElement":[{"@type":"ListItem","position":1,"name":"Forside","item":"https:\/\/grontkontor.dk\/"},{"@type":"ListItem","position":2,"name":"Butikk","item":"https:\/\/grontkontor.dk\/no\/butikk-2\/"},{"@type":"ListItem","position":3,"name":"Milj\u00f8vennlige espressokopper i glass"}]},{"@type":"WebSite","@id":"https:\/\/grontkontor.dk\/#website","url":"https:\/\/grontkontor.dk\/","name":"Gr\u00f8nt Kontor","description":"Milj\u00f8venlige produkter til kontor og erhverv med fokus p\u00e5 b\u00e6redygtighed, design og fair trade.","publisher":{"@id":"https:\/\/grontkontor.dk\/#organization"},"potentialAction":[{"@type":"SearchAction","target":{"@type":"EntryPoint","urlTemplate":"https:\/\/grontkontor.dk\/?s={search_term_string}"},"query-input":"required name=search_term_string"}],"inLanguage":"no-NO"},{"@type":"Organization","@id":"https:\/\/grontkontor.dk\/#organization","name":"Gr\u00f8nt Kontor","url":"https:\/\/grontkontor.dk\/","logo":{"@type":"ImageObject","inLanguage":"no-NO","@id":"https:\/\/grontkontor.dk\/#\/schema\/logo\/image\/","url":"https:\/\/grontkontor.dk\/wp-content\/uploads\/2014\/02\/Logo_groent_kontor_300x80.png","contentUrl":"https:\/\/grontkontor.dk\/wp-content\/uploads\/2014\/02\/Logo_groent_kontor_300x80.png","width":300,"height":80,"caption":"Gr\u00f8nt Kontor"},"image":{"@id":"https:\/\/grontkontor.dk\/#\/schema\/logo\/image\/"},"sameAs":["https:\/\/www.facebook.com\/grontkontor.dk\/"]}]}},"_links":{"self":[{"href":"https:\/\/grontkontor.dk\/no\/wp-json\/wp\/v2\/product\/118781"}],"collection":[{"href":"https:\/\/grontkontor.dk\/no\/wp-json\/wp\/v2\/product"}],"about":[{"href":"https:\/\/grontkontor.dk\/no\/wp-json\/wp\/v2\/types\/product"}],"replies":[{"embeddable":true,"href":"https:\/\/grontkontor.dk\/no\/wp-json\/wp\/v2\/comments?post=118781"}],"wp:featuredmedia":[{"embeddable":true,"href":"https:\/\/grontkontor.dk\/no\/wp-json\/wp\/v2\/media\/58452"}],"wp:attachment":[{"href":"https:\/\/grontkontor.dk\/no\/wp-json\/wp\/v2\/media?parent=118781"}],"wp:term":[{"taxonomy":"product_cat","embeddable":true,"href":"https:\/\/grontkontor.dk\/no\/wp-json\/wp\/v2\/product_cat?post=118781"},{"taxonomy":"product_tag","embeddable":true,"href":"https:\/\/grontkontor.dk\/no\/wp-json\/wp\/v2\/product_tag?post=118781"}],"curies":[{"name":"wp","href":"https:\/\/api.w.org\/{rel}","templated":true}]}}