{"id":118794,"date":"2024-12-05T14:52:12","date_gmt":"2025-01-17T12:19:17","guid":{"rendered":"https:\/\/grontkontor.dk\/shop\/hue-beanie-i-rpet\/"},"modified":"2025-11-06T11:27:30","modified_gmt":"2025-11-06T10:27:30","slug":"hue-beanie-i-rpet","status":"publish","type":"product","link":"https:\/\/grontkontor.dk\/no\/shop\/hue-beanie-i-rpet\/","title":{"rendered":"Lue\/lue i RPET uten trykk"},"content":{"rendered":"<p>En klimavennlig lue er et opplagt valg for kalde dager, hvor komfort og omsorg m\u00e5 g\u00e5 h\u00e5nd i h\u00e5nd. Denne varme luen er laget av 100 % polyester laget av resirkulert plast, noe som gj\u00f8r den til et milj\u00f8vennlig tilbeh\u00f8r som b\u00e5de ser bra ut og sender et gr\u00f8nt signal. Materialet er mykt, slitesterkt og gir en behagelig passform, noe som gj\u00f8r luen ideell for b\u00e5de utend\u00f8rsaktiviteter og hverdagsbruk.  <\/p>\n<p>Luen er tilgjengelig i klassiske farger som svart, lysegr\u00e5, m\u00f8rkegr\u00e5, naturlig og bl\u00e5, noe som gj\u00f8r det enkelt \u00e5 finne en variant som matcher bedriftens profil eller personlige stil. Takket v\u00e6re det tidl\u00f8se designet passer den til b\u00e5de menn og kvinner og fungerer som en allsidig del av enhver garderobe. <\/p>\n<p>Som profilvare er en klimavennlig lue et sterkt valg. Den kan leveres med logotrykk eller broderi, noe som gir merkevaren din synlighet hver gang hatten brukes. Perfekt som firmagave, ansattkl\u00e6r eller utdeling p\u00e5 messer og arrangementer.  <\/p>\n<p>N\u00e5r du velger en milj\u00f8vennlig lue i resirkulert materiale, f\u00e5r du ikke bare et praktisk tilbeh\u00f8r mot kulde \u2013 du f\u00e5r et produkt som kombinerer varme, kvalitet og klimavennlige verdier.<\/p>\n<p>[broderi]<\/p>\n<p>[rpet]<\/p>\n<p>[grs_s]<\/p>\n<p>&nbsp;<\/p>\n<p><img loading=\"lazy\" decoding=\"async\" src=\"https:\/\/grontkontor.dk\/wp-content\/uploads\/2021\/02\/genbrug.jpg\" alt=\"Fremstillet af genbrugsmaterialer\" width=\"50\" height=\"50\" class=\"size-full wp-image-23031\" srcset=\"https:\/\/grontkontor.dk\/wp-content\/uploads\/2021\/02\/genbrug.jpg 199w, https:\/\/grontkontor.dk\/wp-content\/uploads\/2021\/02\/genbrug-100x100.jpg 100w\" sizes=\"(max-width: 50px) 100vw, 50px\" \/><a href=\"https:\/\/textileexchange.org\/standards\/recycled-claim-standard-global-recycled-standard\/\"><img loading=\"lazy\" decoding=\"async\" src=\"https:\/\/grontkontor.dk\/wp-content\/uploads\/2021\/06\/global-recycled-standard-1.jpg\" alt=\"Global recycled standard\" width=\"50\" height=\"50\" class=\"size-full wp-image-25504\" \/> <\/a><\/p>\n<p>&nbsp;<\/p>\n<p>&nbsp;<\/p>\n<p>&nbsp;<\/p>\n","protected":false},"excerpt":{"rendered":"<p>En klimavennlig lue er et opplagt valg for kalde dager, hvor komfort og omsorg m\u00e5 g\u00e5 h\u00e5nd i h\u00e5nd. Denne varme luen er laget av 100 % polyester laget av resirkulert plast, noe som gj\u00f8r den til et milj\u00f8vennlig tilbeh\u00f8r som b\u00e5de ser bra ut og sender et gr\u00f8nt signal. Materialet er mykt, slitesterkt og [&hellip;]<\/p>\n","protected":false},"featured_media":117430,"comment_status":"closed","ping_status":"closed","template":"","meta":{"_acf_changed":false},"product_cat":[3199,4888,2657],"product_tag":[4515,4022],"class_list":{"0":"post-118794","1":"product","2":"type-product","3":"status-publish","4":"has-post-thumbnail","6":"product_cat-dummy-moq-1-no","7":"product_cat-for-regn-og-kulde","8":"product_cat-nyheter","9":"product_tag-cap-no-2","10":"product_tag-hodeplagg","11":"pa_farve-graa-no-2","12":"pa_farve-lysegraa","13":"pa_farve-marine","14":"pa_farve-natur-no","15":"pa_farve-svart","16":"tm-has-options","18":"first","19":"instock","20":"taxable","21":"shipping-taxable","22":"purchasable","23":"product-type-variable","24":"has-default-attributes"},"acf":[],"yoast_head":"<!-- This site is optimized with the Yoast SEO Premium plugin v21.2 (Yoast SEO v21.2) - https:\/\/yoast.com\/wordpress\/plugins\/seo\/ -->\n<title>Lue\/lue i RPET uten trykk - Gr\u00f8nt Kontor<\/title>\n<meta name=\"description\" content=\"Klimavennlig lue i 100 % resirkulert plast. Milj\u00f8vennlig lue i flere farger, perfekt for arrangementer og firmagaver. Tilgjengelig med logotrykk og broderi.\" \/>\n<meta name=\"robots\" content=\"index, follow, max-snippet:-1, max-image-preview:large, max-video-preview:-1\" \/>\n<link rel=\"canonical\" href=\"https:\/\/grontkontor.dk\/no\/shop\/hue-beanie-i-rpet\/\" \/>\n<meta property=\"og:locale\" content=\"en_US\" \/>\n<meta property=\"og:type\" content=\"article\" \/>\n<meta property=\"og:title\" content=\"Lue\/lue i RPET uten trykk\" \/>\n<meta property=\"og:description\" content=\"Klimavennlig lue i 100 % resirkulert plast. Milj\u00f8vennlig lue i flere farger, perfekt for arrangementer og firmagaver. Tilgjengelig med logotrykk og broderi.\" \/>\n<meta property=\"og:url\" content=\"https:\/\/grontkontor.dk\/no\/shop\/hue-beanie-i-rpet\/\" \/>\n<meta property=\"og:site_name\" content=\"Gr\u00f8nt Kontor\" \/>\n<meta property=\"article:publisher\" content=\"https:\/\/www.facebook.com\/grontkontor.dk\/\" \/>\n<meta property=\"article:modified_time\" content=\"2025-11-06T10:27:30+00:00\" \/>\n<meta property=\"og:image\" content=\"https:\/\/grontkontor.dk\/wp-content\/uploads\/2024\/12\/Klimavenlig-hue-i-genanvendt-plast-collage.jpg\" \/>\n\t<meta property=\"og:image:width\" content=\"900\" \/>\n\t<meta property=\"og:image:height\" content=\"639\" \/>\n\t<meta property=\"og:image:type\" content=\"image\/jpeg\" \/>\n<meta name=\"twitter:card\" content=\"summary_large_image\" \/>\n<meta name=\"twitter:label1\" content=\"Est. reading time\" \/>\n\t<meta name=\"twitter:data1\" content=\"1 minute\" \/>\n<script type=\"application\/ld+json\" class=\"yoast-schema-graph\">{\"@context\":\"https:\/\/schema.org\",\"@graph\":[{\"@type\":\"WebPage\",\"@id\":\"https:\/\/grontkontor.dk\/no\/shop\/hue-beanie-i-rpet\/\",\"url\":\"https:\/\/grontkontor.dk\/no\/shop\/hue-beanie-i-rpet\/\",\"name\":\"Lue\/lue i RPET uten trykk - Gr\u00f8nt Kontor\",\"isPartOf\":{\"@id\":\"https:\/\/grontkontor.dk\/#website\"},\"datePublished\":\"2025-01-17T12:19:17+00:00\",\"dateModified\":\"2025-11-06T10:27:30+00:00\",\"description\":\"Klimavennlig lue i 100 % resirkulert plast. Milj\u00f8vennlig lue i flere farger, perfekt for arrangementer og firmagaver. Tilgjengelig med logotrykk og broderi.\",\"breadcrumb\":{\"@id\":\"https:\/\/grontkontor.dk\/no\/shop\/hue-beanie-i-rpet\/#breadcrumb\"},\"inLanguage\":\"no-NO\",\"potentialAction\":[{\"@type\":\"ReadAction\",\"target\":[\"https:\/\/grontkontor.dk\/no\/shop\/hue-beanie-i-rpet\/\"]}]},{\"@type\":\"BreadcrumbList\",\"@id\":\"https:\/\/grontkontor.dk\/no\/shop\/hue-beanie-i-rpet\/#breadcrumb\",\"itemListElement\":[{\"@type\":\"ListItem\",\"position\":1,\"name\":\"Forside\",\"item\":\"https:\/\/grontkontor.dk\/\"},{\"@type\":\"ListItem\",\"position\":2,\"name\":\"Butikk\",\"item\":\"https:\/\/grontkontor.dk\/no\/butikk-2\/\"},{\"@type\":\"ListItem\",\"position\":3,\"name\":\"Dummy MOQ 1\",\"item\":\"https:\/\/grontkontor.dk\/no\/produkt-kategori\/dummy-moq-1-no\/\"},{\"@type\":\"ListItem\",\"position\":4,\"name\":\"Lue\/lue i RPET uten trykk\"}]},{\"@type\":\"WebSite\",\"@id\":\"https:\/\/grontkontor.dk\/#website\",\"url\":\"https:\/\/grontkontor.dk\/\",\"name\":\"Gr\u00f8nt Kontor\",\"description\":\"Milj\u00f8venlige produkter til kontor og erhverv med fokus p\u00e5 b\u00e6redygtighed, design og fair trade.\",\"publisher\":{\"@id\":\"https:\/\/grontkontor.dk\/#organization\"},\"potentialAction\":[{\"@type\":\"SearchAction\",\"target\":{\"@type\":\"EntryPoint\",\"urlTemplate\":\"https:\/\/grontkontor.dk\/?s={search_term_string}\"},\"query-input\":\"required name=search_term_string\"}],\"inLanguage\":\"no-NO\"},{\"@type\":\"Organization\",\"@id\":\"https:\/\/grontkontor.dk\/#organization\",\"name\":\"Gr\u00f8nt Kontor\",\"url\":\"https:\/\/grontkontor.dk\/\",\"logo\":{\"@type\":\"ImageObject\",\"inLanguage\":\"no-NO\",\"@id\":\"https:\/\/grontkontor.dk\/#\/schema\/logo\/image\/\",\"url\":\"https:\/\/grontkontor.dk\/wp-content\/uploads\/2014\/02\/Logo_groent_kontor_300x80.png\",\"contentUrl\":\"https:\/\/grontkontor.dk\/wp-content\/uploads\/2014\/02\/Logo_groent_kontor_300x80.png\",\"width\":300,\"height\":80,\"caption\":\"Gr\u00f8nt Kontor\"},\"image\":{\"@id\":\"https:\/\/grontkontor.dk\/#\/schema\/logo\/image\/\"},\"sameAs\":[\"https:\/\/www.facebook.com\/grontkontor.dk\/\"]}]}<\/script>\n<!-- \/ Yoast SEO Premium plugin. -->","yoast_head_json":{"title":"Lue\/lue i RPET uten trykk - Gr\u00f8nt Kontor","description":"Klimavennlig lue i 100 % resirkulert plast. Milj\u00f8vennlig lue i flere farger, perfekt for arrangementer og firmagaver. Tilgjengelig med logotrykk og broderi.","robots":{"index":"index","follow":"follow","max-snippet":"max-snippet:-1","max-image-preview":"max-image-preview:large","max-video-preview":"max-video-preview:-1"},"canonical":"https:\/\/grontkontor.dk\/no\/shop\/hue-beanie-i-rpet\/","og_locale":"en_US","og_type":"article","og_title":"Lue\/lue i RPET uten trykk","og_description":"Klimavennlig lue i 100 % resirkulert plast. Milj\u00f8vennlig lue i flere farger, perfekt for arrangementer og firmagaver. Tilgjengelig med logotrykk og broderi.","og_url":"https:\/\/grontkontor.dk\/no\/shop\/hue-beanie-i-rpet\/","og_site_name":"Gr\u00f8nt Kontor","article_publisher":"https:\/\/www.facebook.com\/grontkontor.dk\/","article_modified_time":"2025-11-06T10:27:30+00:00","og_image":[{"width":900,"height":639,"url":"https:\/\/grontkontor.dk\/wp-content\/uploads\/2024\/12\/Klimavenlig-hue-i-genanvendt-plast-collage.jpg","type":"image\/jpeg"}],"twitter_card":"summary_large_image","twitter_misc":{"Est. reading time":"1 minute"},"schema":{"@context":"https:\/\/schema.org","@graph":[{"@type":"WebPage","@id":"https:\/\/grontkontor.dk\/no\/shop\/hue-beanie-i-rpet\/","url":"https:\/\/grontkontor.dk\/no\/shop\/hue-beanie-i-rpet\/","name":"Lue\/lue i RPET uten trykk - Gr\u00f8nt Kontor","isPartOf":{"@id":"https:\/\/grontkontor.dk\/#website"},"datePublished":"2025-01-17T12:19:17+00:00","dateModified":"2025-11-06T10:27:30+00:00","description":"Klimavennlig lue i 100 % resirkulert plast. Milj\u00f8vennlig lue i flere farger, perfekt for arrangementer og firmagaver. Tilgjengelig med logotrykk og broderi.","breadcrumb":{"@id":"https:\/\/grontkontor.dk\/no\/shop\/hue-beanie-i-rpet\/#breadcrumb"},"inLanguage":"no-NO","potentialAction":[{"@type":"ReadAction","target":["https:\/\/grontkontor.dk\/no\/shop\/hue-beanie-i-rpet\/"]}]},{"@type":"BreadcrumbList","@id":"https:\/\/grontkontor.dk\/no\/shop\/hue-beanie-i-rpet\/#breadcrumb","itemListElement":[{"@type":"ListItem","position":1,"name":"Forside","item":"https:\/\/grontkontor.dk\/"},{"@type":"ListItem","position":2,"name":"Butikk","item":"https:\/\/grontkontor.dk\/no\/butikk-2\/"},{"@type":"ListItem","position":3,"name":"Dummy MOQ 1","item":"https:\/\/grontkontor.dk\/no\/produkt-kategori\/dummy-moq-1-no\/"},{"@type":"ListItem","position":4,"name":"Lue\/lue i RPET uten trykk"}]},{"@type":"WebSite","@id":"https:\/\/grontkontor.dk\/#website","url":"https:\/\/grontkontor.dk\/","name":"Gr\u00f8nt Kontor","description":"Milj\u00f8venlige produkter til kontor og erhverv med fokus p\u00e5 b\u00e6redygtighed, design og fair trade.","publisher":{"@id":"https:\/\/grontkontor.dk\/#organization"},"potentialAction":[{"@type":"SearchAction","target":{"@type":"EntryPoint","urlTemplate":"https:\/\/grontkontor.dk\/?s={search_term_string}"},"query-input":"required name=search_term_string"}],"inLanguage":"no-NO"},{"@type":"Organization","@id":"https:\/\/grontkontor.dk\/#organization","name":"Gr\u00f8nt Kontor","url":"https:\/\/grontkontor.dk\/","logo":{"@type":"ImageObject","inLanguage":"no-NO","@id":"https:\/\/grontkontor.dk\/#\/schema\/logo\/image\/","url":"https:\/\/grontkontor.dk\/wp-content\/uploads\/2014\/02\/Logo_groent_kontor_300x80.png","contentUrl":"https:\/\/grontkontor.dk\/wp-content\/uploads\/2014\/02\/Logo_groent_kontor_300x80.png","width":300,"height":80,"caption":"Gr\u00f8nt Kontor"},"image":{"@id":"https:\/\/grontkontor.dk\/#\/schema\/logo\/image\/"},"sameAs":["https:\/\/www.facebook.com\/grontkontor.dk\/"]}]}},"_links":{"self":[{"href":"https:\/\/grontkontor.dk\/no\/wp-json\/wp\/v2\/product\/118794"}],"collection":[{"href":"https:\/\/grontkontor.dk\/no\/wp-json\/wp\/v2\/product"}],"about":[{"href":"https:\/\/grontkontor.dk\/no\/wp-json\/wp\/v2\/types\/product"}],"replies":[{"embeddable":true,"href":"https:\/\/grontkontor.dk\/no\/wp-json\/wp\/v2\/comments?post=118794"}],"wp:featuredmedia":[{"embeddable":true,"href":"https:\/\/grontkontor.dk\/no\/wp-json\/wp\/v2\/media\/117430"}],"wp:attachment":[{"href":"https:\/\/grontkontor.dk\/no\/wp-json\/wp\/v2\/media?parent=118794"}],"wp:term":[{"taxonomy":"product_cat","embeddable":true,"href":"https:\/\/grontkontor.dk\/no\/wp-json\/wp\/v2\/product_cat?post=118794"},{"taxonomy":"product_tag","embeddable":true,"href":"https:\/\/grontkontor.dk\/no\/wp-json\/wp\/v2\/product_tag?post=118794"}],"curies":[{"name":"wp","href":"https:\/\/api.w.org\/{rel}","templated":true}]}}