{"id":118808,"date":"2024-12-05T13:49:21","date_gmt":"2025-01-17T12:19:18","guid":{"rendered":"https:\/\/grontkontor.dk\/shop\/vinterhue-i-oekologisk-bomuld\/"},"modified":"2025-11-06T11:23:21","modified_gmt":"2025-11-06T10:23:21","slug":"vinterhue-i-oekologisk-bomuld","status":"publish","type":"product","link":"https:\/\/grontkontor.dk\/no\/shop\/vinterhue-i-oekologisk-bomuld\/","title":{"rendered":"Lue\/lue i \u00f8kologisk bomull uten trykk"},"content":{"rendered":"<p>En klimavennlig lue i \u00f8kologisk bomull er en stilig og milj\u00f8vennlig l\u00f8sning n\u00e5r du vil kombinere komfort, kvalitet og omtanke for milj\u00f8et. Denne myke luen er laget av 100% \u00f8kologisk bomull, som f\u00f8les behagelig mot huden og samtidig gir et naturlig utseende. <\/p>\n<p>Med sitt tidl\u00f8se design er denne luen perfekt til b\u00e5de hverdagsbruk, utend\u00f8rsaktiviteter og som en del av profilkl\u00e6r for ansatte. Den er tilgjengelig i svarte, gr\u00e5, bl\u00e5 og gr\u00f8nne farger, slik at du kan velge den varianten som best representerer din merkevare eller personlige stil. <\/p>\n<p>Luen kan leveres med logotrykk eller broderi, noe som gj\u00f8r den til en ideell firmagave eller reklameartikkel. N\u00e5r dine kunder eller ansatte bruker en klimavennlig lue med logoen din, f\u00e5r du effektiv eksponering samtidig som du st\u00f8tter en milj\u00f8vennlig profil. <\/p>\n<p>Som en utdeling p\u00e5 messer eller arrangementer er denne \u00f8kologiske bomullsluen en sikker hit. Det er funksjonelt, komfortabelt og et tydelig signal om bekymring for klimaet.<br \/>\nVed \u00e5 velge en klimavennlig lue i \u00f8kologisk bomull f\u00e5r du et produkt som kombinerer moderne design, funksjonalitet og milj\u00f8vennlige verdier \u2013 en lue som b\u00e5de varmer og inspirerer. <\/p>\n<p>[broderi]<\/p>\n<p>&nbsp;<\/p>\n<p>[oekobomuld_s]<\/p>\n<p>[gots_s]<\/p>\n<p>&nbsp;<\/p>\n<a href=\"https:\/\/www.eco-branding.dk\/miljoemaerkning\/gots.aspx\" rel=\"noopener\" target=\"_blank\"><img loading=\"lazy\" decoding=\"async\" class=\"size-full wp-image-12808\" src=\"https:\/\/grontkontor.dk\/wp-content\/uploads\/2019\/04\/gots-certificeret.jpg\" \n   alt=\"Gots certificeret - din garanti for, at produktet indeholder mindst 70% ?kologisk bomuld\"  description=\"Gots certificeret - din garanti for, at produktet indeholder mindst 70% ?kologisk bomuld\" width=\"50\" height=\"50\" \n\t border=0 \/><\/a>\n<p>&nbsp;<\/p>\n","protected":false},"excerpt":{"rendered":"<p>En klimavennlig lue i \u00f8kologisk bomull er en stilig og milj\u00f8vennlig l\u00f8sning n\u00e5r du vil kombinere komfort, kvalitet og omtanke for milj\u00f8et. Denne myke luen er laget av 100% \u00f8kologisk bomull, som f\u00f8les behagelig mot huden og samtidig gir et naturlig utseende. Med sitt tidl\u00f8se design er denne luen perfekt til b\u00e5de hverdagsbruk, utend\u00f8rsaktiviteter og [&hellip;]<\/p>\n","protected":false},"featured_media":117384,"comment_status":"closed","ping_status":"closed","template":"","meta":{"_acf_changed":false},"product_cat":[3199,4888,2657],"product_tag":[4515,4022],"class_list":{"0":"post-118808","1":"product","2":"type-product","3":"status-publish","4":"has-post-thumbnail","6":"product_cat-dummy-moq-1-no","7":"product_cat-for-regn-og-kulde","8":"product_cat-nyheter","9":"product_tag-cap-no-2","10":"product_tag-hodeplagg","11":"tm-has-options","13":"first","14":"instock","15":"taxable","16":"shipping-taxable","17":"purchasable","18":"product-type-variable","19":"has-default-attributes"},"acf":[],"yoast_head":"<!-- This site is optimized with the Yoast SEO Premium plugin v21.2 (Yoast SEO v21.2) - https:\/\/yoast.com\/wordpress\/plugins\/seo\/ -->\n<title>Lue\/lue i \u00f8kologisk bomull uten trykk - Gr\u00f8nt Kontor<\/title>\n<meta name=\"description\" content=\"Klimavennlig lue i 100 % \u00f8kologisk bomull. Milj\u00f8vennlig lue i flere farger, perfekt til arrangementer og som firmagave. Tilgjengelig med logotrykk og broderi.\" \/>\n<meta name=\"robots\" content=\"index, follow, max-snippet:-1, max-image-preview:large, max-video-preview:-1\" \/>\n<link rel=\"canonical\" href=\"https:\/\/grontkontor.dk\/no\/shop\/vinterhue-i-oekologisk-bomuld\/\" \/>\n<meta property=\"og:locale\" content=\"en_US\" \/>\n<meta property=\"og:type\" content=\"article\" \/>\n<meta property=\"og:title\" content=\"Lue\/lue i \u00f8kologisk bomull uten trykk\" \/>\n<meta property=\"og:description\" content=\"Klimavennlig lue i 100 % \u00f8kologisk bomull. Milj\u00f8vennlig lue i flere farger, perfekt til arrangementer og som firmagave. Tilgjengelig med logotrykk og broderi.\" \/>\n<meta property=\"og:url\" content=\"https:\/\/grontkontor.dk\/no\/shop\/vinterhue-i-oekologisk-bomuld\/\" \/>\n<meta property=\"og:site_name\" content=\"Gr\u00f8nt Kontor\" \/>\n<meta property=\"article:publisher\" content=\"https:\/\/www.facebook.com\/grontkontor.dk\/\" \/>\n<meta property=\"article:modified_time\" content=\"2025-11-06T10:23:21+00:00\" \/>\n<meta property=\"og:image\" content=\"https:\/\/grontkontor.dk\/wp-content\/uploads\/2024\/12\/Klimavenlig-hue-i-oekologisk-bomuld-collage.jpg\" \/>\n\t<meta property=\"og:image:width\" content=\"900\" \/>\n\t<meta property=\"og:image:height\" content=\"639\" \/>\n\t<meta property=\"og:image:type\" content=\"image\/jpeg\" \/>\n<meta name=\"twitter:card\" content=\"summary_large_image\" \/>\n<meta name=\"twitter:label1\" content=\"Est. reading time\" \/>\n\t<meta name=\"twitter:data1\" content=\"1 minute\" \/>\n<script type=\"application\/ld+json\" class=\"yoast-schema-graph\">{\"@context\":\"https:\/\/schema.org\",\"@graph\":[{\"@type\":\"WebPage\",\"@id\":\"https:\/\/grontkontor.dk\/no\/shop\/vinterhue-i-oekologisk-bomuld\/\",\"url\":\"https:\/\/grontkontor.dk\/no\/shop\/vinterhue-i-oekologisk-bomuld\/\",\"name\":\"Lue\/lue i \u00f8kologisk bomull uten trykk - Gr\u00f8nt Kontor\",\"isPartOf\":{\"@id\":\"https:\/\/grontkontor.dk\/#website\"},\"datePublished\":\"2025-01-17T12:19:18+00:00\",\"dateModified\":\"2025-11-06T10:23:21+00:00\",\"description\":\"Klimavennlig lue i 100 % \u00f8kologisk bomull. Milj\u00f8vennlig lue i flere farger, perfekt til arrangementer og som firmagave. Tilgjengelig med logotrykk og broderi.\",\"breadcrumb\":{\"@id\":\"https:\/\/grontkontor.dk\/no\/shop\/vinterhue-i-oekologisk-bomuld\/#breadcrumb\"},\"inLanguage\":\"no-NO\",\"potentialAction\":[{\"@type\":\"ReadAction\",\"target\":[\"https:\/\/grontkontor.dk\/no\/shop\/vinterhue-i-oekologisk-bomuld\/\"]}]},{\"@type\":\"BreadcrumbList\",\"@id\":\"https:\/\/grontkontor.dk\/no\/shop\/vinterhue-i-oekologisk-bomuld\/#breadcrumb\",\"itemListElement\":[{\"@type\":\"ListItem\",\"position\":1,\"name\":\"Forside\",\"item\":\"https:\/\/grontkontor.dk\/\"},{\"@type\":\"ListItem\",\"position\":2,\"name\":\"Butikk\",\"item\":\"https:\/\/grontkontor.dk\/no\/butikk-2\/\"},{\"@type\":\"ListItem\",\"position\":3,\"name\":\"Dummy MOQ 1\",\"item\":\"https:\/\/grontkontor.dk\/no\/produkt-kategori\/dummy-moq-1-no\/\"},{\"@type\":\"ListItem\",\"position\":4,\"name\":\"Lue\/lue i \u00f8kologisk bomull uten trykk\"}]},{\"@type\":\"WebSite\",\"@id\":\"https:\/\/grontkontor.dk\/#website\",\"url\":\"https:\/\/grontkontor.dk\/\",\"name\":\"Gr\u00f8nt Kontor\",\"description\":\"Milj\u00f8venlige produkter til kontor og erhverv med fokus p\u00e5 b\u00e6redygtighed, design og fair trade.\",\"publisher\":{\"@id\":\"https:\/\/grontkontor.dk\/#organization\"},\"potentialAction\":[{\"@type\":\"SearchAction\",\"target\":{\"@type\":\"EntryPoint\",\"urlTemplate\":\"https:\/\/grontkontor.dk\/?s={search_term_string}\"},\"query-input\":\"required name=search_term_string\"}],\"inLanguage\":\"no-NO\"},{\"@type\":\"Organization\",\"@id\":\"https:\/\/grontkontor.dk\/#organization\",\"name\":\"Gr\u00f8nt Kontor\",\"url\":\"https:\/\/grontkontor.dk\/\",\"logo\":{\"@type\":\"ImageObject\",\"inLanguage\":\"no-NO\",\"@id\":\"https:\/\/grontkontor.dk\/#\/schema\/logo\/image\/\",\"url\":\"https:\/\/grontkontor.dk\/wp-content\/uploads\/2014\/02\/Logo_groent_kontor_300x80.png\",\"contentUrl\":\"https:\/\/grontkontor.dk\/wp-content\/uploads\/2014\/02\/Logo_groent_kontor_300x80.png\",\"width\":300,\"height\":80,\"caption\":\"Gr\u00f8nt Kontor\"},\"image\":{\"@id\":\"https:\/\/grontkontor.dk\/#\/schema\/logo\/image\/\"},\"sameAs\":[\"https:\/\/www.facebook.com\/grontkontor.dk\/\"]}]}<\/script>\n<!-- \/ Yoast SEO Premium plugin. -->","yoast_head_json":{"title":"Lue\/lue i \u00f8kologisk bomull uten trykk - Gr\u00f8nt Kontor","description":"Klimavennlig lue i 100 % \u00f8kologisk bomull. Milj\u00f8vennlig lue i flere farger, perfekt til arrangementer og som firmagave. Tilgjengelig med logotrykk og broderi.","robots":{"index":"index","follow":"follow","max-snippet":"max-snippet:-1","max-image-preview":"max-image-preview:large","max-video-preview":"max-video-preview:-1"},"canonical":"https:\/\/grontkontor.dk\/no\/shop\/vinterhue-i-oekologisk-bomuld\/","og_locale":"en_US","og_type":"article","og_title":"Lue\/lue i \u00f8kologisk bomull uten trykk","og_description":"Klimavennlig lue i 100 % \u00f8kologisk bomull. Milj\u00f8vennlig lue i flere farger, perfekt til arrangementer og som firmagave. Tilgjengelig med logotrykk og broderi.","og_url":"https:\/\/grontkontor.dk\/no\/shop\/vinterhue-i-oekologisk-bomuld\/","og_site_name":"Gr\u00f8nt Kontor","article_publisher":"https:\/\/www.facebook.com\/grontkontor.dk\/","article_modified_time":"2025-11-06T10:23:21+00:00","og_image":[{"width":900,"height":639,"url":"https:\/\/grontkontor.dk\/wp-content\/uploads\/2024\/12\/Klimavenlig-hue-i-oekologisk-bomuld-collage.jpg","type":"image\/jpeg"}],"twitter_card":"summary_large_image","twitter_misc":{"Est. reading time":"1 minute"},"schema":{"@context":"https:\/\/schema.org","@graph":[{"@type":"WebPage","@id":"https:\/\/grontkontor.dk\/no\/shop\/vinterhue-i-oekologisk-bomuld\/","url":"https:\/\/grontkontor.dk\/no\/shop\/vinterhue-i-oekologisk-bomuld\/","name":"Lue\/lue i \u00f8kologisk bomull uten trykk - Gr\u00f8nt Kontor","isPartOf":{"@id":"https:\/\/grontkontor.dk\/#website"},"datePublished":"2025-01-17T12:19:18+00:00","dateModified":"2025-11-06T10:23:21+00:00","description":"Klimavennlig lue i 100 % \u00f8kologisk bomull. Milj\u00f8vennlig lue i flere farger, perfekt til arrangementer og som firmagave. Tilgjengelig med logotrykk og broderi.","breadcrumb":{"@id":"https:\/\/grontkontor.dk\/no\/shop\/vinterhue-i-oekologisk-bomuld\/#breadcrumb"},"inLanguage":"no-NO","potentialAction":[{"@type":"ReadAction","target":["https:\/\/grontkontor.dk\/no\/shop\/vinterhue-i-oekologisk-bomuld\/"]}]},{"@type":"BreadcrumbList","@id":"https:\/\/grontkontor.dk\/no\/shop\/vinterhue-i-oekologisk-bomuld\/#breadcrumb","itemListElement":[{"@type":"ListItem","position":1,"name":"Forside","item":"https:\/\/grontkontor.dk\/"},{"@type":"ListItem","position":2,"name":"Butikk","item":"https:\/\/grontkontor.dk\/no\/butikk-2\/"},{"@type":"ListItem","position":3,"name":"Dummy MOQ 1","item":"https:\/\/grontkontor.dk\/no\/produkt-kategori\/dummy-moq-1-no\/"},{"@type":"ListItem","position":4,"name":"Lue\/lue i \u00f8kologisk bomull uten trykk"}]},{"@type":"WebSite","@id":"https:\/\/grontkontor.dk\/#website","url":"https:\/\/grontkontor.dk\/","name":"Gr\u00f8nt Kontor","description":"Milj\u00f8venlige produkter til kontor og erhverv med fokus p\u00e5 b\u00e6redygtighed, design og fair trade.","publisher":{"@id":"https:\/\/grontkontor.dk\/#organization"},"potentialAction":[{"@type":"SearchAction","target":{"@type":"EntryPoint","urlTemplate":"https:\/\/grontkontor.dk\/?s={search_term_string}"},"query-input":"required name=search_term_string"}],"inLanguage":"no-NO"},{"@type":"Organization","@id":"https:\/\/grontkontor.dk\/#organization","name":"Gr\u00f8nt Kontor","url":"https:\/\/grontkontor.dk\/","logo":{"@type":"ImageObject","inLanguage":"no-NO","@id":"https:\/\/grontkontor.dk\/#\/schema\/logo\/image\/","url":"https:\/\/grontkontor.dk\/wp-content\/uploads\/2014\/02\/Logo_groent_kontor_300x80.png","contentUrl":"https:\/\/grontkontor.dk\/wp-content\/uploads\/2014\/02\/Logo_groent_kontor_300x80.png","width":300,"height":80,"caption":"Gr\u00f8nt Kontor"},"image":{"@id":"https:\/\/grontkontor.dk\/#\/schema\/logo\/image\/"},"sameAs":["https:\/\/www.facebook.com\/grontkontor.dk\/"]}]}},"_links":{"self":[{"href":"https:\/\/grontkontor.dk\/no\/wp-json\/wp\/v2\/product\/118808"}],"collection":[{"href":"https:\/\/grontkontor.dk\/no\/wp-json\/wp\/v2\/product"}],"about":[{"href":"https:\/\/grontkontor.dk\/no\/wp-json\/wp\/v2\/types\/product"}],"replies":[{"embeddable":true,"href":"https:\/\/grontkontor.dk\/no\/wp-json\/wp\/v2\/comments?post=118808"}],"wp:featuredmedia":[{"embeddable":true,"href":"https:\/\/grontkontor.dk\/no\/wp-json\/wp\/v2\/media\/117384"}],"wp:attachment":[{"href":"https:\/\/grontkontor.dk\/no\/wp-json\/wp\/v2\/media?parent=118808"}],"wp:term":[{"taxonomy":"product_cat","embeddable":true,"href":"https:\/\/grontkontor.dk\/no\/wp-json\/wp\/v2\/product_cat?post=118808"},{"taxonomy":"product_tag","embeddable":true,"href":"https:\/\/grontkontor.dk\/no\/wp-json\/wp\/v2\/product_tag?post=118808"}],"curies":[{"name":"wp","href":"https:\/\/api.w.org\/{rel}","templated":true}]}}