{"id":119413,"date":"2025-01-30T14:01:45","date_gmt":"2025-01-30T13:01:47","guid":{"rendered":"https:\/\/grontkontor.dk\/?post_type=product&#038;p=119413"},"modified":"2025-11-06T11:23:27","modified_gmt":"2025-11-06T10:23:27","slug":"svedbaand-i-rpet","status":"publish","type":"product","link":"https:\/\/grontkontor.dk\/no\/shop\/svedbaand-i-rpet\/","title":{"rendered":"Svetteb\u00e5nd i rPET uten trykk"},"content":{"rendered":"<p data-start=\"102\" data-end=\"403\">Et klimavennlig svetteb\u00e5nd med innebygd glidel\u00e5slomme er en smart og milj\u00f8vennlig l\u00f8sning som kombinerer funksjonalitet med komfort. Dette svettearmb\u00e5ndet er laget av resirkulert plast og gir materialet et nytt liv og blir dermed et klimavennlig valg som b\u00e5de er praktisk og signaliserer omtanke for milj\u00f8et. <\/p>\n<p data-start=\"405\" data-end=\"761\">Svetteb\u00e5ndet er elastisk, mykt og behagelig \u00e5 ha p\u00e5 seg under trening, sport og utend\u00f8rsaktiviteter. Den lille glidel\u00e5slommen er perfekt for oppbevaring av n\u00f8kkel, mynter eller andre sm\u00e5ting, slik at du kan bevege deg fritt uten \u00e5 m\u00e5tte bekymre deg for lommer eller vesker. Dette gj\u00f8r svetteb\u00e5ndet til mer enn bare et tilbeh\u00f8r \u2013 det er et praktisk verkt\u00f8y i hverdagen.  <\/p>\n<p data-start=\"763\" data-end=\"1040\">De milj\u00f8vennlige svetteb\u00e5ndene er tilgjengelige i fargene svart, r\u00f8d, gul, rosa og bl\u00e5, slik at du kan velge akkurat den varianten som passer ditt merke eller arrangement. Med mulighet for logoutskrift blir de et effektivt salgsfremmende produkt, der logoen din vises hver gang svetteb\u00e5ndet brukes. <\/p>\n<p data-start=\"1042\" data-end=\"1282\">Klimavennlige svetteb\u00e5nd er opplagte valg som giveaways til messer, bedriftsarrangementer eller sportsarrangementer. De kombinerer h\u00f8y bruksverdi med et tydelig gr\u00f8nt signal, noe som gj\u00f8r dem til en reklameartikkel som b\u00e5de huskes og brukes igjen og igjen. <\/p>\n<p data-start=\"1284\" data-end=\"1456\">N\u00e5r du velger et milj\u00f8vennlig svettearmb\u00e5nd med praktisk glidel\u00e5slomme, f\u00e5r du et funksjonelt produkt som st\u00f8tter klimavennlige verdier og samtidig gir maksimal praktisk nytte.<\/p>\n<p>[rpet]<\/p>\n<p>[grs_s]<\/p>\n<p>&nbsp;<\/p>\n<p><img loading=\"lazy\" decoding=\"async\" src=\"https:\/\/grontkontor.dk\/wp-content\/uploads\/2021\/02\/genbrug.jpg\" alt=\"Fremstillet af genbrugsmaterialer\" width=\"50\" height=\"50\" class=\"size-full wp-image-23031\" srcset=\"https:\/\/grontkontor.dk\/wp-content\/uploads\/2021\/02\/genbrug.jpg 199w, https:\/\/grontkontor.dk\/wp-content\/uploads\/2021\/02\/genbrug-100x100.jpg 100w\" sizes=\"(max-width: 50px) 100vw, 50px\" \/><a href=\"https:\/\/textileexchange.org\/standards\/recycled-claim-standard-global-recycled-standard\/\"><img loading=\"lazy\" decoding=\"async\" src=\"https:\/\/grontkontor.dk\/wp-content\/uploads\/2021\/06\/global-recycled-standard-1.jpg\" alt=\"Global recycled standard\" width=\"50\" height=\"50\" class=\"size-full wp-image-25504\" \/> <\/a><\/p>\n<p>&nbsp;<\/p>\n<p>&nbsp;<\/p>\n","protected":false},"excerpt":{"rendered":"<p>Et klimavennlig svetteb\u00e5nd med innebygd glidel\u00e5slomme er en smart og milj\u00f8vennlig l\u00f8sning som kombinerer funksjonalitet med komfort. Dette svettearmb\u00e5ndet er laget av resirkulert plast og gir materialet et nytt liv og blir dermed et klimavennlig valg som b\u00e5de er praktisk og signaliserer omtanke for milj\u00f8et. Svetteb\u00e5ndet er elastisk, mykt og behagelig \u00e5 ha p\u00e5 seg [&hellip;]<\/p>\n","protected":false},"featured_media":119462,"comment_status":"closed","ping_status":"closed","template":"","meta":{"_acf_changed":false},"product_cat":[3199,3476,2657],"product_tag":[3973],"class_list":{"0":"post-119413","1":"product","2":"type-product","3":"status-publish","4":"has-post-thumbnail","6":"product_cat-dummy-moq-1-no","7":"product_cat-klaer","8":"product_cat-nyheter","9":"product_tag-klaer","10":"pa_farve-blaa-no","11":"pa_farve-gul-no-2","12":"pa_farve-rosa","13":"pa_farve-roed-no","14":"pa_farve-svart","15":"tm-has-options","17":"first","18":"instock","19":"taxable","20":"shipping-taxable","21":"purchasable","22":"product-type-variable","23":"has-default-attributes"},"acf":[],"yoast_head":"<!-- This site is optimized with the Yoast SEO Premium plugin v21.2 (Yoast SEO v21.2) - https:\/\/yoast.com\/wordpress\/plugins\/seo\/ -->\n<title>Svetteb\u00e5nd i rPET uten trykk - Gr\u00f8nt Kontor<\/title>\n<meta name=\"description\" content=\"Klimavennlig svetteb\u00e5nd i resirkulert plast med innebygd glidel\u00e5slomme. Milj\u00f8vennlig l\u00f8sning for sport og arrangementer. Tilgjengelig i flere farger med logotrykk.\" \/>\n<meta name=\"robots\" content=\"index, follow, max-snippet:-1, max-image-preview:large, max-video-preview:-1\" \/>\n<link rel=\"canonical\" href=\"https:\/\/grontkontor.dk\/no\/shop\/svedbaand-i-rpet\/\" \/>\n<meta property=\"og:locale\" content=\"en_US\" \/>\n<meta property=\"og:type\" content=\"article\" \/>\n<meta property=\"og:title\" content=\"Svetteb\u00e5nd i rPET uten trykk\" \/>\n<meta property=\"og:description\" content=\"Klimavennlig svetteb\u00e5nd i resirkulert plast med innebygd glidel\u00e5slomme. Milj\u00f8vennlig l\u00f8sning for sport og arrangementer. Tilgjengelig i flere farger med logotrykk.\" \/>\n<meta property=\"og:url\" content=\"https:\/\/grontkontor.dk\/no\/shop\/svedbaand-i-rpet\/\" \/>\n<meta property=\"og:site_name\" content=\"Gr\u00f8nt Kontor\" \/>\n<meta property=\"article:publisher\" content=\"https:\/\/www.facebook.com\/grontkontor.dk\/\" \/>\n<meta property=\"article:modified_time\" content=\"2025-11-06T10:23:27+00:00\" \/>\n<meta property=\"og:image\" content=\"https:\/\/grontkontor.dk\/wp-content\/uploads\/2025\/01\/Klimavenlige-armbaand-rpet-collage.jpg\" \/>\n\t<meta property=\"og:image:width\" content=\"900\" \/>\n\t<meta property=\"og:image:height\" content=\"639\" \/>\n\t<meta property=\"og:image:type\" content=\"image\/jpeg\" \/>\n<meta name=\"twitter:card\" content=\"summary_large_image\" \/>\n<meta name=\"twitter:label1\" content=\"Est. reading time\" \/>\n\t<meta name=\"twitter:data1\" content=\"1 minute\" \/>\n<script type=\"application\/ld+json\" class=\"yoast-schema-graph\">{\"@context\":\"https:\/\/schema.org\",\"@graph\":[{\"@type\":\"WebPage\",\"@id\":\"https:\/\/grontkontor.dk\/no\/shop\/svedbaand-i-rpet\/\",\"url\":\"https:\/\/grontkontor.dk\/no\/shop\/svedbaand-i-rpet\/\",\"name\":\"Svetteb\u00e5nd i rPET uten trykk - Gr\u00f8nt Kontor\",\"isPartOf\":{\"@id\":\"https:\/\/grontkontor.dk\/#website\"},\"datePublished\":\"2025-01-30T13:01:47+00:00\",\"dateModified\":\"2025-11-06T10:23:27+00:00\",\"description\":\"Klimavennlig svetteb\u00e5nd i resirkulert plast med innebygd glidel\u00e5slomme. Milj\u00f8vennlig l\u00f8sning for sport og arrangementer. Tilgjengelig i flere farger med logotrykk.\",\"breadcrumb\":{\"@id\":\"https:\/\/grontkontor.dk\/no\/shop\/svedbaand-i-rpet\/#breadcrumb\"},\"inLanguage\":\"no-NO\",\"potentialAction\":[{\"@type\":\"ReadAction\",\"target\":[\"https:\/\/grontkontor.dk\/no\/shop\/svedbaand-i-rpet\/\"]}]},{\"@type\":\"BreadcrumbList\",\"@id\":\"https:\/\/grontkontor.dk\/no\/shop\/svedbaand-i-rpet\/#breadcrumb\",\"itemListElement\":[{\"@type\":\"ListItem\",\"position\":1,\"name\":\"Forside\",\"item\":\"https:\/\/grontkontor.dk\/\"},{\"@type\":\"ListItem\",\"position\":2,\"name\":\"Butikk\",\"item\":\"https:\/\/grontkontor.dk\/no\/butikk-2\/\"},{\"@type\":\"ListItem\",\"position\":3,\"name\":\"Dummy MOQ 1\",\"item\":\"https:\/\/grontkontor.dk\/no\/produkt-kategori\/dummy-moq-1-no\/\"},{\"@type\":\"ListItem\",\"position\":4,\"name\":\"Svetteb\u00e5nd i rPET uten trykk\"}]},{\"@type\":\"WebSite\",\"@id\":\"https:\/\/grontkontor.dk\/#website\",\"url\":\"https:\/\/grontkontor.dk\/\",\"name\":\"Gr\u00f8nt Kontor\",\"description\":\"Milj\u00f8venlige produkter til kontor og erhverv med fokus p\u00e5 b\u00e6redygtighed, design og fair trade.\",\"publisher\":{\"@id\":\"https:\/\/grontkontor.dk\/#organization\"},\"potentialAction\":[{\"@type\":\"SearchAction\",\"target\":{\"@type\":\"EntryPoint\",\"urlTemplate\":\"https:\/\/grontkontor.dk\/?s={search_term_string}\"},\"query-input\":\"required name=search_term_string\"}],\"inLanguage\":\"no-NO\"},{\"@type\":\"Organization\",\"@id\":\"https:\/\/grontkontor.dk\/#organization\",\"name\":\"Gr\u00f8nt Kontor\",\"url\":\"https:\/\/grontkontor.dk\/\",\"logo\":{\"@type\":\"ImageObject\",\"inLanguage\":\"no-NO\",\"@id\":\"https:\/\/grontkontor.dk\/#\/schema\/logo\/image\/\",\"url\":\"https:\/\/grontkontor.dk\/wp-content\/uploads\/2014\/02\/Logo_groent_kontor_300x80.png\",\"contentUrl\":\"https:\/\/grontkontor.dk\/wp-content\/uploads\/2014\/02\/Logo_groent_kontor_300x80.png\",\"width\":300,\"height\":80,\"caption\":\"Gr\u00f8nt Kontor\"},\"image\":{\"@id\":\"https:\/\/grontkontor.dk\/#\/schema\/logo\/image\/\"},\"sameAs\":[\"https:\/\/www.facebook.com\/grontkontor.dk\/\"]}]}<\/script>\n<!-- \/ Yoast SEO Premium plugin. -->","yoast_head_json":{"title":"Svetteb\u00e5nd i rPET uten trykk - Gr\u00f8nt Kontor","description":"Klimavennlig svetteb\u00e5nd i resirkulert plast med innebygd glidel\u00e5slomme. Milj\u00f8vennlig l\u00f8sning for sport og arrangementer. Tilgjengelig i flere farger med logotrykk.","robots":{"index":"index","follow":"follow","max-snippet":"max-snippet:-1","max-image-preview":"max-image-preview:large","max-video-preview":"max-video-preview:-1"},"canonical":"https:\/\/grontkontor.dk\/no\/shop\/svedbaand-i-rpet\/","og_locale":"en_US","og_type":"article","og_title":"Svetteb\u00e5nd i rPET uten trykk","og_description":"Klimavennlig svetteb\u00e5nd i resirkulert plast med innebygd glidel\u00e5slomme. Milj\u00f8vennlig l\u00f8sning for sport og arrangementer. Tilgjengelig i flere farger med logotrykk.","og_url":"https:\/\/grontkontor.dk\/no\/shop\/svedbaand-i-rpet\/","og_site_name":"Gr\u00f8nt Kontor","article_publisher":"https:\/\/www.facebook.com\/grontkontor.dk\/","article_modified_time":"2025-11-06T10:23:27+00:00","og_image":[{"width":900,"height":639,"url":"https:\/\/grontkontor.dk\/wp-content\/uploads\/2025\/01\/Klimavenlige-armbaand-rpet-collage.jpg","type":"image\/jpeg"}],"twitter_card":"summary_large_image","twitter_misc":{"Est. reading time":"1 minute"},"schema":{"@context":"https:\/\/schema.org","@graph":[{"@type":"WebPage","@id":"https:\/\/grontkontor.dk\/no\/shop\/svedbaand-i-rpet\/","url":"https:\/\/grontkontor.dk\/no\/shop\/svedbaand-i-rpet\/","name":"Svetteb\u00e5nd i rPET uten trykk - Gr\u00f8nt Kontor","isPartOf":{"@id":"https:\/\/grontkontor.dk\/#website"},"datePublished":"2025-01-30T13:01:47+00:00","dateModified":"2025-11-06T10:23:27+00:00","description":"Klimavennlig svetteb\u00e5nd i resirkulert plast med innebygd glidel\u00e5slomme. Milj\u00f8vennlig l\u00f8sning for sport og arrangementer. Tilgjengelig i flere farger med logotrykk.","breadcrumb":{"@id":"https:\/\/grontkontor.dk\/no\/shop\/svedbaand-i-rpet\/#breadcrumb"},"inLanguage":"no-NO","potentialAction":[{"@type":"ReadAction","target":["https:\/\/grontkontor.dk\/no\/shop\/svedbaand-i-rpet\/"]}]},{"@type":"BreadcrumbList","@id":"https:\/\/grontkontor.dk\/no\/shop\/svedbaand-i-rpet\/#breadcrumb","itemListElement":[{"@type":"ListItem","position":1,"name":"Forside","item":"https:\/\/grontkontor.dk\/"},{"@type":"ListItem","position":2,"name":"Butikk","item":"https:\/\/grontkontor.dk\/no\/butikk-2\/"},{"@type":"ListItem","position":3,"name":"Dummy MOQ 1","item":"https:\/\/grontkontor.dk\/no\/produkt-kategori\/dummy-moq-1-no\/"},{"@type":"ListItem","position":4,"name":"Svetteb\u00e5nd i rPET uten trykk"}]},{"@type":"WebSite","@id":"https:\/\/grontkontor.dk\/#website","url":"https:\/\/grontkontor.dk\/","name":"Gr\u00f8nt Kontor","description":"Milj\u00f8venlige produkter til kontor og erhverv med fokus p\u00e5 b\u00e6redygtighed, design og fair trade.","publisher":{"@id":"https:\/\/grontkontor.dk\/#organization"},"potentialAction":[{"@type":"SearchAction","target":{"@type":"EntryPoint","urlTemplate":"https:\/\/grontkontor.dk\/?s={search_term_string}"},"query-input":"required name=search_term_string"}],"inLanguage":"no-NO"},{"@type":"Organization","@id":"https:\/\/grontkontor.dk\/#organization","name":"Gr\u00f8nt Kontor","url":"https:\/\/grontkontor.dk\/","logo":{"@type":"ImageObject","inLanguage":"no-NO","@id":"https:\/\/grontkontor.dk\/#\/schema\/logo\/image\/","url":"https:\/\/grontkontor.dk\/wp-content\/uploads\/2014\/02\/Logo_groent_kontor_300x80.png","contentUrl":"https:\/\/grontkontor.dk\/wp-content\/uploads\/2014\/02\/Logo_groent_kontor_300x80.png","width":300,"height":80,"caption":"Gr\u00f8nt Kontor"},"image":{"@id":"https:\/\/grontkontor.dk\/#\/schema\/logo\/image\/"},"sameAs":["https:\/\/www.facebook.com\/grontkontor.dk\/"]}]}},"_links":{"self":[{"href":"https:\/\/grontkontor.dk\/no\/wp-json\/wp\/v2\/product\/119413"}],"collection":[{"href":"https:\/\/grontkontor.dk\/no\/wp-json\/wp\/v2\/product"}],"about":[{"href":"https:\/\/grontkontor.dk\/no\/wp-json\/wp\/v2\/types\/product"}],"replies":[{"embeddable":true,"href":"https:\/\/grontkontor.dk\/no\/wp-json\/wp\/v2\/comments?post=119413"}],"wp:featuredmedia":[{"embeddable":true,"href":"https:\/\/grontkontor.dk\/no\/wp-json\/wp\/v2\/media\/119462"}],"wp:attachment":[{"href":"https:\/\/grontkontor.dk\/no\/wp-json\/wp\/v2\/media?parent=119413"}],"wp:term":[{"taxonomy":"product_cat","embeddable":true,"href":"https:\/\/grontkontor.dk\/no\/wp-json\/wp\/v2\/product_cat?post=119413"},{"taxonomy":"product_tag","embeddable":true,"href":"https:\/\/grontkontor.dk\/no\/wp-json\/wp\/v2\/product_tag?post=119413"}],"curies":[{"name":"wp","href":"https:\/\/api.w.org\/{rel}","templated":true}]}}