{"id":120687,"date":"2025-02-19T10:07:21","date_gmt":"2025-02-19T09:07:25","guid":{"rendered":"https:\/\/grontkontor.dk\/?post_type=product&#038;p=120687"},"modified":"2025-11-06T10:45:01","modified_gmt":"2025-11-06T09:45:01","slug":"rejsepude-i-genanvendt-plast","status":"publish","type":"product","link":"https:\/\/grontkontor.dk\/no\/shop\/rejsepude-i-genanvendt-plast\/","title":{"rendered":"Reisepute i resirkulert plast"},"content":{"rendered":"<p data-start=\"121\" data-end=\"462\">En komfortabel nakkepute gj\u00f8r reisen mye mer komfortabel \u2013 enten du er p\u00e5 fly, tog, bil eller buss. Denne klimavennlige nakkeputen er polstret med mykt fyll, som former seg etter nakken og gir optimal st\u00f8tte. Den justerbare sn\u00f8ringlukkingen s\u00f8rger for at puten holder seg p\u00e5 plass, slik at du kan slappe av og f\u00e5 en mer komfortabel reiseopplevelse.  <\/p>\n<p data-start=\"464\" data-end=\"744\">Som en ekstra detalj kommer nakkeputen med en praktisk veske i resirkulert plast som beskytter den n\u00e5r den ikke er i bruk og gj\u00f8r den enkel \u00e5 ha med seg hvor som helst. Dette gj\u00f8r den b\u00e5de funksjonell og milj\u00f8vennlig \u2013 perfekt for den moderne reisende som setter pris p\u00e5 komfort og omtanke for klimaet. <\/p>\n<p data-start=\"746\" data-end=\"1064\">Nakkeputer er popul\u00e6re gaver og firmagaver fordi de kombinerer praktisk med et positivt signal. Denne modellen kan leveres med logotrykk, slik at merkevaren din vises frem hver gang puten brukes. Dette gj\u00f8r den ideell for kampanjer, messer eller som en eksklusiv gave til ansatte og kunder.  <\/p>\n<p data-start=\"1066\" data-end=\"1277\">Ved \u00e5 velge en klimavennlig nakkepute viser du at du bryr deg om b\u00e5de komfort og milj\u00f8. Et enkelt, men effektivt produkt som skiller seg ut fra tradisjonelle reklameartikler og gir en opplevelse \u00e5 huske. <\/p>\n<p>[rpet]<\/p>\n<p>&nbsp;<\/p>\n<p>[grs_s]<\/p>\n<p>&nbsp;<\/p>\n<p><img loading=\"lazy\" decoding=\"async\" src=\"https:\/\/grontkontor.dk\/wp-content\/uploads\/2021\/02\/genbrug.jpg\" alt=\"Fremstillet af genbrugsmaterialer\" width=\"50\" height=\"50\" class=\"size-full wp-image-23031\" srcset=\"https:\/\/grontkontor.dk\/wp-content\/uploads\/2021\/02\/genbrug.jpg 199w, https:\/\/grontkontor.dk\/wp-content\/uploads\/2021\/02\/genbrug-100x100.jpg 100w\" sizes=\"(max-width: 50px) 100vw, 50px\" \/><a href=\"https:\/\/textileexchange.org\/standards\/recycled-claim-standard-global-recycled-standard\/\"><img loading=\"lazy\" decoding=\"async\" src=\"https:\/\/grontkontor.dk\/wp-content\/uploads\/2021\/06\/global-recycled-standard-1.jpg\" alt=\"Global recycled standard\" width=\"50\" height=\"50\" class=\"size-full wp-image-25504\" \/> <\/a><\/p>\n<p>&nbsp;<\/p>\n<p>&nbsp;<\/p>\n","protected":false},"excerpt":{"rendered":"<p>En komfortabel nakkepute gj\u00f8r reisen mye mer komfortabel \u2013 enten du er p\u00e5 fly, tog, bil eller buss. Denne klimavennlige nakkeputen er polstret med mykt fyll, som former seg etter nakken og gir optimal st\u00f8tte. Den justerbare sn\u00f8ringlukkingen s\u00f8rger for at puten holder seg p\u00e5 plass, slik at du kan slappe av og f\u00e5 en [&hellip;]<\/p>\n","protected":false},"featured_media":120729,"comment_status":"closed","ping_status":"closed","template":"","meta":{"_acf_changed":false},"product_cat":[3199,3476,2657],"product_tag":[3973],"class_list":{"0":"post-120687","1":"product","2":"type-product","3":"status-publish","4":"has-post-thumbnail","6":"product_cat-dummy-moq-1-no","7":"product_cat-klaer","8":"product_cat-nyheter","9":"product_tag-klaer","10":"pa_farve-blaa-no","11":"pa_farve-gul-no-2","12":"pa_farve-rosa","13":"pa_farve-roed-no","14":"pa_farve-svart","15":"tm-has-options","17":"first","18":"instock","19":"taxable","20":"shipping-taxable","21":"purchasable","22":"product-type-simple"},"acf":[],"yoast_head":"<!-- This site is optimized with the Yoast SEO Premium plugin v21.2 (Yoast SEO v21.2) - https:\/\/yoast.com\/wordpress\/plugins\/seo\/ -->\n<title>Reisepute i resirkulert plast - Gr\u00f8nt Kontor<\/title>\n<meta name=\"description\" content=\"Komfortabel og klimavennlig nakkepute med myk polstring og sn\u00f8ring. Milj\u00f8vennlig l\u00f8sning leveres i en pose laget av resirkulert plast. Tilgjengelig med logotrykk.\" \/>\n<meta name=\"robots\" content=\"index, follow, max-snippet:-1, max-image-preview:large, max-video-preview:-1\" \/>\n<link rel=\"canonical\" href=\"https:\/\/grontkontor.dk\/no\/shop\/rejsepude-i-genanvendt-plast\/\" \/>\n<meta property=\"og:locale\" content=\"en_US\" \/>\n<meta property=\"og:type\" content=\"article\" \/>\n<meta property=\"og:title\" content=\"Reisepute i resirkulert plast\" \/>\n<meta property=\"og:description\" content=\"Komfortabel og klimavennlig nakkepute med myk polstring og sn\u00f8ring. Milj\u00f8vennlig l\u00f8sning leveres i en pose laget av resirkulert plast. Tilgjengelig med logotrykk.\" \/>\n<meta property=\"og:url\" content=\"https:\/\/grontkontor.dk\/no\/shop\/rejsepude-i-genanvendt-plast\/\" \/>\n<meta property=\"og:site_name\" content=\"Gr\u00f8nt Kontor\" \/>\n<meta property=\"article:publisher\" content=\"https:\/\/www.facebook.com\/grontkontor.dk\/\" \/>\n<meta property=\"article:modified_time\" content=\"2025-11-06T09:45:01+00:00\" \/>\n<meta property=\"og:image\" content=\"https:\/\/grontkontor.dk\/wp-content\/uploads\/2025\/02\/Nakkestoette-i-klimavenligt-rpet.jpg\" \/>\n\t<meta property=\"og:image:width\" content=\"900\" \/>\n\t<meta property=\"og:image:height\" content=\"639\" \/>\n\t<meta property=\"og:image:type\" content=\"image\/jpeg\" \/>\n<meta name=\"twitter:card\" content=\"summary_large_image\" \/>\n<meta name=\"twitter:label1\" content=\"Est. reading time\" \/>\n\t<meta name=\"twitter:data1\" content=\"1 minute\" \/>\n<script type=\"application\/ld+json\" class=\"yoast-schema-graph\">{\"@context\":\"https:\/\/schema.org\",\"@graph\":[{\"@type\":\"WebPage\",\"@id\":\"https:\/\/grontkontor.dk\/no\/shop\/rejsepude-i-genanvendt-plast\/\",\"url\":\"https:\/\/grontkontor.dk\/no\/shop\/rejsepude-i-genanvendt-plast\/\",\"name\":\"Reisepute i resirkulert plast - Gr\u00f8nt Kontor\",\"isPartOf\":{\"@id\":\"https:\/\/grontkontor.dk\/#website\"},\"datePublished\":\"2025-02-19T09:07:25+00:00\",\"dateModified\":\"2025-11-06T09:45:01+00:00\",\"description\":\"Komfortabel og klimavennlig nakkepute med myk polstring og sn\u00f8ring. Milj\u00f8vennlig l\u00f8sning leveres i en pose laget av resirkulert plast. Tilgjengelig med logotrykk.\",\"breadcrumb\":{\"@id\":\"https:\/\/grontkontor.dk\/no\/shop\/rejsepude-i-genanvendt-plast\/#breadcrumb\"},\"inLanguage\":\"no-NO\",\"potentialAction\":[{\"@type\":\"ReadAction\",\"target\":[\"https:\/\/grontkontor.dk\/no\/shop\/rejsepude-i-genanvendt-plast\/\"]}]},{\"@type\":\"BreadcrumbList\",\"@id\":\"https:\/\/grontkontor.dk\/no\/shop\/rejsepude-i-genanvendt-plast\/#breadcrumb\",\"itemListElement\":[{\"@type\":\"ListItem\",\"position\":1,\"name\":\"Forside\",\"item\":\"https:\/\/grontkontor.dk\/\"},{\"@type\":\"ListItem\",\"position\":2,\"name\":\"Butikk\",\"item\":\"https:\/\/grontkontor.dk\/no\/butikk-2\/\"},{\"@type\":\"ListItem\",\"position\":3,\"name\":\"Dummy MOQ 1\",\"item\":\"https:\/\/grontkontor.dk\/no\/produkt-kategori\/dummy-moq-1-no\/\"},{\"@type\":\"ListItem\",\"position\":4,\"name\":\"Reisepute i resirkulert plast\"}]},{\"@type\":\"WebSite\",\"@id\":\"https:\/\/grontkontor.dk\/#website\",\"url\":\"https:\/\/grontkontor.dk\/\",\"name\":\"Gr\u00f8nt Kontor\",\"description\":\"Milj\u00f8venlige produkter til kontor og erhverv med fokus p\u00e5 b\u00e6redygtighed, design og fair trade.\",\"publisher\":{\"@id\":\"https:\/\/grontkontor.dk\/#organization\"},\"potentialAction\":[{\"@type\":\"SearchAction\",\"target\":{\"@type\":\"EntryPoint\",\"urlTemplate\":\"https:\/\/grontkontor.dk\/?s={search_term_string}\"},\"query-input\":\"required name=search_term_string\"}],\"inLanguage\":\"no-NO\"},{\"@type\":\"Organization\",\"@id\":\"https:\/\/grontkontor.dk\/#organization\",\"name\":\"Gr\u00f8nt Kontor\",\"url\":\"https:\/\/grontkontor.dk\/\",\"logo\":{\"@type\":\"ImageObject\",\"inLanguage\":\"no-NO\",\"@id\":\"https:\/\/grontkontor.dk\/#\/schema\/logo\/image\/\",\"url\":\"https:\/\/grontkontor.dk\/wp-content\/uploads\/2014\/02\/Logo_groent_kontor_300x80.png\",\"contentUrl\":\"https:\/\/grontkontor.dk\/wp-content\/uploads\/2014\/02\/Logo_groent_kontor_300x80.png\",\"width\":300,\"height\":80,\"caption\":\"Gr\u00f8nt Kontor\"},\"image\":{\"@id\":\"https:\/\/grontkontor.dk\/#\/schema\/logo\/image\/\"},\"sameAs\":[\"https:\/\/www.facebook.com\/grontkontor.dk\/\"]}]}<\/script>\n<!-- \/ Yoast SEO Premium plugin. -->","yoast_head_json":{"title":"Reisepute i resirkulert plast - Gr\u00f8nt Kontor","description":"Komfortabel og klimavennlig nakkepute med myk polstring og sn\u00f8ring. Milj\u00f8vennlig l\u00f8sning leveres i en pose laget av resirkulert plast. Tilgjengelig med logotrykk.","robots":{"index":"index","follow":"follow","max-snippet":"max-snippet:-1","max-image-preview":"max-image-preview:large","max-video-preview":"max-video-preview:-1"},"canonical":"https:\/\/grontkontor.dk\/no\/shop\/rejsepude-i-genanvendt-plast\/","og_locale":"en_US","og_type":"article","og_title":"Reisepute i resirkulert plast","og_description":"Komfortabel og klimavennlig nakkepute med myk polstring og sn\u00f8ring. Milj\u00f8vennlig l\u00f8sning leveres i en pose laget av resirkulert plast. Tilgjengelig med logotrykk.","og_url":"https:\/\/grontkontor.dk\/no\/shop\/rejsepude-i-genanvendt-plast\/","og_site_name":"Gr\u00f8nt Kontor","article_publisher":"https:\/\/www.facebook.com\/grontkontor.dk\/","article_modified_time":"2025-11-06T09:45:01+00:00","og_image":[{"width":900,"height":639,"url":"https:\/\/grontkontor.dk\/wp-content\/uploads\/2025\/02\/Nakkestoette-i-klimavenligt-rpet.jpg","type":"image\/jpeg"}],"twitter_card":"summary_large_image","twitter_misc":{"Est. reading time":"1 minute"},"schema":{"@context":"https:\/\/schema.org","@graph":[{"@type":"WebPage","@id":"https:\/\/grontkontor.dk\/no\/shop\/rejsepude-i-genanvendt-plast\/","url":"https:\/\/grontkontor.dk\/no\/shop\/rejsepude-i-genanvendt-plast\/","name":"Reisepute i resirkulert plast - Gr\u00f8nt Kontor","isPartOf":{"@id":"https:\/\/grontkontor.dk\/#website"},"datePublished":"2025-02-19T09:07:25+00:00","dateModified":"2025-11-06T09:45:01+00:00","description":"Komfortabel og klimavennlig nakkepute med myk polstring og sn\u00f8ring. Milj\u00f8vennlig l\u00f8sning leveres i en pose laget av resirkulert plast. Tilgjengelig med logotrykk.","breadcrumb":{"@id":"https:\/\/grontkontor.dk\/no\/shop\/rejsepude-i-genanvendt-plast\/#breadcrumb"},"inLanguage":"no-NO","potentialAction":[{"@type":"ReadAction","target":["https:\/\/grontkontor.dk\/no\/shop\/rejsepude-i-genanvendt-plast\/"]}]},{"@type":"BreadcrumbList","@id":"https:\/\/grontkontor.dk\/no\/shop\/rejsepude-i-genanvendt-plast\/#breadcrumb","itemListElement":[{"@type":"ListItem","position":1,"name":"Forside","item":"https:\/\/grontkontor.dk\/"},{"@type":"ListItem","position":2,"name":"Butikk","item":"https:\/\/grontkontor.dk\/no\/butikk-2\/"},{"@type":"ListItem","position":3,"name":"Dummy MOQ 1","item":"https:\/\/grontkontor.dk\/no\/produkt-kategori\/dummy-moq-1-no\/"},{"@type":"ListItem","position":4,"name":"Reisepute i resirkulert plast"}]},{"@type":"WebSite","@id":"https:\/\/grontkontor.dk\/#website","url":"https:\/\/grontkontor.dk\/","name":"Gr\u00f8nt Kontor","description":"Milj\u00f8venlige produkter til kontor og erhverv med fokus p\u00e5 b\u00e6redygtighed, design og fair trade.","publisher":{"@id":"https:\/\/grontkontor.dk\/#organization"},"potentialAction":[{"@type":"SearchAction","target":{"@type":"EntryPoint","urlTemplate":"https:\/\/grontkontor.dk\/?s={search_term_string}"},"query-input":"required name=search_term_string"}],"inLanguage":"no-NO"},{"@type":"Organization","@id":"https:\/\/grontkontor.dk\/#organization","name":"Gr\u00f8nt Kontor","url":"https:\/\/grontkontor.dk\/","logo":{"@type":"ImageObject","inLanguage":"no-NO","@id":"https:\/\/grontkontor.dk\/#\/schema\/logo\/image\/","url":"https:\/\/grontkontor.dk\/wp-content\/uploads\/2014\/02\/Logo_groent_kontor_300x80.png","contentUrl":"https:\/\/grontkontor.dk\/wp-content\/uploads\/2014\/02\/Logo_groent_kontor_300x80.png","width":300,"height":80,"caption":"Gr\u00f8nt Kontor"},"image":{"@id":"https:\/\/grontkontor.dk\/#\/schema\/logo\/image\/"},"sameAs":["https:\/\/www.facebook.com\/grontkontor.dk\/"]}]}},"_links":{"self":[{"href":"https:\/\/grontkontor.dk\/no\/wp-json\/wp\/v2\/product\/120687"}],"collection":[{"href":"https:\/\/grontkontor.dk\/no\/wp-json\/wp\/v2\/product"}],"about":[{"href":"https:\/\/grontkontor.dk\/no\/wp-json\/wp\/v2\/types\/product"}],"replies":[{"embeddable":true,"href":"https:\/\/grontkontor.dk\/no\/wp-json\/wp\/v2\/comments?post=120687"}],"wp:featuredmedia":[{"embeddable":true,"href":"https:\/\/grontkontor.dk\/no\/wp-json\/wp\/v2\/media\/120729"}],"wp:attachment":[{"href":"https:\/\/grontkontor.dk\/no\/wp-json\/wp\/v2\/media?parent=120687"}],"wp:term":[{"taxonomy":"product_cat","embeddable":true,"href":"https:\/\/grontkontor.dk\/no\/wp-json\/wp\/v2\/product_cat?post=120687"},{"taxonomy":"product_tag","embeddable":true,"href":"https:\/\/grontkontor.dk\/no\/wp-json\/wp\/v2\/product_tag?post=120687"}],"curies":[{"name":"wp","href":"https:\/\/api.w.org\/{rel}","templated":true}]}}