{"id":121603,"date":"2025-03-06T08:55:07","date_gmt":"2025-03-14T08:40:13","guid":{"rendered":"https:\/\/grontkontor.dk\/shop\/miljoevenlige-farveblyanter-12-stk-i-aeske\/"},"modified":"2025-03-14T09:40:13","modified_gmt":"2025-03-14T08:40:13","slug":"miljoevenlige-farveblyanter-12-stk-i-aeske","status":"publish","type":"product","link":"https:\/\/grontkontor.dk\/no\/shop\/miljoevenlige-farveblyanter-12-stk-i-aeske\/","title":{"rendered":"Fargestifter 12 stk."},"content":{"rendered":"<p>Fargestifter laget av tre &#8211; levert i en milj\u00f8vennlig eske laget av resirkulert papir. Et klima- og milj\u00f8vennlig produkt, perfekt for den klimavennlige barnehagen, biblioteket, kreative sjeler eller som et utdelingsark til en messe eller et arrangement. Leveres med eller uten trykk p\u00e5 forsiden av esken. Minimumsbestilling: 250 stk. med trykk.   <\/p>\n<p>[papir]<\/p>\n<p>&nbsp;<\/p>\n<img loading=\"lazy\" decoding=\"async\" src=\"https:\/\/grontkontor.dk\/wp-content\/uploads\/2021\/02\/genbrug.jpg\" alt=\"Fremstillet af genbrugsmaterialer\" width=\"50\" height=\"50\" class=\"size-full wp-image-23031\" srcset=\"https:\/\/grontkontor.dk\/wp-content\/uploads\/2021\/02\/genbrug.jpg 199w, https:\/\/grontkontor.dk\/wp-content\/uploads\/2021\/02\/genbrug-100x100.jpg 100w\" sizes=\"(max-width: 50px) 100vw, 50px\" \/>\n","protected":false},"excerpt":{"rendered":"<p>Fargestifter laget av tre &#8211; levert i en milj\u00f8vennlig eske laget av resirkulert papir. Et klima- og milj\u00f8vennlig produkt, perfekt for den klimavennlige barnehagen, biblioteket, kreative sjeler eller som et utdelingsark til en messe eller et arrangement. Leveres med eller uten trykk p\u00e5 forsiden av esken. Minimumsbestilling: 250 stk. med trykk. [papir] &nbsp;<\/p>\n","protected":false},"featured_media":58528,"comment_status":"closed","ping_status":"closed","template":"","meta":{"_acf_changed":false},"product_cat":[3976,3199,2657,3299],"product_tag":[3653,4295],"class_list":{"0":"post-121603","1":"product","2":"type-product","3":"status-publish","4":"has-post-thumbnail","6":"product_cat-blyanter-no","7":"product_cat-dummy-moq-1-no","8":"product_cat-nyheter","9":"product_cat-skrive-og-pekeutstyr","10":"product_tag-blyant-no","11":"product_tag-fargeblyant","12":"tm-has-options","14":"first","15":"instock","16":"taxable","17":"shipping-taxable","18":"purchasable","19":"product-type-simple"},"acf":[],"yoast_head":"<!-- This site is optimized with the Yoast SEO Premium plugin v21.2 (Yoast SEO v21.2) - https:\/\/yoast.com\/wordpress\/plugins\/seo\/ -->\n<title>Fargestifter 12 stk. - Gr\u00f8nt Kontor<\/title>\n<meta name=\"robots\" content=\"index, follow, max-snippet:-1, max-image-preview:large, max-video-preview:-1\" \/>\n<link rel=\"canonical\" href=\"https:\/\/grontkontor.dk\/shop\/miljoevenlige-farveblyanter-12-stk-i-aeske\/\" \/>\n<meta property=\"og:locale\" content=\"en_US\" \/>\n<meta property=\"og:type\" content=\"article\" \/>\n<meta property=\"og:title\" content=\"Fargestifter 12 stk.\" \/>\n<meta property=\"og:description\" content=\"Fargestifter laget av tre &#8211; levert i en milj\u00f8vennlig eske laget av resirkulert papir. Et klima- og milj\u00f8vennlig produkt, perfekt for den klimavennlige barnehagen, biblioteket, kreative sjeler eller som et utdelingsark til en messe eller et arrangement. Leveres med eller uten trykk p\u00e5 forsiden av esken. Minimumsbestilling: 250 stk. med trykk. [papir] &nbsp;\" \/>\n<meta property=\"og:url\" content=\"https:\/\/grontkontor.dk\/shop\/miljoevenlige-farveblyanter-12-stk-i-aeske\/\" \/>\n<meta property=\"og:site_name\" content=\"Gr\u00f8nt Kontor\" \/>\n<meta property=\"article:publisher\" content=\"https:\/\/www.facebook.com\/grontkontor.dk\/\" \/>\n<meta property=\"og:image\" content=\"https:\/\/grontkontor.dk\/wp-content\/uploads\/2022\/08\/baeredygtige-farveblyanter-12-stk.jpg\" \/>\n\t<meta property=\"og:image:width\" content=\"900\" \/>\n\t<meta property=\"og:image:height\" content=\"639\" \/>\n\t<meta property=\"og:image:type\" content=\"image\/jpeg\" \/>\n<meta name=\"twitter:card\" content=\"summary_large_image\" \/>\n<script type=\"application\/ld+json\" class=\"yoast-schema-graph\">{\"@context\":\"https:\/\/schema.org\",\"@graph\":[{\"@type\":\"WebPage\",\"@id\":\"https:\/\/grontkontor.dk\/shop\/miljoevenlige-farveblyanter-12-stk-i-aeske\/\",\"url\":\"https:\/\/grontkontor.dk\/shop\/miljoevenlige-farveblyanter-12-stk-i-aeske\/\",\"name\":\"Fargestifter 12 stk. - Gr\u00f8nt Kontor\",\"isPartOf\":{\"@id\":\"https:\/\/grontkontor.dk\/#website\"},\"datePublished\":\"2025-03-14T08:40:13+00:00\",\"dateModified\":\"2025-03-14T08:40:13+00:00\",\"breadcrumb\":{\"@id\":\"https:\/\/grontkontor.dk\/shop\/miljoevenlige-farveblyanter-12-stk-i-aeske\/#breadcrumb\"},\"inLanguage\":\"no-NO\",\"potentialAction\":[{\"@type\":\"ReadAction\",\"target\":[\"https:\/\/grontkontor.dk\/shop\/miljoevenlige-farveblyanter-12-stk-i-aeske\/\"]}]},{\"@type\":\"BreadcrumbList\",\"@id\":\"https:\/\/grontkontor.dk\/shop\/miljoevenlige-farveblyanter-12-stk-i-aeske\/#breadcrumb\",\"itemListElement\":[{\"@type\":\"ListItem\",\"position\":1,\"name\":\"Forside\",\"item\":\"https:\/\/grontkontor.dk\/\"},{\"@type\":\"ListItem\",\"position\":2,\"name\":\"Butikk\",\"item\":\"https:\/\/grontkontor.dk\/no\/butikk-2\/\"},{\"@type\":\"ListItem\",\"position\":3,\"name\":\"Skrive- og pekeutstyr\",\"item\":\"https:\/\/grontkontor.dk\/no\/produkt-kategori\/skrive-og-pekeutstyr\/\"},{\"@type\":\"ListItem\",\"position\":4,\"name\":\"Blyanter\",\"item\":\"https:\/\/grontkontor.dk\/no\/produkt-kategori\/skrive-og-pekeutstyr\/blyanter-no\/\"},{\"@type\":\"ListItem\",\"position\":5,\"name\":\"Fargestifter 12 stk.\"}]},{\"@type\":\"WebSite\",\"@id\":\"https:\/\/grontkontor.dk\/#website\",\"url\":\"https:\/\/grontkontor.dk\/\",\"name\":\"Gr\u00f8nt Kontor\",\"description\":\"Milj\u00f8venlige produkter til kontor og erhverv med fokus p\u00e5 b\u00e6redygtighed, design og fair trade.\",\"publisher\":{\"@id\":\"https:\/\/grontkontor.dk\/#organization\"},\"potentialAction\":[{\"@type\":\"SearchAction\",\"target\":{\"@type\":\"EntryPoint\",\"urlTemplate\":\"https:\/\/grontkontor.dk\/?s={search_term_string}\"},\"query-input\":\"required name=search_term_string\"}],\"inLanguage\":\"no-NO\"},{\"@type\":\"Organization\",\"@id\":\"https:\/\/grontkontor.dk\/#organization\",\"name\":\"Gr\u00f8nt Kontor\",\"url\":\"https:\/\/grontkontor.dk\/\",\"logo\":{\"@type\":\"ImageObject\",\"inLanguage\":\"no-NO\",\"@id\":\"https:\/\/grontkontor.dk\/#\/schema\/logo\/image\/\",\"url\":\"https:\/\/grontkontor.dk\/wp-content\/uploads\/2014\/02\/Logo_groent_kontor_300x80.png\",\"contentUrl\":\"https:\/\/grontkontor.dk\/wp-content\/uploads\/2014\/02\/Logo_groent_kontor_300x80.png\",\"width\":300,\"height\":80,\"caption\":\"Gr\u00f8nt Kontor\"},\"image\":{\"@id\":\"https:\/\/grontkontor.dk\/#\/schema\/logo\/image\/\"},\"sameAs\":[\"https:\/\/www.facebook.com\/grontkontor.dk\/\"]}]}<\/script>\n<!-- \/ Yoast SEO Premium plugin. -->","yoast_head_json":{"title":"Fargestifter 12 stk. - Gr\u00f8nt Kontor","robots":{"index":"index","follow":"follow","max-snippet":"max-snippet:-1","max-image-preview":"max-image-preview:large","max-video-preview":"max-video-preview:-1"},"canonical":"https:\/\/grontkontor.dk\/shop\/miljoevenlige-farveblyanter-12-stk-i-aeske\/","og_locale":"en_US","og_type":"article","og_title":"Fargestifter 12 stk.","og_description":"Fargestifter laget av tre &#8211; levert i en milj\u00f8vennlig eske laget av resirkulert papir. Et klima- og milj\u00f8vennlig produkt, perfekt for den klimavennlige barnehagen, biblioteket, kreative sjeler eller som et utdelingsark til en messe eller et arrangement. Leveres med eller uten trykk p\u00e5 forsiden av esken. Minimumsbestilling: 250 stk. med trykk. [papir] &nbsp;","og_url":"https:\/\/grontkontor.dk\/shop\/miljoevenlige-farveblyanter-12-stk-i-aeske\/","og_site_name":"Gr\u00f8nt Kontor","article_publisher":"https:\/\/www.facebook.com\/grontkontor.dk\/","og_image":[{"width":900,"height":639,"url":"https:\/\/grontkontor.dk\/wp-content\/uploads\/2022\/08\/baeredygtige-farveblyanter-12-stk.jpg","type":"image\/jpeg"}],"twitter_card":"summary_large_image","schema":{"@context":"https:\/\/schema.org","@graph":[{"@type":"WebPage","@id":"https:\/\/grontkontor.dk\/shop\/miljoevenlige-farveblyanter-12-stk-i-aeske\/","url":"https:\/\/grontkontor.dk\/shop\/miljoevenlige-farveblyanter-12-stk-i-aeske\/","name":"Fargestifter 12 stk. - Gr\u00f8nt Kontor","isPartOf":{"@id":"https:\/\/grontkontor.dk\/#website"},"datePublished":"2025-03-14T08:40:13+00:00","dateModified":"2025-03-14T08:40:13+00:00","breadcrumb":{"@id":"https:\/\/grontkontor.dk\/shop\/miljoevenlige-farveblyanter-12-stk-i-aeske\/#breadcrumb"},"inLanguage":"no-NO","potentialAction":[{"@type":"ReadAction","target":["https:\/\/grontkontor.dk\/shop\/miljoevenlige-farveblyanter-12-stk-i-aeske\/"]}]},{"@type":"BreadcrumbList","@id":"https:\/\/grontkontor.dk\/shop\/miljoevenlige-farveblyanter-12-stk-i-aeske\/#breadcrumb","itemListElement":[{"@type":"ListItem","position":1,"name":"Forside","item":"https:\/\/grontkontor.dk\/"},{"@type":"ListItem","position":2,"name":"Butikk","item":"https:\/\/grontkontor.dk\/no\/butikk-2\/"},{"@type":"ListItem","position":3,"name":"Skrive- og pekeutstyr","item":"https:\/\/grontkontor.dk\/no\/produkt-kategori\/skrive-og-pekeutstyr\/"},{"@type":"ListItem","position":4,"name":"Blyanter","item":"https:\/\/grontkontor.dk\/no\/produkt-kategori\/skrive-og-pekeutstyr\/blyanter-no\/"},{"@type":"ListItem","position":5,"name":"Fargestifter 12 stk."}]},{"@type":"WebSite","@id":"https:\/\/grontkontor.dk\/#website","url":"https:\/\/grontkontor.dk\/","name":"Gr\u00f8nt Kontor","description":"Milj\u00f8venlige produkter til kontor og erhverv med fokus p\u00e5 b\u00e6redygtighed, design og fair trade.","publisher":{"@id":"https:\/\/grontkontor.dk\/#organization"},"potentialAction":[{"@type":"SearchAction","target":{"@type":"EntryPoint","urlTemplate":"https:\/\/grontkontor.dk\/?s={search_term_string}"},"query-input":"required name=search_term_string"}],"inLanguage":"no-NO"},{"@type":"Organization","@id":"https:\/\/grontkontor.dk\/#organization","name":"Gr\u00f8nt Kontor","url":"https:\/\/grontkontor.dk\/","logo":{"@type":"ImageObject","inLanguage":"no-NO","@id":"https:\/\/grontkontor.dk\/#\/schema\/logo\/image\/","url":"https:\/\/grontkontor.dk\/wp-content\/uploads\/2014\/02\/Logo_groent_kontor_300x80.png","contentUrl":"https:\/\/grontkontor.dk\/wp-content\/uploads\/2014\/02\/Logo_groent_kontor_300x80.png","width":300,"height":80,"caption":"Gr\u00f8nt Kontor"},"image":{"@id":"https:\/\/grontkontor.dk\/#\/schema\/logo\/image\/"},"sameAs":["https:\/\/www.facebook.com\/grontkontor.dk\/"]}]}},"_links":{"self":[{"href":"https:\/\/grontkontor.dk\/no\/wp-json\/wp\/v2\/product\/121603"}],"collection":[{"href":"https:\/\/grontkontor.dk\/no\/wp-json\/wp\/v2\/product"}],"about":[{"href":"https:\/\/grontkontor.dk\/no\/wp-json\/wp\/v2\/types\/product"}],"replies":[{"embeddable":true,"href":"https:\/\/grontkontor.dk\/no\/wp-json\/wp\/v2\/comments?post=121603"}],"wp:featuredmedia":[{"embeddable":true,"href":"https:\/\/grontkontor.dk\/no\/wp-json\/wp\/v2\/media\/58528"}],"wp:attachment":[{"href":"https:\/\/grontkontor.dk\/no\/wp-json\/wp\/v2\/media?parent=121603"}],"wp:term":[{"taxonomy":"product_cat","embeddable":true,"href":"https:\/\/grontkontor.dk\/no\/wp-json\/wp\/v2\/product_cat?post=121603"},{"taxonomy":"product_tag","embeddable":true,"href":"https:\/\/grontkontor.dk\/no\/wp-json\/wp\/v2\/product_tag?post=121603"}],"curies":[{"name":"wp","href":"https:\/\/api.w.org\/{rel}","templated":true}]}}