{"id":122580,"date":"2025-04-01T15:44:02","date_gmt":"2025-04-01T13:44:03","guid":{"rendered":"https:\/\/grontkontor.dk\/?post_type=product&#038;p=122580"},"modified":"2025-05-07T15:58:10","modified_gmt":"2025-05-07T13:58:10","slug":"hvidt-keramikkrus-fuldfarvetryk","status":"publish","type":"product","link":"https:\/\/grontkontor.dk\/no\/shop\/hvidt-keramikkrus-fuldfarvetryk\/","title":{"rendered":"Hvitt keramisk krus fullfargetrykk"},"content":{"rendered":"<p>Klassisk hvitt keramisk krus. Et billig krus som passer til varme drikker. En veldig fin firma- og medarbeidergave med mulighet for utskrift til kanten i alle regnbuens farger.<br \/>\nSt\u00f8rrelse: 300 ml.<\/p>\n<p>Leveres i esker p\u00e5 24 stk. Minimumsbestilling 24 stk.<br \/>\nutskrift: 5-7 virkedager <\/p>\n<p>Kruset er [food-c].<\/p>\n<p>[keramik]<\/p>\n<p>&nbsp;<\/p>\n<p>[bd1]<\/p>\n<p>&nbsp;<\/p>\n","protected":false},"excerpt":{"rendered":"<p>Klassisk hvitt keramisk krus. Et billig krus som passer til varme drikker. En veldig fin firma- og medarbeidergave med mulighet for utskrift til kanten i alle regnbuens farger. St\u00f8rrelse: 300 ml. Leveres i esker p\u00e5 24 stk. Minimumsbestilling 24 stk. utskrift: 5-7 virkedager Kruset er [food-c]. [keramik] &nbsp; [bd1] &nbsp;<\/p>\n","protected":false},"featured_media":122588,"comment_status":"closed","ping_status":"closed","template":"","meta":{"_acf_changed":false},"product_cat":[3541,3437,4396,3312,3216,2657],"product_tag":[3838,3868,3314,3867],"class_list":{"0":"post-122580","1":"product","2":"type-product","3":"status-publish","4":"has-post-thumbnail","6":"product_cat-dummy-moq-50-100-no","7":"product_cat-hotell-restaurant","8":"product_cat-krus-og-kopper-no","9":"product_cat-krus-kopper-etc","10":"product_cat-mat-og-drikke","11":"product_cat-nyheter","12":"product_tag-kaffekrus-no","13":"product_tag-keramisk-krus","14":"product_tag-krus-no","15":"product_tag-te-krus","16":"tm-has-options","18":"first","19":"instock","20":"taxable","21":"shipping-taxable","22":"purchasable","23":"product-type-simple"},"acf":[],"yoast_head":"<!-- This site is optimized with the Yoast SEO Premium plugin v21.2 (Yoast SEO v21.2) - https:\/\/yoast.com\/wordpress\/plugins\/seo\/ -->\n<title>Hvitt keramisk krus fullfargetrykk - Gr\u00f8nt Kontor<\/title>\n<meta name=\"robots\" content=\"index, follow, max-snippet:-1, max-image-preview:large, max-video-preview:-1\" \/>\n<link rel=\"canonical\" href=\"https:\/\/grontkontor.dk\/shop\/hvidt-keramikkrus-fuldfarvetryk\/\" \/>\n<meta property=\"og:locale\" content=\"en_US\" \/>\n<meta property=\"og:type\" content=\"article\" \/>\n<meta property=\"og:title\" content=\"Hvitt keramisk krus fullfargetrykk\" \/>\n<meta property=\"og:description\" content=\"Klassisk hvitt keramisk krus. Et billig krus som passer til varme drikker. En veldig fin firma- og medarbeidergave med mulighet for utskrift til kanten i alle regnbuens farger. St\u00f8rrelse: 300 ml. Leveres i esker p\u00e5 24 stk. Minimumsbestilling 24 stk. utskrift: 5-7 virkedager Kruset er [food-c]. [keramik] &nbsp; [bd1] &nbsp;\" \/>\n<meta property=\"og:url\" content=\"https:\/\/grontkontor.dk\/shop\/hvidt-keramikkrus-fuldfarvetryk\/\" \/>\n<meta property=\"og:site_name\" content=\"Gr\u00f8nt Kontor\" \/>\n<meta property=\"article:publisher\" content=\"https:\/\/www.facebook.com\/grontkontor.dk\/\" \/>\n<meta property=\"article:modified_time\" content=\"2025-05-07T13:58:10+00:00\" \/>\n<meta property=\"og:image\" content=\"https:\/\/grontkontor.dk\/wp-content\/uploads\/2025\/04\/Keramikkrus-hvidt-300-ml.jpg\" \/>\n\t<meta property=\"og:image:width\" content=\"900\" \/>\n\t<meta property=\"og:image:height\" content=\"639\" \/>\n\t<meta property=\"og:image:type\" content=\"image\/jpeg\" \/>\n<meta name=\"twitter:card\" content=\"summary_large_image\" \/>\n<script type=\"application\/ld+json\" class=\"yoast-schema-graph\">{\"@context\":\"https:\/\/schema.org\",\"@graph\":[{\"@type\":\"WebPage\",\"@id\":\"https:\/\/grontkontor.dk\/shop\/hvidt-keramikkrus-fuldfarvetryk\/\",\"url\":\"https:\/\/grontkontor.dk\/shop\/hvidt-keramikkrus-fuldfarvetryk\/\",\"name\":\"Hvitt keramisk krus fullfargetrykk - Gr\u00f8nt Kontor\",\"isPartOf\":{\"@id\":\"https:\/\/grontkontor.dk\/#website\"},\"datePublished\":\"2025-04-01T13:44:03+00:00\",\"dateModified\":\"2025-05-07T13:58:10+00:00\",\"breadcrumb\":{\"@id\":\"https:\/\/grontkontor.dk\/shop\/hvidt-keramikkrus-fuldfarvetryk\/#breadcrumb\"},\"inLanguage\":\"no-NO\",\"potentialAction\":[{\"@type\":\"ReadAction\",\"target\":[\"https:\/\/grontkontor.dk\/shop\/hvidt-keramikkrus-fuldfarvetryk\/\"]}]},{\"@type\":\"BreadcrumbList\",\"@id\":\"https:\/\/grontkontor.dk\/shop\/hvidt-keramikkrus-fuldfarvetryk\/#breadcrumb\",\"itemListElement\":[{\"@type\":\"ListItem\",\"position\":1,\"name\":\"Forside\",\"item\":\"https:\/\/grontkontor.dk\/\"},{\"@type\":\"ListItem\",\"position\":2,\"name\":\"Butikk\",\"item\":\"https:\/\/grontkontor.dk\/no\/butikk-2\/\"},{\"@type\":\"ListItem\",\"position\":3,\"name\":\"Klimavennlige firmagaver\",\"item\":\"https:\/\/grontkontor.dk\/no\/produkt-kategori\/klimavennlige-firmagaver\/\"},{\"@type\":\"ListItem\",\"position\":4,\"name\":\"Krus og kopper\",\"item\":\"https:\/\/grontkontor.dk\/no\/produkt-kategori\/klimavennlige-firmagaver\/krus-og-kopper-no\/\"},{\"@type\":\"ListItem\",\"position\":5,\"name\":\"Hvitt keramisk krus fullfargetrykk\"}]},{\"@type\":\"WebSite\",\"@id\":\"https:\/\/grontkontor.dk\/#website\",\"url\":\"https:\/\/grontkontor.dk\/\",\"name\":\"Gr\u00f8nt Kontor\",\"description\":\"Milj\u00f8venlige produkter til kontor og erhverv med fokus p\u00e5 b\u00e6redygtighed, design og fair trade.\",\"publisher\":{\"@id\":\"https:\/\/grontkontor.dk\/#organization\"},\"potentialAction\":[{\"@type\":\"SearchAction\",\"target\":{\"@type\":\"EntryPoint\",\"urlTemplate\":\"https:\/\/grontkontor.dk\/?s={search_term_string}\"},\"query-input\":\"required name=search_term_string\"}],\"inLanguage\":\"no-NO\"},{\"@type\":\"Organization\",\"@id\":\"https:\/\/grontkontor.dk\/#organization\",\"name\":\"Gr\u00f8nt Kontor\",\"url\":\"https:\/\/grontkontor.dk\/\",\"logo\":{\"@type\":\"ImageObject\",\"inLanguage\":\"no-NO\",\"@id\":\"https:\/\/grontkontor.dk\/#\/schema\/logo\/image\/\",\"url\":\"https:\/\/grontkontor.dk\/wp-content\/uploads\/2014\/02\/Logo_groent_kontor_300x80.png\",\"contentUrl\":\"https:\/\/grontkontor.dk\/wp-content\/uploads\/2014\/02\/Logo_groent_kontor_300x80.png\",\"width\":300,\"height\":80,\"caption\":\"Gr\u00f8nt Kontor\"},\"image\":{\"@id\":\"https:\/\/grontkontor.dk\/#\/schema\/logo\/image\/\"},\"sameAs\":[\"https:\/\/www.facebook.com\/grontkontor.dk\/\"]}]}<\/script>\n<!-- \/ Yoast SEO Premium plugin. -->","yoast_head_json":{"title":"Hvitt keramisk krus fullfargetrykk - Gr\u00f8nt Kontor","robots":{"index":"index","follow":"follow","max-snippet":"max-snippet:-1","max-image-preview":"max-image-preview:large","max-video-preview":"max-video-preview:-1"},"canonical":"https:\/\/grontkontor.dk\/shop\/hvidt-keramikkrus-fuldfarvetryk\/","og_locale":"en_US","og_type":"article","og_title":"Hvitt keramisk krus fullfargetrykk","og_description":"Klassisk hvitt keramisk krus. Et billig krus som passer til varme drikker. En veldig fin firma- og medarbeidergave med mulighet for utskrift til kanten i alle regnbuens farger. St\u00f8rrelse: 300 ml. Leveres i esker p\u00e5 24 stk. Minimumsbestilling 24 stk. utskrift: 5-7 virkedager Kruset er [food-c]. [keramik] &nbsp; [bd1] &nbsp;","og_url":"https:\/\/grontkontor.dk\/shop\/hvidt-keramikkrus-fuldfarvetryk\/","og_site_name":"Gr\u00f8nt Kontor","article_publisher":"https:\/\/www.facebook.com\/grontkontor.dk\/","article_modified_time":"2025-05-07T13:58:10+00:00","og_image":[{"width":900,"height":639,"url":"https:\/\/grontkontor.dk\/wp-content\/uploads\/2025\/04\/Keramikkrus-hvidt-300-ml.jpg","type":"image\/jpeg"}],"twitter_card":"summary_large_image","schema":{"@context":"https:\/\/schema.org","@graph":[{"@type":"WebPage","@id":"https:\/\/grontkontor.dk\/shop\/hvidt-keramikkrus-fuldfarvetryk\/","url":"https:\/\/grontkontor.dk\/shop\/hvidt-keramikkrus-fuldfarvetryk\/","name":"Hvitt keramisk krus fullfargetrykk - Gr\u00f8nt Kontor","isPartOf":{"@id":"https:\/\/grontkontor.dk\/#website"},"datePublished":"2025-04-01T13:44:03+00:00","dateModified":"2025-05-07T13:58:10+00:00","breadcrumb":{"@id":"https:\/\/grontkontor.dk\/shop\/hvidt-keramikkrus-fuldfarvetryk\/#breadcrumb"},"inLanguage":"no-NO","potentialAction":[{"@type":"ReadAction","target":["https:\/\/grontkontor.dk\/shop\/hvidt-keramikkrus-fuldfarvetryk\/"]}]},{"@type":"BreadcrumbList","@id":"https:\/\/grontkontor.dk\/shop\/hvidt-keramikkrus-fuldfarvetryk\/#breadcrumb","itemListElement":[{"@type":"ListItem","position":1,"name":"Forside","item":"https:\/\/grontkontor.dk\/"},{"@type":"ListItem","position":2,"name":"Butikk","item":"https:\/\/grontkontor.dk\/no\/butikk-2\/"},{"@type":"ListItem","position":3,"name":"Klimavennlige firmagaver","item":"https:\/\/grontkontor.dk\/no\/produkt-kategori\/klimavennlige-firmagaver\/"},{"@type":"ListItem","position":4,"name":"Krus og kopper","item":"https:\/\/grontkontor.dk\/no\/produkt-kategori\/klimavennlige-firmagaver\/krus-og-kopper-no\/"},{"@type":"ListItem","position":5,"name":"Hvitt keramisk krus fullfargetrykk"}]},{"@type":"WebSite","@id":"https:\/\/grontkontor.dk\/#website","url":"https:\/\/grontkontor.dk\/","name":"Gr\u00f8nt Kontor","description":"Milj\u00f8venlige produkter til kontor og erhverv med fokus p\u00e5 b\u00e6redygtighed, design og fair trade.","publisher":{"@id":"https:\/\/grontkontor.dk\/#organization"},"potentialAction":[{"@type":"SearchAction","target":{"@type":"EntryPoint","urlTemplate":"https:\/\/grontkontor.dk\/?s={search_term_string}"},"query-input":"required name=search_term_string"}],"inLanguage":"no-NO"},{"@type":"Organization","@id":"https:\/\/grontkontor.dk\/#organization","name":"Gr\u00f8nt Kontor","url":"https:\/\/grontkontor.dk\/","logo":{"@type":"ImageObject","inLanguage":"no-NO","@id":"https:\/\/grontkontor.dk\/#\/schema\/logo\/image\/","url":"https:\/\/grontkontor.dk\/wp-content\/uploads\/2014\/02\/Logo_groent_kontor_300x80.png","contentUrl":"https:\/\/grontkontor.dk\/wp-content\/uploads\/2014\/02\/Logo_groent_kontor_300x80.png","width":300,"height":80,"caption":"Gr\u00f8nt Kontor"},"image":{"@id":"https:\/\/grontkontor.dk\/#\/schema\/logo\/image\/"},"sameAs":["https:\/\/www.facebook.com\/grontkontor.dk\/"]}]}},"_links":{"self":[{"href":"https:\/\/grontkontor.dk\/no\/wp-json\/wp\/v2\/product\/122580"}],"collection":[{"href":"https:\/\/grontkontor.dk\/no\/wp-json\/wp\/v2\/product"}],"about":[{"href":"https:\/\/grontkontor.dk\/no\/wp-json\/wp\/v2\/types\/product"}],"replies":[{"embeddable":true,"href":"https:\/\/grontkontor.dk\/no\/wp-json\/wp\/v2\/comments?post=122580"}],"wp:featuredmedia":[{"embeddable":true,"href":"https:\/\/grontkontor.dk\/no\/wp-json\/wp\/v2\/media\/122588"}],"wp:attachment":[{"href":"https:\/\/grontkontor.dk\/no\/wp-json\/wp\/v2\/media?parent=122580"}],"wp:term":[{"taxonomy":"product_cat","embeddable":true,"href":"https:\/\/grontkontor.dk\/no\/wp-json\/wp\/v2\/product_cat?post=122580"},{"taxonomy":"product_tag","embeddable":true,"href":"https:\/\/grontkontor.dk\/no\/wp-json\/wp\/v2\/product_tag?post=122580"}],"curies":[{"name":"wp","href":"https:\/\/api.w.org\/{rel}","templated":true}]}}