{"id":122745,"date":"2025-04-08T09:47:45","date_gmt":"2025-04-08T07:47:45","guid":{"rendered":"https:\/\/grontkontor.dk\/?post_type=product&#038;p=122745"},"modified":"2025-05-07T15:58:31","modified_gmt":"2025-05-07T13:58:31","slug":"rygsaek-genanvendt-plast","status":"publish","type":"product","link":"https:\/\/grontkontor.dk\/no\/shop\/rygsaek-genanvendt-plast\/","title":{"rendered":"Ryggsekk resirkulert plast"},"content":{"rendered":"<p class=\"\" data-start=\"94\" data-end=\"301\">Milj\u00f8vennlig ryggsekk i sterk og vannavvisende polyester laget av resirkulert plast. Den har polstret rygg og stropper for god komfort og pusteevne, og brede skulderstropper som avlaster ved langvarig bruk. <\/p>\n<p class=\"\" data-start=\"303\" data-end=\"361\">Perfekt for b\u00e5de hverdag og reise med mange praktiske rom:<\/p>\n<ul data-start=\"363\" data-end=\"582\">\n<li class=\"\" data-start=\"363\" data-end=\"380\">\n<p class=\"\" data-start=\"365\" data-end=\"380\">2 lommer foran<\/p>\n<\/li>\n<li class=\"\" data-start=\"381\" data-end=\"484\">\n<p class=\"\" data-start=\"383\" data-end=\"484\">3 hovedrom: ett med arrang\u00f8r, ett romslig for kl\u00e6r\/tilbeh\u00f8r, og ett polstret for b\u00e6rbare datamaskiner opp til 17,3&#8243;<\/p>\n<\/li>\n<li class=\"\" data-start=\"485\" data-end=\"582\">\n<p class=\"\" data-start=\"487\" data-end=\"582\">3 ekstra rom: sidelomme med rask tilgang, ventilert skorom nederst og tyverisikker baklomme<\/p>\n<\/li>\n<\/ul>\n<p class=\"\" data-start=\"584\" data-end=\"696\">Leveres med USB-kabel, justerbare stropper og RPET-merke. Tilgjengelig i svart, marinebl\u00e5 og gr\u00e5. <\/p>\n<p>Kilde: Leveringstid 1-2 uker  [rpet] [grs_s]   <img loading=\"lazy\" decoding=\"async\" src=\"https:\/\/grontkontor.dk\/wp-content\/uploads\/2021\/02\/genbrug.jpg\" alt=\"Fremstillet af genbrugsmaterialer\" width=\"50\" height=\"50\" class=\"size-full wp-image-23031\" srcset=\"https:\/\/grontkontor.dk\/wp-content\/uploads\/2021\/02\/genbrug.jpg 199w, https:\/\/grontkontor.dk\/wp-content\/uploads\/2021\/02\/genbrug-100x100.jpg 100w\" sizes=\"(max-width: 50px) 100vw, 50px\" \/><a href=\"https:\/\/textileexchange.org\/standards\/recycled-claim-standard-global-recycled-standard\/\"><img loading=\"lazy\" decoding=\"async\" src=\"https:\/\/grontkontor.dk\/wp-content\/uploads\/2021\/06\/global-recycled-standard-1.jpg\" alt=\"Global recycled standard\" width=\"50\" height=\"50\" class=\"size-full wp-image-25504\" \/> <\/a><\/p>\n","protected":false},"excerpt":{"rendered":"<p>Milj\u00f8vennlig ryggsekk i sterk og vannavvisende polyester laget av resirkulert plast. Den har polstret rygg og stropper for god komfort og pusteevne, og brede skulderstropper som avlaster ved langvarig bruk. Perfekt for b\u00e5de hverdag og reise med mange praktiske rom: 2 lommer foran 3 hovedrom: ett med arrang\u00f8r, ett romslig for kl\u00e6r\/tilbeh\u00f8r, og ett polstret [&hellip;]<\/p>\n","protected":false},"featured_media":122769,"comment_status":"closed","ping_status":"closed","template":"","meta":{"_acf_changed":false},"product_cat":[3199,3194,4058,2657,3539],"product_tag":[3560,3760],"class_list":{"0":"post-122745","1":"product","2":"type-product","3":"status-publish","4":"has-post-thumbnail","6":"product_cat-dummy-moq-1-no","7":"product_cat-klimavennlige-firmagaver","8":"product_cat-laptop-vesker-og-deksler","9":"product_cat-nyheter","10":"product_cat-vesker-poser-og-deksler","11":"product_tag-pose-no","12":"product_tag-ryggsekk","13":"tm-has-options","15":"first","16":"instock","17":"taxable","18":"shipping-taxable","19":"purchasable","20":"product-type-variable","21":"has-default-attributes"},"acf":[],"yoast_head":"<!-- This site is optimized with the Yoast SEO Premium plugin v21.2 (Yoast SEO v21.2) - https:\/\/yoast.com\/wordpress\/plugins\/seo\/ -->\n<title>Ryggsekk resirkulert plast - Gr\u00f8nt Kontor<\/title>\n<meta name=\"robots\" content=\"index, follow, max-snippet:-1, max-image-preview:large, max-video-preview:-1\" \/>\n<link rel=\"canonical\" href=\"https:\/\/grontkontor.dk\/no\/shop\/rygsaek-genanvendt-plast\/\" \/>\n<meta property=\"og:locale\" content=\"en_US\" \/>\n<meta property=\"og:type\" content=\"article\" \/>\n<meta property=\"og:title\" content=\"Ryggsekk resirkulert plast\" \/>\n<meta property=\"og:description\" content=\"Milj\u00f8vennlig ryggsekk i sterk og vannavvisende polyester laget av resirkulert plast. Den har polstret rygg og stropper for god komfort og pusteevne, og brede skulderstropper som avlaster ved langvarig bruk. Perfekt for b\u00e5de hverdag og reise med mange praktiske rom: 2 lommer foran 3 hovedrom: ett med arrang\u00f8r, ett romslig for kl\u00e6r\/tilbeh\u00f8r, og ett polstret [&hellip;]\" \/>\n<meta property=\"og:url\" content=\"https:\/\/grontkontor.dk\/no\/shop\/rygsaek-genanvendt-plast\/\" \/>\n<meta property=\"og:site_name\" content=\"Gr\u00f8nt Kontor\" \/>\n<meta property=\"article:publisher\" content=\"https:\/\/www.facebook.com\/grontkontor.dk\/\" \/>\n<meta property=\"article:modified_time\" content=\"2025-05-07T13:58:31+00:00\" \/>\n<meta property=\"og:image\" content=\"https:\/\/grontkontor.dk\/wp-content\/uploads\/2025\/04\/Klimavenlige-rygsaekke-rpet-collage.jpg\" \/>\n\t<meta property=\"og:image:width\" content=\"900\" \/>\n\t<meta property=\"og:image:height\" content=\"639\" \/>\n\t<meta property=\"og:image:type\" content=\"image\/jpeg\" \/>\n<meta name=\"twitter:card\" content=\"summary_large_image\" \/>\n<script type=\"application\/ld+json\" class=\"yoast-schema-graph\">{\"@context\":\"https:\/\/schema.org\",\"@graph\":[{\"@type\":\"WebPage\",\"@id\":\"https:\/\/grontkontor.dk\/no\/shop\/rygsaek-genanvendt-plast\/\",\"url\":\"https:\/\/grontkontor.dk\/no\/shop\/rygsaek-genanvendt-plast\/\",\"name\":\"Ryggsekk resirkulert plast - Gr\u00f8nt Kontor\",\"isPartOf\":{\"@id\":\"https:\/\/grontkontor.dk\/#website\"},\"datePublished\":\"2025-04-08T07:47:45+00:00\",\"dateModified\":\"2025-05-07T13:58:31+00:00\",\"breadcrumb\":{\"@id\":\"https:\/\/grontkontor.dk\/no\/shop\/rygsaek-genanvendt-plast\/#breadcrumb\"},\"inLanguage\":\"no-NO\",\"potentialAction\":[{\"@type\":\"ReadAction\",\"target\":[\"https:\/\/grontkontor.dk\/no\/shop\/rygsaek-genanvendt-plast\/\"]}]},{\"@type\":\"BreadcrumbList\",\"@id\":\"https:\/\/grontkontor.dk\/no\/shop\/rygsaek-genanvendt-plast\/#breadcrumb\",\"itemListElement\":[{\"@type\":\"ListItem\",\"position\":1,\"name\":\"Forside\",\"item\":\"https:\/\/grontkontor.dk\/\"},{\"@type\":\"ListItem\",\"position\":2,\"name\":\"Butikk\",\"item\":\"https:\/\/grontkontor.dk\/no\/butikk-2\/\"},{\"@type\":\"ListItem\",\"position\":3,\"name\":\"Vesker, vesker og trekk\",\"item\":\"https:\/\/grontkontor.dk\/no\/produkt-kategori\/vesker-poser-og-deksler\/\"},{\"@type\":\"ListItem\",\"position\":4,\"name\":\"Laptop vesker og deksler\",\"item\":\"https:\/\/grontkontor.dk\/no\/produkt-kategori\/vesker-poser-og-deksler\/laptop-vesker-og-deksler\/\"},{\"@type\":\"ListItem\",\"position\":5,\"name\":\"Ryggsekk resirkulert plast\"}]},{\"@type\":\"WebSite\",\"@id\":\"https:\/\/grontkontor.dk\/#website\",\"url\":\"https:\/\/grontkontor.dk\/\",\"name\":\"Gr\u00f8nt Kontor\",\"description\":\"Milj\u00f8venlige produkter til kontor og erhverv med fokus p\u00e5 b\u00e6redygtighed, design og fair trade.\",\"publisher\":{\"@id\":\"https:\/\/grontkontor.dk\/#organization\"},\"potentialAction\":[{\"@type\":\"SearchAction\",\"target\":{\"@type\":\"EntryPoint\",\"urlTemplate\":\"https:\/\/grontkontor.dk\/?s={search_term_string}\"},\"query-input\":\"required name=search_term_string\"}],\"inLanguage\":\"no-NO\"},{\"@type\":\"Organization\",\"@id\":\"https:\/\/grontkontor.dk\/#organization\",\"name\":\"Gr\u00f8nt Kontor\",\"url\":\"https:\/\/grontkontor.dk\/\",\"logo\":{\"@type\":\"ImageObject\",\"inLanguage\":\"no-NO\",\"@id\":\"https:\/\/grontkontor.dk\/#\/schema\/logo\/image\/\",\"url\":\"https:\/\/grontkontor.dk\/wp-content\/uploads\/2014\/02\/Logo_groent_kontor_300x80.png\",\"contentUrl\":\"https:\/\/grontkontor.dk\/wp-content\/uploads\/2014\/02\/Logo_groent_kontor_300x80.png\",\"width\":300,\"height\":80,\"caption\":\"Gr\u00f8nt Kontor\"},\"image\":{\"@id\":\"https:\/\/grontkontor.dk\/#\/schema\/logo\/image\/\"},\"sameAs\":[\"https:\/\/www.facebook.com\/grontkontor.dk\/\"]}]}<\/script>\n<!-- \/ Yoast SEO Premium plugin. -->","yoast_head_json":{"title":"Ryggsekk resirkulert plast - Gr\u00f8nt Kontor","robots":{"index":"index","follow":"follow","max-snippet":"max-snippet:-1","max-image-preview":"max-image-preview:large","max-video-preview":"max-video-preview:-1"},"canonical":"https:\/\/grontkontor.dk\/no\/shop\/rygsaek-genanvendt-plast\/","og_locale":"en_US","og_type":"article","og_title":"Ryggsekk resirkulert plast","og_description":"Milj\u00f8vennlig ryggsekk i sterk og vannavvisende polyester laget av resirkulert plast. Den har polstret rygg og stropper for god komfort og pusteevne, og brede skulderstropper som avlaster ved langvarig bruk. Perfekt for b\u00e5de hverdag og reise med mange praktiske rom: 2 lommer foran 3 hovedrom: ett med arrang\u00f8r, ett romslig for kl\u00e6r\/tilbeh\u00f8r, og ett polstret [&hellip;]","og_url":"https:\/\/grontkontor.dk\/no\/shop\/rygsaek-genanvendt-plast\/","og_site_name":"Gr\u00f8nt Kontor","article_publisher":"https:\/\/www.facebook.com\/grontkontor.dk\/","article_modified_time":"2025-05-07T13:58:31+00:00","og_image":[{"width":900,"height":639,"url":"https:\/\/grontkontor.dk\/wp-content\/uploads\/2025\/04\/Klimavenlige-rygsaekke-rpet-collage.jpg","type":"image\/jpeg"}],"twitter_card":"summary_large_image","schema":{"@context":"https:\/\/schema.org","@graph":[{"@type":"WebPage","@id":"https:\/\/grontkontor.dk\/no\/shop\/rygsaek-genanvendt-plast\/","url":"https:\/\/grontkontor.dk\/no\/shop\/rygsaek-genanvendt-plast\/","name":"Ryggsekk resirkulert plast - Gr\u00f8nt Kontor","isPartOf":{"@id":"https:\/\/grontkontor.dk\/#website"},"datePublished":"2025-04-08T07:47:45+00:00","dateModified":"2025-05-07T13:58:31+00:00","breadcrumb":{"@id":"https:\/\/grontkontor.dk\/no\/shop\/rygsaek-genanvendt-plast\/#breadcrumb"},"inLanguage":"no-NO","potentialAction":[{"@type":"ReadAction","target":["https:\/\/grontkontor.dk\/no\/shop\/rygsaek-genanvendt-plast\/"]}]},{"@type":"BreadcrumbList","@id":"https:\/\/grontkontor.dk\/no\/shop\/rygsaek-genanvendt-plast\/#breadcrumb","itemListElement":[{"@type":"ListItem","position":1,"name":"Forside","item":"https:\/\/grontkontor.dk\/"},{"@type":"ListItem","position":2,"name":"Butikk","item":"https:\/\/grontkontor.dk\/no\/butikk-2\/"},{"@type":"ListItem","position":3,"name":"Vesker, vesker og trekk","item":"https:\/\/grontkontor.dk\/no\/produkt-kategori\/vesker-poser-og-deksler\/"},{"@type":"ListItem","position":4,"name":"Laptop vesker og deksler","item":"https:\/\/grontkontor.dk\/no\/produkt-kategori\/vesker-poser-og-deksler\/laptop-vesker-og-deksler\/"},{"@type":"ListItem","position":5,"name":"Ryggsekk resirkulert plast"}]},{"@type":"WebSite","@id":"https:\/\/grontkontor.dk\/#website","url":"https:\/\/grontkontor.dk\/","name":"Gr\u00f8nt Kontor","description":"Milj\u00f8venlige produkter til kontor og erhverv med fokus p\u00e5 b\u00e6redygtighed, design og fair trade.","publisher":{"@id":"https:\/\/grontkontor.dk\/#organization"},"potentialAction":[{"@type":"SearchAction","target":{"@type":"EntryPoint","urlTemplate":"https:\/\/grontkontor.dk\/?s={search_term_string}"},"query-input":"required name=search_term_string"}],"inLanguage":"no-NO"},{"@type":"Organization","@id":"https:\/\/grontkontor.dk\/#organization","name":"Gr\u00f8nt Kontor","url":"https:\/\/grontkontor.dk\/","logo":{"@type":"ImageObject","inLanguage":"no-NO","@id":"https:\/\/grontkontor.dk\/#\/schema\/logo\/image\/","url":"https:\/\/grontkontor.dk\/wp-content\/uploads\/2014\/02\/Logo_groent_kontor_300x80.png","contentUrl":"https:\/\/grontkontor.dk\/wp-content\/uploads\/2014\/02\/Logo_groent_kontor_300x80.png","width":300,"height":80,"caption":"Gr\u00f8nt Kontor"},"image":{"@id":"https:\/\/grontkontor.dk\/#\/schema\/logo\/image\/"},"sameAs":["https:\/\/www.facebook.com\/grontkontor.dk\/"]}]}},"_links":{"self":[{"href":"https:\/\/grontkontor.dk\/no\/wp-json\/wp\/v2\/product\/122745"}],"collection":[{"href":"https:\/\/grontkontor.dk\/no\/wp-json\/wp\/v2\/product"}],"about":[{"href":"https:\/\/grontkontor.dk\/no\/wp-json\/wp\/v2\/types\/product"}],"replies":[{"embeddable":true,"href":"https:\/\/grontkontor.dk\/no\/wp-json\/wp\/v2\/comments?post=122745"}],"wp:featuredmedia":[{"embeddable":true,"href":"https:\/\/grontkontor.dk\/no\/wp-json\/wp\/v2\/media\/122769"}],"wp:attachment":[{"href":"https:\/\/grontkontor.dk\/no\/wp-json\/wp\/v2\/media?parent=122745"}],"wp:term":[{"taxonomy":"product_cat","embeddable":true,"href":"https:\/\/grontkontor.dk\/no\/wp-json\/wp\/v2\/product_cat?post=122745"},{"taxonomy":"product_tag","embeddable":true,"href":"https:\/\/grontkontor.dk\/no\/wp-json\/wp\/v2\/product_tag?post=122745"}],"curies":[{"name":"wp","href":"https:\/\/api.w.org\/{rel}","templated":true}]}}