{"id":124455,"date":"2025-04-15T09:00:48","date_gmt":"2025-05-07T13:55:25","guid":{"rendered":"https:\/\/grontkontor.dk\/shop\/hoodie-oekologisk-bomuld-og-rpet-hvid\/"},"modified":"2025-11-06T10:46:02","modified_gmt":"2025-11-06T09:46:02","slug":"hoodie-oekologisk-bomuld-og-rpet-hvid","status":"publish","type":"product","link":"https:\/\/grontkontor.dk\/no\/shop\/hoodie-oekologisk-bomuld-og-rpet-hvid\/","title":{"rendered":"Hettegenser \u00d8kologisk Bomull og Rpet &#8211; Hvit"},"content":{"rendered":"<p>En klimavennlig genser er et opplagt valg for bedrifter som \u00f8nsker \u00e5 kombinere komfort, kvalitet og omtanke for milj\u00f8et. Denne modellen er laget av \u00f8kologisk bomull og rPET, som er resirkulert plast fra brukte flasker. Resultatet er en milj\u00f8vennlig genser med et klassisk snitt som er perfekt for b\u00e5de jobb, fritid og arrangementer.  <\/p>\n<p>Genseren har en vekt p\u00e5 280 g\/m\u00b2, noe som gir en myk, men solid kvalitet som varer til daglig bruk. Den er tilgjengelig i st\u00f8rrelsene XS til XXXL og kan leveres med logotrykk i opptil fire farger avhengig av trykkmetode. I tillegg kan den ogs\u00e5 broderes, noe som gir et ekstra eksklusivt uttrykk. Bestilling starter fra bare 15 stk, og du st\u00e5r fritt til \u00e5 blande st\u00f8rrelser slik at alle ansatte f\u00e5r den perfekte passformen.   <\/p>\n<p>Som gave til bedrifter og ansatte er denne klimavennlige genseren et opplagt alternativ til tradisjonelle reklameartikler. Den kan enkelt inng\u00e5 i en kolleksjon av profilkl\u00e6r sammen med en genser eller T-skjorte, slik at bedriften fremst\u00e5r ensartet og profesjonell.<br \/>\nN\u00e5r du velger gensere og hettegensere i \u00f8kologiske og resirkulerte materialer, sender du et tydelig signal om ansvar og omtanke. Denne milj\u00f8vennlige genseren forener stil, funksjonalitet og klimavennlige verdier \u2013 og vil raskt bli en garderobefavoritt.<br \/>\n[oekobomuld] [rpet_s]<\/p>\n<p>[gots_s]<\/p>\n<p>&nbsp;<\/p>\n<a href=\"https:\/\/www.eco-branding.dk\/miljoemaerkning\/gots.aspx\" rel=\"noopener\" target=\"_blank\"><img loading=\"lazy\" decoding=\"async\" class=\"size-full wp-image-12808\" src=\"https:\/\/grontkontor.dk\/wp-content\/uploads\/2019\/04\/gots-certificeret.jpg\" \n   alt=\"Gots certificeret - din garanti for, at produktet indeholder mindst 70% ?kologisk bomuld\"  description=\"Gots certificeret - din garanti for, at produktet indeholder mindst 70% ?kologisk bomuld\" width=\"50\" height=\"50\" \n\t border=0 \/><\/a>\n","protected":false},"excerpt":{"rendered":"<p>En klimavennlig genser er et opplagt valg for bedrifter som \u00f8nsker \u00e5 kombinere komfort, kvalitet og omtanke for milj\u00f8et. Denne modellen er laget av \u00f8kologisk bomull og rPET, som er resirkulert plast fra brukte flasker. Resultatet er en milj\u00f8vennlig genser med et klassisk snitt som er perfekt for b\u00e5de jobb, fritid og arrangementer. Genseren har [&hellip;]<\/p>\n","protected":false},"featured_media":116655,"comment_status":"closed","ping_status":"closed","template":"","meta":{"_acf_changed":false},"product_cat":[3225,4888,3194,2657,4840],"product_tag":[4605,4604],"class_list":{"0":"post-124455","1":"product","2":"type-product","3":"status-publish","4":"has-post-thumbnail","6":"product_cat-dummy-moq-10-50-no","7":"product_cat-for-regn-og-kulde","8":"product_cat-klimavennlige-firmagaver","9":"product_cat-nyheter","10":"product_cat-t-skjorter-gensere-og-poloskjorter","11":"product_tag-hettegenser","12":"product_tag-sweatshirt-no","13":"tm-has-styled-variations","14":"tm-has-options","16":"first","17":"instock","18":"taxable","19":"shipping-taxable","20":"purchasable","21":"product-type-simple"},"acf":[],"yoast_head":"<!-- This site is optimized with the Yoast SEO Premium plugin v21.2 (Yoast SEO v21.2) - https:\/\/yoast.com\/wordpress\/plugins\/seo\/ -->\n<title>Hettegenser \u00d8kologisk Bomull og Rpet - Hvit - Gr\u00f8nt Kontor<\/title>\n<meta name=\"description\" content=\"Klimavennlig genser i \u00f8kologisk bomull og rPET. Milj\u00f8vennlig firmagave i mange st\u00f8rrelser med mulighet for logotrykk og broderi. Bestill fra 15 stk.\" \/>\n<meta name=\"robots\" content=\"index, follow, max-snippet:-1, max-image-preview:large, max-video-preview:-1\" \/>\n<link rel=\"canonical\" href=\"https:\/\/grontkontor.dk\/no\/shop\/hoodie-oekologisk-bomuld-og-rpet-hvid\/\" \/>\n<meta property=\"og:locale\" content=\"en_US\" \/>\n<meta property=\"og:type\" content=\"article\" \/>\n<meta property=\"og:title\" content=\"Hettegenser \u00d8kologisk Bomull og Rpet - Hvit\" \/>\n<meta property=\"og:description\" content=\"Klimavennlig genser i \u00f8kologisk bomull og rPET. Milj\u00f8vennlig firmagave i mange st\u00f8rrelser med mulighet for logotrykk og broderi. Bestill fra 15 stk.\" \/>\n<meta property=\"og:url\" content=\"https:\/\/grontkontor.dk\/no\/shop\/hoodie-oekologisk-bomuld-og-rpet-hvid\/\" \/>\n<meta property=\"og:site_name\" content=\"Gr\u00f8nt Kontor\" \/>\n<meta property=\"article:publisher\" content=\"https:\/\/www.facebook.com\/grontkontor.dk\/\" \/>\n<meta property=\"article:modified_time\" content=\"2025-11-06T09:46:02+00:00\" \/>\n<meta property=\"og:image\" content=\"https:\/\/grontkontor.dk\/wp-content\/uploads\/2024\/11\/Klimavenlig-sweatshirt-i-oekologisk-bomuld-og-rpet-hvid.jpg\" \/>\n\t<meta property=\"og:image:width\" content=\"900\" \/>\n\t<meta property=\"og:image:height\" content=\"639\" \/>\n\t<meta property=\"og:image:type\" content=\"image\/jpeg\" \/>\n<meta name=\"twitter:card\" content=\"summary_large_image\" \/>\n<meta name=\"twitter:label1\" content=\"Est. reading time\" \/>\n\t<meta name=\"twitter:data1\" content=\"1 minute\" \/>\n<script type=\"application\/ld+json\" class=\"yoast-schema-graph\">{\"@context\":\"https:\/\/schema.org\",\"@graph\":[{\"@type\":\"WebPage\",\"@id\":\"https:\/\/grontkontor.dk\/no\/shop\/hoodie-oekologisk-bomuld-og-rpet-hvid\/\",\"url\":\"https:\/\/grontkontor.dk\/no\/shop\/hoodie-oekologisk-bomuld-og-rpet-hvid\/\",\"name\":\"Hettegenser \u00d8kologisk Bomull og Rpet - Hvit - Gr\u00f8nt Kontor\",\"isPartOf\":{\"@id\":\"https:\/\/grontkontor.dk\/#website\"},\"datePublished\":\"2025-05-07T13:55:25+00:00\",\"dateModified\":\"2025-11-06T09:46:02+00:00\",\"description\":\"Klimavennlig genser i \u00f8kologisk bomull og rPET. Milj\u00f8vennlig firmagave i mange st\u00f8rrelser med mulighet for logotrykk og broderi. Bestill fra 15 stk.\",\"breadcrumb\":{\"@id\":\"https:\/\/grontkontor.dk\/no\/shop\/hoodie-oekologisk-bomuld-og-rpet-hvid\/#breadcrumb\"},\"inLanguage\":\"no-NO\",\"potentialAction\":[{\"@type\":\"ReadAction\",\"target\":[\"https:\/\/grontkontor.dk\/no\/shop\/hoodie-oekologisk-bomuld-og-rpet-hvid\/\"]}]},{\"@type\":\"BreadcrumbList\",\"@id\":\"https:\/\/grontkontor.dk\/no\/shop\/hoodie-oekologisk-bomuld-og-rpet-hvid\/#breadcrumb\",\"itemListElement\":[{\"@type\":\"ListItem\",\"position\":1,\"name\":\"Forside\",\"item\":\"https:\/\/grontkontor.dk\/\"},{\"@type\":\"ListItem\",\"position\":2,\"name\":\"Butikk\",\"item\":\"https:\/\/grontkontor.dk\/no\/butikk-2\/\"},{\"@type\":\"ListItem\",\"position\":3,\"name\":\"Kl\u00e6r\",\"item\":\"https:\/\/grontkontor.dk\/no\/produkt-kategori\/klaer\/\"},{\"@type\":\"ListItem\",\"position\":4,\"name\":\"T-skjorter, gensere og poloskjorter\",\"item\":\"https:\/\/grontkontor.dk\/no\/produkt-kategori\/klaer\/t-skjorter-gensere-og-poloskjorter\/\"},{\"@type\":\"ListItem\",\"position\":5,\"name\":\"Hettegenser \u00d8kologisk Bomull og Rpet &#8211; Hvit\"}]},{\"@type\":\"WebSite\",\"@id\":\"https:\/\/grontkontor.dk\/#website\",\"url\":\"https:\/\/grontkontor.dk\/\",\"name\":\"Gr\u00f8nt Kontor\",\"description\":\"Milj\u00f8venlige produkter til kontor og erhverv med fokus p\u00e5 b\u00e6redygtighed, design og fair trade.\",\"publisher\":{\"@id\":\"https:\/\/grontkontor.dk\/#organization\"},\"potentialAction\":[{\"@type\":\"SearchAction\",\"target\":{\"@type\":\"EntryPoint\",\"urlTemplate\":\"https:\/\/grontkontor.dk\/?s={search_term_string}\"},\"query-input\":\"required name=search_term_string\"}],\"inLanguage\":\"no-NO\"},{\"@type\":\"Organization\",\"@id\":\"https:\/\/grontkontor.dk\/#organization\",\"name\":\"Gr\u00f8nt Kontor\",\"url\":\"https:\/\/grontkontor.dk\/\",\"logo\":{\"@type\":\"ImageObject\",\"inLanguage\":\"no-NO\",\"@id\":\"https:\/\/grontkontor.dk\/#\/schema\/logo\/image\/\",\"url\":\"https:\/\/grontkontor.dk\/wp-content\/uploads\/2014\/02\/Logo_groent_kontor_300x80.png\",\"contentUrl\":\"https:\/\/grontkontor.dk\/wp-content\/uploads\/2014\/02\/Logo_groent_kontor_300x80.png\",\"width\":300,\"height\":80,\"caption\":\"Gr\u00f8nt Kontor\"},\"image\":{\"@id\":\"https:\/\/grontkontor.dk\/#\/schema\/logo\/image\/\"},\"sameAs\":[\"https:\/\/www.facebook.com\/grontkontor.dk\/\"]}]}<\/script>\n<!-- \/ Yoast SEO Premium plugin. -->","yoast_head_json":{"title":"Hettegenser \u00d8kologisk Bomull og Rpet - Hvit - Gr\u00f8nt Kontor","description":"Klimavennlig genser i \u00f8kologisk bomull og rPET. Milj\u00f8vennlig firmagave i mange st\u00f8rrelser med mulighet for logotrykk og broderi. Bestill fra 15 stk.","robots":{"index":"index","follow":"follow","max-snippet":"max-snippet:-1","max-image-preview":"max-image-preview:large","max-video-preview":"max-video-preview:-1"},"canonical":"https:\/\/grontkontor.dk\/no\/shop\/hoodie-oekologisk-bomuld-og-rpet-hvid\/","og_locale":"en_US","og_type":"article","og_title":"Hettegenser \u00d8kologisk Bomull og Rpet - Hvit","og_description":"Klimavennlig genser i \u00f8kologisk bomull og rPET. Milj\u00f8vennlig firmagave i mange st\u00f8rrelser med mulighet for logotrykk og broderi. Bestill fra 15 stk.","og_url":"https:\/\/grontkontor.dk\/no\/shop\/hoodie-oekologisk-bomuld-og-rpet-hvid\/","og_site_name":"Gr\u00f8nt Kontor","article_publisher":"https:\/\/www.facebook.com\/grontkontor.dk\/","article_modified_time":"2025-11-06T09:46:02+00:00","og_image":[{"width":900,"height":639,"url":"https:\/\/grontkontor.dk\/wp-content\/uploads\/2024\/11\/Klimavenlig-sweatshirt-i-oekologisk-bomuld-og-rpet-hvid.jpg","type":"image\/jpeg"}],"twitter_card":"summary_large_image","twitter_misc":{"Est. reading time":"1 minute"},"schema":{"@context":"https:\/\/schema.org","@graph":[{"@type":"WebPage","@id":"https:\/\/grontkontor.dk\/no\/shop\/hoodie-oekologisk-bomuld-og-rpet-hvid\/","url":"https:\/\/grontkontor.dk\/no\/shop\/hoodie-oekologisk-bomuld-og-rpet-hvid\/","name":"Hettegenser \u00d8kologisk Bomull og Rpet - Hvit - Gr\u00f8nt Kontor","isPartOf":{"@id":"https:\/\/grontkontor.dk\/#website"},"datePublished":"2025-05-07T13:55:25+00:00","dateModified":"2025-11-06T09:46:02+00:00","description":"Klimavennlig genser i \u00f8kologisk bomull og rPET. Milj\u00f8vennlig firmagave i mange st\u00f8rrelser med mulighet for logotrykk og broderi. Bestill fra 15 stk.","breadcrumb":{"@id":"https:\/\/grontkontor.dk\/no\/shop\/hoodie-oekologisk-bomuld-og-rpet-hvid\/#breadcrumb"},"inLanguage":"no-NO","potentialAction":[{"@type":"ReadAction","target":["https:\/\/grontkontor.dk\/no\/shop\/hoodie-oekologisk-bomuld-og-rpet-hvid\/"]}]},{"@type":"BreadcrumbList","@id":"https:\/\/grontkontor.dk\/no\/shop\/hoodie-oekologisk-bomuld-og-rpet-hvid\/#breadcrumb","itemListElement":[{"@type":"ListItem","position":1,"name":"Forside","item":"https:\/\/grontkontor.dk\/"},{"@type":"ListItem","position":2,"name":"Butikk","item":"https:\/\/grontkontor.dk\/no\/butikk-2\/"},{"@type":"ListItem","position":3,"name":"Kl\u00e6r","item":"https:\/\/grontkontor.dk\/no\/produkt-kategori\/klaer\/"},{"@type":"ListItem","position":4,"name":"T-skjorter, gensere og poloskjorter","item":"https:\/\/grontkontor.dk\/no\/produkt-kategori\/klaer\/t-skjorter-gensere-og-poloskjorter\/"},{"@type":"ListItem","position":5,"name":"Hettegenser \u00d8kologisk Bomull og Rpet &#8211; Hvit"}]},{"@type":"WebSite","@id":"https:\/\/grontkontor.dk\/#website","url":"https:\/\/grontkontor.dk\/","name":"Gr\u00f8nt Kontor","description":"Milj\u00f8venlige produkter til kontor og erhverv med fokus p\u00e5 b\u00e6redygtighed, design og fair trade.","publisher":{"@id":"https:\/\/grontkontor.dk\/#organization"},"potentialAction":[{"@type":"SearchAction","target":{"@type":"EntryPoint","urlTemplate":"https:\/\/grontkontor.dk\/?s={search_term_string}"},"query-input":"required name=search_term_string"}],"inLanguage":"no-NO"},{"@type":"Organization","@id":"https:\/\/grontkontor.dk\/#organization","name":"Gr\u00f8nt Kontor","url":"https:\/\/grontkontor.dk\/","logo":{"@type":"ImageObject","inLanguage":"no-NO","@id":"https:\/\/grontkontor.dk\/#\/schema\/logo\/image\/","url":"https:\/\/grontkontor.dk\/wp-content\/uploads\/2014\/02\/Logo_groent_kontor_300x80.png","contentUrl":"https:\/\/grontkontor.dk\/wp-content\/uploads\/2014\/02\/Logo_groent_kontor_300x80.png","width":300,"height":80,"caption":"Gr\u00f8nt Kontor"},"image":{"@id":"https:\/\/grontkontor.dk\/#\/schema\/logo\/image\/"},"sameAs":["https:\/\/www.facebook.com\/grontkontor.dk\/"]}]}},"_links":{"self":[{"href":"https:\/\/grontkontor.dk\/no\/wp-json\/wp\/v2\/product\/124455"}],"collection":[{"href":"https:\/\/grontkontor.dk\/no\/wp-json\/wp\/v2\/product"}],"about":[{"href":"https:\/\/grontkontor.dk\/no\/wp-json\/wp\/v2\/types\/product"}],"replies":[{"embeddable":true,"href":"https:\/\/grontkontor.dk\/no\/wp-json\/wp\/v2\/comments?post=124455"}],"wp:featuredmedia":[{"embeddable":true,"href":"https:\/\/grontkontor.dk\/no\/wp-json\/wp\/v2\/media\/116655"}],"wp:attachment":[{"href":"https:\/\/grontkontor.dk\/no\/wp-json\/wp\/v2\/media?parent=124455"}],"wp:term":[{"taxonomy":"product_cat","embeddable":true,"href":"https:\/\/grontkontor.dk\/no\/wp-json\/wp\/v2\/product_cat?post=124455"},{"taxonomy":"product_tag","embeddable":true,"href":"https:\/\/grontkontor.dk\/no\/wp-json\/wp\/v2\/product_tag?post=124455"}],"curies":[{"name":"wp","href":"https:\/\/api.w.org\/{rel}","templated":true}]}}