{"id":124462,"date":"2025-04-03T13:53:44","date_gmt":"2025-05-07T13:58:16","guid":{"rendered":"https:\/\/grontkontor.dk\/shop\/dame-t-shirt-i-oekologisk-bomuld-natur\/"},"modified":"2025-11-06T10:44:59","modified_gmt":"2025-11-06T09:44:59","slug":"dame-t-shirt-i-oekologisk-bomuld-natur","status":"publish","type":"product","link":"https:\/\/grontkontor.dk\/no\/shop\/dame-t-shirt-i-oekologisk-bomuld-natur\/","title":{"rendered":"Dame-T-skjorte i \u00f8kologisk bomull natur"},"content":{"rendered":"<p>En lett og komfortabel t-skjorte for kvinner i 100 % GOTS-sertifisert \u00f8kologisk bomull er det ideelle valget n\u00e5r stil, kvalitet og omtanke skal g\u00e5 h\u00e5nd i h\u00e5nd. Denne skjorten er laget med fokus p\u00e5 b\u00e5de \u00f8kologi og sosialt ansvar, noe som gj\u00f8r den til en klimavennlig og milj\u00f8vennlig l\u00f8sning som alle kan bruke med god samvittighet.<x id=\"gid_0\"><\/x>Med en vekt p\u00e5 150 g\/m\u00b2 er stoffet lett og pustende, noe som gj\u00f8r t-skjorten perfekt til b\u00e5de hverdag, arrangementer og som en klassisk giveaway. Den kommer med den offisielle GOTS-merkingen, slik at du har dokumentasjon p\u00e5 at produksjonen oppfyller strenge krav til milj\u00f8 og arbeidsforhold.  <\/p>\n<p>Som profilplagg er denne klimavennlige dame-T-skjorten et opplagt valg. Den kan leveres med logotrykk, noe som gj\u00f8r den ideell som reklameartikkel for messer, bedriftsarrangementer eller som en del av ansattes uniform. T-skjorten kombinerer en feminin passform med h\u00f8y komfort og sender samtidig et gr\u00f8nt signal.  <\/p>\n<p>N\u00e5r du velger skjorter i \u00f8kologisk bomull, f\u00e5r du en funksjonell og stilig l\u00f8sning som st\u00f8tter opp om klimavennlige verdier. Denne t-skjorten viser at mote og milj\u00f8 kan kombineres p\u00e5 en enkel og elegant m\u00e5te. <\/p>\n<p>[oekobomuld] [gots_s]<\/p>\n<p>&nbsp;<\/p>\n<p>&nbsp;<\/p>\n<a href=\"https:\/\/www.eco-branding.dk\/miljoemaerkning\/gots.aspx\" rel=\"noopener\" target=\"_blank\"><img loading=\"lazy\" decoding=\"async\" class=\"size-full wp-image-12808\" src=\"https:\/\/grontkontor.dk\/wp-content\/uploads\/2019\/04\/gots-certificeret.jpg\" \n   alt=\"Gots certificeret - din garanti for, at produktet indeholder mindst 70% ?kologisk bomuld\"  description=\"Gots certificeret - din garanti for, at produktet indeholder mindst 70% ?kologisk bomuld\" width=\"50\" height=\"50\" \n\t border=0 \/><\/a>\n","protected":false},"excerpt":{"rendered":"<p>En lett og komfortabel t-skjorte for kvinner i 100 % GOTS-sertifisert \u00f8kologisk bomull er det ideelle valget n\u00e5r stil, kvalitet og omtanke skal g\u00e5 h\u00e5nd i h\u00e5nd. Denne skjorten er laget med fokus p\u00e5 b\u00e5de \u00f8kologi og sosialt ansvar, noe som gj\u00f8r den til en klimavennlig og milj\u00f8vennlig l\u00f8sning som alle kan bruke med god [&hellip;]<\/p>\n","protected":false},"featured_media":58192,"comment_status":"closed","ping_status":"closed","template":"","meta":{"_acf_changed":false},"product_cat":[3541,3194,2657,4840],"product_tag":[4805,3477,4806,4808,4807],"class_list":{"0":"post-124462","1":"product","2":"type-product","3":"status-publish","4":"has-post-thumbnail","6":"product_cat-dummy-moq-50-100-no","7":"product_cat-klimavennlige-firmagaver","8":"product_cat-nyheter","9":"product_cat-t-skjorter-gensere-og-poloskjorter","10":"product_tag-skjorte","11":"product_tag-t-skjorte","12":"product_tag-t-skjorte-no","13":"product_tag-t-skjorter-no","14":"product_tag-t-skjorter","15":"tm-has-styled-variations","16":"tm-has-options","18":"first","19":"instock","20":"taxable","21":"shipping-taxable","22":"purchasable","23":"product-type-simple"},"acf":[],"yoast_head":"<!-- This site is optimized with the Yoast SEO Premium plugin v21.2 (Yoast SEO v21.2) - https:\/\/yoast.com\/wordpress\/plugins\/seo\/ -->\n<title>Dame-T-skjorte i \u00f8kologisk bomull natur - Gr\u00f8nt Kontor<\/title>\n<meta name=\"description\" content=\"Dame-t-skjorte i 100 % GOTS-sertifisert \u00f8kologisk bomull. Klimavennlig skjorte med GOTS-merke. Perfekt som giveaway eller med logotrykk.\" \/>\n<meta name=\"robots\" content=\"index, follow, max-snippet:-1, max-image-preview:large, max-video-preview:-1\" \/>\n<link rel=\"canonical\" href=\"https:\/\/grontkontor.dk\/no\/shop\/dame-t-shirt-i-oekologisk-bomuld-natur\/\" \/>\n<meta property=\"og:locale\" content=\"en_US\" \/>\n<meta property=\"og:type\" content=\"article\" \/>\n<meta property=\"og:title\" content=\"Dame-T-skjorte i \u00f8kologisk bomull natur\" \/>\n<meta property=\"og:description\" content=\"Dame-t-skjorte i 100 % GOTS-sertifisert \u00f8kologisk bomull. Klimavennlig skjorte med GOTS-merke. Perfekt som giveaway eller med logotrykk.\" \/>\n<meta property=\"og:url\" content=\"https:\/\/grontkontor.dk\/no\/shop\/dame-t-shirt-i-oekologisk-bomuld-natur\/\" \/>\n<meta property=\"og:site_name\" content=\"Gr\u00f8nt Kontor\" \/>\n<meta property=\"article:publisher\" content=\"https:\/\/www.facebook.com\/grontkontor.dk\/\" \/>\n<meta property=\"article:modified_time\" content=\"2025-11-06T09:44:59+00:00\" \/>\n<meta property=\"og:image\" content=\"https:\/\/grontkontor.dk\/wp-content\/uploads\/2022\/05\/miljoevenlig-t-shirt-oekologisk-dame-bomuld-natur-02.jpg\" \/>\n\t<meta property=\"og:image:width\" content=\"900\" \/>\n\t<meta property=\"og:image:height\" content=\"639\" \/>\n\t<meta property=\"og:image:type\" content=\"image\/jpeg\" \/>\n<meta name=\"twitter:card\" content=\"summary_large_image\" \/>\n<meta name=\"twitter:label1\" content=\"Est. reading time\" \/>\n\t<meta name=\"twitter:data1\" content=\"1 minute\" \/>\n<script type=\"application\/ld+json\" class=\"yoast-schema-graph\">{\"@context\":\"https:\/\/schema.org\",\"@graph\":[{\"@type\":\"WebPage\",\"@id\":\"https:\/\/grontkontor.dk\/no\/shop\/dame-t-shirt-i-oekologisk-bomuld-natur\/\",\"url\":\"https:\/\/grontkontor.dk\/no\/shop\/dame-t-shirt-i-oekologisk-bomuld-natur\/\",\"name\":\"Dame-T-skjorte i \u00f8kologisk bomull natur - Gr\u00f8nt Kontor\",\"isPartOf\":{\"@id\":\"https:\/\/grontkontor.dk\/#website\"},\"datePublished\":\"2025-05-07T13:58:16+00:00\",\"dateModified\":\"2025-11-06T09:44:59+00:00\",\"description\":\"Dame-t-skjorte i 100 % GOTS-sertifisert \u00f8kologisk bomull. Klimavennlig skjorte med GOTS-merke. Perfekt som giveaway eller med logotrykk.\",\"breadcrumb\":{\"@id\":\"https:\/\/grontkontor.dk\/no\/shop\/dame-t-shirt-i-oekologisk-bomuld-natur\/#breadcrumb\"},\"inLanguage\":\"no-NO\",\"potentialAction\":[{\"@type\":\"ReadAction\",\"target\":[\"https:\/\/grontkontor.dk\/no\/shop\/dame-t-shirt-i-oekologisk-bomuld-natur\/\"]}]},{\"@type\":\"BreadcrumbList\",\"@id\":\"https:\/\/grontkontor.dk\/no\/shop\/dame-t-shirt-i-oekologisk-bomuld-natur\/#breadcrumb\",\"itemListElement\":[{\"@type\":\"ListItem\",\"position\":1,\"name\":\"Forside\",\"item\":\"https:\/\/grontkontor.dk\/\"},{\"@type\":\"ListItem\",\"position\":2,\"name\":\"Butikk\",\"item\":\"https:\/\/grontkontor.dk\/no\/butikk-2\/\"},{\"@type\":\"ListItem\",\"position\":3,\"name\":\"Kl\u00e6r\",\"item\":\"https:\/\/grontkontor.dk\/no\/produkt-kategori\/klaer\/\"},{\"@type\":\"ListItem\",\"position\":4,\"name\":\"T-skjorter, gensere og poloskjorter\",\"item\":\"https:\/\/grontkontor.dk\/no\/produkt-kategori\/klaer\/t-skjorter-gensere-og-poloskjorter\/\"},{\"@type\":\"ListItem\",\"position\":5,\"name\":\"Dame-T-skjorte i \u00f8kologisk bomull natur\"}]},{\"@type\":\"WebSite\",\"@id\":\"https:\/\/grontkontor.dk\/#website\",\"url\":\"https:\/\/grontkontor.dk\/\",\"name\":\"Gr\u00f8nt Kontor\",\"description\":\"Milj\u00f8venlige produkter til kontor og erhverv med fokus p\u00e5 b\u00e6redygtighed, design og fair trade.\",\"publisher\":{\"@id\":\"https:\/\/grontkontor.dk\/#organization\"},\"potentialAction\":[{\"@type\":\"SearchAction\",\"target\":{\"@type\":\"EntryPoint\",\"urlTemplate\":\"https:\/\/grontkontor.dk\/?s={search_term_string}\"},\"query-input\":\"required name=search_term_string\"}],\"inLanguage\":\"no-NO\"},{\"@type\":\"Organization\",\"@id\":\"https:\/\/grontkontor.dk\/#organization\",\"name\":\"Gr\u00f8nt Kontor\",\"url\":\"https:\/\/grontkontor.dk\/\",\"logo\":{\"@type\":\"ImageObject\",\"inLanguage\":\"no-NO\",\"@id\":\"https:\/\/grontkontor.dk\/#\/schema\/logo\/image\/\",\"url\":\"https:\/\/grontkontor.dk\/wp-content\/uploads\/2014\/02\/Logo_groent_kontor_300x80.png\",\"contentUrl\":\"https:\/\/grontkontor.dk\/wp-content\/uploads\/2014\/02\/Logo_groent_kontor_300x80.png\",\"width\":300,\"height\":80,\"caption\":\"Gr\u00f8nt Kontor\"},\"image\":{\"@id\":\"https:\/\/grontkontor.dk\/#\/schema\/logo\/image\/\"},\"sameAs\":[\"https:\/\/www.facebook.com\/grontkontor.dk\/\"]}]}<\/script>\n<!-- \/ Yoast SEO Premium plugin. -->","yoast_head_json":{"title":"Dame-T-skjorte i \u00f8kologisk bomull natur - Gr\u00f8nt Kontor","description":"Dame-t-skjorte i 100 % GOTS-sertifisert \u00f8kologisk bomull. Klimavennlig skjorte med GOTS-merke. Perfekt som giveaway eller med logotrykk.","robots":{"index":"index","follow":"follow","max-snippet":"max-snippet:-1","max-image-preview":"max-image-preview:large","max-video-preview":"max-video-preview:-1"},"canonical":"https:\/\/grontkontor.dk\/no\/shop\/dame-t-shirt-i-oekologisk-bomuld-natur\/","og_locale":"en_US","og_type":"article","og_title":"Dame-T-skjorte i \u00f8kologisk bomull natur","og_description":"Dame-t-skjorte i 100 % GOTS-sertifisert \u00f8kologisk bomull. Klimavennlig skjorte med GOTS-merke. Perfekt som giveaway eller med logotrykk.","og_url":"https:\/\/grontkontor.dk\/no\/shop\/dame-t-shirt-i-oekologisk-bomuld-natur\/","og_site_name":"Gr\u00f8nt Kontor","article_publisher":"https:\/\/www.facebook.com\/grontkontor.dk\/","article_modified_time":"2025-11-06T09:44:59+00:00","og_image":[{"width":900,"height":639,"url":"https:\/\/grontkontor.dk\/wp-content\/uploads\/2022\/05\/miljoevenlig-t-shirt-oekologisk-dame-bomuld-natur-02.jpg","type":"image\/jpeg"}],"twitter_card":"summary_large_image","twitter_misc":{"Est. reading time":"1 minute"},"schema":{"@context":"https:\/\/schema.org","@graph":[{"@type":"WebPage","@id":"https:\/\/grontkontor.dk\/no\/shop\/dame-t-shirt-i-oekologisk-bomuld-natur\/","url":"https:\/\/grontkontor.dk\/no\/shop\/dame-t-shirt-i-oekologisk-bomuld-natur\/","name":"Dame-T-skjorte i \u00f8kologisk bomull natur - Gr\u00f8nt Kontor","isPartOf":{"@id":"https:\/\/grontkontor.dk\/#website"},"datePublished":"2025-05-07T13:58:16+00:00","dateModified":"2025-11-06T09:44:59+00:00","description":"Dame-t-skjorte i 100 % GOTS-sertifisert \u00f8kologisk bomull. Klimavennlig skjorte med GOTS-merke. Perfekt som giveaway eller med logotrykk.","breadcrumb":{"@id":"https:\/\/grontkontor.dk\/no\/shop\/dame-t-shirt-i-oekologisk-bomuld-natur\/#breadcrumb"},"inLanguage":"no-NO","potentialAction":[{"@type":"ReadAction","target":["https:\/\/grontkontor.dk\/no\/shop\/dame-t-shirt-i-oekologisk-bomuld-natur\/"]}]},{"@type":"BreadcrumbList","@id":"https:\/\/grontkontor.dk\/no\/shop\/dame-t-shirt-i-oekologisk-bomuld-natur\/#breadcrumb","itemListElement":[{"@type":"ListItem","position":1,"name":"Forside","item":"https:\/\/grontkontor.dk\/"},{"@type":"ListItem","position":2,"name":"Butikk","item":"https:\/\/grontkontor.dk\/no\/butikk-2\/"},{"@type":"ListItem","position":3,"name":"Kl\u00e6r","item":"https:\/\/grontkontor.dk\/no\/produkt-kategori\/klaer\/"},{"@type":"ListItem","position":4,"name":"T-skjorter, gensere og poloskjorter","item":"https:\/\/grontkontor.dk\/no\/produkt-kategori\/klaer\/t-skjorter-gensere-og-poloskjorter\/"},{"@type":"ListItem","position":5,"name":"Dame-T-skjorte i \u00f8kologisk bomull natur"}]},{"@type":"WebSite","@id":"https:\/\/grontkontor.dk\/#website","url":"https:\/\/grontkontor.dk\/","name":"Gr\u00f8nt Kontor","description":"Milj\u00f8venlige produkter til kontor og erhverv med fokus p\u00e5 b\u00e6redygtighed, design og fair trade.","publisher":{"@id":"https:\/\/grontkontor.dk\/#organization"},"potentialAction":[{"@type":"SearchAction","target":{"@type":"EntryPoint","urlTemplate":"https:\/\/grontkontor.dk\/?s={search_term_string}"},"query-input":"required name=search_term_string"}],"inLanguage":"no-NO"},{"@type":"Organization","@id":"https:\/\/grontkontor.dk\/#organization","name":"Gr\u00f8nt Kontor","url":"https:\/\/grontkontor.dk\/","logo":{"@type":"ImageObject","inLanguage":"no-NO","@id":"https:\/\/grontkontor.dk\/#\/schema\/logo\/image\/","url":"https:\/\/grontkontor.dk\/wp-content\/uploads\/2014\/02\/Logo_groent_kontor_300x80.png","contentUrl":"https:\/\/grontkontor.dk\/wp-content\/uploads\/2014\/02\/Logo_groent_kontor_300x80.png","width":300,"height":80,"caption":"Gr\u00f8nt Kontor"},"image":{"@id":"https:\/\/grontkontor.dk\/#\/schema\/logo\/image\/"},"sameAs":["https:\/\/www.facebook.com\/grontkontor.dk\/"]}]}},"_links":{"self":[{"href":"https:\/\/grontkontor.dk\/no\/wp-json\/wp\/v2\/product\/124462"}],"collection":[{"href":"https:\/\/grontkontor.dk\/no\/wp-json\/wp\/v2\/product"}],"about":[{"href":"https:\/\/grontkontor.dk\/no\/wp-json\/wp\/v2\/types\/product"}],"replies":[{"embeddable":true,"href":"https:\/\/grontkontor.dk\/no\/wp-json\/wp\/v2\/comments?post=124462"}],"wp:featuredmedia":[{"embeddable":true,"href":"https:\/\/grontkontor.dk\/no\/wp-json\/wp\/v2\/media\/58192"}],"wp:attachment":[{"href":"https:\/\/grontkontor.dk\/no\/wp-json\/wp\/v2\/media?parent=124462"}],"wp:term":[{"taxonomy":"product_cat","embeddable":true,"href":"https:\/\/grontkontor.dk\/no\/wp-json\/wp\/v2\/product_cat?post=124462"},{"taxonomy":"product_tag","embeddable":true,"href":"https:\/\/grontkontor.dk\/no\/wp-json\/wp\/v2\/product_tag?post=124462"}],"curies":[{"name":"wp","href":"https:\/\/api.w.org\/{rel}","templated":true}]}}