{"id":124464,"date":"2025-04-03T13:45:07","date_gmt":"2025-05-07T13:58:18","guid":{"rendered":"https:\/\/grontkontor.dk\/shop\/hoodie-oekologisk-bomuld-og-rpet\/"},"modified":"2025-11-06T10:08:21","modified_gmt":"2025-11-06T09:08:21","slug":"hoodie-oekologisk-bomuld-og-rpet","status":"publish","type":"product","link":"https:\/\/grontkontor.dk\/no\/shop\/hoodie-oekologisk-bomuld-og-rpet\/","title":{"rendered":"Hettegenser i \u00f8kologisk bomull og rpet uten trykk"},"content":{"rendered":"<p>En klimavennlig genser er et opplagt valg n\u00e5r du vil ha profilkl\u00e6r som kombinerer komfort, kvalitet og omtanke for milj\u00f8et. Denne modellen er laget av 60 % \u00f8kologisk bomull og 40 % polyester laget av resirkulert plast, noe som gj\u00f8r den til en milj\u00f8vennlig l\u00f8sning som kan brukes b\u00e5de som firmagave, ansatttr\u00f8ye eller reklameartikkel p\u00e5 arrangementer.<br \/>\nGenseren er tilgjengelig i st\u00f8rrelser fra XS til XXXL og kommer i et bredt spekter av farger: svart, r\u00f8d, bl\u00e5, m\u00f8rkebl\u00e5, gr\u00f8nn, gr\u00e5, hvit og m\u00f8rkegr\u00e5. Med en kvalitet p\u00e5 280 g\/m\u00b2 er den b\u00e5de slitesterk og komfortabel, noe som gj\u00f8r den egnet til daglig bruk p\u00e5 kontoret, p\u00e5 fritiden eller som en del av en komplett kolleksjon av hettegensere og gensere for ansatte.<br \/>\nFor \u00e5 skape maksimal merkevarebygging kan genseren leveres med logotrykk i opptil fire farger avhengig av trykkmetode. Som standard gj\u00f8res silketrykk med dobbelttrykk, noe som sikrer et vakkert og holdbart resultat \u2013 selv p\u00e5 m\u00f8rkere farger. I tillegg er det mulighet for broderi hvis du \u00f8nsker et mer eksklusivt utseende.<x id=\"gid_2\"><\/x>Ved \u00e5 velge gensere og hettegensere i \u00f8kologiske og resirkulerte materialer, sender du et tydelig signal om klimavennlige verdier. Denne genseren er et sterkt eksempel p\u00e5 hvordan funksjon, design og milj\u00f8vennlig produksjon kan g\u00e5 h\u00e5nd i h\u00e5nd \u2013 et produkt som styrker b\u00e5de merkevaren og garderoben.<br \/>\n&amp;nbsp;<\/p>\n<p>[oekobomuld] [rpet_s]<\/p>\n<p>[gots_s]<\/p>\n<p>&amp;nbsp;<\/p>\n<a href=\"https:\/\/www.eco-branding.dk\/miljoemaerkning\/gots.aspx\" rel=\"noopener\" target=\"_blank\"><img loading=\"lazy\" decoding=\"async\" class=\"size-full wp-image-12808\" src=\"https:\/\/grontkontor.dk\/wp-content\/uploads\/2019\/04\/gots-certificeret.jpg\" \n   alt=\"Gots certificeret - din garanti for, at produktet indeholder mindst 70% ?kologisk bomuld\"  description=\"Gots certificeret - din garanti for, at produktet indeholder mindst 70% ?kologisk bomuld\" width=\"50\" height=\"50\" \n\t border=0 \/><\/a>\n","protected":false},"excerpt":{"rendered":"<p>En klimavennlig genser er et opplagt valg n\u00e5r du vil ha profilkl\u00e6r som kombinerer komfort, kvalitet og omtanke for milj\u00f8et. Denne modellen er laget av 60 % \u00f8kologisk bomull og 40 % polyester laget av resirkulert plast, noe som gj\u00f8r den til en milj\u00f8vennlig l\u00f8sning som kan brukes b\u00e5de som firmagave, ansatttr\u00f8ye eller reklameartikkel p\u00e5 [&hellip;]<\/p>\n","protected":false},"featured_media":116574,"comment_status":"closed","ping_status":"closed","template":"","meta":{"_acf_changed":false},"product_cat":[3225,4888,3194,2657,4840],"product_tag":[4605,4604],"class_list":{"0":"post-124464","1":"product","2":"type-product","3":"status-publish","4":"has-post-thumbnail","6":"product_cat-dummy-moq-10-50-no","7":"product_cat-for-regn-og-kulde","8":"product_cat-klimavennlige-firmagaver","9":"product_cat-nyheter","10":"product_cat-t-skjorter-gensere-og-poloskjorter","11":"product_tag-hettegenser","12":"product_tag-sweatshirt-no","13":"pa_farve-blaa-no","14":"pa_farve-graa-no-2","15":"pa_farve-groenn","16":"pa_farve-hvit","17":"pa_farve-moerkegraa-no","18":"pa_farve-moerkeblaa-no","19":"pa_farve-roed-no","20":"pa_farve-svart","21":"tm-has-styled-variations","22":"tm-has-options","24":"first","25":"instock","26":"taxable","27":"shipping-taxable","28":"purchasable","29":"product-type-simple"},"acf":[],"yoast_head":"<!-- This site is optimized with the Yoast SEO Premium plugin v21.2 (Yoast SEO v21.2) - https:\/\/yoast.com\/wordpress\/plugins\/seo\/ -->\n<title>Hettegenser i \u00f8kologisk bomull og rpet uten trykk - Gr\u00f8nt Kontor<\/title>\n<meta name=\"description\" content=\"Klimavennlig genser i \u00f8kologisk bomull og resirkulert plast. Milj\u00f8vennlige profilkl\u00e6r i mange farger og st\u00f8rrelser. Leveres med logotrykk og broderi.\" \/>\n<meta name=\"robots\" content=\"index, follow, max-snippet:-1, max-image-preview:large, max-video-preview:-1\" \/>\n<link rel=\"canonical\" href=\"https:\/\/grontkontor.dk\/no\/shop\/hoodie-oekologisk-bomuld-og-rpet\/\" \/>\n<meta property=\"og:locale\" content=\"en_US\" \/>\n<meta property=\"og:type\" content=\"article\" \/>\n<meta property=\"og:title\" content=\"Hettegenser i \u00f8kologisk bomull og rpet uten trykk\" \/>\n<meta property=\"og:description\" content=\"Klimavennlig genser i \u00f8kologisk bomull og resirkulert plast. Milj\u00f8vennlige profilkl\u00e6r i mange farger og st\u00f8rrelser. Leveres med logotrykk og broderi.\" \/>\n<meta property=\"og:url\" content=\"https:\/\/grontkontor.dk\/no\/shop\/hoodie-oekologisk-bomuld-og-rpet\/\" \/>\n<meta property=\"og:site_name\" content=\"Gr\u00f8nt Kontor\" \/>\n<meta property=\"article:publisher\" content=\"https:\/\/www.facebook.com\/grontkontor.dk\/\" \/>\n<meta property=\"article:modified_time\" content=\"2025-11-06T09:08:21+00:00\" \/>\n<meta property=\"og:image\" content=\"https:\/\/grontkontor.dk\/wp-content\/uploads\/2024\/11\/Klimavenlig-sweatshirt-i-oekologisk-bomuld-og-rpet-collage.jpg\" \/>\n\t<meta property=\"og:image:width\" content=\"900\" \/>\n\t<meta property=\"og:image:height\" content=\"639\" \/>\n\t<meta property=\"og:image:type\" content=\"image\/jpeg\" \/>\n<meta name=\"twitter:card\" content=\"summary_large_image\" \/>\n<meta name=\"twitter:label1\" content=\"Est. reading time\" \/>\n\t<meta name=\"twitter:data1\" content=\"1 minute\" \/>\n<script type=\"application\/ld+json\" class=\"yoast-schema-graph\">{\"@context\":\"https:\/\/schema.org\",\"@graph\":[{\"@type\":\"WebPage\",\"@id\":\"https:\/\/grontkontor.dk\/no\/shop\/hoodie-oekologisk-bomuld-og-rpet\/\",\"url\":\"https:\/\/grontkontor.dk\/no\/shop\/hoodie-oekologisk-bomuld-og-rpet\/\",\"name\":\"Hettegenser i \u00f8kologisk bomull og rpet uten trykk - Gr\u00f8nt Kontor\",\"isPartOf\":{\"@id\":\"https:\/\/grontkontor.dk\/#website\"},\"datePublished\":\"2025-05-07T13:58:18+00:00\",\"dateModified\":\"2025-11-06T09:08:21+00:00\",\"description\":\"Klimavennlig genser i \u00f8kologisk bomull og resirkulert plast. Milj\u00f8vennlige profilkl\u00e6r i mange farger og st\u00f8rrelser. Leveres med logotrykk og broderi.\",\"breadcrumb\":{\"@id\":\"https:\/\/grontkontor.dk\/no\/shop\/hoodie-oekologisk-bomuld-og-rpet\/#breadcrumb\"},\"inLanguage\":\"no-NO\",\"potentialAction\":[{\"@type\":\"ReadAction\",\"target\":[\"https:\/\/grontkontor.dk\/no\/shop\/hoodie-oekologisk-bomuld-og-rpet\/\"]}]},{\"@type\":\"BreadcrumbList\",\"@id\":\"https:\/\/grontkontor.dk\/no\/shop\/hoodie-oekologisk-bomuld-og-rpet\/#breadcrumb\",\"itemListElement\":[{\"@type\":\"ListItem\",\"position\":1,\"name\":\"Forside\",\"item\":\"https:\/\/grontkontor.dk\/\"},{\"@type\":\"ListItem\",\"position\":2,\"name\":\"Butikk\",\"item\":\"https:\/\/grontkontor.dk\/no\/butikk-2\/\"},{\"@type\":\"ListItem\",\"position\":3,\"name\":\"Dummy MOQ 10-50\",\"item\":\"https:\/\/grontkontor.dk\/no\/produkt-kategori\/dummy-moq-10-50-no\/\"},{\"@type\":\"ListItem\",\"position\":4,\"name\":\"Hettegenser i \u00f8kologisk bomull og rpet uten trykk\"}]},{\"@type\":\"WebSite\",\"@id\":\"https:\/\/grontkontor.dk\/#website\",\"url\":\"https:\/\/grontkontor.dk\/\",\"name\":\"Gr\u00f8nt Kontor\",\"description\":\"Milj\u00f8venlige produkter til kontor og erhverv med fokus p\u00e5 b\u00e6redygtighed, design og fair trade.\",\"publisher\":{\"@id\":\"https:\/\/grontkontor.dk\/#organization\"},\"potentialAction\":[{\"@type\":\"SearchAction\",\"target\":{\"@type\":\"EntryPoint\",\"urlTemplate\":\"https:\/\/grontkontor.dk\/?s={search_term_string}\"},\"query-input\":\"required name=search_term_string\"}],\"inLanguage\":\"no-NO\"},{\"@type\":\"Organization\",\"@id\":\"https:\/\/grontkontor.dk\/#organization\",\"name\":\"Gr\u00f8nt Kontor\",\"url\":\"https:\/\/grontkontor.dk\/\",\"logo\":{\"@type\":\"ImageObject\",\"inLanguage\":\"no-NO\",\"@id\":\"https:\/\/grontkontor.dk\/#\/schema\/logo\/image\/\",\"url\":\"https:\/\/grontkontor.dk\/wp-content\/uploads\/2014\/02\/Logo_groent_kontor_300x80.png\",\"contentUrl\":\"https:\/\/grontkontor.dk\/wp-content\/uploads\/2014\/02\/Logo_groent_kontor_300x80.png\",\"width\":300,\"height\":80,\"caption\":\"Gr\u00f8nt Kontor\"},\"image\":{\"@id\":\"https:\/\/grontkontor.dk\/#\/schema\/logo\/image\/\"},\"sameAs\":[\"https:\/\/www.facebook.com\/grontkontor.dk\/\"]}]}<\/script>\n<!-- \/ Yoast SEO Premium plugin. -->","yoast_head_json":{"title":"Hettegenser i \u00f8kologisk bomull og rpet uten trykk - Gr\u00f8nt Kontor","description":"Klimavennlig genser i \u00f8kologisk bomull og resirkulert plast. Milj\u00f8vennlige profilkl\u00e6r i mange farger og st\u00f8rrelser. Leveres med logotrykk og broderi.","robots":{"index":"index","follow":"follow","max-snippet":"max-snippet:-1","max-image-preview":"max-image-preview:large","max-video-preview":"max-video-preview:-1"},"canonical":"https:\/\/grontkontor.dk\/no\/shop\/hoodie-oekologisk-bomuld-og-rpet\/","og_locale":"en_US","og_type":"article","og_title":"Hettegenser i \u00f8kologisk bomull og rpet uten trykk","og_description":"Klimavennlig genser i \u00f8kologisk bomull og resirkulert plast. Milj\u00f8vennlige profilkl\u00e6r i mange farger og st\u00f8rrelser. Leveres med logotrykk og broderi.","og_url":"https:\/\/grontkontor.dk\/no\/shop\/hoodie-oekologisk-bomuld-og-rpet\/","og_site_name":"Gr\u00f8nt Kontor","article_publisher":"https:\/\/www.facebook.com\/grontkontor.dk\/","article_modified_time":"2025-11-06T09:08:21+00:00","og_image":[{"width":900,"height":639,"url":"https:\/\/grontkontor.dk\/wp-content\/uploads\/2024\/11\/Klimavenlig-sweatshirt-i-oekologisk-bomuld-og-rpet-collage.jpg","type":"image\/jpeg"}],"twitter_card":"summary_large_image","twitter_misc":{"Est. reading time":"1 minute"},"schema":{"@context":"https:\/\/schema.org","@graph":[{"@type":"WebPage","@id":"https:\/\/grontkontor.dk\/no\/shop\/hoodie-oekologisk-bomuld-og-rpet\/","url":"https:\/\/grontkontor.dk\/no\/shop\/hoodie-oekologisk-bomuld-og-rpet\/","name":"Hettegenser i \u00f8kologisk bomull og rpet uten trykk - Gr\u00f8nt Kontor","isPartOf":{"@id":"https:\/\/grontkontor.dk\/#website"},"datePublished":"2025-05-07T13:58:18+00:00","dateModified":"2025-11-06T09:08:21+00:00","description":"Klimavennlig genser i \u00f8kologisk bomull og resirkulert plast. Milj\u00f8vennlige profilkl\u00e6r i mange farger og st\u00f8rrelser. Leveres med logotrykk og broderi.","breadcrumb":{"@id":"https:\/\/grontkontor.dk\/no\/shop\/hoodie-oekologisk-bomuld-og-rpet\/#breadcrumb"},"inLanguage":"no-NO","potentialAction":[{"@type":"ReadAction","target":["https:\/\/grontkontor.dk\/no\/shop\/hoodie-oekologisk-bomuld-og-rpet\/"]}]},{"@type":"BreadcrumbList","@id":"https:\/\/grontkontor.dk\/no\/shop\/hoodie-oekologisk-bomuld-og-rpet\/#breadcrumb","itemListElement":[{"@type":"ListItem","position":1,"name":"Forside","item":"https:\/\/grontkontor.dk\/"},{"@type":"ListItem","position":2,"name":"Butikk","item":"https:\/\/grontkontor.dk\/no\/butikk-2\/"},{"@type":"ListItem","position":3,"name":"Dummy MOQ 10-50","item":"https:\/\/grontkontor.dk\/no\/produkt-kategori\/dummy-moq-10-50-no\/"},{"@type":"ListItem","position":4,"name":"Hettegenser i \u00f8kologisk bomull og rpet uten trykk"}]},{"@type":"WebSite","@id":"https:\/\/grontkontor.dk\/#website","url":"https:\/\/grontkontor.dk\/","name":"Gr\u00f8nt Kontor","description":"Milj\u00f8venlige produkter til kontor og erhverv med fokus p\u00e5 b\u00e6redygtighed, design og fair trade.","publisher":{"@id":"https:\/\/grontkontor.dk\/#organization"},"potentialAction":[{"@type":"SearchAction","target":{"@type":"EntryPoint","urlTemplate":"https:\/\/grontkontor.dk\/?s={search_term_string}"},"query-input":"required name=search_term_string"}],"inLanguage":"no-NO"},{"@type":"Organization","@id":"https:\/\/grontkontor.dk\/#organization","name":"Gr\u00f8nt Kontor","url":"https:\/\/grontkontor.dk\/","logo":{"@type":"ImageObject","inLanguage":"no-NO","@id":"https:\/\/grontkontor.dk\/#\/schema\/logo\/image\/","url":"https:\/\/grontkontor.dk\/wp-content\/uploads\/2014\/02\/Logo_groent_kontor_300x80.png","contentUrl":"https:\/\/grontkontor.dk\/wp-content\/uploads\/2014\/02\/Logo_groent_kontor_300x80.png","width":300,"height":80,"caption":"Gr\u00f8nt Kontor"},"image":{"@id":"https:\/\/grontkontor.dk\/#\/schema\/logo\/image\/"},"sameAs":["https:\/\/www.facebook.com\/grontkontor.dk\/"]}]}},"_links":{"self":[{"href":"https:\/\/grontkontor.dk\/no\/wp-json\/wp\/v2\/product\/124464"}],"collection":[{"href":"https:\/\/grontkontor.dk\/no\/wp-json\/wp\/v2\/product"}],"about":[{"href":"https:\/\/grontkontor.dk\/no\/wp-json\/wp\/v2\/types\/product"}],"replies":[{"embeddable":true,"href":"https:\/\/grontkontor.dk\/no\/wp-json\/wp\/v2\/comments?post=124464"}],"wp:featuredmedia":[{"embeddable":true,"href":"https:\/\/grontkontor.dk\/no\/wp-json\/wp\/v2\/media\/116574"}],"wp:attachment":[{"href":"https:\/\/grontkontor.dk\/no\/wp-json\/wp\/v2\/media?parent=124464"}],"wp:term":[{"taxonomy":"product_cat","embeddable":true,"href":"https:\/\/grontkontor.dk\/no\/wp-json\/wp\/v2\/product_cat?post=124464"},{"taxonomy":"product_tag","embeddable":true,"href":"https:\/\/grontkontor.dk\/no\/wp-json\/wp\/v2\/product_tag?post=124464"}],"curies":[{"name":"wp","href":"https:\/\/api.w.org\/{rel}","templated":true}]}}