{"id":124466,"date":"2025-04-03T14:40:28","date_gmt":"2025-05-07T13:58:25","guid":{"rendered":"https:\/\/grontkontor.dk\/shop\/sweatshirt-oekologisk-bomuld-og-rpet-hvid\/"},"modified":"2025-11-06T11:41:40","modified_gmt":"2025-11-06T10:41:40","slug":"sweatshirt-oekologisk-bomuld-og-rpet-hvid","status":"publish","type":"product","link":"https:\/\/grontkontor.dk\/no\/shop\/sweatshirt-oekologisk-bomuld-og-rpet-hvid\/","title":{"rendered":"Genser \u00f8kologisk bomull og rpet &#8211; hvit"},"content":{"rendered":"<p>En hvit klimavennlig genser er et stilig valg til b\u00e5de hverdag og jobb. Fargen gir et klassisk og friskt uttrykk som er perfekt til arrangementer, messer eller som en del av profilkl\u00e6rne til ansatte. Genseren er laget av 60 % \u00f8kologisk bomull og 40 % rPET-polyester, noe som gj\u00f8r den til en milj\u00f8vennlig l\u00f8sning som kombinerer komfort og omtenksomhet.  <\/p>\n<p>Med en kvalitet p\u00e5 280 g\/m\u00b2 er den hvite genseren b\u00e5de myk og slitesterk, noe som gj\u00f8r den egnet til hverdagsbruk. Den er tilgjengelig i st\u00f8rrelsene XS til XXXL, slik at alle kan finne riktig passform. Som standard kommer den med mulighet for logoutskrift i opptil fire farger avhengig av utskriftsmetode, samt broderi for en mer eksklusiv finish.<br \/>\nDen hvite fargen fungerer som en n\u00f8ytral bakgrunn som fremhever logoen og budskapene p\u00e5 en profesjonell m\u00e5te. Derfor er genseren ideell som reklameartikkel, firmagave eller ansattskjorte, hvor merkevarebygging spiller en viktig rolle.   <\/p>\n<p>Ved \u00e5 velge en hvit genser i \u00f8kologiske og resirkulerte materialer f\u00e5r du ikke bare et funksjonelt klesplagg, men ogs\u00e5 et klimavennlig produkt som st\u00f8tter gr\u00f8nne verdier.<\/p>\n<p>[oekobomuld] [rpet_s]<\/p>\n<p>[gots_s]<\/p>\n<p>&nbsp;<\/p>\n<a href=\"https:\/\/www.eco-branding.dk\/miljoemaerkning\/gots.aspx\" rel=\"noopener\" target=\"_blank\"><img loading=\"lazy\" decoding=\"async\" class=\"size-full wp-image-12808\" src=\"https:\/\/grontkontor.dk\/wp-content\/uploads\/2019\/04\/gots-certificeret.jpg\" \n   alt=\"Gots certificeret - din garanti for, at produktet indeholder mindst 70% ?kologisk bomuld\"  description=\"Gots certificeret - din garanti for, at produktet indeholder mindst 70% ?kologisk bomuld\" width=\"50\" height=\"50\" \n\t border=0 \/><\/a>\n","protected":false},"excerpt":{"rendered":"<p>En hvit klimavennlig genser er et stilig valg til b\u00e5de hverdag og jobb. Fargen gir et klassisk og friskt uttrykk som er perfekt til arrangementer, messer eller som en del av profilkl\u00e6rne til ansatte. Genseren er laget av 60 % \u00f8kologisk bomull og 40 % rPET-polyester, noe som gj\u00f8r den til en milj\u00f8vennlig l\u00f8sning som [&hellip;]<\/p>\n","protected":false},"featured_media":122637,"comment_status":"closed","ping_status":"closed","template":"","meta":{"_acf_changed":false},"product_cat":[3225,3194,2657,4840],"product_tag":[4605,4604],"class_list":{"0":"post-124466","1":"product","2":"type-product","3":"status-publish","4":"has-post-thumbnail","6":"product_cat-dummy-moq-10-50-no","7":"product_cat-klimavennlige-firmagaver","8":"product_cat-nyheter","9":"product_cat-t-skjorter-gensere-og-poloskjorter","10":"product_tag-hettegenser","11":"product_tag-sweatshirt-no","12":"tm-has-styled-variations","13":"tm-has-options","15":"first","16":"instock","17":"taxable","18":"shipping-taxable","19":"purchasable","20":"product-type-simple"},"acf":[],"yoast_head":"<!-- This site is optimized with the Yoast SEO Premium plugin v21.2 (Yoast SEO v21.2) - https:\/\/yoast.com\/wordpress\/plugins\/seo\/ -->\n<title>Genser \u00f8kologisk bomull og rpet - hvit - Gr\u00f8nt Kontor<\/title>\n<meta name=\"description\" content=\"Hvit klimavennlig genser i \u00f8kologisk bomull og rPET. Milj\u00f8vennlig, komfortabel og perfekt for logoutskrift eller broderi. XS\u2013XXXL, 280 g\/m\u00b2.\" \/>\n<meta name=\"robots\" content=\"index, follow, max-snippet:-1, max-image-preview:large, max-video-preview:-1\" \/>\n<link rel=\"canonical\" href=\"https:\/\/grontkontor.dk\/no\/shop\/sweatshirt-oekologisk-bomuld-og-rpet-hvid\/\" \/>\n<meta property=\"og:locale\" content=\"en_US\" \/>\n<meta property=\"og:type\" content=\"article\" \/>\n<meta property=\"og:title\" content=\"Genser \u00f8kologisk bomull og rpet - hvit\" \/>\n<meta property=\"og:description\" content=\"Hvit klimavennlig genser i \u00f8kologisk bomull og rPET. Milj\u00f8vennlig, komfortabel og perfekt for logoutskrift eller broderi. XS\u2013XXXL, 280 g\/m\u00b2.\" \/>\n<meta property=\"og:url\" content=\"https:\/\/grontkontor.dk\/no\/shop\/sweatshirt-oekologisk-bomuld-og-rpet-hvid\/\" \/>\n<meta property=\"og:site_name\" content=\"Gr\u00f8nt Kontor\" \/>\n<meta property=\"article:publisher\" content=\"https:\/\/www.facebook.com\/grontkontor.dk\/\" \/>\n<meta property=\"article:modified_time\" content=\"2025-11-06T10:41:40+00:00\" \/>\n<meta property=\"og:image\" content=\"https:\/\/grontkontor.dk\/wp-content\/uploads\/2024\/11\/Klimavenlig-sweatshirt-280-gsm-oekologisk-bomuld-rpet-hvid.jpg\" \/>\n\t<meta property=\"og:image:width\" content=\"639\" \/>\n\t<meta property=\"og:image:height\" content=\"900\" \/>\n\t<meta property=\"og:image:type\" content=\"image\/jpeg\" \/>\n<meta name=\"twitter:card\" content=\"summary_large_image\" \/>\n<meta name=\"twitter:label1\" content=\"Est. reading time\" \/>\n\t<meta name=\"twitter:data1\" content=\"1 minute\" \/>\n<script type=\"application\/ld+json\" class=\"yoast-schema-graph\">{\"@context\":\"https:\/\/schema.org\",\"@graph\":[{\"@type\":\"WebPage\",\"@id\":\"https:\/\/grontkontor.dk\/no\/shop\/sweatshirt-oekologisk-bomuld-og-rpet-hvid\/\",\"url\":\"https:\/\/grontkontor.dk\/no\/shop\/sweatshirt-oekologisk-bomuld-og-rpet-hvid\/\",\"name\":\"Genser \u00f8kologisk bomull og rpet - hvit - Gr\u00f8nt Kontor\",\"isPartOf\":{\"@id\":\"https:\/\/grontkontor.dk\/#website\"},\"datePublished\":\"2025-05-07T13:58:25+00:00\",\"dateModified\":\"2025-11-06T10:41:40+00:00\",\"description\":\"Hvit klimavennlig genser i \u00f8kologisk bomull og rPET. Milj\u00f8vennlig, komfortabel og perfekt for logoutskrift eller broderi. XS\u2013XXXL, 280 g\/m\u00b2.\",\"breadcrumb\":{\"@id\":\"https:\/\/grontkontor.dk\/no\/shop\/sweatshirt-oekologisk-bomuld-og-rpet-hvid\/#breadcrumb\"},\"inLanguage\":\"no-NO\",\"potentialAction\":[{\"@type\":\"ReadAction\",\"target\":[\"https:\/\/grontkontor.dk\/no\/shop\/sweatshirt-oekologisk-bomuld-og-rpet-hvid\/\"]}]},{\"@type\":\"BreadcrumbList\",\"@id\":\"https:\/\/grontkontor.dk\/no\/shop\/sweatshirt-oekologisk-bomuld-og-rpet-hvid\/#breadcrumb\",\"itemListElement\":[{\"@type\":\"ListItem\",\"position\":1,\"name\":\"Forside\",\"item\":\"https:\/\/grontkontor.dk\/\"},{\"@type\":\"ListItem\",\"position\":2,\"name\":\"Butikk\",\"item\":\"https:\/\/grontkontor.dk\/no\/butikk-2\/\"},{\"@type\":\"ListItem\",\"position\":3,\"name\":\"Kl\u00e6r\",\"item\":\"https:\/\/grontkontor.dk\/no\/produkt-kategori\/klaer\/\"},{\"@type\":\"ListItem\",\"position\":4,\"name\":\"T-skjorter, gensere og poloskjorter\",\"item\":\"https:\/\/grontkontor.dk\/no\/produkt-kategori\/klaer\/t-skjorter-gensere-og-poloskjorter\/\"},{\"@type\":\"ListItem\",\"position\":5,\"name\":\"Genser \u00f8kologisk bomull og rpet &#8211; hvit\"}]},{\"@type\":\"WebSite\",\"@id\":\"https:\/\/grontkontor.dk\/#website\",\"url\":\"https:\/\/grontkontor.dk\/\",\"name\":\"Gr\u00f8nt Kontor\",\"description\":\"Milj\u00f8venlige produkter til kontor og erhverv med fokus p\u00e5 b\u00e6redygtighed, design og fair trade.\",\"publisher\":{\"@id\":\"https:\/\/grontkontor.dk\/#organization\"},\"potentialAction\":[{\"@type\":\"SearchAction\",\"target\":{\"@type\":\"EntryPoint\",\"urlTemplate\":\"https:\/\/grontkontor.dk\/?s={search_term_string}\"},\"query-input\":\"required name=search_term_string\"}],\"inLanguage\":\"no-NO\"},{\"@type\":\"Organization\",\"@id\":\"https:\/\/grontkontor.dk\/#organization\",\"name\":\"Gr\u00f8nt Kontor\",\"url\":\"https:\/\/grontkontor.dk\/\",\"logo\":{\"@type\":\"ImageObject\",\"inLanguage\":\"no-NO\",\"@id\":\"https:\/\/grontkontor.dk\/#\/schema\/logo\/image\/\",\"url\":\"https:\/\/grontkontor.dk\/wp-content\/uploads\/2014\/02\/Logo_groent_kontor_300x80.png\",\"contentUrl\":\"https:\/\/grontkontor.dk\/wp-content\/uploads\/2014\/02\/Logo_groent_kontor_300x80.png\",\"width\":300,\"height\":80,\"caption\":\"Gr\u00f8nt Kontor\"},\"image\":{\"@id\":\"https:\/\/grontkontor.dk\/#\/schema\/logo\/image\/\"},\"sameAs\":[\"https:\/\/www.facebook.com\/grontkontor.dk\/\"]}]}<\/script>\n<!-- \/ Yoast SEO Premium plugin. -->","yoast_head_json":{"title":"Genser \u00f8kologisk bomull og rpet - hvit - Gr\u00f8nt Kontor","description":"Hvit klimavennlig genser i \u00f8kologisk bomull og rPET. Milj\u00f8vennlig, komfortabel og perfekt for logoutskrift eller broderi. XS\u2013XXXL, 280 g\/m\u00b2.","robots":{"index":"index","follow":"follow","max-snippet":"max-snippet:-1","max-image-preview":"max-image-preview:large","max-video-preview":"max-video-preview:-1"},"canonical":"https:\/\/grontkontor.dk\/no\/shop\/sweatshirt-oekologisk-bomuld-og-rpet-hvid\/","og_locale":"en_US","og_type":"article","og_title":"Genser \u00f8kologisk bomull og rpet - hvit","og_description":"Hvit klimavennlig genser i \u00f8kologisk bomull og rPET. Milj\u00f8vennlig, komfortabel og perfekt for logoutskrift eller broderi. XS\u2013XXXL, 280 g\/m\u00b2.","og_url":"https:\/\/grontkontor.dk\/no\/shop\/sweatshirt-oekologisk-bomuld-og-rpet-hvid\/","og_site_name":"Gr\u00f8nt Kontor","article_publisher":"https:\/\/www.facebook.com\/grontkontor.dk\/","article_modified_time":"2025-11-06T10:41:40+00:00","og_image":[{"width":639,"height":900,"url":"https:\/\/grontkontor.dk\/wp-content\/uploads\/2024\/11\/Klimavenlig-sweatshirt-280-gsm-oekologisk-bomuld-rpet-hvid.jpg","type":"image\/jpeg"}],"twitter_card":"summary_large_image","twitter_misc":{"Est. reading time":"1 minute"},"schema":{"@context":"https:\/\/schema.org","@graph":[{"@type":"WebPage","@id":"https:\/\/grontkontor.dk\/no\/shop\/sweatshirt-oekologisk-bomuld-og-rpet-hvid\/","url":"https:\/\/grontkontor.dk\/no\/shop\/sweatshirt-oekologisk-bomuld-og-rpet-hvid\/","name":"Genser \u00f8kologisk bomull og rpet - hvit - Gr\u00f8nt Kontor","isPartOf":{"@id":"https:\/\/grontkontor.dk\/#website"},"datePublished":"2025-05-07T13:58:25+00:00","dateModified":"2025-11-06T10:41:40+00:00","description":"Hvit klimavennlig genser i \u00f8kologisk bomull og rPET. Milj\u00f8vennlig, komfortabel og perfekt for logoutskrift eller broderi. XS\u2013XXXL, 280 g\/m\u00b2.","breadcrumb":{"@id":"https:\/\/grontkontor.dk\/no\/shop\/sweatshirt-oekologisk-bomuld-og-rpet-hvid\/#breadcrumb"},"inLanguage":"no-NO","potentialAction":[{"@type":"ReadAction","target":["https:\/\/grontkontor.dk\/no\/shop\/sweatshirt-oekologisk-bomuld-og-rpet-hvid\/"]}]},{"@type":"BreadcrumbList","@id":"https:\/\/grontkontor.dk\/no\/shop\/sweatshirt-oekologisk-bomuld-og-rpet-hvid\/#breadcrumb","itemListElement":[{"@type":"ListItem","position":1,"name":"Forside","item":"https:\/\/grontkontor.dk\/"},{"@type":"ListItem","position":2,"name":"Butikk","item":"https:\/\/grontkontor.dk\/no\/butikk-2\/"},{"@type":"ListItem","position":3,"name":"Kl\u00e6r","item":"https:\/\/grontkontor.dk\/no\/produkt-kategori\/klaer\/"},{"@type":"ListItem","position":4,"name":"T-skjorter, gensere og poloskjorter","item":"https:\/\/grontkontor.dk\/no\/produkt-kategori\/klaer\/t-skjorter-gensere-og-poloskjorter\/"},{"@type":"ListItem","position":5,"name":"Genser \u00f8kologisk bomull og rpet &#8211; hvit"}]},{"@type":"WebSite","@id":"https:\/\/grontkontor.dk\/#website","url":"https:\/\/grontkontor.dk\/","name":"Gr\u00f8nt Kontor","description":"Milj\u00f8venlige produkter til kontor og erhverv med fokus p\u00e5 b\u00e6redygtighed, design og fair trade.","publisher":{"@id":"https:\/\/grontkontor.dk\/#organization"},"potentialAction":[{"@type":"SearchAction","target":{"@type":"EntryPoint","urlTemplate":"https:\/\/grontkontor.dk\/?s={search_term_string}"},"query-input":"required name=search_term_string"}],"inLanguage":"no-NO"},{"@type":"Organization","@id":"https:\/\/grontkontor.dk\/#organization","name":"Gr\u00f8nt Kontor","url":"https:\/\/grontkontor.dk\/","logo":{"@type":"ImageObject","inLanguage":"no-NO","@id":"https:\/\/grontkontor.dk\/#\/schema\/logo\/image\/","url":"https:\/\/grontkontor.dk\/wp-content\/uploads\/2014\/02\/Logo_groent_kontor_300x80.png","contentUrl":"https:\/\/grontkontor.dk\/wp-content\/uploads\/2014\/02\/Logo_groent_kontor_300x80.png","width":300,"height":80,"caption":"Gr\u00f8nt Kontor"},"image":{"@id":"https:\/\/grontkontor.dk\/#\/schema\/logo\/image\/"},"sameAs":["https:\/\/www.facebook.com\/grontkontor.dk\/"]}]}},"_links":{"self":[{"href":"https:\/\/grontkontor.dk\/no\/wp-json\/wp\/v2\/product\/124466"}],"collection":[{"href":"https:\/\/grontkontor.dk\/no\/wp-json\/wp\/v2\/product"}],"about":[{"href":"https:\/\/grontkontor.dk\/no\/wp-json\/wp\/v2\/types\/product"}],"replies":[{"embeddable":true,"href":"https:\/\/grontkontor.dk\/no\/wp-json\/wp\/v2\/comments?post=124466"}],"wp:featuredmedia":[{"embeddable":true,"href":"https:\/\/grontkontor.dk\/no\/wp-json\/wp\/v2\/media\/122637"}],"wp:attachment":[{"href":"https:\/\/grontkontor.dk\/no\/wp-json\/wp\/v2\/media?parent=124466"}],"wp:term":[{"taxonomy":"product_cat","embeddable":true,"href":"https:\/\/grontkontor.dk\/no\/wp-json\/wp\/v2\/product_cat?post=124466"},{"taxonomy":"product_tag","embeddable":true,"href":"https:\/\/grontkontor.dk\/no\/wp-json\/wp\/v2\/product_tag?post=124466"}],"curies":[{"name":"wp","href":"https:\/\/api.w.org\/{rel}","templated":true}]}}