{"id":126042,"date":"2025-06-12T12:57:29","date_gmt":"2025-06-12T10:57:34","guid":{"rendered":"https:\/\/grontkontor.dk\/?post_type=product&#038;p=126042"},"modified":"2025-11-06T10:46:01","modified_gmt":"2025-11-06T09:46:01","slug":"miljoevenlig-kasket-i-genanvendt-plast","status":"publish","type":"product","link":"https:\/\/grontkontor.dk\/no\/shop\/miljoevenlig-kasket-i-genanvendt-plast\/","title":{"rendered":"Caps resirkulert polyester uten trykk"},"content":{"rendered":"<p>En milj\u00f8vennlig caps er et opplagt valg n\u00e5r du vil kombinere stil, komfort og omtanke. Denne capsen er laget av resirkulert plast, noe som gir materialet et nytt liv og st\u00f8tter en klimavennlig profil. Med ventilasjonshull p\u00e5 toppen og en justerbar stropp p\u00e5 baksiden, er capsen designet for \u00e5 gi en behagelig passform, selv p\u00e5 varme dager.<x id=\"gid_0\"><\/x>Som en del av moderne kl\u00e6r fungerer capser b\u00e5de som praktisk solbeskyttelse og som et stilig tilbeh\u00f8r. Denne modellen er lett, pustende og behagelig \u00e5 ha p\u00e5, noe som gj\u00f8r den ideell for arrangementer, messer eller som en aktiv del av hverdagsgarderoben.   <\/p>\n<p>Hetten kan leveres med eller uten logotrykk, noe som gj\u00f8r den til en effektiv reklameartikkel. N\u00e5r logoen din pryder fronten, blir capsen et synlig budskap om b\u00e5de merkevare og milj\u00f8vennlige verdier. Den er perfekt som en giveaway for kampanjer eller som en del av en total klesl\u00f8sning for ansatte og team.  <\/p>\n<p>Med en caps i resirkulert materiale f\u00e5r du ikke bare et funksjonelt tilbeh\u00f8r, men sender ogs\u00e5 et tydelig signal om bekymring for klimaet. Denne milj\u00f8vennlige capsen kombinerer praktisk med et klimavennlig budskap \u2013 noe som gj\u00f8r den til et opplagt valg for enhver bedrift som \u00f8nsker \u00e5 vise ansvar gjennom merkevaren sin. <\/p>\n<p>[rpet]<\/p>\n<p>&nbsp;<\/p>\n<img loading=\"lazy\" decoding=\"async\" src=\"https:\/\/grontkontor.dk\/wp-content\/uploads\/2021\/02\/genbrug.jpg\" alt=\"Fremstillet af genbrugsmaterialer\" width=\"50\" height=\"50\" class=\"size-full wp-image-23031\" srcset=\"https:\/\/grontkontor.dk\/wp-content\/uploads\/2021\/02\/genbrug.jpg 199w, https:\/\/grontkontor.dk\/wp-content\/uploads\/2021\/02\/genbrug-100x100.jpg 100w\" sizes=\"(max-width: 50px) 100vw, 50px\" \/>\n<p>&nbsp;<\/p>\n","protected":false},"excerpt":{"rendered":"<p><br data-mce-bogus=\"1\"><\/p>\n","protected":false},"featured_media":126097,"comment_status":"closed","ping_status":"closed","template":"","meta":{"_acf_changed":false},"product_cat":[3199,4835,2657,3201],"product_tag":[3871,4022],"class_list":{"0":"post-126042","1":"product","2":"type-product","3":"status-publish","4":"has-post-thumbnail","6":"product_cat-dummy-moq-1-no","7":"product_cat-hodeplagg","8":"product_cat-nyheter","9":"product_cat-sport-og-fritid-no","10":"product_tag-cap-no","11":"product_tag-hodeplagg","12":"tm-has-options","14":"first","15":"instock","16":"taxable","17":"shipping-taxable","18":"purchasable","19":"product-type-variable","20":"has-default-attributes"},"acf":[],"yoast_head":"<!-- This site is optimized with the Yoast SEO Premium plugin v21.2 (Yoast SEO v21.2) - https:\/\/yoast.com\/wordpress\/plugins\/seo\/ -->\n<title>Milj\u00f8vennlig caps i resirkulert plast<\/title>\n<meta name=\"description\" content=\"Milj\u00f8vennlig caps i resirkulert plast med ventilasjonshull og justerbar stropp. Klimavennlige kl\u00e6r, perfekt med logotrykk til arrangementer og messer.\" \/>\n<meta name=\"robots\" content=\"index, follow, max-snippet:-1, max-image-preview:large, max-video-preview:-1\" \/>\n<link rel=\"canonical\" href=\"https:\/\/grontkontor.dk\/no\/shop\/miljoevenlig-kasket-i-genanvendt-plast\/\" \/>\n<meta property=\"og:locale\" content=\"en_US\" \/>\n<meta property=\"og:type\" content=\"article\" \/>\n<meta property=\"og:title\" content=\"Caps resirkulert polyester uten trykk\" \/>\n<meta property=\"og:description\" content=\"Milj\u00f8vennlig caps i resirkulert plast med ventilasjonshull og justerbar stropp. Klimavennlige kl\u00e6r, perfekt med logotrykk til arrangementer og messer.\" \/>\n<meta property=\"og:url\" content=\"https:\/\/grontkontor.dk\/no\/shop\/miljoevenlig-kasket-i-genanvendt-plast\/\" \/>\n<meta property=\"og:site_name\" content=\"Gr\u00f8nt Kontor\" \/>\n<meta property=\"article:publisher\" content=\"https:\/\/www.facebook.com\/grontkontor.dk\/\" \/>\n<meta property=\"article:modified_time\" content=\"2025-11-06T09:46:01+00:00\" \/>\n<meta property=\"og:image\" content=\"https:\/\/grontkontor.dk\/wp-content\/uploads\/2025\/06\/Klimavenlig-kasket-rpet-polyester-collage.jpg\" \/>\n\t<meta property=\"og:image:width\" content=\"900\" \/>\n\t<meta property=\"og:image:height\" content=\"639\" \/>\n\t<meta property=\"og:image:type\" content=\"image\/jpeg\" \/>\n<meta name=\"twitter:card\" content=\"summary_large_image\" \/>\n<meta name=\"twitter:label1\" content=\"Est. reading time\" \/>\n\t<meta name=\"twitter:data1\" content=\"1 minute\" \/>\n<script type=\"application\/ld+json\" class=\"yoast-schema-graph\">{\"@context\":\"https:\/\/schema.org\",\"@graph\":[{\"@type\":\"WebPage\",\"@id\":\"https:\/\/grontkontor.dk\/no\/shop\/miljoevenlig-kasket-i-genanvendt-plast\/\",\"url\":\"https:\/\/grontkontor.dk\/no\/shop\/miljoevenlig-kasket-i-genanvendt-plast\/\",\"name\":\"Milj\u00f8vennlig caps i resirkulert plast\",\"isPartOf\":{\"@id\":\"https:\/\/grontkontor.dk\/#website\"},\"datePublished\":\"2025-06-12T10:57:34+00:00\",\"dateModified\":\"2025-11-06T09:46:01+00:00\",\"description\":\"Milj\u00f8vennlig caps i resirkulert plast med ventilasjonshull og justerbar stropp. Klimavennlige kl\u00e6r, perfekt med logotrykk til arrangementer og messer.\",\"breadcrumb\":{\"@id\":\"https:\/\/grontkontor.dk\/no\/shop\/miljoevenlig-kasket-i-genanvendt-plast\/#breadcrumb\"},\"inLanguage\":\"no-NO\",\"potentialAction\":[{\"@type\":\"ReadAction\",\"target\":[\"https:\/\/grontkontor.dk\/no\/shop\/miljoevenlig-kasket-i-genanvendt-plast\/\"]}]},{\"@type\":\"BreadcrumbList\",\"@id\":\"https:\/\/grontkontor.dk\/no\/shop\/miljoevenlig-kasket-i-genanvendt-plast\/#breadcrumb\",\"itemListElement\":[{\"@type\":\"ListItem\",\"position\":1,\"name\":\"Forside\",\"item\":\"https:\/\/grontkontor.dk\/\"},{\"@type\":\"ListItem\",\"position\":2,\"name\":\"Butikk\",\"item\":\"https:\/\/grontkontor.dk\/no\/butikk-2\/\"},{\"@type\":\"ListItem\",\"position\":3,\"name\":\"Kl\u00e6r\",\"item\":\"https:\/\/grontkontor.dk\/no\/produkt-kategori\/klaer\/\"},{\"@type\":\"ListItem\",\"position\":4,\"name\":\"Hodeplagg\",\"item\":\"https:\/\/grontkontor.dk\/no\/produkt-kategori\/klaer\/hodeplagg\/\"},{\"@type\":\"ListItem\",\"position\":5,\"name\":\"Caps resirkulert polyester uten trykk\"}]},{\"@type\":\"WebSite\",\"@id\":\"https:\/\/grontkontor.dk\/#website\",\"url\":\"https:\/\/grontkontor.dk\/\",\"name\":\"Gr\u00f8nt Kontor\",\"description\":\"Milj\u00f8venlige produkter til kontor og erhverv med fokus p\u00e5 b\u00e6redygtighed, design og fair trade.\",\"publisher\":{\"@id\":\"https:\/\/grontkontor.dk\/#organization\"},\"potentialAction\":[{\"@type\":\"SearchAction\",\"target\":{\"@type\":\"EntryPoint\",\"urlTemplate\":\"https:\/\/grontkontor.dk\/?s={search_term_string}\"},\"query-input\":\"required name=search_term_string\"}],\"inLanguage\":\"no-NO\"},{\"@type\":\"Organization\",\"@id\":\"https:\/\/grontkontor.dk\/#organization\",\"name\":\"Gr\u00f8nt Kontor\",\"url\":\"https:\/\/grontkontor.dk\/\",\"logo\":{\"@type\":\"ImageObject\",\"inLanguage\":\"no-NO\",\"@id\":\"https:\/\/grontkontor.dk\/#\/schema\/logo\/image\/\",\"url\":\"https:\/\/grontkontor.dk\/wp-content\/uploads\/2014\/02\/Logo_groent_kontor_300x80.png\",\"contentUrl\":\"https:\/\/grontkontor.dk\/wp-content\/uploads\/2014\/02\/Logo_groent_kontor_300x80.png\",\"width\":300,\"height\":80,\"caption\":\"Gr\u00f8nt Kontor\"},\"image\":{\"@id\":\"https:\/\/grontkontor.dk\/#\/schema\/logo\/image\/\"},\"sameAs\":[\"https:\/\/www.facebook.com\/grontkontor.dk\/\"]}]}<\/script>\n<!-- \/ Yoast SEO Premium plugin. -->","yoast_head_json":{"title":"Milj\u00f8vennlig caps i resirkulert plast","description":"Milj\u00f8vennlig caps i resirkulert plast med ventilasjonshull og justerbar stropp. Klimavennlige kl\u00e6r, perfekt med logotrykk til arrangementer og messer.","robots":{"index":"index","follow":"follow","max-snippet":"max-snippet:-1","max-image-preview":"max-image-preview:large","max-video-preview":"max-video-preview:-1"},"canonical":"https:\/\/grontkontor.dk\/no\/shop\/miljoevenlig-kasket-i-genanvendt-plast\/","og_locale":"en_US","og_type":"article","og_title":"Caps resirkulert polyester uten trykk","og_description":"Milj\u00f8vennlig caps i resirkulert plast med ventilasjonshull og justerbar stropp. Klimavennlige kl\u00e6r, perfekt med logotrykk til arrangementer og messer.","og_url":"https:\/\/grontkontor.dk\/no\/shop\/miljoevenlig-kasket-i-genanvendt-plast\/","og_site_name":"Gr\u00f8nt Kontor","article_publisher":"https:\/\/www.facebook.com\/grontkontor.dk\/","article_modified_time":"2025-11-06T09:46:01+00:00","og_image":[{"width":900,"height":639,"url":"https:\/\/grontkontor.dk\/wp-content\/uploads\/2025\/06\/Klimavenlig-kasket-rpet-polyester-collage.jpg","type":"image\/jpeg"}],"twitter_card":"summary_large_image","twitter_misc":{"Est. reading time":"1 minute"},"schema":{"@context":"https:\/\/schema.org","@graph":[{"@type":"WebPage","@id":"https:\/\/grontkontor.dk\/no\/shop\/miljoevenlig-kasket-i-genanvendt-plast\/","url":"https:\/\/grontkontor.dk\/no\/shop\/miljoevenlig-kasket-i-genanvendt-plast\/","name":"Milj\u00f8vennlig caps i resirkulert plast","isPartOf":{"@id":"https:\/\/grontkontor.dk\/#website"},"datePublished":"2025-06-12T10:57:34+00:00","dateModified":"2025-11-06T09:46:01+00:00","description":"Milj\u00f8vennlig caps i resirkulert plast med ventilasjonshull og justerbar stropp. Klimavennlige kl\u00e6r, perfekt med logotrykk til arrangementer og messer.","breadcrumb":{"@id":"https:\/\/grontkontor.dk\/no\/shop\/miljoevenlig-kasket-i-genanvendt-plast\/#breadcrumb"},"inLanguage":"no-NO","potentialAction":[{"@type":"ReadAction","target":["https:\/\/grontkontor.dk\/no\/shop\/miljoevenlig-kasket-i-genanvendt-plast\/"]}]},{"@type":"BreadcrumbList","@id":"https:\/\/grontkontor.dk\/no\/shop\/miljoevenlig-kasket-i-genanvendt-plast\/#breadcrumb","itemListElement":[{"@type":"ListItem","position":1,"name":"Forside","item":"https:\/\/grontkontor.dk\/"},{"@type":"ListItem","position":2,"name":"Butikk","item":"https:\/\/grontkontor.dk\/no\/butikk-2\/"},{"@type":"ListItem","position":3,"name":"Kl\u00e6r","item":"https:\/\/grontkontor.dk\/no\/produkt-kategori\/klaer\/"},{"@type":"ListItem","position":4,"name":"Hodeplagg","item":"https:\/\/grontkontor.dk\/no\/produkt-kategori\/klaer\/hodeplagg\/"},{"@type":"ListItem","position":5,"name":"Caps resirkulert polyester uten trykk"}]},{"@type":"WebSite","@id":"https:\/\/grontkontor.dk\/#website","url":"https:\/\/grontkontor.dk\/","name":"Gr\u00f8nt Kontor","description":"Milj\u00f8venlige produkter til kontor og erhverv med fokus p\u00e5 b\u00e6redygtighed, design og fair trade.","publisher":{"@id":"https:\/\/grontkontor.dk\/#organization"},"potentialAction":[{"@type":"SearchAction","target":{"@type":"EntryPoint","urlTemplate":"https:\/\/grontkontor.dk\/?s={search_term_string}"},"query-input":"required name=search_term_string"}],"inLanguage":"no-NO"},{"@type":"Organization","@id":"https:\/\/grontkontor.dk\/#organization","name":"Gr\u00f8nt Kontor","url":"https:\/\/grontkontor.dk\/","logo":{"@type":"ImageObject","inLanguage":"no-NO","@id":"https:\/\/grontkontor.dk\/#\/schema\/logo\/image\/","url":"https:\/\/grontkontor.dk\/wp-content\/uploads\/2014\/02\/Logo_groent_kontor_300x80.png","contentUrl":"https:\/\/grontkontor.dk\/wp-content\/uploads\/2014\/02\/Logo_groent_kontor_300x80.png","width":300,"height":80,"caption":"Gr\u00f8nt Kontor"},"image":{"@id":"https:\/\/grontkontor.dk\/#\/schema\/logo\/image\/"},"sameAs":["https:\/\/www.facebook.com\/grontkontor.dk\/"]}]}},"_links":{"self":[{"href":"https:\/\/grontkontor.dk\/no\/wp-json\/wp\/v2\/product\/126042"}],"collection":[{"href":"https:\/\/grontkontor.dk\/no\/wp-json\/wp\/v2\/product"}],"about":[{"href":"https:\/\/grontkontor.dk\/no\/wp-json\/wp\/v2\/types\/product"}],"replies":[{"embeddable":true,"href":"https:\/\/grontkontor.dk\/no\/wp-json\/wp\/v2\/comments?post=126042"}],"wp:featuredmedia":[{"embeddable":true,"href":"https:\/\/grontkontor.dk\/no\/wp-json\/wp\/v2\/media\/126097"}],"wp:attachment":[{"href":"https:\/\/grontkontor.dk\/no\/wp-json\/wp\/v2\/media?parent=126042"}],"wp:term":[{"taxonomy":"product_cat","embeddable":true,"href":"https:\/\/grontkontor.dk\/no\/wp-json\/wp\/v2\/product_cat?post=126042"},{"taxonomy":"product_tag","embeddable":true,"href":"https:\/\/grontkontor.dk\/no\/wp-json\/wp\/v2\/product_tag?post=126042"}],"curies":[{"name":"wp","href":"https:\/\/api.w.org\/{rel}","templated":true}]}}