{"id":126128,"date":"2025-06-17T09:15:58","date_gmt":"2025-06-17T07:15:59","guid":{"rendered":"https:\/\/grontkontor.dk\/?post_type=product&#038;p=126128"},"modified":"2025-11-07T11:12:06","modified_gmt":"2025-11-07T10:12:06","slug":"magnetisk-bogmaerke-genanvendt-papir","status":"publish","type":"product","link":"https:\/\/grontkontor.dk\/no\/shop\/magnetisk-bogmaerke-genanvendt-papir\/","title":{"rendered":"Magnetisk bokmerke resirkulert papir"},"content":{"rendered":"<p>Gj\u00f8r lesingen mer b\u00e6rekraftig med v\u00e5rt milj\u00f8vennlige magnetiske bokmerke \u2013 laget av resirkulert papir. Dette bokmerket kombinerer funksjonalitet med omsorg for milj\u00f8et og er det perfekte valget for studenter, lesere og alle som setter pris p\u00e5 gr\u00f8nne alternativer. Den magnetiske designen s\u00f8rger for at bokmerket forblir akkurat der du forlot det \u2013 uten \u00e5 skade sidene eller skli ut. De to sm\u00e5 magnetene holder seg p\u00e5 siden, noe som gj\u00f8r den ideell for b\u00e5de store romaner og sm\u00e5 notatb\u00f8ker.<\/p>\n<p>Fordeler: Laget av resirkulert papir \u2013 bra for milj\u00f8et<br \/>\nSlank og lett \u2013 passer perfekt i enhver bok<br \/>\nMagnetisk lukking &#8211; sikkert festet &#8211; Kan brukes igjen og igjen<\/p>\n<p>Et magnetisk bokmerke i resirkulert papir er mer enn bare en praktisk leseassistent \u2013 det er et lite skritt mot en gr\u00f8nnere hverdag. Perfekt som gave, firmagave eller som en del av en klimavennlig kontor- eller skolepakke. Kan leveres med logotrykk.<\/p>\n<p>[papir]<\/p>\n<p>&nbsp;<\/p>\n<img loading=\"lazy\" decoding=\"async\" src=\"https:\/\/grontkontor.dk\/wp-content\/uploads\/2021\/02\/genbrug.jpg\" alt=\"Fremstillet af genbrugsmaterialer\" width=\"50\" height=\"50\" class=\"size-full wp-image-23031\" srcset=\"https:\/\/grontkontor.dk\/wp-content\/uploads\/2021\/02\/genbrug.jpg 199w, https:\/\/grontkontor.dk\/wp-content\/uploads\/2021\/02\/genbrug-100x100.jpg 100w\" sizes=\"(max-width: 50px) 100vw, 50px\" \/>\n","protected":false},"excerpt":{"rendered":"<p>Gj\u00f8r lesingen mer b\u00e6rekraftig med v\u00e5rt milj\u00f8vennlige magnetiske bokmerke \u2013 laget av resirkulert papir. Dette bokmerket kombinerer funksjonalitet med omsorg for milj\u00f8et og er det perfekte valget for studenter, lesere og alle som setter pris p\u00e5 gr\u00f8nne alternativer. Den magnetiske designen s\u00f8rger for at bokmerket forblir akkurat der du forlot det \u2013 uten \u00e5 skade [&hellip;]<\/p>\n","protected":false},"featured_media":126131,"comment_status":"closed","ping_status":"closed","template":"","meta":{"_acf_changed":false},"product_cat":[3199,3735,2657,3610],"product_tag":[4743,4745],"class_list":{"0":"post-126128","1":"product","2":"type-product","3":"status-publish","4":"has-post-thumbnail","6":"product_cat-dummy-moq-1-no","7":"product_cat-memo-pads","8":"product_cat-nyheter","9":"product_cat-papir-og-pads","10":"product_tag-bokmerke","11":"product_tag-bokmerker","12":"tm-has-options","14":"first","15":"instock","16":"taxable","17":"shipping-taxable","18":"purchasable","19":"product-type-simple"},"acf":[],"yoast_head":"<!-- This site is optimized with the Yoast SEO Premium plugin v21.2 (Yoast SEO v21.2) - https:\/\/yoast.com\/wordpress\/plugins\/seo\/ -->\n<title>Magnetisk bokmerke resirkulert papir - Gr\u00f8nt Kontor<\/title>\n<meta name=\"robots\" content=\"index, follow, max-snippet:-1, max-image-preview:large, max-video-preview:-1\" \/>\n<link rel=\"canonical\" href=\"https:\/\/grontkontor.dk\/no\/shop\/magnetisk-bogmaerke-genanvendt-papir\/\" \/>\n<meta property=\"og:locale\" content=\"en_US\" \/>\n<meta property=\"og:type\" content=\"article\" \/>\n<meta property=\"og:title\" content=\"Magnetisk bokmerke resirkulert papir\" \/>\n<meta property=\"og:description\" content=\"Gj\u00f8r lesingen mer b\u00e6rekraftig med v\u00e5rt milj\u00f8vennlige magnetiske bokmerke \u2013 laget av resirkulert papir. Dette bokmerket kombinerer funksjonalitet med omsorg for milj\u00f8et og er det perfekte valget for studenter, lesere og alle som setter pris p\u00e5 gr\u00f8nne alternativer. Den magnetiske designen s\u00f8rger for at bokmerket forblir akkurat der du forlot det \u2013 uten \u00e5 skade [&hellip;]\" \/>\n<meta property=\"og:url\" content=\"https:\/\/grontkontor.dk\/no\/shop\/magnetisk-bogmaerke-genanvendt-papir\/\" \/>\n<meta property=\"og:site_name\" content=\"Gr\u00f8nt Kontor\" \/>\n<meta property=\"article:publisher\" content=\"https:\/\/www.facebook.com\/grontkontor.dk\/\" \/>\n<meta property=\"article:modified_time\" content=\"2025-11-07T10:12:06+00:00\" \/>\n<meta name=\"twitter:card\" content=\"summary_large_image\" \/>\n<meta name=\"twitter:label1\" content=\"Est. reading time\" \/>\n\t<meta name=\"twitter:data1\" content=\"1 minute\" \/>\n<script type=\"application\/ld+json\" class=\"yoast-schema-graph\">{\"@context\":\"https:\/\/schema.org\",\"@graph\":[{\"@type\":\"WebPage\",\"@id\":\"https:\/\/grontkontor.dk\/no\/shop\/magnetisk-bogmaerke-genanvendt-papir\/\",\"url\":\"https:\/\/grontkontor.dk\/no\/shop\/magnetisk-bogmaerke-genanvendt-papir\/\",\"name\":\"Magnetisk bokmerke resirkulert papir - Gr\u00f8nt Kontor\",\"isPartOf\":{\"@id\":\"https:\/\/grontkontor.dk\/#website\"},\"datePublished\":\"2025-06-17T07:15:59+00:00\",\"dateModified\":\"2025-11-07T10:12:06+00:00\",\"breadcrumb\":{\"@id\":\"https:\/\/grontkontor.dk\/no\/shop\/magnetisk-bogmaerke-genanvendt-papir\/#breadcrumb\"},\"inLanguage\":\"no-NO\",\"potentialAction\":[{\"@type\":\"ReadAction\",\"target\":[\"https:\/\/grontkontor.dk\/no\/shop\/magnetisk-bogmaerke-genanvendt-papir\/\"]}]},{\"@type\":\"BreadcrumbList\",\"@id\":\"https:\/\/grontkontor.dk\/no\/shop\/magnetisk-bogmaerke-genanvendt-papir\/#breadcrumb\",\"itemListElement\":[{\"@type\":\"ListItem\",\"position\":1,\"name\":\"Forside\",\"item\":\"https:\/\/grontkontor.dk\/\"},{\"@type\":\"ListItem\",\"position\":2,\"name\":\"Butikk\",\"item\":\"https:\/\/grontkontor.dk\/no\/butikk-2\/\"},{\"@type\":\"ListItem\",\"position\":3,\"name\":\"Papir og blokker\",\"item\":\"https:\/\/grontkontor.dk\/no\/produkt-kategori\/papir-og-pads\/\"},{\"@type\":\"ListItem\",\"position\":4,\"name\":\"Notatblokker\",\"item\":\"https:\/\/grontkontor.dk\/no\/produkt-kategori\/papir-og-pads\/memo-pads\/\"},{\"@type\":\"ListItem\",\"position\":5,\"name\":\"Magnetisk bokmerke resirkulert papir\"}]},{\"@type\":\"WebSite\",\"@id\":\"https:\/\/grontkontor.dk\/#website\",\"url\":\"https:\/\/grontkontor.dk\/\",\"name\":\"Gr\u00f8nt Kontor\",\"description\":\"Milj\u00f8venlige produkter til kontor og erhverv med fokus p\u00e5 b\u00e6redygtighed, design og fair trade.\",\"publisher\":{\"@id\":\"https:\/\/grontkontor.dk\/#organization\"},\"potentialAction\":[{\"@type\":\"SearchAction\",\"target\":{\"@type\":\"EntryPoint\",\"urlTemplate\":\"https:\/\/grontkontor.dk\/?s={search_term_string}\"},\"query-input\":\"required name=search_term_string\"}],\"inLanguage\":\"no-NO\"},{\"@type\":\"Organization\",\"@id\":\"https:\/\/grontkontor.dk\/#organization\",\"name\":\"Gr\u00f8nt Kontor\",\"url\":\"https:\/\/grontkontor.dk\/\",\"logo\":{\"@type\":\"ImageObject\",\"inLanguage\":\"no-NO\",\"@id\":\"https:\/\/grontkontor.dk\/#\/schema\/logo\/image\/\",\"url\":\"https:\/\/grontkontor.dk\/wp-content\/uploads\/2014\/02\/Logo_groent_kontor_300x80.png\",\"contentUrl\":\"https:\/\/grontkontor.dk\/wp-content\/uploads\/2014\/02\/Logo_groent_kontor_300x80.png\",\"width\":300,\"height\":80,\"caption\":\"Gr\u00f8nt Kontor\"},\"image\":{\"@id\":\"https:\/\/grontkontor.dk\/#\/schema\/logo\/image\/\"},\"sameAs\":[\"https:\/\/www.facebook.com\/grontkontor.dk\/\"]}]}<\/script>\n<!-- \/ Yoast SEO Premium plugin. -->","yoast_head_json":{"title":"Magnetisk bokmerke resirkulert papir - Gr\u00f8nt Kontor","robots":{"index":"index","follow":"follow","max-snippet":"max-snippet:-1","max-image-preview":"max-image-preview:large","max-video-preview":"max-video-preview:-1"},"canonical":"https:\/\/grontkontor.dk\/no\/shop\/magnetisk-bogmaerke-genanvendt-papir\/","og_locale":"en_US","og_type":"article","og_title":"Magnetisk bokmerke resirkulert papir","og_description":"Gj\u00f8r lesingen mer b\u00e6rekraftig med v\u00e5rt milj\u00f8vennlige magnetiske bokmerke \u2013 laget av resirkulert papir. Dette bokmerket kombinerer funksjonalitet med omsorg for milj\u00f8et og er det perfekte valget for studenter, lesere og alle som setter pris p\u00e5 gr\u00f8nne alternativer. Den magnetiske designen s\u00f8rger for at bokmerket forblir akkurat der du forlot det \u2013 uten \u00e5 skade [&hellip;]","og_url":"https:\/\/grontkontor.dk\/no\/shop\/magnetisk-bogmaerke-genanvendt-papir\/","og_site_name":"Gr\u00f8nt Kontor","article_publisher":"https:\/\/www.facebook.com\/grontkontor.dk\/","article_modified_time":"2025-11-07T10:12:06+00:00","twitter_card":"summary_large_image","twitter_misc":{"Est. reading time":"1 minute"},"schema":{"@context":"https:\/\/schema.org","@graph":[{"@type":"WebPage","@id":"https:\/\/grontkontor.dk\/no\/shop\/magnetisk-bogmaerke-genanvendt-papir\/","url":"https:\/\/grontkontor.dk\/no\/shop\/magnetisk-bogmaerke-genanvendt-papir\/","name":"Magnetisk bokmerke resirkulert papir - Gr\u00f8nt Kontor","isPartOf":{"@id":"https:\/\/grontkontor.dk\/#website"},"datePublished":"2025-06-17T07:15:59+00:00","dateModified":"2025-11-07T10:12:06+00:00","breadcrumb":{"@id":"https:\/\/grontkontor.dk\/no\/shop\/magnetisk-bogmaerke-genanvendt-papir\/#breadcrumb"},"inLanguage":"no-NO","potentialAction":[{"@type":"ReadAction","target":["https:\/\/grontkontor.dk\/no\/shop\/magnetisk-bogmaerke-genanvendt-papir\/"]}]},{"@type":"BreadcrumbList","@id":"https:\/\/grontkontor.dk\/no\/shop\/magnetisk-bogmaerke-genanvendt-papir\/#breadcrumb","itemListElement":[{"@type":"ListItem","position":1,"name":"Forside","item":"https:\/\/grontkontor.dk\/"},{"@type":"ListItem","position":2,"name":"Butikk","item":"https:\/\/grontkontor.dk\/no\/butikk-2\/"},{"@type":"ListItem","position":3,"name":"Papir og blokker","item":"https:\/\/grontkontor.dk\/no\/produkt-kategori\/papir-og-pads\/"},{"@type":"ListItem","position":4,"name":"Notatblokker","item":"https:\/\/grontkontor.dk\/no\/produkt-kategori\/papir-og-pads\/memo-pads\/"},{"@type":"ListItem","position":5,"name":"Magnetisk bokmerke resirkulert papir"}]},{"@type":"WebSite","@id":"https:\/\/grontkontor.dk\/#website","url":"https:\/\/grontkontor.dk\/","name":"Gr\u00f8nt Kontor","description":"Milj\u00f8venlige produkter til kontor og erhverv med fokus p\u00e5 b\u00e6redygtighed, design og fair trade.","publisher":{"@id":"https:\/\/grontkontor.dk\/#organization"},"potentialAction":[{"@type":"SearchAction","target":{"@type":"EntryPoint","urlTemplate":"https:\/\/grontkontor.dk\/?s={search_term_string}"},"query-input":"required name=search_term_string"}],"inLanguage":"no-NO"},{"@type":"Organization","@id":"https:\/\/grontkontor.dk\/#organization","name":"Gr\u00f8nt Kontor","url":"https:\/\/grontkontor.dk\/","logo":{"@type":"ImageObject","inLanguage":"no-NO","@id":"https:\/\/grontkontor.dk\/#\/schema\/logo\/image\/","url":"https:\/\/grontkontor.dk\/wp-content\/uploads\/2014\/02\/Logo_groent_kontor_300x80.png","contentUrl":"https:\/\/grontkontor.dk\/wp-content\/uploads\/2014\/02\/Logo_groent_kontor_300x80.png","width":300,"height":80,"caption":"Gr\u00f8nt Kontor"},"image":{"@id":"https:\/\/grontkontor.dk\/#\/schema\/logo\/image\/"},"sameAs":["https:\/\/www.facebook.com\/grontkontor.dk\/"]}]}},"_links":{"self":[{"href":"https:\/\/grontkontor.dk\/no\/wp-json\/wp\/v2\/product\/126128"}],"collection":[{"href":"https:\/\/grontkontor.dk\/no\/wp-json\/wp\/v2\/product"}],"about":[{"href":"https:\/\/grontkontor.dk\/no\/wp-json\/wp\/v2\/types\/product"}],"replies":[{"embeddable":true,"href":"https:\/\/grontkontor.dk\/no\/wp-json\/wp\/v2\/comments?post=126128"}],"wp:featuredmedia":[{"embeddable":true,"href":"https:\/\/grontkontor.dk\/no\/wp-json\/wp\/v2\/media\/126131"}],"wp:attachment":[{"href":"https:\/\/grontkontor.dk\/no\/wp-json\/wp\/v2\/media?parent=126128"}],"wp:term":[{"taxonomy":"product_cat","embeddable":true,"href":"https:\/\/grontkontor.dk\/no\/wp-json\/wp\/v2\/product_cat?post=126128"},{"taxonomy":"product_tag","embeddable":true,"href":"https:\/\/grontkontor.dk\/no\/wp-json\/wp\/v2\/product_tag?post=126128"}],"curies":[{"name":"wp","href":"https:\/\/api.w.org\/{rel}","templated":true}]}}