{"id":126165,"date":"2025-06-17T13:37:59","date_gmt":"2025-06-17T11:38:00","guid":{"rendered":"https:\/\/grontkontor.dk\/?post_type=product&#038;p=126165"},"modified":"2025-08-14T14:49:50","modified_gmt":"2025-08-14T12:49:50","slug":"festivalarmbaand-i-tyvek-kraftpapir","status":"publish","type":"product","link":"https:\/\/grontkontor.dk\/no\/shop\/festivalarmbaand-i-tyvek-kraftpapir\/","title":{"rendered":"Festivalarmb\u00e5nd i Tyvek \/ kraftpapir"},"content":{"rendered":"<p>Skap en trygg og stilig festivalopplevelse med v\u00e5re slitesterke armb\u00e5nd i Tyvek eller kraftpapir \u2013 en milj\u00f8vennlig og effektiv l\u00f8sning for adgangskontroll og identifikasjon p\u00e5 arrangementer, konserter, festivaler eller private arrangementer. Tyvek er et lett og vannavst\u00f8tende materiale som ligner papir, men som har imponerende rivestyrke og holdbarhet. Kraftpapir gir et mer naturlig og rustikk utseende, perfekt for arrangementer med et gr\u00f8nt eller h\u00e5ndlaget tema.  <\/p>\n<p>Fordeler: Slitesterk og vannavst\u00f8tende (Tyvek) <br \/>Milj\u00f8vennlig og nedbrytbart (kraftpapir) <br \/>Engangsbruk \u2013 ideell for adgangskontroll <br \/>Enkel \u00e5 tilpasse med trykk, farger og logo <br \/>Enkel p\u00e5f\u00f8ring med selvklebende lukking<\/p>\n<p>Enten du planlegger en stor musikkfestival, et intimt verksted eller et firmaarrangement, er Tyvek-armb\u00e5nd eller kraftpapir en \u00f8konomisk og praktisk l\u00f8sning som ogs\u00e5 signaliserer omtanke for b\u00e5de funksjon og b\u00e6rekraft.<\/p>\n<p>&nbsp;<\/p>\n<p>[bomuld] [bambus]<\/p>\n","protected":false},"excerpt":{"rendered":"<p>Skap en trygg og stilig festivalopplevelse med v\u00e5re slitesterke armb\u00e5nd i Tyvek eller kraftpapir \u2013 en milj\u00f8vennlig og effektiv l\u00f8sning for adgangskontroll og identifikasjon p\u00e5 arrangementer, konserter, festivaler eller private arrangementer. Tyvek er et lett og vannavst\u00f8tende materiale som ligner papir, men som har imponerende rivestyrke og holdbarhet. Kraftpapir gir et mer naturlig og rustikk [&hellip;]<\/p>\n","protected":false},"featured_media":126307,"comment_status":"closed","ping_status":"closed","template":"","meta":{"_acf_changed":false},"product_cat":[3541,3223,2657],"product_tag":[3689,4614],"class_list":{"0":"post-126165","1":"product","2":"type-product","3":"status-publish","4":"has-post-thumbnail","6":"product_cat-dummy-moq-50-100-no","7":"product_cat-messe-og-arrangement","8":"product_cat-nyheter","9":"product_tag-armbaand-no","10":"product_tag-festivalarmbaand-no","11":"tm-has-options","13":"first","14":"instock","15":"taxable","16":"shipping-taxable","17":"purchasable","18":"product-type-simple"},"acf":[],"yoast_head":"<!-- This site is optimized with the Yoast SEO Premium plugin v21.2 (Yoast SEO v21.2) - https:\/\/yoast.com\/wordpress\/plugins\/seo\/ -->\n<title>Festivalarmb\u00e5nd i Tyvek \/ kraftpapir - Gr\u00f8nt Kontor<\/title>\n<meta name=\"robots\" content=\"index, follow, max-snippet:-1, max-image-preview:large, max-video-preview:-1\" \/>\n<link rel=\"canonical\" href=\"https:\/\/grontkontor.dk\/no\/shop\/festivalarmbaand-i-tyvek-kraftpapir\/\" \/>\n<meta property=\"og:locale\" content=\"en_US\" \/>\n<meta property=\"og:type\" content=\"article\" \/>\n<meta property=\"og:title\" content=\"Festivalarmb\u00e5nd i Tyvek \/ kraftpapir\" \/>\n<meta property=\"og:description\" content=\"Skap en trygg og stilig festivalopplevelse med v\u00e5re slitesterke armb\u00e5nd i Tyvek eller kraftpapir \u2013 en milj\u00f8vennlig og effektiv l\u00f8sning for adgangskontroll og identifikasjon p\u00e5 arrangementer, konserter, festivaler eller private arrangementer. Tyvek er et lett og vannavst\u00f8tende materiale som ligner papir, men som har imponerende rivestyrke og holdbarhet. Kraftpapir gir et mer naturlig og rustikk [&hellip;]\" \/>\n<meta property=\"og:url\" content=\"https:\/\/grontkontor.dk\/no\/shop\/festivalarmbaand-i-tyvek-kraftpapir\/\" \/>\n<meta property=\"og:site_name\" content=\"Gr\u00f8nt Kontor\" \/>\n<meta property=\"article:publisher\" content=\"https:\/\/www.facebook.com\/grontkontor.dk\/\" \/>\n<meta property=\"article:modified_time\" content=\"2025-08-14T12:49:50+00:00\" \/>\n<meta property=\"og:image\" content=\"https:\/\/grontkontor.dk\/wp-content\/uploads\/2025\/06\/Festival-armbaand-tyvek-kraft.jpg\" \/>\n\t<meta property=\"og:image:width\" content=\"900\" \/>\n\t<meta property=\"og:image:height\" content=\"639\" \/>\n\t<meta property=\"og:image:type\" content=\"image\/jpeg\" \/>\n<meta name=\"twitter:card\" content=\"summary_large_image\" \/>\n<meta name=\"twitter:label1\" content=\"Est. reading time\" \/>\n\t<meta name=\"twitter:data1\" content=\"1 minute\" \/>\n<script type=\"application\/ld+json\" class=\"yoast-schema-graph\">{\"@context\":\"https:\/\/schema.org\",\"@graph\":[{\"@type\":\"WebPage\",\"@id\":\"https:\/\/grontkontor.dk\/no\/shop\/festivalarmbaand-i-tyvek-kraftpapir\/\",\"url\":\"https:\/\/grontkontor.dk\/no\/shop\/festivalarmbaand-i-tyvek-kraftpapir\/\",\"name\":\"Festivalarmb\u00e5nd i Tyvek \/ kraftpapir - Gr\u00f8nt Kontor\",\"isPartOf\":{\"@id\":\"https:\/\/grontkontor.dk\/#website\"},\"datePublished\":\"2025-06-17T11:38:00+00:00\",\"dateModified\":\"2025-08-14T12:49:50+00:00\",\"breadcrumb\":{\"@id\":\"https:\/\/grontkontor.dk\/no\/shop\/festivalarmbaand-i-tyvek-kraftpapir\/#breadcrumb\"},\"inLanguage\":\"no-NO\",\"potentialAction\":[{\"@type\":\"ReadAction\",\"target\":[\"https:\/\/grontkontor.dk\/no\/shop\/festivalarmbaand-i-tyvek-kraftpapir\/\"]}]},{\"@type\":\"BreadcrumbList\",\"@id\":\"https:\/\/grontkontor.dk\/no\/shop\/festivalarmbaand-i-tyvek-kraftpapir\/#breadcrumb\",\"itemListElement\":[{\"@type\":\"ListItem\",\"position\":1,\"name\":\"Forside\",\"item\":\"https:\/\/grontkontor.dk\/\"},{\"@type\":\"ListItem\",\"position\":2,\"name\":\"Butikk\",\"item\":\"https:\/\/grontkontor.dk\/no\/butikk-2\/\"},{\"@type\":\"ListItem\",\"position\":3,\"name\":\"Nyheder\",\"item\":\"https:\/\/grontkontor.dk\/produkt-kategori\/nyheder\/\"},{\"@type\":\"ListItem\",\"position\":4,\"name\":\"Festivalarmb\u00e5nd i Tyvek \/ kraftpapir\"}]},{\"@type\":\"WebSite\",\"@id\":\"https:\/\/grontkontor.dk\/#website\",\"url\":\"https:\/\/grontkontor.dk\/\",\"name\":\"Gr\u00f8nt Kontor\",\"description\":\"Milj\u00f8venlige produkter til kontor og erhverv med fokus p\u00e5 b\u00e6redygtighed, design og fair trade.\",\"publisher\":{\"@id\":\"https:\/\/grontkontor.dk\/#organization\"},\"potentialAction\":[{\"@type\":\"SearchAction\",\"target\":{\"@type\":\"EntryPoint\",\"urlTemplate\":\"https:\/\/grontkontor.dk\/?s={search_term_string}\"},\"query-input\":\"required name=search_term_string\"}],\"inLanguage\":\"no-NO\"},{\"@type\":\"Organization\",\"@id\":\"https:\/\/grontkontor.dk\/#organization\",\"name\":\"Gr\u00f8nt Kontor\",\"url\":\"https:\/\/grontkontor.dk\/\",\"logo\":{\"@type\":\"ImageObject\",\"inLanguage\":\"no-NO\",\"@id\":\"https:\/\/grontkontor.dk\/#\/schema\/logo\/image\/\",\"url\":\"https:\/\/grontkontor.dk\/wp-content\/uploads\/2014\/02\/Logo_groent_kontor_300x80.png\",\"contentUrl\":\"https:\/\/grontkontor.dk\/wp-content\/uploads\/2014\/02\/Logo_groent_kontor_300x80.png\",\"width\":300,\"height\":80,\"caption\":\"Gr\u00f8nt Kontor\"},\"image\":{\"@id\":\"https:\/\/grontkontor.dk\/#\/schema\/logo\/image\/\"},\"sameAs\":[\"https:\/\/www.facebook.com\/grontkontor.dk\/\"]}]}<\/script>\n<!-- \/ Yoast SEO Premium plugin. -->","yoast_head_json":{"title":"Festivalarmb\u00e5nd i Tyvek \/ kraftpapir - Gr\u00f8nt Kontor","robots":{"index":"index","follow":"follow","max-snippet":"max-snippet:-1","max-image-preview":"max-image-preview:large","max-video-preview":"max-video-preview:-1"},"canonical":"https:\/\/grontkontor.dk\/no\/shop\/festivalarmbaand-i-tyvek-kraftpapir\/","og_locale":"en_US","og_type":"article","og_title":"Festivalarmb\u00e5nd i Tyvek \/ kraftpapir","og_description":"Skap en trygg og stilig festivalopplevelse med v\u00e5re slitesterke armb\u00e5nd i Tyvek eller kraftpapir \u2013 en milj\u00f8vennlig og effektiv l\u00f8sning for adgangskontroll og identifikasjon p\u00e5 arrangementer, konserter, festivaler eller private arrangementer. Tyvek er et lett og vannavst\u00f8tende materiale som ligner papir, men som har imponerende rivestyrke og holdbarhet. Kraftpapir gir et mer naturlig og rustikk [&hellip;]","og_url":"https:\/\/grontkontor.dk\/no\/shop\/festivalarmbaand-i-tyvek-kraftpapir\/","og_site_name":"Gr\u00f8nt Kontor","article_publisher":"https:\/\/www.facebook.com\/grontkontor.dk\/","article_modified_time":"2025-08-14T12:49:50+00:00","og_image":[{"width":900,"height":639,"url":"https:\/\/grontkontor.dk\/wp-content\/uploads\/2025\/06\/Festival-armbaand-tyvek-kraft.jpg","type":"image\/jpeg"}],"twitter_card":"summary_large_image","twitter_misc":{"Est. reading time":"1 minute"},"schema":{"@context":"https:\/\/schema.org","@graph":[{"@type":"WebPage","@id":"https:\/\/grontkontor.dk\/no\/shop\/festivalarmbaand-i-tyvek-kraftpapir\/","url":"https:\/\/grontkontor.dk\/no\/shop\/festivalarmbaand-i-tyvek-kraftpapir\/","name":"Festivalarmb\u00e5nd i Tyvek \/ kraftpapir - Gr\u00f8nt Kontor","isPartOf":{"@id":"https:\/\/grontkontor.dk\/#website"},"datePublished":"2025-06-17T11:38:00+00:00","dateModified":"2025-08-14T12:49:50+00:00","breadcrumb":{"@id":"https:\/\/grontkontor.dk\/no\/shop\/festivalarmbaand-i-tyvek-kraftpapir\/#breadcrumb"},"inLanguage":"no-NO","potentialAction":[{"@type":"ReadAction","target":["https:\/\/grontkontor.dk\/no\/shop\/festivalarmbaand-i-tyvek-kraftpapir\/"]}]},{"@type":"BreadcrumbList","@id":"https:\/\/grontkontor.dk\/no\/shop\/festivalarmbaand-i-tyvek-kraftpapir\/#breadcrumb","itemListElement":[{"@type":"ListItem","position":1,"name":"Forside","item":"https:\/\/grontkontor.dk\/"},{"@type":"ListItem","position":2,"name":"Butikk","item":"https:\/\/grontkontor.dk\/no\/butikk-2\/"},{"@type":"ListItem","position":3,"name":"Nyheder","item":"https:\/\/grontkontor.dk\/produkt-kategori\/nyheder\/"},{"@type":"ListItem","position":4,"name":"Festivalarmb\u00e5nd i Tyvek \/ kraftpapir"}]},{"@type":"WebSite","@id":"https:\/\/grontkontor.dk\/#website","url":"https:\/\/grontkontor.dk\/","name":"Gr\u00f8nt Kontor","description":"Milj\u00f8venlige produkter til kontor og erhverv med fokus p\u00e5 b\u00e6redygtighed, design og fair trade.","publisher":{"@id":"https:\/\/grontkontor.dk\/#organization"},"potentialAction":[{"@type":"SearchAction","target":{"@type":"EntryPoint","urlTemplate":"https:\/\/grontkontor.dk\/?s={search_term_string}"},"query-input":"required name=search_term_string"}],"inLanguage":"no-NO"},{"@type":"Organization","@id":"https:\/\/grontkontor.dk\/#organization","name":"Gr\u00f8nt Kontor","url":"https:\/\/grontkontor.dk\/","logo":{"@type":"ImageObject","inLanguage":"no-NO","@id":"https:\/\/grontkontor.dk\/#\/schema\/logo\/image\/","url":"https:\/\/grontkontor.dk\/wp-content\/uploads\/2014\/02\/Logo_groent_kontor_300x80.png","contentUrl":"https:\/\/grontkontor.dk\/wp-content\/uploads\/2014\/02\/Logo_groent_kontor_300x80.png","width":300,"height":80,"caption":"Gr\u00f8nt Kontor"},"image":{"@id":"https:\/\/grontkontor.dk\/#\/schema\/logo\/image\/"},"sameAs":["https:\/\/www.facebook.com\/grontkontor.dk\/"]}]}},"_links":{"self":[{"href":"https:\/\/grontkontor.dk\/no\/wp-json\/wp\/v2\/product\/126165"}],"collection":[{"href":"https:\/\/grontkontor.dk\/no\/wp-json\/wp\/v2\/product"}],"about":[{"href":"https:\/\/grontkontor.dk\/no\/wp-json\/wp\/v2\/types\/product"}],"replies":[{"embeddable":true,"href":"https:\/\/grontkontor.dk\/no\/wp-json\/wp\/v2\/comments?post=126165"}],"wp:featuredmedia":[{"embeddable":true,"href":"https:\/\/grontkontor.dk\/no\/wp-json\/wp\/v2\/media\/126307"}],"wp:attachment":[{"href":"https:\/\/grontkontor.dk\/no\/wp-json\/wp\/v2\/media?parent=126165"}],"wp:term":[{"taxonomy":"product_cat","embeddable":true,"href":"https:\/\/grontkontor.dk\/no\/wp-json\/wp\/v2\/product_cat?post=126165"},{"taxonomy":"product_tag","embeddable":true,"href":"https:\/\/grontkontor.dk\/no\/wp-json\/wp\/v2\/product_tag?post=126165"}],"curies":[{"name":"wp","href":"https:\/\/api.w.org\/{rel}","templated":true}]}}