{"id":126674,"date":"2025-07-03T11:04:22","date_gmt":"2025-07-03T09:04:25","guid":{"rendered":"https:\/\/grontkontor.dk\/?post_type=product&#038;p=126674"},"modified":"2025-11-06T10:46:06","modified_gmt":"2025-11-06T09:46:06","slug":"boellehat-bomuld-m-u-tryk","status":"publish","type":"product","link":"https:\/\/grontkontor.dk\/no\/shop\/boellehat-bomuld-m-u-tryk\/","title":{"rendered":"B\u00f8llehatt bomull uten trykk"},"content":{"rendered":"<p>En b\u00f8llehatt i bomull er et klassisk valg n\u00e5r du \u00f8nsker en kombinasjon av komfort, funksjonalitet og stil. Denne luen er laget av myk og pustende bomull, noe som gj\u00f8r den behagelig \u00e5 ha p\u00e5 seg i lange perioder \u2013 perfekt for b\u00e5de hverdags- og sommerutend\u00f8rsaktiviteter. Med sin brede brem rundt gir b\u00f8ttehatten jevn beskyttelse mot solen og blir raskt en favoritt p\u00e5 stranden, festivalen eller sportsbegivenheter.  <\/p>\n<p>Den indre passformen er sikret med et diskret b\u00e5nd som gj\u00f8r luen komfortabel og stabil selv n\u00e5r du er aktiv. B\u00f8ttehatten er tilgjengelig i flere friske farger, slik at du enkelt kan finne den varianten som passer ditt utseende eller merke. <\/p>\n<p>Som reklameartikkel er en b\u00f8ttehatt et opplagt valg. Den kan leveres med eller uten logotrykk, noe som gj\u00f8r at du kan profilere din bedrift p\u00e5 en stilig og praktisk m\u00e5te. N\u00e5r ansatte eller kunder bruker hatten til hverdag eller arrangementer, blir logoen din eksponert p\u00e5 en naturlig og positiv m\u00e5te.  <\/p>\n<p>Siden bomull er et milj\u00f8vennlig naturmateriale, er denne b\u00f8ttehatten et klimavennlig alternativ til syntetiske luer. Med et tidl\u00f8st design, h\u00f8y komfort og mulighet for merkevarebygging f\u00e5r du en lue som b\u00e5de er funksjonell og sender gr\u00f8nt signal. <\/p>\n<p>[bomuld]<\/p>\n<p>&nbsp;<\/p>\n","protected":false},"excerpt":{"rendered":"<p><br data-mce-bogus=\"1\"><\/p>\n","protected":false},"featured_media":126704,"comment_status":"closed","ping_status":"closed","template":"","meta":{"_acf_changed":false},"product_cat":[3199,4835,2657,3201],"product_tag":[4742,4022],"class_list":{"0":"post-126674","1":"product","2":"type-product","3":"status-publish","4":"has-post-thumbnail","6":"product_cat-dummy-moq-1-no","7":"product_cat-hodeplagg","8":"product_cat-nyheter","9":"product_cat-sport-og-fritid-no","10":"product_tag-hatt-no","11":"product_tag-hodeplagg","12":"tm-has-options","14":"first","15":"instock","16":"taxable","17":"shipping-taxable","18":"purchasable","19":"product-type-variable","20":"has-default-attributes"},"acf":[],"yoast_head":"<!-- This site is optimized with the Yoast SEO Premium plugin v21.2 (Yoast SEO v21.2) - https:\/\/yoast.com\/wordpress\/plugins\/seo\/ -->\n<title>B\u00f8ttehatt i bomull med logotrykk<\/title>\n<meta name=\"description\" content=\"Klassisk b\u00f8llehatt i bomull. Komfortabel og pustende lue med brem rundt. Milj\u00f8vennlig, klimavennlig og kan leveres med logotrykk.\" \/>\n<meta name=\"robots\" content=\"index, follow, max-snippet:-1, max-image-preview:large, max-video-preview:-1\" \/>\n<link rel=\"canonical\" href=\"https:\/\/grontkontor.dk\/no\/shop\/boellehat-bomuld-m-u-tryk\/\" \/>\n<meta property=\"og:locale\" content=\"en_US\" \/>\n<meta property=\"og:type\" content=\"article\" \/>\n<meta property=\"og:title\" content=\"B\u00f8llehatt bomull uten trykk\" \/>\n<meta property=\"og:description\" content=\"Klassisk b\u00f8llehatt i bomull. Komfortabel og pustende lue med brem rundt. Milj\u00f8vennlig, klimavennlig og kan leveres med logotrykk.\" \/>\n<meta property=\"og:url\" content=\"https:\/\/grontkontor.dk\/no\/shop\/boellehat-bomuld-m-u-tryk\/\" \/>\n<meta property=\"og:site_name\" content=\"Gr\u00f8nt Kontor\" \/>\n<meta property=\"article:publisher\" content=\"https:\/\/www.facebook.com\/grontkontor.dk\/\" \/>\n<meta property=\"article:modified_time\" content=\"2025-11-06T09:46:06+00:00\" \/>\n<meta property=\"og:image\" content=\"https:\/\/grontkontor.dk\/wp-content\/uploads\/2025\/07\/Klimavenlig-boellehat-i-bomuld-collage-scaled.jpg\" \/>\n\t<meta property=\"og:image:width\" content=\"2560\" \/>\n\t<meta property=\"og:image:height\" content=\"1818\" \/>\n\t<meta property=\"og:image:type\" content=\"image\/jpeg\" \/>\n<meta name=\"twitter:card\" content=\"summary_large_image\" \/>\n<meta name=\"twitter:label1\" content=\"Est. reading time\" \/>\n\t<meta name=\"twitter:data1\" content=\"1 minute\" \/>\n<script type=\"application\/ld+json\" class=\"yoast-schema-graph\">{\"@context\":\"https:\/\/schema.org\",\"@graph\":[{\"@type\":\"WebPage\",\"@id\":\"https:\/\/grontkontor.dk\/no\/shop\/boellehat-bomuld-m-u-tryk\/\",\"url\":\"https:\/\/grontkontor.dk\/no\/shop\/boellehat-bomuld-m-u-tryk\/\",\"name\":\"B\u00f8ttehatt i bomull med logotrykk\",\"isPartOf\":{\"@id\":\"https:\/\/grontkontor.dk\/#website\"},\"datePublished\":\"2025-07-03T09:04:25+00:00\",\"dateModified\":\"2025-11-06T09:46:06+00:00\",\"description\":\"Klassisk b\u00f8llehatt i bomull. Komfortabel og pustende lue med brem rundt. Milj\u00f8vennlig, klimavennlig og kan leveres med logotrykk.\",\"breadcrumb\":{\"@id\":\"https:\/\/grontkontor.dk\/no\/shop\/boellehat-bomuld-m-u-tryk\/#breadcrumb\"},\"inLanguage\":\"no-NO\",\"potentialAction\":[{\"@type\":\"ReadAction\",\"target\":[\"https:\/\/grontkontor.dk\/no\/shop\/boellehat-bomuld-m-u-tryk\/\"]}]},{\"@type\":\"BreadcrumbList\",\"@id\":\"https:\/\/grontkontor.dk\/no\/shop\/boellehat-bomuld-m-u-tryk\/#breadcrumb\",\"itemListElement\":[{\"@type\":\"ListItem\",\"position\":1,\"name\":\"Forside\",\"item\":\"https:\/\/grontkontor.dk\/\"},{\"@type\":\"ListItem\",\"position\":2,\"name\":\"Butikk\",\"item\":\"https:\/\/grontkontor.dk\/no\/butikk-2\/\"},{\"@type\":\"ListItem\",\"position\":3,\"name\":\"Kl\u00e6r\",\"item\":\"https:\/\/grontkontor.dk\/no\/produkt-kategori\/klaer\/\"},{\"@type\":\"ListItem\",\"position\":4,\"name\":\"Hodeplagg\",\"item\":\"https:\/\/grontkontor.dk\/no\/produkt-kategori\/klaer\/hodeplagg\/\"},{\"@type\":\"ListItem\",\"position\":5,\"name\":\"B\u00f8llehatt bomull uten trykk\"}]},{\"@type\":\"WebSite\",\"@id\":\"https:\/\/grontkontor.dk\/#website\",\"url\":\"https:\/\/grontkontor.dk\/\",\"name\":\"Gr\u00f8nt Kontor\",\"description\":\"Milj\u00f8venlige produkter til kontor og erhverv med fokus p\u00e5 b\u00e6redygtighed, design og fair trade.\",\"publisher\":{\"@id\":\"https:\/\/grontkontor.dk\/#organization\"},\"potentialAction\":[{\"@type\":\"SearchAction\",\"target\":{\"@type\":\"EntryPoint\",\"urlTemplate\":\"https:\/\/grontkontor.dk\/?s={search_term_string}\"},\"query-input\":\"required name=search_term_string\"}],\"inLanguage\":\"no-NO\"},{\"@type\":\"Organization\",\"@id\":\"https:\/\/grontkontor.dk\/#organization\",\"name\":\"Gr\u00f8nt Kontor\",\"url\":\"https:\/\/grontkontor.dk\/\",\"logo\":{\"@type\":\"ImageObject\",\"inLanguage\":\"no-NO\",\"@id\":\"https:\/\/grontkontor.dk\/#\/schema\/logo\/image\/\",\"url\":\"https:\/\/grontkontor.dk\/wp-content\/uploads\/2014\/02\/Logo_groent_kontor_300x80.png\",\"contentUrl\":\"https:\/\/grontkontor.dk\/wp-content\/uploads\/2014\/02\/Logo_groent_kontor_300x80.png\",\"width\":300,\"height\":80,\"caption\":\"Gr\u00f8nt Kontor\"},\"image\":{\"@id\":\"https:\/\/grontkontor.dk\/#\/schema\/logo\/image\/\"},\"sameAs\":[\"https:\/\/www.facebook.com\/grontkontor.dk\/\"]}]}<\/script>\n<!-- \/ Yoast SEO Premium plugin. -->","yoast_head_json":{"title":"B\u00f8ttehatt i bomull med logotrykk","description":"Klassisk b\u00f8llehatt i bomull. Komfortabel og pustende lue med brem rundt. Milj\u00f8vennlig, klimavennlig og kan leveres med logotrykk.","robots":{"index":"index","follow":"follow","max-snippet":"max-snippet:-1","max-image-preview":"max-image-preview:large","max-video-preview":"max-video-preview:-1"},"canonical":"https:\/\/grontkontor.dk\/no\/shop\/boellehat-bomuld-m-u-tryk\/","og_locale":"en_US","og_type":"article","og_title":"B\u00f8llehatt bomull uten trykk","og_description":"Klassisk b\u00f8llehatt i bomull. Komfortabel og pustende lue med brem rundt. Milj\u00f8vennlig, klimavennlig og kan leveres med logotrykk.","og_url":"https:\/\/grontkontor.dk\/no\/shop\/boellehat-bomuld-m-u-tryk\/","og_site_name":"Gr\u00f8nt Kontor","article_publisher":"https:\/\/www.facebook.com\/grontkontor.dk\/","article_modified_time":"2025-11-06T09:46:06+00:00","og_image":[{"width":2560,"height":1818,"url":"https:\/\/grontkontor.dk\/wp-content\/uploads\/2025\/07\/Klimavenlig-boellehat-i-bomuld-collage-scaled.jpg","type":"image\/jpeg"}],"twitter_card":"summary_large_image","twitter_misc":{"Est. reading time":"1 minute"},"schema":{"@context":"https:\/\/schema.org","@graph":[{"@type":"WebPage","@id":"https:\/\/grontkontor.dk\/no\/shop\/boellehat-bomuld-m-u-tryk\/","url":"https:\/\/grontkontor.dk\/no\/shop\/boellehat-bomuld-m-u-tryk\/","name":"B\u00f8ttehatt i bomull med logotrykk","isPartOf":{"@id":"https:\/\/grontkontor.dk\/#website"},"datePublished":"2025-07-03T09:04:25+00:00","dateModified":"2025-11-06T09:46:06+00:00","description":"Klassisk b\u00f8llehatt i bomull. Komfortabel og pustende lue med brem rundt. Milj\u00f8vennlig, klimavennlig og kan leveres med logotrykk.","breadcrumb":{"@id":"https:\/\/grontkontor.dk\/no\/shop\/boellehat-bomuld-m-u-tryk\/#breadcrumb"},"inLanguage":"no-NO","potentialAction":[{"@type":"ReadAction","target":["https:\/\/grontkontor.dk\/no\/shop\/boellehat-bomuld-m-u-tryk\/"]}]},{"@type":"BreadcrumbList","@id":"https:\/\/grontkontor.dk\/no\/shop\/boellehat-bomuld-m-u-tryk\/#breadcrumb","itemListElement":[{"@type":"ListItem","position":1,"name":"Forside","item":"https:\/\/grontkontor.dk\/"},{"@type":"ListItem","position":2,"name":"Butikk","item":"https:\/\/grontkontor.dk\/no\/butikk-2\/"},{"@type":"ListItem","position":3,"name":"Kl\u00e6r","item":"https:\/\/grontkontor.dk\/no\/produkt-kategori\/klaer\/"},{"@type":"ListItem","position":4,"name":"Hodeplagg","item":"https:\/\/grontkontor.dk\/no\/produkt-kategori\/klaer\/hodeplagg\/"},{"@type":"ListItem","position":5,"name":"B\u00f8llehatt bomull uten trykk"}]},{"@type":"WebSite","@id":"https:\/\/grontkontor.dk\/#website","url":"https:\/\/grontkontor.dk\/","name":"Gr\u00f8nt Kontor","description":"Milj\u00f8venlige produkter til kontor og erhverv med fokus p\u00e5 b\u00e6redygtighed, design og fair trade.","publisher":{"@id":"https:\/\/grontkontor.dk\/#organization"},"potentialAction":[{"@type":"SearchAction","target":{"@type":"EntryPoint","urlTemplate":"https:\/\/grontkontor.dk\/?s={search_term_string}"},"query-input":"required name=search_term_string"}],"inLanguage":"no-NO"},{"@type":"Organization","@id":"https:\/\/grontkontor.dk\/#organization","name":"Gr\u00f8nt Kontor","url":"https:\/\/grontkontor.dk\/","logo":{"@type":"ImageObject","inLanguage":"no-NO","@id":"https:\/\/grontkontor.dk\/#\/schema\/logo\/image\/","url":"https:\/\/grontkontor.dk\/wp-content\/uploads\/2014\/02\/Logo_groent_kontor_300x80.png","contentUrl":"https:\/\/grontkontor.dk\/wp-content\/uploads\/2014\/02\/Logo_groent_kontor_300x80.png","width":300,"height":80,"caption":"Gr\u00f8nt Kontor"},"image":{"@id":"https:\/\/grontkontor.dk\/#\/schema\/logo\/image\/"},"sameAs":["https:\/\/www.facebook.com\/grontkontor.dk\/"]}]}},"_links":{"self":[{"href":"https:\/\/grontkontor.dk\/no\/wp-json\/wp\/v2\/product\/126674"}],"collection":[{"href":"https:\/\/grontkontor.dk\/no\/wp-json\/wp\/v2\/product"}],"about":[{"href":"https:\/\/grontkontor.dk\/no\/wp-json\/wp\/v2\/types\/product"}],"replies":[{"embeddable":true,"href":"https:\/\/grontkontor.dk\/no\/wp-json\/wp\/v2\/comments?post=126674"}],"wp:featuredmedia":[{"embeddable":true,"href":"https:\/\/grontkontor.dk\/no\/wp-json\/wp\/v2\/media\/126704"}],"wp:attachment":[{"href":"https:\/\/grontkontor.dk\/no\/wp-json\/wp\/v2\/media?parent=126674"}],"wp:term":[{"taxonomy":"product_cat","embeddable":true,"href":"https:\/\/grontkontor.dk\/no\/wp-json\/wp\/v2\/product_cat?post=126674"},{"taxonomy":"product_tag","embeddable":true,"href":"https:\/\/grontkontor.dk\/no\/wp-json\/wp\/v2\/product_tag?post=126674"}],"curies":[{"name":"wp","href":"https:\/\/api.w.org\/{rel}","templated":true}]}}