{"id":126925,"date":"2025-07-07T08:51:46","date_gmt":"2025-07-07T06:51:59","guid":{"rendered":"https:\/\/grontkontor.dk\/?post_type=product&#038;p=126925"},"modified":"2025-11-06T10:46:16","modified_gmt":"2025-11-06T09:46:16","slug":"boellehat-oekologisk-bomuld-m-u-tryk","status":"publish","type":"product","link":"https:\/\/grontkontor.dk\/no\/shop\/boellehat-oekologisk-bomuld-m-u-tryk\/","title":{"rendered":"B\u00f8ttehatt \u00f8kologisk bomull uten trykk"},"content":{"rendered":"<p>Beskytt deg mot solen med stil og med god samvittighet med v\u00e5r milj\u00f8vennlige b\u00f8llehatt laget av resirkulert bomull. Denne hatten er et statement i b\u00e5de mote og ansvar. Den er laget av robust og slitesterk resirkulert bomull, et materiale som bidrar til \u00e5 spare jordens ressurser. Den slitesterke konstruksjonen s\u00f8rger for at luen kan vare lenge, enten du bruker den til en festival, en tur i parken eller til hverdags. Med v\u00e5r milj\u00f8vennlige b\u00f8llehatt i resirkulert bomull f\u00e5r du et produkt som kombinerer kvalitet med omtanke for milj\u00f8et.    <\/p>\n<p>Luen er utstyrt med broderte ventilasjonshull som sikrer \u00f8kt pusteevne og komfort, selv p\u00e5 de varmeste dagene. Det er en praktisk detalj som gj\u00f8r den til en uunnv\u00e6rlig del av sommergarderoben din. Den ytre etiketten med &#8220;Recycled Cotton&#8221;-logoen fremhever diskret at du har valgt et klimavennlig produkt. Luen er et smart valg for deg som \u00f8nsker \u00e5 vise at stil og ansvar lett kan g\u00e5 h\u00e5nd i h\u00e5nd.   <\/p>\n<p>V\u00e5r b\u00f8ttehatt er tilgjengelig i flere farger, slik at du kan velge den som passer best til din personlige stil. Den kan bestilles med eller uten logotrykk, noe som gj\u00f8r den til et perfekt produkt for firmagaver, varer eller for \u00e5 fremheve merkevaren din p\u00e5 en meningsfull m\u00e5te. Den er ideell for b\u00e5de menn og kvinner, og den tidl\u00f8se designen s\u00f8rger for at den aldri g\u00e5r av moten. Gj\u00f8r en forskjell med stilen din og velg en b\u00f8ttehatt som er laget med tanke p\u00e5 fremtiden.   <\/p>\n<p>[grs_s]<\/p>\n<p><img loading=\"lazy\" decoding=\"async\" src=\"https:\/\/grontkontor.dk\/wp-content\/uploads\/2021\/02\/genbrug.jpg\" alt=\"Fremstillet af genbrugsmaterialer\" width=\"50\" height=\"50\" class=\"size-full wp-image-23031\" srcset=\"https:\/\/grontkontor.dk\/wp-content\/uploads\/2021\/02\/genbrug.jpg 199w, https:\/\/grontkontor.dk\/wp-content\/uploads\/2021\/02\/genbrug-100x100.jpg 100w\" sizes=\"(max-width: 50px) 100vw, 50px\" \/> <a href=\"https:\/\/textileexchange.org\/standards\/recycled-claim-standard-global-recycled-standard\/\"><img loading=\"lazy\" decoding=\"async\" src=\"https:\/\/grontkontor.dk\/wp-content\/uploads\/2021\/06\/global-recycled-standard-1.jpg\" alt=\"Global recycled standard\" width=\"50\" height=\"50\" class=\"size-full wp-image-25504\" \/> <\/a><\/p>\n","protected":false},"excerpt":{"rendered":"<p><br data-mce-bogus=\"1\"><\/p>\n","protected":false},"featured_media":126946,"comment_status":"closed","ping_status":"closed","template":"","meta":{"_acf_changed":false},"product_cat":[3199,4835,2657,3201],"product_tag":[4742,4022],"class_list":{"0":"post-126925","1":"product","2":"type-product","3":"status-publish","4":"has-post-thumbnail","6":"product_cat-dummy-moq-1-no","7":"product_cat-hodeplagg","8":"product_cat-nyheter","9":"product_cat-sport-og-fritid-no","10":"product_tag-hatt-no","11":"product_tag-hodeplagg","12":"tm-has-options","14":"first","15":"instock","16":"taxable","17":"shipping-taxable","18":"purchasable","19":"product-type-simple"},"acf":[],"yoast_head":"<!-- This site is optimized with the Yoast SEO Premium plugin v21.2 (Yoast SEO v21.2) - https:\/\/yoast.com\/wordpress\/plugins\/seo\/ -->\n<title>Milj\u00f8vennlig b\u00f8llehatt i \u00f8kologisk bomull<\/title>\n<meta name=\"description\" content=\"Milj\u00f8vennlig b\u00f8llehatt i 100% \u00f8kologisk bomull. Klimavennlig og pustende lue, ideell for solfylte dager. Perfekt for arrangementer eller som en ansattgave.\" \/>\n<meta name=\"robots\" content=\"index, follow, max-snippet:-1, max-image-preview:large, max-video-preview:-1\" \/>\n<link rel=\"canonical\" href=\"https:\/\/grontkontor.dk\/no\/shop\/boellehat-oekologisk-bomuld-m-u-tryk\/\" \/>\n<meta property=\"og:locale\" content=\"en_US\" \/>\n<meta property=\"og:type\" content=\"article\" \/>\n<meta property=\"og:title\" content=\"B\u00f8ttehatt \u00f8kologisk bomull uten trykk\" \/>\n<meta property=\"og:description\" content=\"Milj\u00f8vennlig b\u00f8llehatt i 100% \u00f8kologisk bomull. Klimavennlig og pustende lue, ideell for solfylte dager. Perfekt for arrangementer eller som en ansattgave.\" \/>\n<meta property=\"og:url\" content=\"https:\/\/grontkontor.dk\/no\/shop\/boellehat-oekologisk-bomuld-m-u-tryk\/\" \/>\n<meta property=\"og:site_name\" content=\"Gr\u00f8nt Kontor\" \/>\n<meta property=\"article:publisher\" content=\"https:\/\/www.facebook.com\/grontkontor.dk\/\" \/>\n<meta property=\"article:modified_time\" content=\"2025-11-06T09:46:16+00:00\" \/>\n<meta property=\"og:image\" content=\"https:\/\/grontkontor.dk\/wp-content\/uploads\/2025\/07\/Miljoevenlig-boellehat-oekologisk-bomuld.jpg\" \/>\n\t<meta property=\"og:image:width\" content=\"1080\" \/>\n\t<meta property=\"og:image:height\" content=\"766\" \/>\n\t<meta property=\"og:image:type\" content=\"image\/jpeg\" \/>\n<meta name=\"twitter:card\" content=\"summary_large_image\" \/>\n<meta name=\"twitter:label1\" content=\"Est. reading time\" \/>\n\t<meta name=\"twitter:data1\" content=\"1 minute\" \/>\n<script type=\"application\/ld+json\" class=\"yoast-schema-graph\">{\"@context\":\"https:\/\/schema.org\",\"@graph\":[{\"@type\":\"WebPage\",\"@id\":\"https:\/\/grontkontor.dk\/no\/shop\/boellehat-oekologisk-bomuld-m-u-tryk\/\",\"url\":\"https:\/\/grontkontor.dk\/no\/shop\/boellehat-oekologisk-bomuld-m-u-tryk\/\",\"name\":\"Milj\u00f8vennlig b\u00f8llehatt i \u00f8kologisk bomull\",\"isPartOf\":{\"@id\":\"https:\/\/grontkontor.dk\/#website\"},\"datePublished\":\"2025-07-07T06:51:59+00:00\",\"dateModified\":\"2025-11-06T09:46:16+00:00\",\"description\":\"Milj\u00f8vennlig b\u00f8llehatt i 100% \u00f8kologisk bomull. Klimavennlig og pustende lue, ideell for solfylte dager. Perfekt for arrangementer eller som en ansattgave.\",\"breadcrumb\":{\"@id\":\"https:\/\/grontkontor.dk\/no\/shop\/boellehat-oekologisk-bomuld-m-u-tryk\/#breadcrumb\"},\"inLanguage\":\"no-NO\",\"potentialAction\":[{\"@type\":\"ReadAction\",\"target\":[\"https:\/\/grontkontor.dk\/no\/shop\/boellehat-oekologisk-bomuld-m-u-tryk\/\"]}]},{\"@type\":\"BreadcrumbList\",\"@id\":\"https:\/\/grontkontor.dk\/no\/shop\/boellehat-oekologisk-bomuld-m-u-tryk\/#breadcrumb\",\"itemListElement\":[{\"@type\":\"ListItem\",\"position\":1,\"name\":\"Forside\",\"item\":\"https:\/\/grontkontor.dk\/\"},{\"@type\":\"ListItem\",\"position\":2,\"name\":\"Butikk\",\"item\":\"https:\/\/grontkontor.dk\/no\/butikk-2\/\"},{\"@type\":\"ListItem\",\"position\":3,\"name\":\"Kl\u00e6r\",\"item\":\"https:\/\/grontkontor.dk\/no\/produkt-kategori\/klaer\/\"},{\"@type\":\"ListItem\",\"position\":4,\"name\":\"Hodeplagg\",\"item\":\"https:\/\/grontkontor.dk\/no\/produkt-kategori\/klaer\/hodeplagg\/\"},{\"@type\":\"ListItem\",\"position\":5,\"name\":\"B\u00f8ttehatt \u00f8kologisk bomull uten trykk\"}]},{\"@type\":\"WebSite\",\"@id\":\"https:\/\/grontkontor.dk\/#website\",\"url\":\"https:\/\/grontkontor.dk\/\",\"name\":\"Gr\u00f8nt Kontor\",\"description\":\"Milj\u00f8venlige produkter til kontor og erhverv med fokus p\u00e5 b\u00e6redygtighed, design og fair trade.\",\"publisher\":{\"@id\":\"https:\/\/grontkontor.dk\/#organization\"},\"potentialAction\":[{\"@type\":\"SearchAction\",\"target\":{\"@type\":\"EntryPoint\",\"urlTemplate\":\"https:\/\/grontkontor.dk\/?s={search_term_string}\"},\"query-input\":\"required name=search_term_string\"}],\"inLanguage\":\"no-NO\"},{\"@type\":\"Organization\",\"@id\":\"https:\/\/grontkontor.dk\/#organization\",\"name\":\"Gr\u00f8nt Kontor\",\"url\":\"https:\/\/grontkontor.dk\/\",\"logo\":{\"@type\":\"ImageObject\",\"inLanguage\":\"no-NO\",\"@id\":\"https:\/\/grontkontor.dk\/#\/schema\/logo\/image\/\",\"url\":\"https:\/\/grontkontor.dk\/wp-content\/uploads\/2014\/02\/Logo_groent_kontor_300x80.png\",\"contentUrl\":\"https:\/\/grontkontor.dk\/wp-content\/uploads\/2014\/02\/Logo_groent_kontor_300x80.png\",\"width\":300,\"height\":80,\"caption\":\"Gr\u00f8nt Kontor\"},\"image\":{\"@id\":\"https:\/\/grontkontor.dk\/#\/schema\/logo\/image\/\"},\"sameAs\":[\"https:\/\/www.facebook.com\/grontkontor.dk\/\"]}]}<\/script>\n<!-- \/ Yoast SEO Premium plugin. -->","yoast_head_json":{"title":"Milj\u00f8vennlig b\u00f8llehatt i \u00f8kologisk bomull","description":"Milj\u00f8vennlig b\u00f8llehatt i 100% \u00f8kologisk bomull. Klimavennlig og pustende lue, ideell for solfylte dager. Perfekt for arrangementer eller som en ansattgave.","robots":{"index":"index","follow":"follow","max-snippet":"max-snippet:-1","max-image-preview":"max-image-preview:large","max-video-preview":"max-video-preview:-1"},"canonical":"https:\/\/grontkontor.dk\/no\/shop\/boellehat-oekologisk-bomuld-m-u-tryk\/","og_locale":"en_US","og_type":"article","og_title":"B\u00f8ttehatt \u00f8kologisk bomull uten trykk","og_description":"Milj\u00f8vennlig b\u00f8llehatt i 100% \u00f8kologisk bomull. Klimavennlig og pustende lue, ideell for solfylte dager. Perfekt for arrangementer eller som en ansattgave.","og_url":"https:\/\/grontkontor.dk\/no\/shop\/boellehat-oekologisk-bomuld-m-u-tryk\/","og_site_name":"Gr\u00f8nt Kontor","article_publisher":"https:\/\/www.facebook.com\/grontkontor.dk\/","article_modified_time":"2025-11-06T09:46:16+00:00","og_image":[{"width":1080,"height":766,"url":"https:\/\/grontkontor.dk\/wp-content\/uploads\/2025\/07\/Miljoevenlig-boellehat-oekologisk-bomuld.jpg","type":"image\/jpeg"}],"twitter_card":"summary_large_image","twitter_misc":{"Est. reading time":"1 minute"},"schema":{"@context":"https:\/\/schema.org","@graph":[{"@type":"WebPage","@id":"https:\/\/grontkontor.dk\/no\/shop\/boellehat-oekologisk-bomuld-m-u-tryk\/","url":"https:\/\/grontkontor.dk\/no\/shop\/boellehat-oekologisk-bomuld-m-u-tryk\/","name":"Milj\u00f8vennlig b\u00f8llehatt i \u00f8kologisk bomull","isPartOf":{"@id":"https:\/\/grontkontor.dk\/#website"},"datePublished":"2025-07-07T06:51:59+00:00","dateModified":"2025-11-06T09:46:16+00:00","description":"Milj\u00f8vennlig b\u00f8llehatt i 100% \u00f8kologisk bomull. Klimavennlig og pustende lue, ideell for solfylte dager. Perfekt for arrangementer eller som en ansattgave.","breadcrumb":{"@id":"https:\/\/grontkontor.dk\/no\/shop\/boellehat-oekologisk-bomuld-m-u-tryk\/#breadcrumb"},"inLanguage":"no-NO","potentialAction":[{"@type":"ReadAction","target":["https:\/\/grontkontor.dk\/no\/shop\/boellehat-oekologisk-bomuld-m-u-tryk\/"]}]},{"@type":"BreadcrumbList","@id":"https:\/\/grontkontor.dk\/no\/shop\/boellehat-oekologisk-bomuld-m-u-tryk\/#breadcrumb","itemListElement":[{"@type":"ListItem","position":1,"name":"Forside","item":"https:\/\/grontkontor.dk\/"},{"@type":"ListItem","position":2,"name":"Butikk","item":"https:\/\/grontkontor.dk\/no\/butikk-2\/"},{"@type":"ListItem","position":3,"name":"Kl\u00e6r","item":"https:\/\/grontkontor.dk\/no\/produkt-kategori\/klaer\/"},{"@type":"ListItem","position":4,"name":"Hodeplagg","item":"https:\/\/grontkontor.dk\/no\/produkt-kategori\/klaer\/hodeplagg\/"},{"@type":"ListItem","position":5,"name":"B\u00f8ttehatt \u00f8kologisk bomull uten trykk"}]},{"@type":"WebSite","@id":"https:\/\/grontkontor.dk\/#website","url":"https:\/\/grontkontor.dk\/","name":"Gr\u00f8nt Kontor","description":"Milj\u00f8venlige produkter til kontor og erhverv med fokus p\u00e5 b\u00e6redygtighed, design og fair trade.","publisher":{"@id":"https:\/\/grontkontor.dk\/#organization"},"potentialAction":[{"@type":"SearchAction","target":{"@type":"EntryPoint","urlTemplate":"https:\/\/grontkontor.dk\/?s={search_term_string}"},"query-input":"required name=search_term_string"}],"inLanguage":"no-NO"},{"@type":"Organization","@id":"https:\/\/grontkontor.dk\/#organization","name":"Gr\u00f8nt Kontor","url":"https:\/\/grontkontor.dk\/","logo":{"@type":"ImageObject","inLanguage":"no-NO","@id":"https:\/\/grontkontor.dk\/#\/schema\/logo\/image\/","url":"https:\/\/grontkontor.dk\/wp-content\/uploads\/2014\/02\/Logo_groent_kontor_300x80.png","contentUrl":"https:\/\/grontkontor.dk\/wp-content\/uploads\/2014\/02\/Logo_groent_kontor_300x80.png","width":300,"height":80,"caption":"Gr\u00f8nt Kontor"},"image":{"@id":"https:\/\/grontkontor.dk\/#\/schema\/logo\/image\/"},"sameAs":["https:\/\/www.facebook.com\/grontkontor.dk\/"]}]}},"_links":{"self":[{"href":"https:\/\/grontkontor.dk\/no\/wp-json\/wp\/v2\/product\/126925"}],"collection":[{"href":"https:\/\/grontkontor.dk\/no\/wp-json\/wp\/v2\/product"}],"about":[{"href":"https:\/\/grontkontor.dk\/no\/wp-json\/wp\/v2\/types\/product"}],"replies":[{"embeddable":true,"href":"https:\/\/grontkontor.dk\/no\/wp-json\/wp\/v2\/comments?post=126925"}],"wp:featuredmedia":[{"embeddable":true,"href":"https:\/\/grontkontor.dk\/no\/wp-json\/wp\/v2\/media\/126946"}],"wp:attachment":[{"href":"https:\/\/grontkontor.dk\/no\/wp-json\/wp\/v2\/media?parent=126925"}],"wp:term":[{"taxonomy":"product_cat","embeddable":true,"href":"https:\/\/grontkontor.dk\/no\/wp-json\/wp\/v2\/product_cat?post=126925"},{"taxonomy":"product_tag","embeddable":true,"href":"https:\/\/grontkontor.dk\/no\/wp-json\/wp\/v2\/product_tag?post=126925"}],"curies":[{"name":"wp","href":"https:\/\/api.w.org\/{rel}","templated":true}]}}