{"id":127052,"date":"2025-07-08T11:52:51","date_gmt":"2025-07-08T09:52:58","guid":{"rendered":"https:\/\/grontkontor.dk\/?post_type=product&#038;p=127052"},"modified":"2025-07-10T15:53:29","modified_gmt":"2025-07-10T13:53:29","slug":"lille-to-go-kop-staal-220-ml","status":"publish","type":"product","link":"https:\/\/grontkontor.dk\/no\/shop\/lille-to-go-kop-staal-220-ml\/","title":{"rendered":"Liten to-go kopp st\u00e5l 220 ml"},"content":{"rendered":"<p>Knusesikker to-go kopp i resirkulert rustfritt st\u00e5l med en kapasitet p\u00e5 220 ml. Som alle v\u00e5re andre kopper, BPA-fri og godkjent for matkontakt. H\u00e5ndtaket fungerer som en karabinkrok, som enkelt kan festes p\u00e5 utsiden av pakking, ryggsekker osv. Et fint og robust produkt, perfekt for firmagaver eller utdelinger til messer, arrangementer eller utend\u00f8rsarrangementer. Tilgjengelig med fullfargesublimeringstrykk eller lasergravering.     [staal] &nbsp;<\/p>\n","protected":false},"excerpt":{"rendered":"<p>Knusesikker to-go kopp i resirkulert rustfritt st\u00e5l med en kapasitet p\u00e5 220 ml. Som alle v\u00e5re andre kopper, BPA-fri og godkjent for matkontakt. H\u00e5ndtaket fungerer som en karabinkrok, som enkelt kan festes p\u00e5 utsiden av pakking, ryggsekker osv. Et fint og robust produkt, perfekt for firmagaver eller utdelinger til messer, arrangementer eller utend\u00f8rsarrangementer. Tilgjengelig med [&hellip;]<\/p>\n","protected":false},"featured_media":127085,"comment_status":"closed","ping_status":"closed","template":"","meta":{"_acf_changed":false},"product_cat":[3199,3312,3216,2657],"product_tag":[3314,3317],"class_list":{"0":"post-127052","1":"product","2":"type-product","3":"status-publish","4":"has-post-thumbnail","6":"product_cat-dummy-moq-1-no","7":"product_cat-krus-kopper-etc","8":"product_cat-mat-og-drikke","9":"product_cat-nyheter","10":"product_tag-krus-no","11":"product_tag-termisk-krus","12":"pa_farve-blaa-no","13":"pa_farve-groenn","14":"pa_farve-hvit","15":"pa_farve-roed-no","16":"pa_farve-svart","17":"tm-has-options","19":"first","20":"instock","21":"featured","22":"taxable","23":"shipping-taxable","24":"purchasable","25":"product-type-simple"},"acf":[],"yoast_head":"<!-- This site is optimized with the Yoast SEO Premium plugin v21.2 (Yoast SEO v21.2) - https:\/\/yoast.com\/wordpress\/plugins\/seo\/ -->\n<title>Liten to-go kopp st\u00e5l 220 ml - Gr\u00f8nt Kontor<\/title>\n<meta name=\"robots\" content=\"index, follow, max-snippet:-1, max-image-preview:large, max-video-preview:-1\" \/>\n<link rel=\"canonical\" href=\"https:\/\/grontkontor.dk\/no\/shop\/lille-to-go-kop-staal-220-ml\/\" \/>\n<meta property=\"og:locale\" content=\"en_US\" \/>\n<meta property=\"og:type\" content=\"article\" \/>\n<meta property=\"og:title\" content=\"Liten to-go kopp st\u00e5l 220 ml\" \/>\n<meta property=\"og:description\" content=\"Knusesikker to-go kopp i resirkulert rustfritt st\u00e5l med en kapasitet p\u00e5 220 ml. Som alle v\u00e5re andre kopper, BPA-fri og godkjent for matkontakt. H\u00e5ndtaket fungerer som en karabinkrok, som enkelt kan festes p\u00e5 utsiden av pakking, ryggsekker osv. Et fint og robust produkt, perfekt for firmagaver eller utdelinger til messer, arrangementer eller utend\u00f8rsarrangementer. Tilgjengelig med [&hellip;]\" \/>\n<meta property=\"og:url\" content=\"https:\/\/grontkontor.dk\/no\/shop\/lille-to-go-kop-staal-220-ml\/\" \/>\n<meta property=\"og:site_name\" content=\"Gr\u00f8nt Kontor\" \/>\n<meta property=\"article:publisher\" content=\"https:\/\/www.facebook.com\/grontkontor.dk\/\" \/>\n<meta property=\"article:modified_time\" content=\"2025-07-10T13:53:29+00:00\" \/>\n<meta property=\"og:image\" content=\"https:\/\/grontkontor.dk\/wp-content\/uploads\/2025\/07\/To-go-kop-i-staal-med-karabinhage-fuldfarvetryk.jpg\" \/>\n\t<meta property=\"og:image:width\" content=\"1217\" \/>\n\t<meta property=\"og:image:height\" content=\"864\" \/>\n\t<meta property=\"og:image:type\" content=\"image\/jpeg\" \/>\n<meta name=\"twitter:card\" content=\"summary_large_image\" \/>\n<script type=\"application\/ld+json\" class=\"yoast-schema-graph\">{\"@context\":\"https:\/\/schema.org\",\"@graph\":[{\"@type\":\"WebPage\",\"@id\":\"https:\/\/grontkontor.dk\/no\/shop\/lille-to-go-kop-staal-220-ml\/\",\"url\":\"https:\/\/grontkontor.dk\/no\/shop\/lille-to-go-kop-staal-220-ml\/\",\"name\":\"Liten to-go kopp st\u00e5l 220 ml - Gr\u00f8nt Kontor\",\"isPartOf\":{\"@id\":\"https:\/\/grontkontor.dk\/#website\"},\"datePublished\":\"2025-07-08T09:52:58+00:00\",\"dateModified\":\"2025-07-10T13:53:29+00:00\",\"breadcrumb\":{\"@id\":\"https:\/\/grontkontor.dk\/no\/shop\/lille-to-go-kop-staal-220-ml\/#breadcrumb\"},\"inLanguage\":\"no-NO\",\"potentialAction\":[{\"@type\":\"ReadAction\",\"target\":[\"https:\/\/grontkontor.dk\/no\/shop\/lille-to-go-kop-staal-220-ml\/\"]}]},{\"@type\":\"BreadcrumbList\",\"@id\":\"https:\/\/grontkontor.dk\/no\/shop\/lille-to-go-kop-staal-220-ml\/#breadcrumb\",\"itemListElement\":[{\"@type\":\"ListItem\",\"position\":1,\"name\":\"Forside\",\"item\":\"https:\/\/grontkontor.dk\/\"},{\"@type\":\"ListItem\",\"position\":2,\"name\":\"Butikk\",\"item\":\"https:\/\/grontkontor.dk\/no\/butikk-2\/\"},{\"@type\":\"ListItem\",\"position\":3,\"name\":\"Mad og drikke\",\"item\":\"https:\/\/grontkontor.dk\/produkt-kategori\/mad-og-drikke\/\"},{\"@type\":\"ListItem\",\"position\":4,\"name\":\"Krus, kopper mm.\",\"item\":\"https:\/\/grontkontor.dk\/produkt-kategori\/mad-og-drikke\/to-go-krus-og-kopper\/\"},{\"@type\":\"ListItem\",\"position\":5,\"name\":\"Liten to-go kopp st\u00e5l 220 ml\"}]},{\"@type\":\"WebSite\",\"@id\":\"https:\/\/grontkontor.dk\/#website\",\"url\":\"https:\/\/grontkontor.dk\/\",\"name\":\"Gr\u00f8nt Kontor\",\"description\":\"Milj\u00f8venlige produkter til kontor og erhverv med fokus p\u00e5 b\u00e6redygtighed, design og fair trade.\",\"publisher\":{\"@id\":\"https:\/\/grontkontor.dk\/#organization\"},\"potentialAction\":[{\"@type\":\"SearchAction\",\"target\":{\"@type\":\"EntryPoint\",\"urlTemplate\":\"https:\/\/grontkontor.dk\/?s={search_term_string}\"},\"query-input\":\"required name=search_term_string\"}],\"inLanguage\":\"no-NO\"},{\"@type\":\"Organization\",\"@id\":\"https:\/\/grontkontor.dk\/#organization\",\"name\":\"Gr\u00f8nt Kontor\",\"url\":\"https:\/\/grontkontor.dk\/\",\"logo\":{\"@type\":\"ImageObject\",\"inLanguage\":\"no-NO\",\"@id\":\"https:\/\/grontkontor.dk\/#\/schema\/logo\/image\/\",\"url\":\"https:\/\/grontkontor.dk\/wp-content\/uploads\/2014\/02\/Logo_groent_kontor_300x80.png\",\"contentUrl\":\"https:\/\/grontkontor.dk\/wp-content\/uploads\/2014\/02\/Logo_groent_kontor_300x80.png\",\"width\":300,\"height\":80,\"caption\":\"Gr\u00f8nt Kontor\"},\"image\":{\"@id\":\"https:\/\/grontkontor.dk\/#\/schema\/logo\/image\/\"},\"sameAs\":[\"https:\/\/www.facebook.com\/grontkontor.dk\/\"]}]}<\/script>\n<!-- \/ Yoast SEO Premium plugin. -->","yoast_head_json":{"title":"Liten to-go kopp st\u00e5l 220 ml - Gr\u00f8nt Kontor","robots":{"index":"index","follow":"follow","max-snippet":"max-snippet:-1","max-image-preview":"max-image-preview:large","max-video-preview":"max-video-preview:-1"},"canonical":"https:\/\/grontkontor.dk\/no\/shop\/lille-to-go-kop-staal-220-ml\/","og_locale":"en_US","og_type":"article","og_title":"Liten to-go kopp st\u00e5l 220 ml","og_description":"Knusesikker to-go kopp i resirkulert rustfritt st\u00e5l med en kapasitet p\u00e5 220 ml. Som alle v\u00e5re andre kopper, BPA-fri og godkjent for matkontakt. H\u00e5ndtaket fungerer som en karabinkrok, som enkelt kan festes p\u00e5 utsiden av pakking, ryggsekker osv. Et fint og robust produkt, perfekt for firmagaver eller utdelinger til messer, arrangementer eller utend\u00f8rsarrangementer. Tilgjengelig med [&hellip;]","og_url":"https:\/\/grontkontor.dk\/no\/shop\/lille-to-go-kop-staal-220-ml\/","og_site_name":"Gr\u00f8nt Kontor","article_publisher":"https:\/\/www.facebook.com\/grontkontor.dk\/","article_modified_time":"2025-07-10T13:53:29+00:00","og_image":[{"width":1217,"height":864,"url":"https:\/\/grontkontor.dk\/wp-content\/uploads\/2025\/07\/To-go-kop-i-staal-med-karabinhage-fuldfarvetryk.jpg","type":"image\/jpeg"}],"twitter_card":"summary_large_image","schema":{"@context":"https:\/\/schema.org","@graph":[{"@type":"WebPage","@id":"https:\/\/grontkontor.dk\/no\/shop\/lille-to-go-kop-staal-220-ml\/","url":"https:\/\/grontkontor.dk\/no\/shop\/lille-to-go-kop-staal-220-ml\/","name":"Liten to-go kopp st\u00e5l 220 ml - Gr\u00f8nt Kontor","isPartOf":{"@id":"https:\/\/grontkontor.dk\/#website"},"datePublished":"2025-07-08T09:52:58+00:00","dateModified":"2025-07-10T13:53:29+00:00","breadcrumb":{"@id":"https:\/\/grontkontor.dk\/no\/shop\/lille-to-go-kop-staal-220-ml\/#breadcrumb"},"inLanguage":"no-NO","potentialAction":[{"@type":"ReadAction","target":["https:\/\/grontkontor.dk\/no\/shop\/lille-to-go-kop-staal-220-ml\/"]}]},{"@type":"BreadcrumbList","@id":"https:\/\/grontkontor.dk\/no\/shop\/lille-to-go-kop-staal-220-ml\/#breadcrumb","itemListElement":[{"@type":"ListItem","position":1,"name":"Forside","item":"https:\/\/grontkontor.dk\/"},{"@type":"ListItem","position":2,"name":"Butikk","item":"https:\/\/grontkontor.dk\/no\/butikk-2\/"},{"@type":"ListItem","position":3,"name":"Mad og drikke","item":"https:\/\/grontkontor.dk\/produkt-kategori\/mad-og-drikke\/"},{"@type":"ListItem","position":4,"name":"Krus, kopper mm.","item":"https:\/\/grontkontor.dk\/produkt-kategori\/mad-og-drikke\/to-go-krus-og-kopper\/"},{"@type":"ListItem","position":5,"name":"Liten to-go kopp st\u00e5l 220 ml"}]},{"@type":"WebSite","@id":"https:\/\/grontkontor.dk\/#website","url":"https:\/\/grontkontor.dk\/","name":"Gr\u00f8nt Kontor","description":"Milj\u00f8venlige produkter til kontor og erhverv med fokus p\u00e5 b\u00e6redygtighed, design og fair trade.","publisher":{"@id":"https:\/\/grontkontor.dk\/#organization"},"potentialAction":[{"@type":"SearchAction","target":{"@type":"EntryPoint","urlTemplate":"https:\/\/grontkontor.dk\/?s={search_term_string}"},"query-input":"required name=search_term_string"}],"inLanguage":"no-NO"},{"@type":"Organization","@id":"https:\/\/grontkontor.dk\/#organization","name":"Gr\u00f8nt Kontor","url":"https:\/\/grontkontor.dk\/","logo":{"@type":"ImageObject","inLanguage":"no-NO","@id":"https:\/\/grontkontor.dk\/#\/schema\/logo\/image\/","url":"https:\/\/grontkontor.dk\/wp-content\/uploads\/2014\/02\/Logo_groent_kontor_300x80.png","contentUrl":"https:\/\/grontkontor.dk\/wp-content\/uploads\/2014\/02\/Logo_groent_kontor_300x80.png","width":300,"height":80,"caption":"Gr\u00f8nt Kontor"},"image":{"@id":"https:\/\/grontkontor.dk\/#\/schema\/logo\/image\/"},"sameAs":["https:\/\/www.facebook.com\/grontkontor.dk\/"]}]}},"_links":{"self":[{"href":"https:\/\/grontkontor.dk\/no\/wp-json\/wp\/v2\/product\/127052"}],"collection":[{"href":"https:\/\/grontkontor.dk\/no\/wp-json\/wp\/v2\/product"}],"about":[{"href":"https:\/\/grontkontor.dk\/no\/wp-json\/wp\/v2\/types\/product"}],"replies":[{"embeddable":true,"href":"https:\/\/grontkontor.dk\/no\/wp-json\/wp\/v2\/comments?post=127052"}],"wp:featuredmedia":[{"embeddable":true,"href":"https:\/\/grontkontor.dk\/no\/wp-json\/wp\/v2\/media\/127085"}],"wp:attachment":[{"href":"https:\/\/grontkontor.dk\/no\/wp-json\/wp\/v2\/media?parent=127052"}],"wp:term":[{"taxonomy":"product_cat","embeddable":true,"href":"https:\/\/grontkontor.dk\/no\/wp-json\/wp\/v2\/product_cat?post=127052"},{"taxonomy":"product_tag","embeddable":true,"href":"https:\/\/grontkontor.dk\/no\/wp-json\/wp\/v2\/product_tag?post=127052"}],"curies":[{"name":"wp","href":"https:\/\/api.w.org\/{rel}","templated":true}]}}