{"id":127555,"date":"2025-08-19T09:26:25","date_gmt":"2025-08-19T07:26:26","guid":{"rendered":"https:\/\/grontkontor.dk\/?post_type=product&#038;p=127555"},"modified":"2025-09-10T09:56:35","modified_gmt":"2025-09-10T07:56:35","slug":"skrivebord-med-skuffer-fsc-asketrae","status":"publish","type":"product","link":"https:\/\/grontkontor.dk\/no\/shop\/skrivebord-med-skuffer-fsc-asketrae\/","title":{"rendered":"Skrivebord med skuffer FSC ask tre"},"content":{"rendered":"<p data-start=\"157\" data-end=\"397\">Klimavennlig spisebord er et stilig valg for deg som \u00f8nsker \u00e5 kombinere moderne design og naturlige materialer i hjemmet. Bordet er laget av FSC-sertifisert asketre og askefiner, noe som gir det et slitesterkt og elegant utseende. <\/p>\n<p data-start=\"399\" data-end=\"678\">Den solide bordplaten er b\u00e5de slitesterk og funksjonell, perfekt for hverdagsm\u00e5ltider s\u00e5 vel som koselige middager med familie og venner. Med sitt lette og elegante design er bordet enkelt \u00e5 plassere i forskjellige rom og passer inn i b\u00e5de moderne og klassisk interi\u00f8r. <\/p>\n<p>[FSC_s]<\/p>\n<a href=\"https:\/\/ic.fsc.org\/en\/\" target=\"window\"><img loading=\"lazy\" decoding=\"async\" class=\"size-full wp-image-12735\" src=\"https:\/\/grontkontor.dk\/wp-content\/uploads\/2019\/04\/fsc-certificeret.png\" \n\t\t alt=\"FSC-certificeret\" title=\"FSC-certificeret\" width=\"44\" height=\"51\" border=0\/><\/a>\n","protected":false},"excerpt":{"rendered":"<p>Klimavennlig spisebord er et stilig valg for deg som \u00f8nsker \u00e5 kombinere moderne design og naturlige materialer i hjemmet. Bordet er laget av FSC-sertifisert asketre og askefiner, noe som gir det et slitesterkt og elegant utseende. Den solide bordplaten er b\u00e5de slitesterk og funksjonell, perfekt for hverdagsm\u00e5ltider s\u00e5 vel som koselige middager med familie og [&hellip;]<\/p>\n","protected":false},"featured_media":127559,"comment_status":"closed","ping_status":"closed","template":"","meta":{"_acf_changed":false},"product_cat":[3199,2657,3585],"product_tag":[3587,3635],"class_list":{"0":"post-127555","1":"product","2":"type-product","3":"status-publish","4":"has-post-thumbnail","6":"product_cat-dummy-moq-1-no","7":"product_cat-nyheter","8":"product_cat-bord-no","9":"product_tag-bord-no","10":"product_tag-pult","11":"tm-has-options","13":"first","14":"instock","15":"taxable","16":"shipping-taxable","17":"purchasable","18":"product-type-simple"},"acf":[],"yoast_head":"<!-- This site is optimized with the Yoast SEO Premium plugin v21.2 (Yoast SEO v21.2) - https:\/\/yoast.com\/wordpress\/plugins\/seo\/ -->\n<title>Skrivebord med skuffer FSC ask tre - Gr\u00f8nt Kontor<\/title>\n<meta name=\"robots\" content=\"index, follow, max-snippet:-1, max-image-preview:large, max-video-preview:-1\" \/>\n<link rel=\"canonical\" href=\"https:\/\/grontkontor.dk\/no\/shop\/skrivebord-med-skuffer-fsc-asketrae\/\" \/>\n<meta property=\"og:locale\" content=\"en_US\" \/>\n<meta property=\"og:type\" content=\"article\" \/>\n<meta property=\"og:title\" content=\"Skrivebord med skuffer FSC ask tre\" \/>\n<meta property=\"og:description\" content=\"Klimavennlig spisebord er et stilig valg for deg som \u00f8nsker \u00e5 kombinere moderne design og naturlige materialer i hjemmet. Bordet er laget av FSC-sertifisert asketre og askefiner, noe som gir det et slitesterkt og elegant utseende. Den solide bordplaten er b\u00e5de slitesterk og funksjonell, perfekt for hverdagsm\u00e5ltider s\u00e5 vel som koselige middager med familie og [&hellip;]\" \/>\n<meta property=\"og:url\" content=\"https:\/\/grontkontor.dk\/no\/shop\/skrivebord-med-skuffer-fsc-asketrae\/\" \/>\n<meta property=\"og:site_name\" content=\"Gr\u00f8nt Kontor\" \/>\n<meta property=\"article:publisher\" content=\"https:\/\/www.facebook.com\/grontkontor.dk\/\" \/>\n<meta property=\"article:modified_time\" content=\"2025-09-10T07:56:35+00:00\" \/>\n<meta property=\"og:image\" content=\"https:\/\/grontkontor.dk\/wp-content\/uploads\/2025\/08\/Klimavenligt-skrivebord-i-asketrae.jpg\" \/>\n\t<meta property=\"og:image:width\" content=\"1765\" \/>\n\t<meta property=\"og:image:height\" content=\"1254\" \/>\n\t<meta property=\"og:image:type\" content=\"image\/jpeg\" \/>\n<meta name=\"twitter:card\" content=\"summary_large_image\" \/>\n<script type=\"application\/ld+json\" class=\"yoast-schema-graph\">{\"@context\":\"https:\/\/schema.org\",\"@graph\":[{\"@type\":\"WebPage\",\"@id\":\"https:\/\/grontkontor.dk\/no\/shop\/skrivebord-med-skuffer-fsc-asketrae\/\",\"url\":\"https:\/\/grontkontor.dk\/no\/shop\/skrivebord-med-skuffer-fsc-asketrae\/\",\"name\":\"Skrivebord med skuffer FSC ask tre - Gr\u00f8nt Kontor\",\"isPartOf\":{\"@id\":\"https:\/\/grontkontor.dk\/#website\"},\"datePublished\":\"2025-08-19T07:26:26+00:00\",\"dateModified\":\"2025-09-10T07:56:35+00:00\",\"breadcrumb\":{\"@id\":\"https:\/\/grontkontor.dk\/no\/shop\/skrivebord-med-skuffer-fsc-asketrae\/#breadcrumb\"},\"inLanguage\":\"no-NO\",\"potentialAction\":[{\"@type\":\"ReadAction\",\"target\":[\"https:\/\/grontkontor.dk\/no\/shop\/skrivebord-med-skuffer-fsc-asketrae\/\"]}]},{\"@type\":\"BreadcrumbList\",\"@id\":\"https:\/\/grontkontor.dk\/no\/shop\/skrivebord-med-skuffer-fsc-asketrae\/#breadcrumb\",\"itemListElement\":[{\"@type\":\"ListItem\",\"position\":1,\"name\":\"Forside\",\"item\":\"https:\/\/grontkontor.dk\/\"},{\"@type\":\"ListItem\",\"position\":2,\"name\":\"Butikk\",\"item\":\"https:\/\/grontkontor.dk\/no\/butikk-2\/\"},{\"@type\":\"ListItem\",\"position\":3,\"name\":\"M\u00f8bler og inventar\",\"item\":\"https:\/\/grontkontor.dk\/produkt-kategori\/mobler-og-inventar\/\"},{\"@type\":\"ListItem\",\"position\":4,\"name\":\"Borde\",\"item\":\"https:\/\/grontkontor.dk\/produkt-kategori\/mobler-og-inventar\/borde\/\"},{\"@type\":\"ListItem\",\"position\":5,\"name\":\"Skrivebord med skuffer FSC ask tre\"}]},{\"@type\":\"WebSite\",\"@id\":\"https:\/\/grontkontor.dk\/#website\",\"url\":\"https:\/\/grontkontor.dk\/\",\"name\":\"Gr\u00f8nt Kontor\",\"description\":\"Milj\u00f8venlige produkter til kontor og erhverv med fokus p\u00e5 b\u00e6redygtighed, design og fair trade.\",\"publisher\":{\"@id\":\"https:\/\/grontkontor.dk\/#organization\"},\"potentialAction\":[{\"@type\":\"SearchAction\",\"target\":{\"@type\":\"EntryPoint\",\"urlTemplate\":\"https:\/\/grontkontor.dk\/?s={search_term_string}\"},\"query-input\":\"required name=search_term_string\"}],\"inLanguage\":\"no-NO\"},{\"@type\":\"Organization\",\"@id\":\"https:\/\/grontkontor.dk\/#organization\",\"name\":\"Gr\u00f8nt Kontor\",\"url\":\"https:\/\/grontkontor.dk\/\",\"logo\":{\"@type\":\"ImageObject\",\"inLanguage\":\"no-NO\",\"@id\":\"https:\/\/grontkontor.dk\/#\/schema\/logo\/image\/\",\"url\":\"https:\/\/grontkontor.dk\/wp-content\/uploads\/2014\/02\/Logo_groent_kontor_300x80.png\",\"contentUrl\":\"https:\/\/grontkontor.dk\/wp-content\/uploads\/2014\/02\/Logo_groent_kontor_300x80.png\",\"width\":300,\"height\":80,\"caption\":\"Gr\u00f8nt Kontor\"},\"image\":{\"@id\":\"https:\/\/grontkontor.dk\/#\/schema\/logo\/image\/\"},\"sameAs\":[\"https:\/\/www.facebook.com\/grontkontor.dk\/\"]}]}<\/script>\n<!-- \/ Yoast SEO Premium plugin. -->","yoast_head_json":{"title":"Skrivebord med skuffer FSC ask tre - Gr\u00f8nt Kontor","robots":{"index":"index","follow":"follow","max-snippet":"max-snippet:-1","max-image-preview":"max-image-preview:large","max-video-preview":"max-video-preview:-1"},"canonical":"https:\/\/grontkontor.dk\/no\/shop\/skrivebord-med-skuffer-fsc-asketrae\/","og_locale":"en_US","og_type":"article","og_title":"Skrivebord med skuffer FSC ask tre","og_description":"Klimavennlig spisebord er et stilig valg for deg som \u00f8nsker \u00e5 kombinere moderne design og naturlige materialer i hjemmet. Bordet er laget av FSC-sertifisert asketre og askefiner, noe som gir det et slitesterkt og elegant utseende. Den solide bordplaten er b\u00e5de slitesterk og funksjonell, perfekt for hverdagsm\u00e5ltider s\u00e5 vel som koselige middager med familie og [&hellip;]","og_url":"https:\/\/grontkontor.dk\/no\/shop\/skrivebord-med-skuffer-fsc-asketrae\/","og_site_name":"Gr\u00f8nt Kontor","article_publisher":"https:\/\/www.facebook.com\/grontkontor.dk\/","article_modified_time":"2025-09-10T07:56:35+00:00","og_image":[{"width":1765,"height":1254,"url":"https:\/\/grontkontor.dk\/wp-content\/uploads\/2025\/08\/Klimavenligt-skrivebord-i-asketrae.jpg","type":"image\/jpeg"}],"twitter_card":"summary_large_image","schema":{"@context":"https:\/\/schema.org","@graph":[{"@type":"WebPage","@id":"https:\/\/grontkontor.dk\/no\/shop\/skrivebord-med-skuffer-fsc-asketrae\/","url":"https:\/\/grontkontor.dk\/no\/shop\/skrivebord-med-skuffer-fsc-asketrae\/","name":"Skrivebord med skuffer FSC ask tre - Gr\u00f8nt Kontor","isPartOf":{"@id":"https:\/\/grontkontor.dk\/#website"},"datePublished":"2025-08-19T07:26:26+00:00","dateModified":"2025-09-10T07:56:35+00:00","breadcrumb":{"@id":"https:\/\/grontkontor.dk\/no\/shop\/skrivebord-med-skuffer-fsc-asketrae\/#breadcrumb"},"inLanguage":"no-NO","potentialAction":[{"@type":"ReadAction","target":["https:\/\/grontkontor.dk\/no\/shop\/skrivebord-med-skuffer-fsc-asketrae\/"]}]},{"@type":"BreadcrumbList","@id":"https:\/\/grontkontor.dk\/no\/shop\/skrivebord-med-skuffer-fsc-asketrae\/#breadcrumb","itemListElement":[{"@type":"ListItem","position":1,"name":"Forside","item":"https:\/\/grontkontor.dk\/"},{"@type":"ListItem","position":2,"name":"Butikk","item":"https:\/\/grontkontor.dk\/no\/butikk-2\/"},{"@type":"ListItem","position":3,"name":"M\u00f8bler og inventar","item":"https:\/\/grontkontor.dk\/produkt-kategori\/mobler-og-inventar\/"},{"@type":"ListItem","position":4,"name":"Borde","item":"https:\/\/grontkontor.dk\/produkt-kategori\/mobler-og-inventar\/borde\/"},{"@type":"ListItem","position":5,"name":"Skrivebord med skuffer FSC ask tre"}]},{"@type":"WebSite","@id":"https:\/\/grontkontor.dk\/#website","url":"https:\/\/grontkontor.dk\/","name":"Gr\u00f8nt Kontor","description":"Milj\u00f8venlige produkter til kontor og erhverv med fokus p\u00e5 b\u00e6redygtighed, design og fair trade.","publisher":{"@id":"https:\/\/grontkontor.dk\/#organization"},"potentialAction":[{"@type":"SearchAction","target":{"@type":"EntryPoint","urlTemplate":"https:\/\/grontkontor.dk\/?s={search_term_string}"},"query-input":"required name=search_term_string"}],"inLanguage":"no-NO"},{"@type":"Organization","@id":"https:\/\/grontkontor.dk\/#organization","name":"Gr\u00f8nt Kontor","url":"https:\/\/grontkontor.dk\/","logo":{"@type":"ImageObject","inLanguage":"no-NO","@id":"https:\/\/grontkontor.dk\/#\/schema\/logo\/image\/","url":"https:\/\/grontkontor.dk\/wp-content\/uploads\/2014\/02\/Logo_groent_kontor_300x80.png","contentUrl":"https:\/\/grontkontor.dk\/wp-content\/uploads\/2014\/02\/Logo_groent_kontor_300x80.png","width":300,"height":80,"caption":"Gr\u00f8nt Kontor"},"image":{"@id":"https:\/\/grontkontor.dk\/#\/schema\/logo\/image\/"},"sameAs":["https:\/\/www.facebook.com\/grontkontor.dk\/"]}]}},"_links":{"self":[{"href":"https:\/\/grontkontor.dk\/no\/wp-json\/wp\/v2\/product\/127555"}],"collection":[{"href":"https:\/\/grontkontor.dk\/no\/wp-json\/wp\/v2\/product"}],"about":[{"href":"https:\/\/grontkontor.dk\/no\/wp-json\/wp\/v2\/types\/product"}],"replies":[{"embeddable":true,"href":"https:\/\/grontkontor.dk\/no\/wp-json\/wp\/v2\/comments?post=127555"}],"wp:featuredmedia":[{"embeddable":true,"href":"https:\/\/grontkontor.dk\/no\/wp-json\/wp\/v2\/media\/127559"}],"wp:attachment":[{"href":"https:\/\/grontkontor.dk\/no\/wp-json\/wp\/v2\/media?parent=127555"}],"wp:term":[{"taxonomy":"product_cat","embeddable":true,"href":"https:\/\/grontkontor.dk\/no\/wp-json\/wp\/v2\/product_cat?post=127555"},{"taxonomy":"product_tag","embeddable":true,"href":"https:\/\/grontkontor.dk\/no\/wp-json\/wp\/v2\/product_tag?post=127555"}],"curies":[{"name":"wp","href":"https:\/\/api.w.org\/{rel}","templated":true}]}}