{"id":127726,"date":"2025-09-01T08:35:20","date_gmt":"2025-09-01T06:35:21","guid":{"rendered":"https:\/\/grontkontor.dk\/?post_type=product&#038;p=127726"},"modified":"2025-09-19T20:22:09","modified_gmt":"2025-09-19T18:22:09","slug":"klimavenlig-keyhanger-med-telefonholder","status":"publish","type":"product","link":"https:\/\/grontkontor.dk\/no\/shop\/klimavenlig-keyhanger-med-telefonholder\/","title":{"rendered":"Klimavennlig snor med telefonholder"},"content":{"rendered":"<p data-start=\"145\" data-end=\"208\">Klimavennlig bomullssnor med bambusdetalj og smarttelefontilbeh\u00f8r med eller uten logotrykk<br \/>\nDenne milj\u00f8vennlige snoren er designet med fokus p\u00e5 b\u00e5de funksjonalitet og naturlige materialer. Den er laget av slitesterk bomull og utstyrt med et bambustilbeh\u00f8r som gj\u00f8r det mulig \u00e5 merke med logo eller budskap. Kombinasjonen av bomull og bambus gj\u00f8r produktet b\u00e5de slitesterkt og behagelig \u00e5 bruke i hverdagen.  <\/p>\n<p data-start=\"145\" data-end=\"208\">Snoren kommer med et praktisk smarttelefontilbeh\u00f8r som enkelt plasseres mellom mobiltelefonen og dekselet. Tilbeh\u00f8ret er koblet til en karabinkrok i metall med dreiefunksjon, slik at telefonen kan b\u00e6res trygt samtidig som den er enkel \u00e5 ta av og p\u00e5. I tillegg er ledningen utstyrt med justerbare stoppere og forkrommede beslag, noe som gir et stilig utseende og ekstra holdbarhet.  <\/p>\n<p data-start=\"145\" data-end=\"208\">Denne klimavennlige snoren er ikke bare funksjonell, men ogs\u00e5 en \u00e5penbar mulighet for profilering. Den kan leveres med logotrykk eller lasergravering p\u00e5 bambusdelen, noe som gir et profesjonelt og unikt preg. Med sitt moderne og naturlige design er den spesielt egnet som giveaway for messer, konferanser, arrangementer og kampanjer, hvor praktisk tilbeh\u00f8r med merkevarebygging skaper stor synlighet.  <\/p>\n<p>Med denne bomulls- og bambussnoren f\u00e5r du et produkt som kombinerer praktisk, moderne design og et sterkt merkevarealternativ. Den er ideell for bedrifter som \u00f8nsker \u00e5 gi ansatte, kunder eller samarbeidspartnere en funksjonell gave som b\u00e5de brukes i hverdagen og sender et tydelig signal om kvalitet og omtanke. <\/p>\n<p>[bambus] [bomuld]<\/p>\n","protected":false},"excerpt":{"rendered":"<p>Klimavennlig bomullssnor med bambusdetalj og smarttelefontilbeh\u00f8r med eller uten logotrykk Denne milj\u00f8vennlige snoren er designet med fokus p\u00e5 b\u00e5de funksjonalitet og naturlige materialer. Den er laget av slitesterk bomull og utstyrt med et bambustilbeh\u00f8r som gj\u00f8r det mulig \u00e5 merke med logo eller budskap. Kombinasjonen av bomull og bambus gj\u00f8r produktet b\u00e5de slitesterkt og behagelig [&hellip;]<\/p>\n","protected":false},"featured_media":127809,"comment_status":"closed","ping_status":"closed","template":"","meta":{"_acf_changed":false},"product_cat":[3199,2657,3675],"product_tag":[3678,3680],"class_list":{"0":"post-127726","1":"product","2":"type-product","3":"status-publish","4":"has-post-thumbnail","6":"product_cat-dummy-moq-1-no","7":"product_cat-nyheter","8":"product_cat-tastehengere-og-navnelapper","9":"product_tag-keyhanger-no","10":"product_tag-lanyard","11":"tm-has-options","13":"first","14":"instock","15":"taxable","16":"shipping-taxable","17":"purchasable","18":"product-type-variable","19":"has-default-attributes"},"acf":[],"yoast_head":"<!-- This site is optimized with the Yoast SEO Premium plugin v21.2 (Yoast SEO v21.2) - https:\/\/yoast.com\/wordpress\/plugins\/seo\/ -->\n<title>Klimavennlig snor i kork og bambus<\/title>\n<meta name=\"description\" content=\"Klimavennlig bomullssnor med bambusdetalj og smarttelefonholder. Slitesterk snor med logotrykk eller graveringsalternativ.\" \/>\n<meta name=\"robots\" content=\"index, follow, max-snippet:-1, max-image-preview:large, max-video-preview:-1\" \/>\n<link rel=\"canonical\" href=\"https:\/\/grontkontor.dk\/no\/shop\/klimavenlig-keyhanger-med-telefonholder\/\" \/>\n<meta property=\"og:locale\" content=\"en_US\" \/>\n<meta property=\"og:type\" content=\"article\" \/>\n<meta property=\"og:title\" content=\"Klimavennlig snor med telefonholder\" \/>\n<meta property=\"og:description\" content=\"Klimavennlig bomullssnor med bambusdetalj og smarttelefonholder. Slitesterk snor med logotrykk eller graveringsalternativ.\" \/>\n<meta property=\"og:url\" content=\"https:\/\/grontkontor.dk\/no\/shop\/klimavenlig-keyhanger-med-telefonholder\/\" \/>\n<meta property=\"og:site_name\" content=\"Gr\u00f8nt Kontor\" \/>\n<meta property=\"article:publisher\" content=\"https:\/\/www.facebook.com\/grontkontor.dk\/\" \/>\n<meta property=\"article:modified_time\" content=\"2025-09-19T18:22:09+00:00\" \/>\n<meta property=\"og:image\" content=\"https:\/\/grontkontor.dk\/wp-content\/uploads\/2025\/09\/Klimavenlig-noeglesnor-bomuld-bambus-collage.jpg\" \/>\n\t<meta property=\"og:image:width\" content=\"1743\" \/>\n\t<meta property=\"og:image:height\" content=\"1237\" \/>\n\t<meta property=\"og:image:type\" content=\"image\/jpeg\" \/>\n<meta name=\"twitter:card\" content=\"summary_large_image\" \/>\n<meta name=\"twitter:label1\" content=\"Est. reading time\" \/>\n\t<meta name=\"twitter:data1\" content=\"1 minute\" \/>\n<script type=\"application\/ld+json\" class=\"yoast-schema-graph\">{\"@context\":\"https:\/\/schema.org\",\"@graph\":[{\"@type\":\"WebPage\",\"@id\":\"https:\/\/grontkontor.dk\/no\/shop\/klimavenlig-keyhanger-med-telefonholder\/\",\"url\":\"https:\/\/grontkontor.dk\/no\/shop\/klimavenlig-keyhanger-med-telefonholder\/\",\"name\":\"Klimavennlig snor i kork og bambus\",\"isPartOf\":{\"@id\":\"https:\/\/grontkontor.dk\/#website\"},\"datePublished\":\"2025-09-01T06:35:21+00:00\",\"dateModified\":\"2025-09-19T18:22:09+00:00\",\"description\":\"Klimavennlig bomullssnor med bambusdetalj og smarttelefonholder. Slitesterk snor med logotrykk eller graveringsalternativ.\",\"breadcrumb\":{\"@id\":\"https:\/\/grontkontor.dk\/no\/shop\/klimavenlig-keyhanger-med-telefonholder\/#breadcrumb\"},\"inLanguage\":\"no-NO\",\"potentialAction\":[{\"@type\":\"ReadAction\",\"target\":[\"https:\/\/grontkontor.dk\/no\/shop\/klimavenlig-keyhanger-med-telefonholder\/\"]}]},{\"@type\":\"BreadcrumbList\",\"@id\":\"https:\/\/grontkontor.dk\/no\/shop\/klimavenlig-keyhanger-med-telefonholder\/#breadcrumb\",\"itemListElement\":[{\"@type\":\"ListItem\",\"position\":1,\"name\":\"Forside\",\"item\":\"https:\/\/grontkontor.dk\/\"},{\"@type\":\"ListItem\",\"position\":2,\"name\":\"Butikk\",\"item\":\"https:\/\/grontkontor.dk\/no\/butikk-2\/\"},{\"@type\":\"ListItem\",\"position\":3,\"name\":\"Messe og event\",\"item\":\"https:\/\/grontkontor.dk\/produkt-kategori\/messe-og-event\/\"},{\"@type\":\"ListItem\",\"position\":4,\"name\":\"Keyhangers og navneskilte\",\"item\":\"https:\/\/grontkontor.dk\/produkt-kategori\/messe-og-event\/keyhangers-og-navneskilte\/\"},{\"@type\":\"ListItem\",\"position\":5,\"name\":\"Klimavennlig snor med telefonholder\"}]},{\"@type\":\"WebSite\",\"@id\":\"https:\/\/grontkontor.dk\/#website\",\"url\":\"https:\/\/grontkontor.dk\/\",\"name\":\"Gr\u00f8nt Kontor\",\"description\":\"Milj\u00f8venlige produkter til kontor og erhverv med fokus p\u00e5 b\u00e6redygtighed, design og fair trade.\",\"publisher\":{\"@id\":\"https:\/\/grontkontor.dk\/#organization\"},\"potentialAction\":[{\"@type\":\"SearchAction\",\"target\":{\"@type\":\"EntryPoint\",\"urlTemplate\":\"https:\/\/grontkontor.dk\/?s={search_term_string}\"},\"query-input\":\"required name=search_term_string\"}],\"inLanguage\":\"no-NO\"},{\"@type\":\"Organization\",\"@id\":\"https:\/\/grontkontor.dk\/#organization\",\"name\":\"Gr\u00f8nt Kontor\",\"url\":\"https:\/\/grontkontor.dk\/\",\"logo\":{\"@type\":\"ImageObject\",\"inLanguage\":\"no-NO\",\"@id\":\"https:\/\/grontkontor.dk\/#\/schema\/logo\/image\/\",\"url\":\"https:\/\/grontkontor.dk\/wp-content\/uploads\/2014\/02\/Logo_groent_kontor_300x80.png\",\"contentUrl\":\"https:\/\/grontkontor.dk\/wp-content\/uploads\/2014\/02\/Logo_groent_kontor_300x80.png\",\"width\":300,\"height\":80,\"caption\":\"Gr\u00f8nt Kontor\"},\"image\":{\"@id\":\"https:\/\/grontkontor.dk\/#\/schema\/logo\/image\/\"},\"sameAs\":[\"https:\/\/www.facebook.com\/grontkontor.dk\/\"]}]}<\/script>\n<!-- \/ Yoast SEO Premium plugin. -->","yoast_head_json":{"title":"Klimavennlig snor i kork og bambus","description":"Klimavennlig bomullssnor med bambusdetalj og smarttelefonholder. Slitesterk snor med logotrykk eller graveringsalternativ.","robots":{"index":"index","follow":"follow","max-snippet":"max-snippet:-1","max-image-preview":"max-image-preview:large","max-video-preview":"max-video-preview:-1"},"canonical":"https:\/\/grontkontor.dk\/no\/shop\/klimavenlig-keyhanger-med-telefonholder\/","og_locale":"en_US","og_type":"article","og_title":"Klimavennlig snor med telefonholder","og_description":"Klimavennlig bomullssnor med bambusdetalj og smarttelefonholder. Slitesterk snor med logotrykk eller graveringsalternativ.","og_url":"https:\/\/grontkontor.dk\/no\/shop\/klimavenlig-keyhanger-med-telefonholder\/","og_site_name":"Gr\u00f8nt Kontor","article_publisher":"https:\/\/www.facebook.com\/grontkontor.dk\/","article_modified_time":"2025-09-19T18:22:09+00:00","og_image":[{"width":1743,"height":1237,"url":"https:\/\/grontkontor.dk\/wp-content\/uploads\/2025\/09\/Klimavenlig-noeglesnor-bomuld-bambus-collage.jpg","type":"image\/jpeg"}],"twitter_card":"summary_large_image","twitter_misc":{"Est. reading time":"1 minute"},"schema":{"@context":"https:\/\/schema.org","@graph":[{"@type":"WebPage","@id":"https:\/\/grontkontor.dk\/no\/shop\/klimavenlig-keyhanger-med-telefonholder\/","url":"https:\/\/grontkontor.dk\/no\/shop\/klimavenlig-keyhanger-med-telefonholder\/","name":"Klimavennlig snor i kork og bambus","isPartOf":{"@id":"https:\/\/grontkontor.dk\/#website"},"datePublished":"2025-09-01T06:35:21+00:00","dateModified":"2025-09-19T18:22:09+00:00","description":"Klimavennlig bomullssnor med bambusdetalj og smarttelefonholder. Slitesterk snor med logotrykk eller graveringsalternativ.","breadcrumb":{"@id":"https:\/\/grontkontor.dk\/no\/shop\/klimavenlig-keyhanger-med-telefonholder\/#breadcrumb"},"inLanguage":"no-NO","potentialAction":[{"@type":"ReadAction","target":["https:\/\/grontkontor.dk\/no\/shop\/klimavenlig-keyhanger-med-telefonholder\/"]}]},{"@type":"BreadcrumbList","@id":"https:\/\/grontkontor.dk\/no\/shop\/klimavenlig-keyhanger-med-telefonholder\/#breadcrumb","itemListElement":[{"@type":"ListItem","position":1,"name":"Forside","item":"https:\/\/grontkontor.dk\/"},{"@type":"ListItem","position":2,"name":"Butikk","item":"https:\/\/grontkontor.dk\/no\/butikk-2\/"},{"@type":"ListItem","position":3,"name":"Messe og event","item":"https:\/\/grontkontor.dk\/produkt-kategori\/messe-og-event\/"},{"@type":"ListItem","position":4,"name":"Keyhangers og navneskilte","item":"https:\/\/grontkontor.dk\/produkt-kategori\/messe-og-event\/keyhangers-og-navneskilte\/"},{"@type":"ListItem","position":5,"name":"Klimavennlig snor med telefonholder"}]},{"@type":"WebSite","@id":"https:\/\/grontkontor.dk\/#website","url":"https:\/\/grontkontor.dk\/","name":"Gr\u00f8nt Kontor","description":"Milj\u00f8venlige produkter til kontor og erhverv med fokus p\u00e5 b\u00e6redygtighed, design og fair trade.","publisher":{"@id":"https:\/\/grontkontor.dk\/#organization"},"potentialAction":[{"@type":"SearchAction","target":{"@type":"EntryPoint","urlTemplate":"https:\/\/grontkontor.dk\/?s={search_term_string}"},"query-input":"required name=search_term_string"}],"inLanguage":"no-NO"},{"@type":"Organization","@id":"https:\/\/grontkontor.dk\/#organization","name":"Gr\u00f8nt Kontor","url":"https:\/\/grontkontor.dk\/","logo":{"@type":"ImageObject","inLanguage":"no-NO","@id":"https:\/\/grontkontor.dk\/#\/schema\/logo\/image\/","url":"https:\/\/grontkontor.dk\/wp-content\/uploads\/2014\/02\/Logo_groent_kontor_300x80.png","contentUrl":"https:\/\/grontkontor.dk\/wp-content\/uploads\/2014\/02\/Logo_groent_kontor_300x80.png","width":300,"height":80,"caption":"Gr\u00f8nt Kontor"},"image":{"@id":"https:\/\/grontkontor.dk\/#\/schema\/logo\/image\/"},"sameAs":["https:\/\/www.facebook.com\/grontkontor.dk\/"]}]}},"_links":{"self":[{"href":"https:\/\/grontkontor.dk\/no\/wp-json\/wp\/v2\/product\/127726"}],"collection":[{"href":"https:\/\/grontkontor.dk\/no\/wp-json\/wp\/v2\/product"}],"about":[{"href":"https:\/\/grontkontor.dk\/no\/wp-json\/wp\/v2\/types\/product"}],"replies":[{"embeddable":true,"href":"https:\/\/grontkontor.dk\/no\/wp-json\/wp\/v2\/comments?post=127726"}],"wp:featuredmedia":[{"embeddable":true,"href":"https:\/\/grontkontor.dk\/no\/wp-json\/wp\/v2\/media\/127809"}],"wp:attachment":[{"href":"https:\/\/grontkontor.dk\/no\/wp-json\/wp\/v2\/media?parent=127726"}],"wp:term":[{"taxonomy":"product_cat","embeddable":true,"href":"https:\/\/grontkontor.dk\/no\/wp-json\/wp\/v2\/product_cat?post=127726"},{"taxonomy":"product_tag","embeddable":true,"href":"https:\/\/grontkontor.dk\/no\/wp-json\/wp\/v2\/product_tag?post=127726"}],"curies":[{"name":"wp","href":"https:\/\/api.w.org\/{rel}","templated":true}]}}