{"id":127865,"date":"2025-09-02T14:37:58","date_gmt":"2025-09-02T12:38:01","guid":{"rendered":"https:\/\/grontkontor.dk\/?post_type=product&#038;p=127865"},"modified":"2025-09-19T20:22:12","modified_gmt":"2025-09-19T18:22:12","slug":"miljoevenlig-noeglesnor-med-tryk","status":"publish","type":"product","link":"https:\/\/grontkontor.dk\/no\/shop\/miljoevenlig-noeglesnor-med-tryk\/","title":{"rendered":"Klimavennlig keyhanger maisstivelse med trykk"},"content":{"rendered":"<p data-start=\"174\" data-end=\"229\">Milj\u00f8vennlig snor med trykk i 1 farge inkludert i prisen. Denne klimavennlige snoren er laget av maisstivelse, et naturlig og milj\u00f8vennlig materiale som gir et moderne alternativ til tradisjonelle plastsnorer. Med en lengde p\u00e5 ca. 90 cm og en solid metallkarabinkrok (eller en annen krok etter eget valg) f\u00e5r du en funksjonell snor som kan brukes til ID-kort, adgangskort, n\u00f8kler eller som giveaway til arrangementer og messer. Kan tilpasses nesten alle behov; kan lages i alle PMS-farger, med ID-kort, ulike kroker og klips eller med en uttrekkbar stropp.   <\/p>\n<p data-start=\"174\" data-end=\"229\">F\u00f8lgende kroker\/klips kan kj\u00f8pes: oval krok, svart oval krok, j-krok, klemme, mobilholder og uttrekkbar ID-kortholder i svart eller hvilken som helst farge. I tillegg kan du velge mellom v\u00e5re milj\u00f8vennlige ID-kortlommer, som ogs\u00e5 kan suppleres med trykk. <\/p>\n<p data-start=\"174\" data-end=\"229\"><strong>NOTAT. <\/strong>Selges som standard uten sikkerhetsklips, som kan kj\u00f8pes i svart eller beige plast laget av suger\u00f8r eller vanlig plast i en farge du \u00f8nsker.<\/p>\n<p data-start=\"628\" data-end=\"1035\">Prisen inkluderer silketrykk i 1 farge p\u00e5 den ene siden av snoren, men det er mange muligheter for ytterligere tilpasning. Du kan velge trykk p\u00e5 begge sider og oppgradere til trykk i opptil 4 farger slik at designet samsvarer n\u00f8yaktig med din bedriftsprofil. Snoren kan ogs\u00e5 bestilles i en tilpasset farge i henhold til din PMS-fargekode, noe som gir deg full kontroll over det visuelle uttrykket.  <\/p>\n<p data-start=\"1037\" data-end=\"1529\">For \u00e5 tilpasse snoren ytterligere kan du velge mellom forskjellige bredder: 10 mm, 15 mm, 20 mm eller 25 mm. Dette gj\u00f8r det mulig \u00e5 finne den perfekte balansen mellom synlighet og komfort. I tillegg tilbyr vi et utvalg av forskjellige kroker og klips, slik at snoren kan tilpasses form\u00e5let. For ekstra funksjonalitet kan den ogs\u00e5 leveres med en ID-kortholder, noe som gj\u00f8r den ideell for konferanser, kontorer og arrangementer der adgangskort m\u00e5 b\u00e6res synlig.   <\/p>\n<p data-start=\"1531\" data-end=\"1864\">Med en milj\u00f8vennlig maisstivelsessnor f\u00e5r du et produkt som er b\u00e5de praktisk, klimavennlig og egnet for merkevarebygging. Kombinasjonen av naturlig materiale, fleksible tilpasningsmuligheter og tydelig logoeksponering gj\u00f8r det til et opplagt valg for bedrifter som \u00f8nsker et profesjonelt og funksjonelt reklameprodukt. <\/p>\n","protected":false},"excerpt":{"rendered":"<p>Milj\u00f8vennlig snor med trykk i 1 farge inkludert i prisen. Denne klimavennlige snoren er laget av maisstivelse, et naturlig og milj\u00f8vennlig materiale som gir et moderne alternativ til tradisjonelle plastsnorer. Med en lengde p\u00e5 ca. 90 cm og en solid metallkarabinkrok (eller en annen krok etter eget valg) f\u00e5r du en funksjonell snor som kan [&hellip;]<\/p>\n","protected":false},"featured_media":128035,"comment_status":"closed","ping_status":"closed","template":"","meta":{"_acf_changed":false},"product_cat":[2657,3675,4766],"product_tag":[3678,3680],"class_list":{"0":"post-127865","1":"product","2":"type-product","3":"status-publish","4":"has-post-thumbnail","6":"product_cat-nyheter","7":"product_cat-tastehengere-og-navnelapper","8":"product_cat-dummy-mido-keyhangers-no","9":"product_tag-keyhanger-no","10":"product_tag-lanyard","11":"tm-has-options","13":"first","14":"instock","15":"taxable","16":"shipping-taxable","17":"purchasable","18":"product-type-variable"},"acf":[],"yoast_head":"<!-- This site is optimized with the Yoast SEO Premium plugin v21.2 (Yoast SEO v21.2) - https:\/\/yoast.com\/wordpress\/plugins\/seo\/ -->\n<title>Milj\u00f8vennlig tilpasset snor<\/title>\n<meta name=\"description\" content=\"Milj\u00f8vennlig snor laget av mais med trykk. Tilgjengelig i flere bredder og PMS-farger med logotrykk eller broderi. Perfekt for arrangementer og ID-kort\" \/>\n<meta name=\"robots\" content=\"index, follow, max-snippet:-1, max-image-preview:large, max-video-preview:-1\" \/>\n<link rel=\"canonical\" href=\"https:\/\/grontkontor.dk\/no\/shop\/miljoevenlig-noeglesnor-med-tryk\/\" \/>\n<meta property=\"og:locale\" content=\"en_US\" \/>\n<meta property=\"og:type\" content=\"article\" \/>\n<meta property=\"og:title\" content=\"Klimavennlig keyhanger maisstivelse med trykk\" \/>\n<meta property=\"og:description\" content=\"Milj\u00f8vennlig snor laget av mais med trykk. Tilgjengelig i flere bredder og PMS-farger med logotrykk eller broderi. Perfekt for arrangementer og ID-kort\" \/>\n<meta property=\"og:url\" content=\"https:\/\/grontkontor.dk\/no\/shop\/miljoevenlig-noeglesnor-med-tryk\/\" \/>\n<meta property=\"og:site_name\" content=\"Gr\u00f8nt Kontor\" \/>\n<meta property=\"article:publisher\" content=\"https:\/\/www.facebook.com\/grontkontor.dk\/\" \/>\n<meta property=\"article:modified_time\" content=\"2025-09-19T18:22:12+00:00\" \/>\n<meta property=\"og:image\" content=\"https:\/\/grontkontor.dk\/wp-content\/uploads\/2025\/09\/Miljoevenlig-noeglesnor-i-majsstivelse-med-tryk-1.jpg\" \/>\n\t<meta property=\"og:image:width\" content=\"900\" \/>\n\t<meta property=\"og:image:height\" content=\"639\" \/>\n\t<meta property=\"og:image:type\" content=\"image\/jpeg\" \/>\n<meta name=\"twitter:card\" content=\"summary_large_image\" \/>\n<meta name=\"twitter:label1\" content=\"Est. reading time\" \/>\n\t<meta name=\"twitter:data1\" content=\"1 minute\" \/>\n<script type=\"application\/ld+json\" class=\"yoast-schema-graph\">{\"@context\":\"https:\/\/schema.org\",\"@graph\":[{\"@type\":\"WebPage\",\"@id\":\"https:\/\/grontkontor.dk\/no\/shop\/miljoevenlig-noeglesnor-med-tryk\/\",\"url\":\"https:\/\/grontkontor.dk\/no\/shop\/miljoevenlig-noeglesnor-med-tryk\/\",\"name\":\"Milj\u00f8vennlig tilpasset snor\",\"isPartOf\":{\"@id\":\"https:\/\/grontkontor.dk\/#website\"},\"datePublished\":\"2025-09-02T12:38:01+00:00\",\"dateModified\":\"2025-09-19T18:22:12+00:00\",\"description\":\"Milj\u00f8vennlig snor laget av mais med trykk. Tilgjengelig i flere bredder og PMS-farger med logotrykk eller broderi. Perfekt for arrangementer og ID-kort\",\"breadcrumb\":{\"@id\":\"https:\/\/grontkontor.dk\/no\/shop\/miljoevenlig-noeglesnor-med-tryk\/#breadcrumb\"},\"inLanguage\":\"no-NO\",\"potentialAction\":[{\"@type\":\"ReadAction\",\"target\":[\"https:\/\/grontkontor.dk\/no\/shop\/miljoevenlig-noeglesnor-med-tryk\/\"]}]},{\"@type\":\"BreadcrumbList\",\"@id\":\"https:\/\/grontkontor.dk\/no\/shop\/miljoevenlig-noeglesnor-med-tryk\/#breadcrumb\",\"itemListElement\":[{\"@type\":\"ListItem\",\"position\":1,\"name\":\"Forside\",\"item\":\"https:\/\/grontkontor.dk\/\"},{\"@type\":\"ListItem\",\"position\":2,\"name\":\"Butikk\",\"item\":\"https:\/\/grontkontor.dk\/no\/butikk-2\/\"},{\"@type\":\"ListItem\",\"position\":3,\"name\":\"Messe og event\",\"item\":\"https:\/\/grontkontor.dk\/produkt-kategori\/messe-og-event\/\"},{\"@type\":\"ListItem\",\"position\":4,\"name\":\"Keyhangers og navneskilte\",\"item\":\"https:\/\/grontkontor.dk\/produkt-kategori\/messe-og-event\/keyhangers-og-navneskilte\/\"},{\"@type\":\"ListItem\",\"position\":5,\"name\":\"Klimavennlig keyhanger maisstivelse med trykk\"}]},{\"@type\":\"WebSite\",\"@id\":\"https:\/\/grontkontor.dk\/#website\",\"url\":\"https:\/\/grontkontor.dk\/\",\"name\":\"Gr\u00f8nt Kontor\",\"description\":\"Milj\u00f8venlige produkter til kontor og erhverv med fokus p\u00e5 b\u00e6redygtighed, design og fair trade.\",\"publisher\":{\"@id\":\"https:\/\/grontkontor.dk\/#organization\"},\"potentialAction\":[{\"@type\":\"SearchAction\",\"target\":{\"@type\":\"EntryPoint\",\"urlTemplate\":\"https:\/\/grontkontor.dk\/?s={search_term_string}\"},\"query-input\":\"required name=search_term_string\"}],\"inLanguage\":\"no-NO\"},{\"@type\":\"Organization\",\"@id\":\"https:\/\/grontkontor.dk\/#organization\",\"name\":\"Gr\u00f8nt Kontor\",\"url\":\"https:\/\/grontkontor.dk\/\",\"logo\":{\"@type\":\"ImageObject\",\"inLanguage\":\"no-NO\",\"@id\":\"https:\/\/grontkontor.dk\/#\/schema\/logo\/image\/\",\"url\":\"https:\/\/grontkontor.dk\/wp-content\/uploads\/2014\/02\/Logo_groent_kontor_300x80.png\",\"contentUrl\":\"https:\/\/grontkontor.dk\/wp-content\/uploads\/2014\/02\/Logo_groent_kontor_300x80.png\",\"width\":300,\"height\":80,\"caption\":\"Gr\u00f8nt Kontor\"},\"image\":{\"@id\":\"https:\/\/grontkontor.dk\/#\/schema\/logo\/image\/\"},\"sameAs\":[\"https:\/\/www.facebook.com\/grontkontor.dk\/\"]}]}<\/script>\n<!-- \/ Yoast SEO Premium plugin. -->","yoast_head_json":{"title":"Milj\u00f8vennlig tilpasset snor","description":"Milj\u00f8vennlig snor laget av mais med trykk. Tilgjengelig i flere bredder og PMS-farger med logotrykk eller broderi. Perfekt for arrangementer og ID-kort","robots":{"index":"index","follow":"follow","max-snippet":"max-snippet:-1","max-image-preview":"max-image-preview:large","max-video-preview":"max-video-preview:-1"},"canonical":"https:\/\/grontkontor.dk\/no\/shop\/miljoevenlig-noeglesnor-med-tryk\/","og_locale":"en_US","og_type":"article","og_title":"Klimavennlig keyhanger maisstivelse med trykk","og_description":"Milj\u00f8vennlig snor laget av mais med trykk. Tilgjengelig i flere bredder og PMS-farger med logotrykk eller broderi. Perfekt for arrangementer og ID-kort","og_url":"https:\/\/grontkontor.dk\/no\/shop\/miljoevenlig-noeglesnor-med-tryk\/","og_site_name":"Gr\u00f8nt Kontor","article_publisher":"https:\/\/www.facebook.com\/grontkontor.dk\/","article_modified_time":"2025-09-19T18:22:12+00:00","og_image":[{"width":900,"height":639,"url":"https:\/\/grontkontor.dk\/wp-content\/uploads\/2025\/09\/Miljoevenlig-noeglesnor-i-majsstivelse-med-tryk-1.jpg","type":"image\/jpeg"}],"twitter_card":"summary_large_image","twitter_misc":{"Est. reading time":"1 minute"},"schema":{"@context":"https:\/\/schema.org","@graph":[{"@type":"WebPage","@id":"https:\/\/grontkontor.dk\/no\/shop\/miljoevenlig-noeglesnor-med-tryk\/","url":"https:\/\/grontkontor.dk\/no\/shop\/miljoevenlig-noeglesnor-med-tryk\/","name":"Milj\u00f8vennlig tilpasset snor","isPartOf":{"@id":"https:\/\/grontkontor.dk\/#website"},"datePublished":"2025-09-02T12:38:01+00:00","dateModified":"2025-09-19T18:22:12+00:00","description":"Milj\u00f8vennlig snor laget av mais med trykk. Tilgjengelig i flere bredder og PMS-farger med logotrykk eller broderi. Perfekt for arrangementer og ID-kort","breadcrumb":{"@id":"https:\/\/grontkontor.dk\/no\/shop\/miljoevenlig-noeglesnor-med-tryk\/#breadcrumb"},"inLanguage":"no-NO","potentialAction":[{"@type":"ReadAction","target":["https:\/\/grontkontor.dk\/no\/shop\/miljoevenlig-noeglesnor-med-tryk\/"]}]},{"@type":"BreadcrumbList","@id":"https:\/\/grontkontor.dk\/no\/shop\/miljoevenlig-noeglesnor-med-tryk\/#breadcrumb","itemListElement":[{"@type":"ListItem","position":1,"name":"Forside","item":"https:\/\/grontkontor.dk\/"},{"@type":"ListItem","position":2,"name":"Butikk","item":"https:\/\/grontkontor.dk\/no\/butikk-2\/"},{"@type":"ListItem","position":3,"name":"Messe og event","item":"https:\/\/grontkontor.dk\/produkt-kategori\/messe-og-event\/"},{"@type":"ListItem","position":4,"name":"Keyhangers og navneskilte","item":"https:\/\/grontkontor.dk\/produkt-kategori\/messe-og-event\/keyhangers-og-navneskilte\/"},{"@type":"ListItem","position":5,"name":"Klimavennlig keyhanger maisstivelse med trykk"}]},{"@type":"WebSite","@id":"https:\/\/grontkontor.dk\/#website","url":"https:\/\/grontkontor.dk\/","name":"Gr\u00f8nt Kontor","description":"Milj\u00f8venlige produkter til kontor og erhverv med fokus p\u00e5 b\u00e6redygtighed, design og fair trade.","publisher":{"@id":"https:\/\/grontkontor.dk\/#organization"},"potentialAction":[{"@type":"SearchAction","target":{"@type":"EntryPoint","urlTemplate":"https:\/\/grontkontor.dk\/?s={search_term_string}"},"query-input":"required name=search_term_string"}],"inLanguage":"no-NO"},{"@type":"Organization","@id":"https:\/\/grontkontor.dk\/#organization","name":"Gr\u00f8nt Kontor","url":"https:\/\/grontkontor.dk\/","logo":{"@type":"ImageObject","inLanguage":"no-NO","@id":"https:\/\/grontkontor.dk\/#\/schema\/logo\/image\/","url":"https:\/\/grontkontor.dk\/wp-content\/uploads\/2014\/02\/Logo_groent_kontor_300x80.png","contentUrl":"https:\/\/grontkontor.dk\/wp-content\/uploads\/2014\/02\/Logo_groent_kontor_300x80.png","width":300,"height":80,"caption":"Gr\u00f8nt Kontor"},"image":{"@id":"https:\/\/grontkontor.dk\/#\/schema\/logo\/image\/"},"sameAs":["https:\/\/www.facebook.com\/grontkontor.dk\/"]}]}},"_links":{"self":[{"href":"https:\/\/grontkontor.dk\/no\/wp-json\/wp\/v2\/product\/127865"}],"collection":[{"href":"https:\/\/grontkontor.dk\/no\/wp-json\/wp\/v2\/product"}],"about":[{"href":"https:\/\/grontkontor.dk\/no\/wp-json\/wp\/v2\/types\/product"}],"replies":[{"embeddable":true,"href":"https:\/\/grontkontor.dk\/no\/wp-json\/wp\/v2\/comments?post=127865"}],"wp:featuredmedia":[{"embeddable":true,"href":"https:\/\/grontkontor.dk\/no\/wp-json\/wp\/v2\/media\/128035"}],"wp:attachment":[{"href":"https:\/\/grontkontor.dk\/no\/wp-json\/wp\/v2\/media?parent=127865"}],"wp:term":[{"taxonomy":"product_cat","embeddable":true,"href":"https:\/\/grontkontor.dk\/no\/wp-json\/wp\/v2\/product_cat?post=127865"},{"taxonomy":"product_tag","embeddable":true,"href":"https:\/\/grontkontor.dk\/no\/wp-json\/wp\/v2\/product_tag?post=127865"}],"curies":[{"name":"wp","href":"https:\/\/api.w.org\/{rel}","templated":true}]}}